{"id":21748,"date":"2026-05-06T22:45:46","date_gmt":"2026-05-06T20:45:46","guid":{"rendered":"https:\/\/webknjizara.hr\/?post_type=product&#038;p=21748"},"modified":"2026-05-07T13:27:02","modified_gmt":"2026-05-07T11:27:02","slug":"ultras-bijelo-ili-zeleno-mario-rubic","status":"publish","type":"product","link":"https:\/\/webknjizara.hr\/en\/proizvod\/ultras-bijelo-ili-zeleno-mario-rubic\/","title":{"rendered":"ULTRAS Bijelo ili zeleno, Mario Rubi\u0107"},"content":{"rendered":"<p>Nekoliko dana prije utakmice Lige prvaka izme\u0111u PSG-a i Benfice, izazvani francuskim navija\u010dima, desetak mladi\u0107a iz Splita odlazi na gostovanje kako bi podr\u017eali portugalski tim i navija\u010de. Putem se nitko ne izdvaja, ali s dolaskom u Pariz stvari se po\u010dinju komplicirati: napetosti rastu, ulice su sve opasnije, a skupina se na\u0111e u sredi\u0161tu doga\u0111aja koji \u0107e im u potpunosti promijeniti planove. Kroz cijeli roman vode se rasprave o svijetu, tipu i smislu \u017eivota, a progovara se o raznim problemima vezanim za dru\u0161tvo i novije generacije koje predstavljaju budu\u0107nost.<\/p>\n<p><strong>Bilje\u0161ka o autoru:<\/strong> Mario Rubi\u0107, dvadesetjednogodi\u0161nji splitski romanopisac, ovim je djelom po prvi puta stupio na knji\u017eevnu scenu. Nakon osnovne \u0161kole na Su\u0107idru, zavr\u0161io je Tre\u0107u gimnaziju u Splitu, a trenuta\u010dno je student tre\u0107e godine matematike i fizike na Prirodoslovno-matemati\u010dkom fakultetu u Splitu. Po\u010detak njegove knji\u017eevne karijere potaknut je, prema njegovim rije\u010dima, \u017eeljom za opisom tribine i gostovanja, ali i borbom protiv komercijalizacije nogometa, otu\u0111enja igre od navija\u010da te osnovama za koje se bore sve navija\u010dke skupine u svijetu. Drugim rije\u010dima, nastojanjem da se \u201ebalun vrati djeci\u201c.<\/p>\n<p>Kritiziraju\u0107i moderni nogomet kroz dijaloge, pripovijedanje i opisivanje, Rubi\u0107 nastoji \u010ditatelju potpuno objektivno ukazati na problem izgubljenih istinskih vrijednosti u jednoj igri u kojoj su upravo ultrasi oni koji jedini, svojim koreografijama, odlascima na gostovanja te upotrebom pirotehnike, riskiraju sve za svoje ideale.<\/p>\n<p><strong>Klju\u010dne rije\u010di:<\/strong> gostovanje, ultras, split, ultrasi, navijaci, bijelo, zeleno, huligani, casual, nogomet, navijacka skupina, realisticni roman, realizam, pirotehnika, razumijevanje, ideali, Francuska, granica, Alpe, bijelo ili zeleno<\/p>\n<p><strong>Link:<\/strong> <a href=\"https:\/\/www.instagram.com\/ultras_whiteorgreen\/\" target=\"_blank\" rel=\"noopener\">https:\/\/www.instagram.com\/ultras_whiteorgreen\/<\/a><br \/>\n<strong>E-mail:<\/strong> <a href=\"mailto:officialrubinho@gmail.com\">Mario Rubi\u0107<\/a><\/p>\n<p><strong>Naslov:<\/strong> ULTRAS Bijelo ili zeleno<br \/>\n<strong>Autor:<\/strong> Mario Rubi\u0107<br \/>\n<strong>Broj stranica:<\/strong> 324<br \/>\n<strong>Nakladnik:<\/strong> REDAK<br \/>\n<strong>Godina izdanja:<\/strong> 2026.<br \/>\n<strong>ISBN:<\/strong> 978-953-395-138-6<br \/>\n<strong>Tisak:<\/strong> digitalni tisak knjiga &#8211; print na zahtjev<\/p>\n","protected":false},"excerpt":{"rendered":"<p>Nekoliko dana prije utakmice Lige prvaka izme\u0111u PSG-a i Benfice, izazvani francuskim navija\u010dima, desetak mladi\u0107a iz Splita odlazi na gostovanje kako bi podr\u017eali portugalski tim i navija\u010de. Putem se nitko ne izdvaja, ali s dolaskom u Pariz stvari se po\u010dinju komplicirati: napetosti rastu, ulice su sve opasnije, a skupina se na\u0111e u sredi\u0161tu doga\u0111aja koji [&hellip;]<\/p>\n","protected":false},"featured_media":21749,"comment_status":"open","ping_status":"closed","template":"","meta":{"_acf_changed":false},"product_brand":[],"product_cat":[1605],"product_tag":[],"class_list":{"0":"post-21748","1":"product","2":"type-product","3":"status-publish","4":"has-post-thumbnail","6":"product_cat-roman","7":"pa_autor-mario-rubic","8":"pa_nakladnik-redak","10":"first","11":"instock","12":"shipping-taxable","13":"purchasable","14":"product-type-simple"},"acf":[],"yoast_head":"<!-- This site is optimized with the Yoast SEO plugin v27.3 - https:\/\/yoast.com\/product\/yoast-seo-wordpress\/ -->\n<title>ULTRAS Bijelo ili zeleno, Mario Rubi\u0107 - Web-knji\u017eara<\/title>\n<meta name=\"robots\" content=\"index, follow, max-snippet:-1, max-image-preview:large, max-video-preview:-1\" \/>\n<link rel=\"canonical\" href=\"https:\/\/webknjizara.hr\/proizvod\/ultras-bijelo-ili-zeleno-mario-rubic\/\" \/>\n<meta property=\"og:locale\" content=\"en_US\" \/>\n<meta property=\"og:type\" content=\"article\" \/>\n<meta property=\"og:title\" content=\"ULTRAS Bijelo ili zeleno, Mario Rubi\u0107 - Web-knji\u017eara\" \/>\n<meta property=\"og:description\" content=\"Nekoliko dana prije utakmice Lige prvaka izme\u0111u PSG-a i Benfice, izazvani francuskim navija\u010dima, desetak mladi\u0107a iz Splita odlazi na gostovanje kako bi podr\u017eali portugalski tim i navija\u010de. Putem se nitko ne izdvaja, ali s dolaskom u Pariz stvari se po\u010dinju komplicirati: napetosti rastu, ulice su sve opasnije, a skupina se na\u0111e u sredi\u0161tu doga\u0111aja koji [&hellip;]\" \/>\n<meta property=\"og:url\" content=\"https:\/\/webknjizara.hr\/proizvod\/ultras-bijelo-ili-zeleno-mario-rubic\/\" \/>\n<meta property=\"og:site_name\" content=\"Web-knji\u017eara\" \/>\n<meta property=\"article:modified_time\" content=\"2026-05-07T11:27:02+00:00\" \/>\n<meta property=\"og:image\" content=\"https:\/\/webknjizara.hr\/wp-content\/uploads\/2026\/05\/Mario_Rubic_ULTRAS_Bijelo_ili_zeleno_webknjizara_redak_WEB_1799.jpg\" \/>\n\t<meta property=\"og:image:width\" content=\"300\" \/>\n\t<meta property=\"og:image:height\" content=\"419\" \/>\n\t<meta property=\"og:image:type\" content=\"image\/jpeg\" \/>\n<meta name=\"twitter:card\" content=\"summary_large_image\" \/>\n<meta name=\"twitter:label1\" content=\"Est. reading time\" \/>\n\t<meta name=\"twitter:data1\" content=\"2 minutes\" \/>\n<script type=\"application\/ld+json\" class=\"yoast-schema-graph\">{\"@context\":\"https:\\\/\\\/schema.org\",\"@graph\":[{\"@type\":\"WebPage\",\"@id\":\"https:\\\/\\\/webknjizara.hr\\\/proizvod\\\/ultras-bijelo-ili-zeleno-mario-rubic\\\/\",\"url\":\"https:\\\/\\\/webknjizara.hr\\\/proizvod\\\/ultras-bijelo-ili-zeleno-mario-rubic\\\/\",\"name\":\"ULTRAS Bijelo ili zeleno, Mario Rubi\u0107 - Web-knji\u017eara\",\"isPartOf\":{\"@id\":\"https:\\\/\\\/webknjizara.hr\\\/#website\"},\"primaryImageOfPage\":{\"@id\":\"https:\\\/\\\/webknjizara.hr\\\/proizvod\\\/ultras-bijelo-ili-zeleno-mario-rubic\\\/#primaryimage\"},\"image\":{\"@id\":\"https:\\\/\\\/webknjizara.hr\\\/proizvod\\\/ultras-bijelo-ili-zeleno-mario-rubic\\\/#primaryimage\"},\"thumbnailUrl\":\"https:\\\/\\\/webknjizara.hr\\\/wp-content\\\/uploads\\\/2026\\\/05\\\/Mario_Rubic_ULTRAS_Bijelo_ili_zeleno_webknjizara_redak_WEB_1799.jpg\",\"datePublished\":\"2026-05-06T20:45:46+00:00\",\"dateModified\":\"2026-05-07T11:27:02+00:00\",\"breadcrumb\":{\"@id\":\"https:\\\/\\\/webknjizara.hr\\\/proizvod\\\/ultras-bijelo-ili-zeleno-mario-rubic\\\/#breadcrumb\"},\"inLanguage\":\"en-US\",\"potentialAction\":[{\"@type\":\"ReadAction\",\"target\":[\"https:\\\/\\\/webknjizara.hr\\\/proizvod\\\/ultras-bijelo-ili-zeleno-mario-rubic\\\/\"]}]},{\"@type\":\"ImageObject\",\"inLanguage\":\"en-US\",\"@id\":\"https:\\\/\\\/webknjizara.hr\\\/proizvod\\\/ultras-bijelo-ili-zeleno-mario-rubic\\\/#primaryimage\",\"url\":\"https:\\\/\\\/webknjizara.hr\\\/wp-content\\\/uploads\\\/2026\\\/05\\\/Mario_Rubic_ULTRAS_Bijelo_ili_zeleno_webknjizara_redak_WEB_1799.jpg\",\"contentUrl\":\"https:\\\/\\\/webknjizara.hr\\\/wp-content\\\/uploads\\\/2026\\\/05\\\/Mario_Rubic_ULTRAS_Bijelo_ili_zeleno_webknjizara_redak_WEB_1799.jpg\",\"width\":300,\"height\":419,\"caption\":\"ULTRAS BIJELO ILI ZELENO, Mario Rubi\u0107\"},{\"@type\":\"BreadcrumbList\",\"@id\":\"https:\\\/\\\/webknjizara.hr\\\/proizvod\\\/ultras-bijelo-ili-zeleno-mario-rubic\\\/#breadcrumb\",\"itemListElement\":[{\"@type\":\"ListItem\",\"position\":1,\"name\":\"Po\u010detna stranica\",\"item\":\"https:\\\/\\\/webknjizara.hr\\\/en\\\/\"},{\"@type\":\"ListItem\",\"position\":2,\"name\":\"Shop\",\"item\":\"https:\\\/\\\/webknjizara.hr\\\/shop\\\/\"},{\"@type\":\"ListItem\",\"position\":3,\"name\":\"ULTRAS Bijelo ili zeleno, Mario Rubi\u0107\"}]},{\"@type\":\"WebSite\",\"@id\":\"https:\\\/\\\/webknjizara.hr\\\/#website\",\"url\":\"https:\\\/\\\/webknjizara.hr\\\/\",\"name\":\"Web Knji\u017eara\",\"description\":\"\",\"publisher\":{\"@id\":\"https:\\\/\\\/webknjizara.hr\\\/#organization\"},\"potentialAction\":[{\"@type\":\"SearchAction\",\"target\":{\"@type\":\"EntryPoint\",\"urlTemplate\":\"https:\\\/\\\/webknjizara.hr\\\/?s={search_term_string}\"},\"query-input\":{\"@type\":\"PropertyValueSpecification\",\"valueRequired\":true,\"valueName\":\"search_term_string\"}}],\"inLanguage\":\"en-US\"},{\"@type\":\"Organization\",\"@id\":\"https:\\\/\\\/webknjizara.hr\\\/#organization\",\"name\":\"REDAK D.O.O.\",\"url\":\"https:\\\/\\\/webknjizara.hr\\\/\",\"logo\":{\"@type\":\"ImageObject\",\"inLanguage\":\"en-US\",\"@id\":\"https:\\\/\\\/webknjizara.hr\\\/#\\\/schema\\\/logo\\\/image\\\/\",\"url\":\"https:\\\/\\\/webknjizara.hr\\\/wp-content\\\/uploads\\\/2023\\\/01\\\/web-knjizara-logo.webp\",\"contentUrl\":\"https:\\\/\\\/webknjizara.hr\\\/wp-content\\\/uploads\\\/2023\\\/01\\\/web-knjizara-logo.webp\",\"width\":324,\"height\":79,\"caption\":\"REDAK D.O.O.\"},\"image\":{\"@id\":\"https:\\\/\\\/webknjizara.hr\\\/#\\\/schema\\\/logo\\\/image\\\/\"}}]}<\/script>\n<!-- \/ Yoast SEO plugin. -->","yoast_head_json":{"title":"ULTRAS Bijelo ili zeleno, Mario Rubi\u0107 - Web-knji\u017eara","robots":{"index":"index","follow":"follow","max-snippet":"max-snippet:-1","max-image-preview":"max-image-preview:large","max-video-preview":"max-video-preview:-1"},"canonical":"https:\/\/webknjizara.hr\/proizvod\/ultras-bijelo-ili-zeleno-mario-rubic\/","og_locale":"en_US","og_type":"article","og_title":"ULTRAS Bijelo ili zeleno, Mario Rubi\u0107 - Web-knji\u017eara","og_description":"Nekoliko dana prije utakmice Lige prvaka izme\u0111u PSG-a i Benfice, izazvani francuskim navija\u010dima, desetak mladi\u0107a iz Splita odlazi na gostovanje kako bi podr\u017eali portugalski tim i navija\u010de. Putem se nitko ne izdvaja, ali s dolaskom u Pariz stvari se po\u010dinju komplicirati: napetosti rastu, ulice su sve opasnije, a skupina se na\u0111e u sredi\u0161tu doga\u0111aja koji [&hellip;]","og_url":"https:\/\/webknjizara.hr\/proizvod\/ultras-bijelo-ili-zeleno-mario-rubic\/","og_site_name":"Web-knji\u017eara","article_modified_time":"2026-05-07T11:27:02+00:00","og_image":[{"width":300,"height":419,"url":"https:\/\/webknjizara.hr\/wp-content\/uploads\/2026\/05\/Mario_Rubic_ULTRAS_Bijelo_ili_zeleno_webknjizara_redak_WEB_1799.jpg","type":"image\/jpeg"}],"twitter_card":"summary_large_image","twitter_misc":{"Est. reading time":"2 minutes"},"schema":{"@context":"https:\/\/schema.org","@graph":[{"@type":"WebPage","@id":"https:\/\/webknjizara.hr\/proizvod\/ultras-bijelo-ili-zeleno-mario-rubic\/","url":"https:\/\/webknjizara.hr\/proizvod\/ultras-bijelo-ili-zeleno-mario-rubic\/","name":"ULTRAS Bijelo ili zeleno, Mario Rubi\u0107 - Web-knji\u017eara","isPartOf":{"@id":"https:\/\/webknjizara.hr\/#website"},"primaryImageOfPage":{"@id":"https:\/\/webknjizara.hr\/proizvod\/ultras-bijelo-ili-zeleno-mario-rubic\/#primaryimage"},"image":{"@id":"https:\/\/webknjizara.hr\/proizvod\/ultras-bijelo-ili-zeleno-mario-rubic\/#primaryimage"},"thumbnailUrl":"https:\/\/webknjizara.hr\/wp-content\/uploads\/2026\/05\/Mario_Rubic_ULTRAS_Bijelo_ili_zeleno_webknjizara_redak_WEB_1799.jpg","datePublished":"2026-05-06T20:45:46+00:00","dateModified":"2026-05-07T11:27:02+00:00","breadcrumb":{"@id":"https:\/\/webknjizara.hr\/proizvod\/ultras-bijelo-ili-zeleno-mario-rubic\/#breadcrumb"},"inLanguage":"en-US","potentialAction":[{"@type":"ReadAction","target":["https:\/\/webknjizara.hr\/proizvod\/ultras-bijelo-ili-zeleno-mario-rubic\/"]}]},{"@type":"ImageObject","inLanguage":"en-US","@id":"https:\/\/webknjizara.hr\/proizvod\/ultras-bijelo-ili-zeleno-mario-rubic\/#primaryimage","url":"https:\/\/webknjizara.hr\/wp-content\/uploads\/2026\/05\/Mario_Rubic_ULTRAS_Bijelo_ili_zeleno_webknjizara_redak_WEB_1799.jpg","contentUrl":"https:\/\/webknjizara.hr\/wp-content\/uploads\/2026\/05\/Mario_Rubic_ULTRAS_Bijelo_ili_zeleno_webknjizara_redak_WEB_1799.jpg","width":300,"height":419,"caption":"ULTRAS BIJELO ILI ZELENO, Mario Rubi\u0107"},{"@type":"BreadcrumbList","@id":"https:\/\/webknjizara.hr\/proizvod\/ultras-bijelo-ili-zeleno-mario-rubic\/#breadcrumb","itemListElement":[{"@type":"ListItem","position":1,"name":"Po\u010detna stranica","item":"https:\/\/webknjizara.hr\/en\/"},{"@type":"ListItem","position":2,"name":"Shop","item":"https:\/\/webknjizara.hr\/shop\/"},{"@type":"ListItem","position":3,"name":"ULTRAS Bijelo ili zeleno, Mario Rubi\u0107"}]},{"@type":"WebSite","@id":"https:\/\/webknjizara.hr\/#website","url":"https:\/\/webknjizara.hr\/","name":"Web Knji\u017eara","description":"","publisher":{"@id":"https:\/\/webknjizara.hr\/#organization"},"potentialAction":[{"@type":"SearchAction","target":{"@type":"EntryPoint","urlTemplate":"https:\/\/webknjizara.hr\/?s={search_term_string}"},"query-input":{"@type":"PropertyValueSpecification","valueRequired":true,"valueName":"search_term_string"}}],"inLanguage":"en-US"},{"@type":"Organization","@id":"https:\/\/webknjizara.hr\/#organization","name":"REDAK D.O.O.","url":"https:\/\/webknjizara.hr\/","logo":{"@type":"ImageObject","inLanguage":"en-US","@id":"https:\/\/webknjizara.hr\/#\/schema\/logo\/image\/","url":"https:\/\/webknjizara.hr\/wp-content\/uploads\/2023\/01\/web-knjizara-logo.webp","contentUrl":"https:\/\/webknjizara.hr\/wp-content\/uploads\/2023\/01\/web-knjizara-logo.webp","width":324,"height":79,"caption":"REDAK D.O.O."},"image":{"@id":"https:\/\/webknjizara.hr\/#\/schema\/logo\/image\/"}}]}},"_links":{"self":[{"href":"https:\/\/webknjizara.hr\/en\/wp-json\/wp\/v2\/product\/21748","targetHints":{"allow":["GET"]}}],"collection":[{"href":"https:\/\/webknjizara.hr\/en\/wp-json\/wp\/v2\/product"}],"about":[{"href":"https:\/\/webknjizara.hr\/en\/wp-json\/wp\/v2\/types\/product"}],"replies":[{"embeddable":true,"href":"https:\/\/webknjizara.hr\/en\/wp-json\/wp\/v2\/comments?post=21748"}],"wp:featuredmedia":[{"embeddable":true,"href":"https:\/\/webknjizara.hr\/en\/wp-json\/wp\/v2\/media\/21749"}],"wp:attachment":[{"href":"https:\/\/webknjizara.hr\/en\/wp-json\/wp\/v2\/media?parent=21748"}],"wp:term":[{"taxonomy":"product_brand","embeddable":true,"href":"https:\/\/webknjizara.hr\/en\/wp-json\/wp\/v2\/product_brand?post=21748"},{"taxonomy":"product_cat","embeddable":true,"href":"https:\/\/webknjizara.hr\/en\/wp-json\/wp\/v2\/product_cat?post=21748"},{"taxonomy":"product_tag","embeddable":true,"href":"https:\/\/webknjizara.hr\/en\/wp-json\/wp\/v2\/product_tag?post=21748"}],"curies":[{"name":"wp","href":"https:\/\/api.w.org\/{rel}","templated":true}]}}