{"id":21693,"date":"2026-04-23T23:29:29","date_gmt":"2026-04-23T21:29:29","guid":{"rendered":"https:\/\/webknjizara.hr\/?post_type=product&#038;p=21693"},"modified":"2026-04-23T23:35:47","modified_gmt":"2026-04-23T21:35:47","slug":"plavo-oko-arsen-toljanic","status":"publish","type":"product","link":"https:\/\/webknjizara.hr\/en\/proizvod\/plavo-oko-arsen-toljanic\/","title":{"rendered":"PLAVO OKO, Arsen Toljani\u0107"},"content":{"rendered":"<p>Zaplovite morima svijeta, upoznajte ljude, kulture, obi\u010daje raznih predjela kugle zemaljske. Zavirite u svijet pomorstva, pomoraca, njihovih dogodov\u0161tina, zgoda i nezgoda opisanih bez zadr\u0161ke. Nazvanim \u201ckey personnel\u201d svjetske trgovine oni jo\u0161 uvijek brode oceanima unato\u010d sve ja\u010dih ratnih zvona i zona, oluja uzrokovanih klimatskim promjenama. Njima, ja\u010dima od sudbine, ni \u201cEl Nino\u201d, \u201cShahed\u201d dronovi, poga\u0161eni navigacijski sateliti, pirati, teroristi ne mogu ni\u0161ta, jer ih ionako nitko ni\u0161ta ne pita. Koja je veza Pamele Anderson, Mie Khalifa, Picassa, hrvatske pomorske ba\u0161tine, tradicije i gastronomije, trenutne pomorske politike u Hrvata, kao i na\u0161e bra\u0107e Kineza?! Prona\u0111ite kratki vodi\u010d \u201cpre\u017eivljavanja\u201d namijenjen \u017eenama i djevojkama pomoraca. Sve \u0161to ste htjeli znati, a nisu vam znali ili htjeli odgovoriti. Saznajte u ovom putopisnom, publicisti\u010dko-avanturisti\u010dkom djelu, opisanom na samo pomorcima svojstven, humoristi\u010dan na\u010din.<\/p>\n<p><strong>Bilje\u0161ka o autoru:<\/strong> Ro\u0111en 28. svibnja 1976. godine u Rijeci, poha\u0111ao Vi\u0161u pomorsku \u0161kolu Rijeka nakon koje je po\u010deo s plovidbom te karijerom pomorca. Zapovjednik je broda s intencijom da nakon 28 godina uspije u naumu trajnog preseljenja na kopno. Trenutno je u stanju hibernacije, uspje\u0161no se odupire povratku na more s mi\u0161lju kako je kona\u010dno uspio poslo\u017eiti misli o svrsishodnosti \u017eivota na tvrdom. Ali, povremeno ga duhovi pro\u0161losti u snovima prizivaju, tamo gdje je ova pri\u010da zapo\u010dela. Na more.<\/p>\n<p><strong>Klju\u010dne rije\u010di:<\/strong> plavo oko, pomorstvo, brodovi, kina, perzija, santa barbara, \u017eu\u017ei, pamela,<\/p>\n<p><strong>E-mail:<\/strong> <a href=\"mailto:arsen.toljanic976@gmail.com\">Arsen Toljani\u0107<\/a><\/p>\n<p><strong>Naslov:<\/strong> Plavo oko<br \/>\n<strong>Autor:<\/strong> Arsen Toljani\u0107<br \/>\n<strong>Broj stranica:<\/strong> 338<br \/>\n<strong>Nakladnik:<\/strong> REDAK<br \/>\n<strong>Godina izdanja:<\/strong> 2026.<br \/>\n<strong>ISBN:<\/strong> 978-953-395-164-5<br \/>\n<strong>Tisak:<\/strong> digitalni tisak knjiga &#8211; print na zahtjev<\/p>\n","protected":false},"excerpt":{"rendered":"<p>Zaplovite morima svijeta, upoznajte ljude, kulture, obi\u010daje raznih predjela kugle zemaljske. Zavirite u svijet pomorstva, pomoraca, njihovih dogodov\u0161tina, zgoda i nezgoda opisanih bez zadr\u0161ke. Nazvanim \u201ckey personnel\u201d svjetske trgovine oni jo\u0161 uvijek brode oceanima unato\u010d sve ja\u010dih ratnih zvona i zona, oluja uzrokovanih klimatskim promjenama. Njima, ja\u010dima od sudbine, ni \u201cEl Nino\u201d, \u201cShahed\u201d dronovi, poga\u0161eni [&hellip;]<\/p>\n","protected":false},"featured_media":21694,"comment_status":"open","ping_status":"closed","template":"","meta":{"_acf_changed":false},"product_brand":[],"product_cat":[1446],"product_tag":[],"class_list":{"0":"post-21693","1":"product","2":"type-product","3":"status-publish","4":"has-post-thumbnail","6":"product_cat-putopis","7":"pa_autor-arsen-toljanic","8":"pa_nakladnik-redak","10":"first","11":"instock","12":"shipping-taxable","13":"purchasable","14":"product-type-simple"},"acf":[],"yoast_head":"<!-- This site is optimized with the Yoast SEO plugin v27.3 - https:\/\/yoast.com\/product\/yoast-seo-wordpress\/ -->\n<title>PLAVO OKO, Arsen Toljani\u0107 - Web-knji\u017eara<\/title>\n<meta name=\"robots\" content=\"index, follow, max-snippet:-1, max-image-preview:large, max-video-preview:-1\" \/>\n<link rel=\"canonical\" href=\"https:\/\/webknjizara.hr\/proizvod\/plavo-oko-arsen-toljanic\/\" \/>\n<meta property=\"og:locale\" content=\"en_US\" \/>\n<meta property=\"og:type\" content=\"article\" \/>\n<meta property=\"og:title\" content=\"PLAVO OKO, Arsen Toljani\u0107 - Web-knji\u017eara\" \/>\n<meta property=\"og:description\" content=\"Zaplovite morima svijeta, upoznajte ljude, kulture, obi\u010daje raznih predjela kugle zemaljske. Zavirite u svijet pomorstva, pomoraca, njihovih dogodov\u0161tina, zgoda i nezgoda opisanih bez zadr\u0161ke. Nazvanim \u201ckey personnel\u201d svjetske trgovine oni jo\u0161 uvijek brode oceanima unato\u010d sve ja\u010dih ratnih zvona i zona, oluja uzrokovanih klimatskim promjenama. Njima, ja\u010dima od sudbine, ni \u201cEl Nino\u201d, \u201cShahed\u201d dronovi, poga\u0161eni [&hellip;]\" \/>\n<meta property=\"og:url\" content=\"https:\/\/webknjizara.hr\/proizvod\/plavo-oko-arsen-toljanic\/\" \/>\n<meta property=\"og:site_name\" content=\"Web-knji\u017eara\" \/>\n<meta property=\"article:modified_time\" content=\"2026-04-23T21:35:47+00:00\" \/>\n<meta property=\"og:image\" content=\"https:\/\/webknjizara.hr\/wp-content\/uploads\/2026\/04\/Arsen_Toljanic_Plavo_oko_webknjizara_redak_WEB_1847.jpg\" \/>\n\t<meta property=\"og:image:width\" content=\"300\" \/>\n\t<meta property=\"og:image:height\" content=\"419\" \/>\n\t<meta property=\"og:image:type\" content=\"image\/jpeg\" \/>\n<meta name=\"twitter:card\" content=\"summary_large_image\" \/>\n<meta name=\"twitter:label1\" content=\"Est. reading time\" \/>\n\t<meta name=\"twitter:data1\" content=\"2 minutes\" \/>\n<script type=\"application\/ld+json\" class=\"yoast-schema-graph\">{\"@context\":\"https:\\\/\\\/schema.org\",\"@graph\":[{\"@type\":\"WebPage\",\"@id\":\"https:\\\/\\\/webknjizara.hr\\\/proizvod\\\/plavo-oko-arsen-toljanic\\\/\",\"url\":\"https:\\\/\\\/webknjizara.hr\\\/proizvod\\\/plavo-oko-arsen-toljanic\\\/\",\"name\":\"PLAVO OKO, Arsen Toljani\u0107 - Web-knji\u017eara\",\"isPartOf\":{\"@id\":\"https:\\\/\\\/webknjizara.hr\\\/#website\"},\"primaryImageOfPage\":{\"@id\":\"https:\\\/\\\/webknjizara.hr\\\/proizvod\\\/plavo-oko-arsen-toljanic\\\/#primaryimage\"},\"image\":{\"@id\":\"https:\\\/\\\/webknjizara.hr\\\/proizvod\\\/plavo-oko-arsen-toljanic\\\/#primaryimage\"},\"thumbnailUrl\":\"https:\\\/\\\/webknjizara.hr\\\/wp-content\\\/uploads\\\/2026\\\/04\\\/Arsen_Toljanic_Plavo_oko_webknjizara_redak_WEB_1847.jpg\",\"datePublished\":\"2026-04-23T21:29:29+00:00\",\"dateModified\":\"2026-04-23T21:35:47+00:00\",\"breadcrumb\":{\"@id\":\"https:\\\/\\\/webknjizara.hr\\\/proizvod\\\/plavo-oko-arsen-toljanic\\\/#breadcrumb\"},\"inLanguage\":\"en-US\",\"potentialAction\":[{\"@type\":\"ReadAction\",\"target\":[\"https:\\\/\\\/webknjizara.hr\\\/proizvod\\\/plavo-oko-arsen-toljanic\\\/\"]}]},{\"@type\":\"ImageObject\",\"inLanguage\":\"en-US\",\"@id\":\"https:\\\/\\\/webknjizara.hr\\\/proizvod\\\/plavo-oko-arsen-toljanic\\\/#primaryimage\",\"url\":\"https:\\\/\\\/webknjizara.hr\\\/wp-content\\\/uploads\\\/2026\\\/04\\\/Arsen_Toljanic_Plavo_oko_webknjizara_redak_WEB_1847.jpg\",\"contentUrl\":\"https:\\\/\\\/webknjizara.hr\\\/wp-content\\\/uploads\\\/2026\\\/04\\\/Arsen_Toljanic_Plavo_oko_webknjizara_redak_WEB_1847.jpg\",\"width\":300,\"height\":419,\"caption\":\"PLAVO OKO, Arsen Toljani\u0107\"},{\"@type\":\"BreadcrumbList\",\"@id\":\"https:\\\/\\\/webknjizara.hr\\\/proizvod\\\/plavo-oko-arsen-toljanic\\\/#breadcrumb\",\"itemListElement\":[{\"@type\":\"ListItem\",\"position\":1,\"name\":\"Po\u010detna stranica\",\"item\":\"https:\\\/\\\/webknjizara.hr\\\/en\\\/\"},{\"@type\":\"ListItem\",\"position\":2,\"name\":\"Shop\",\"item\":\"https:\\\/\\\/webknjizara.hr\\\/shop\\\/\"},{\"@type\":\"ListItem\",\"position\":3,\"name\":\"PLAVO OKO, Arsen Toljani\u0107\"}]},{\"@type\":\"WebSite\",\"@id\":\"https:\\\/\\\/webknjizara.hr\\\/#website\",\"url\":\"https:\\\/\\\/webknjizara.hr\\\/\",\"name\":\"Web Knji\u017eara\",\"description\":\"\",\"publisher\":{\"@id\":\"https:\\\/\\\/webknjizara.hr\\\/#organization\"},\"potentialAction\":[{\"@type\":\"SearchAction\",\"target\":{\"@type\":\"EntryPoint\",\"urlTemplate\":\"https:\\\/\\\/webknjizara.hr\\\/?s={search_term_string}\"},\"query-input\":{\"@type\":\"PropertyValueSpecification\",\"valueRequired\":true,\"valueName\":\"search_term_string\"}}],\"inLanguage\":\"en-US\"},{\"@type\":\"Organization\",\"@id\":\"https:\\\/\\\/webknjizara.hr\\\/#organization\",\"name\":\"REDAK D.O.O.\",\"url\":\"https:\\\/\\\/webknjizara.hr\\\/\",\"logo\":{\"@type\":\"ImageObject\",\"inLanguage\":\"en-US\",\"@id\":\"https:\\\/\\\/webknjizara.hr\\\/#\\\/schema\\\/logo\\\/image\\\/\",\"url\":\"https:\\\/\\\/webknjizara.hr\\\/wp-content\\\/uploads\\\/2023\\\/01\\\/web-knjizara-logo.webp\",\"contentUrl\":\"https:\\\/\\\/webknjizara.hr\\\/wp-content\\\/uploads\\\/2023\\\/01\\\/web-knjizara-logo.webp\",\"width\":324,\"height\":79,\"caption\":\"REDAK D.O.O.\"},\"image\":{\"@id\":\"https:\\\/\\\/webknjizara.hr\\\/#\\\/schema\\\/logo\\\/image\\\/\"}}]}<\/script>\n<!-- \/ Yoast SEO plugin. -->","yoast_head_json":{"title":"PLAVO OKO, Arsen Toljani\u0107 - Web-knji\u017eara","robots":{"index":"index","follow":"follow","max-snippet":"max-snippet:-1","max-image-preview":"max-image-preview:large","max-video-preview":"max-video-preview:-1"},"canonical":"https:\/\/webknjizara.hr\/proizvod\/plavo-oko-arsen-toljanic\/","og_locale":"en_US","og_type":"article","og_title":"PLAVO OKO, Arsen Toljani\u0107 - Web-knji\u017eara","og_description":"Zaplovite morima svijeta, upoznajte ljude, kulture, obi\u010daje raznih predjela kugle zemaljske. Zavirite u svijet pomorstva, pomoraca, njihovih dogodov\u0161tina, zgoda i nezgoda opisanih bez zadr\u0161ke. Nazvanim \u201ckey personnel\u201d svjetske trgovine oni jo\u0161 uvijek brode oceanima unato\u010d sve ja\u010dih ratnih zvona i zona, oluja uzrokovanih klimatskim promjenama. Njima, ja\u010dima od sudbine, ni \u201cEl Nino\u201d, \u201cShahed\u201d dronovi, poga\u0161eni [&hellip;]","og_url":"https:\/\/webknjizara.hr\/proizvod\/plavo-oko-arsen-toljanic\/","og_site_name":"Web-knji\u017eara","article_modified_time":"2026-04-23T21:35:47+00:00","og_image":[{"width":300,"height":419,"url":"https:\/\/webknjizara.hr\/wp-content\/uploads\/2026\/04\/Arsen_Toljanic_Plavo_oko_webknjizara_redak_WEB_1847.jpg","type":"image\/jpeg"}],"twitter_card":"summary_large_image","twitter_misc":{"Est. reading time":"2 minutes"},"schema":{"@context":"https:\/\/schema.org","@graph":[{"@type":"WebPage","@id":"https:\/\/webknjizara.hr\/proizvod\/plavo-oko-arsen-toljanic\/","url":"https:\/\/webknjizara.hr\/proizvod\/plavo-oko-arsen-toljanic\/","name":"PLAVO OKO, Arsen Toljani\u0107 - Web-knji\u017eara","isPartOf":{"@id":"https:\/\/webknjizara.hr\/#website"},"primaryImageOfPage":{"@id":"https:\/\/webknjizara.hr\/proizvod\/plavo-oko-arsen-toljanic\/#primaryimage"},"image":{"@id":"https:\/\/webknjizara.hr\/proizvod\/plavo-oko-arsen-toljanic\/#primaryimage"},"thumbnailUrl":"https:\/\/webknjizara.hr\/wp-content\/uploads\/2026\/04\/Arsen_Toljanic_Plavo_oko_webknjizara_redak_WEB_1847.jpg","datePublished":"2026-04-23T21:29:29+00:00","dateModified":"2026-04-23T21:35:47+00:00","breadcrumb":{"@id":"https:\/\/webknjizara.hr\/proizvod\/plavo-oko-arsen-toljanic\/#breadcrumb"},"inLanguage":"en-US","potentialAction":[{"@type":"ReadAction","target":["https:\/\/webknjizara.hr\/proizvod\/plavo-oko-arsen-toljanic\/"]}]},{"@type":"ImageObject","inLanguage":"en-US","@id":"https:\/\/webknjizara.hr\/proizvod\/plavo-oko-arsen-toljanic\/#primaryimage","url":"https:\/\/webknjizara.hr\/wp-content\/uploads\/2026\/04\/Arsen_Toljanic_Plavo_oko_webknjizara_redak_WEB_1847.jpg","contentUrl":"https:\/\/webknjizara.hr\/wp-content\/uploads\/2026\/04\/Arsen_Toljanic_Plavo_oko_webknjizara_redak_WEB_1847.jpg","width":300,"height":419,"caption":"PLAVO OKO, Arsen Toljani\u0107"},{"@type":"BreadcrumbList","@id":"https:\/\/webknjizara.hr\/proizvod\/plavo-oko-arsen-toljanic\/#breadcrumb","itemListElement":[{"@type":"ListItem","position":1,"name":"Po\u010detna stranica","item":"https:\/\/webknjizara.hr\/en\/"},{"@type":"ListItem","position":2,"name":"Shop","item":"https:\/\/webknjizara.hr\/shop\/"},{"@type":"ListItem","position":3,"name":"PLAVO OKO, Arsen Toljani\u0107"}]},{"@type":"WebSite","@id":"https:\/\/webknjizara.hr\/#website","url":"https:\/\/webknjizara.hr\/","name":"Web Knji\u017eara","description":"","publisher":{"@id":"https:\/\/webknjizara.hr\/#organization"},"potentialAction":[{"@type":"SearchAction","target":{"@type":"EntryPoint","urlTemplate":"https:\/\/webknjizara.hr\/?s={search_term_string}"},"query-input":{"@type":"PropertyValueSpecification","valueRequired":true,"valueName":"search_term_string"}}],"inLanguage":"en-US"},{"@type":"Organization","@id":"https:\/\/webknjizara.hr\/#organization","name":"REDAK D.O.O.","url":"https:\/\/webknjizara.hr\/","logo":{"@type":"ImageObject","inLanguage":"en-US","@id":"https:\/\/webknjizara.hr\/#\/schema\/logo\/image\/","url":"https:\/\/webknjizara.hr\/wp-content\/uploads\/2023\/01\/web-knjizara-logo.webp","contentUrl":"https:\/\/webknjizara.hr\/wp-content\/uploads\/2023\/01\/web-knjizara-logo.webp","width":324,"height":79,"caption":"REDAK D.O.O."},"image":{"@id":"https:\/\/webknjizara.hr\/#\/schema\/logo\/image\/"}}]}},"_links":{"self":[{"href":"https:\/\/webknjizara.hr\/en\/wp-json\/wp\/v2\/product\/21693","targetHints":{"allow":["GET"]}}],"collection":[{"href":"https:\/\/webknjizara.hr\/en\/wp-json\/wp\/v2\/product"}],"about":[{"href":"https:\/\/webknjizara.hr\/en\/wp-json\/wp\/v2\/types\/product"}],"replies":[{"embeddable":true,"href":"https:\/\/webknjizara.hr\/en\/wp-json\/wp\/v2\/comments?post=21693"}],"wp:featuredmedia":[{"embeddable":true,"href":"https:\/\/webknjizara.hr\/en\/wp-json\/wp\/v2\/media\/21694"}],"wp:attachment":[{"href":"https:\/\/webknjizara.hr\/en\/wp-json\/wp\/v2\/media?parent=21693"}],"wp:term":[{"taxonomy":"product_brand","embeddable":true,"href":"https:\/\/webknjizara.hr\/en\/wp-json\/wp\/v2\/product_brand?post=21693"},{"taxonomy":"product_cat","embeddable":true,"href":"https:\/\/webknjizara.hr\/en\/wp-json\/wp\/v2\/product_cat?post=21693"},{"taxonomy":"product_tag","embeddable":true,"href":"https:\/\/webknjizara.hr\/en\/wp-json\/wp\/v2\/product_tag?post=21693"}],"curies":[{"name":"wp","href":"https:\/\/api.w.org\/{rel}","templated":true}]}}