{"id":21640,"date":"2026-04-16T22:56:52","date_gmt":"2026-04-16T20:56:52","guid":{"rendered":"https:\/\/webknjizara.hr\/?post_type=product&#038;p=21640"},"modified":"2026-04-16T23:01:21","modified_gmt":"2026-04-16T21:01:21","slug":"prirucnik-za-laboratorijske-vjezbe-iz-elektrotehnickih-kolegija-igor-vujovic","status":"publish","type":"product","link":"https:\/\/webknjizara.hr\/en\/proizvod\/prirucnik-za-laboratorijske-vjezbe-iz-elektrotehnickih-kolegija-igor-vujovic\/","title":{"rendered":"PRIRU\u010cNIK ZA LABORATORIJSKE VJE\u017dBE IZ ELEKTROTEHNI\u010cKIH KOLEGIJA, Igor Vujovi\u0107"},"content":{"rendered":"<p>Priru\u010dnik za laboratorijske vje\u017ebe iz elektrotehni\u010dkih kolegija namijenjen je studentima koji slu\u0161aju kolegije &#8220;Brodska elektrotehnika i elektronika&#8221;, &#8220;Brodska elektrotehnika&#8221;, &#8220;Osnove elektrotehnike 1&#8221; i &#8220;Osnove elektrotehnike 2&#8221; i \u201eIn\u017eenjerska fizika\u201c na pet razli\u010ditih studija Pomorskog fakulteta u Splitu.<\/p>\n<p>Pripremljen je ve\u0107i broj laboratorijskih vje\u017ebi zbog zna\u010dajnih razlika u nastavnim programima pojedinih studija.<\/p>\n<p><strong>Bilje\u0161ka o autoru:<\/strong><\/p>\n<p>Igor Vujovi\u0107 diplomirao je elektrotehniku na splitskom FESB-u 1997. Nakon diplomiranja, boravio je mjesec dana na FE u Ljubljani u sklopu CEPUS programa na projektima prepoznavanja govora, koordinacije robotskih pokreta analizom slike i biomehanici i rehabilitaciji ljudskog hoda. Od jeseni 1997. radio je kao vanjski suradnik-asistent na laboratorijskim i auditornim vje\u017ebama iz elektrotehni\u010dkih kolegija na Visokoj pomorskoj \u0161koli u Splitu i na Sveu\u010dili\u0161nom odjelu za studij mora i pomorstva. Odslu\u017eio je vojni rok 1998. godine u trajanju 10 mjeseci te zavr\u0161io temeljnu vojni\u010dku obuku i specijalisti\u010dku mornari\u010dko-tehni\u010dku. Nastupno predavanje\u00a0pod nazivom \u201cOpti\u010dki kabeli \u2013 svojstva i primjena\u201d odr\u017eao je 2001. godine. U predava\u010da za podru\u010dje Elektrotehnike izabran je na Elektrotehni\u010dkom fakultetu u Zagrebu. Magistrirao je na FESB-u u Splitu 2004. s temom: \u201ePrimjena vali\u0107a u obradi biomedicinskih podataka na primjeru sa\u017eimanja rendgenske slike oboljelih od profesionalne azbestoze\u201c. Doktorirao je na FESB-u u Splitu 2011. s temom: \u201ePotiskivanje utjecaja promjena osvijetljenosti kod otkrivanja kretnji pomo\u0107u vali\u0107ne transformacije\u201c. Od 2012. je docenta na Pomorskom fakultetu u Splitu, a 2018. izabran je u izvanrednog profesora. 13.1.2023. izabran je u znanstvenog savjetnika (elektrotehnika). 26.6.2023. je redoviti profesor. Obavljao je vi\u0161e funkcija: predstojnik Zavoda PEIT, voditelj doktorskog studija Tehnologije u pomorstvu, tajnik je Poslijediplomskog stru\u010dnog studija\u00a0Pomorskog fakulteta u Splitu, pomo\u0107nik predstojnika zavoda\u00a0PEIT, glavni urednik \u010dasopisa \u201cTransactions on Maritime Science\u201d, \u010dlan odbora \u010dasopisa \u201eJournal of Maritime Sciences\u201c, \u201eElectronics\u201c, \u201eJournal of Marine Science and Engineering\u201c i \u201eSignals\u201c, voditelj znanstvene grupe Nove tehnologije u pomorstvu, voditelj Laboratorija za obradu i analizu signala i naprednu dijagnostiku (SPAADREL), voditelj i istra\u017eiva\u010d niza projekata.<\/p>\n<p>Dobitnik rektorove nagrade za znanost 2024. i dobitnik nagrade Applied Sciences (\u0160vicarska) za istaknutog recenzenta.<br \/>\nObjavio je 203 razli\u010ditih radova diljem svijeta<\/p>\n<p class=\"western\"><span style=\"font-family: Arial, sans-serif;\"><span lang=\"hr-HR\"><b>Klju\u010dne rije\u010di: <\/b><\/span><\/span><span style=\"color: #000000;\"><span lang=\"hr-HR\">Brodska elektrotehnika, laboratorijske vje\u017ebe, osnove elektrotehnike, elektrotehni\u010dki materijali<\/span><\/span><\/p>\n<p class=\"western\"><strong><span style=\"font-family: Arial, sans-serif;\"><span lang=\"hr-HR\">Naslov: <\/span><\/span><\/strong><span style=\"font-family: Arial, sans-serif;\">Priru\u010dnik za laboratorijske vje\u017ebe iz elektrotehni\u010dkih kolegija<\/span><span style=\"font-family: Arial, sans-serif;\"><span lang=\"hr-HR\"><br \/>\n<\/span><\/span><strong><span style=\"font-family: Arial, sans-serif;\"><span lang=\"hr-HR\">Autor:<\/span><\/span><\/strong> <span style=\"font-family: Arial, sans-serif;\">Igor Vujovi\u0107<\/span><span style=\"font-family: Arial, sans-serif;\"><span lang=\"hr-HR\"><br \/>\n<\/span><\/span><strong><span style=\"font-family: Arial, sans-serif;\"><span lang=\"hr-HR\">Broj stranica: <\/span><\/span><\/strong><span style=\"font-family: Arial, sans-serif;\"><span lang=\"en-US\">258<\/span><\/span><span style=\"font-family: Arial, sans-serif;\"><span lang=\"hr-HR\"><br \/>\n<\/span><\/span><strong><span style=\"font-family: Arial, sans-serif;\"><span lang=\"hr-HR\">Nakladnik: <\/span><\/span><\/strong><span style=\"font-family: Arial, sans-serif;\">Pomorski fakultet u Splitu<\/span><span style=\"font-family: Arial, sans-serif;\"><span lang=\"hr-HR\"><br \/>\n<\/span><\/span><strong><span style=\"font-family: Arial, sans-serif;\"><span lang=\"hr-HR\">Godina izdanja: <\/span><\/span><\/strong><span style=\"font-family: Arial, sans-serif;\">2025.<\/span><strong><span style=\"font-family: Arial, sans-serif;\"><span lang=\"hr-HR\"><br \/>\n<\/span><\/span><\/strong><strong><span style=\"font-family: Arial, sans-serif;\">ISBN:<\/span><\/strong><span style=\"font-family: Arial, sans-serif;\"> 978-953-6655-88-5<br \/>\n<\/span><strong><span style=\"font-family: Arial, sans-serif;\">Tisak:<\/span><\/strong><span style=\"font-family: Arial, sans-serif;\"> digitalni tisak knjiga &#8211; print na zahtjev<\/span><\/p>\n","protected":false},"excerpt":{"rendered":"<p>Priru\u010dnik za laboratorijske vje\u017ebe iz elektrotehni\u010dkih kolegija namijenjen je studentima koji slu\u0161aju kolegije &#8220;Brodska elektrotehnika i elektronika&#8221;, &#8220;Brodska elektrotehnika&#8221;, &#8220;Osnove elektrotehnike 1&#8221; i &#8220;Osnove elektrotehnike 2&#8221; i \u201eIn\u017eenjerska fizika\u201c na pet razli\u010ditih studija Pomorskog fakulteta u Splitu. Pripremljen je ve\u0107i broj laboratorijskih vje\u017ebi zbog zna\u010dajnih razlika u nastavnim programima pojedinih studija. Bilje\u0161ka o autoru: Igor [&hellip;]<\/p>\n","protected":false},"featured_media":21641,"comment_status":"open","ping_status":"closed","template":"","meta":{"_acf_changed":false},"product_brand":[],"product_cat":[2471],"product_tag":[],"class_list":{"0":"post-21640","1":"product","2":"type-product","3":"status-publish","4":"has-post-thumbnail","6":"product_cat-prirucnik","7":"pa_autor-igor-vujovic","8":"pa_nakladnik-pomorski-fakultet-u-splitu","10":"first","11":"instock","12":"shipping-taxable","13":"purchasable","14":"product-type-simple"},"acf":[],"yoast_head":"<!-- This site is optimized with the Yoast SEO plugin v27.3 - https:\/\/yoast.com\/product\/yoast-seo-wordpress\/ -->\n<title>PRIRU\u010cNIK ZA LABORATORIJSKE VJE\u017dBE IZ ELEKTROTEHNI\u010cKIH KOLEGIJA, Igor Vujovi\u0107 - Web-knji\u017eara<\/title>\n<meta name=\"robots\" content=\"index, follow, max-snippet:-1, max-image-preview:large, max-video-preview:-1\" \/>\n<link rel=\"canonical\" href=\"https:\/\/webknjizara.hr\/proizvod\/prirucnik-za-laboratorijske-vjezbe-iz-elektrotehnickih-kolegija-igor-vujovic\/\" \/>\n<meta property=\"og:locale\" content=\"en_US\" \/>\n<meta property=\"og:type\" content=\"article\" \/>\n<meta property=\"og:title\" content=\"PRIRU\u010cNIK ZA LABORATORIJSKE VJE\u017dBE IZ ELEKTROTEHNI\u010cKIH KOLEGIJA, Igor Vujovi\u0107 - Web-knji\u017eara\" \/>\n<meta property=\"og:description\" content=\"Priru\u010dnik za laboratorijske vje\u017ebe iz elektrotehni\u010dkih kolegija namijenjen je studentima koji slu\u0161aju kolegije &#8220;Brodska elektrotehnika i elektronika&#8221;, &#8220;Brodska elektrotehnika&#8221;, &#8220;Osnove elektrotehnike 1&#8221; i &#8220;Osnove elektrotehnike 2&#8221; i \u201eIn\u017eenjerska fizika\u201c na pet razli\u010ditih studija Pomorskog fakulteta u Splitu. Pripremljen je ve\u0107i broj laboratorijskih vje\u017ebi zbog zna\u010dajnih razlika u nastavnim programima pojedinih studija. Bilje\u0161ka o autoru: Igor [&hellip;]\" \/>\n<meta property=\"og:url\" content=\"https:\/\/webknjizara.hr\/proizvod\/prirucnik-za-laboratorijske-vjezbe-iz-elektrotehnickih-kolegija-igor-vujovic\/\" \/>\n<meta property=\"og:site_name\" content=\"Web-knji\u017eara\" \/>\n<meta property=\"article:modified_time\" content=\"2026-04-16T21:01:21+00:00\" \/>\n<meta property=\"og:image\" content=\"https:\/\/webknjizara.hr\/wp-content\/uploads\/2026\/04\/Igor_Vujovic_Prirucnik_za_laboratorijske_vjezbe_iz_elektrotehnickih_kolegija_webknjizara_redak_WEB_1735.jpg\" \/>\n\t<meta property=\"og:image:width\" content=\"300\" \/>\n\t<meta property=\"og:image:height\" content=\"419\" \/>\n\t<meta property=\"og:image:type\" content=\"image\/jpeg\" \/>\n<meta name=\"twitter:card\" content=\"summary_large_image\" \/>\n<meta name=\"twitter:label1\" content=\"Est. reading time\" \/>\n\t<meta name=\"twitter:data1\" content=\"3 minutes\" \/>\n<script type=\"application\/ld+json\" class=\"yoast-schema-graph\">{\"@context\":\"https:\\\/\\\/schema.org\",\"@graph\":[{\"@type\":\"WebPage\",\"@id\":\"https:\\\/\\\/webknjizara.hr\\\/proizvod\\\/prirucnik-za-laboratorijske-vjezbe-iz-elektrotehnickih-kolegija-igor-vujovic\\\/\",\"url\":\"https:\\\/\\\/webknjizara.hr\\\/proizvod\\\/prirucnik-za-laboratorijske-vjezbe-iz-elektrotehnickih-kolegija-igor-vujovic\\\/\",\"name\":\"PRIRU\u010cNIK ZA LABORATORIJSKE VJE\u017dBE IZ ELEKTROTEHNI\u010cKIH KOLEGIJA, Igor Vujovi\u0107 - Web-knji\u017eara\",\"isPartOf\":{\"@id\":\"https:\\\/\\\/webknjizara.hr\\\/#website\"},\"primaryImageOfPage\":{\"@id\":\"https:\\\/\\\/webknjizara.hr\\\/proizvod\\\/prirucnik-za-laboratorijske-vjezbe-iz-elektrotehnickih-kolegija-igor-vujovic\\\/#primaryimage\"},\"image\":{\"@id\":\"https:\\\/\\\/webknjizara.hr\\\/proizvod\\\/prirucnik-za-laboratorijske-vjezbe-iz-elektrotehnickih-kolegija-igor-vujovic\\\/#primaryimage\"},\"thumbnailUrl\":\"https:\\\/\\\/webknjizara.hr\\\/wp-content\\\/uploads\\\/2026\\\/04\\\/Igor_Vujovic_Prirucnik_za_laboratorijske_vjezbe_iz_elektrotehnickih_kolegija_webknjizara_redak_WEB_1735.jpg\",\"datePublished\":\"2026-04-16T20:56:52+00:00\",\"dateModified\":\"2026-04-16T21:01:21+00:00\",\"breadcrumb\":{\"@id\":\"https:\\\/\\\/webknjizara.hr\\\/proizvod\\\/prirucnik-za-laboratorijske-vjezbe-iz-elektrotehnickih-kolegija-igor-vujovic\\\/#breadcrumb\"},\"inLanguage\":\"en-US\",\"potentialAction\":[{\"@type\":\"ReadAction\",\"target\":[\"https:\\\/\\\/webknjizara.hr\\\/proizvod\\\/prirucnik-za-laboratorijske-vjezbe-iz-elektrotehnickih-kolegija-igor-vujovic\\\/\"]}]},{\"@type\":\"ImageObject\",\"inLanguage\":\"en-US\",\"@id\":\"https:\\\/\\\/webknjizara.hr\\\/proizvod\\\/prirucnik-za-laboratorijske-vjezbe-iz-elektrotehnickih-kolegija-igor-vujovic\\\/#primaryimage\",\"url\":\"https:\\\/\\\/webknjizara.hr\\\/wp-content\\\/uploads\\\/2026\\\/04\\\/Igor_Vujovic_Prirucnik_za_laboratorijske_vjezbe_iz_elektrotehnickih_kolegija_webknjizara_redak_WEB_1735.jpg\",\"contentUrl\":\"https:\\\/\\\/webknjizara.hr\\\/wp-content\\\/uploads\\\/2026\\\/04\\\/Igor_Vujovic_Prirucnik_za_laboratorijske_vjezbe_iz_elektrotehnickih_kolegija_webknjizara_redak_WEB_1735.jpg\",\"width\":300,\"height\":419,\"caption\":\"PRIRU\u010cNIK ZA LABORATORIJSKE VJE\u017dBE IZ ELEKTROTEHNI\u010cKIH KOLEGIJA, Igor Vujovi\u0107\"},{\"@type\":\"BreadcrumbList\",\"@id\":\"https:\\\/\\\/webknjizara.hr\\\/proizvod\\\/prirucnik-za-laboratorijske-vjezbe-iz-elektrotehnickih-kolegija-igor-vujovic\\\/#breadcrumb\",\"itemListElement\":[{\"@type\":\"ListItem\",\"position\":1,\"name\":\"Po\u010detna stranica\",\"item\":\"https:\\\/\\\/webknjizara.hr\\\/en\\\/\"},{\"@type\":\"ListItem\",\"position\":2,\"name\":\"Shop\",\"item\":\"https:\\\/\\\/webknjizara.hr\\\/shop\\\/\"},{\"@type\":\"ListItem\",\"position\":3,\"name\":\"PRIRU\u010cNIK ZA LABORATORIJSKE VJE\u017dBE IZ ELEKTROTEHNI\u010cKIH KOLEGIJA, Igor Vujovi\u0107\"}]},{\"@type\":\"WebSite\",\"@id\":\"https:\\\/\\\/webknjizara.hr\\\/#website\",\"url\":\"https:\\\/\\\/webknjizara.hr\\\/\",\"name\":\"Web Knji\u017eara\",\"description\":\"\",\"publisher\":{\"@id\":\"https:\\\/\\\/webknjizara.hr\\\/#organization\"},\"potentialAction\":[{\"@type\":\"SearchAction\",\"target\":{\"@type\":\"EntryPoint\",\"urlTemplate\":\"https:\\\/\\\/webknjizara.hr\\\/?s={search_term_string}\"},\"query-input\":{\"@type\":\"PropertyValueSpecification\",\"valueRequired\":true,\"valueName\":\"search_term_string\"}}],\"inLanguage\":\"en-US\"},{\"@type\":\"Organization\",\"@id\":\"https:\\\/\\\/webknjizara.hr\\\/#organization\",\"name\":\"REDAK D.O.O.\",\"url\":\"https:\\\/\\\/webknjizara.hr\\\/\",\"logo\":{\"@type\":\"ImageObject\",\"inLanguage\":\"en-US\",\"@id\":\"https:\\\/\\\/webknjizara.hr\\\/#\\\/schema\\\/logo\\\/image\\\/\",\"url\":\"https:\\\/\\\/webknjizara.hr\\\/wp-content\\\/uploads\\\/2023\\\/01\\\/web-knjizara-logo.webp\",\"contentUrl\":\"https:\\\/\\\/webknjizara.hr\\\/wp-content\\\/uploads\\\/2023\\\/01\\\/web-knjizara-logo.webp\",\"width\":324,\"height\":79,\"caption\":\"REDAK D.O.O.\"},\"image\":{\"@id\":\"https:\\\/\\\/webknjizara.hr\\\/#\\\/schema\\\/logo\\\/image\\\/\"}}]}<\/script>\n<!-- \/ Yoast SEO plugin. -->","yoast_head_json":{"title":"PRIRU\u010cNIK ZA LABORATORIJSKE VJE\u017dBE IZ ELEKTROTEHNI\u010cKIH KOLEGIJA, Igor Vujovi\u0107 - Web-knji\u017eara","robots":{"index":"index","follow":"follow","max-snippet":"max-snippet:-1","max-image-preview":"max-image-preview:large","max-video-preview":"max-video-preview:-1"},"canonical":"https:\/\/webknjizara.hr\/proizvod\/prirucnik-za-laboratorijske-vjezbe-iz-elektrotehnickih-kolegija-igor-vujovic\/","og_locale":"en_US","og_type":"article","og_title":"PRIRU\u010cNIK ZA LABORATORIJSKE VJE\u017dBE IZ ELEKTROTEHNI\u010cKIH KOLEGIJA, Igor Vujovi\u0107 - Web-knji\u017eara","og_description":"Priru\u010dnik za laboratorijske vje\u017ebe iz elektrotehni\u010dkih kolegija namijenjen je studentima koji slu\u0161aju kolegije &#8220;Brodska elektrotehnika i elektronika&#8221;, &#8220;Brodska elektrotehnika&#8221;, &#8220;Osnove elektrotehnike 1&#8221; i &#8220;Osnove elektrotehnike 2&#8221; i \u201eIn\u017eenjerska fizika\u201c na pet razli\u010ditih studija Pomorskog fakulteta u Splitu. Pripremljen je ve\u0107i broj laboratorijskih vje\u017ebi zbog zna\u010dajnih razlika u nastavnim programima pojedinih studija. Bilje\u0161ka o autoru: Igor [&hellip;]","og_url":"https:\/\/webknjizara.hr\/proizvod\/prirucnik-za-laboratorijske-vjezbe-iz-elektrotehnickih-kolegija-igor-vujovic\/","og_site_name":"Web-knji\u017eara","article_modified_time":"2026-04-16T21:01:21+00:00","og_image":[{"width":300,"height":419,"url":"https:\/\/webknjizara.hr\/wp-content\/uploads\/2026\/04\/Igor_Vujovic_Prirucnik_za_laboratorijske_vjezbe_iz_elektrotehnickih_kolegija_webknjizara_redak_WEB_1735.jpg","type":"image\/jpeg"}],"twitter_card":"summary_large_image","twitter_misc":{"Est. reading time":"3 minutes"},"schema":{"@context":"https:\/\/schema.org","@graph":[{"@type":"WebPage","@id":"https:\/\/webknjizara.hr\/proizvod\/prirucnik-za-laboratorijske-vjezbe-iz-elektrotehnickih-kolegija-igor-vujovic\/","url":"https:\/\/webknjizara.hr\/proizvod\/prirucnik-za-laboratorijske-vjezbe-iz-elektrotehnickih-kolegija-igor-vujovic\/","name":"PRIRU\u010cNIK ZA LABORATORIJSKE VJE\u017dBE IZ ELEKTROTEHNI\u010cKIH KOLEGIJA, Igor Vujovi\u0107 - Web-knji\u017eara","isPartOf":{"@id":"https:\/\/webknjizara.hr\/#website"},"primaryImageOfPage":{"@id":"https:\/\/webknjizara.hr\/proizvod\/prirucnik-za-laboratorijske-vjezbe-iz-elektrotehnickih-kolegija-igor-vujovic\/#primaryimage"},"image":{"@id":"https:\/\/webknjizara.hr\/proizvod\/prirucnik-za-laboratorijske-vjezbe-iz-elektrotehnickih-kolegija-igor-vujovic\/#primaryimage"},"thumbnailUrl":"https:\/\/webknjizara.hr\/wp-content\/uploads\/2026\/04\/Igor_Vujovic_Prirucnik_za_laboratorijske_vjezbe_iz_elektrotehnickih_kolegija_webknjizara_redak_WEB_1735.jpg","datePublished":"2026-04-16T20:56:52+00:00","dateModified":"2026-04-16T21:01:21+00:00","breadcrumb":{"@id":"https:\/\/webknjizara.hr\/proizvod\/prirucnik-za-laboratorijske-vjezbe-iz-elektrotehnickih-kolegija-igor-vujovic\/#breadcrumb"},"inLanguage":"en-US","potentialAction":[{"@type":"ReadAction","target":["https:\/\/webknjizara.hr\/proizvod\/prirucnik-za-laboratorijske-vjezbe-iz-elektrotehnickih-kolegija-igor-vujovic\/"]}]},{"@type":"ImageObject","inLanguage":"en-US","@id":"https:\/\/webknjizara.hr\/proizvod\/prirucnik-za-laboratorijske-vjezbe-iz-elektrotehnickih-kolegija-igor-vujovic\/#primaryimage","url":"https:\/\/webknjizara.hr\/wp-content\/uploads\/2026\/04\/Igor_Vujovic_Prirucnik_za_laboratorijske_vjezbe_iz_elektrotehnickih_kolegija_webknjizara_redak_WEB_1735.jpg","contentUrl":"https:\/\/webknjizara.hr\/wp-content\/uploads\/2026\/04\/Igor_Vujovic_Prirucnik_za_laboratorijske_vjezbe_iz_elektrotehnickih_kolegija_webknjizara_redak_WEB_1735.jpg","width":300,"height":419,"caption":"PRIRU\u010cNIK ZA LABORATORIJSKE VJE\u017dBE IZ ELEKTROTEHNI\u010cKIH KOLEGIJA, Igor Vujovi\u0107"},{"@type":"BreadcrumbList","@id":"https:\/\/webknjizara.hr\/proizvod\/prirucnik-za-laboratorijske-vjezbe-iz-elektrotehnickih-kolegija-igor-vujovic\/#breadcrumb","itemListElement":[{"@type":"ListItem","position":1,"name":"Po\u010detna stranica","item":"https:\/\/webknjizara.hr\/en\/"},{"@type":"ListItem","position":2,"name":"Shop","item":"https:\/\/webknjizara.hr\/shop\/"},{"@type":"ListItem","position":3,"name":"PRIRU\u010cNIK ZA LABORATORIJSKE VJE\u017dBE IZ ELEKTROTEHNI\u010cKIH KOLEGIJA, Igor Vujovi\u0107"}]},{"@type":"WebSite","@id":"https:\/\/webknjizara.hr\/#website","url":"https:\/\/webknjizara.hr\/","name":"Web Knji\u017eara","description":"","publisher":{"@id":"https:\/\/webknjizara.hr\/#organization"},"potentialAction":[{"@type":"SearchAction","target":{"@type":"EntryPoint","urlTemplate":"https:\/\/webknjizara.hr\/?s={search_term_string}"},"query-input":{"@type":"PropertyValueSpecification","valueRequired":true,"valueName":"search_term_string"}}],"inLanguage":"en-US"},{"@type":"Organization","@id":"https:\/\/webknjizara.hr\/#organization","name":"REDAK D.O.O.","url":"https:\/\/webknjizara.hr\/","logo":{"@type":"ImageObject","inLanguage":"en-US","@id":"https:\/\/webknjizara.hr\/#\/schema\/logo\/image\/","url":"https:\/\/webknjizara.hr\/wp-content\/uploads\/2023\/01\/web-knjizara-logo.webp","contentUrl":"https:\/\/webknjizara.hr\/wp-content\/uploads\/2023\/01\/web-knjizara-logo.webp","width":324,"height":79,"caption":"REDAK D.O.O."},"image":{"@id":"https:\/\/webknjizara.hr\/#\/schema\/logo\/image\/"}}]}},"_links":{"self":[{"href":"https:\/\/webknjizara.hr\/en\/wp-json\/wp\/v2\/product\/21640","targetHints":{"allow":["GET"]}}],"collection":[{"href":"https:\/\/webknjizara.hr\/en\/wp-json\/wp\/v2\/product"}],"about":[{"href":"https:\/\/webknjizara.hr\/en\/wp-json\/wp\/v2\/types\/product"}],"replies":[{"embeddable":true,"href":"https:\/\/webknjizara.hr\/en\/wp-json\/wp\/v2\/comments?post=21640"}],"wp:featuredmedia":[{"embeddable":true,"href":"https:\/\/webknjizara.hr\/en\/wp-json\/wp\/v2\/media\/21641"}],"wp:attachment":[{"href":"https:\/\/webknjizara.hr\/en\/wp-json\/wp\/v2\/media?parent=21640"}],"wp:term":[{"taxonomy":"product_brand","embeddable":true,"href":"https:\/\/webknjizara.hr\/en\/wp-json\/wp\/v2\/product_brand?post=21640"},{"taxonomy":"product_cat","embeddable":true,"href":"https:\/\/webknjizara.hr\/en\/wp-json\/wp\/v2\/product_cat?post=21640"},{"taxonomy":"product_tag","embeddable":true,"href":"https:\/\/webknjizara.hr\/en\/wp-json\/wp\/v2\/product_tag?post=21640"}],"curies":[{"name":"wp","href":"https:\/\/api.w.org\/{rel}","templated":true}]}}