{"id":21632,"date":"2026-04-15T19:41:07","date_gmt":"2026-04-15T17:41:07","guid":{"rendered":"https:\/\/webknjizara.hr\/?post_type=product&#038;p=21632"},"modified":"2026-04-15T19:41:07","modified_gmt":"2026-04-15T17:41:07","slug":"ekologija-iz-teoloske-perspektive-integralna-ekologija-svetog-franje-asiskog-luka-tomasevic-ana-jelicic","status":"publish","type":"product","link":"https:\/\/webknjizara.hr\/en\/proizvod\/ekologija-iz-teoloske-perspektive-integralna-ekologija-svetog-franje-asiskog-luka-tomasevic-ana-jelicic\/","title":{"rendered":"EKOLOGIJA IZ TEOLO\u0160KE PERSPEKTIVE INTEGRALNA EKOLOGIJA SVETOG FRANJE ASI\u0160KOG, Luka Toma\u0161evi\u0107, Ana Jeli\u010di\u0107"},"content":{"rendered":"<p class=\"western\"><span lang=\"hr-HR\">Pitanje okoli\u0161a postalo je jedno od najprisutnijih i najizazovnijih tema u suvremenom dru\u0161tvu. Njime se bave ekoaktivisti, ekonomisti, politi\u010dari, mediji pa i teolozi. Katoli\u010dka crkva nije ostala nezainteresirana za pitanje o\u010duvanja okoli\u0161a. Na problem okoli\u0161a ustrajno su upozoravale pape 20. stolje\u0107a, a vrhunac tog zanimanja predstavlja enciklika pape Franje Laudato s\u00ec u kojoj papa iznosi cjelovitu ekologiju. U opisani kontekst treba smjestiti i ovu knjigu koja, iz teolo\u0161ke perspektive, obra\u0111uje temu cjelovite ili integralne ekologije. Knjiga nas upoznaje sa nastankom humane ekologije op\u0107enito, zatim sa razvojem ekologije u katoli\u010dkoj teologiji, s posebnim osvrtom na zanimanje dalmatinskih franjevaca za ekologiju. <\/span><\/p>\n<p class=\"western\"><span lang=\"hr-HR\"><i>prof. dr. sc. An\u0111elko Domazet <\/i><\/span><\/p>\n<p class=\"western\"><span lang=\"hr-HR\">S obzirom na istra\u017eiva\u010dku utemeljenost knjiga je u prvom redu namijenjena znanstvenicima istra\u017eiva\u010dima, nastavnicima i studentima u podru\u010dju bioetike, ekologije, za\u0161tite okoli\u0161a u \u0161irem smislu, filozofije i teologije. Zbog nagla\u0161ene interdisciplinarnosti relevantna je za vi\u0161e znanstvenih podru\u010dja kako humanisti\u010dkih i dru\u0161tvenih, tako i prirodnih znanosti. Pri tom je djelo pisano pristupa\u010dnim jezikom za \u0161irok krug \u010ditatelja. Mo\u017ee se koristiti na sveu\u010dili\u0161nim i stru\u010dnim studijima, ali isto tako i u \u0161kolama i za naj\u0161iru zainteresiranu publiku za pitanja ekologije.<\/span><\/p>\n<p class=\"western\" lang=\"hr-HR\"><i>prof. dr. sc. Pavo Bari\u0161i\u0107<\/i><\/p>\n<p class=\"western\"><span style=\"font-family: Arial, sans-serif;\"><span lang=\"hr-HR\"><b>Bilje\u0161ka o autorima: <\/b><\/span><\/span><\/p>\n<p><span lang=\"hr-HR\">Luka Toma\u0161evi\u0107 <\/span><\/p>\n<p><span lang=\"hr-HR\">Fra Luka Toma\u0161evi\u0107 (1951.- 2025.) profesor emeritus, bio je \u010dlan Provincije Presvetog Otkupitelja. Obrazovanje je stjecao na Franjeva\u010dkoj visokoj bogosloviji u Makarskoj te teolo\u0161kim fakultetima u Jeruzalemu, Studium Theologicum Jerusolymitanum, i u Rimu, Academia Alfonsiana, gdje je stekao doktorat znanosti u podru\u010dju moralne teologije. Autor je vi\u0161e znanstvenih knjiga i znanstveno- stru\u010dnih radova, organizator mnogobrojnih znanstvenih skupova, a obna\u0161ao je funkcije rektora Franjeva\u010dke teologije, prodekana za znanost te dekana na Katoli\u010dkom bogoslovnom fakultetu Sveu\u010dili\u0161ta u Splitu gdje je do umirovljenja predavao na Katedri moralne teologije. U svom znanstvenom radu bavio se pitanjima dostojanstva i ljudskih prava, moralnim krepostima, ekologijom, antropolo\u0161ko- eti\u010dkim pitanjima posebice problemom palijativne skrbi, kao i u\u010denjem dru\u0161tvenog nauka Crkve te bioetikom. Doprinio je recepciji i razvoju bioetike u Hrvatskoj. Suosniva\u010d je i \u010dlan Hrvatskog bioeti\u010dkog dru\u0161tva od 1998., a od samog osnivanja bio je \u010dlan Me\u0111unarodnog dru\u0161tva za klini\u010dku bioetiku. 2007. godine imenovan je u Znanstveno vije\u0107e svjetske bioeti\u010dke organizacije (The International Association of Bioethics). Radio je kao urednik znanstvenih \u010dasopisa i recenzent brojnih znanstvenih projekata na razini Republike Hrvatske. <\/span><\/p>\n<p lang=\"hr-HR\">Ana Jeli\u010di\u0107<\/p>\n<p class=\"western\"><span lang=\"hr-HR\">Izv. prof. dr. sc. Ana Jeli\u010di\u0107 diplomirala je teologiju (filozofsko-teolo\u0161ki smjer) na Katoli\u010dkom bogoslovnom fakultetu Sveu\u010dili\u0161ta u Splitu 2005. godine. Kao stipendistica \u201eRenovabisa\u201d upisuje, a 2007. godine zavr\u0161ava Sveu\u010dili\u0161ni poslijediplomski studij dru\u0161tvenih komunikacija na Papinskom sveu\u010dili\u0161tu Gregoriana u Rimu. Potom, na istom Sveu\u010dili\u0161tu, na Filozofskom fakultetu, upisuje Poslijediplomski studij filozofije gdje stje\u010de akademski stupanj magistrice znanosti. Nakon zavr\u0161etka poslijediplomskog studija vra\u0107a se u Split te se zapo\u0161ljava u Uredu za medije Splitsko-makarske nadbiskupije. Paralelno upisuje Doktorski studij filozofije na Filozofskom fakultetu Sveu\u010dili\u0161ta u Zagrebu gdje stje\u010de doktorat znanosti 2016. godine. Od 2012. zaposlena je na Sveu\u010dili\u0161nom odjelu za forenzi\u010dne znanosti gdje izvodi nastavu na vi\u0161e kolegija u podru\u010dju (bio)etike, medija i komunikologije. Kao vanjska suradnica sudjeluje u izvo\u0111enju nastave na vi\u0161e sastavnica Sveu\u010dili\u0161ta u Splitu, uklju\u010duju\u0107i Katoli\u010dki bogoslovni fakultet. Objavila je, samostalno ili u suautorstvu, vi\u0161e desetaka znanstvenih i stru\u010dnih radova, jednu znanstvenu knjigu, uredila je jedan zbornik radova sa znanstveno-stru\u010dne konferencije te je sudjelovala na brojnim me\u0111unarodnim i nacionalnim znanstvenim skupovima. \u010clan je Hrvatskog filozofskog dru\u0161tva, Hrvatskog bioeti\u010dkog dru\u0161tva, Me\u0111unarodnog dru\u0161tva za klini\u010dku bioetiku i Znanstvenog centra izvrsnosti za integrativnu bioetiku. \u010clan je uredni\u0161tva znanstvenog filozofsko-teolo\u0161kog \u010dasopisa Slu\u017eba Bo\u017eja. <\/span><\/p>\n<p class=\"western\"><span style=\"font-family: Arial, sans-serif;\"><span lang=\"hr-HR\"><b>Klju\u010dne rije\u010di: <\/b><\/span><\/span><span style=\"color: #000000;\"><span lang=\"hr-HR\">ekologija, ekoteologija, ekumenizam, franjeva\u010dka duhovnost, integralna ekologija, okoli\u0161, (bio)etika, skrb<\/span><\/span><\/p>\n<p class=\"western\"><span style=\"font-family: Arial, sans-serif;\"><span lang=\"hr-HR\"><b>E-mail: <\/b><a href=\"mailto:anjelici08@gmail.com\"><span style=\"color: #000000;\">Ana Jeli\u010di\u0107<\/span><\/a><\/span><\/span><\/p>\n<p class=\"western\"><strong><span style=\"font-family: Arial, sans-serif;\"><span lang=\"hr-HR\">Naslov: <\/span><\/span><\/strong><span style=\"font-family: Arial, sans-serif;\">Ekologija iz teolo\u0161ke perspektive Integralna ekologija svetog Franje Asi\u0161kog<\/span><span style=\"font-family: Arial, sans-serif;\"><span lang=\"hr-HR\"><br \/>\n<\/span><\/span><strong><span style=\"font-family: Arial, sans-serif;\"><span lang=\"hr-HR\">Autor\/autorica:<\/span><\/span><\/strong> <span style=\"font-family: Arial, sans-serif;\">Luka Toma\u0161evi\u0107, Ana Jeli\u010di\u0107<\/span><span style=\"font-family: Arial, sans-serif;\"><span lang=\"hr-HR\"><br \/>\n<\/span><\/span><strong><span style=\"font-family: Arial, sans-serif;\"><span lang=\"hr-HR\">Broj stranica: <\/span><\/span><\/strong><span style=\"font-family: Arial, sans-serif;\"><span lang=\"en-US\">136<\/span><\/span><span style=\"font-family: Arial, sans-serif;\"><span lang=\"hr-HR\"><br \/>\n<\/span><\/span><strong><span style=\"font-family: Arial, sans-serif;\"><span lang=\"hr-HR\">Nakladnik: <\/span><\/span><\/strong><span style=\"font-family: Arial, sans-serif;\">Sveu\u010dili\u0161te u Splitu, Fakultet za forenzi\u010dke znanosti<\/span><span style=\"font-family: Arial, sans-serif;\"><span lang=\"hr-HR\"><br \/>\n<\/span><\/span><strong><span style=\"font-family: Arial, sans-serif;\"><span lang=\"hr-HR\">Godina izdanja: <\/span><\/span><\/strong><span style=\"font-family: Arial, sans-serif;\">2025.<\/span><strong><span style=\"font-family: Arial, sans-serif;\"><span lang=\"hr-HR\"><br \/>\n<\/span><\/span><\/strong><strong><span style=\"font-family: Arial, sans-serif;\"><span lang=\"hr-HR\">ISBN:<\/span><\/span><\/strong> <span style=\"font-family: Arial, sans-serif;\"><span lang=\"hr-HR\"><br \/>\n<\/span><\/span><strong><span style=\"font-family: Arial, sans-serif;\">Tisak:<\/span><\/strong><span style=\"font-family: Arial, sans-serif;\"> digitalni tisak knjiga &#8211; print na zahtjev<\/span><\/p>\n","protected":false},"excerpt":{"rendered":"<p>Pitanje okoli\u0161a postalo je jedno od najprisutnijih i najizazovnijih tema u suvremenom dru\u0161tvu. Njime se bave ekoaktivisti, ekonomisti, politi\u010dari, mediji pa i teolozi. Katoli\u010dka crkva nije ostala nezainteresirana za pitanje o\u010duvanja okoli\u0161a. Na problem okoli\u0161a ustrajno su upozoravale pape 20. stolje\u0107a, a vrhunac tog zanimanja predstavlja enciklika pape Franje Laudato s\u00ec u kojoj papa iznosi [&hellip;]<\/p>\n","protected":false},"featured_media":21633,"comment_status":"open","ping_status":"closed","template":"","meta":{"_acf_changed":false},"product_brand":[],"product_cat":[1539],"product_tag":[],"class_list":{"0":"post-21632","1":"product","2":"type-product","3":"status-publish","4":"has-post-thumbnail","6":"product_cat-sveucilisni-udzbenici-i-prirucnici","7":"pa_autor-ana-jelicic","8":"pa_autor-luka-tomasevic","9":"pa_nakladnik-sveuciliste-u-splitu-fakultet-za-forenzicke-znanosti","11":"first","12":"instock","13":"shipping-taxable","14":"purchasable","15":"product-type-simple"},"acf":[],"yoast_head":"<!-- This site is optimized with the Yoast SEO plugin v27.3 - https:\/\/yoast.com\/product\/yoast-seo-wordpress\/ -->\n<title>EKOLOGIJA IZ TEOLO\u0160KE PERSPEKTIVE INTEGRALNA EKOLOGIJA SVETOG FRANJE ASI\u0160KOG, Luka Toma\u0161evi\u0107, Ana Jeli\u010di\u0107 - Web-knji\u017eara<\/title>\n<meta name=\"robots\" content=\"index, follow, max-snippet:-1, max-image-preview:large, max-video-preview:-1\" \/>\n<link rel=\"canonical\" href=\"https:\/\/webknjizara.hr\/proizvod\/ekologija-iz-teoloske-perspektive-integralna-ekologija-svetog-franje-asiskog-luka-tomasevic-ana-jelicic\/\" \/>\n<meta property=\"og:locale\" content=\"en_US\" \/>\n<meta property=\"og:type\" content=\"article\" \/>\n<meta property=\"og:title\" content=\"EKOLOGIJA IZ TEOLO\u0160KE PERSPEKTIVE INTEGRALNA EKOLOGIJA SVETOG FRANJE ASI\u0160KOG, Luka Toma\u0161evi\u0107, Ana Jeli\u010di\u0107 - Web-knji\u017eara\" \/>\n<meta property=\"og:description\" content=\"Pitanje okoli\u0161a postalo je jedno od najprisutnijih i najizazovnijih tema u suvremenom dru\u0161tvu. Njime se bave ekoaktivisti, ekonomisti, politi\u010dari, mediji pa i teolozi. Katoli\u010dka crkva nije ostala nezainteresirana za pitanje o\u010duvanja okoli\u0161a. Na problem okoli\u0161a ustrajno su upozoravale pape 20. stolje\u0107a, a vrhunac tog zanimanja predstavlja enciklika pape Franje Laudato s\u00ec u kojoj papa iznosi [&hellip;]\" \/>\n<meta property=\"og:url\" content=\"https:\/\/webknjizara.hr\/proizvod\/ekologija-iz-teoloske-perspektive-integralna-ekologija-svetog-franje-asiskog-luka-tomasevic-ana-jelicic\/\" \/>\n<meta property=\"og:site_name\" content=\"Web-knji\u017eara\" \/>\n<meta property=\"og:image\" content=\"https:\/\/webknjizara.hr\/wp-content\/uploads\/2026\/04\/Ekologija_iz_teoloske_perspektive_Integralna_ekologija_svetog_Franje_Asiskog__webknjizara_redak_WEB_1689.jpg\" \/>\n\t<meta property=\"og:image:width\" content=\"300\" \/>\n\t<meta property=\"og:image:height\" content=\"419\" \/>\n\t<meta property=\"og:image:type\" content=\"image\/jpeg\" \/>\n<meta name=\"twitter:card\" content=\"summary_large_image\" \/>\n<meta name=\"twitter:label1\" content=\"Est. reading time\" \/>\n\t<meta name=\"twitter:data1\" content=\"4 minutes\" \/>\n<script type=\"application\/ld+json\" class=\"yoast-schema-graph\">{\"@context\":\"https:\\\/\\\/schema.org\",\"@graph\":[{\"@type\":\"WebPage\",\"@id\":\"https:\\\/\\\/webknjizara.hr\\\/proizvod\\\/ekologija-iz-teoloske-perspektive-integralna-ekologija-svetog-franje-asiskog-luka-tomasevic-ana-jelicic\\\/\",\"url\":\"https:\\\/\\\/webknjizara.hr\\\/proizvod\\\/ekologija-iz-teoloske-perspektive-integralna-ekologija-svetog-franje-asiskog-luka-tomasevic-ana-jelicic\\\/\",\"name\":\"EKOLOGIJA IZ TEOLO\u0160KE PERSPEKTIVE INTEGRALNA EKOLOGIJA SVETOG FRANJE ASI\u0160KOG, Luka Toma\u0161evi\u0107, Ana Jeli\u010di\u0107 - Web-knji\u017eara\",\"isPartOf\":{\"@id\":\"https:\\\/\\\/webknjizara.hr\\\/#website\"},\"primaryImageOfPage\":{\"@id\":\"https:\\\/\\\/webknjizara.hr\\\/proizvod\\\/ekologija-iz-teoloske-perspektive-integralna-ekologija-svetog-franje-asiskog-luka-tomasevic-ana-jelicic\\\/#primaryimage\"},\"image\":{\"@id\":\"https:\\\/\\\/webknjizara.hr\\\/proizvod\\\/ekologija-iz-teoloske-perspektive-integralna-ekologija-svetog-franje-asiskog-luka-tomasevic-ana-jelicic\\\/#primaryimage\"},\"thumbnailUrl\":\"https:\\\/\\\/webknjizara.hr\\\/wp-content\\\/uploads\\\/2026\\\/04\\\/Ekologija_iz_teoloske_perspektive_Integralna_ekologija_svetog_Franje_Asiskog__webknjizara_redak_WEB_1689.jpg\",\"datePublished\":\"2026-04-15T17:41:07+00:00\",\"breadcrumb\":{\"@id\":\"https:\\\/\\\/webknjizara.hr\\\/proizvod\\\/ekologija-iz-teoloske-perspektive-integralna-ekologija-svetog-franje-asiskog-luka-tomasevic-ana-jelicic\\\/#breadcrumb\"},\"inLanguage\":\"en-US\",\"potentialAction\":[{\"@type\":\"ReadAction\",\"target\":[\"https:\\\/\\\/webknjizara.hr\\\/proizvod\\\/ekologija-iz-teoloske-perspektive-integralna-ekologija-svetog-franje-asiskog-luka-tomasevic-ana-jelicic\\\/\"]}]},{\"@type\":\"ImageObject\",\"inLanguage\":\"en-US\",\"@id\":\"https:\\\/\\\/webknjizara.hr\\\/proizvod\\\/ekologija-iz-teoloske-perspektive-integralna-ekologija-svetog-franje-asiskog-luka-tomasevic-ana-jelicic\\\/#primaryimage\",\"url\":\"https:\\\/\\\/webknjizara.hr\\\/wp-content\\\/uploads\\\/2026\\\/04\\\/Ekologija_iz_teoloske_perspektive_Integralna_ekologija_svetog_Franje_Asiskog__webknjizara_redak_WEB_1689.jpg\",\"contentUrl\":\"https:\\\/\\\/webknjizara.hr\\\/wp-content\\\/uploads\\\/2026\\\/04\\\/Ekologija_iz_teoloske_perspektive_Integralna_ekologija_svetog_Franje_Asiskog__webknjizara_redak_WEB_1689.jpg\",\"width\":300,\"height\":419,\"caption\":\"EKOLOGIJA IZ TEOLO\u0160KE PERSPEKTIVE INTEGRALNA EKOLOGIJA SVETOG FRANJE ASI\u0160KOG, Luka Toma\u0161evi\u0107, Ana Jeli\u010di\u0107\"},{\"@type\":\"BreadcrumbList\",\"@id\":\"https:\\\/\\\/webknjizara.hr\\\/proizvod\\\/ekologija-iz-teoloske-perspektive-integralna-ekologija-svetog-franje-asiskog-luka-tomasevic-ana-jelicic\\\/#breadcrumb\",\"itemListElement\":[{\"@type\":\"ListItem\",\"position\":1,\"name\":\"Po\u010detna stranica\",\"item\":\"https:\\\/\\\/webknjizara.hr\\\/en\\\/\"},{\"@type\":\"ListItem\",\"position\":2,\"name\":\"Shop\",\"item\":\"https:\\\/\\\/webknjizara.hr\\\/shop\\\/\"},{\"@type\":\"ListItem\",\"position\":3,\"name\":\"EKOLOGIJA IZ TEOLO\u0160KE PERSPEKTIVE INTEGRALNA EKOLOGIJA SVETOG FRANJE ASI\u0160KOG, Luka Toma\u0161evi\u0107, Ana Jeli\u010di\u0107\"}]},{\"@type\":\"WebSite\",\"@id\":\"https:\\\/\\\/webknjizara.hr\\\/#website\",\"url\":\"https:\\\/\\\/webknjizara.hr\\\/\",\"name\":\"Web Knji\u017eara\",\"description\":\"\",\"publisher\":{\"@id\":\"https:\\\/\\\/webknjizara.hr\\\/#organization\"},\"potentialAction\":[{\"@type\":\"SearchAction\",\"target\":{\"@type\":\"EntryPoint\",\"urlTemplate\":\"https:\\\/\\\/webknjizara.hr\\\/?s={search_term_string}\"},\"query-input\":{\"@type\":\"PropertyValueSpecification\",\"valueRequired\":true,\"valueName\":\"search_term_string\"}}],\"inLanguage\":\"en-US\"},{\"@type\":\"Organization\",\"@id\":\"https:\\\/\\\/webknjizara.hr\\\/#organization\",\"name\":\"REDAK D.O.O.\",\"url\":\"https:\\\/\\\/webknjizara.hr\\\/\",\"logo\":{\"@type\":\"ImageObject\",\"inLanguage\":\"en-US\",\"@id\":\"https:\\\/\\\/webknjizara.hr\\\/#\\\/schema\\\/logo\\\/image\\\/\",\"url\":\"https:\\\/\\\/webknjizara.hr\\\/wp-content\\\/uploads\\\/2023\\\/01\\\/web-knjizara-logo.webp\",\"contentUrl\":\"https:\\\/\\\/webknjizara.hr\\\/wp-content\\\/uploads\\\/2023\\\/01\\\/web-knjizara-logo.webp\",\"width\":324,\"height\":79,\"caption\":\"REDAK D.O.O.\"},\"image\":{\"@id\":\"https:\\\/\\\/webknjizara.hr\\\/#\\\/schema\\\/logo\\\/image\\\/\"}}]}<\/script>\n<!-- \/ Yoast SEO plugin. -->","yoast_head_json":{"title":"EKOLOGIJA IZ TEOLO\u0160KE PERSPEKTIVE INTEGRALNA EKOLOGIJA SVETOG FRANJE ASI\u0160KOG, Luka Toma\u0161evi\u0107, Ana Jeli\u010di\u0107 - Web-knji\u017eara","robots":{"index":"index","follow":"follow","max-snippet":"max-snippet:-1","max-image-preview":"max-image-preview:large","max-video-preview":"max-video-preview:-1"},"canonical":"https:\/\/webknjizara.hr\/proizvod\/ekologija-iz-teoloske-perspektive-integralna-ekologija-svetog-franje-asiskog-luka-tomasevic-ana-jelicic\/","og_locale":"en_US","og_type":"article","og_title":"EKOLOGIJA IZ TEOLO\u0160KE PERSPEKTIVE INTEGRALNA EKOLOGIJA SVETOG FRANJE ASI\u0160KOG, Luka Toma\u0161evi\u0107, Ana Jeli\u010di\u0107 - Web-knji\u017eara","og_description":"Pitanje okoli\u0161a postalo je jedno od najprisutnijih i najizazovnijih tema u suvremenom dru\u0161tvu. Njime se bave ekoaktivisti, ekonomisti, politi\u010dari, mediji pa i teolozi. Katoli\u010dka crkva nije ostala nezainteresirana za pitanje o\u010duvanja okoli\u0161a. Na problem okoli\u0161a ustrajno su upozoravale pape 20. stolje\u0107a, a vrhunac tog zanimanja predstavlja enciklika pape Franje Laudato s\u00ec u kojoj papa iznosi [&hellip;]","og_url":"https:\/\/webknjizara.hr\/proizvod\/ekologija-iz-teoloske-perspektive-integralna-ekologija-svetog-franje-asiskog-luka-tomasevic-ana-jelicic\/","og_site_name":"Web-knji\u017eara","og_image":[{"width":300,"height":419,"url":"https:\/\/webknjizara.hr\/wp-content\/uploads\/2026\/04\/Ekologija_iz_teoloske_perspektive_Integralna_ekologija_svetog_Franje_Asiskog__webknjizara_redak_WEB_1689.jpg","type":"image\/jpeg"}],"twitter_card":"summary_large_image","twitter_misc":{"Est. reading time":"4 minutes"},"schema":{"@context":"https:\/\/schema.org","@graph":[{"@type":"WebPage","@id":"https:\/\/webknjizara.hr\/proizvod\/ekologija-iz-teoloske-perspektive-integralna-ekologija-svetog-franje-asiskog-luka-tomasevic-ana-jelicic\/","url":"https:\/\/webknjizara.hr\/proizvod\/ekologija-iz-teoloske-perspektive-integralna-ekologija-svetog-franje-asiskog-luka-tomasevic-ana-jelicic\/","name":"EKOLOGIJA IZ TEOLO\u0160KE PERSPEKTIVE INTEGRALNA EKOLOGIJA SVETOG FRANJE ASI\u0160KOG, Luka Toma\u0161evi\u0107, Ana Jeli\u010di\u0107 - Web-knji\u017eara","isPartOf":{"@id":"https:\/\/webknjizara.hr\/#website"},"primaryImageOfPage":{"@id":"https:\/\/webknjizara.hr\/proizvod\/ekologija-iz-teoloske-perspektive-integralna-ekologija-svetog-franje-asiskog-luka-tomasevic-ana-jelicic\/#primaryimage"},"image":{"@id":"https:\/\/webknjizara.hr\/proizvod\/ekologija-iz-teoloske-perspektive-integralna-ekologija-svetog-franje-asiskog-luka-tomasevic-ana-jelicic\/#primaryimage"},"thumbnailUrl":"https:\/\/webknjizara.hr\/wp-content\/uploads\/2026\/04\/Ekologija_iz_teoloske_perspektive_Integralna_ekologija_svetog_Franje_Asiskog__webknjizara_redak_WEB_1689.jpg","datePublished":"2026-04-15T17:41:07+00:00","breadcrumb":{"@id":"https:\/\/webknjizara.hr\/proizvod\/ekologija-iz-teoloske-perspektive-integralna-ekologija-svetog-franje-asiskog-luka-tomasevic-ana-jelicic\/#breadcrumb"},"inLanguage":"en-US","potentialAction":[{"@type":"ReadAction","target":["https:\/\/webknjizara.hr\/proizvod\/ekologija-iz-teoloske-perspektive-integralna-ekologija-svetog-franje-asiskog-luka-tomasevic-ana-jelicic\/"]}]},{"@type":"ImageObject","inLanguage":"en-US","@id":"https:\/\/webknjizara.hr\/proizvod\/ekologija-iz-teoloske-perspektive-integralna-ekologija-svetog-franje-asiskog-luka-tomasevic-ana-jelicic\/#primaryimage","url":"https:\/\/webknjizara.hr\/wp-content\/uploads\/2026\/04\/Ekologija_iz_teoloske_perspektive_Integralna_ekologija_svetog_Franje_Asiskog__webknjizara_redak_WEB_1689.jpg","contentUrl":"https:\/\/webknjizara.hr\/wp-content\/uploads\/2026\/04\/Ekologija_iz_teoloske_perspektive_Integralna_ekologija_svetog_Franje_Asiskog__webknjizara_redak_WEB_1689.jpg","width":300,"height":419,"caption":"EKOLOGIJA IZ TEOLO\u0160KE PERSPEKTIVE INTEGRALNA EKOLOGIJA SVETOG FRANJE ASI\u0160KOG, Luka Toma\u0161evi\u0107, Ana Jeli\u010di\u0107"},{"@type":"BreadcrumbList","@id":"https:\/\/webknjizara.hr\/proizvod\/ekologija-iz-teoloske-perspektive-integralna-ekologija-svetog-franje-asiskog-luka-tomasevic-ana-jelicic\/#breadcrumb","itemListElement":[{"@type":"ListItem","position":1,"name":"Po\u010detna stranica","item":"https:\/\/webknjizara.hr\/en\/"},{"@type":"ListItem","position":2,"name":"Shop","item":"https:\/\/webknjizara.hr\/shop\/"},{"@type":"ListItem","position":3,"name":"EKOLOGIJA IZ TEOLO\u0160KE PERSPEKTIVE INTEGRALNA EKOLOGIJA SVETOG FRANJE ASI\u0160KOG, Luka Toma\u0161evi\u0107, Ana Jeli\u010di\u0107"}]},{"@type":"WebSite","@id":"https:\/\/webknjizara.hr\/#website","url":"https:\/\/webknjizara.hr\/","name":"Web Knji\u017eara","description":"","publisher":{"@id":"https:\/\/webknjizara.hr\/#organization"},"potentialAction":[{"@type":"SearchAction","target":{"@type":"EntryPoint","urlTemplate":"https:\/\/webknjizara.hr\/?s={search_term_string}"},"query-input":{"@type":"PropertyValueSpecification","valueRequired":true,"valueName":"search_term_string"}}],"inLanguage":"en-US"},{"@type":"Organization","@id":"https:\/\/webknjizara.hr\/#organization","name":"REDAK D.O.O.","url":"https:\/\/webknjizara.hr\/","logo":{"@type":"ImageObject","inLanguage":"en-US","@id":"https:\/\/webknjizara.hr\/#\/schema\/logo\/image\/","url":"https:\/\/webknjizara.hr\/wp-content\/uploads\/2023\/01\/web-knjizara-logo.webp","contentUrl":"https:\/\/webknjizara.hr\/wp-content\/uploads\/2023\/01\/web-knjizara-logo.webp","width":324,"height":79,"caption":"REDAK D.O.O."},"image":{"@id":"https:\/\/webknjizara.hr\/#\/schema\/logo\/image\/"}}]}},"_links":{"self":[{"href":"https:\/\/webknjizara.hr\/en\/wp-json\/wp\/v2\/product\/21632","targetHints":{"allow":["GET"]}}],"collection":[{"href":"https:\/\/webknjizara.hr\/en\/wp-json\/wp\/v2\/product"}],"about":[{"href":"https:\/\/webknjizara.hr\/en\/wp-json\/wp\/v2\/types\/product"}],"replies":[{"embeddable":true,"href":"https:\/\/webknjizara.hr\/en\/wp-json\/wp\/v2\/comments?post=21632"}],"wp:featuredmedia":[{"embeddable":true,"href":"https:\/\/webknjizara.hr\/en\/wp-json\/wp\/v2\/media\/21633"}],"wp:attachment":[{"href":"https:\/\/webknjizara.hr\/en\/wp-json\/wp\/v2\/media?parent=21632"}],"wp:term":[{"taxonomy":"product_brand","embeddable":true,"href":"https:\/\/webknjizara.hr\/en\/wp-json\/wp\/v2\/product_brand?post=21632"},{"taxonomy":"product_cat","embeddable":true,"href":"https:\/\/webknjizara.hr\/en\/wp-json\/wp\/v2\/product_cat?post=21632"},{"taxonomy":"product_tag","embeddable":true,"href":"https:\/\/webknjizara.hr\/en\/wp-json\/wp\/v2\/product_tag?post=21632"}],"curies":[{"name":"wp","href":"https:\/\/api.w.org\/{rel}","templated":true}]}}