{"id":21612,"date":"2026-04-13T23:45:31","date_gmt":"2026-04-13T21:45:31","guid":{"rendered":"https:\/\/webknjizara.hr\/?post_type=product&#038;p=21612"},"modified":"2026-04-15T12:18:00","modified_gmt":"2026-04-15T10:18:00","slug":"tapiserija-zivota-the-tapestry-of-life-robyn-vulinovich","status":"publish","type":"product","link":"https:\/\/webknjizara.hr\/en\/proizvod\/tapiserija-zivota-the-tapestry-of-life-robyn-vulinovich\/","title":{"rendered":"TAPISERIJA \u017dIVOTA\/THE TAPESTRY OF LIFE, Robyn Vulinovich"},"content":{"rendered":"<p class=\"western\" lang=\"hr-HR\">Rukopis autorice Robyn Vulinovich, prati uzbudljivu biografsku pri\u010du hrvatske snahe i australsko-hrvatske poduzetnice irskih korijena u maloj obiteljskoj tvrtki u turisti\u010dkome sektoru, koja posluje izme\u0111u Australije, Novog Zelanda i Europe &#8211; umre\u017eavaju\u0107i trenuta\u010dno ljude s raznih meridijana \u017eeljene autenti\u010dnih turisti\u010dkih do\u017eivljaja u mediteranskoj kolijevci Staroga kontinenta.<\/p>\n<p class=\"western\"><span style=\"color: #000000;\"><span lang=\"hr-HR\">Rukopis vjerodostojno skicira pro\u0161lostoljetnu globalnu migrantsku potku Europe u kojoj su u velikom broju sudjelovali i hrvatski iseljenici s jadranskih obala, a iz vizure jedne Australke irskoga podrijetla ro\u0111ene u Sydneyu 1945. godine \u2013 nametnula nam se sama po sebi poetska sintagma s pet klju\u010dnih rije\u010di ovoga rukopisa: Dalmatinsko srce Australke irskih korijena.\u00a0 <\/span><\/span><\/p>\n<p class=\"western\"><span style=\"color: #000000;\"><span lang=\"hr-HR\">Zaljubiti se u kr\u0161nog do\u0161ljaka \u2013 siroma\u0161nog Dalmatinca iz Podgore, napustiti obiteljski dom u studentsko doba i s njim se zaputiti na tropske australske planta\u017ee duhana, daleko od urbanih krajobraza jugozapadnog Sydneya \u2013 avantura je koju bi malo koja obitelj po\u017eeljela svojoj k\u0107eri i danas. No, ljubav, radi\u0161nost, strpljivost i sklad dviju srodnih du\u0161a Dalmatinca Branka i Australke Robyn \u010dini dra\u017eesna \u010duda i kada izazovi bra\u010dnoga \u017eivota u srednjim godinama poka\u017eu kako obiteljski biznis mo\u017ee ugroziti partnersku bliskost nakon romanti\u010dnih mladena\u010dkih zanosa \u0161ezdesetih 20. stolje\u0107a. <\/span><\/span><\/p>\n<p class=\"western\"><span style=\"color: #000000;\"><span lang=\"hr-HR\">Autorica Robyn Vulinovich posljednjih par desetlje\u0107a, nakon rastu\u0107ih poslovnih pothvata na planta\u017eama duhana te kasnije u lancu restorana pod Ju\u017enim kri\u017eem,\u00a0 ostvaruje fascinantnu karijeru konzultantice za putovanja u vlastitoj uspje\u0161noj turisti\u010dkoj agenciji \u201eMy Hidden Croatia\u201c, otkrivaju\u0107i u blogosferi i uglednim tiskanim magazinima poput britanskog Guardiana <\/span><\/span><span style=\"color: #000000;\"><span lang=\"hr-HR\"><i>malena mjesta srca svoga<\/i><\/span><\/span><span style=\"color: #000000;\"><span lang=\"hr-HR\"> koja se ni\u017eu kao dragulji uz ekolo\u0161ki o\u010duvanu dalmatinsku obalu, koja obiluje tisu\u0107ljetnim kulturnim naslje\u0111em hrvatskoga naroda, uklju\u010duju\u0107i vi\u0161e urbanih cjelina upisanih na UNESCO-ov <\/span><\/span><span style=\"color: #000000;\"><span lang=\"hr-HR\"><i>Popis svjetske ba\u0161tine<\/i><\/span><\/span><span style=\"color: #000000;\"><span lang=\"hr-HR\">, ali posjeduje s druge strane i listu \u010darobnih prirodnih zelenih krajolika poput Podgore &#8211; koju umiva tek <\/span><\/span><span style=\"color: #000000;\"><span lang=\"hr-HR\"><i>Bo\u017eja suza s nebeskih visina<\/i><\/span><\/span><span style=\"color: #000000;\"><span lang=\"hr-HR\">, ondje gdje se mitska planina Biokovo ljubi s modrim morskim \u0161irinama Jadrana. <\/span><\/span><\/p>\n<p class=\"western\"><span style=\"color: #000000;\"><span lang=\"hr-HR\">Rukopis je tiskan s fotografskom gra\u0111om i to u dvojezi\u010dnom obliku, \u010dime se premo\u0161\u0107enja jezi\u010dna barijera, a u cilju afirmiranja povratni\u010dkih migracija izme\u0111u Australije, Novoga Zelanda i Hrvatske, kao i odr\u017eavanja obostrano korisnih cirkularnih poslovnih, obiteljskih i prijateljskih me\u0111ukontinentalnih veza koje Lijepa Na\u0161a rado prakticira s navedenim domicilnim prekooceanskim dr\u017eavama &#8211; koje su hrvatskim migrantima kad im je to bilo najpotrebnije u pro\u0161losti velikodu\u0161no pru\u017eile kruh i slobodu, te u suvremenosti omogu\u0107ile prosperitet njihovim sinovima i unucima u posve ravnopravnim obrazovnim i dru\u0161tvenim prilikama tih najrazvijenijih prekooceanskih zemalja.\u00a0 <\/span><\/span><\/p>\n<p class=\"western\"><span style=\"color: #000000;\"><span lang=\"hr-HR\">Si\u017ee ove pri\u010de temelji se na zanimljivoj motivici iseljeni\u010dke povijesti hrvatskoga i irskoga naroda, koja je neobi\u010dno sli\u010dna, a koju su dijelili tako\u0111er milijuni Europljana tijekom pro\u0161lostoljetnih globalnih migracijskih valova nakon prve i druge svjetske kataklizme, odlaze\u0107i masovno u prekooceanske zemlje bilo iz ekonomskih bilo iz politi\u010dkih razloga. Obiteljske vrijednosti, radi\u0161nost, vjera i nada u bolje sutra povezivale su ta dva raseljena europska naroda, Irce i Hrvate, koji su &#8211; uz poslovne i obiteljske uspjehe &#8211; dijelili i sli\u010dne transgeneracijske traume koje neminovno ostavljaju o\u017eiljke na du\u0161ama ljudi u pokretu i \u0161to ih nedvojbeno \u010dini jo\u0161 senzibilnijim i ljudskijim u nezaustavljivoj suvremenoj mobilnosti miroljubivog \u010dovje\u010danstva kojem neupitno pripada na\u0161a snaha -spisateljica Robyn Vulinovich.<\/span><\/span><\/p>\n<p class=\"western\"><span style=\"color: #000000;\"><span lang=\"hr-HR\">Tekst se \u010dita s lako\u0107om iako zahva\u0107a vremensko razdoblje kada se iz Australije do Europe putovalo mjesec i pol dana brodom do na\u0161ih dana kada se ta razdaljina prevaljuje u par desetaka sati avionom, a emotivna obiteljska drama me\u0111ugeneracijske solidarnosti pro\u017eivljava u svakodnevnim virtualnim susretima na <\/span><\/span><span style=\"color: #000000;\"><span lang=\"hr-HR\"><i>Zoomu<\/i><\/span><\/span><span style=\"color: #000000;\"><span lang=\"hr-HR\"> u gotovo realnom vremenu.<\/span><\/span><\/p>\n<p class=\"western\"><span style=\"font-family: Arial, sans-serif;\"><span lang=\"hr-HR\"><b>Bilje\u0161ka o autorici: <\/b><\/span><\/span><\/p>\n<p class=\"western\"><span style=\"color: #000000;\"><span lang=\"hr-HR\">Robyn Vulinovich, Australka irskog podrijetla, nakon mnoge godina rada kao ugostiteljica u Queensland Australiji, Robyn je sad slijedila svoju strast \u017eive\u0107i trajno u Splitu od 2012. i rad u turisti\u010dkoj industriji a odnedavno \u017eivi u mirovini u Podgori, na Makarskoj Rivieri od 2024., u domovini njenog pokojnog mu\u017ea. No, uvijek je dostupna putnicima koji tra\u017ee njezine savjet i konzultacije posebno onima koji prvi put podsje\u0107aju Hrvatsku. Njena ljubav prema svemu Hrvatskom nema granica.<\/span><\/span><\/p>\n<p class=\"western\"><span style=\"font-family: Arial, sans-serif;\"><span lang=\"hr-HR\"><b>Klju\u010dne rije\u010di:<br \/>\n<\/b><\/span><\/span><span style=\"color: #000000;\">TAPISERIJA \u017dIVOTA\/THE TAPESTRY OF LIFE<br \/>\n<\/span>Australka utkana u hrvatski svijet<br \/>\nAUSTRALIAN GIRL WOVEN INTO CROATIAN WORLD<br \/>\n<span style=\"color: #000000;\">MY HIDDEN CROATIA\/MOJA SKRIVE NA HRVATSKA<br \/>\n<\/span>HRVATSKA MATICA ISELJENIKA\/CROATIAN HERITAGE FOUNDATION<\/p>\n<p class=\"western\"><span style=\"font-family: Arial, sans-serif;\"><span lang=\"hr-HR\"><b>Link: <\/b><a href=\"https:\/\/myhiddencroatia.com\/\" target=\"_blank\" rel=\"noopener\">https:\/\/myhiddencroatia.com\/<\/a><\/span><\/span><\/p>\n<p class=\"western\"><span style=\"font-family: Arial, sans-serif;\"><span lang=\"hr-HR\"><b>E-mail: <\/b><a href=\"mailto:myhiddencroatia@gmail.com\">Robyn Vulinovich<\/a><\/span><\/span><\/p>\n<p class=\"western\"><strong><span style=\"font-family: Arial, sans-serif;\"><span lang=\"hr-HR\">Naslov: <\/span><\/span><\/strong><span style=\"font-family: Arial, sans-serif;\">Tapiserija \u017eivota\/The Tapestry Of Life<\/span><span style=\"font-family: Arial, sans-serif;\"><span lang=\"hr-HR\"><br \/>\n<\/span><\/span><strong><span style=\"font-family: Arial, sans-serif;\"><span lang=\"hr-HR\">Autorica:<\/span><\/span><\/strong> <span style=\"font-family: Arial, sans-serif;\">Robyn Vulinovich<\/span><span style=\"font-family: Arial, sans-serif;\"><span lang=\"hr-HR\"><br \/>\n<\/span><\/span><strong><span style=\"font-family: Arial, sans-serif;\"><span lang=\"hr-HR\">Broj stranica: <\/span><\/span><\/strong><span style=\"font-family: Arial, sans-serif;\"><span lang=\"en-US\">78<\/span><\/span><span style=\"font-family: Arial, sans-serif;\"><span lang=\"hr-HR\"><br \/>\n<\/span><\/span><strong><span style=\"font-family: Arial, sans-serif;\"><span lang=\"hr-HR\">Nakladnik: <\/span><\/span><\/strong><strong><span style=\"font-family: Arial, sans-serif;\">Hrvatska matica iseljenika \u2013 Podru\u017enica Split, Ogranak matice hrvatske u Splitu<\/span><\/strong><span style=\"font-family: Arial, sans-serif;\"><span lang=\"hr-HR\"><br \/>\n<\/span><\/span><strong><span style=\"font-family: Arial, sans-serif;\"><span lang=\"hr-HR\">Godina izdanja: <\/span><\/span><\/strong><strong><span style=\"font-family: Arial, sans-serif;\">2025.<\/span><\/strong><strong><span style=\"font-family: Arial, sans-serif;\"><span lang=\"hr-HR\">.<br \/>\n<\/span><\/span><\/strong><strong><span style=\"font-family: Arial, sans-serif;\"><span lang=\"hr-HR\">ISBN:<\/span><\/span><\/strong> <span style=\"font-family: Arial, sans-serif;\">978-953-8403-07-1, 978-953-8582-19-6<\/span><span style=\"font-family: Arial, sans-serif;\"><span lang=\"hr-HR\"><br \/>\n<\/span><\/span><strong><span style=\"font-family: Arial, sans-serif;\"><span lang=\"hr-HR\">Tisak:<\/span><\/span><\/strong><span style=\"font-family: Arial, sans-serif;\"><span lang=\"hr-HR\"> digitalni tisak knjiga &#8211; print na zahtjev<\/span><\/span><\/p>\n","protected":false},"excerpt":{"rendered":"<p>Rukopis autorice Robyn Vulinovich, prati uzbudljivu biografsku pri\u010du hrvatske snahe i australsko-hrvatske poduzetnice irskih korijena u maloj obiteljskoj tvrtki u turisti\u010dkome sektoru, koja posluje izme\u0111u Australije, Novog Zelanda i Europe &#8211; umre\u017eavaju\u0107i trenuta\u010dno ljude s raznih meridijana \u017eeljene autenti\u010dnih turisti\u010dkih do\u017eivljaja u mediteranskoj kolijevci Staroga kontinenta. Rukopis vjerodostojno skicira pro\u0161lostoljetnu globalnu migrantsku potku Europe u [&hellip;]<\/p>\n","protected":false},"featured_media":21613,"comment_status":"open","ping_status":"closed","template":"","meta":{"_acf_changed":false},"product_brand":[],"product_cat":[2621],"product_tag":[],"class_list":{"0":"post-21612","1":"product","2":"type-product","3":"status-publish","4":"has-post-thumbnail","6":"product_cat-autobiografija","7":"pa_autor-robyn-vulinovich","8":"pa_nakladnik-hrvatska-matica-iseljenika-podruznica-split-ogranak-matice-hrvatske-u-splitu","10":"first","11":"instock","12":"shipping-taxable","13":"purchasable","14":"product-type-simple"},"acf":[],"yoast_head":"<!-- This site is optimized with the Yoast SEO plugin v27.3 - https:\/\/yoast.com\/product\/yoast-seo-wordpress\/ -->\n<title>TAPISERIJA \u017dIVOTA\/THE TAPESTRY OF LIFE, Robyn Vulinovich - Web-knji\u017eara<\/title>\n<meta name=\"robots\" content=\"index, follow, max-snippet:-1, max-image-preview:large, max-video-preview:-1\" \/>\n<link rel=\"canonical\" href=\"https:\/\/webknjizara.hr\/proizvod\/tapiserija-zivota-the-tapestry-of-life-robyn-vulinovich\/\" \/>\n<meta property=\"og:locale\" content=\"en_US\" \/>\n<meta property=\"og:type\" content=\"article\" \/>\n<meta property=\"og:title\" content=\"TAPISERIJA \u017dIVOTA\/THE TAPESTRY OF LIFE, Robyn Vulinovich - Web-knji\u017eara\" \/>\n<meta property=\"og:description\" content=\"Rukopis autorice Robyn Vulinovich, prati uzbudljivu biografsku pri\u010du hrvatske snahe i australsko-hrvatske poduzetnice irskih korijena u maloj obiteljskoj tvrtki u turisti\u010dkome sektoru, koja posluje izme\u0111u Australije, Novog Zelanda i Europe &#8211; umre\u017eavaju\u0107i trenuta\u010dno ljude s raznih meridijana \u017eeljene autenti\u010dnih turisti\u010dkih do\u017eivljaja u mediteranskoj kolijevci Staroga kontinenta. Rukopis vjerodostojno skicira pro\u0161lostoljetnu globalnu migrantsku potku Europe u [&hellip;]\" \/>\n<meta property=\"og:url\" content=\"https:\/\/webknjizara.hr\/proizvod\/tapiserija-zivota-the-tapestry-of-life-robyn-vulinovich\/\" \/>\n<meta property=\"og:site_name\" content=\"Web-knji\u017eara\" \/>\n<meta property=\"article:modified_time\" content=\"2026-04-15T10:18:00+00:00\" \/>\n<meta property=\"og:image\" content=\"https:\/\/webknjizara.hr\/wp-content\/uploads\/2026\/04\/Robyn_Vulinovich_Tapiserija_zivota_webknjizara_redak_WEB_1814.jpg\" \/>\n\t<meta property=\"og:image:width\" content=\"300\" \/>\n\t<meta property=\"og:image:height\" content=\"314\" \/>\n\t<meta property=\"og:image:type\" content=\"image\/jpeg\" \/>\n<meta name=\"twitter:card\" content=\"summary_large_image\" \/>\n<meta name=\"twitter:label1\" content=\"Est. reading time\" \/>\n\t<meta name=\"twitter:data1\" content=\"4 minutes\" \/>\n<script type=\"application\/ld+json\" class=\"yoast-schema-graph\">{\"@context\":\"https:\\\/\\\/schema.org\",\"@graph\":[{\"@type\":\"WebPage\",\"@id\":\"https:\\\/\\\/webknjizara.hr\\\/proizvod\\\/tapiserija-zivota-the-tapestry-of-life-robyn-vulinovich\\\/\",\"url\":\"https:\\\/\\\/webknjizara.hr\\\/proizvod\\\/tapiserija-zivota-the-tapestry-of-life-robyn-vulinovich\\\/\",\"name\":\"TAPISERIJA \u017dIVOTA\\\/THE TAPESTRY OF LIFE, Robyn Vulinovich - Web-knji\u017eara\",\"isPartOf\":{\"@id\":\"https:\\\/\\\/webknjizara.hr\\\/#website\"},\"primaryImageOfPage\":{\"@id\":\"https:\\\/\\\/webknjizara.hr\\\/proizvod\\\/tapiserija-zivota-the-tapestry-of-life-robyn-vulinovich\\\/#primaryimage\"},\"image\":{\"@id\":\"https:\\\/\\\/webknjizara.hr\\\/proizvod\\\/tapiserija-zivota-the-tapestry-of-life-robyn-vulinovich\\\/#primaryimage\"},\"thumbnailUrl\":\"https:\\\/\\\/webknjizara.hr\\\/wp-content\\\/uploads\\\/2026\\\/04\\\/Robyn_Vulinovich_Tapiserija_zivota_webknjizara_redak_WEB_1814.jpg\",\"datePublished\":\"2026-04-13T21:45:31+00:00\",\"dateModified\":\"2026-04-15T10:18:00+00:00\",\"breadcrumb\":{\"@id\":\"https:\\\/\\\/webknjizara.hr\\\/proizvod\\\/tapiserija-zivota-the-tapestry-of-life-robyn-vulinovich\\\/#breadcrumb\"},\"inLanguage\":\"en-US\",\"potentialAction\":[{\"@type\":\"ReadAction\",\"target\":[\"https:\\\/\\\/webknjizara.hr\\\/proizvod\\\/tapiserija-zivota-the-tapestry-of-life-robyn-vulinovich\\\/\"]}]},{\"@type\":\"ImageObject\",\"inLanguage\":\"en-US\",\"@id\":\"https:\\\/\\\/webknjizara.hr\\\/proizvod\\\/tapiserija-zivota-the-tapestry-of-life-robyn-vulinovich\\\/#primaryimage\",\"url\":\"https:\\\/\\\/webknjizara.hr\\\/wp-content\\\/uploads\\\/2026\\\/04\\\/Robyn_Vulinovich_Tapiserija_zivota_webknjizara_redak_WEB_1814.jpg\",\"contentUrl\":\"https:\\\/\\\/webknjizara.hr\\\/wp-content\\\/uploads\\\/2026\\\/04\\\/Robyn_Vulinovich_Tapiserija_zivota_webknjizara_redak_WEB_1814.jpg\",\"width\":300,\"height\":314,\"caption\":\"TAPISERIJA \u017dIVOTA\\\/THE TAPESTRY OF LIFE, Robyn Vulinovich\"},{\"@type\":\"BreadcrumbList\",\"@id\":\"https:\\\/\\\/webknjizara.hr\\\/proizvod\\\/tapiserija-zivota-the-tapestry-of-life-robyn-vulinovich\\\/#breadcrumb\",\"itemListElement\":[{\"@type\":\"ListItem\",\"position\":1,\"name\":\"Po\u010detna stranica\",\"item\":\"https:\\\/\\\/webknjizara.hr\\\/en\\\/\"},{\"@type\":\"ListItem\",\"position\":2,\"name\":\"Shop\",\"item\":\"https:\\\/\\\/webknjizara.hr\\\/shop\\\/\"},{\"@type\":\"ListItem\",\"position\":3,\"name\":\"TAPISERIJA \u017dIVOTA\\\/THE TAPESTRY OF LIFE, Robyn Vulinovich\"}]},{\"@type\":\"WebSite\",\"@id\":\"https:\\\/\\\/webknjizara.hr\\\/#website\",\"url\":\"https:\\\/\\\/webknjizara.hr\\\/\",\"name\":\"Web Knji\u017eara\",\"description\":\"\",\"publisher\":{\"@id\":\"https:\\\/\\\/webknjizara.hr\\\/#organization\"},\"potentialAction\":[{\"@type\":\"SearchAction\",\"target\":{\"@type\":\"EntryPoint\",\"urlTemplate\":\"https:\\\/\\\/webknjizara.hr\\\/?s={search_term_string}\"},\"query-input\":{\"@type\":\"PropertyValueSpecification\",\"valueRequired\":true,\"valueName\":\"search_term_string\"}}],\"inLanguage\":\"en-US\"},{\"@type\":\"Organization\",\"@id\":\"https:\\\/\\\/webknjizara.hr\\\/#organization\",\"name\":\"REDAK D.O.O.\",\"url\":\"https:\\\/\\\/webknjizara.hr\\\/\",\"logo\":{\"@type\":\"ImageObject\",\"inLanguage\":\"en-US\",\"@id\":\"https:\\\/\\\/webknjizara.hr\\\/#\\\/schema\\\/logo\\\/image\\\/\",\"url\":\"https:\\\/\\\/webknjizara.hr\\\/wp-content\\\/uploads\\\/2023\\\/01\\\/web-knjizara-logo.webp\",\"contentUrl\":\"https:\\\/\\\/webknjizara.hr\\\/wp-content\\\/uploads\\\/2023\\\/01\\\/web-knjizara-logo.webp\",\"width\":324,\"height\":79,\"caption\":\"REDAK D.O.O.\"},\"image\":{\"@id\":\"https:\\\/\\\/webknjizara.hr\\\/#\\\/schema\\\/logo\\\/image\\\/\"}}]}<\/script>\n<!-- \/ Yoast SEO plugin. -->","yoast_head_json":{"title":"TAPISERIJA \u017dIVOTA\/THE TAPESTRY OF LIFE, Robyn Vulinovich - Web-knji\u017eara","robots":{"index":"index","follow":"follow","max-snippet":"max-snippet:-1","max-image-preview":"max-image-preview:large","max-video-preview":"max-video-preview:-1"},"canonical":"https:\/\/webknjizara.hr\/proizvod\/tapiserija-zivota-the-tapestry-of-life-robyn-vulinovich\/","og_locale":"en_US","og_type":"article","og_title":"TAPISERIJA \u017dIVOTA\/THE TAPESTRY OF LIFE, Robyn Vulinovich - Web-knji\u017eara","og_description":"Rukopis autorice Robyn Vulinovich, prati uzbudljivu biografsku pri\u010du hrvatske snahe i australsko-hrvatske poduzetnice irskih korijena u maloj obiteljskoj tvrtki u turisti\u010dkome sektoru, koja posluje izme\u0111u Australije, Novog Zelanda i Europe &#8211; umre\u017eavaju\u0107i trenuta\u010dno ljude s raznih meridijana \u017eeljene autenti\u010dnih turisti\u010dkih do\u017eivljaja u mediteranskoj kolijevci Staroga kontinenta. Rukopis vjerodostojno skicira pro\u0161lostoljetnu globalnu migrantsku potku Europe u [&hellip;]","og_url":"https:\/\/webknjizara.hr\/proizvod\/tapiserija-zivota-the-tapestry-of-life-robyn-vulinovich\/","og_site_name":"Web-knji\u017eara","article_modified_time":"2026-04-15T10:18:00+00:00","og_image":[{"width":300,"height":314,"url":"https:\/\/webknjizara.hr\/wp-content\/uploads\/2026\/04\/Robyn_Vulinovich_Tapiserija_zivota_webknjizara_redak_WEB_1814.jpg","type":"image\/jpeg"}],"twitter_card":"summary_large_image","twitter_misc":{"Est. reading time":"4 minutes"},"schema":{"@context":"https:\/\/schema.org","@graph":[{"@type":"WebPage","@id":"https:\/\/webknjizara.hr\/proizvod\/tapiserija-zivota-the-tapestry-of-life-robyn-vulinovich\/","url":"https:\/\/webknjizara.hr\/proizvod\/tapiserija-zivota-the-tapestry-of-life-robyn-vulinovich\/","name":"TAPISERIJA \u017dIVOTA\/THE TAPESTRY OF LIFE, Robyn Vulinovich - Web-knji\u017eara","isPartOf":{"@id":"https:\/\/webknjizara.hr\/#website"},"primaryImageOfPage":{"@id":"https:\/\/webknjizara.hr\/proizvod\/tapiserija-zivota-the-tapestry-of-life-robyn-vulinovich\/#primaryimage"},"image":{"@id":"https:\/\/webknjizara.hr\/proizvod\/tapiserija-zivota-the-tapestry-of-life-robyn-vulinovich\/#primaryimage"},"thumbnailUrl":"https:\/\/webknjizara.hr\/wp-content\/uploads\/2026\/04\/Robyn_Vulinovich_Tapiserija_zivota_webknjizara_redak_WEB_1814.jpg","datePublished":"2026-04-13T21:45:31+00:00","dateModified":"2026-04-15T10:18:00+00:00","breadcrumb":{"@id":"https:\/\/webknjizara.hr\/proizvod\/tapiserija-zivota-the-tapestry-of-life-robyn-vulinovich\/#breadcrumb"},"inLanguage":"en-US","potentialAction":[{"@type":"ReadAction","target":["https:\/\/webknjizara.hr\/proizvod\/tapiserija-zivota-the-tapestry-of-life-robyn-vulinovich\/"]}]},{"@type":"ImageObject","inLanguage":"en-US","@id":"https:\/\/webknjizara.hr\/proizvod\/tapiserija-zivota-the-tapestry-of-life-robyn-vulinovich\/#primaryimage","url":"https:\/\/webknjizara.hr\/wp-content\/uploads\/2026\/04\/Robyn_Vulinovich_Tapiserija_zivota_webknjizara_redak_WEB_1814.jpg","contentUrl":"https:\/\/webknjizara.hr\/wp-content\/uploads\/2026\/04\/Robyn_Vulinovich_Tapiserija_zivota_webknjizara_redak_WEB_1814.jpg","width":300,"height":314,"caption":"TAPISERIJA \u017dIVOTA\/THE TAPESTRY OF LIFE, Robyn Vulinovich"},{"@type":"BreadcrumbList","@id":"https:\/\/webknjizara.hr\/proizvod\/tapiserija-zivota-the-tapestry-of-life-robyn-vulinovich\/#breadcrumb","itemListElement":[{"@type":"ListItem","position":1,"name":"Po\u010detna stranica","item":"https:\/\/webknjizara.hr\/en\/"},{"@type":"ListItem","position":2,"name":"Shop","item":"https:\/\/webknjizara.hr\/shop\/"},{"@type":"ListItem","position":3,"name":"TAPISERIJA \u017dIVOTA\/THE TAPESTRY OF LIFE, Robyn Vulinovich"}]},{"@type":"WebSite","@id":"https:\/\/webknjizara.hr\/#website","url":"https:\/\/webknjizara.hr\/","name":"Web Knji\u017eara","description":"","publisher":{"@id":"https:\/\/webknjizara.hr\/#organization"},"potentialAction":[{"@type":"SearchAction","target":{"@type":"EntryPoint","urlTemplate":"https:\/\/webknjizara.hr\/?s={search_term_string}"},"query-input":{"@type":"PropertyValueSpecification","valueRequired":true,"valueName":"search_term_string"}}],"inLanguage":"en-US"},{"@type":"Organization","@id":"https:\/\/webknjizara.hr\/#organization","name":"REDAK D.O.O.","url":"https:\/\/webknjizara.hr\/","logo":{"@type":"ImageObject","inLanguage":"en-US","@id":"https:\/\/webknjizara.hr\/#\/schema\/logo\/image\/","url":"https:\/\/webknjizara.hr\/wp-content\/uploads\/2023\/01\/web-knjizara-logo.webp","contentUrl":"https:\/\/webknjizara.hr\/wp-content\/uploads\/2023\/01\/web-knjizara-logo.webp","width":324,"height":79,"caption":"REDAK D.O.O."},"image":{"@id":"https:\/\/webknjizara.hr\/#\/schema\/logo\/image\/"}}]}},"_links":{"self":[{"href":"https:\/\/webknjizara.hr\/en\/wp-json\/wp\/v2\/product\/21612","targetHints":{"allow":["GET"]}}],"collection":[{"href":"https:\/\/webknjizara.hr\/en\/wp-json\/wp\/v2\/product"}],"about":[{"href":"https:\/\/webknjizara.hr\/en\/wp-json\/wp\/v2\/types\/product"}],"replies":[{"embeddable":true,"href":"https:\/\/webknjizara.hr\/en\/wp-json\/wp\/v2\/comments?post=21612"}],"wp:featuredmedia":[{"embeddable":true,"href":"https:\/\/webknjizara.hr\/en\/wp-json\/wp\/v2\/media\/21613"}],"wp:attachment":[{"href":"https:\/\/webknjizara.hr\/en\/wp-json\/wp\/v2\/media?parent=21612"}],"wp:term":[{"taxonomy":"product_brand","embeddable":true,"href":"https:\/\/webknjizara.hr\/en\/wp-json\/wp\/v2\/product_brand?post=21612"},{"taxonomy":"product_cat","embeddable":true,"href":"https:\/\/webknjizara.hr\/en\/wp-json\/wp\/v2\/product_cat?post=21612"},{"taxonomy":"product_tag","embeddable":true,"href":"https:\/\/webknjizara.hr\/en\/wp-json\/wp\/v2\/product_tag?post=21612"}],"curies":[{"name":"wp","href":"https:\/\/api.w.org\/{rel}","templated":true}]}}