{"id":21591,"date":"2026-04-09T23:40:49","date_gmt":"2026-04-09T21:40:49","guid":{"rendered":"https:\/\/webknjizara.hr\/?post_type=product&#038;p=21591"},"modified":"2026-04-09T23:40:49","modified_gmt":"2026-04-09T21:40:49","slug":"zena-za-mene-dubravka-brkic","status":"publish","type":"product","link":"https:\/\/webknjizara.hr\/en\/proizvod\/zena-za-mene-dubravka-brkic\/","title":{"rendered":"\u017dENA ZA MENE, Dubravka Brki\u0107"},"content":{"rendered":"<p class=\"western\" lang=\"hr-HR\"><em><span style=\"font-family: Arial, sans-serif;\">Ella Hasel, urednica blogova Knji\u0161ki recenzeRAJ i SvojaITo\u010dka, napisala je nekoliko rije\u010di o knjizi:<\/span><\/em><\/p>\n<p class=\"western\"><span style=\"font-family: Arial, sans-serif;\"><span lang=\"hr-HR\">\u017dena za mene roman je autorice Dubravke Brki\u0107, koji na autenti\u010dan na\u010din progovara o temama poput ljubavi, gubitka i novih po\u010detaka. Pratimo intimnu ispovijest supruga i oca, Viktora, koji pripovijeda o braku koji se godinama lomio izme\u0111u rutine, neizgovorenih boli i potisnutih \u017eelja. S druge strane, njegova supruga Franka, uspje\u0161na i distancirana, nakon tragedije gubi toplinu i okre\u0107e se drugim mu\u0161karcima. Viktor je prepun sumnji i strahova, bori se izme\u0111u odanosti, kukavi\u010dluka i \u017eudnje za ne\u010dim novim.<\/span><\/span><\/p>\n<p class=\"western\" lang=\"hr-HR\"><span style=\"font-family: Arial, sans-serif;\">Roman istra\u017euje \u0161to se doga\u0111a kada ljubav prestane biti uto\u010di\u0161te i kada partneri postanu stranci, a dru\u0161tvene maske va\u017enije od istine. Autorica na poseban na\u010din propitkuje i samoga \u010ditatelja, kao i njegove \u017eivotne odluke. Dokle nas mo\u017ee odvesti strah od samo\u0107e? I mo\u017ee li se nakon gubitaka, izdaja i razo\u010daranja prona\u0107i put prema bliskosti?<\/span><\/p>\n<p class=\"western\"><span style=\"font-family: Arial, sans-serif;\"><span lang=\"hr-HR\">\u017dena za mene \u017eivotna je, bolna i nje\u017ena pri\u010da o braku i roditeljstvu, o usponima i padovima svakodnevnoga \u017eivota \u2013 pri\u010da u kojoj \u0107e se mnogi prepoznati. Topla, iskrena i bez uljep\u0161avanja, ova knjiga nudi ogledalo suvremenim odnosima i podsje\u0107a nas da, unato\u010d svemu, ljubav uvijek pronalazi svoje oblike.<\/span><\/span><\/p>\n<p class=\"western\" lang=\"hr-HR\"><em><span style=\"font-family: Arial, sans-serif;\">Kruno \u0160afrani\u0107, urednik stranice Pisci i Knji\u017eevnost, napisao je nekoliko rije\u010di o knjizi:<\/span><\/em><\/p>\n<p class=\"western\"><span style=\"font-family: Arial, sans-serif;\"><span lang=\"hr-HR\">Suvremeni roman koji je pred nama zasigurno \u0107e zainteresirati i one zahtjevnije \u010ditatelje. Dubravka Brki\u0107 o\u017eivjela je likove, osmislila im karaktere i uloge. Intimna je to ispovijest, u kojoj se Dubravka na\u0161la kao vrsni \u017eongler. Pisala je takvom lako\u0107om kojom se re\u010denice kao perle na niti ni\u017eu jedna za drugom i uvla\u010de nas sve dublje u pri\u010du, pozivaju\u0107i nas da ostanemo koju stranicu du\u017ee za knjigom. Vje\u0161to je osmislila nazive poglavlja, \u0161to posebno pozdravljam u romanima, jer ostavlja dojam autora koji posve\u0107uje pozornost svakom aspektu svoga djela. Primjerice, poglavlje On-line nalazi se na samome po\u010detku romana, a pri\u010da koju otvara toliko je zanimljiva da te tjera na daljnje \u010ditanje. Prikaz toga mo\u017eemo prona\u0107i u odlomku:<\/span><\/span><\/p>\n<p class=\"western\"><span style=\"font-family: Arial, sans-serif;\"><span lang=\"hr-HR\">Tako je bilo tijekom nekoliko tjedana. O\u010dito da su se neki moji komentari svidjeli Megi, jer je komentirala i lajkala. Slijedom toga, jedne ve\u010deri odlu\u010dio sam poslati joj zahtjev za prijateljstvo. Prihvatila je sutradan. Mo\u017eda je u me\u0111uvremenu razmi\u0161ljala o mome zatvorenom profilu. Naime, nisam dijelio nikakve privatne informacije. Ja sam znao da ona ima 48 godina, da nema partnera, da radi kao turisti\u010dki vodi\u010d te da se punim imenom zove Margareta i \u017eivi u Zagrebu. Dovoljno da mi se svidi. Odmah sam joj napisao puno toga o sebi, pru\u017eaju\u0107i joj zadovoljavaju\u0107u koli\u010dinu informacija koja bi, barem po mome mi\u0161ljenju, trebala biti dovoljna za po\u010detak jednog prijateljstva. Odgovorila je: <\/span><\/span><\/p>\n<p class=\"western\" lang=\"hr-HR\">\u201e<span style=\"font-family: Arial, sans-serif;\">Nasmijao si me. Nisi mi odmah morao slati svoj \u017eivotopis na uvid. Neke bi osnovne informacije bile dovoljne.\u201c <\/span><\/p>\n<p class=\"western\"><span style=\"font-family: Arial, sans-serif;\"><span lang=\"hr-HR\">Koja blama\u017ea! Ne znam vi\u0161e razgovarati sa \u017eenama. Pro\u0161lo je osamnaest godina otkad sam se tako upucavao Franki. I to je bilo zadnji put. Osjetio sam kako se crvenim kao balavac.<\/span><\/span><\/p>\n<p class=\"western\"><span style=\"font-family: Arial, sans-serif;\"><span lang=\"hr-HR\">Ali posao nije sve, posao nije ono gdje \u0107emo ostaviti du\u0161u i cijeli svoj \u017eivotni vijek. Junak na\u0161e pri\u010de vi\u0161e ne pronalazi uto\u010di\u0161te u sretnom braku. Je li vrijeme za ne\u0161to novo? Toliko je prilika, isku\u0161enja, \u017eudnji, potreba&#8230; Mo\u017eemo li ostati vjerni jednoj osobi do kraja \u017eivota i je li ona nama vjerna? Posao, ku\u0107a, posao, ku\u0107a&#8230; Svakodnevni padovi i usponi ostavljaju tragove na nama. Upravo se u svemu re\u010denom Dubravka odli\u010dno sna\u0161la kao spisateljica, poput najvje\u0161tijeg \u017eonglera koji istra\u017euju\u0107i pomi\u010de granice, ide dalje, ide dublje u pri\u010du, ide u samu sr\u017e onoga \u0161to je zamislila i tako je savr\u0161eno o\u017eivjela pri\u010du romana \u017dena za mene.<\/span><\/span><\/p>\n<p lang=\"hr-HR\"><span style=\"color: #00000a;\"><span style=\"font-family: Liberation Serif, Times New Roman, serif;\"><span style=\"font-size: medium;\"><span style=\"font-family: Arial, sans-serif;\"><b>Bilje\u0161ka o autorici: <\/b><\/span><\/span><\/span><\/span><\/p>\n<p lang=\"hr-HR\"><span style=\"color: #00000a;\"><span style=\"font-family: Liberation Serif, Times New Roman, serif;\"><span style=\"font-size: medium;\"><span style=\"font-family: Arial, sans-serif;\">Dubravka Brki\u0107 ro\u0111ena je 1969. u Banja Luci, Bosna i Hercegovina. 1988. dolazi u Zagreb radi studija Elektrotehnike. Tamo je ostala \u017eivjeti i njegovati ljubav prema knji\u017eevnosti, matematici i fizici. Pored toga voli vrtlariti, pri\u010dati s cvije\u0107em, istra\u017eivati prirodu s dva udomljena irska hrta, kuhati za prijatelje i obitelj, putovati i upoznavati nove kulture i obi\u010daje. <\/span><\/span><\/span><\/span><\/p>\n<p lang=\"hr-HR\"><span style=\"color: #00000a;\"><span style=\"font-family: Liberation Serif, Times New Roman, serif;\"><span style=\"font-size: medium;\"><span style=\"font-family: Arial, sans-serif;\">Mladena\u010dku ljubav prema pisanoj rije\u010di preto\u010dila je u svoje romane. 2025. objavila je svoj prvi roman <\/span><span style=\"font-family: Arial, sans-serif;\"><i>Baklava.<\/i><\/span><\/span><\/span><\/span><\/p>\n<p lang=\"hr-HR\"><span style=\"color: #00000a;\"><span style=\"font-family: Liberation Serif, Times New Roman, serif;\"><span style=\"font-size: medium;\"><span style=\"font-family: Arial, sans-serif;\">U romanu <\/span><span style=\"font-family: Arial, sans-serif;\"><i>\u017dena za mene<\/i><\/span><span style=\"font-family: Arial, sans-serif;\"> bavi se odnosima u suvremenom svijetu, obiteljskim krizama, prijateljskim i ljubavnim borbama, i to najvi\u0161e unutar nas samih. Ali uvijek ostaje pozitivna, s vjerom u ljepotu sada\u0161njeg trenutka.<\/span><\/span><\/span><\/span><\/p>\n<p class=\"western\"><span style=\"font-family: Arial, sans-serif;\"><span lang=\"hr-HR\"><b>Klju\u010dne rije\u010di: <\/b><\/span><\/span><span style=\"color: #000000;\"><span lang=\"hr-HR\">\u017dena za mene, proza, suvremeni roman, ljubavni roman, Pisci i Knji\u017eevnost<\/span><\/span><\/p>\n<p class=\"western\"><span style=\"font-family: Arial, sans-serif;\"><span lang=\"hr-HR\"><b>E-mail: <\/b><a href=\"mailto:dubravka.brkic@hrote.hr\"><span style=\"color: #000000;\">Dubravka Brki\u0107<\/span><\/a><\/span><\/span><\/p>\n<p class=\"western\"><strong><span style=\"font-family: Arial, sans-serif;\"><span lang=\"hr-HR\">Naslov: <\/span><\/span><\/strong><span style=\"font-family: Arial, sans-serif;\">\u017dena za mene<\/span><span style=\"font-family: Arial, sans-serif;\"><span lang=\"hr-HR\"><br \/>\n<\/span><\/span><strong><span style=\"font-family: Arial, sans-serif;\"><span lang=\"hr-HR\">Autorica:<\/span><\/span><\/strong> <span style=\"font-family: Arial, sans-serif;\">Dubravka Brki\u0107<\/span><span style=\"font-family: Arial, sans-serif;\"><span lang=\"hr-HR\"><br \/>\n<\/span><\/span><strong><span style=\"font-family: Arial, sans-serif;\"><span lang=\"hr-HR\">Broj stranica: <\/span><\/span><\/strong><span style=\"font-family: Arial, sans-serif;\"><span lang=\"en-US\">116<\/span><\/span><span style=\"font-family: Arial, sans-serif;\"><span lang=\"hr-HR\"><br \/>\n<\/span><\/span><strong><span style=\"font-family: Arial, sans-serif;\"><span lang=\"hr-HR\">Nakladnik: <\/span><\/span><\/strong><span style=\"font-family: Arial, sans-serif;\">REDAK<\/span><span style=\"font-family: Arial, sans-serif;\"><span lang=\"hr-HR\"><br \/>\n<\/span><\/span><strong><span style=\"font-family: Arial, sans-serif;\"><span lang=\"hr-HR\">Godina izdanja:<\/span><\/span><\/strong> <span style=\"font-family: Arial, sans-serif;\">2026.<\/span><strong><span style=\"font-family: Arial, sans-serif;\"><span lang=\"hr-HR\"><br \/>\n<\/span><\/span><\/strong><strong><span style=\"font-family: Arial, sans-serif;\">ISBN:<\/span><\/strong><span style=\"font-family: Arial, sans-serif;\"> 978-953-395-162-1<br \/>\n<\/span><strong><span style=\"font-family: Arial, sans-serif;\">Tisak:<\/span><\/strong><span style=\"font-family: Arial, sans-serif;\"> digitalni tisak knjiga &#8211; print na zahtjev<\/span><\/p>\n","protected":false},"excerpt":{"rendered":"<p>Ella Hasel, urednica blogova Knji\u0161ki recenzeRAJ i SvojaITo\u010dka, napisala je nekoliko rije\u010di o knjizi: \u017dena za mene roman je autorice Dubravke Brki\u0107, koji na autenti\u010dan na\u010din progovara o temama poput ljubavi, gubitka i novih po\u010detaka. Pratimo intimnu ispovijest supruga i oca, Viktora, koji pripovijeda o braku koji se godinama lomio izme\u0111u rutine, neizgovorenih boli i [&hellip;]<\/p>\n","protected":false},"featured_media":21592,"comment_status":"open","ping_status":"closed","template":"","meta":{"_acf_changed":false},"product_brand":[],"product_cat":[1607],"product_tag":[],"class_list":{"0":"post-21591","1":"product","2":"type-product","3":"status-publish","4":"has-post-thumbnail","6":"product_cat-proza","7":"pa_autor-dubravka-brkic","8":"pa_nakladnik-redak","10":"first","11":"instock","12":"shipping-taxable","13":"purchasable","14":"product-type-simple"},"acf":[],"yoast_head":"<!-- This site is optimized with the Yoast SEO plugin v27.3 - https:\/\/yoast.com\/product\/yoast-seo-wordpress\/ -->\n<title>\u017dENA ZA MENE, Dubravka Brki\u0107 - Web-knji\u017eara<\/title>\n<meta name=\"robots\" content=\"index, follow, max-snippet:-1, max-image-preview:large, max-video-preview:-1\" \/>\n<link rel=\"canonical\" href=\"https:\/\/webknjizara.hr\/proizvod\/zena-za-mene-dubravka-brkic\/\" \/>\n<meta property=\"og:locale\" content=\"en_US\" \/>\n<meta property=\"og:type\" content=\"article\" \/>\n<meta property=\"og:title\" content=\"\u017dENA ZA MENE, Dubravka Brki\u0107 - Web-knji\u017eara\" \/>\n<meta property=\"og:description\" content=\"Ella Hasel, urednica blogova Knji\u0161ki recenzeRAJ i SvojaITo\u010dka, napisala je nekoliko rije\u010di o knjizi: \u017dena za mene roman je autorice Dubravke Brki\u0107, koji na autenti\u010dan na\u010din progovara o temama poput ljubavi, gubitka i novih po\u010detaka. Pratimo intimnu ispovijest supruga i oca, Viktora, koji pripovijeda o braku koji se godinama lomio izme\u0111u rutine, neizgovorenih boli i [&hellip;]\" \/>\n<meta property=\"og:url\" content=\"https:\/\/webknjizara.hr\/proizvod\/zena-za-mene-dubravka-brkic\/\" \/>\n<meta property=\"og:site_name\" content=\"Web-knji\u017eara\" \/>\n<meta property=\"og:image\" content=\"https:\/\/webknjizara.hr\/wp-content\/uploads\/2026\/04\/Dubravka_Brkic_Zena_za_mene_webknjizara_redak_WEB_1843.jpg\" \/>\n\t<meta property=\"og:image:width\" content=\"300\" \/>\n\t<meta property=\"og:image:height\" content=\"419\" \/>\n\t<meta property=\"og:image:type\" content=\"image\/jpeg\" \/>\n<meta name=\"twitter:card\" content=\"summary_large_image\" \/>\n<meta name=\"twitter:label1\" content=\"Est. reading time\" \/>\n\t<meta name=\"twitter:data1\" content=\"5 minutes\" \/>\n<script type=\"application\/ld+json\" class=\"yoast-schema-graph\">{\"@context\":\"https:\\\/\\\/schema.org\",\"@graph\":[{\"@type\":\"WebPage\",\"@id\":\"https:\\\/\\\/webknjizara.hr\\\/proizvod\\\/zena-za-mene-dubravka-brkic\\\/\",\"url\":\"https:\\\/\\\/webknjizara.hr\\\/proizvod\\\/zena-za-mene-dubravka-brkic\\\/\",\"name\":\"\u017dENA ZA MENE, Dubravka Brki\u0107 - Web-knji\u017eara\",\"isPartOf\":{\"@id\":\"https:\\\/\\\/webknjizara.hr\\\/#website\"},\"primaryImageOfPage\":{\"@id\":\"https:\\\/\\\/webknjizara.hr\\\/proizvod\\\/zena-za-mene-dubravka-brkic\\\/#primaryimage\"},\"image\":{\"@id\":\"https:\\\/\\\/webknjizara.hr\\\/proizvod\\\/zena-za-mene-dubravka-brkic\\\/#primaryimage\"},\"thumbnailUrl\":\"https:\\\/\\\/webknjizara.hr\\\/wp-content\\\/uploads\\\/2026\\\/04\\\/Dubravka_Brkic_Zena_za_mene_webknjizara_redak_WEB_1843.jpg\",\"datePublished\":\"2026-04-09T21:40:49+00:00\",\"breadcrumb\":{\"@id\":\"https:\\\/\\\/webknjizara.hr\\\/proizvod\\\/zena-za-mene-dubravka-brkic\\\/#breadcrumb\"},\"inLanguage\":\"en-US\",\"potentialAction\":[{\"@type\":\"ReadAction\",\"target\":[\"https:\\\/\\\/webknjizara.hr\\\/proizvod\\\/zena-za-mene-dubravka-brkic\\\/\"]}]},{\"@type\":\"ImageObject\",\"inLanguage\":\"en-US\",\"@id\":\"https:\\\/\\\/webknjizara.hr\\\/proizvod\\\/zena-za-mene-dubravka-brkic\\\/#primaryimage\",\"url\":\"https:\\\/\\\/webknjizara.hr\\\/wp-content\\\/uploads\\\/2026\\\/04\\\/Dubravka_Brkic_Zena_za_mene_webknjizara_redak_WEB_1843.jpg\",\"contentUrl\":\"https:\\\/\\\/webknjizara.hr\\\/wp-content\\\/uploads\\\/2026\\\/04\\\/Dubravka_Brkic_Zena_za_mene_webknjizara_redak_WEB_1843.jpg\",\"width\":300,\"height\":419,\"caption\":\"\u017dENA ZA MENE, Dubravka Brki\u0107\"},{\"@type\":\"BreadcrumbList\",\"@id\":\"https:\\\/\\\/webknjizara.hr\\\/proizvod\\\/zena-za-mene-dubravka-brkic\\\/#breadcrumb\",\"itemListElement\":[{\"@type\":\"ListItem\",\"position\":1,\"name\":\"Po\u010detna stranica\",\"item\":\"https:\\\/\\\/webknjizara.hr\\\/en\\\/\"},{\"@type\":\"ListItem\",\"position\":2,\"name\":\"Shop\",\"item\":\"https:\\\/\\\/webknjizara.hr\\\/shop\\\/\"},{\"@type\":\"ListItem\",\"position\":3,\"name\":\"\u017dENA ZA MENE, Dubravka Brki\u0107\"}]},{\"@type\":\"WebSite\",\"@id\":\"https:\\\/\\\/webknjizara.hr\\\/#website\",\"url\":\"https:\\\/\\\/webknjizara.hr\\\/\",\"name\":\"Web Knji\u017eara\",\"description\":\"\",\"publisher\":{\"@id\":\"https:\\\/\\\/webknjizara.hr\\\/#organization\"},\"potentialAction\":[{\"@type\":\"SearchAction\",\"target\":{\"@type\":\"EntryPoint\",\"urlTemplate\":\"https:\\\/\\\/webknjizara.hr\\\/?s={search_term_string}\"},\"query-input\":{\"@type\":\"PropertyValueSpecification\",\"valueRequired\":true,\"valueName\":\"search_term_string\"}}],\"inLanguage\":\"en-US\"},{\"@type\":\"Organization\",\"@id\":\"https:\\\/\\\/webknjizara.hr\\\/#organization\",\"name\":\"REDAK D.O.O.\",\"url\":\"https:\\\/\\\/webknjizara.hr\\\/\",\"logo\":{\"@type\":\"ImageObject\",\"inLanguage\":\"en-US\",\"@id\":\"https:\\\/\\\/webknjizara.hr\\\/#\\\/schema\\\/logo\\\/image\\\/\",\"url\":\"https:\\\/\\\/webknjizara.hr\\\/wp-content\\\/uploads\\\/2023\\\/01\\\/web-knjizara-logo.webp\",\"contentUrl\":\"https:\\\/\\\/webknjizara.hr\\\/wp-content\\\/uploads\\\/2023\\\/01\\\/web-knjizara-logo.webp\",\"width\":324,\"height\":79,\"caption\":\"REDAK D.O.O.\"},\"image\":{\"@id\":\"https:\\\/\\\/webknjizara.hr\\\/#\\\/schema\\\/logo\\\/image\\\/\"}}]}<\/script>\n<!-- \/ Yoast SEO plugin. -->","yoast_head_json":{"title":"\u017dENA ZA MENE, Dubravka Brki\u0107 - Web-knji\u017eara","robots":{"index":"index","follow":"follow","max-snippet":"max-snippet:-1","max-image-preview":"max-image-preview:large","max-video-preview":"max-video-preview:-1"},"canonical":"https:\/\/webknjizara.hr\/proizvod\/zena-za-mene-dubravka-brkic\/","og_locale":"en_US","og_type":"article","og_title":"\u017dENA ZA MENE, Dubravka Brki\u0107 - Web-knji\u017eara","og_description":"Ella Hasel, urednica blogova Knji\u0161ki recenzeRAJ i SvojaITo\u010dka, napisala je nekoliko rije\u010di o knjizi: \u017dena za mene roman je autorice Dubravke Brki\u0107, koji na autenti\u010dan na\u010din progovara o temama poput ljubavi, gubitka i novih po\u010detaka. Pratimo intimnu ispovijest supruga i oca, Viktora, koji pripovijeda o braku koji se godinama lomio izme\u0111u rutine, neizgovorenih boli i [&hellip;]","og_url":"https:\/\/webknjizara.hr\/proizvod\/zena-za-mene-dubravka-brkic\/","og_site_name":"Web-knji\u017eara","og_image":[{"width":300,"height":419,"url":"https:\/\/webknjizara.hr\/wp-content\/uploads\/2026\/04\/Dubravka_Brkic_Zena_za_mene_webknjizara_redak_WEB_1843.jpg","type":"image\/jpeg"}],"twitter_card":"summary_large_image","twitter_misc":{"Est. reading time":"5 minutes"},"schema":{"@context":"https:\/\/schema.org","@graph":[{"@type":"WebPage","@id":"https:\/\/webknjizara.hr\/proizvod\/zena-za-mene-dubravka-brkic\/","url":"https:\/\/webknjizara.hr\/proizvod\/zena-za-mene-dubravka-brkic\/","name":"\u017dENA ZA MENE, Dubravka Brki\u0107 - Web-knji\u017eara","isPartOf":{"@id":"https:\/\/webknjizara.hr\/#website"},"primaryImageOfPage":{"@id":"https:\/\/webknjizara.hr\/proizvod\/zena-za-mene-dubravka-brkic\/#primaryimage"},"image":{"@id":"https:\/\/webknjizara.hr\/proizvod\/zena-za-mene-dubravka-brkic\/#primaryimage"},"thumbnailUrl":"https:\/\/webknjizara.hr\/wp-content\/uploads\/2026\/04\/Dubravka_Brkic_Zena_za_mene_webknjizara_redak_WEB_1843.jpg","datePublished":"2026-04-09T21:40:49+00:00","breadcrumb":{"@id":"https:\/\/webknjizara.hr\/proizvod\/zena-za-mene-dubravka-brkic\/#breadcrumb"},"inLanguage":"en-US","potentialAction":[{"@type":"ReadAction","target":["https:\/\/webknjizara.hr\/proizvod\/zena-za-mene-dubravka-brkic\/"]}]},{"@type":"ImageObject","inLanguage":"en-US","@id":"https:\/\/webknjizara.hr\/proizvod\/zena-za-mene-dubravka-brkic\/#primaryimage","url":"https:\/\/webknjizara.hr\/wp-content\/uploads\/2026\/04\/Dubravka_Brkic_Zena_za_mene_webknjizara_redak_WEB_1843.jpg","contentUrl":"https:\/\/webknjizara.hr\/wp-content\/uploads\/2026\/04\/Dubravka_Brkic_Zena_za_mene_webknjizara_redak_WEB_1843.jpg","width":300,"height":419,"caption":"\u017dENA ZA MENE, Dubravka Brki\u0107"},{"@type":"BreadcrumbList","@id":"https:\/\/webknjizara.hr\/proizvod\/zena-za-mene-dubravka-brkic\/#breadcrumb","itemListElement":[{"@type":"ListItem","position":1,"name":"Po\u010detna stranica","item":"https:\/\/webknjizara.hr\/en\/"},{"@type":"ListItem","position":2,"name":"Shop","item":"https:\/\/webknjizara.hr\/shop\/"},{"@type":"ListItem","position":3,"name":"\u017dENA ZA MENE, Dubravka Brki\u0107"}]},{"@type":"WebSite","@id":"https:\/\/webknjizara.hr\/#website","url":"https:\/\/webknjizara.hr\/","name":"Web Knji\u017eara","description":"","publisher":{"@id":"https:\/\/webknjizara.hr\/#organization"},"potentialAction":[{"@type":"SearchAction","target":{"@type":"EntryPoint","urlTemplate":"https:\/\/webknjizara.hr\/?s={search_term_string}"},"query-input":{"@type":"PropertyValueSpecification","valueRequired":true,"valueName":"search_term_string"}}],"inLanguage":"en-US"},{"@type":"Organization","@id":"https:\/\/webknjizara.hr\/#organization","name":"REDAK D.O.O.","url":"https:\/\/webknjizara.hr\/","logo":{"@type":"ImageObject","inLanguage":"en-US","@id":"https:\/\/webknjizara.hr\/#\/schema\/logo\/image\/","url":"https:\/\/webknjizara.hr\/wp-content\/uploads\/2023\/01\/web-knjizara-logo.webp","contentUrl":"https:\/\/webknjizara.hr\/wp-content\/uploads\/2023\/01\/web-knjizara-logo.webp","width":324,"height":79,"caption":"REDAK D.O.O."},"image":{"@id":"https:\/\/webknjizara.hr\/#\/schema\/logo\/image\/"}}]}},"_links":{"self":[{"href":"https:\/\/webknjizara.hr\/en\/wp-json\/wp\/v2\/product\/21591","targetHints":{"allow":["GET"]}}],"collection":[{"href":"https:\/\/webknjizara.hr\/en\/wp-json\/wp\/v2\/product"}],"about":[{"href":"https:\/\/webknjizara.hr\/en\/wp-json\/wp\/v2\/types\/product"}],"replies":[{"embeddable":true,"href":"https:\/\/webknjizara.hr\/en\/wp-json\/wp\/v2\/comments?post=21591"}],"wp:featuredmedia":[{"embeddable":true,"href":"https:\/\/webknjizara.hr\/en\/wp-json\/wp\/v2\/media\/21592"}],"wp:attachment":[{"href":"https:\/\/webknjizara.hr\/en\/wp-json\/wp\/v2\/media?parent=21591"}],"wp:term":[{"taxonomy":"product_brand","embeddable":true,"href":"https:\/\/webknjizara.hr\/en\/wp-json\/wp\/v2\/product_brand?post=21591"},{"taxonomy":"product_cat","embeddable":true,"href":"https:\/\/webknjizara.hr\/en\/wp-json\/wp\/v2\/product_cat?post=21591"},{"taxonomy":"product_tag","embeddable":true,"href":"https:\/\/webknjizara.hr\/en\/wp-json\/wp\/v2\/product_tag?post=21591"}],"curies":[{"name":"wp","href":"https:\/\/api.w.org\/{rel}","templated":true}]}}