{"id":21459,"date":"2026-03-30T22:06:25","date_gmt":"2026-03-30T20:06:25","guid":{"rendered":"https:\/\/webknjizara.hr\/?post_type=product&#038;p=21459"},"modified":"2026-03-31T15:55:57","modified_gmt":"2026-03-31T13:55:57","slug":"suvremeni-organizacijski-procesi-zeljko-mateljak","status":"publish","type":"product","link":"https:\/\/webknjizara.hr\/en\/proizvod\/suvremeni-organizacijski-procesi-zeljko-mateljak\/","title":{"rendered":"SUVREMENI ORGANIZACIJSKI PROCESI, \u017deljko Mateljak, Katerina Mali\u0107\u2013Bandur, Mirela Kljaji\u0107\u2013Dervi\u0107"},"content":{"rendered":"<p>Organizacije dana\u0161njice su fleksibilni sustavi s agilnim modelima upravljanja u kojima je digitalna transformacija klju\u010d odr\u017eivosti. Dana\u0161nje organizacije sve vi\u0161e su usmjerene na klijente i personalizaciju proizvoda i usluga. Vi\u0161e kanalni pristup, digitalne platforme i analitika pona\u0161anja korisnika omogu\u0107uju im da bolje razumiju potrebe tr\u017ei\u0161ta i brzo se prilagode promjenama. Suvremene organizacijske strukture nastale su kao odgovor na dinami\u010dne promjene u poslovnom okru\u017eenju, tehnolo\u0161ki napredak i potrebu za ve\u0107om fleksibilno\u0161\u0107u. Suvremene organizacije suo\u010davaju se s brzim tehnolo\u0161kim napretkom, globalizacijom, ekonomskim krizama i promjenama u potro\u0161a\u010dkim navikama. U cilju odr\u017eivosti i konkurentnosti moraju biti prilagodljive, inovativne i strate\u0161ki usmjerene na dugoro\u010dni razvoj. Suvremeni organizacijski procesi oblikovani su digitalizacijom, globalizacijom i potrebom za ve\u0107om fleksibilno\u0161\u0107u u poslovanju te agilnim pristupom prema promjenama unutarnje i vanjske okoline organizacije.<\/p>\n<p>Knjiga Suvremeni organizacijski procesi podijeljena je u deset poglavlja. Osnovne zna\u010dajke organizacije je prvo poglavlje knjige u kojem su predstavljeni pojmovno zna\u010denje organizacije te imperativ organizacije u cilju odr\u017eivosti sustava. U ovom poglavlju isti\u010de se va\u017enost ljudi odnosno pojedinaca na organizaciju. Zaposleni ne mogu pokazati i razviti svoje snage i biti konkurentska prednost, odnosno ne mogu pridonijeti razvitku konkurentskih prednosti organizacije, ako nisu motivirani, odnosno, ako nije osiguran potreban broj i struktura ljudi i ako poduze\u0107e ne ula\u017ee u razvijanje njihovih znanja, vje\u0161tina, motivacije i pona\u0161anja. Stoga je va\u017ena lekcija za odr\u017eivost organizacije da ljudski potencijali predstavljaju konkurentsku prednost poduze\u0107a ako se njima upravlja na pravi na\u010din. Poglavlje obuhva\u0107a vrste organizacija te razlike izme\u0111u organizacije i organiziranja. Razlike suvremenih i tradicionalnih organizacija prikazane su u zadnjem dijelu prvog poglavlja.<\/p>\n<p>Drugo poglavlje predstavljeno je kroz Osnove organiziranja u kojem je prikazan pojam i sadr\u017eaj organiziranja, proces organiziranja. U svrhu rje\u0161avanja organizacijskih problema i unapre\u0111ivanja organizacije poduze\u0107a danas postoji razvijen niz metoda i tehnika, koje bi se mogle grupirati u op\u0107e i posebne. U ovom poglavlju prikazane su op\u0107e metode organiziranja namijenjene rje\u0161avanju op\u0107ih organizacijskih problema u poduze\u0107u, tj. onih problema koji se odnose na organizaciju poduze\u0107a kao cjeline ili pak nekog njegova dijela.<\/p>\n<p>Nasuprot tome, posebne prikazane su metode organiziranja namijenjene rje\u0161avanju pojedina\u010dnih organizacijskih problema. \u010cimbenici organizacije su tre\u0107e poglavlje knjige u kojima su se definirali \u010dimbenici organizacije na koje menad\u017eeri mogu i ne mogu utjecati. Prikazana je klasifikacija \u010dimbenika organizacije kroz okvir unutarnjih i vanjskih \u010dimbenika. Unutarnji \u010dimbenici prikazani u ovom poglavlju su vizija, misija, ciljevi; strategija; tehnologija; veli\u010dina organizacije; ljudski potencijali; \u017eivotni ciklus organizacije te proizvodi i lokacija. Prikazani vanjski \u010dimbenici su dru\u0161tvena, ekonomska, tehnolo\u0161ka, demografska, politi\u010dka, pravna, kulturna okolina; integracijski procesi, kupci i konkurencija. \u010cetvrto poglavlje je predstavljeno preko Oblikovanja organizacijske strukture u kojem je naveden pojam i sadr\u017eaj oblikovanja organizacijske strukture, ra\u0161\u010dlanjivanje ukupnog zadatka poduze\u0107a te oblikovanje organizacijskih jedinica. Peto poglavlje prikazuje va\u017enost Poslovnih funkcija u organizaciji, uz pregled temeljnih menad\u017eerskih funkcija i podjelu poslovnih funkcija. Obja\u0161njava se razlika izme\u0111u menad\u017eerskih i poslovnih funkcija te detaljno opisuju istra\u017eiva\u010dko- razvojna, investicijska, proizvodna, prodajna, financijska, ra\u010dunovodstvena, kadrovska i druge funkcije. Na kraju, razmatra se suvremeni pristup odabira i organiziranju poslovnih funkcija u skladu s potrebama dinami\u010dnog tr\u017ei\u0161nog okru\u017eenja. Ekonomski odnosi i organizacija su \u0161esto poglavlje knjige u kojem su istaknuti pojam i sadr\u017eaj ekonomskih odnosa, centri odgovornosti kao subjekti ekonomskih odnosa, odnosi razmijene proizvoda i usluga te odnosi iz ulaganja kapitala. Sedmo poglavlje knjige predstavljeno je preko Organizacije i upravljanja u kojem istaknuti pristupi organizaciji upravljanja te vlasni\u010dki aspekti organizacije upravljanja. Menad\u017eerski aspekti upravljanja te participativni aspekti upravljanja dio su ovog poglavlja. Poduze\u0107e je osmo poglavlje knjige koje obuhvata obilje\u017eja i oblike poduze\u0107a. U ovom poglavlju predstavljeni su elementi, odnosno podsustavi organizacije poduze\u0107a \u2013 organizacijska struktura poduze\u0107a; interni ekonomski odnosi u poduze\u0107u te sustav upravljanja. Suvremeni trendovi u organizaciji je deveto poglavlje knjige u kojem su predstavljeni vitka proizvodnja, potpuno upravljanje kvalitetom, rein\u017eenjering poslovnih procesa, usmjerenost organizacije glavni ili temeljni posao, eksternalizacija i ciljevi eksternalizacije, umre\u017eavanje, globalizacija poslovanja te promjene u proizvodnji. Deseto poglavlje knjige odnosi se na pojam upravljanja proizvodnjom u kojem su prikazani pojam i vrste proizvodnih procesa, odluke u proizvodnji te proizvodna strategija.<\/p>\n<p><strong>Bilje\u0161ka o autoru:<\/strong><\/p>\n<p>Skupina autora: dr. sc. \u017deljko Mateljak; dr. sc. Katerina Mali\u0107 \u2013 Bandur; dr. sc. Mirela Kljaji\u0107 &#8211; Dervi\u0107<\/p>\n<p><strong>E-mail:<\/strong> <a href=\"mailto:zeljko.mateljak@efst.hr\">\u017deljko Mateljak<\/a><\/p>\n<p><strong>Naslov:<\/strong> Suvremeni organizacijski procesi<br \/>\n<strong>Autor:<\/strong> \u017deljko Mateljak<br \/>\n<strong>Broj stranica:<\/strong> 356<br \/>\n<strong>Nakladnik:<\/strong> Ekonomski fakultet Sveu\u010dili\u0161ta u Splitu<br \/>\n<strong>Godina izdanja:<\/strong> 2025.<br \/>\n<strong>ISBN:<\/strong> 978-953-281-095-0<br \/>\n<strong>Tisak:<\/strong> digitalni tisak knjiga &#8211; print na zahtjev<\/p>\n","protected":false},"excerpt":{"rendered":"<p>Organizacije dana\u0161njice su fleksibilni sustavi s agilnim modelima upravljanja u kojima je digitalna transformacija klju\u010d odr\u017eivosti. Dana\u0161nje organizacije sve vi\u0161e su usmjerene na klijente i personalizaciju proizvoda i usluga. Vi\u0161e kanalni pristup, digitalne platforme i analitika pona\u0161anja korisnika omogu\u0107uju im da bolje razumiju potrebe tr\u017ei\u0161ta i brzo se prilagode promjenama. Suvremene organizacijske strukture nastale su [&hellip;]<\/p>\n","protected":false},"featured_media":21460,"comment_status":"open","ping_status":"closed","template":"","meta":{"_acf_changed":false},"product_brand":[],"product_cat":[1384],"product_tag":[],"class_list":{"0":"post-21459","1":"product","2":"type-product","3":"status-publish","4":"has-post-thumbnail","6":"product_cat-ekonomija","7":"pa_autor-zeljko-mateljak","8":"pa_nakladnik-ekonomski-fakultet-sveucilista-u-splitu","10":"first","11":"instock","12":"shipping-taxable","13":"purchasable","14":"product-type-simple"},"acf":[],"yoast_head":"<!-- This site is optimized with the Yoast SEO plugin v27.3 - https:\/\/yoast.com\/product\/yoast-seo-wordpress\/ -->\n<title>SUVREMENI ORGANIZACIJSKI PROCESI, \u017deljko Mateljak, Katerina Mali\u0107\u2013Bandur, Mirela Kljaji\u0107\u2013Dervi\u0107 - Web-knji\u017eara<\/title>\n<meta name=\"robots\" content=\"index, follow, max-snippet:-1, max-image-preview:large, max-video-preview:-1\" \/>\n<link rel=\"canonical\" href=\"https:\/\/webknjizara.hr\/proizvod\/suvremeni-organizacijski-procesi-zeljko-mateljak\/\" \/>\n<meta property=\"og:locale\" content=\"en_US\" \/>\n<meta property=\"og:type\" content=\"article\" \/>\n<meta property=\"og:title\" content=\"SUVREMENI ORGANIZACIJSKI PROCESI, \u017deljko Mateljak, Katerina Mali\u0107\u2013Bandur, Mirela Kljaji\u0107\u2013Dervi\u0107 - Web-knji\u017eara\" \/>\n<meta property=\"og:description\" content=\"Organizacije dana\u0161njice su fleksibilni sustavi s agilnim modelima upravljanja u kojima je digitalna transformacija klju\u010d odr\u017eivosti. Dana\u0161nje organizacije sve vi\u0161e su usmjerene na klijente i personalizaciju proizvoda i usluga. Vi\u0161e kanalni pristup, digitalne platforme i analitika pona\u0161anja korisnika omogu\u0107uju im da bolje razumiju potrebe tr\u017ei\u0161ta i brzo se prilagode promjenama. Suvremene organizacijske strukture nastale su [&hellip;]\" \/>\n<meta property=\"og:url\" content=\"https:\/\/webknjizara.hr\/proizvod\/suvremeni-organizacijski-procesi-zeljko-mateljak\/\" \/>\n<meta property=\"og:site_name\" content=\"Web-knji\u017eara\" \/>\n<meta property=\"article:modified_time\" content=\"2026-03-31T13:55:57+00:00\" \/>\n<meta property=\"og:image\" content=\"https:\/\/webknjizara.hr\/wp-content\/uploads\/2026\/03\/Zeljko_Mateljak_Suvremeni_organizacijski_procesi_webknjizara_redak_WEB_1809.jpg\" \/>\n\t<meta property=\"og:image:width\" content=\"300\" \/>\n\t<meta property=\"og:image:height\" content=\"419\" \/>\n\t<meta property=\"og:image:type\" content=\"image\/jpeg\" \/>\n<meta name=\"twitter:card\" content=\"summary_large_image\" \/>\n<meta name=\"twitter:label1\" content=\"Est. reading time\" \/>\n\t<meta name=\"twitter:data1\" content=\"5 minutes\" \/>\n<script type=\"application\/ld+json\" class=\"yoast-schema-graph\">{\"@context\":\"https:\\\/\\\/schema.org\",\"@graph\":[{\"@type\":\"WebPage\",\"@id\":\"https:\\\/\\\/webknjizara.hr\\\/proizvod\\\/suvremeni-organizacijski-procesi-zeljko-mateljak\\\/\",\"url\":\"https:\\\/\\\/webknjizara.hr\\\/proizvod\\\/suvremeni-organizacijski-procesi-zeljko-mateljak\\\/\",\"name\":\"SUVREMENI ORGANIZACIJSKI PROCESI, \u017deljko Mateljak, Katerina Mali\u0107\u2013Bandur, Mirela Kljaji\u0107\u2013Dervi\u0107 - Web-knji\u017eara\",\"isPartOf\":{\"@id\":\"https:\\\/\\\/webknjizara.hr\\\/#website\"},\"primaryImageOfPage\":{\"@id\":\"https:\\\/\\\/webknjizara.hr\\\/proizvod\\\/suvremeni-organizacijski-procesi-zeljko-mateljak\\\/#primaryimage\"},\"image\":{\"@id\":\"https:\\\/\\\/webknjizara.hr\\\/proizvod\\\/suvremeni-organizacijski-procesi-zeljko-mateljak\\\/#primaryimage\"},\"thumbnailUrl\":\"https:\\\/\\\/webknjizara.hr\\\/wp-content\\\/uploads\\\/2026\\\/03\\\/Zeljko_Mateljak_Suvremeni_organizacijski_procesi_webknjizara_redak_WEB_1809.jpg\",\"datePublished\":\"2026-03-30T20:06:25+00:00\",\"dateModified\":\"2026-03-31T13:55:57+00:00\",\"breadcrumb\":{\"@id\":\"https:\\\/\\\/webknjizara.hr\\\/proizvod\\\/suvremeni-organizacijski-procesi-zeljko-mateljak\\\/#breadcrumb\"},\"inLanguage\":\"en-US\",\"potentialAction\":[{\"@type\":\"ReadAction\",\"target\":[\"https:\\\/\\\/webknjizara.hr\\\/proizvod\\\/suvremeni-organizacijski-procesi-zeljko-mateljak\\\/\"]}]},{\"@type\":\"ImageObject\",\"inLanguage\":\"en-US\",\"@id\":\"https:\\\/\\\/webknjizara.hr\\\/proizvod\\\/suvremeni-organizacijski-procesi-zeljko-mateljak\\\/#primaryimage\",\"url\":\"https:\\\/\\\/webknjizara.hr\\\/wp-content\\\/uploads\\\/2026\\\/03\\\/Zeljko_Mateljak_Suvremeni_organizacijski_procesi_webknjizara_redak_WEB_1809.jpg\",\"contentUrl\":\"https:\\\/\\\/webknjizara.hr\\\/wp-content\\\/uploads\\\/2026\\\/03\\\/Zeljko_Mateljak_Suvremeni_organizacijski_procesi_webknjizara_redak_WEB_1809.jpg\",\"width\":300,\"height\":419,\"caption\":\"SUVREMENI ORGANIZACIJSKI PROCESI, \u017deljko Mateljak\"},{\"@type\":\"BreadcrumbList\",\"@id\":\"https:\\\/\\\/webknjizara.hr\\\/proizvod\\\/suvremeni-organizacijski-procesi-zeljko-mateljak\\\/#breadcrumb\",\"itemListElement\":[{\"@type\":\"ListItem\",\"position\":1,\"name\":\"Po\u010detna stranica\",\"item\":\"https:\\\/\\\/webknjizara.hr\\\/en\\\/\"},{\"@type\":\"ListItem\",\"position\":2,\"name\":\"Shop\",\"item\":\"https:\\\/\\\/webknjizara.hr\\\/shop\\\/\"},{\"@type\":\"ListItem\",\"position\":3,\"name\":\"SUVREMENI ORGANIZACIJSKI PROCESI, \u017deljko Mateljak, Katerina Mali\u0107\u2013Bandur, Mirela Kljaji\u0107\u2013Dervi\u0107\"}]},{\"@type\":\"WebSite\",\"@id\":\"https:\\\/\\\/webknjizara.hr\\\/#website\",\"url\":\"https:\\\/\\\/webknjizara.hr\\\/\",\"name\":\"Web Knji\u017eara\",\"description\":\"\",\"publisher\":{\"@id\":\"https:\\\/\\\/webknjizara.hr\\\/#organization\"},\"potentialAction\":[{\"@type\":\"SearchAction\",\"target\":{\"@type\":\"EntryPoint\",\"urlTemplate\":\"https:\\\/\\\/webknjizara.hr\\\/?s={search_term_string}\"},\"query-input\":{\"@type\":\"PropertyValueSpecification\",\"valueRequired\":true,\"valueName\":\"search_term_string\"}}],\"inLanguage\":\"en-US\"},{\"@type\":\"Organization\",\"@id\":\"https:\\\/\\\/webknjizara.hr\\\/#organization\",\"name\":\"REDAK D.O.O.\",\"url\":\"https:\\\/\\\/webknjizara.hr\\\/\",\"logo\":{\"@type\":\"ImageObject\",\"inLanguage\":\"en-US\",\"@id\":\"https:\\\/\\\/webknjizara.hr\\\/#\\\/schema\\\/logo\\\/image\\\/\",\"url\":\"https:\\\/\\\/webknjizara.hr\\\/wp-content\\\/uploads\\\/2023\\\/01\\\/web-knjizara-logo.webp\",\"contentUrl\":\"https:\\\/\\\/webknjizara.hr\\\/wp-content\\\/uploads\\\/2023\\\/01\\\/web-knjizara-logo.webp\",\"width\":324,\"height\":79,\"caption\":\"REDAK D.O.O.\"},\"image\":{\"@id\":\"https:\\\/\\\/webknjizara.hr\\\/#\\\/schema\\\/logo\\\/image\\\/\"}}]}<\/script>\n<!-- \/ Yoast SEO plugin. -->","yoast_head_json":{"title":"SUVREMENI ORGANIZACIJSKI PROCESI, \u017deljko Mateljak, Katerina Mali\u0107\u2013Bandur, Mirela Kljaji\u0107\u2013Dervi\u0107 - Web-knji\u017eara","robots":{"index":"index","follow":"follow","max-snippet":"max-snippet:-1","max-image-preview":"max-image-preview:large","max-video-preview":"max-video-preview:-1"},"canonical":"https:\/\/webknjizara.hr\/proizvod\/suvremeni-organizacijski-procesi-zeljko-mateljak\/","og_locale":"en_US","og_type":"article","og_title":"SUVREMENI ORGANIZACIJSKI PROCESI, \u017deljko Mateljak, Katerina Mali\u0107\u2013Bandur, Mirela Kljaji\u0107\u2013Dervi\u0107 - Web-knji\u017eara","og_description":"Organizacije dana\u0161njice su fleksibilni sustavi s agilnim modelima upravljanja u kojima je digitalna transformacija klju\u010d odr\u017eivosti. Dana\u0161nje organizacije sve vi\u0161e su usmjerene na klijente i personalizaciju proizvoda i usluga. Vi\u0161e kanalni pristup, digitalne platforme i analitika pona\u0161anja korisnika omogu\u0107uju im da bolje razumiju potrebe tr\u017ei\u0161ta i brzo se prilagode promjenama. Suvremene organizacijske strukture nastale su [&hellip;]","og_url":"https:\/\/webknjizara.hr\/proizvod\/suvremeni-organizacijski-procesi-zeljko-mateljak\/","og_site_name":"Web-knji\u017eara","article_modified_time":"2026-03-31T13:55:57+00:00","og_image":[{"width":300,"height":419,"url":"https:\/\/webknjizara.hr\/wp-content\/uploads\/2026\/03\/Zeljko_Mateljak_Suvremeni_organizacijski_procesi_webknjizara_redak_WEB_1809.jpg","type":"image\/jpeg"}],"twitter_card":"summary_large_image","twitter_misc":{"Est. reading time":"5 minutes"},"schema":{"@context":"https:\/\/schema.org","@graph":[{"@type":"WebPage","@id":"https:\/\/webknjizara.hr\/proizvod\/suvremeni-organizacijski-procesi-zeljko-mateljak\/","url":"https:\/\/webknjizara.hr\/proizvod\/suvremeni-organizacijski-procesi-zeljko-mateljak\/","name":"SUVREMENI ORGANIZACIJSKI PROCESI, \u017deljko Mateljak, Katerina Mali\u0107\u2013Bandur, Mirela Kljaji\u0107\u2013Dervi\u0107 - Web-knji\u017eara","isPartOf":{"@id":"https:\/\/webknjizara.hr\/#website"},"primaryImageOfPage":{"@id":"https:\/\/webknjizara.hr\/proizvod\/suvremeni-organizacijski-procesi-zeljko-mateljak\/#primaryimage"},"image":{"@id":"https:\/\/webknjizara.hr\/proizvod\/suvremeni-organizacijski-procesi-zeljko-mateljak\/#primaryimage"},"thumbnailUrl":"https:\/\/webknjizara.hr\/wp-content\/uploads\/2026\/03\/Zeljko_Mateljak_Suvremeni_organizacijski_procesi_webknjizara_redak_WEB_1809.jpg","datePublished":"2026-03-30T20:06:25+00:00","dateModified":"2026-03-31T13:55:57+00:00","breadcrumb":{"@id":"https:\/\/webknjizara.hr\/proizvod\/suvremeni-organizacijski-procesi-zeljko-mateljak\/#breadcrumb"},"inLanguage":"en-US","potentialAction":[{"@type":"ReadAction","target":["https:\/\/webknjizara.hr\/proizvod\/suvremeni-organizacijski-procesi-zeljko-mateljak\/"]}]},{"@type":"ImageObject","inLanguage":"en-US","@id":"https:\/\/webknjizara.hr\/proizvod\/suvremeni-organizacijski-procesi-zeljko-mateljak\/#primaryimage","url":"https:\/\/webknjizara.hr\/wp-content\/uploads\/2026\/03\/Zeljko_Mateljak_Suvremeni_organizacijski_procesi_webknjizara_redak_WEB_1809.jpg","contentUrl":"https:\/\/webknjizara.hr\/wp-content\/uploads\/2026\/03\/Zeljko_Mateljak_Suvremeni_organizacijski_procesi_webknjizara_redak_WEB_1809.jpg","width":300,"height":419,"caption":"SUVREMENI ORGANIZACIJSKI PROCESI, \u017deljko Mateljak"},{"@type":"BreadcrumbList","@id":"https:\/\/webknjizara.hr\/proizvod\/suvremeni-organizacijski-procesi-zeljko-mateljak\/#breadcrumb","itemListElement":[{"@type":"ListItem","position":1,"name":"Po\u010detna stranica","item":"https:\/\/webknjizara.hr\/en\/"},{"@type":"ListItem","position":2,"name":"Shop","item":"https:\/\/webknjizara.hr\/shop\/"},{"@type":"ListItem","position":3,"name":"SUVREMENI ORGANIZACIJSKI PROCESI, \u017deljko Mateljak, Katerina Mali\u0107\u2013Bandur, Mirela Kljaji\u0107\u2013Dervi\u0107"}]},{"@type":"WebSite","@id":"https:\/\/webknjizara.hr\/#website","url":"https:\/\/webknjizara.hr\/","name":"Web Knji\u017eara","description":"","publisher":{"@id":"https:\/\/webknjizara.hr\/#organization"},"potentialAction":[{"@type":"SearchAction","target":{"@type":"EntryPoint","urlTemplate":"https:\/\/webknjizara.hr\/?s={search_term_string}"},"query-input":{"@type":"PropertyValueSpecification","valueRequired":true,"valueName":"search_term_string"}}],"inLanguage":"en-US"},{"@type":"Organization","@id":"https:\/\/webknjizara.hr\/#organization","name":"REDAK D.O.O.","url":"https:\/\/webknjizara.hr\/","logo":{"@type":"ImageObject","inLanguage":"en-US","@id":"https:\/\/webknjizara.hr\/#\/schema\/logo\/image\/","url":"https:\/\/webknjizara.hr\/wp-content\/uploads\/2023\/01\/web-knjizara-logo.webp","contentUrl":"https:\/\/webknjizara.hr\/wp-content\/uploads\/2023\/01\/web-knjizara-logo.webp","width":324,"height":79,"caption":"REDAK D.O.O."},"image":{"@id":"https:\/\/webknjizara.hr\/#\/schema\/logo\/image\/"}}]}},"_links":{"self":[{"href":"https:\/\/webknjizara.hr\/en\/wp-json\/wp\/v2\/product\/21459","targetHints":{"allow":["GET"]}}],"collection":[{"href":"https:\/\/webknjizara.hr\/en\/wp-json\/wp\/v2\/product"}],"about":[{"href":"https:\/\/webknjizara.hr\/en\/wp-json\/wp\/v2\/types\/product"}],"replies":[{"embeddable":true,"href":"https:\/\/webknjizara.hr\/en\/wp-json\/wp\/v2\/comments?post=21459"}],"wp:featuredmedia":[{"embeddable":true,"href":"https:\/\/webknjizara.hr\/en\/wp-json\/wp\/v2\/media\/21460"}],"wp:attachment":[{"href":"https:\/\/webknjizara.hr\/en\/wp-json\/wp\/v2\/media?parent=21459"}],"wp:term":[{"taxonomy":"product_brand","embeddable":true,"href":"https:\/\/webknjizara.hr\/en\/wp-json\/wp\/v2\/product_brand?post=21459"},{"taxonomy":"product_cat","embeddable":true,"href":"https:\/\/webknjizara.hr\/en\/wp-json\/wp\/v2\/product_cat?post=21459"},{"taxonomy":"product_tag","embeddable":true,"href":"https:\/\/webknjizara.hr\/en\/wp-json\/wp\/v2\/product_tag?post=21459"}],"curies":[{"name":"wp","href":"https:\/\/api.w.org\/{rel}","templated":true}]}}