{"id":21431,"date":"2026-03-26T00:03:33","date_gmt":"2026-03-25T23:03:33","guid":{"rendered":"https:\/\/webknjizara.hr\/?post_type=product&#038;p=21431"},"modified":"2026-03-26T09:46:01","modified_gmt":"2026-03-26T08:46:01","slug":"zbornik-radova-hdod-3-broja-hdod","status":"publish","type":"product","link":"https:\/\/webknjizara.hr\/en\/proizvod\/zbornik-radova-hdod-3-broja-hdod\/","title":{"rendered":"ZBORNIK RADOVA HDOD (komplet 3 BROJA), HDOD"},"content":{"rendered":"<p><strong>ZBORNIK RADOVA 2023.<\/strong><br \/>\nLIJE\u010cENJE PRETILOSTI<br \/>\nPREVENCIJA U OBITELJSKOJ MEDICINI<br \/>\nKOMPLIKACIJE \u0160E\u0106ERNE BOLESTI TIP II<br \/>\nPOREME\u0106AJI PREHRANE I MALNUTRICIJA<\/p>\n<p><strong>ZBORNIK RADOVA 2024.<\/strong><br \/>\nPOSTIZANJE CILJNIH VRIJEDNOSTI U<br \/>\nLIJE\u010cENJU KRONI\u010cNIH BOLESTI<br \/>\nPREVENTIVNI PREGLEDI<br \/>\nPRETILOST, PREDIJABETES I METABOLI\u010cKI SINDROM<\/p>\n<p><strong>ZBORNIK RADOVA 2025.<\/strong><br \/>\nRANA INTERVENCIJA U ZBRINJAVANJU KRONI\u010cNIH BOLESTI<br \/>\nBIOLO\u0160KA TERAPIJA U OBITELJSKOJ MEDICINI<br \/>\nNUSPOJAVE ONKOLO\u0160KIH LIJEKOVA<br \/>\nSVA LICA ANKSIOZNIH POREME\u0106AJA<\/p>\n<p><strong>Naslov:<\/strong> Zbornik radova HDOD (3 broja)<br \/>\n<strong>Autori:<\/strong> HDOD<br \/>\n<strong>Broj stranica:<\/strong> 258+172+226<br \/>\n<strong>Nakladnik:<\/strong> Hrvatski lije\u010dni\u010dki zbor &#8211; Hrvatsko dru\u0161tvo obiteljskih doktora<br \/>\n<strong>Godina izdanja:<\/strong> 2026.<br \/>\n<strong>ISBN:<\/strong> ISSN 2623-775X<br \/>\n<strong>Tisak:<\/strong> digitalni tisak knjiga &#8211; print na zahtjev<\/p>\n","protected":false},"excerpt":{"rendered":"<p>ZBORNIK RADOVA 2023. LIJE\u010cENJE PRETILOSTI PREVENCIJA U OBITELJSKOJ MEDICINI KOMPLIKACIJE \u0160E\u0106ERNE BOLESTI TIP II POREME\u0106AJI PREHRANE I MALNUTRICIJA ZBORNIK RADOVA 2024. POSTIZANJE CILJNIH VRIJEDNOSTI U LIJE\u010cENJU KRONI\u010cNIH BOLESTI PREVENTIVNI PREGLEDI PRETILOST, PREDIJABETES I METABOLI\u010cKI SINDROM ZBORNIK RADOVA 2025. RANA INTERVENCIJA U ZBRINJAVANJU KRONI\u010cNIH BOLESTI BIOLO\u0160KA TERAPIJA U OBITELJSKOJ MEDICINI NUSPOJAVE ONKOLO\u0160KIH LIJEKOVA SVA LICA ANKSIOZNIH [&hellip;]<\/p>\n","protected":false},"featured_media":21432,"comment_status":"open","ping_status":"closed","template":"","meta":{"_acf_changed":false},"product_brand":[],"product_cat":[1406],"product_tag":[],"class_list":{"0":"post-21431","1":"product","2":"type-product","3":"status-publish","4":"has-post-thumbnail","6":"product_cat-medicina","7":"pa_autor-hdod","8":"pa_nakladnik-hrvatski-lijecnicki-zbor-hrvatsko-drustvo-obiteljskih-doktora","10":"first","11":"instock","12":"shipping-taxable","13":"purchasable","14":"product-type-simple"},"acf":[],"yoast_head":"<!-- This site is optimized with the Yoast SEO plugin v27.3 - https:\/\/yoast.com\/product\/yoast-seo-wordpress\/ -->\n<title>ZBORNIK RADOVA HDOD (komplet 3 BROJA), HDOD - Web-knji\u017eara<\/title>\n<meta name=\"robots\" content=\"index, follow, max-snippet:-1, max-image-preview:large, max-video-preview:-1\" \/>\n<link rel=\"canonical\" href=\"https:\/\/webknjizara.hr\/proizvod\/zbornik-radova-hdod-3-broja-hdod\/\" \/>\n<meta property=\"og:locale\" content=\"en_US\" \/>\n<meta property=\"og:type\" content=\"article\" \/>\n<meta property=\"og:title\" content=\"ZBORNIK RADOVA HDOD (komplet 3 BROJA), HDOD - Web-knji\u017eara\" \/>\n<meta property=\"og:description\" content=\"ZBORNIK RADOVA 2023. LIJE\u010cENJE PRETILOSTI PREVENCIJA U OBITELJSKOJ MEDICINI KOMPLIKACIJE \u0160E\u0106ERNE BOLESTI TIP II POREME\u0106AJI PREHRANE I MALNUTRICIJA ZBORNIK RADOVA 2024. POSTIZANJE CILJNIH VRIJEDNOSTI U LIJE\u010cENJU KRONI\u010cNIH BOLESTI PREVENTIVNI PREGLEDI PRETILOST, PREDIJABETES I METABOLI\u010cKI SINDROM ZBORNIK RADOVA 2025. RANA INTERVENCIJA U ZBRINJAVANJU KRONI\u010cNIH BOLESTI BIOLO\u0160KA TERAPIJA U OBITELJSKOJ MEDICINI NUSPOJAVE ONKOLO\u0160KIH LIJEKOVA SVA LICA ANKSIOZNIH [&hellip;]\" \/>\n<meta property=\"og:url\" content=\"https:\/\/webknjizara.hr\/proizvod\/zbornik-radova-hdod-3-broja-hdod\/\" \/>\n<meta property=\"og:site_name\" content=\"Web-knji\u017eara\" \/>\n<meta property=\"article:modified_time\" content=\"2026-03-26T08:46:01+00:00\" \/>\n<meta property=\"og:image\" content=\"https:\/\/webknjizara.hr\/wp-content\/uploads\/2026\/03\/KOMPLET_FB_1807.jpg\" \/>\n\t<meta property=\"og:image:width\" content=\"573\" \/>\n\t<meta property=\"og:image:height\" content=\"800\" \/>\n\t<meta property=\"og:image:type\" content=\"image\/jpeg\" \/>\n<meta name=\"twitter:card\" content=\"summary_large_image\" \/>\n<meta name=\"twitter:label1\" content=\"Est. reading time\" \/>\n\t<meta name=\"twitter:data1\" content=\"1 minute\" \/>\n<script type=\"application\/ld+json\" class=\"yoast-schema-graph\">{\"@context\":\"https:\\\/\\\/schema.org\",\"@graph\":[{\"@type\":\"WebPage\",\"@id\":\"https:\\\/\\\/webknjizara.hr\\\/proizvod\\\/zbornik-radova-hdod-3-broja-hdod\\\/\",\"url\":\"https:\\\/\\\/webknjizara.hr\\\/proizvod\\\/zbornik-radova-hdod-3-broja-hdod\\\/\",\"name\":\"ZBORNIK RADOVA HDOD (komplet 3 BROJA), HDOD - Web-knji\u017eara\",\"isPartOf\":{\"@id\":\"https:\\\/\\\/webknjizara.hr\\\/#website\"},\"primaryImageOfPage\":{\"@id\":\"https:\\\/\\\/webknjizara.hr\\\/proizvod\\\/zbornik-radova-hdod-3-broja-hdod\\\/#primaryimage\"},\"image\":{\"@id\":\"https:\\\/\\\/webknjizara.hr\\\/proizvod\\\/zbornik-radova-hdod-3-broja-hdod\\\/#primaryimage\"},\"thumbnailUrl\":\"https:\\\/\\\/webknjizara.hr\\\/wp-content\\\/uploads\\\/2026\\\/03\\\/KOMPLET_FB_1807.jpg\",\"datePublished\":\"2026-03-25T23:03:33+00:00\",\"dateModified\":\"2026-03-26T08:46:01+00:00\",\"breadcrumb\":{\"@id\":\"https:\\\/\\\/webknjizara.hr\\\/proizvod\\\/zbornik-radova-hdod-3-broja-hdod\\\/#breadcrumb\"},\"inLanguage\":\"en-US\",\"potentialAction\":[{\"@type\":\"ReadAction\",\"target\":[\"https:\\\/\\\/webknjizara.hr\\\/proizvod\\\/zbornik-radova-hdod-3-broja-hdod\\\/\"]}]},{\"@type\":\"ImageObject\",\"inLanguage\":\"en-US\",\"@id\":\"https:\\\/\\\/webknjizara.hr\\\/proizvod\\\/zbornik-radova-hdod-3-broja-hdod\\\/#primaryimage\",\"url\":\"https:\\\/\\\/webknjizara.hr\\\/wp-content\\\/uploads\\\/2026\\\/03\\\/KOMPLET_FB_1807.jpg\",\"contentUrl\":\"https:\\\/\\\/webknjizara.hr\\\/wp-content\\\/uploads\\\/2026\\\/03\\\/KOMPLET_FB_1807.jpg\",\"width\":573,\"height\":800,\"caption\":\"ZBORNIK RADOVA HDOD (3 BROJA), HDOD\"},{\"@type\":\"BreadcrumbList\",\"@id\":\"https:\\\/\\\/webknjizara.hr\\\/proizvod\\\/zbornik-radova-hdod-3-broja-hdod\\\/#breadcrumb\",\"itemListElement\":[{\"@type\":\"ListItem\",\"position\":1,\"name\":\"Po\u010detna stranica\",\"item\":\"https:\\\/\\\/webknjizara.hr\\\/en\\\/\"},{\"@type\":\"ListItem\",\"position\":2,\"name\":\"Shop\",\"item\":\"https:\\\/\\\/webknjizara.hr\\\/shop\\\/\"},{\"@type\":\"ListItem\",\"position\":3,\"name\":\"ZBORNIK RADOVA HDOD (komplet 3 BROJA), HDOD\"}]},{\"@type\":\"WebSite\",\"@id\":\"https:\\\/\\\/webknjizara.hr\\\/#website\",\"url\":\"https:\\\/\\\/webknjizara.hr\\\/\",\"name\":\"Web Knji\u017eara\",\"description\":\"\",\"publisher\":{\"@id\":\"https:\\\/\\\/webknjizara.hr\\\/#organization\"},\"potentialAction\":[{\"@type\":\"SearchAction\",\"target\":{\"@type\":\"EntryPoint\",\"urlTemplate\":\"https:\\\/\\\/webknjizara.hr\\\/?s={search_term_string}\"},\"query-input\":{\"@type\":\"PropertyValueSpecification\",\"valueRequired\":true,\"valueName\":\"search_term_string\"}}],\"inLanguage\":\"en-US\"},{\"@type\":\"Organization\",\"@id\":\"https:\\\/\\\/webknjizara.hr\\\/#organization\",\"name\":\"REDAK D.O.O.\",\"url\":\"https:\\\/\\\/webknjizara.hr\\\/\",\"logo\":{\"@type\":\"ImageObject\",\"inLanguage\":\"en-US\",\"@id\":\"https:\\\/\\\/webknjizara.hr\\\/#\\\/schema\\\/logo\\\/image\\\/\",\"url\":\"https:\\\/\\\/webknjizara.hr\\\/wp-content\\\/uploads\\\/2023\\\/01\\\/web-knjizara-logo.webp\",\"contentUrl\":\"https:\\\/\\\/webknjizara.hr\\\/wp-content\\\/uploads\\\/2023\\\/01\\\/web-knjizara-logo.webp\",\"width\":324,\"height\":79,\"caption\":\"REDAK D.O.O.\"},\"image\":{\"@id\":\"https:\\\/\\\/webknjizara.hr\\\/#\\\/schema\\\/logo\\\/image\\\/\"}}]}<\/script>\n<!-- \/ Yoast SEO plugin. -->","yoast_head_json":{"title":"ZBORNIK RADOVA HDOD (komplet 3 BROJA), HDOD - Web-knji\u017eara","robots":{"index":"index","follow":"follow","max-snippet":"max-snippet:-1","max-image-preview":"max-image-preview:large","max-video-preview":"max-video-preview:-1"},"canonical":"https:\/\/webknjizara.hr\/proizvod\/zbornik-radova-hdod-3-broja-hdod\/","og_locale":"en_US","og_type":"article","og_title":"ZBORNIK RADOVA HDOD (komplet 3 BROJA), HDOD - Web-knji\u017eara","og_description":"ZBORNIK RADOVA 2023. LIJE\u010cENJE PRETILOSTI PREVENCIJA U OBITELJSKOJ MEDICINI KOMPLIKACIJE \u0160E\u0106ERNE BOLESTI TIP II POREME\u0106AJI PREHRANE I MALNUTRICIJA ZBORNIK RADOVA 2024. POSTIZANJE CILJNIH VRIJEDNOSTI U LIJE\u010cENJU KRONI\u010cNIH BOLESTI PREVENTIVNI PREGLEDI PRETILOST, PREDIJABETES I METABOLI\u010cKI SINDROM ZBORNIK RADOVA 2025. RANA INTERVENCIJA U ZBRINJAVANJU KRONI\u010cNIH BOLESTI BIOLO\u0160KA TERAPIJA U OBITELJSKOJ MEDICINI NUSPOJAVE ONKOLO\u0160KIH LIJEKOVA SVA LICA ANKSIOZNIH [&hellip;]","og_url":"https:\/\/webknjizara.hr\/proizvod\/zbornik-radova-hdod-3-broja-hdod\/","og_site_name":"Web-knji\u017eara","article_modified_time":"2026-03-26T08:46:01+00:00","og_image":[{"width":573,"height":800,"url":"https:\/\/webknjizara.hr\/wp-content\/uploads\/2026\/03\/KOMPLET_FB_1807.jpg","type":"image\/jpeg"}],"twitter_card":"summary_large_image","twitter_misc":{"Est. reading time":"1 minute"},"schema":{"@context":"https:\/\/schema.org","@graph":[{"@type":"WebPage","@id":"https:\/\/webknjizara.hr\/proizvod\/zbornik-radova-hdod-3-broja-hdod\/","url":"https:\/\/webknjizara.hr\/proizvod\/zbornik-radova-hdod-3-broja-hdod\/","name":"ZBORNIK RADOVA HDOD (komplet 3 BROJA), HDOD - Web-knji\u017eara","isPartOf":{"@id":"https:\/\/webknjizara.hr\/#website"},"primaryImageOfPage":{"@id":"https:\/\/webknjizara.hr\/proizvod\/zbornik-radova-hdod-3-broja-hdod\/#primaryimage"},"image":{"@id":"https:\/\/webknjizara.hr\/proizvod\/zbornik-radova-hdod-3-broja-hdod\/#primaryimage"},"thumbnailUrl":"https:\/\/webknjizara.hr\/wp-content\/uploads\/2026\/03\/KOMPLET_FB_1807.jpg","datePublished":"2026-03-25T23:03:33+00:00","dateModified":"2026-03-26T08:46:01+00:00","breadcrumb":{"@id":"https:\/\/webknjizara.hr\/proizvod\/zbornik-radova-hdod-3-broja-hdod\/#breadcrumb"},"inLanguage":"en-US","potentialAction":[{"@type":"ReadAction","target":["https:\/\/webknjizara.hr\/proizvod\/zbornik-radova-hdod-3-broja-hdod\/"]}]},{"@type":"ImageObject","inLanguage":"en-US","@id":"https:\/\/webknjizara.hr\/proizvod\/zbornik-radova-hdod-3-broja-hdod\/#primaryimage","url":"https:\/\/webknjizara.hr\/wp-content\/uploads\/2026\/03\/KOMPLET_FB_1807.jpg","contentUrl":"https:\/\/webknjizara.hr\/wp-content\/uploads\/2026\/03\/KOMPLET_FB_1807.jpg","width":573,"height":800,"caption":"ZBORNIK RADOVA HDOD (3 BROJA), HDOD"},{"@type":"BreadcrumbList","@id":"https:\/\/webknjizara.hr\/proizvod\/zbornik-radova-hdod-3-broja-hdod\/#breadcrumb","itemListElement":[{"@type":"ListItem","position":1,"name":"Po\u010detna stranica","item":"https:\/\/webknjizara.hr\/en\/"},{"@type":"ListItem","position":2,"name":"Shop","item":"https:\/\/webknjizara.hr\/shop\/"},{"@type":"ListItem","position":3,"name":"ZBORNIK RADOVA HDOD (komplet 3 BROJA), HDOD"}]},{"@type":"WebSite","@id":"https:\/\/webknjizara.hr\/#website","url":"https:\/\/webknjizara.hr\/","name":"Web Knji\u017eara","description":"","publisher":{"@id":"https:\/\/webknjizara.hr\/#organization"},"potentialAction":[{"@type":"SearchAction","target":{"@type":"EntryPoint","urlTemplate":"https:\/\/webknjizara.hr\/?s={search_term_string}"},"query-input":{"@type":"PropertyValueSpecification","valueRequired":true,"valueName":"search_term_string"}}],"inLanguage":"en-US"},{"@type":"Organization","@id":"https:\/\/webknjizara.hr\/#organization","name":"REDAK D.O.O.","url":"https:\/\/webknjizara.hr\/","logo":{"@type":"ImageObject","inLanguage":"en-US","@id":"https:\/\/webknjizara.hr\/#\/schema\/logo\/image\/","url":"https:\/\/webknjizara.hr\/wp-content\/uploads\/2023\/01\/web-knjizara-logo.webp","contentUrl":"https:\/\/webknjizara.hr\/wp-content\/uploads\/2023\/01\/web-knjizara-logo.webp","width":324,"height":79,"caption":"REDAK D.O.O."},"image":{"@id":"https:\/\/webknjizara.hr\/#\/schema\/logo\/image\/"}}]}},"_links":{"self":[{"href":"https:\/\/webknjizara.hr\/en\/wp-json\/wp\/v2\/product\/21431","targetHints":{"allow":["GET"]}}],"collection":[{"href":"https:\/\/webknjizara.hr\/en\/wp-json\/wp\/v2\/product"}],"about":[{"href":"https:\/\/webknjizara.hr\/en\/wp-json\/wp\/v2\/types\/product"}],"replies":[{"embeddable":true,"href":"https:\/\/webknjizara.hr\/en\/wp-json\/wp\/v2\/comments?post=21431"}],"wp:featuredmedia":[{"embeddable":true,"href":"https:\/\/webknjizara.hr\/en\/wp-json\/wp\/v2\/media\/21432"}],"wp:attachment":[{"href":"https:\/\/webknjizara.hr\/en\/wp-json\/wp\/v2\/media?parent=21431"}],"wp:term":[{"taxonomy":"product_brand","embeddable":true,"href":"https:\/\/webknjizara.hr\/en\/wp-json\/wp\/v2\/product_brand?post=21431"},{"taxonomy":"product_cat","embeddable":true,"href":"https:\/\/webknjizara.hr\/en\/wp-json\/wp\/v2\/product_cat?post=21431"},{"taxonomy":"product_tag","embeddable":true,"href":"https:\/\/webknjizara.hr\/en\/wp-json\/wp\/v2\/product_tag?post=21431"}],"curies":[{"name":"wp","href":"https:\/\/api.w.org\/{rel}","templated":true}]}}