{"id":20870,"date":"2025-12-23T19:13:59","date_gmt":"2025-12-23T18:13:59","guid":{"rendered":"https:\/\/webknjizara.hr\/?post_type=product&#038;p=20870"},"modified":"2025-12-23T19:13:59","modified_gmt":"2025-12-23T18:13:59","slug":"riec-me-mome-vinko-slivar","status":"publish","type":"product","link":"https:\/\/webknjizara.hr\/en\/proizvod\/riec-me-mome-vinko-slivar\/","title":{"rendered":"RIE\u010c ME MOME, Vinko Slivar"},"content":{"rendered":"<p class=\"western\"><span style=\"font-family: Arial, sans-serif;\">Knjiga je refleksivna i intimna poezija, poezija zavi\u010dajnih motiva, rie\u010d kakvu je pjesnik od mome nau\u010dio u djetinjstvu, pjesmarica je re\u010dena kajkavskim narje\u010djem kakvim se govorilo u Lan\u010di\u0107u, Ivancu i Jerovcu<\/span><\/p>\n<p class=\"western\"><span style=\"font-family: Arial, sans-serif;\"><span lang=\"hr-HR\"><b>Bilje\u0161ka o autoru: <\/b><\/span><\/span><span style=\"font-family: Arial, sans-serif;\"><span lang=\"hr-HR\">Ro\u0111en je 17. kolovoza 1953. u Lan\u010di\u0107u, nadomak Ivancu, gdje i sada \u017eivi i radi. Osnovnu je \u0161kolu zavr\u0161io u Ivancu, a u baroknom Vara\u017edinu srednju \u0161kolu stekav\u0161i zvanje soboslikara i li\u010dioca. Pjesme pi\u0161e u svom zavi\u010dajnom kajkavskom idiomu zapadne vari-jante stare ivane\u010dke kajkav\u0161tine s tragovima jerove\u010dkog govora gdje je provodio djetinjstvo kod bake, i na hrvatskom standardu. Pisati je po-\u010deo rano u mladosti, ali je objavljivati po\u010deo 1991. na ivane\u010dkom radiju. Do sada je objavio zbirke pjesama: <\/span><\/span><span style=\"font-family: Arial, sans-serif;\"><span lang=\"hr-HR\"><i>Crno zvono zvoni,1992,;Gor\u010di-na, 1993.; Jo\u0161 srebrom rosi, 1994.; Ne ka\u0161tigujte mi rie\u010d, 1996,;Duh me rie\u010di,1998.; Od ti\u0161ine ti\u0161i,1998. na hrvatskom standardu. Spavom zorom, Suze na staklu, i <\/i><\/span><\/span><span style=\"font-family: Arial, sans-serif;\"><span lang=\"hr-HR\">sada u objavi <\/span><\/span><span style=\"font-family: Arial, sans-serif;\"><span lang=\"hr-HR\"><i>Rie\u010d me mome. <\/i><\/span><\/span><span style=\"font-family: Arial, sans-serif;\"><span lang=\"hr-HR\">Sve su zbirke objavljene u vlastitoj nakladi. \u010clan je Vara\u017edinskog knji\u017eevnog dru\u0161tva i Ivane\u010dkog pjesni\u010dkog kruga. Sudionik je poznatih knji\u017eevnih natje\u010daja. Pjesme su mu objavlji-vane u zbornicima: Dragutin Domjani\u0107, Sveti Ivan Zelina; Susret rije\u010di, Bedekov\u010dina; Vara\u017edin u srcu nosim, Vara\u017edin; Kaj u Kusto\u0161iji, Zagreb; Do\u0161el bum v Bistricu, Marija Bistrica; Pod murvu na Kr\u010de, KUD Dragutin Domjani\u0107, Adamovec; Draga doma\u010da rie\u010d, Ivanec; Krapinske popefke, Krapina; Najljep\u0161a ljubavna pjesma za Zvonimira Goloba, Koprivnica. Pjesme su mu tiskane i u svim zbornicima Vara\u017edinskog knji\u017eevnog dru\u0161tva i u svim zhorncima Ivane\u010dkog pjesni\u010dkog kruga. Objavljivao je i u Ivane\u010dkom kalendaru, Hrvatskom kajkavskom kolendaru, \u010cakovec, te u knjizi Rie\u010di z melina \u017eivljenja, u Panorami kajkavskog pjesni\u0161tva Poleg jedne velke gore i u \u010dasopisu za kulturu Hrvatsko zagorje, Krapina. U poznatom \u010dasopisu Kaj, tako\u0111er je objav-ljivao. Pjesma <\/span><\/span><span style=\"font-family: Arial, sans-serif;\"><span lang=\"hr-HR\"><i>Caprije <\/i><\/span><\/span><span style=\"font-family: Arial, sans-serif;\"><span lang=\"hr-HR\">objavlena je u katalogu \u010cerne mlake na Ivan\u0161\u010dici u izdanju HPD Ivan\u0161\u010dica, Ivanec, <\/span><\/span><span style=\"font-family: Arial, sans-serif;\"><span lang=\"hr-HR\"><i>Senje i meteori ,<\/i><\/span><\/span><span style=\"font-family: Arial, sans-serif;\"><span lang=\"hr-HR\">Vara\u017edin. Za svoje je pjesme i nagra\u0111ivan od stru\u010dnih \u017eirija na natje\u010dajima za poeziju. Sanjar je kojemu je \u017eivot pjesma, a pjesma \u017eivot, kako sam ka\u017ee.<\/span><\/span><\/p>\n<p class=\"western\"><span style=\"font-family: Arial, sans-serif;\"><span lang=\"hr-HR\"><b>Klju\u010dne rije\u010di: <\/b><\/span><\/span><span style=\"font-family: Arial, sans-serif;\"><span lang=\"hr-HR\">k<\/span><\/span><span style=\"font-family: Arial, sans-serif;\">ajkavski idiom, moma, Lan\u010di\u0107; Jerovec, Ivanec; Ivan\u0161\u010dica; rie\u010dnik\/rje\u010dnik \u2013 lajkavski\/ \u0161tokavski; tople zelene o\u010di;<\/span><\/p>\n<p class=\"western\"><span style=\"font-family: Arial, sans-serif;\"><span lang=\"hr-HR\"><b>E-mail: <\/b><a href=\"mailto:d.jelovic@gmail.com\"><span style=\"color: #000000;\">Vinko Slivar<\/span><\/a><\/span><\/span><\/p>\n<p class=\"western\"><strong><span style=\"font-family: Arial, sans-serif;\"><span lang=\"hr-HR\">Naslov: <\/span><\/span><\/strong><strong><span style=\"font-family: Arial, sans-serif;\">Rie\u010d me mome<\/span><\/strong><span style=\"font-family: Arial, sans-serif;\"><span lang=\"hr-HR\"><br \/>\n<\/span><\/span><strong><span style=\"font-family: Arial, sans-serif;\"><span lang=\"hr-HR\">Autor\/autorica:<\/span><\/span><\/strong> <span style=\"font-family: Arial, sans-serif;\">Vinko Slivar<\/span><span style=\"font-family: Arial, sans-serif;\"><span lang=\"hr-HR\"><br \/>\n<\/span><\/span><strong><span style=\"font-family: Arial, sans-serif;\"><span lang=\"hr-HR\">Broj stranica: <\/span><\/span><\/strong><span style=\"font-family: Arial, sans-serif;\"><span lang=\"en-US\">204<\/span><\/span><span style=\"font-family: Arial, sans-serif;\"><span lang=\"hr-HR\"><br \/>\n<\/span><\/span><strong><span style=\"font-family: Arial, sans-serif;\"><span lang=\"hr-HR\">Nakladnik: <\/span><\/span><\/strong><strong><span style=\"font-family: Arial, sans-serif;\">REDAK<\/span><\/strong><span style=\"font-family: Arial, sans-serif;\"><span lang=\"hr-HR\"><br \/>\n<\/span><\/span><strong><span style=\"font-family: Arial, sans-serif;\"><span lang=\"hr-HR\">Godina izdanja: <\/span><\/span><\/strong><strong><span style=\"font-family: Arial, sans-serif;\">2025.<\/span><\/strong><strong><span style=\"font-family: Arial, sans-serif;\"><span lang=\"hr-HR\">.<br \/>\n<\/span><\/span><\/strong><strong><span style=\"font-family: Arial, sans-serif;\">ISBN:<\/span><\/strong><span style=\"font-family: Arial, sans-serif;\"> 978-953-395-134-8<br \/>\n<\/span><strong><span style=\"font-family: Arial, sans-serif;\">Tisak:<\/span><\/strong><span style=\"font-family: Arial, sans-serif;\"> digitalni tisak knjiga &#8211; print na zahtjev<\/span><\/p>\n","protected":false},"excerpt":{"rendered":"<p>Knjiga je refleksivna i intimna poezija, poezija zavi\u010dajnih motiva, rie\u010d kakvu je pjesnik od mome nau\u010dio u djetinjstvu, pjesmarica je re\u010dena kajkavskim narje\u010djem kakvim se govorilo u Lan\u010di\u0107u, Ivancu i Jerovcu Bilje\u0161ka o autoru: Ro\u0111en je 17. kolovoza 1953. u Lan\u010di\u0107u, nadomak Ivancu, gdje i sada \u017eivi i radi. Osnovnu je \u0161kolu zavr\u0161io u Ivancu, [&hellip;]<\/p>\n","protected":false},"featured_media":20871,"comment_status":"open","ping_status":"closed","template":"","meta":{"_acf_changed":false},"product_brand":[],"product_cat":[1388],"product_tag":[],"class_list":{"0":"post-20870","1":"product","2":"type-product","3":"status-publish","4":"has-post-thumbnail","6":"product_cat-poezija","7":"pa_autor-vinko-slivar","8":"pa_nakladnik-redak","10":"first","11":"instock","12":"shipping-taxable","13":"purchasable","14":"product-type-simple"},"acf":[],"yoast_head":"<!-- This site is optimized with the Yoast SEO plugin v27.3 - https:\/\/yoast.com\/product\/yoast-seo-wordpress\/ -->\n<title>RIE\u010c ME MOME, Vinko Slivar - Web-knji\u017eara<\/title>\n<meta name=\"robots\" content=\"index, follow, max-snippet:-1, max-image-preview:large, max-video-preview:-1\" \/>\n<link rel=\"canonical\" href=\"https:\/\/webknjizara.hr\/proizvod\/riec-me-mome-vinko-slivar\/\" \/>\n<meta property=\"og:locale\" content=\"en_US\" \/>\n<meta property=\"og:type\" content=\"article\" \/>\n<meta property=\"og:title\" content=\"RIE\u010c ME MOME, Vinko Slivar - Web-knji\u017eara\" \/>\n<meta property=\"og:description\" content=\"Knjiga je refleksivna i intimna poezija, poezija zavi\u010dajnih motiva, rie\u010d kakvu je pjesnik od mome nau\u010dio u djetinjstvu, pjesmarica je re\u010dena kajkavskim narje\u010djem kakvim se govorilo u Lan\u010di\u0107u, Ivancu i Jerovcu Bilje\u0161ka o autoru: Ro\u0111en je 17. kolovoza 1953. u Lan\u010di\u0107u, nadomak Ivancu, gdje i sada \u017eivi i radi. Osnovnu je \u0161kolu zavr\u0161io u Ivancu, [&hellip;]\" \/>\n<meta property=\"og:url\" content=\"https:\/\/webknjizara.hr\/proizvod\/riec-me-mome-vinko-slivar\/\" \/>\n<meta property=\"og:site_name\" content=\"Web-knji\u017eara\" \/>\n<meta property=\"og:image\" content=\"https:\/\/webknjizara.hr\/wp-content\/uploads\/2025\/12\/Vinko_Slivar_Riec_me_mome_webknjizara_redak_WEB_1793.jpg\" \/>\n\t<meta property=\"og:image:width\" content=\"300\" \/>\n\t<meta property=\"og:image:height\" content=\"419\" \/>\n\t<meta property=\"og:image:type\" content=\"image\/jpeg\" \/>\n<meta name=\"twitter:card\" content=\"summary_large_image\" \/>\n<meta name=\"twitter:label1\" content=\"Est. reading time\" \/>\n\t<meta name=\"twitter:data1\" content=\"3 minutes\" \/>\n<script type=\"application\/ld+json\" class=\"yoast-schema-graph\">{\"@context\":\"https:\\\/\\\/schema.org\",\"@graph\":[{\"@type\":\"WebPage\",\"@id\":\"https:\\\/\\\/webknjizara.hr\\\/proizvod\\\/riec-me-mome-vinko-slivar\\\/\",\"url\":\"https:\\\/\\\/webknjizara.hr\\\/proizvod\\\/riec-me-mome-vinko-slivar\\\/\",\"name\":\"RIE\u010c ME MOME, Vinko Slivar - Web-knji\u017eara\",\"isPartOf\":{\"@id\":\"https:\\\/\\\/webknjizara.hr\\\/#website\"},\"primaryImageOfPage\":{\"@id\":\"https:\\\/\\\/webknjizara.hr\\\/proizvod\\\/riec-me-mome-vinko-slivar\\\/#primaryimage\"},\"image\":{\"@id\":\"https:\\\/\\\/webknjizara.hr\\\/proizvod\\\/riec-me-mome-vinko-slivar\\\/#primaryimage\"},\"thumbnailUrl\":\"https:\\\/\\\/webknjizara.hr\\\/wp-content\\\/uploads\\\/2025\\\/12\\\/Vinko_Slivar_Riec_me_mome_webknjizara_redak_WEB_1793.jpg\",\"datePublished\":\"2025-12-23T18:13:59+00:00\",\"breadcrumb\":{\"@id\":\"https:\\\/\\\/webknjizara.hr\\\/proizvod\\\/riec-me-mome-vinko-slivar\\\/#breadcrumb\"},\"inLanguage\":\"en-US\",\"potentialAction\":[{\"@type\":\"ReadAction\",\"target\":[\"https:\\\/\\\/webknjizara.hr\\\/proizvod\\\/riec-me-mome-vinko-slivar\\\/\"]}]},{\"@type\":\"ImageObject\",\"inLanguage\":\"en-US\",\"@id\":\"https:\\\/\\\/webknjizara.hr\\\/proizvod\\\/riec-me-mome-vinko-slivar\\\/#primaryimage\",\"url\":\"https:\\\/\\\/webknjizara.hr\\\/wp-content\\\/uploads\\\/2025\\\/12\\\/Vinko_Slivar_Riec_me_mome_webknjizara_redak_WEB_1793.jpg\",\"contentUrl\":\"https:\\\/\\\/webknjizara.hr\\\/wp-content\\\/uploads\\\/2025\\\/12\\\/Vinko_Slivar_Riec_me_mome_webknjizara_redak_WEB_1793.jpg\",\"width\":300,\"height\":419,\"caption\":\"RIE\u010c ME MOME, Vinko Slivar\"},{\"@type\":\"BreadcrumbList\",\"@id\":\"https:\\\/\\\/webknjizara.hr\\\/proizvod\\\/riec-me-mome-vinko-slivar\\\/#breadcrumb\",\"itemListElement\":[{\"@type\":\"ListItem\",\"position\":1,\"name\":\"Po\u010detna stranica\",\"item\":\"https:\\\/\\\/webknjizara.hr\\\/en\\\/\"},{\"@type\":\"ListItem\",\"position\":2,\"name\":\"Shop\",\"item\":\"https:\\\/\\\/webknjizara.hr\\\/shop\\\/\"},{\"@type\":\"ListItem\",\"position\":3,\"name\":\"RIE\u010c ME MOME, Vinko Slivar\"}]},{\"@type\":\"WebSite\",\"@id\":\"https:\\\/\\\/webknjizara.hr\\\/#website\",\"url\":\"https:\\\/\\\/webknjizara.hr\\\/\",\"name\":\"Web Knji\u017eara\",\"description\":\"\",\"publisher\":{\"@id\":\"https:\\\/\\\/webknjizara.hr\\\/#organization\"},\"potentialAction\":[{\"@type\":\"SearchAction\",\"target\":{\"@type\":\"EntryPoint\",\"urlTemplate\":\"https:\\\/\\\/webknjizara.hr\\\/?s={search_term_string}\"},\"query-input\":{\"@type\":\"PropertyValueSpecification\",\"valueRequired\":true,\"valueName\":\"search_term_string\"}}],\"inLanguage\":\"en-US\"},{\"@type\":\"Organization\",\"@id\":\"https:\\\/\\\/webknjizara.hr\\\/#organization\",\"name\":\"REDAK D.O.O.\",\"url\":\"https:\\\/\\\/webknjizara.hr\\\/\",\"logo\":{\"@type\":\"ImageObject\",\"inLanguage\":\"en-US\",\"@id\":\"https:\\\/\\\/webknjizara.hr\\\/#\\\/schema\\\/logo\\\/image\\\/\",\"url\":\"https:\\\/\\\/webknjizara.hr\\\/wp-content\\\/uploads\\\/2023\\\/01\\\/web-knjizara-logo.webp\",\"contentUrl\":\"https:\\\/\\\/webknjizara.hr\\\/wp-content\\\/uploads\\\/2023\\\/01\\\/web-knjizara-logo.webp\",\"width\":324,\"height\":79,\"caption\":\"REDAK D.O.O.\"},\"image\":{\"@id\":\"https:\\\/\\\/webknjizara.hr\\\/#\\\/schema\\\/logo\\\/image\\\/\"}}]}<\/script>\n<!-- \/ Yoast SEO plugin. -->","yoast_head_json":{"title":"RIE\u010c ME MOME, Vinko Slivar - Web-knji\u017eara","robots":{"index":"index","follow":"follow","max-snippet":"max-snippet:-1","max-image-preview":"max-image-preview:large","max-video-preview":"max-video-preview:-1"},"canonical":"https:\/\/webknjizara.hr\/proizvod\/riec-me-mome-vinko-slivar\/","og_locale":"en_US","og_type":"article","og_title":"RIE\u010c ME MOME, Vinko Slivar - Web-knji\u017eara","og_description":"Knjiga je refleksivna i intimna poezija, poezija zavi\u010dajnih motiva, rie\u010d kakvu je pjesnik od mome nau\u010dio u djetinjstvu, pjesmarica je re\u010dena kajkavskim narje\u010djem kakvim se govorilo u Lan\u010di\u0107u, Ivancu i Jerovcu Bilje\u0161ka o autoru: Ro\u0111en je 17. kolovoza 1953. u Lan\u010di\u0107u, nadomak Ivancu, gdje i sada \u017eivi i radi. Osnovnu je \u0161kolu zavr\u0161io u Ivancu, [&hellip;]","og_url":"https:\/\/webknjizara.hr\/proizvod\/riec-me-mome-vinko-slivar\/","og_site_name":"Web-knji\u017eara","og_image":[{"width":300,"height":419,"url":"https:\/\/webknjizara.hr\/wp-content\/uploads\/2025\/12\/Vinko_Slivar_Riec_me_mome_webknjizara_redak_WEB_1793.jpg","type":"image\/jpeg"}],"twitter_card":"summary_large_image","twitter_misc":{"Est. reading time":"3 minutes"},"schema":{"@context":"https:\/\/schema.org","@graph":[{"@type":"WebPage","@id":"https:\/\/webknjizara.hr\/proizvod\/riec-me-mome-vinko-slivar\/","url":"https:\/\/webknjizara.hr\/proizvod\/riec-me-mome-vinko-slivar\/","name":"RIE\u010c ME MOME, Vinko Slivar - Web-knji\u017eara","isPartOf":{"@id":"https:\/\/webknjizara.hr\/#website"},"primaryImageOfPage":{"@id":"https:\/\/webknjizara.hr\/proizvod\/riec-me-mome-vinko-slivar\/#primaryimage"},"image":{"@id":"https:\/\/webknjizara.hr\/proizvod\/riec-me-mome-vinko-slivar\/#primaryimage"},"thumbnailUrl":"https:\/\/webknjizara.hr\/wp-content\/uploads\/2025\/12\/Vinko_Slivar_Riec_me_mome_webknjizara_redak_WEB_1793.jpg","datePublished":"2025-12-23T18:13:59+00:00","breadcrumb":{"@id":"https:\/\/webknjizara.hr\/proizvod\/riec-me-mome-vinko-slivar\/#breadcrumb"},"inLanguage":"en-US","potentialAction":[{"@type":"ReadAction","target":["https:\/\/webknjizara.hr\/proizvod\/riec-me-mome-vinko-slivar\/"]}]},{"@type":"ImageObject","inLanguage":"en-US","@id":"https:\/\/webknjizara.hr\/proizvod\/riec-me-mome-vinko-slivar\/#primaryimage","url":"https:\/\/webknjizara.hr\/wp-content\/uploads\/2025\/12\/Vinko_Slivar_Riec_me_mome_webknjizara_redak_WEB_1793.jpg","contentUrl":"https:\/\/webknjizara.hr\/wp-content\/uploads\/2025\/12\/Vinko_Slivar_Riec_me_mome_webknjizara_redak_WEB_1793.jpg","width":300,"height":419,"caption":"RIE\u010c ME MOME, Vinko Slivar"},{"@type":"BreadcrumbList","@id":"https:\/\/webknjizara.hr\/proizvod\/riec-me-mome-vinko-slivar\/#breadcrumb","itemListElement":[{"@type":"ListItem","position":1,"name":"Po\u010detna stranica","item":"https:\/\/webknjizara.hr\/en\/"},{"@type":"ListItem","position":2,"name":"Shop","item":"https:\/\/webknjizara.hr\/shop\/"},{"@type":"ListItem","position":3,"name":"RIE\u010c ME MOME, Vinko Slivar"}]},{"@type":"WebSite","@id":"https:\/\/webknjizara.hr\/#website","url":"https:\/\/webknjizara.hr\/","name":"Web Knji\u017eara","description":"","publisher":{"@id":"https:\/\/webknjizara.hr\/#organization"},"potentialAction":[{"@type":"SearchAction","target":{"@type":"EntryPoint","urlTemplate":"https:\/\/webknjizara.hr\/?s={search_term_string}"},"query-input":{"@type":"PropertyValueSpecification","valueRequired":true,"valueName":"search_term_string"}}],"inLanguage":"en-US"},{"@type":"Organization","@id":"https:\/\/webknjizara.hr\/#organization","name":"REDAK D.O.O.","url":"https:\/\/webknjizara.hr\/","logo":{"@type":"ImageObject","inLanguage":"en-US","@id":"https:\/\/webknjizara.hr\/#\/schema\/logo\/image\/","url":"https:\/\/webknjizara.hr\/wp-content\/uploads\/2023\/01\/web-knjizara-logo.webp","contentUrl":"https:\/\/webknjizara.hr\/wp-content\/uploads\/2023\/01\/web-knjizara-logo.webp","width":324,"height":79,"caption":"REDAK D.O.O."},"image":{"@id":"https:\/\/webknjizara.hr\/#\/schema\/logo\/image\/"}}]}},"_links":{"self":[{"href":"https:\/\/webknjizara.hr\/en\/wp-json\/wp\/v2\/product\/20870","targetHints":{"allow":["GET"]}}],"collection":[{"href":"https:\/\/webknjizara.hr\/en\/wp-json\/wp\/v2\/product"}],"about":[{"href":"https:\/\/webknjizara.hr\/en\/wp-json\/wp\/v2\/types\/product"}],"replies":[{"embeddable":true,"href":"https:\/\/webknjizara.hr\/en\/wp-json\/wp\/v2\/comments?post=20870"}],"wp:featuredmedia":[{"embeddable":true,"href":"https:\/\/webknjizara.hr\/en\/wp-json\/wp\/v2\/media\/20871"}],"wp:attachment":[{"href":"https:\/\/webknjizara.hr\/en\/wp-json\/wp\/v2\/media?parent=20870"}],"wp:term":[{"taxonomy":"product_brand","embeddable":true,"href":"https:\/\/webknjizara.hr\/en\/wp-json\/wp\/v2\/product_brand?post=20870"},{"taxonomy":"product_cat","embeddable":true,"href":"https:\/\/webknjizara.hr\/en\/wp-json\/wp\/v2\/product_cat?post=20870"},{"taxonomy":"product_tag","embeddable":true,"href":"https:\/\/webknjizara.hr\/en\/wp-json\/wp\/v2\/product_tag?post=20870"}],"curies":[{"name":"wp","href":"https:\/\/api.w.org\/{rel}","templated":true}]}}