{"id":20798,"date":"2025-12-16T06:58:47","date_gmt":"2025-12-16T05:58:47","guid":{"rendered":"https:\/\/webknjizara.hr\/?post_type=product&#038;p=20798"},"modified":"2025-12-16T06:58:48","modified_gmt":"2025-12-16T05:58:48","slug":"neka-se-ne-uznemiruje-srce-vase-ljiljana-viducic","status":"publish","type":"product","link":"https:\/\/webknjizara.hr\/en\/proizvod\/neka-se-ne-uznemiruje-srce-vase-ljiljana-viducic\/","title":{"rendered":"NEKA SE NE UZNEMIRUJE SRCE VA\u0160E, Ljiljana Vidu\u010di\u0107"},"content":{"rendered":"<p><strong>Bilje\u0161ka o autorici:<\/strong><\/p>\n<p>Prof. emer. Ljiljana Vidu\u010di\u0107 ro\u0111ena je 1959. godine. Udata je, majka dvoje djece i baka \u010detvero unu\u010dadi. Nakon zavr\u0161ene osnovne \u0161kole u \u0160ibeniku i srednje \u0161kole u Splitu, diplomirala je 1982. na Ekonomskom fakultetu u Splitu, gdje je 1986. magistrirala i 1990. doktorirala. Na Ekonomskom fakultetu u Splitu radila je od 1986. do umirovljenja 2022. godine. Tijekom 36 godina akademske karijere bila je nositeljica i autorica brojnih financijskih kolegija na svim razinama studija te dugogodi\u0161nja suradnica Ekonomskih fakulteta u Zagrebu i Mostaru. Osmislila je i realizirala poslijediplomski stru\u010dni studij Financijskog menad\u017ementa, koji je privukao najve\u0107i broj polaznika u povijesti Fakulteta. Objavila je oko 80 znanstvenih radova i 10 knjiga te sudjelovala na brojnim me\u0111unarodnim skupovima i projektima. Bila je \u010dlanica je znanstvenog savjeta \u010dasopisa RRiF, te izdava\u010dkih odbora me\u0111unarodnih \u010dasopisa International Journal of Public-Private Partnership i South-East Europe Review. Aktivno je sura\u0111ivala u me\u0111unarodnim istra\u017eiva\u010dkim projektima i bila \u010dlanica Odbora Central Eastern European University Network (CEEUN). Za svoj znanstveni i humanitarni doprinos primila je brojna priznanja, uklju\u010duju\u0107i nagradu za \u017eivotno djelo i Zahvalnicu Ekonomskog fakulteta u Splitu 2022. godine. 2023. godine Sveu\u010dili\u0161te u Splitu izabralo ju je u zvanje profesor emeritus. Nakon umirovljenja posvetila se duhovnosti, osobnom rastu i radu za dobrobit zajednice, ostaju\u0107i primjer mudrosti i topline.<\/p>\n<p><strong>Klju\u010dne rije\u010di:<\/strong> Sveto Trojstvo, ljubav, molitva, vjera<\/p>\n<p><strong>Naslov:<\/strong> Neka se ne uznemiruje srce va\u0161e<br \/>\n<strong>Autorica:<\/strong> Ljiljana Vidu\u010di\u0107<br \/>\n<strong>Broj stranica:<\/strong> 140<br \/>\n<strong>Nakladnik:<\/strong> REDAK<br \/>\n<strong>Godina izdanja:<\/strong> 2025..<br \/>\n<strong>ISBN:<\/strong> 978-953-395-129-4<br \/>\n<strong>Tisak:<\/strong> digitalni tisak knjiga &#8211; print na zahtjev<\/p>\n","protected":false},"excerpt":{"rendered":"<p>Bilje\u0161ka o autorici: Prof. emer. Ljiljana Vidu\u010di\u0107 ro\u0111ena je 1959. godine. Udata je, majka dvoje djece i baka \u010detvero unu\u010dadi. Nakon zavr\u0161ene osnovne \u0161kole u \u0160ibeniku i srednje \u0161kole u Splitu, diplomirala je 1982. na Ekonomskom fakultetu u Splitu, gdje je 1986. magistrirala i 1990. doktorirala. Na Ekonomskom fakultetu u Splitu radila je od 1986. [&hellip;]<\/p>\n","protected":false},"featured_media":20799,"comment_status":"open","ping_status":"closed","template":"","meta":{"_acf_changed":false},"product_brand":[],"product_cat":[1385],"product_tag":[],"class_list":{"0":"post-20798","1":"product","2":"type-product","3":"status-publish","4":"has-post-thumbnail","6":"product_cat-knjizevnost","7":"pa_autor-ljiljana-viducic","8":"pa_nakladnik-redak","10":"first","11":"instock","12":"shipping-taxable","13":"purchasable","14":"product-type-simple"},"acf":[],"yoast_head":"<!-- This site is optimized with the Yoast SEO plugin v27.3 - https:\/\/yoast.com\/product\/yoast-seo-wordpress\/ -->\n<title>NEKA SE NE UZNEMIRUJE SRCE VA\u0160E, Ljiljana Vidu\u010di\u0107 - Web-knji\u017eara<\/title>\n<meta name=\"robots\" content=\"index, follow, max-snippet:-1, max-image-preview:large, max-video-preview:-1\" \/>\n<link rel=\"canonical\" href=\"https:\/\/webknjizara.hr\/proizvod\/neka-se-ne-uznemiruje-srce-vase-ljiljana-viducic\/\" \/>\n<meta property=\"og:locale\" content=\"en_US\" \/>\n<meta property=\"og:type\" content=\"article\" \/>\n<meta property=\"og:title\" content=\"NEKA SE NE UZNEMIRUJE SRCE VA\u0160E, Ljiljana Vidu\u010di\u0107 - Web-knji\u017eara\" \/>\n<meta property=\"og:description\" content=\"Bilje\u0161ka o autorici: Prof. emer. Ljiljana Vidu\u010di\u0107 ro\u0111ena je 1959. godine. Udata je, majka dvoje djece i baka \u010detvero unu\u010dadi. Nakon zavr\u0161ene osnovne \u0161kole u \u0160ibeniku i srednje \u0161kole u Splitu, diplomirala je 1982. na Ekonomskom fakultetu u Splitu, gdje je 1986. magistrirala i 1990. doktorirala. Na Ekonomskom fakultetu u Splitu radila je od 1986. [&hellip;]\" \/>\n<meta property=\"og:url\" content=\"https:\/\/webknjizara.hr\/proizvod\/neka-se-ne-uznemiruje-srce-vase-ljiljana-viducic\/\" \/>\n<meta property=\"og:site_name\" content=\"Web-knji\u017eara\" \/>\n<meta property=\"article:modified_time\" content=\"2025-12-16T05:58:48+00:00\" \/>\n<meta property=\"og:image\" content=\"https:\/\/webknjizara.hr\/wp-content\/uploads\/2025\/12\/Ljiljana_Viducic_Neka_se_ne_uznemiruje_srce_vase_webknjizara_redak_WEB_1785.jpg\" \/>\n\t<meta property=\"og:image:width\" content=\"300\" \/>\n\t<meta property=\"og:image:height\" content=\"419\" \/>\n\t<meta property=\"og:image:type\" content=\"image\/jpeg\" \/>\n<meta name=\"twitter:card\" content=\"summary_large_image\" \/>\n<meta name=\"twitter:label1\" content=\"Est. reading time\" \/>\n\t<meta name=\"twitter:data1\" content=\"2 minutes\" \/>\n<script type=\"application\/ld+json\" class=\"yoast-schema-graph\">{\"@context\":\"https:\\\/\\\/schema.org\",\"@graph\":[{\"@type\":\"WebPage\",\"@id\":\"https:\\\/\\\/webknjizara.hr\\\/proizvod\\\/neka-se-ne-uznemiruje-srce-vase-ljiljana-viducic\\\/\",\"url\":\"https:\\\/\\\/webknjizara.hr\\\/proizvod\\\/neka-se-ne-uznemiruje-srce-vase-ljiljana-viducic\\\/\",\"name\":\"NEKA SE NE UZNEMIRUJE SRCE VA\u0160E, Ljiljana Vidu\u010di\u0107 - Web-knji\u017eara\",\"isPartOf\":{\"@id\":\"https:\\\/\\\/webknjizara.hr\\\/#website\"},\"primaryImageOfPage\":{\"@id\":\"https:\\\/\\\/webknjizara.hr\\\/proizvod\\\/neka-se-ne-uznemiruje-srce-vase-ljiljana-viducic\\\/#primaryimage\"},\"image\":{\"@id\":\"https:\\\/\\\/webknjizara.hr\\\/proizvod\\\/neka-se-ne-uznemiruje-srce-vase-ljiljana-viducic\\\/#primaryimage\"},\"thumbnailUrl\":\"https:\\\/\\\/webknjizara.hr\\\/wp-content\\\/uploads\\\/2025\\\/12\\\/Ljiljana_Viducic_Neka_se_ne_uznemiruje_srce_vase_webknjizara_redak_WEB_1785.jpg\",\"datePublished\":\"2025-12-16T05:58:47+00:00\",\"dateModified\":\"2025-12-16T05:58:48+00:00\",\"breadcrumb\":{\"@id\":\"https:\\\/\\\/webknjizara.hr\\\/proizvod\\\/neka-se-ne-uznemiruje-srce-vase-ljiljana-viducic\\\/#breadcrumb\"},\"inLanguage\":\"en-US\",\"potentialAction\":[{\"@type\":\"ReadAction\",\"target\":[\"https:\\\/\\\/webknjizara.hr\\\/proizvod\\\/neka-se-ne-uznemiruje-srce-vase-ljiljana-viducic\\\/\"]}]},{\"@type\":\"ImageObject\",\"inLanguage\":\"en-US\",\"@id\":\"https:\\\/\\\/webknjizara.hr\\\/proizvod\\\/neka-se-ne-uznemiruje-srce-vase-ljiljana-viducic\\\/#primaryimage\",\"url\":\"https:\\\/\\\/webknjizara.hr\\\/wp-content\\\/uploads\\\/2025\\\/12\\\/Ljiljana_Viducic_Neka_se_ne_uznemiruje_srce_vase_webknjizara_redak_WEB_1785.jpg\",\"contentUrl\":\"https:\\\/\\\/webknjizara.hr\\\/wp-content\\\/uploads\\\/2025\\\/12\\\/Ljiljana_Viducic_Neka_se_ne_uznemiruje_srce_vase_webknjizara_redak_WEB_1785.jpg\",\"width\":300,\"height\":419,\"caption\":\"NEKA SE NE UZNEMIRUJE SRCE VA\u0160E, Ljiljana Vidu\u010di\u0107\"},{\"@type\":\"BreadcrumbList\",\"@id\":\"https:\\\/\\\/webknjizara.hr\\\/proizvod\\\/neka-se-ne-uznemiruje-srce-vase-ljiljana-viducic\\\/#breadcrumb\",\"itemListElement\":[{\"@type\":\"ListItem\",\"position\":1,\"name\":\"Po\u010detna stranica\",\"item\":\"https:\\\/\\\/webknjizara.hr\\\/en\\\/\"},{\"@type\":\"ListItem\",\"position\":2,\"name\":\"Shop\",\"item\":\"https:\\\/\\\/webknjizara.hr\\\/shop\\\/\"},{\"@type\":\"ListItem\",\"position\":3,\"name\":\"NEKA SE NE UZNEMIRUJE SRCE VA\u0160E, Ljiljana Vidu\u010di\u0107\"}]},{\"@type\":\"WebSite\",\"@id\":\"https:\\\/\\\/webknjizara.hr\\\/#website\",\"url\":\"https:\\\/\\\/webknjizara.hr\\\/\",\"name\":\"Web Knji\u017eara\",\"description\":\"\",\"publisher\":{\"@id\":\"https:\\\/\\\/webknjizara.hr\\\/#organization\"},\"potentialAction\":[{\"@type\":\"SearchAction\",\"target\":{\"@type\":\"EntryPoint\",\"urlTemplate\":\"https:\\\/\\\/webknjizara.hr\\\/?s={search_term_string}\"},\"query-input\":{\"@type\":\"PropertyValueSpecification\",\"valueRequired\":true,\"valueName\":\"search_term_string\"}}],\"inLanguage\":\"en-US\"},{\"@type\":\"Organization\",\"@id\":\"https:\\\/\\\/webknjizara.hr\\\/#organization\",\"name\":\"REDAK D.O.O.\",\"url\":\"https:\\\/\\\/webknjizara.hr\\\/\",\"logo\":{\"@type\":\"ImageObject\",\"inLanguage\":\"en-US\",\"@id\":\"https:\\\/\\\/webknjizara.hr\\\/#\\\/schema\\\/logo\\\/image\\\/\",\"url\":\"https:\\\/\\\/webknjizara.hr\\\/wp-content\\\/uploads\\\/2023\\\/01\\\/web-knjizara-logo.webp\",\"contentUrl\":\"https:\\\/\\\/webknjizara.hr\\\/wp-content\\\/uploads\\\/2023\\\/01\\\/web-knjizara-logo.webp\",\"width\":324,\"height\":79,\"caption\":\"REDAK D.O.O.\"},\"image\":{\"@id\":\"https:\\\/\\\/webknjizara.hr\\\/#\\\/schema\\\/logo\\\/image\\\/\"}}]}<\/script>\n<!-- \/ Yoast SEO plugin. -->","yoast_head_json":{"title":"NEKA SE NE UZNEMIRUJE SRCE VA\u0160E, Ljiljana Vidu\u010di\u0107 - Web-knji\u017eara","robots":{"index":"index","follow":"follow","max-snippet":"max-snippet:-1","max-image-preview":"max-image-preview:large","max-video-preview":"max-video-preview:-1"},"canonical":"https:\/\/webknjizara.hr\/proizvod\/neka-se-ne-uznemiruje-srce-vase-ljiljana-viducic\/","og_locale":"en_US","og_type":"article","og_title":"NEKA SE NE UZNEMIRUJE SRCE VA\u0160E, Ljiljana Vidu\u010di\u0107 - Web-knji\u017eara","og_description":"Bilje\u0161ka o autorici: Prof. emer. Ljiljana Vidu\u010di\u0107 ro\u0111ena je 1959. godine. Udata je, majka dvoje djece i baka \u010detvero unu\u010dadi. Nakon zavr\u0161ene osnovne \u0161kole u \u0160ibeniku i srednje \u0161kole u Splitu, diplomirala je 1982. na Ekonomskom fakultetu u Splitu, gdje je 1986. magistrirala i 1990. doktorirala. Na Ekonomskom fakultetu u Splitu radila je od 1986. [&hellip;]","og_url":"https:\/\/webknjizara.hr\/proizvod\/neka-se-ne-uznemiruje-srce-vase-ljiljana-viducic\/","og_site_name":"Web-knji\u017eara","article_modified_time":"2025-12-16T05:58:48+00:00","og_image":[{"width":300,"height":419,"url":"https:\/\/webknjizara.hr\/wp-content\/uploads\/2025\/12\/Ljiljana_Viducic_Neka_se_ne_uznemiruje_srce_vase_webknjizara_redak_WEB_1785.jpg","type":"image\/jpeg"}],"twitter_card":"summary_large_image","twitter_misc":{"Est. reading time":"2 minutes"},"schema":{"@context":"https:\/\/schema.org","@graph":[{"@type":"WebPage","@id":"https:\/\/webknjizara.hr\/proizvod\/neka-se-ne-uznemiruje-srce-vase-ljiljana-viducic\/","url":"https:\/\/webknjizara.hr\/proizvod\/neka-se-ne-uznemiruje-srce-vase-ljiljana-viducic\/","name":"NEKA SE NE UZNEMIRUJE SRCE VA\u0160E, Ljiljana Vidu\u010di\u0107 - Web-knji\u017eara","isPartOf":{"@id":"https:\/\/webknjizara.hr\/#website"},"primaryImageOfPage":{"@id":"https:\/\/webknjizara.hr\/proizvod\/neka-se-ne-uznemiruje-srce-vase-ljiljana-viducic\/#primaryimage"},"image":{"@id":"https:\/\/webknjizara.hr\/proizvod\/neka-se-ne-uznemiruje-srce-vase-ljiljana-viducic\/#primaryimage"},"thumbnailUrl":"https:\/\/webknjizara.hr\/wp-content\/uploads\/2025\/12\/Ljiljana_Viducic_Neka_se_ne_uznemiruje_srce_vase_webknjizara_redak_WEB_1785.jpg","datePublished":"2025-12-16T05:58:47+00:00","dateModified":"2025-12-16T05:58:48+00:00","breadcrumb":{"@id":"https:\/\/webknjizara.hr\/proizvod\/neka-se-ne-uznemiruje-srce-vase-ljiljana-viducic\/#breadcrumb"},"inLanguage":"en-US","potentialAction":[{"@type":"ReadAction","target":["https:\/\/webknjizara.hr\/proizvod\/neka-se-ne-uznemiruje-srce-vase-ljiljana-viducic\/"]}]},{"@type":"ImageObject","inLanguage":"en-US","@id":"https:\/\/webknjizara.hr\/proizvod\/neka-se-ne-uznemiruje-srce-vase-ljiljana-viducic\/#primaryimage","url":"https:\/\/webknjizara.hr\/wp-content\/uploads\/2025\/12\/Ljiljana_Viducic_Neka_se_ne_uznemiruje_srce_vase_webknjizara_redak_WEB_1785.jpg","contentUrl":"https:\/\/webknjizara.hr\/wp-content\/uploads\/2025\/12\/Ljiljana_Viducic_Neka_se_ne_uznemiruje_srce_vase_webknjizara_redak_WEB_1785.jpg","width":300,"height":419,"caption":"NEKA SE NE UZNEMIRUJE SRCE VA\u0160E, Ljiljana Vidu\u010di\u0107"},{"@type":"BreadcrumbList","@id":"https:\/\/webknjizara.hr\/proizvod\/neka-se-ne-uznemiruje-srce-vase-ljiljana-viducic\/#breadcrumb","itemListElement":[{"@type":"ListItem","position":1,"name":"Po\u010detna stranica","item":"https:\/\/webknjizara.hr\/en\/"},{"@type":"ListItem","position":2,"name":"Shop","item":"https:\/\/webknjizara.hr\/shop\/"},{"@type":"ListItem","position":3,"name":"NEKA SE NE UZNEMIRUJE SRCE VA\u0160E, Ljiljana Vidu\u010di\u0107"}]},{"@type":"WebSite","@id":"https:\/\/webknjizara.hr\/#website","url":"https:\/\/webknjizara.hr\/","name":"Web Knji\u017eara","description":"","publisher":{"@id":"https:\/\/webknjizara.hr\/#organization"},"potentialAction":[{"@type":"SearchAction","target":{"@type":"EntryPoint","urlTemplate":"https:\/\/webknjizara.hr\/?s={search_term_string}"},"query-input":{"@type":"PropertyValueSpecification","valueRequired":true,"valueName":"search_term_string"}}],"inLanguage":"en-US"},{"@type":"Organization","@id":"https:\/\/webknjizara.hr\/#organization","name":"REDAK D.O.O.","url":"https:\/\/webknjizara.hr\/","logo":{"@type":"ImageObject","inLanguage":"en-US","@id":"https:\/\/webknjizara.hr\/#\/schema\/logo\/image\/","url":"https:\/\/webknjizara.hr\/wp-content\/uploads\/2023\/01\/web-knjizara-logo.webp","contentUrl":"https:\/\/webknjizara.hr\/wp-content\/uploads\/2023\/01\/web-knjizara-logo.webp","width":324,"height":79,"caption":"REDAK D.O.O."},"image":{"@id":"https:\/\/webknjizara.hr\/#\/schema\/logo\/image\/"}}]}},"_links":{"self":[{"href":"https:\/\/webknjizara.hr\/en\/wp-json\/wp\/v2\/product\/20798","targetHints":{"allow":["GET"]}}],"collection":[{"href":"https:\/\/webknjizara.hr\/en\/wp-json\/wp\/v2\/product"}],"about":[{"href":"https:\/\/webknjizara.hr\/en\/wp-json\/wp\/v2\/types\/product"}],"replies":[{"embeddable":true,"href":"https:\/\/webknjizara.hr\/en\/wp-json\/wp\/v2\/comments?post=20798"}],"wp:featuredmedia":[{"embeddable":true,"href":"https:\/\/webknjizara.hr\/en\/wp-json\/wp\/v2\/media\/20799"}],"wp:attachment":[{"href":"https:\/\/webknjizara.hr\/en\/wp-json\/wp\/v2\/media?parent=20798"}],"wp:term":[{"taxonomy":"product_brand","embeddable":true,"href":"https:\/\/webknjizara.hr\/en\/wp-json\/wp\/v2\/product_brand?post=20798"},{"taxonomy":"product_cat","embeddable":true,"href":"https:\/\/webknjizara.hr\/en\/wp-json\/wp\/v2\/product_cat?post=20798"},{"taxonomy":"product_tag","embeddable":true,"href":"https:\/\/webknjizara.hr\/en\/wp-json\/wp\/v2\/product_tag?post=20798"}],"curies":[{"name":"wp","href":"https:\/\/api.w.org\/{rel}","templated":true}]}}