{"id":20567,"date":"2025-11-13T01:53:31","date_gmt":"2025-11-13T00:53:31","guid":{"rendered":"https:\/\/webknjizara.hr\/?post_type=product&#038;p=20567"},"modified":"2025-11-22T19:05:12","modified_gmt":"2025-11-22T18:05:12","slug":"od-ideje-do-hita-ernest-pelaic","status":"publish","type":"product","link":"https:\/\/webknjizara.hr\/en\/proizvod\/od-ideje-do-hita-ernest-pelaic\/","title":{"rendered":"OD IDEJE DO HITA, Ernest Pelai\u0107"},"content":{"rendered":"<p>Knjiga \u201eOd ideje do hita\u201c Ernesta Pelai\u0107a jedinstven je vodi\u010d kroz proces stvaranja pjesme \u2013 od prvog impulsa do gotovog djela. Autor, skladatelj s vi\u0161e od trideset godina profesionalnog iskustva, na jednostavan i konkretan na\u010din otkriva tajne koje povezuju umjetnost, emociju i tehniku u stvaranju hitova.<\/p>\n<p>Kroz prakti\u010dne primjere, analize i osobne uvide, Pelai\u0107 \u010ditatelju nudi jasne alate za razvijanje kreativnosti i razumijevanje strukture moderne pjesme. Ovo nije samo knjiga o pisanju pjesama, nego i priru\u010dnik o stvarala\u0161tvu, upornosti i autenti\u010dnosti<\/p>\n<p><strong>Bilje\u0161ka o autoru: <\/strong><\/p>\n<p><strong>Ernest Pelai\u0107<\/strong> (26. prosinca 1968., Split) \u2013 skladatelj, tekstopisac, aran\u017eer i producent s vi\u0161e od trideset pet godina iskustva \u2013 jedan je od prepoznatljivijih autora na doma\u0107oj i regionalnoj glazbenoj sceni.<\/p>\n<p>Ljubav prema glazbi rodila se jo\u0161 u najranijem djetinjstvu: s dvije godine dobiva svoj prvi bubanj i dje\u010dju gitaru, a sa \u0161est pianino te upisuje <strong>Glazbenu \u0161kolu Josip Hatze<\/strong> u Splitu.<\/p>\n<p><strong>Od tada pa do danas, glazba je njegova najve\u0107a i jedina istinska ljubav.<\/strong><\/p>\n<p>Prve pjesme po\u010deo je pisati ve\u0107 sa sedam godina, a prvu ozbiljnu skladbu, <strong>\u201cAndrea<\/strong>\u201d, posve\u0107enu djevoj\u010dici iz djetinjstva, napisao je s deset. Njegov skladateljski put obilje\u017eila su tri velika trenutka: debitantski nastup na <strong>Splitskom festivalu 1989<\/strong>. i osvajanje druge nagrade publike, zatim veliki hit \u201c<strong>Kad bi jastuci znali pri\u010dati<\/strong>\u201d <strong>(1990.)<\/strong> u izvedbi Leile, te pjesma \u201c<strong>Kako \u0107u joj re\u0107 da varin\u201d (2010<\/strong>.<strong>)<\/strong>, koja osvaja Grand Prix jubilarnog Splitskog festivala i postaje hit godine s vi\u0161e od <strong>900.000<\/strong> emitiranja na radijskim postajama diljem regije.<\/p>\n<p>Kroz svoju bogatu karijeru, Ernest je napisao i objavio vi\u0161e stotina pjesama koje su prona\u0161le put do publike \u0161irom regije. Tijekom godina sura\u0111ivao je s brojnim izvo\u0111a\u010dima razli\u010ditih generacija i \u017eanrova, me\u0111u kojima se isti\u010du: Leila, Severina, Jelena Rozga, Albina Gr\u010di\u0107, Bojan Pavlovi\u0107, Nenad Vetma, Srebrna krila, Goran Karan, Grupa Feeling, Klapa \u0160ufit, Sa\u0161a Jakeli\u0107, Margarita Hristova, grupa Stijene, Klapa Sveti Florijan, Antonia Dora Ple\u0161ko, Kanita Beba, Jo\u0161ko Tomi\u010di\u0107, Mustafa Ismailovski Muc i mnogi drugi.<\/p>\n<p>Poseban dio njegova stvarala\u0161tva \u010dine dje\u010dje pjesme \u2013 Ernest je najnagra\u0111ivaniji autor dje\u010djih skladbi na gotovo svim zna\u010dajnim dje\u010djim festivalima u regiji, a njegove pjesme obilje\u017eile su odrastanje brojnih generacija mladih izvo\u0111a\u010da.<\/p>\n<p>Posebno mu je draga suradnja s mladim talentima, kojima je \u010desto bio prva velika podr\u0161ka. Tako je Severini radio aran\u017eman i odsvirao njezinu prvu pjesmu u \u017eivotu, dok je s Jelenom Rozgom sura\u0111ivao dug niz godina, pi\u0161u\u0107i pjesme i oblikuju\u0107i njezin glazbeni put. Za Jelenu je pripremio cijeli album autorskih pjesama, koji nikada nije objavljen zbog njezina odlaska u grupu Magazin.<\/p>\n<p>Sli\u010dno je i s Albinom Gr\u010di\u0107, kojoj je napisao prve dvije pjesme u karijeri. Albina je kasnije, 2021. godine, predstavljala Hrvatsku na Eurosongu, a Ernest je posebno ponosan na doprinos njezinim glazbenim po\u010decima.<\/p>\n<p>U posljednjim godinama posebno mjesto u njegovom stvarala\u0161tvu zauzima suradnja s Bojanom Pavlovi\u0107em, kojeg smatra jednim od najtalentiranijih mladih pjeva\u010da na ovim prostorima. Njihov zajedni\u010dki rad donio je niz sna\u017enih pjesama koje spajaju moderni zvuk i emotivnu interpretaciju, otvaraju\u0107i Ernestu novo stvarala\u010dko poglavlje.<\/p>\n<p>Osim autorskog rada, Ernest je bio aktivan i kao \u010dlan stru\u010dnih \u017eirija u prvim TV formatima natjecanja mladih pjeva\u010da, te kao glazbeni suradnik na Hrvatskoj radioteleviziji po\u010detkom devedesetih \u010desto sura\u0111uju\u0107i sa legendarnim redateljom Anton Martiem (koji ga je kao mladog autora iznimno simpatizirao) u njegovim glazbeno\u2013redateljskim spektaklima.<\/p>\n<p>Pisao je i brojne glazbene osvrte i recenzije diskografskih izdanja, daju\u0107i svoj doprinos razvoju glazbene scene i diskografije u Hrvatskoj.<\/p>\n<p>Sura\u0111ivao je i u razli\u010ditim glazbenim projektima s velikim autorima i producentima, me\u0111u kojima su: Zdenko Runji\u0107, Stipica Kalogjera, Hrvoje Hegedu\u0161i\u0107, Neno Nin\u010devi\u0107, Remi Kazinotti, Seid Memi\u0107 Vajta, Narcis Vu\u010dina, Dejan Nikoli\u0107, Vanja Lisak, Mario Bogliuni, Mi\u0161o Dole\u017eal, Sini\u0161a Vuco, Kuzma &amp; Shaka Zulu\u2026<\/p>\n<p>Njegov rad ne zaustavlja se samo na popularnoj glazbi \u2013 autor je i glazbe za kazali\u0161ne produkcije, me\u0111u kojima se posebno isti\u010de kompletna glazba za monodramu \u201eCicibela\u201d u izvedbi Vlaste Knezovi\u0107, koja je bila izuzetno zapa\u017eena na regionalnoj sceni.<\/p>\n<p>Ernest je redovni \u010dlan Hrvatskog dru\u0161tva skladatelja (HDS) ve\u0107 trideset pet godina, i kroz svoj rad kontinuirano doprinosi glazbenoj sceni. Njegova strast prema glazbi i dalje je jednako sna\u017ena kao i na samom po\u010detku, a iskustvo ste\u010deno desetlje\u0107ima preto\u010dio je u knjigu \u201eOd ideje do hita\u201d \u2013 jedinstveni vodi\u010d za sve koji \u017eele razumjeti tajne stvaranja pjesme.<\/p>\n<p>U ovoj knjizi objedinio je znanje, iskustvo i odgovore na pitanja na koja mnogi glazbenici i autori nemaju gdje prona\u0107i odgovore. Njegova misija je jednostavna: olak\u0161ati drugima put i pomo\u0107i im da svoje ideje pretvore u pjesme koje dopiru do srca.<\/p>\n<p><strong>Klju\u010dne rije\u010di: <\/strong>Od ideje do hita, ernest pelai\u0107, glazba<\/p>\n<p><strong>E-mail: <\/strong><a href=\"mailto:ernestinformatika@gmail.com\">Ernest Pelai\u0107<\/a><\/p>\n<p><strong>Naslov: <\/strong>Od ideje do hita<br \/>\n<strong>Autor:<\/strong> Ernest Pelai\u0107<br \/>\n<strong>Broj stranica: <\/strong>124<br \/>\n<strong>Nakladnik: <\/strong>REDAK<br \/>\n<strong>Godina izdanja: <\/strong>2025.<strong>.<br \/>\n<\/strong><strong>ISBN:<\/strong> 978-953-395-127-0<br \/>\n<strong>Tisak:<\/strong> digitalni tisak knjiga &#8211; print na zahtjev<\/p>\n","protected":false},"excerpt":{"rendered":"<p>Knjiga \u201eOd ideje do hita\u201c Ernesta Pelai\u0107a jedinstven je vodi\u010d kroz proces stvaranja pjesme \u2013 od prvog impulsa do gotovog djela. Autor, skladatelj s vi\u0161e od trideset godina profesionalnog iskustva, na jednostavan i konkretan na\u010din otkriva tajne koje povezuju umjetnost, emociju i tehniku u stvaranju hitova. Kroz prakti\u010dne primjere, analize i osobne uvide, Pelai\u0107 \u010ditatelju [&hellip;]<\/p>\n","protected":false},"featured_media":20568,"comment_status":"open","ping_status":"closed","template":"","meta":{"_acf_changed":false},"product_brand":[],"product_cat":[2471],"product_tag":[],"class_list":{"0":"post-20567","1":"product","2":"type-product","3":"status-publish","4":"has-post-thumbnail","6":"product_cat-prirucnik","7":"pa_autor-ernest-pelaic","8":"pa_nakladnik-redak","10":"first","11":"instock","12":"shipping-taxable","13":"purchasable","14":"product-type-simple"},"acf":[],"yoast_head":"<!-- This site is optimized with the Yoast SEO plugin v27.3 - https:\/\/yoast.com\/product\/yoast-seo-wordpress\/ -->\n<title>OD IDEJE DO HITA, Ernest Pelai\u0107 - Web-knji\u017eara<\/title>\n<meta name=\"robots\" content=\"index, follow, max-snippet:-1, max-image-preview:large, max-video-preview:-1\" \/>\n<link rel=\"canonical\" href=\"https:\/\/webknjizara.hr\/proizvod\/od-ideje-do-hita-ernest-pelaic\/\" \/>\n<meta property=\"og:locale\" content=\"en_US\" \/>\n<meta property=\"og:type\" content=\"article\" \/>\n<meta property=\"og:title\" content=\"OD IDEJE DO HITA, Ernest Pelai\u0107 - Web-knji\u017eara\" \/>\n<meta property=\"og:description\" content=\"Knjiga \u201eOd ideje do hita\u201c Ernesta Pelai\u0107a jedinstven je vodi\u010d kroz proces stvaranja pjesme \u2013 od prvog impulsa do gotovog djela. Autor, skladatelj s vi\u0161e od trideset godina profesionalnog iskustva, na jednostavan i konkretan na\u010din otkriva tajne koje povezuju umjetnost, emociju i tehniku u stvaranju hitova. Kroz prakti\u010dne primjere, analize i osobne uvide, Pelai\u0107 \u010ditatelju [&hellip;]\" \/>\n<meta property=\"og:url\" content=\"https:\/\/webknjizara.hr\/proizvod\/od-ideje-do-hita-ernest-pelaic\/\" \/>\n<meta property=\"og:site_name\" content=\"Web-knji\u017eara\" \/>\n<meta property=\"article:modified_time\" content=\"2025-11-22T18:05:12+00:00\" \/>\n<meta property=\"og:image\" content=\"https:\/\/webknjizara.hr\/wp-content\/uploads\/2025\/11\/Ernest_Pelaic_Od_ideje_do_hita_webknjizara_redak_WEB_1782.jpg\" \/>\n\t<meta property=\"og:image:width\" content=\"300\" \/>\n\t<meta property=\"og:image:height\" content=\"419\" \/>\n\t<meta property=\"og:image:type\" content=\"image\/jpeg\" \/>\n<meta name=\"twitter:card\" content=\"summary_large_image\" \/>\n<meta name=\"twitter:label1\" content=\"Est. reading time\" \/>\n\t<meta name=\"twitter:data1\" content=\"5 minutes\" \/>\n<script type=\"application\/ld+json\" class=\"yoast-schema-graph\">{\"@context\":\"https:\\\/\\\/schema.org\",\"@graph\":[{\"@type\":\"WebPage\",\"@id\":\"https:\\\/\\\/webknjizara.hr\\\/proizvod\\\/od-ideje-do-hita-ernest-pelaic\\\/\",\"url\":\"https:\\\/\\\/webknjizara.hr\\\/proizvod\\\/od-ideje-do-hita-ernest-pelaic\\\/\",\"name\":\"OD IDEJE DO HITA, Ernest Pelai\u0107 - Web-knji\u017eara\",\"isPartOf\":{\"@id\":\"https:\\\/\\\/webknjizara.hr\\\/#website\"},\"primaryImageOfPage\":{\"@id\":\"https:\\\/\\\/webknjizara.hr\\\/proizvod\\\/od-ideje-do-hita-ernest-pelaic\\\/#primaryimage\"},\"image\":{\"@id\":\"https:\\\/\\\/webknjizara.hr\\\/proizvod\\\/od-ideje-do-hita-ernest-pelaic\\\/#primaryimage\"},\"thumbnailUrl\":\"https:\\\/\\\/webknjizara.hr\\\/wp-content\\\/uploads\\\/2025\\\/11\\\/Ernest_Pelaic_Od_ideje_do_hita_webknjizara_redak_WEB_1782.jpg\",\"datePublished\":\"2025-11-13T00:53:31+00:00\",\"dateModified\":\"2025-11-22T18:05:12+00:00\",\"breadcrumb\":{\"@id\":\"https:\\\/\\\/webknjizara.hr\\\/proizvod\\\/od-ideje-do-hita-ernest-pelaic\\\/#breadcrumb\"},\"inLanguage\":\"en-US\",\"potentialAction\":[{\"@type\":\"ReadAction\",\"target\":[\"https:\\\/\\\/webknjizara.hr\\\/proizvod\\\/od-ideje-do-hita-ernest-pelaic\\\/\"]}]},{\"@type\":\"ImageObject\",\"inLanguage\":\"en-US\",\"@id\":\"https:\\\/\\\/webknjizara.hr\\\/proizvod\\\/od-ideje-do-hita-ernest-pelaic\\\/#primaryimage\",\"url\":\"https:\\\/\\\/webknjizara.hr\\\/wp-content\\\/uploads\\\/2025\\\/11\\\/Ernest_Pelaic_Od_ideje_do_hita_webknjizara_redak_WEB_1782.jpg\",\"contentUrl\":\"https:\\\/\\\/webknjizara.hr\\\/wp-content\\\/uploads\\\/2025\\\/11\\\/Ernest_Pelaic_Od_ideje_do_hita_webknjizara_redak_WEB_1782.jpg\",\"width\":300,\"height\":419,\"caption\":\"OD IDEJE DO HITA, Ernest Pelai\u0107\"},{\"@type\":\"BreadcrumbList\",\"@id\":\"https:\\\/\\\/webknjizara.hr\\\/proizvod\\\/od-ideje-do-hita-ernest-pelaic\\\/#breadcrumb\",\"itemListElement\":[{\"@type\":\"ListItem\",\"position\":1,\"name\":\"Po\u010detna stranica\",\"item\":\"https:\\\/\\\/webknjizara.hr\\\/en\\\/\"},{\"@type\":\"ListItem\",\"position\":2,\"name\":\"Shop\",\"item\":\"https:\\\/\\\/webknjizara.hr\\\/shop\\\/\"},{\"@type\":\"ListItem\",\"position\":3,\"name\":\"OD IDEJE DO HITA, Ernest Pelai\u0107\"}]},{\"@type\":\"WebSite\",\"@id\":\"https:\\\/\\\/webknjizara.hr\\\/#website\",\"url\":\"https:\\\/\\\/webknjizara.hr\\\/\",\"name\":\"Web Knji\u017eara\",\"description\":\"\",\"publisher\":{\"@id\":\"https:\\\/\\\/webknjizara.hr\\\/#organization\"},\"potentialAction\":[{\"@type\":\"SearchAction\",\"target\":{\"@type\":\"EntryPoint\",\"urlTemplate\":\"https:\\\/\\\/webknjizara.hr\\\/?s={search_term_string}\"},\"query-input\":{\"@type\":\"PropertyValueSpecification\",\"valueRequired\":true,\"valueName\":\"search_term_string\"}}],\"inLanguage\":\"en-US\"},{\"@type\":\"Organization\",\"@id\":\"https:\\\/\\\/webknjizara.hr\\\/#organization\",\"name\":\"REDAK D.O.O.\",\"url\":\"https:\\\/\\\/webknjizara.hr\\\/\",\"logo\":{\"@type\":\"ImageObject\",\"inLanguage\":\"en-US\",\"@id\":\"https:\\\/\\\/webknjizara.hr\\\/#\\\/schema\\\/logo\\\/image\\\/\",\"url\":\"https:\\\/\\\/webknjizara.hr\\\/wp-content\\\/uploads\\\/2023\\\/01\\\/web-knjizara-logo.webp\",\"contentUrl\":\"https:\\\/\\\/webknjizara.hr\\\/wp-content\\\/uploads\\\/2023\\\/01\\\/web-knjizara-logo.webp\",\"width\":324,\"height\":79,\"caption\":\"REDAK D.O.O.\"},\"image\":{\"@id\":\"https:\\\/\\\/webknjizara.hr\\\/#\\\/schema\\\/logo\\\/image\\\/\"}}]}<\/script>\n<!-- \/ Yoast SEO plugin. -->","yoast_head_json":{"title":"OD IDEJE DO HITA, Ernest Pelai\u0107 - Web-knji\u017eara","robots":{"index":"index","follow":"follow","max-snippet":"max-snippet:-1","max-image-preview":"max-image-preview:large","max-video-preview":"max-video-preview:-1"},"canonical":"https:\/\/webknjizara.hr\/proizvod\/od-ideje-do-hita-ernest-pelaic\/","og_locale":"en_US","og_type":"article","og_title":"OD IDEJE DO HITA, Ernest Pelai\u0107 - Web-knji\u017eara","og_description":"Knjiga \u201eOd ideje do hita\u201c Ernesta Pelai\u0107a jedinstven je vodi\u010d kroz proces stvaranja pjesme \u2013 od prvog impulsa do gotovog djela. Autor, skladatelj s vi\u0161e od trideset godina profesionalnog iskustva, na jednostavan i konkretan na\u010din otkriva tajne koje povezuju umjetnost, emociju i tehniku u stvaranju hitova. Kroz prakti\u010dne primjere, analize i osobne uvide, Pelai\u0107 \u010ditatelju [&hellip;]","og_url":"https:\/\/webknjizara.hr\/proizvod\/od-ideje-do-hita-ernest-pelaic\/","og_site_name":"Web-knji\u017eara","article_modified_time":"2025-11-22T18:05:12+00:00","og_image":[{"width":300,"height":419,"url":"https:\/\/webknjizara.hr\/wp-content\/uploads\/2025\/11\/Ernest_Pelaic_Od_ideje_do_hita_webknjizara_redak_WEB_1782.jpg","type":"image\/jpeg"}],"twitter_card":"summary_large_image","twitter_misc":{"Est. reading time":"5 minutes"},"schema":{"@context":"https:\/\/schema.org","@graph":[{"@type":"WebPage","@id":"https:\/\/webknjizara.hr\/proizvod\/od-ideje-do-hita-ernest-pelaic\/","url":"https:\/\/webknjizara.hr\/proizvod\/od-ideje-do-hita-ernest-pelaic\/","name":"OD IDEJE DO HITA, Ernest Pelai\u0107 - Web-knji\u017eara","isPartOf":{"@id":"https:\/\/webknjizara.hr\/#website"},"primaryImageOfPage":{"@id":"https:\/\/webknjizara.hr\/proizvod\/od-ideje-do-hita-ernest-pelaic\/#primaryimage"},"image":{"@id":"https:\/\/webknjizara.hr\/proizvod\/od-ideje-do-hita-ernest-pelaic\/#primaryimage"},"thumbnailUrl":"https:\/\/webknjizara.hr\/wp-content\/uploads\/2025\/11\/Ernest_Pelaic_Od_ideje_do_hita_webknjizara_redak_WEB_1782.jpg","datePublished":"2025-11-13T00:53:31+00:00","dateModified":"2025-11-22T18:05:12+00:00","breadcrumb":{"@id":"https:\/\/webknjizara.hr\/proizvod\/od-ideje-do-hita-ernest-pelaic\/#breadcrumb"},"inLanguage":"en-US","potentialAction":[{"@type":"ReadAction","target":["https:\/\/webknjizara.hr\/proizvod\/od-ideje-do-hita-ernest-pelaic\/"]}]},{"@type":"ImageObject","inLanguage":"en-US","@id":"https:\/\/webknjizara.hr\/proizvod\/od-ideje-do-hita-ernest-pelaic\/#primaryimage","url":"https:\/\/webknjizara.hr\/wp-content\/uploads\/2025\/11\/Ernest_Pelaic_Od_ideje_do_hita_webknjizara_redak_WEB_1782.jpg","contentUrl":"https:\/\/webknjizara.hr\/wp-content\/uploads\/2025\/11\/Ernest_Pelaic_Od_ideje_do_hita_webknjizara_redak_WEB_1782.jpg","width":300,"height":419,"caption":"OD IDEJE DO HITA, Ernest Pelai\u0107"},{"@type":"BreadcrumbList","@id":"https:\/\/webknjizara.hr\/proizvod\/od-ideje-do-hita-ernest-pelaic\/#breadcrumb","itemListElement":[{"@type":"ListItem","position":1,"name":"Po\u010detna stranica","item":"https:\/\/webknjizara.hr\/en\/"},{"@type":"ListItem","position":2,"name":"Shop","item":"https:\/\/webknjizara.hr\/shop\/"},{"@type":"ListItem","position":3,"name":"OD IDEJE DO HITA, Ernest Pelai\u0107"}]},{"@type":"WebSite","@id":"https:\/\/webknjizara.hr\/#website","url":"https:\/\/webknjizara.hr\/","name":"Web Knji\u017eara","description":"","publisher":{"@id":"https:\/\/webknjizara.hr\/#organization"},"potentialAction":[{"@type":"SearchAction","target":{"@type":"EntryPoint","urlTemplate":"https:\/\/webknjizara.hr\/?s={search_term_string}"},"query-input":{"@type":"PropertyValueSpecification","valueRequired":true,"valueName":"search_term_string"}}],"inLanguage":"en-US"},{"@type":"Organization","@id":"https:\/\/webknjizara.hr\/#organization","name":"REDAK D.O.O.","url":"https:\/\/webknjizara.hr\/","logo":{"@type":"ImageObject","inLanguage":"en-US","@id":"https:\/\/webknjizara.hr\/#\/schema\/logo\/image\/","url":"https:\/\/webknjizara.hr\/wp-content\/uploads\/2023\/01\/web-knjizara-logo.webp","contentUrl":"https:\/\/webknjizara.hr\/wp-content\/uploads\/2023\/01\/web-knjizara-logo.webp","width":324,"height":79,"caption":"REDAK D.O.O."},"image":{"@id":"https:\/\/webknjizara.hr\/#\/schema\/logo\/image\/"}}]}},"_links":{"self":[{"href":"https:\/\/webknjizara.hr\/en\/wp-json\/wp\/v2\/product\/20567","targetHints":{"allow":["GET"]}}],"collection":[{"href":"https:\/\/webknjizara.hr\/en\/wp-json\/wp\/v2\/product"}],"about":[{"href":"https:\/\/webknjizara.hr\/en\/wp-json\/wp\/v2\/types\/product"}],"replies":[{"embeddable":true,"href":"https:\/\/webknjizara.hr\/en\/wp-json\/wp\/v2\/comments?post=20567"}],"wp:featuredmedia":[{"embeddable":true,"href":"https:\/\/webknjizara.hr\/en\/wp-json\/wp\/v2\/media\/20568"}],"wp:attachment":[{"href":"https:\/\/webknjizara.hr\/en\/wp-json\/wp\/v2\/media?parent=20567"}],"wp:term":[{"taxonomy":"product_brand","embeddable":true,"href":"https:\/\/webknjizara.hr\/en\/wp-json\/wp\/v2\/product_brand?post=20567"},{"taxonomy":"product_cat","embeddable":true,"href":"https:\/\/webknjizara.hr\/en\/wp-json\/wp\/v2\/product_cat?post=20567"},{"taxonomy":"product_tag","embeddable":true,"href":"https:\/\/webknjizara.hr\/en\/wp-json\/wp\/v2\/product_tag?post=20567"}],"curies":[{"name":"wp","href":"https:\/\/api.w.org\/{rel}","templated":true}]}}