{"id":20492,"date":"2025-11-05T21:23:49","date_gmt":"2025-11-05T20:23:49","guid":{"rendered":"https:\/\/webknjizara.hr\/?post_type=product&#038;p=20492"},"modified":"2025-11-05T21:23:49","modified_gmt":"2025-11-05T20:23:49","slug":"price-skrivene-u-zrncu-pijeska-tekstovi-u-zlatnom-kovcegu-2-dio-grupa-autora","status":"publish","type":"product","link":"https:\/\/webknjizara.hr\/en\/proizvod\/price-skrivene-u-zrncu-pijeska-tekstovi-u-zlatnom-kovcegu-2-dio-grupa-autora\/","title":{"rendered":"PRI\u010cE SKRIVENE U ZRNCU PIJESKA: TEKSTOVI U ZLATNOM KOV\u010cEGU, 2. DIO, Grupa autora"},"content":{"rendered":"<p>Tekstovi su nastali u razdoblju od 21. velja\u010de 2025. do 13. svibnja 2025. godine, a autori su \u010dlanovi Facebook grupe Pisci i Knji\u017eevnost, PiK kutak \u2013 Knji\u017eevnost koja se \u010dita i pamti te Facebook stranice Pisci i Knji\u017eevnost \u2013 Writers and Literature.<\/p>\n<p>Tvorci ovih tekstova pi\u0161u nam iz Hrvatske, Bosne i Hercegovine, Srbije, Crne Gore, Makedonije, Njema\u010dke, Italije, Francuske, \u0160vicarske i Australije.<\/p>\n<p>Pobjednici i pohvaljeni autori 20. me\u0111unarodnog PiK natje\u010daja za kratke pri\u010de, za odlomke iz neobjavljenih romana i za misaone tekstove za nagradu su zastupljeni u ovoj zbirci.<\/p>\n<p>Autori su slali tekstove na dva natje\u010daja i tim redoslijedom su tekstovi poredani u zbirci.<\/p>\n<p><strong>Prva kategorija:<\/strong><\/p>\n<p>Pri\u010de<\/p>\n<p>Odlomci iz neobjavljenih romana<\/p>\n<p>Misaoni tekstovi<\/p>\n<p><strong>Druga kategorija: <\/strong><\/p>\n<p>Kratke pri\u010de<\/p>\n<p><strong>Tre\u0107a kategorija:<\/strong><\/p>\n<p>Pri\u010de<\/p>\n<p>Odlomci iz neobjavljenih romana<\/p>\n<p>Misaoni tekstovi<\/p>\n<p>Ilustracija naslovnice: Megi Horak Orli\u0107<\/p>\n<p><strong>Autori: <\/strong><\/p>\n<p>Advija Herenda, Aleksandar Ra\u010dunica, Aleksandra Mi\u0161i\u0107, Aleksandra Pa\u010dari\u0107, Amina Ka\u010dar, Amina Salihovi\u0107, Anada Kotorac, Andrej Bugarinovi\u0107, Anica Bukovec, Anica Ivi\u0107, Anita Ninkovi\u0107, Ankica Anchie, Anna Cirujd, Anja Bo\u017ei\u0107, Azemina Klobodanovi\u0107, Azra Be\u0161i\u0107, Bayra Banda, Bla\u017eenka Cvitkovi\u0107, Bla\u017eica Nogi\u0107, Bojana Ognjenovi\u0107 Novakovi\u0107, Brigita Lukina, Dajana Sabo, Danijela \u0106uk, Daria Batisti\u0107-Popadi\u0107, Darko \u017digrovi\u0107, D\u017eana \u0160kahi\u0107, D\u017eenina Boji\u0107-Su\u0161a, Elena Brajkovi\u0107, Elida Dedei\u0107, Esma Had\u017ei\u0107, Estera Budanec, Glorija B. Lukina, Gordana Pasanec, Gordana Persoglia, Gordana Trifunovi\u0107, Hana Ku\u010d, Haya Manjgoti\u0107, Iljko Zlatar, Ivanka Ro\u017ei\u0107, Jana Peji\u0107, Jovanka Martinovi\u0107, Katarina Golubovi\u0107, Kristina Mate, Lejla La\u010devi\u0107-Mizdrak, Lorena Maru\u0161i\u0107, Lovre Marijanovi\u0107, Luka Ga\u0107e\u0161a, Ljubica Hrani\u0107, Maja Markovi\u0107 MayaM, Marija Drkulec, Marija Pokupec Bahun, Marijana Milo\u0161evi\u0107, Martina Gaj\u010devi\u0107, Martina Vlahovi\u0107, Mihaela Maslov, Milkica Crkvenac, Mirsada \u0160abanovi\u0107, Najla Rid\u017eal, Neira \u010ci\u010di\u0107, Nikola Nadla\u010dki, Nikolina Stankovi\u0107, Nirha Huskovi\u0107, Petar Stani\u0107, Radmila Stojadinovi\u0107, Ru\u017ea Dabi\u0107-Bu\u010dak, Sandra Krsti\u0107, Sandra Meryem Bartoli\u0107, Sandra \u017divadinovi\u0107, Sandra \u017di\u017ei\u0107, Sa\u0161ka Mili\u0107evi\u0107, Slavica Bak\u0161aj, Sne\u017eana Rakovi\u0107, Snje\u017eana Budanec, Susan Day, Tonka Gali\u0107 Hrka\u0107, Vesna Grgi\u0107, Zinka \u010c. \u010ci\u017eme\u0161ija, Zlata Memi\u0161evi\u0107, Zora \u0160u\u0161ak, Zorica Krajinovi\u0107-Marini\u0107 i \u017deljko Dropuli\u0107.<\/p>\n<p><strong>Klju\u010dne rije\u010di: <\/strong>Pri\u010de skrivene u zrncu pijeska, 2. dio, pri\u010de, odlomak, misao, Pisci i Knji\u017eevnost, PiK<\/p>\n<p><strong>E-mail:\u00a0<\/strong><a href=\"mailto:krunosafranic28@gmail.com\">Pisci i knji\u017eevnost<\/a><\/p>\n<p><strong>Naslov: <\/strong>Pri\u010de skrivene u zrncu pijeska: Tekstovi u zlatnom kov\u010degu, 2. dio<br \/>\n<strong>Autor\/autorica:<\/strong> Grupa autora<br \/>\n<strong>Broj stranica: <\/strong>172<br \/>\n<strong>Nakladnik: <\/strong>REDAK<br \/>\n<strong>Godina izdanja: <\/strong>2025.<strong>.<br \/>\n<\/strong><strong>ISBN:<\/strong> 978-953-395-126-3<br \/>\n<strong>Tisak:<\/strong> digitalni tisak knjiga &#8211; print na zahtjev<\/p>\n","protected":false},"excerpt":{"rendered":"<p>Tekstovi su nastali u razdoblju od 21. velja\u010de 2025. do 13. svibnja 2025. godine, a autori su \u010dlanovi Facebook grupe Pisci i Knji\u017eevnost, PiK kutak \u2013 Knji\u017eevnost koja se \u010dita i pamti te Facebook stranice Pisci i Knji\u017eevnost \u2013 Writers and Literature. Tvorci ovih tekstova pi\u0161u nam iz Hrvatske, Bosne i Hercegovine, Srbije, Crne Gore, [&hellip;]<\/p>\n","protected":false},"featured_media":20493,"comment_status":"open","ping_status":"closed","template":"","meta":{"_acf_changed":false},"product_brand":[],"product_cat":[1607],"product_tag":[],"class_list":{"0":"post-20492","1":"product","2":"type-product","3":"status-publish","4":"has-post-thumbnail","6":"product_cat-proza","7":"pa_autor-pisci-i-knjizevnost-grupa-autora","8":"pa_nakladnik-redak","10":"first","11":"instock","12":"shipping-taxable","13":"purchasable","14":"product-type-simple"},"acf":[],"yoast_head":"<!-- This site is optimized with the Yoast SEO plugin v27.3 - https:\/\/yoast.com\/product\/yoast-seo-wordpress\/ -->\n<title>PRI\u010cE SKRIVENE U ZRNCU PIJESKA: TEKSTOVI U ZLATNOM KOV\u010cEGU, 2. DIO, Grupa autora - Web-knji\u017eara<\/title>\n<meta name=\"robots\" content=\"index, follow, max-snippet:-1, max-image-preview:large, max-video-preview:-1\" \/>\n<link rel=\"canonical\" href=\"https:\/\/webknjizara.hr\/proizvod\/price-skrivene-u-zrncu-pijeska-tekstovi-u-zlatnom-kovcegu-2-dio-grupa-autora\/\" \/>\n<meta property=\"og:locale\" content=\"en_US\" \/>\n<meta property=\"og:type\" content=\"article\" \/>\n<meta property=\"og:title\" content=\"PRI\u010cE SKRIVENE U ZRNCU PIJESKA: TEKSTOVI U ZLATNOM KOV\u010cEGU, 2. DIO, Grupa autora - Web-knji\u017eara\" \/>\n<meta property=\"og:description\" content=\"Tekstovi su nastali u razdoblju od 21. velja\u010de 2025. do 13. svibnja 2025. godine, a autori su \u010dlanovi Facebook grupe Pisci i Knji\u017eevnost, PiK kutak \u2013 Knji\u017eevnost koja se \u010dita i pamti te Facebook stranice Pisci i Knji\u017eevnost \u2013 Writers and Literature. Tvorci ovih tekstova pi\u0161u nam iz Hrvatske, Bosne i Hercegovine, Srbije, Crne Gore, [&hellip;]\" \/>\n<meta property=\"og:url\" content=\"https:\/\/webknjizara.hr\/proizvod\/price-skrivene-u-zrncu-pijeska-tekstovi-u-zlatnom-kovcegu-2-dio-grupa-autora\/\" \/>\n<meta property=\"og:site_name\" content=\"Web-knji\u017eara\" \/>\n<meta property=\"og:image\" content=\"https:\/\/webknjizara.hr\/wp-content\/uploads\/2025\/11\/Grupa_autora_Price_skrivene_u_zrncu_pijeska_Tekstovi_u_zlatnom_kovcegu_2._dio_webknjizara_redak_WEB_1781.jpg\" \/>\n\t<meta property=\"og:image:width\" content=\"300\" \/>\n\t<meta property=\"og:image:height\" content=\"419\" \/>\n\t<meta property=\"og:image:type\" content=\"image\/jpeg\" \/>\n<meta name=\"twitter:card\" content=\"summary_large_image\" \/>\n<meta name=\"twitter:label1\" content=\"Est. reading time\" \/>\n\t<meta name=\"twitter:data1\" content=\"3 minutes\" \/>\n<script type=\"application\/ld+json\" class=\"yoast-schema-graph\">{\"@context\":\"https:\\\/\\\/schema.org\",\"@graph\":[{\"@type\":\"WebPage\",\"@id\":\"https:\\\/\\\/webknjizara.hr\\\/proizvod\\\/price-skrivene-u-zrncu-pijeska-tekstovi-u-zlatnom-kovcegu-2-dio-grupa-autora\\\/\",\"url\":\"https:\\\/\\\/webknjizara.hr\\\/proizvod\\\/price-skrivene-u-zrncu-pijeska-tekstovi-u-zlatnom-kovcegu-2-dio-grupa-autora\\\/\",\"name\":\"PRI\u010cE SKRIVENE U ZRNCU PIJESKA: TEKSTOVI U ZLATNOM KOV\u010cEGU, 2. DIO, Grupa autora - Web-knji\u017eara\",\"isPartOf\":{\"@id\":\"https:\\\/\\\/webknjizara.hr\\\/#website\"},\"primaryImageOfPage\":{\"@id\":\"https:\\\/\\\/webknjizara.hr\\\/proizvod\\\/price-skrivene-u-zrncu-pijeska-tekstovi-u-zlatnom-kovcegu-2-dio-grupa-autora\\\/#primaryimage\"},\"image\":{\"@id\":\"https:\\\/\\\/webknjizara.hr\\\/proizvod\\\/price-skrivene-u-zrncu-pijeska-tekstovi-u-zlatnom-kovcegu-2-dio-grupa-autora\\\/#primaryimage\"},\"thumbnailUrl\":\"https:\\\/\\\/webknjizara.hr\\\/wp-content\\\/uploads\\\/2025\\\/11\\\/Grupa_autora_Price_skrivene_u_zrncu_pijeska_Tekstovi_u_zlatnom_kovcegu_2._dio_webknjizara_redak_WEB_1781.jpg\",\"datePublished\":\"2025-11-05T20:23:49+00:00\",\"breadcrumb\":{\"@id\":\"https:\\\/\\\/webknjizara.hr\\\/proizvod\\\/price-skrivene-u-zrncu-pijeska-tekstovi-u-zlatnom-kovcegu-2-dio-grupa-autora\\\/#breadcrumb\"},\"inLanguage\":\"en-US\",\"potentialAction\":[{\"@type\":\"ReadAction\",\"target\":[\"https:\\\/\\\/webknjizara.hr\\\/proizvod\\\/price-skrivene-u-zrncu-pijeska-tekstovi-u-zlatnom-kovcegu-2-dio-grupa-autora\\\/\"]}]},{\"@type\":\"ImageObject\",\"inLanguage\":\"en-US\",\"@id\":\"https:\\\/\\\/webknjizara.hr\\\/proizvod\\\/price-skrivene-u-zrncu-pijeska-tekstovi-u-zlatnom-kovcegu-2-dio-grupa-autora\\\/#primaryimage\",\"url\":\"https:\\\/\\\/webknjizara.hr\\\/wp-content\\\/uploads\\\/2025\\\/11\\\/Grupa_autora_Price_skrivene_u_zrncu_pijeska_Tekstovi_u_zlatnom_kovcegu_2._dio_webknjizara_redak_WEB_1781.jpg\",\"contentUrl\":\"https:\\\/\\\/webknjizara.hr\\\/wp-content\\\/uploads\\\/2025\\\/11\\\/Grupa_autora_Price_skrivene_u_zrncu_pijeska_Tekstovi_u_zlatnom_kovcegu_2._dio_webknjizara_redak_WEB_1781.jpg\",\"width\":300,\"height\":419,\"caption\":\"PRI\u010cE SKRIVENE U ZRNCU PIJESKA: TEKSTOVI U ZLATNOM KOV\u010cEGU, 2. DIO, Grupa autora\"},{\"@type\":\"BreadcrumbList\",\"@id\":\"https:\\\/\\\/webknjizara.hr\\\/proizvod\\\/price-skrivene-u-zrncu-pijeska-tekstovi-u-zlatnom-kovcegu-2-dio-grupa-autora\\\/#breadcrumb\",\"itemListElement\":[{\"@type\":\"ListItem\",\"position\":1,\"name\":\"Po\u010detna stranica\",\"item\":\"https:\\\/\\\/webknjizara.hr\\\/en\\\/\"},{\"@type\":\"ListItem\",\"position\":2,\"name\":\"Shop\",\"item\":\"https:\\\/\\\/webknjizara.hr\\\/shop\\\/\"},{\"@type\":\"ListItem\",\"position\":3,\"name\":\"PRI\u010cE SKRIVENE U ZRNCU PIJESKA: TEKSTOVI U ZLATNOM KOV\u010cEGU, 2. DIO, Grupa autora\"}]},{\"@type\":\"WebSite\",\"@id\":\"https:\\\/\\\/webknjizara.hr\\\/#website\",\"url\":\"https:\\\/\\\/webknjizara.hr\\\/\",\"name\":\"Web Knji\u017eara\",\"description\":\"\",\"publisher\":{\"@id\":\"https:\\\/\\\/webknjizara.hr\\\/#organization\"},\"potentialAction\":[{\"@type\":\"SearchAction\",\"target\":{\"@type\":\"EntryPoint\",\"urlTemplate\":\"https:\\\/\\\/webknjizara.hr\\\/?s={search_term_string}\"},\"query-input\":{\"@type\":\"PropertyValueSpecification\",\"valueRequired\":true,\"valueName\":\"search_term_string\"}}],\"inLanguage\":\"en-US\"},{\"@type\":\"Organization\",\"@id\":\"https:\\\/\\\/webknjizara.hr\\\/#organization\",\"name\":\"REDAK D.O.O.\",\"url\":\"https:\\\/\\\/webknjizara.hr\\\/\",\"logo\":{\"@type\":\"ImageObject\",\"inLanguage\":\"en-US\",\"@id\":\"https:\\\/\\\/webknjizara.hr\\\/#\\\/schema\\\/logo\\\/image\\\/\",\"url\":\"https:\\\/\\\/webknjizara.hr\\\/wp-content\\\/uploads\\\/2023\\\/01\\\/web-knjizara-logo.webp\",\"contentUrl\":\"https:\\\/\\\/webknjizara.hr\\\/wp-content\\\/uploads\\\/2023\\\/01\\\/web-knjizara-logo.webp\",\"width\":324,\"height\":79,\"caption\":\"REDAK D.O.O.\"},\"image\":{\"@id\":\"https:\\\/\\\/webknjizara.hr\\\/#\\\/schema\\\/logo\\\/image\\\/\"}}]}<\/script>\n<!-- \/ Yoast SEO plugin. -->","yoast_head_json":{"title":"PRI\u010cE SKRIVENE U ZRNCU PIJESKA: TEKSTOVI U ZLATNOM KOV\u010cEGU, 2. DIO, Grupa autora - Web-knji\u017eara","robots":{"index":"index","follow":"follow","max-snippet":"max-snippet:-1","max-image-preview":"max-image-preview:large","max-video-preview":"max-video-preview:-1"},"canonical":"https:\/\/webknjizara.hr\/proizvod\/price-skrivene-u-zrncu-pijeska-tekstovi-u-zlatnom-kovcegu-2-dio-grupa-autora\/","og_locale":"en_US","og_type":"article","og_title":"PRI\u010cE SKRIVENE U ZRNCU PIJESKA: TEKSTOVI U ZLATNOM KOV\u010cEGU, 2. DIO, Grupa autora - Web-knji\u017eara","og_description":"Tekstovi su nastali u razdoblju od 21. velja\u010de 2025. do 13. svibnja 2025. godine, a autori su \u010dlanovi Facebook grupe Pisci i Knji\u017eevnost, PiK kutak \u2013 Knji\u017eevnost koja se \u010dita i pamti te Facebook stranice Pisci i Knji\u017eevnost \u2013 Writers and Literature. Tvorci ovih tekstova pi\u0161u nam iz Hrvatske, Bosne i Hercegovine, Srbije, Crne Gore, [&hellip;]","og_url":"https:\/\/webknjizara.hr\/proizvod\/price-skrivene-u-zrncu-pijeska-tekstovi-u-zlatnom-kovcegu-2-dio-grupa-autora\/","og_site_name":"Web-knji\u017eara","og_image":[{"width":300,"height":419,"url":"https:\/\/webknjizara.hr\/wp-content\/uploads\/2025\/11\/Grupa_autora_Price_skrivene_u_zrncu_pijeska_Tekstovi_u_zlatnom_kovcegu_2._dio_webknjizara_redak_WEB_1781.jpg","type":"image\/jpeg"}],"twitter_card":"summary_large_image","twitter_misc":{"Est. reading time":"3 minutes"},"schema":{"@context":"https:\/\/schema.org","@graph":[{"@type":"WebPage","@id":"https:\/\/webknjizara.hr\/proizvod\/price-skrivene-u-zrncu-pijeska-tekstovi-u-zlatnom-kovcegu-2-dio-grupa-autora\/","url":"https:\/\/webknjizara.hr\/proizvod\/price-skrivene-u-zrncu-pijeska-tekstovi-u-zlatnom-kovcegu-2-dio-grupa-autora\/","name":"PRI\u010cE SKRIVENE U ZRNCU PIJESKA: TEKSTOVI U ZLATNOM KOV\u010cEGU, 2. DIO, Grupa autora - Web-knji\u017eara","isPartOf":{"@id":"https:\/\/webknjizara.hr\/#website"},"primaryImageOfPage":{"@id":"https:\/\/webknjizara.hr\/proizvod\/price-skrivene-u-zrncu-pijeska-tekstovi-u-zlatnom-kovcegu-2-dio-grupa-autora\/#primaryimage"},"image":{"@id":"https:\/\/webknjizara.hr\/proizvod\/price-skrivene-u-zrncu-pijeska-tekstovi-u-zlatnom-kovcegu-2-dio-grupa-autora\/#primaryimage"},"thumbnailUrl":"https:\/\/webknjizara.hr\/wp-content\/uploads\/2025\/11\/Grupa_autora_Price_skrivene_u_zrncu_pijeska_Tekstovi_u_zlatnom_kovcegu_2._dio_webknjizara_redak_WEB_1781.jpg","datePublished":"2025-11-05T20:23:49+00:00","breadcrumb":{"@id":"https:\/\/webknjizara.hr\/proizvod\/price-skrivene-u-zrncu-pijeska-tekstovi-u-zlatnom-kovcegu-2-dio-grupa-autora\/#breadcrumb"},"inLanguage":"en-US","potentialAction":[{"@type":"ReadAction","target":["https:\/\/webknjizara.hr\/proizvod\/price-skrivene-u-zrncu-pijeska-tekstovi-u-zlatnom-kovcegu-2-dio-grupa-autora\/"]}]},{"@type":"ImageObject","inLanguage":"en-US","@id":"https:\/\/webknjizara.hr\/proizvod\/price-skrivene-u-zrncu-pijeska-tekstovi-u-zlatnom-kovcegu-2-dio-grupa-autora\/#primaryimage","url":"https:\/\/webknjizara.hr\/wp-content\/uploads\/2025\/11\/Grupa_autora_Price_skrivene_u_zrncu_pijeska_Tekstovi_u_zlatnom_kovcegu_2._dio_webknjizara_redak_WEB_1781.jpg","contentUrl":"https:\/\/webknjizara.hr\/wp-content\/uploads\/2025\/11\/Grupa_autora_Price_skrivene_u_zrncu_pijeska_Tekstovi_u_zlatnom_kovcegu_2._dio_webknjizara_redak_WEB_1781.jpg","width":300,"height":419,"caption":"PRI\u010cE SKRIVENE U ZRNCU PIJESKA: TEKSTOVI U ZLATNOM KOV\u010cEGU, 2. DIO, Grupa autora"},{"@type":"BreadcrumbList","@id":"https:\/\/webknjizara.hr\/proizvod\/price-skrivene-u-zrncu-pijeska-tekstovi-u-zlatnom-kovcegu-2-dio-grupa-autora\/#breadcrumb","itemListElement":[{"@type":"ListItem","position":1,"name":"Po\u010detna stranica","item":"https:\/\/webknjizara.hr\/en\/"},{"@type":"ListItem","position":2,"name":"Shop","item":"https:\/\/webknjizara.hr\/shop\/"},{"@type":"ListItem","position":3,"name":"PRI\u010cE SKRIVENE U ZRNCU PIJESKA: TEKSTOVI U ZLATNOM KOV\u010cEGU, 2. DIO, Grupa autora"}]},{"@type":"WebSite","@id":"https:\/\/webknjizara.hr\/#website","url":"https:\/\/webknjizara.hr\/","name":"Web Knji\u017eara","description":"","publisher":{"@id":"https:\/\/webknjizara.hr\/#organization"},"potentialAction":[{"@type":"SearchAction","target":{"@type":"EntryPoint","urlTemplate":"https:\/\/webknjizara.hr\/?s={search_term_string}"},"query-input":{"@type":"PropertyValueSpecification","valueRequired":true,"valueName":"search_term_string"}}],"inLanguage":"en-US"},{"@type":"Organization","@id":"https:\/\/webknjizara.hr\/#organization","name":"REDAK D.O.O.","url":"https:\/\/webknjizara.hr\/","logo":{"@type":"ImageObject","inLanguage":"en-US","@id":"https:\/\/webknjizara.hr\/#\/schema\/logo\/image\/","url":"https:\/\/webknjizara.hr\/wp-content\/uploads\/2023\/01\/web-knjizara-logo.webp","contentUrl":"https:\/\/webknjizara.hr\/wp-content\/uploads\/2023\/01\/web-knjizara-logo.webp","width":324,"height":79,"caption":"REDAK D.O.O."},"image":{"@id":"https:\/\/webknjizara.hr\/#\/schema\/logo\/image\/"}}]}},"_links":{"self":[{"href":"https:\/\/webknjizara.hr\/en\/wp-json\/wp\/v2\/product\/20492","targetHints":{"allow":["GET"]}}],"collection":[{"href":"https:\/\/webknjizara.hr\/en\/wp-json\/wp\/v2\/product"}],"about":[{"href":"https:\/\/webknjizara.hr\/en\/wp-json\/wp\/v2\/types\/product"}],"replies":[{"embeddable":true,"href":"https:\/\/webknjizara.hr\/en\/wp-json\/wp\/v2\/comments?post=20492"}],"wp:featuredmedia":[{"embeddable":true,"href":"https:\/\/webknjizara.hr\/en\/wp-json\/wp\/v2\/media\/20493"}],"wp:attachment":[{"href":"https:\/\/webknjizara.hr\/en\/wp-json\/wp\/v2\/media?parent=20492"}],"wp:term":[{"taxonomy":"product_brand","embeddable":true,"href":"https:\/\/webknjizara.hr\/en\/wp-json\/wp\/v2\/product_brand?post=20492"},{"taxonomy":"product_cat","embeddable":true,"href":"https:\/\/webknjizara.hr\/en\/wp-json\/wp\/v2\/product_cat?post=20492"},{"taxonomy":"product_tag","embeddable":true,"href":"https:\/\/webknjizara.hr\/en\/wp-json\/wp\/v2\/product_tag?post=20492"}],"curies":[{"name":"wp","href":"https:\/\/api.w.org\/{rel}","templated":true}]}}