{"id":20490,"date":"2025-11-05T21:12:32","date_gmt":"2025-11-05T20:12:32","guid":{"rendered":"https:\/\/webknjizara.hr\/?post_type=product&#038;p=20490"},"modified":"2025-11-05T21:12:32","modified_gmt":"2025-11-05T20:12:32","slug":"gradovi-od-stihova-najljepse-ljeto-6-dio-grupa-autora","status":"publish","type":"product","link":"https:\/\/webknjizara.hr\/en\/proizvod\/gradovi-od-stihova-najljepse-ljeto-6-dio-grupa-autora\/","title":{"rendered":"GRADOVI OD STIHOVA: NAJLJEP\u0160E LJETO, 6. DIO, Grupa autora"},"content":{"rendered":"<p>Pjesme su nastale u razdoblju od 21. velja\u010de 2025. do 13. svibnja 2025. godine, a autori su \u010dlanovi Facebook grupe Pisci i Knji\u017eevnost, PiK kutak \u2013 Knji\u017eevnost koja se \u010dita i pamti i Facebook stranice Pisci i Knji\u017eevnost \u2013 Writers and Literature.<\/p>\n<p>Tvorci ovih pjesama pi\u0161u nam iz Hrvatske, Bosne i Hercegovine, Srbije, Crne Gore, Kosova, Njema\u010dke, \u0160vedske, \u0160vicarske, Slovenije, Francuske, Australije i USA.<\/p>\n<p>Autori su pisali pjesme na zadane teme, te su pjesme poredane tematski u zbirci.<\/p>\n<p>Tema slobodna<\/p>\n<p>More, borovi, brodovi, sunce i priroda.<\/p>\n<p>Tema slobodna<\/p>\n<p>Pobjednici i pohvaljeni autori 20. me\u0111unarodnog PiK natje\u010daja za poeziju zastupljeni su u ovoj zbirci.<\/p>\n<p>Ilustracija naslovnice: Megi Horak Orli\u0107<\/p>\n<p><strong>Autori:<\/strong><\/p>\n<p>Adela Tokali\u0107 \u2013 Jusupovi\u0107, Advija Herenda, Ajla Doljan\u010di\u0107, Aldijana Siv\u010dev, Aleksandar Ra\u010dunica, Aleksandra Barbieri, Aleksandra Pa\u010dari\u0107, Amina Ka\u010dar, Amir Ali\u0107 Nanin, Amra Im\u0161iragi\u0107, Amra Varcar Kol\u010dakovi\u0107, Ana \u010cop, Ana Vidovi\u0107, Anada Kotorac, Andrej Bugarinovi\u0107, Anica Ivi\u0107, Ankica Anchie, Anna Cirujd, Anja Bo\u017ei\u010b, Azemina Dokaza Klobodanovi\u0107, Azemina Osmanovi\u0107, Azra Be\u0161i\u0107, Azra Sara\u010d, Bayra Djurdjevi\u0107 Banda, Bla\u017eica Nogi\u0107, Brigita Lukina, Dajana Sabo, Danijela \u0106uk, Darko \u017digrovi\u0107, Dinko Osma\u010devi\u0107, D\u017eana \u0160kahi\u0107, D\u017eehva Havi\u0107, D\u017eenina Boji\u0107-Su\u0161a, \u0110ur\u0111ica Ba\u010durin, Edina Halilovi\u0107, Elena Brajkovi\u0107, Ella Boj\u010deti\u0107, Emsija Karaba\u0161i\u0107 \u0110ukla, Erna Be\u0107irovi\u0107, Evica Kralji\u0107, Glorija-B. Lukina, Gordana Atassi, Gordana Zeegers, Ibrahim Ibrahimovi\u0107, Ivana Lovrec Capps, Ivanka Ro\u017ei\u0107, Jasmina Doljan\u010di\u0107, Jasmina Iki\u0107, Jasmina Oki\u0107, Jasna Popovi\u0107 Poje, Jele Nadramija, Jelena Ben\u010di\u0107, Jelena Horvat, Jelena Romanjek, Jusuf Vejzovi\u0107-Juka, Karla Mikle\u010di\u0107, Katarina Golubovi\u0107, Kristina Mrkoci, Lejla Dizdarevi\u0107, Lejla La\u010devi\u0107-Mizdrak, Leona Male\u0107, Lidija Sopjanac, Ljubica Hrani\u0107, Magdalena Ra\u017eek, Maja \u0106ulumovi\u0107, Maja \u0110ukanovi\u0107 Osman\u010devi\u0107, Maja Marki\u0107, Maja Markovi\u0107 MayaM, Maja Vugrinec-Walter, Maja Vukmir, Marica Aksi\u0107 Ili\u0107, Marija Drkulec, Marija Enia Majeti\u0107, Marija Pokupec Bahun, Marijana Lu\u010di\u0107, Marijana Milo\u0161evi\u0107, Marina Mari\u0107, Marko Klari\u0107, Martina Horvat, Martina Vlahovi\u0107, Maura Zori\u0107, Mihaela Maslov, Milana Janji\u010di\u0107, Mile Lisica, Milkica Crkvenac, Minela Islam\u010devi\u0107, Mira Orli\u0107, Mirsada \u0160abanovi\u0107, Mirveta Islamovi\u0107, Nata\u0161a Pomper, Nata\u0161a Turkalj, Nediljko Luka\u010devi\u0107-Verenac, Nensi Buble, Nermina Zuki\u0107, Nikola Nadla\u010dki, Nina Vukadin, Petar Stani\u0107, Radmila Stojadinovi\u0107, Radosav &#8211; Minja Koprivica, Romana Kuzmani\u0107 Olui\u0107, Ru\u017ea Dabi\u0107-Bu\u010dak, Sandra Kopi\u0107, Sandra Krsti\u0107, Sandra \u017divadinovi\u0107, Sanjana Zorinc, Sanjin Tahirovi\u0107, Sa\u0161ka Mili\u010devi\u0107, Sauda \u0106uri\u0107, Seadeta Bela Juri\u0107, Sini\u0161a Karaba\u0161evi\u0107, Slavica Bak\u0161aj, Slavica Krajinovi\u0107, Slavka Bo\u017eovi\u0107, Snje\u017eana Budanec, Snje\u017eana Gaurina, Susan Day, Svetlana Strini\u0107, Toni Vukovi\u0107, Vanja Kesi\u0107, Velida Klimenta, Vesna Grgi\u0107, Vesna Hope, Vesna Lon\u010dari\u0107, Vesna Vuji\u0107. Violeta Peni\u0107, Zada \u0160ahdanovi\u0107, Zdenka Sajko, Zinka \u010citu\u0161 \u010ci\u017eme\u0161ija, Zlata Memi\u0161evi\u0107, Zlatka Crn\u010dec, Zorica Krajinovi\u0107-Marini\u0107 i \u017deljko Dropuli\u0107.<\/p>\n<p><strong>Klju\u010dne rije\u010di: <\/strong>Gradovi od stihova: Najljep\u0161e ljeto, 6. dio, poezija, stihovi, Pisci i Knji\u017eevnost<\/p>\n<p><strong>E-mail: <\/strong><a href=\"mailto:krunosafranic28@gmail.com\">Pisci i knji\u017eevnost<\/a><\/p>\n<p><strong>Naslov: <\/strong>Gradovi od stihova: Najljep\u0161e ljeto, 6. dio<br \/>\n<strong>Autori:<\/strong> Grupa autora<br \/>\n<strong>Broj stranica: <\/strong>184<br \/>\n<strong>Nakladnik: <\/strong>REDAK<br \/>\n<strong>Godina izdanja: <\/strong>2025.<strong>.<br \/>\n<\/strong><strong>ISBN:<\/strong> 978-953-395-125-6<br \/>\n<strong>Tisak:<\/strong> digitalni tisak knjiga &#8211; print na zahtjev<\/p>\n","protected":false},"excerpt":{"rendered":"<p>Pjesme su nastale u razdoblju od 21. velja\u010de 2025. do 13. svibnja 2025. godine, a autori su \u010dlanovi Facebook grupe Pisci i Knji\u017eevnost, PiK kutak \u2013 Knji\u017eevnost koja se \u010dita i pamti i Facebook stranice Pisci i Knji\u017eevnost \u2013 Writers and Literature. Tvorci ovih pjesama pi\u0161u nam iz Hrvatske, Bosne i Hercegovine, Srbije, Crne Gore, [&hellip;]<\/p>\n","protected":false},"featured_media":20491,"comment_status":"open","ping_status":"closed","template":"","meta":{"_acf_changed":false},"product_brand":[],"product_cat":[1388],"product_tag":[],"class_list":{"0":"post-20490","1":"product","2":"type-product","3":"status-publish","4":"has-post-thumbnail","6":"product_cat-poezija","7":"pa_autor-pisci-i-knjizevnost-grupa-autora","8":"pa_nakladnik-redak","10":"first","11":"instock","12":"shipping-taxable","13":"purchasable","14":"product-type-simple"},"acf":[],"yoast_head":"<!-- This site is optimized with the Yoast SEO plugin v27.3 - https:\/\/yoast.com\/product\/yoast-seo-wordpress\/ -->\n<title>GRADOVI OD STIHOVA: NAJLJEP\u0160E LJETO, 6. DIO, Grupa autora - Web-knji\u017eara<\/title>\n<meta name=\"robots\" content=\"index, follow, max-snippet:-1, max-image-preview:large, max-video-preview:-1\" \/>\n<link rel=\"canonical\" href=\"https:\/\/webknjizara.hr\/proizvod\/gradovi-od-stihova-najljepse-ljeto-6-dio-grupa-autora\/\" \/>\n<meta property=\"og:locale\" content=\"en_US\" \/>\n<meta property=\"og:type\" content=\"article\" \/>\n<meta property=\"og:title\" content=\"GRADOVI OD STIHOVA: NAJLJEP\u0160E LJETO, 6. DIO, Grupa autora - Web-knji\u017eara\" \/>\n<meta property=\"og:description\" content=\"Pjesme su nastale u razdoblju od 21. velja\u010de 2025. do 13. svibnja 2025. godine, a autori su \u010dlanovi Facebook grupe Pisci i Knji\u017eevnost, PiK kutak \u2013 Knji\u017eevnost koja se \u010dita i pamti i Facebook stranice Pisci i Knji\u017eevnost \u2013 Writers and Literature. Tvorci ovih pjesama pi\u0161u nam iz Hrvatske, Bosne i Hercegovine, Srbije, Crne Gore, [&hellip;]\" \/>\n<meta property=\"og:url\" content=\"https:\/\/webknjizara.hr\/proizvod\/gradovi-od-stihova-najljepse-ljeto-6-dio-grupa-autora\/\" \/>\n<meta property=\"og:site_name\" content=\"Web-knji\u017eara\" \/>\n<meta property=\"og:image\" content=\"https:\/\/webknjizara.hr\/wp-content\/uploads\/2025\/11\/Grupa_autora_Gradovi_od_stihova_Najljepse_ljeto_6._dio_webknjizara_redak_WEB_1780.jpg\" \/>\n\t<meta property=\"og:image:width\" content=\"300\" \/>\n\t<meta property=\"og:image:height\" content=\"419\" \/>\n\t<meta property=\"og:image:type\" content=\"image\/jpeg\" \/>\n<meta name=\"twitter:card\" content=\"summary_large_image\" \/>\n<meta name=\"twitter:label1\" content=\"Est. reading time\" \/>\n\t<meta name=\"twitter:data1\" content=\"3 minutes\" \/>\n<script type=\"application\/ld+json\" class=\"yoast-schema-graph\">{\"@context\":\"https:\\\/\\\/schema.org\",\"@graph\":[{\"@type\":\"WebPage\",\"@id\":\"https:\\\/\\\/webknjizara.hr\\\/proizvod\\\/gradovi-od-stihova-najljepse-ljeto-6-dio-grupa-autora\\\/\",\"url\":\"https:\\\/\\\/webknjizara.hr\\\/proizvod\\\/gradovi-od-stihova-najljepse-ljeto-6-dio-grupa-autora\\\/\",\"name\":\"GRADOVI OD STIHOVA: NAJLJEP\u0160E LJETO, 6. DIO, Grupa autora - Web-knji\u017eara\",\"isPartOf\":{\"@id\":\"https:\\\/\\\/webknjizara.hr\\\/#website\"},\"primaryImageOfPage\":{\"@id\":\"https:\\\/\\\/webknjizara.hr\\\/proizvod\\\/gradovi-od-stihova-najljepse-ljeto-6-dio-grupa-autora\\\/#primaryimage\"},\"image\":{\"@id\":\"https:\\\/\\\/webknjizara.hr\\\/proizvod\\\/gradovi-od-stihova-najljepse-ljeto-6-dio-grupa-autora\\\/#primaryimage\"},\"thumbnailUrl\":\"https:\\\/\\\/webknjizara.hr\\\/wp-content\\\/uploads\\\/2025\\\/11\\\/Grupa_autora_Gradovi_od_stihova_Najljepse_ljeto_6._dio_webknjizara_redak_WEB_1780.jpg\",\"datePublished\":\"2025-11-05T20:12:32+00:00\",\"breadcrumb\":{\"@id\":\"https:\\\/\\\/webknjizara.hr\\\/proizvod\\\/gradovi-od-stihova-najljepse-ljeto-6-dio-grupa-autora\\\/#breadcrumb\"},\"inLanguage\":\"en-US\",\"potentialAction\":[{\"@type\":\"ReadAction\",\"target\":[\"https:\\\/\\\/webknjizara.hr\\\/proizvod\\\/gradovi-od-stihova-najljepse-ljeto-6-dio-grupa-autora\\\/\"]}]},{\"@type\":\"ImageObject\",\"inLanguage\":\"en-US\",\"@id\":\"https:\\\/\\\/webknjizara.hr\\\/proizvod\\\/gradovi-od-stihova-najljepse-ljeto-6-dio-grupa-autora\\\/#primaryimage\",\"url\":\"https:\\\/\\\/webknjizara.hr\\\/wp-content\\\/uploads\\\/2025\\\/11\\\/Grupa_autora_Gradovi_od_stihova_Najljepse_ljeto_6._dio_webknjizara_redak_WEB_1780.jpg\",\"contentUrl\":\"https:\\\/\\\/webknjizara.hr\\\/wp-content\\\/uploads\\\/2025\\\/11\\\/Grupa_autora_Gradovi_od_stihova_Najljepse_ljeto_6._dio_webknjizara_redak_WEB_1780.jpg\",\"width\":300,\"height\":419,\"caption\":\"GRADOVI OD STIHOVA: NAJLJEP\u0160E LJETO, 6. DIO, Grupa autora\"},{\"@type\":\"BreadcrumbList\",\"@id\":\"https:\\\/\\\/webknjizara.hr\\\/proizvod\\\/gradovi-od-stihova-najljepse-ljeto-6-dio-grupa-autora\\\/#breadcrumb\",\"itemListElement\":[{\"@type\":\"ListItem\",\"position\":1,\"name\":\"Po\u010detna stranica\",\"item\":\"https:\\\/\\\/webknjizara.hr\\\/en\\\/\"},{\"@type\":\"ListItem\",\"position\":2,\"name\":\"Shop\",\"item\":\"https:\\\/\\\/webknjizara.hr\\\/shop\\\/\"},{\"@type\":\"ListItem\",\"position\":3,\"name\":\"GRADOVI OD STIHOVA: NAJLJEP\u0160E LJETO, 6. DIO, Grupa autora\"}]},{\"@type\":\"WebSite\",\"@id\":\"https:\\\/\\\/webknjizara.hr\\\/#website\",\"url\":\"https:\\\/\\\/webknjizara.hr\\\/\",\"name\":\"Web Knji\u017eara\",\"description\":\"\",\"publisher\":{\"@id\":\"https:\\\/\\\/webknjizara.hr\\\/#organization\"},\"potentialAction\":[{\"@type\":\"SearchAction\",\"target\":{\"@type\":\"EntryPoint\",\"urlTemplate\":\"https:\\\/\\\/webknjizara.hr\\\/?s={search_term_string}\"},\"query-input\":{\"@type\":\"PropertyValueSpecification\",\"valueRequired\":true,\"valueName\":\"search_term_string\"}}],\"inLanguage\":\"en-US\"},{\"@type\":\"Organization\",\"@id\":\"https:\\\/\\\/webknjizara.hr\\\/#organization\",\"name\":\"REDAK D.O.O.\",\"url\":\"https:\\\/\\\/webknjizara.hr\\\/\",\"logo\":{\"@type\":\"ImageObject\",\"inLanguage\":\"en-US\",\"@id\":\"https:\\\/\\\/webknjizara.hr\\\/#\\\/schema\\\/logo\\\/image\\\/\",\"url\":\"https:\\\/\\\/webknjizara.hr\\\/wp-content\\\/uploads\\\/2023\\\/01\\\/web-knjizara-logo.webp\",\"contentUrl\":\"https:\\\/\\\/webknjizara.hr\\\/wp-content\\\/uploads\\\/2023\\\/01\\\/web-knjizara-logo.webp\",\"width\":324,\"height\":79,\"caption\":\"REDAK D.O.O.\"},\"image\":{\"@id\":\"https:\\\/\\\/webknjizara.hr\\\/#\\\/schema\\\/logo\\\/image\\\/\"}}]}<\/script>\n<!-- \/ Yoast SEO plugin. -->","yoast_head_json":{"title":"GRADOVI OD STIHOVA: NAJLJEP\u0160E LJETO, 6. DIO, Grupa autora - Web-knji\u017eara","robots":{"index":"index","follow":"follow","max-snippet":"max-snippet:-1","max-image-preview":"max-image-preview:large","max-video-preview":"max-video-preview:-1"},"canonical":"https:\/\/webknjizara.hr\/proizvod\/gradovi-od-stihova-najljepse-ljeto-6-dio-grupa-autora\/","og_locale":"en_US","og_type":"article","og_title":"GRADOVI OD STIHOVA: NAJLJEP\u0160E LJETO, 6. DIO, Grupa autora - Web-knji\u017eara","og_description":"Pjesme su nastale u razdoblju od 21. velja\u010de 2025. do 13. svibnja 2025. godine, a autori su \u010dlanovi Facebook grupe Pisci i Knji\u017eevnost, PiK kutak \u2013 Knji\u017eevnost koja se \u010dita i pamti i Facebook stranice Pisci i Knji\u017eevnost \u2013 Writers and Literature. Tvorci ovih pjesama pi\u0161u nam iz Hrvatske, Bosne i Hercegovine, Srbije, Crne Gore, [&hellip;]","og_url":"https:\/\/webknjizara.hr\/proizvod\/gradovi-od-stihova-najljepse-ljeto-6-dio-grupa-autora\/","og_site_name":"Web-knji\u017eara","og_image":[{"width":300,"height":419,"url":"https:\/\/webknjizara.hr\/wp-content\/uploads\/2025\/11\/Grupa_autora_Gradovi_od_stihova_Najljepse_ljeto_6._dio_webknjizara_redak_WEB_1780.jpg","type":"image\/jpeg"}],"twitter_card":"summary_large_image","twitter_misc":{"Est. reading time":"3 minutes"},"schema":{"@context":"https:\/\/schema.org","@graph":[{"@type":"WebPage","@id":"https:\/\/webknjizara.hr\/proizvod\/gradovi-od-stihova-najljepse-ljeto-6-dio-grupa-autora\/","url":"https:\/\/webknjizara.hr\/proizvod\/gradovi-od-stihova-najljepse-ljeto-6-dio-grupa-autora\/","name":"GRADOVI OD STIHOVA: NAJLJEP\u0160E LJETO, 6. DIO, Grupa autora - Web-knji\u017eara","isPartOf":{"@id":"https:\/\/webknjizara.hr\/#website"},"primaryImageOfPage":{"@id":"https:\/\/webknjizara.hr\/proizvod\/gradovi-od-stihova-najljepse-ljeto-6-dio-grupa-autora\/#primaryimage"},"image":{"@id":"https:\/\/webknjizara.hr\/proizvod\/gradovi-od-stihova-najljepse-ljeto-6-dio-grupa-autora\/#primaryimage"},"thumbnailUrl":"https:\/\/webknjizara.hr\/wp-content\/uploads\/2025\/11\/Grupa_autora_Gradovi_od_stihova_Najljepse_ljeto_6._dio_webknjizara_redak_WEB_1780.jpg","datePublished":"2025-11-05T20:12:32+00:00","breadcrumb":{"@id":"https:\/\/webknjizara.hr\/proizvod\/gradovi-od-stihova-najljepse-ljeto-6-dio-grupa-autora\/#breadcrumb"},"inLanguage":"en-US","potentialAction":[{"@type":"ReadAction","target":["https:\/\/webknjizara.hr\/proizvod\/gradovi-od-stihova-najljepse-ljeto-6-dio-grupa-autora\/"]}]},{"@type":"ImageObject","inLanguage":"en-US","@id":"https:\/\/webknjizara.hr\/proizvod\/gradovi-od-stihova-najljepse-ljeto-6-dio-grupa-autora\/#primaryimage","url":"https:\/\/webknjizara.hr\/wp-content\/uploads\/2025\/11\/Grupa_autora_Gradovi_od_stihova_Najljepse_ljeto_6._dio_webknjizara_redak_WEB_1780.jpg","contentUrl":"https:\/\/webknjizara.hr\/wp-content\/uploads\/2025\/11\/Grupa_autora_Gradovi_od_stihova_Najljepse_ljeto_6._dio_webknjizara_redak_WEB_1780.jpg","width":300,"height":419,"caption":"GRADOVI OD STIHOVA: NAJLJEP\u0160E LJETO, 6. DIO, Grupa autora"},{"@type":"BreadcrumbList","@id":"https:\/\/webknjizara.hr\/proizvod\/gradovi-od-stihova-najljepse-ljeto-6-dio-grupa-autora\/#breadcrumb","itemListElement":[{"@type":"ListItem","position":1,"name":"Po\u010detna stranica","item":"https:\/\/webknjizara.hr\/en\/"},{"@type":"ListItem","position":2,"name":"Shop","item":"https:\/\/webknjizara.hr\/shop\/"},{"@type":"ListItem","position":3,"name":"GRADOVI OD STIHOVA: NAJLJEP\u0160E LJETO, 6. DIO, Grupa autora"}]},{"@type":"WebSite","@id":"https:\/\/webknjizara.hr\/#website","url":"https:\/\/webknjizara.hr\/","name":"Web Knji\u017eara","description":"","publisher":{"@id":"https:\/\/webknjizara.hr\/#organization"},"potentialAction":[{"@type":"SearchAction","target":{"@type":"EntryPoint","urlTemplate":"https:\/\/webknjizara.hr\/?s={search_term_string}"},"query-input":{"@type":"PropertyValueSpecification","valueRequired":true,"valueName":"search_term_string"}}],"inLanguage":"en-US"},{"@type":"Organization","@id":"https:\/\/webknjizara.hr\/#organization","name":"REDAK D.O.O.","url":"https:\/\/webknjizara.hr\/","logo":{"@type":"ImageObject","inLanguage":"en-US","@id":"https:\/\/webknjizara.hr\/#\/schema\/logo\/image\/","url":"https:\/\/webknjizara.hr\/wp-content\/uploads\/2023\/01\/web-knjizara-logo.webp","contentUrl":"https:\/\/webknjizara.hr\/wp-content\/uploads\/2023\/01\/web-knjizara-logo.webp","width":324,"height":79,"caption":"REDAK D.O.O."},"image":{"@id":"https:\/\/webknjizara.hr\/#\/schema\/logo\/image\/"}}]}},"_links":{"self":[{"href":"https:\/\/webknjizara.hr\/en\/wp-json\/wp\/v2\/product\/20490","targetHints":{"allow":["GET"]}}],"collection":[{"href":"https:\/\/webknjizara.hr\/en\/wp-json\/wp\/v2\/product"}],"about":[{"href":"https:\/\/webknjizara.hr\/en\/wp-json\/wp\/v2\/types\/product"}],"replies":[{"embeddable":true,"href":"https:\/\/webknjizara.hr\/en\/wp-json\/wp\/v2\/comments?post=20490"}],"wp:featuredmedia":[{"embeddable":true,"href":"https:\/\/webknjizara.hr\/en\/wp-json\/wp\/v2\/media\/20491"}],"wp:attachment":[{"href":"https:\/\/webknjizara.hr\/en\/wp-json\/wp\/v2\/media?parent=20490"}],"wp:term":[{"taxonomy":"product_brand","embeddable":true,"href":"https:\/\/webknjizara.hr\/en\/wp-json\/wp\/v2\/product_brand?post=20490"},{"taxonomy":"product_cat","embeddable":true,"href":"https:\/\/webknjizara.hr\/en\/wp-json\/wp\/v2\/product_cat?post=20490"},{"taxonomy":"product_tag","embeddable":true,"href":"https:\/\/webknjizara.hr\/en\/wp-json\/wp\/v2\/product_tag?post=20490"}],"curies":[{"name":"wp","href":"https:\/\/api.w.org\/{rel}","templated":true}]}}