{"id":20399,"date":"2025-10-25T04:06:16","date_gmt":"2025-10-25T02:06:16","guid":{"rendered":"https:\/\/webknjizara.hr\/?post_type=product&#038;p=20399"},"modified":"2025-10-27T09:17:08","modified_gmt":"2025-10-27T08:17:08","slug":"danica-sirola-roman-o-zivotu-hrvatske-male-terezije-marlon-macanovic","status":"publish","type":"product","link":"https:\/\/webknjizara.hr\/en\/proizvod\/danica-sirola-roman-o-zivotu-hrvatske-male-terezije-marlon-macanovic\/","title":{"rendered":"DANICA \u0160IROLA, Roman o \u017eivotu hrvatske Male Terezije, Marlon Macanovi\u0107"},"content":{"rendered":"<p>Rije\u010d je o romanu koji govori o \u017eivotu Bo\u017eje ugodnice, u\u010diteljice Danice \u0160irole koja je preminula 1926. g. na glasu svetosti.<\/p>\n<p><strong>Bilje\u0161ka o autoru: <\/strong><\/p>\n<p>Marlon Macanovi\u0107 je suprug i otac \u010detvero djece. Magistar je prava, knji\u017eevnik i ikonopisac. Autor je 60 znanstvenih i stru\u010dnih pravih radova objavljenih u relevantnim \u010dasopisima. Objavio je 6 knjiga: \u201eKAKO PRONA\u0106I POSAO I POBIJEDITI NEZAPOSLENOST, (Motivacijsko-pravni priru\u010dnik)\u201c, \u201eVIKTOR, Kardinalova pobjeda (Roman o \u017eivotu bla\u017eenog kardinala Alojzija Stepinca),\u201c, \u201ePETRUS, Padre Petar Perica \u2013 Kristov slavuj (Roman o \u017eivotu hrvatskog redovnika isusovca, mu\u010denika s Dakse, autora pjesama \u201eZdravo Djevo &#8211; Kraljice Hrvata\u201c i \u201eDo nebesa nek&#8217; se ori\u201c), \u201eISUSE, MISLI TI (Roman o \u017eivotu sluge Bo\u017ejeg don Dolinda Ruotola)\u201c, \u201eTRN, Roman o relikviji Svetog Trna s krune Gospodina na\u0161ega Isusa Krista\u201c te \u201eDANICA \u0160IROLA, Roman o \u017eivotu hrvatske Male Terezije\u201c.<\/p>\n<p><strong>Klju\u010dne rije\u010di: <\/strong>Danica \u0160irola, u\u010diteljica, bo\u017eja ugodnica<strong><br \/>\n<\/strong><\/p>\n<p><strong>E-mail: <\/strong><a href=\"mailto:marlonmacanovic@gmail.com\">Marlon Macanovi\u0107<\/a><\/p>\n<p><strong>Naslov: <\/strong>DANICA \u0160IROLA, Roman o \u017eivotu hrvatske Male Terezije<br \/>\n<strong>Autor:<\/strong> Marlon Macanovi\u0107<br \/>\n<strong>Broj stranica: <\/strong>136<br \/>\n<strong>Nakladnik: <\/strong>Vlastita naklada<br \/>\n<strong>Godina izdanja: <\/strong>2025.<strong><br \/>\n<\/strong><strong>ISBN:<\/strong> 978-953-59762-4-0<br \/>\n<strong>Tisak:<\/strong> digitalni tisak knjiga &#8211; print na zahtjev<\/p>\n","protected":false},"excerpt":{"rendered":"<p>Rije\u010d je o romanu koji govori o \u017eivotu Bo\u017eje ugodnice, u\u010diteljice Danice \u0160irole koja je preminula 1926. g. na glasu svetosti. Bilje\u0161ka o autoru: Marlon Macanovi\u0107 je suprug i otac \u010detvero djece. Magistar je prava, knji\u017eevnik i ikonopisac. Autor je 60 znanstvenih i stru\u010dnih pravih radova objavljenih u relevantnim \u010dasopisima. Objavio je 6 knjiga: \u201eKAKO [&hellip;]<\/p>\n","protected":false},"featured_media":20400,"comment_status":"open","ping_status":"closed","template":"","meta":{"_acf_changed":false},"product_brand":[],"product_cat":[2528,1385],"product_tag":[],"class_list":{"0":"post-20399","1":"product","2":"type-product","3":"status-publish","4":"has-post-thumbnail","6":"product_cat-duhovnost","7":"product_cat-knjizevnost","8":"pa_autor-marlon-macanovic","9":"pa_nakladnik-vlastita-naklada","11":"first","12":"instock","13":"shipping-taxable","14":"purchasable","15":"product-type-simple"},"acf":[],"yoast_head":"<!-- This site is optimized with the Yoast SEO plugin v27.3 - https:\/\/yoast.com\/product\/yoast-seo-wordpress\/ -->\n<title>DANICA \u0160IROLA, Roman o \u017eivotu hrvatske Male Terezije, Marlon Macanovi\u0107 - Web-knji\u017eara<\/title>\n<meta name=\"robots\" content=\"index, follow, max-snippet:-1, max-image-preview:large, max-video-preview:-1\" \/>\n<link rel=\"canonical\" href=\"https:\/\/webknjizara.hr\/proizvod\/danica-sirola-roman-o-zivotu-hrvatske-male-terezije-marlon-macanovic\/\" \/>\n<meta property=\"og:locale\" content=\"en_US\" \/>\n<meta property=\"og:type\" content=\"article\" \/>\n<meta property=\"og:title\" content=\"DANICA \u0160IROLA, Roman o \u017eivotu hrvatske Male Terezije, Marlon Macanovi\u0107 - Web-knji\u017eara\" \/>\n<meta property=\"og:description\" content=\"Rije\u010d je o romanu koji govori o \u017eivotu Bo\u017eje ugodnice, u\u010diteljice Danice \u0160irole koja je preminula 1926. g. na glasu svetosti. Bilje\u0161ka o autoru: Marlon Macanovi\u0107 je suprug i otac \u010detvero djece. Magistar je prava, knji\u017eevnik i ikonopisac. Autor je 60 znanstvenih i stru\u010dnih pravih radova objavljenih u relevantnim \u010dasopisima. Objavio je 6 knjiga: \u201eKAKO [&hellip;]\" \/>\n<meta property=\"og:url\" content=\"https:\/\/webknjizara.hr\/proizvod\/danica-sirola-roman-o-zivotu-hrvatske-male-terezije-marlon-macanovic\/\" \/>\n<meta property=\"og:site_name\" content=\"Web-knji\u017eara\" \/>\n<meta property=\"article:modified_time\" content=\"2025-10-27T08:17:08+00:00\" \/>\n<meta property=\"og:image\" content=\"https:\/\/webknjizara.hr\/wp-content\/uploads\/2025\/10\/Marlon_Macanovic_DANICA_SIROLA_Roman_o_zivotu_hrvatske_Male_Terezije_webknjizara_redak_WEB_1776.jpg\" \/>\n\t<meta property=\"og:image:width\" content=\"850\" \/>\n\t<meta property=\"og:image:height\" content=\"1187\" \/>\n\t<meta property=\"og:image:type\" content=\"image\/jpeg\" \/>\n<meta name=\"twitter:card\" content=\"summary_large_image\" \/>\n<meta name=\"twitter:label1\" content=\"Est. reading time\" \/>\n\t<meta name=\"twitter:data1\" content=\"2 minutes\" \/>\n<script type=\"application\/ld+json\" class=\"yoast-schema-graph\">{\"@context\":\"https:\\\/\\\/schema.org\",\"@graph\":[{\"@type\":\"WebPage\",\"@id\":\"https:\\\/\\\/webknjizara.hr\\\/proizvod\\\/danica-sirola-roman-o-zivotu-hrvatske-male-terezije-marlon-macanovic\\\/\",\"url\":\"https:\\\/\\\/webknjizara.hr\\\/proizvod\\\/danica-sirola-roman-o-zivotu-hrvatske-male-terezije-marlon-macanovic\\\/\",\"name\":\"DANICA \u0160IROLA, Roman o \u017eivotu hrvatske Male Terezije, Marlon Macanovi\u0107 - Web-knji\u017eara\",\"isPartOf\":{\"@id\":\"https:\\\/\\\/webknjizara.hr\\\/#website\"},\"primaryImageOfPage\":{\"@id\":\"https:\\\/\\\/webknjizara.hr\\\/proizvod\\\/danica-sirola-roman-o-zivotu-hrvatske-male-terezije-marlon-macanovic\\\/#primaryimage\"},\"image\":{\"@id\":\"https:\\\/\\\/webknjizara.hr\\\/proizvod\\\/danica-sirola-roman-o-zivotu-hrvatske-male-terezije-marlon-macanovic\\\/#primaryimage\"},\"thumbnailUrl\":\"https:\\\/\\\/webknjizara.hr\\\/wp-content\\\/uploads\\\/2025\\\/10\\\/Marlon_Macanovic_DANICA_SIROLA_Roman_o_zivotu_hrvatske_Male_Terezije_webknjizara_redak_WEB_1776.jpg\",\"datePublished\":\"2025-10-25T02:06:16+00:00\",\"dateModified\":\"2025-10-27T08:17:08+00:00\",\"breadcrumb\":{\"@id\":\"https:\\\/\\\/webknjizara.hr\\\/proizvod\\\/danica-sirola-roman-o-zivotu-hrvatske-male-terezije-marlon-macanovic\\\/#breadcrumb\"},\"inLanguage\":\"en-US\",\"potentialAction\":[{\"@type\":\"ReadAction\",\"target\":[\"https:\\\/\\\/webknjizara.hr\\\/proizvod\\\/danica-sirola-roman-o-zivotu-hrvatske-male-terezije-marlon-macanovic\\\/\"]}]},{\"@type\":\"ImageObject\",\"inLanguage\":\"en-US\",\"@id\":\"https:\\\/\\\/webknjizara.hr\\\/proizvod\\\/danica-sirola-roman-o-zivotu-hrvatske-male-terezije-marlon-macanovic\\\/#primaryimage\",\"url\":\"https:\\\/\\\/webknjizara.hr\\\/wp-content\\\/uploads\\\/2025\\\/10\\\/Marlon_Macanovic_DANICA_SIROLA_Roman_o_zivotu_hrvatske_Male_Terezije_webknjizara_redak_WEB_1776.jpg\",\"contentUrl\":\"https:\\\/\\\/webknjizara.hr\\\/wp-content\\\/uploads\\\/2025\\\/10\\\/Marlon_Macanovic_DANICA_SIROLA_Roman_o_zivotu_hrvatske_Male_Terezije_webknjizara_redak_WEB_1776.jpg\",\"width\":850,\"height\":1187,\"caption\":\"DANICA \u0160IROLA Roman o \u017eivotu hrvatske Male Terezije, Marlon Macanovi\u0107\"},{\"@type\":\"BreadcrumbList\",\"@id\":\"https:\\\/\\\/webknjizara.hr\\\/proizvod\\\/danica-sirola-roman-o-zivotu-hrvatske-male-terezije-marlon-macanovic\\\/#breadcrumb\",\"itemListElement\":[{\"@type\":\"ListItem\",\"position\":1,\"name\":\"Po\u010detna stranica\",\"item\":\"https:\\\/\\\/webknjizara.hr\\\/en\\\/\"},{\"@type\":\"ListItem\",\"position\":2,\"name\":\"Shop\",\"item\":\"https:\\\/\\\/webknjizara.hr\\\/shop\\\/\"},{\"@type\":\"ListItem\",\"position\":3,\"name\":\"DANICA \u0160IROLA, Roman o \u017eivotu hrvatske Male Terezije, Marlon Macanovi\u0107\"}]},{\"@type\":\"WebSite\",\"@id\":\"https:\\\/\\\/webknjizara.hr\\\/#website\",\"url\":\"https:\\\/\\\/webknjizara.hr\\\/\",\"name\":\"Web Knji\u017eara\",\"description\":\"\",\"publisher\":{\"@id\":\"https:\\\/\\\/webknjizara.hr\\\/#organization\"},\"potentialAction\":[{\"@type\":\"SearchAction\",\"target\":{\"@type\":\"EntryPoint\",\"urlTemplate\":\"https:\\\/\\\/webknjizara.hr\\\/?s={search_term_string}\"},\"query-input\":{\"@type\":\"PropertyValueSpecification\",\"valueRequired\":true,\"valueName\":\"search_term_string\"}}],\"inLanguage\":\"en-US\"},{\"@type\":\"Organization\",\"@id\":\"https:\\\/\\\/webknjizara.hr\\\/#organization\",\"name\":\"REDAK D.O.O.\",\"url\":\"https:\\\/\\\/webknjizara.hr\\\/\",\"logo\":{\"@type\":\"ImageObject\",\"inLanguage\":\"en-US\",\"@id\":\"https:\\\/\\\/webknjizara.hr\\\/#\\\/schema\\\/logo\\\/image\\\/\",\"url\":\"https:\\\/\\\/webknjizara.hr\\\/wp-content\\\/uploads\\\/2023\\\/01\\\/web-knjizara-logo.webp\",\"contentUrl\":\"https:\\\/\\\/webknjizara.hr\\\/wp-content\\\/uploads\\\/2023\\\/01\\\/web-knjizara-logo.webp\",\"width\":324,\"height\":79,\"caption\":\"REDAK D.O.O.\"},\"image\":{\"@id\":\"https:\\\/\\\/webknjizara.hr\\\/#\\\/schema\\\/logo\\\/image\\\/\"}}]}<\/script>\n<!-- \/ Yoast SEO plugin. -->","yoast_head_json":{"title":"DANICA \u0160IROLA, Roman o \u017eivotu hrvatske Male Terezije, Marlon Macanovi\u0107 - Web-knji\u017eara","robots":{"index":"index","follow":"follow","max-snippet":"max-snippet:-1","max-image-preview":"max-image-preview:large","max-video-preview":"max-video-preview:-1"},"canonical":"https:\/\/webknjizara.hr\/proizvod\/danica-sirola-roman-o-zivotu-hrvatske-male-terezije-marlon-macanovic\/","og_locale":"en_US","og_type":"article","og_title":"DANICA \u0160IROLA, Roman o \u017eivotu hrvatske Male Terezije, Marlon Macanovi\u0107 - Web-knji\u017eara","og_description":"Rije\u010d je o romanu koji govori o \u017eivotu Bo\u017eje ugodnice, u\u010diteljice Danice \u0160irole koja je preminula 1926. g. na glasu svetosti. Bilje\u0161ka o autoru: Marlon Macanovi\u0107 je suprug i otac \u010detvero djece. Magistar je prava, knji\u017eevnik i ikonopisac. Autor je 60 znanstvenih i stru\u010dnih pravih radova objavljenih u relevantnim \u010dasopisima. Objavio je 6 knjiga: \u201eKAKO [&hellip;]","og_url":"https:\/\/webknjizara.hr\/proizvod\/danica-sirola-roman-o-zivotu-hrvatske-male-terezije-marlon-macanovic\/","og_site_name":"Web-knji\u017eara","article_modified_time":"2025-10-27T08:17:08+00:00","og_image":[{"width":850,"height":1187,"url":"https:\/\/webknjizara.hr\/wp-content\/uploads\/2025\/10\/Marlon_Macanovic_DANICA_SIROLA_Roman_o_zivotu_hrvatske_Male_Terezije_webknjizara_redak_WEB_1776.jpg","type":"image\/jpeg"}],"twitter_card":"summary_large_image","twitter_misc":{"Est. reading time":"2 minutes"},"schema":{"@context":"https:\/\/schema.org","@graph":[{"@type":"WebPage","@id":"https:\/\/webknjizara.hr\/proizvod\/danica-sirola-roman-o-zivotu-hrvatske-male-terezije-marlon-macanovic\/","url":"https:\/\/webknjizara.hr\/proizvod\/danica-sirola-roman-o-zivotu-hrvatske-male-terezije-marlon-macanovic\/","name":"DANICA \u0160IROLA, Roman o \u017eivotu hrvatske Male Terezije, Marlon Macanovi\u0107 - Web-knji\u017eara","isPartOf":{"@id":"https:\/\/webknjizara.hr\/#website"},"primaryImageOfPage":{"@id":"https:\/\/webknjizara.hr\/proizvod\/danica-sirola-roman-o-zivotu-hrvatske-male-terezije-marlon-macanovic\/#primaryimage"},"image":{"@id":"https:\/\/webknjizara.hr\/proizvod\/danica-sirola-roman-o-zivotu-hrvatske-male-terezije-marlon-macanovic\/#primaryimage"},"thumbnailUrl":"https:\/\/webknjizara.hr\/wp-content\/uploads\/2025\/10\/Marlon_Macanovic_DANICA_SIROLA_Roman_o_zivotu_hrvatske_Male_Terezije_webknjizara_redak_WEB_1776.jpg","datePublished":"2025-10-25T02:06:16+00:00","dateModified":"2025-10-27T08:17:08+00:00","breadcrumb":{"@id":"https:\/\/webknjizara.hr\/proizvod\/danica-sirola-roman-o-zivotu-hrvatske-male-terezije-marlon-macanovic\/#breadcrumb"},"inLanguage":"en-US","potentialAction":[{"@type":"ReadAction","target":["https:\/\/webknjizara.hr\/proizvod\/danica-sirola-roman-o-zivotu-hrvatske-male-terezije-marlon-macanovic\/"]}]},{"@type":"ImageObject","inLanguage":"en-US","@id":"https:\/\/webknjizara.hr\/proizvod\/danica-sirola-roman-o-zivotu-hrvatske-male-terezije-marlon-macanovic\/#primaryimage","url":"https:\/\/webknjizara.hr\/wp-content\/uploads\/2025\/10\/Marlon_Macanovic_DANICA_SIROLA_Roman_o_zivotu_hrvatske_Male_Terezije_webknjizara_redak_WEB_1776.jpg","contentUrl":"https:\/\/webknjizara.hr\/wp-content\/uploads\/2025\/10\/Marlon_Macanovic_DANICA_SIROLA_Roman_o_zivotu_hrvatske_Male_Terezije_webknjizara_redak_WEB_1776.jpg","width":850,"height":1187,"caption":"DANICA \u0160IROLA Roman o \u017eivotu hrvatske Male Terezije, Marlon Macanovi\u0107"},{"@type":"BreadcrumbList","@id":"https:\/\/webknjizara.hr\/proizvod\/danica-sirola-roman-o-zivotu-hrvatske-male-terezije-marlon-macanovic\/#breadcrumb","itemListElement":[{"@type":"ListItem","position":1,"name":"Po\u010detna stranica","item":"https:\/\/webknjizara.hr\/en\/"},{"@type":"ListItem","position":2,"name":"Shop","item":"https:\/\/webknjizara.hr\/shop\/"},{"@type":"ListItem","position":3,"name":"DANICA \u0160IROLA, Roman o \u017eivotu hrvatske Male Terezije, Marlon Macanovi\u0107"}]},{"@type":"WebSite","@id":"https:\/\/webknjizara.hr\/#website","url":"https:\/\/webknjizara.hr\/","name":"Web Knji\u017eara","description":"","publisher":{"@id":"https:\/\/webknjizara.hr\/#organization"},"potentialAction":[{"@type":"SearchAction","target":{"@type":"EntryPoint","urlTemplate":"https:\/\/webknjizara.hr\/?s={search_term_string}"},"query-input":{"@type":"PropertyValueSpecification","valueRequired":true,"valueName":"search_term_string"}}],"inLanguage":"en-US"},{"@type":"Organization","@id":"https:\/\/webknjizara.hr\/#organization","name":"REDAK D.O.O.","url":"https:\/\/webknjizara.hr\/","logo":{"@type":"ImageObject","inLanguage":"en-US","@id":"https:\/\/webknjizara.hr\/#\/schema\/logo\/image\/","url":"https:\/\/webknjizara.hr\/wp-content\/uploads\/2023\/01\/web-knjizara-logo.webp","contentUrl":"https:\/\/webknjizara.hr\/wp-content\/uploads\/2023\/01\/web-knjizara-logo.webp","width":324,"height":79,"caption":"REDAK D.O.O."},"image":{"@id":"https:\/\/webknjizara.hr\/#\/schema\/logo\/image\/"}}]}},"_links":{"self":[{"href":"https:\/\/webknjizara.hr\/en\/wp-json\/wp\/v2\/product\/20399","targetHints":{"allow":["GET"]}}],"collection":[{"href":"https:\/\/webknjizara.hr\/en\/wp-json\/wp\/v2\/product"}],"about":[{"href":"https:\/\/webknjizara.hr\/en\/wp-json\/wp\/v2\/types\/product"}],"replies":[{"embeddable":true,"href":"https:\/\/webknjizara.hr\/en\/wp-json\/wp\/v2\/comments?post=20399"}],"wp:featuredmedia":[{"embeddable":true,"href":"https:\/\/webknjizara.hr\/en\/wp-json\/wp\/v2\/media\/20400"}],"wp:attachment":[{"href":"https:\/\/webknjizara.hr\/en\/wp-json\/wp\/v2\/media?parent=20399"}],"wp:term":[{"taxonomy":"product_brand","embeddable":true,"href":"https:\/\/webknjizara.hr\/en\/wp-json\/wp\/v2\/product_brand?post=20399"},{"taxonomy":"product_cat","embeddable":true,"href":"https:\/\/webknjizara.hr\/en\/wp-json\/wp\/v2\/product_cat?post=20399"},{"taxonomy":"product_tag","embeddable":true,"href":"https:\/\/webknjizara.hr\/en\/wp-json\/wp\/v2\/product_tag?post=20399"}],"curies":[{"name":"wp","href":"https:\/\/api.w.org\/{rel}","templated":true}]}}