{"id":20241,"date":"2025-10-09T07:02:26","date_gmt":"2025-10-09T05:02:26","guid":{"rendered":"https:\/\/webknjizara.hr\/?post_type=product&#038;p=20241"},"modified":"2025-10-09T07:02:27","modified_gmt":"2025-10-09T05:02:27","slug":"prirucnik-za-trenere-vaterpola-od-teorije-do-bazena-crno-bijeli-tisak-neven-kovacevic","status":"publish","type":"product","link":"https:\/\/webknjizara.hr\/en\/proizvod\/prirucnik-za-trenere-vaterpola-od-teorije-do-bazena-crno-bijeli-tisak-neven-kovacevic\/","title":{"rendered":"PRIRU\u010cNIK ZA TRENERE VATERPOLA &#8211; OD TEORIJE DO BAZENA (CRNO-BIJELI TISAK), Neven Kova\u010devi\u0107"},"content":{"rendered":"<p>Vaterpolo je vi\u0161e od igre \u2013 to je spoj snage, izdr\u017eljivosti, taktike i timskog duha. Kroz povijest, ovaj sport se razvijao u skladu sa suvremenim spoznajama iz podru\u010dja sportskih znanosti, pedagogije i psihologije, a uloga trenera nikada nije bila zna\u010dajnija. Priru\u010dnik za trenere vaterpola \u2013 od teorije do bazena osmi\u0161ljen je kao sveobuhvatan vodi\u010d koji objedinjuje teorijska znanja i prakti\u010dne smjernice sa ciljem da pomogne trenerima svih razina \u2013 od onih koji tek ulaze u svijet vaterpola, do iskusnih stru\u010dnjaka koji \u017eele unaprijediti svoj pristup radu. Sadr\u017eajno bogat i metodi\u010dki precizan, priru\u010dnik otvara vrata temama poput tehni\u010dko-takti\u010dke i kondicijske pripreme u vaterpolu, uva\u017eavaju\u0107i specifi\u010dnosti medija u kojem se igra, psiholo\u0161ke aspekte rada sa sporta\u0161ima te zakonitosti rasta i razvoja djece i mladih. Autor Neven Kova\u010devi\u0107 \u2013 biv\u0161i izbornik hrvatske vaterpolske reprezentacije, dugogodi\u0161nji vaterpolski trener i predava\u010d na Kineziolo\u0161kom fakultetu Sveu\u010dili\u0161ta u Splitu, kroz konkretne primjere, vje\u017ebe i detaljnu metodiku rada prenosi trenerima znanja koja mogu primijeniti u svakodnevnom radu, uz poseban naglasak na prijenos znanja iz teorije u praksu \u2013 s bazena u knjigu i nazad.<\/p>\n<p><strong>Bilje\u0161ka o autoru: <\/strong><\/p>\n<p>Neven Kova\u010devi\u0107 diplomirao je 1983. godine na Kineziolo\u0161kom fakultetu Sveu\u010dili\u0161ta u Zagrebu. Njegova sportska karijera u vaterpolu obuhva\u0107a bogato igra\u010dko iskustvo. Profesionalnu trenersku karijeru zapo\u010dinje u mati\u010dnom klubu VK PO\u0160K Split 1984. godine te je tijekom dugogodi\u0161nje trenerske karijere vodio najtrofejnije hrvatske vaterpolske klubove \u2013 VK Jadran Split, VK Jug Dubrovnik i HAVK Mladost Zagreb. Kao izbornik hrvatske juniorske vaterpolske reprezentacije osvojio je zlatnu medalju na Svjetskom prvenstvu u Havani, Kuba 1997. godine. Od ostalih istaknutih rezultata na Europskom prvenstvu u Firenci, Italija 1999. godine osvojio je srebrnu medalju. Dugogodi\u0161nji je voditelj razvojnih kampova pri Hrvatskom vaterpolskom savezu, a od 2025. godine i voditelj razvojnih kampova u European Aquatics, vode\u0107oj europskoj vaterpolskoj organizaciji. Ujedno je i \u010dlan Stru\u010dnog savjeta Hrvatskog vaterpolskog saveza.<\/p>\n<p>Znanstveni i stru\u010dni rad Nevena Kova\u010devi\u0107a temelji se na vi\u0161e objavljenih stru\u010dnih i znanstvenih radova u me\u0111unarodno priznatim znanstvenim \u010dasopisima. Bio je pozvani predava\u010d na brojnim me\u0111unarodnim stru\u010dnim i znanstvenim skupovima, uklju\u010duju\u0107i i European Aquatics Clinics, a kao voditelj i predava\u010d uklju\u010den je u formalno obrazovanje vaterpolskih trenera u Republici Hrvatskoj, na Kineziolo\u0161kom fakultetu Sveu\u010dili\u0161ta u Splitu i pri Sportskom u\u010dili\u0161tu Zagreb (ustanova za obrazovanje odraslih). U\u017ee podru\u010dje njegovog znanstvenog rada je povezanost kognitivnih funkcija i sportskog uspjeha u vaterpolu.<\/p>\n<p><strong>Klju\u010dne rije\u010di: <\/strong>Vaterpolo, metodika, tehni\u010dko-takti\u010dki elementi, analiza strukture igre<\/p>\n<p><strong>Naslov: <\/strong>Priru\u010dnik za trenere vaterpola &#8211; Od teorije do bazena crno-bijeli tisak)<br \/>\n<strong>Autor:<\/strong> Neven Kova\u010devi\u0107<br \/>\n<strong>Broj stranica: <\/strong>276<br \/>\n<strong>Nakladnik: <\/strong>REDAK<br \/>\n<strong>Godina izdanja: <\/strong>2025.<strong>.<br \/>\n<\/strong><strong>ISBN:<\/strong> 978-953-395-116-4<br \/>\n<strong>Tisak:<\/strong> digitalni tisak knjiga &#8211; print na zahtjev<\/p>\n","protected":false},"excerpt":{"rendered":"<p>Vaterpolo je vi\u0161e od igre \u2013 to je spoj snage, izdr\u017eljivosti, taktike i timskog duha. Kroz povijest, ovaj sport se razvijao u skladu sa suvremenim spoznajama iz podru\u010dja sportskih znanosti, pedagogije i psihologije, a uloga trenera nikada nije bila zna\u010dajnija. Priru\u010dnik za trenere vaterpola \u2013 od teorije do bazena osmi\u0161ljen je kao sveobuhvatan vodi\u010d koji [&hellip;]<\/p>\n","protected":false},"featured_media":20242,"comment_status":"open","ping_status":"closed","template":"","meta":{"_acf_changed":false},"product_brand":[],"product_cat":[2471],"product_tag":[],"class_list":{"0":"post-20241","1":"product","2":"type-product","3":"status-publish","4":"has-post-thumbnail","6":"product_cat-prirucnik","7":"pa_autor-neven-kovacevic","8":"pa_nakladnik-redak","10":"first","11":"instock","12":"shipping-taxable","13":"purchasable","14":"product-type-simple"},"acf":[],"yoast_head":"<!-- This site is optimized with the Yoast SEO plugin v27.3 - https:\/\/yoast.com\/product\/yoast-seo-wordpress\/ -->\n<title>PRIRU\u010cNIK ZA TRENERE VATERPOLA - OD TEORIJE DO BAZENA (CRNO-BIJELI TISAK), Neven Kova\u010devi\u0107 - Web-knji\u017eara<\/title>\n<meta name=\"robots\" content=\"index, follow, max-snippet:-1, max-image-preview:large, max-video-preview:-1\" \/>\n<link rel=\"canonical\" href=\"https:\/\/webknjizara.hr\/proizvod\/prirucnik-za-trenere-vaterpola-od-teorije-do-bazena-crno-bijeli-tisak-neven-kovacevic\/\" \/>\n<meta property=\"og:locale\" content=\"en_US\" \/>\n<meta property=\"og:type\" content=\"article\" \/>\n<meta property=\"og:title\" content=\"PRIRU\u010cNIK ZA TRENERE VATERPOLA - OD TEORIJE DO BAZENA (CRNO-BIJELI TISAK), Neven Kova\u010devi\u0107 - Web-knji\u017eara\" \/>\n<meta property=\"og:description\" content=\"Vaterpolo je vi\u0161e od igre \u2013 to je spoj snage, izdr\u017eljivosti, taktike i timskog duha. Kroz povijest, ovaj sport se razvijao u skladu sa suvremenim spoznajama iz podru\u010dja sportskih znanosti, pedagogije i psihologije, a uloga trenera nikada nije bila zna\u010dajnija. Priru\u010dnik za trenere vaterpola \u2013 od teorije do bazena osmi\u0161ljen je kao sveobuhvatan vodi\u010d koji [&hellip;]\" \/>\n<meta property=\"og:url\" content=\"https:\/\/webknjizara.hr\/proizvod\/prirucnik-za-trenere-vaterpola-od-teorije-do-bazena-crno-bijeli-tisak-neven-kovacevic\/\" \/>\n<meta property=\"og:site_name\" content=\"Web-knji\u017eara\" \/>\n<meta property=\"article:modified_time\" content=\"2025-10-09T05:02:27+00:00\" \/>\n<meta property=\"og:image\" content=\"https:\/\/webknjizara.hr\/wp-content\/uploads\/2025\/10\/Neven_Kovacevic_Prirucnik_za_trenere_vaterpola_-_Od_teorije_do_bazena_cb_webknjizara_redak_WEB_1766.jpg\" \/>\n\t<meta property=\"og:image:width\" content=\"1772\" \/>\n\t<meta property=\"og:image:height\" content=\"2473\" \/>\n\t<meta property=\"og:image:type\" content=\"image\/jpeg\" \/>\n<meta name=\"twitter:card\" content=\"summary_large_image\" \/>\n<meta name=\"twitter:label1\" content=\"Est. reading time\" \/>\n\t<meta name=\"twitter:data1\" content=\"3 minutes\" \/>\n<script type=\"application\/ld+json\" class=\"yoast-schema-graph\">{\"@context\":\"https:\\\/\\\/schema.org\",\"@graph\":[{\"@type\":\"WebPage\",\"@id\":\"https:\\\/\\\/webknjizara.hr\\\/proizvod\\\/prirucnik-za-trenere-vaterpola-od-teorije-do-bazena-crno-bijeli-tisak-neven-kovacevic\\\/\",\"url\":\"https:\\\/\\\/webknjizara.hr\\\/proizvod\\\/prirucnik-za-trenere-vaterpola-od-teorije-do-bazena-crno-bijeli-tisak-neven-kovacevic\\\/\",\"name\":\"PRIRU\u010cNIK ZA TRENERE VATERPOLA - OD TEORIJE DO BAZENA (CRNO-BIJELI TISAK), Neven Kova\u010devi\u0107 - Web-knji\u017eara\",\"isPartOf\":{\"@id\":\"https:\\\/\\\/webknjizara.hr\\\/#website\"},\"primaryImageOfPage\":{\"@id\":\"https:\\\/\\\/webknjizara.hr\\\/proizvod\\\/prirucnik-za-trenere-vaterpola-od-teorije-do-bazena-crno-bijeli-tisak-neven-kovacevic\\\/#primaryimage\"},\"image\":{\"@id\":\"https:\\\/\\\/webknjizara.hr\\\/proizvod\\\/prirucnik-za-trenere-vaterpola-od-teorije-do-bazena-crno-bijeli-tisak-neven-kovacevic\\\/#primaryimage\"},\"thumbnailUrl\":\"https:\\\/\\\/webknjizara.hr\\\/wp-content\\\/uploads\\\/2025\\\/10\\\/Neven_Kovacevic_Prirucnik_za_trenere_vaterpola_-_Od_teorije_do_bazena_cb_webknjizara_redak_WEB_1766.jpg\",\"datePublished\":\"2025-10-09T05:02:26+00:00\",\"dateModified\":\"2025-10-09T05:02:27+00:00\",\"breadcrumb\":{\"@id\":\"https:\\\/\\\/webknjizara.hr\\\/proizvod\\\/prirucnik-za-trenere-vaterpola-od-teorije-do-bazena-crno-bijeli-tisak-neven-kovacevic\\\/#breadcrumb\"},\"inLanguage\":\"en-US\",\"potentialAction\":[{\"@type\":\"ReadAction\",\"target\":[\"https:\\\/\\\/webknjizara.hr\\\/proizvod\\\/prirucnik-za-trenere-vaterpola-od-teorije-do-bazena-crno-bijeli-tisak-neven-kovacevic\\\/\"]}]},{\"@type\":\"ImageObject\",\"inLanguage\":\"en-US\",\"@id\":\"https:\\\/\\\/webknjizara.hr\\\/proizvod\\\/prirucnik-za-trenere-vaterpola-od-teorije-do-bazena-crno-bijeli-tisak-neven-kovacevic\\\/#primaryimage\",\"url\":\"https:\\\/\\\/webknjizara.hr\\\/wp-content\\\/uploads\\\/2025\\\/10\\\/Neven_Kovacevic_Prirucnik_za_trenere_vaterpola_-_Od_teorije_do_bazena_cb_webknjizara_redak_WEB_1766.jpg\",\"contentUrl\":\"https:\\\/\\\/webknjizara.hr\\\/wp-content\\\/uploads\\\/2025\\\/10\\\/Neven_Kovacevic_Prirucnik_za_trenere_vaterpola_-_Od_teorije_do_bazena_cb_webknjizara_redak_WEB_1766.jpg\",\"width\":1772,\"height\":2473,\"caption\":\"PRIRU\u010cNIK ZA TRENERE VATERPOLA - OD TEORIJE DO BAZENA (CRNO-BIJELI TISAK), Neven Kova\u010devi\u0107\"},{\"@type\":\"BreadcrumbList\",\"@id\":\"https:\\\/\\\/webknjizara.hr\\\/proizvod\\\/prirucnik-za-trenere-vaterpola-od-teorije-do-bazena-crno-bijeli-tisak-neven-kovacevic\\\/#breadcrumb\",\"itemListElement\":[{\"@type\":\"ListItem\",\"position\":1,\"name\":\"Po\u010detna stranica\",\"item\":\"https:\\\/\\\/webknjizara.hr\\\/en\\\/\"},{\"@type\":\"ListItem\",\"position\":2,\"name\":\"Shop\",\"item\":\"https:\\\/\\\/webknjizara.hr\\\/shop\\\/\"},{\"@type\":\"ListItem\",\"position\":3,\"name\":\"PRIRU\u010cNIK ZA TRENERE VATERPOLA &#8211; OD TEORIJE DO BAZENA (CRNO-BIJELI TISAK), Neven Kova\u010devi\u0107\"}]},{\"@type\":\"WebSite\",\"@id\":\"https:\\\/\\\/webknjizara.hr\\\/#website\",\"url\":\"https:\\\/\\\/webknjizara.hr\\\/\",\"name\":\"Web Knji\u017eara\",\"description\":\"\",\"publisher\":{\"@id\":\"https:\\\/\\\/webknjizara.hr\\\/#organization\"},\"potentialAction\":[{\"@type\":\"SearchAction\",\"target\":{\"@type\":\"EntryPoint\",\"urlTemplate\":\"https:\\\/\\\/webknjizara.hr\\\/?s={search_term_string}\"},\"query-input\":{\"@type\":\"PropertyValueSpecification\",\"valueRequired\":true,\"valueName\":\"search_term_string\"}}],\"inLanguage\":\"en-US\"},{\"@type\":\"Organization\",\"@id\":\"https:\\\/\\\/webknjizara.hr\\\/#organization\",\"name\":\"REDAK D.O.O.\",\"url\":\"https:\\\/\\\/webknjizara.hr\\\/\",\"logo\":{\"@type\":\"ImageObject\",\"inLanguage\":\"en-US\",\"@id\":\"https:\\\/\\\/webknjizara.hr\\\/#\\\/schema\\\/logo\\\/image\\\/\",\"url\":\"https:\\\/\\\/webknjizara.hr\\\/wp-content\\\/uploads\\\/2023\\\/01\\\/web-knjizara-logo.webp\",\"contentUrl\":\"https:\\\/\\\/webknjizara.hr\\\/wp-content\\\/uploads\\\/2023\\\/01\\\/web-knjizara-logo.webp\",\"width\":324,\"height\":79,\"caption\":\"REDAK D.O.O.\"},\"image\":{\"@id\":\"https:\\\/\\\/webknjizara.hr\\\/#\\\/schema\\\/logo\\\/image\\\/\"}}]}<\/script>\n<!-- \/ Yoast SEO plugin. -->","yoast_head_json":{"title":"PRIRU\u010cNIK ZA TRENERE VATERPOLA - OD TEORIJE DO BAZENA (CRNO-BIJELI TISAK), Neven Kova\u010devi\u0107 - Web-knji\u017eara","robots":{"index":"index","follow":"follow","max-snippet":"max-snippet:-1","max-image-preview":"max-image-preview:large","max-video-preview":"max-video-preview:-1"},"canonical":"https:\/\/webknjizara.hr\/proizvod\/prirucnik-za-trenere-vaterpola-od-teorije-do-bazena-crno-bijeli-tisak-neven-kovacevic\/","og_locale":"en_US","og_type":"article","og_title":"PRIRU\u010cNIK ZA TRENERE VATERPOLA - OD TEORIJE DO BAZENA (CRNO-BIJELI TISAK), Neven Kova\u010devi\u0107 - Web-knji\u017eara","og_description":"Vaterpolo je vi\u0161e od igre \u2013 to je spoj snage, izdr\u017eljivosti, taktike i timskog duha. Kroz povijest, ovaj sport se razvijao u skladu sa suvremenim spoznajama iz podru\u010dja sportskih znanosti, pedagogije i psihologije, a uloga trenera nikada nije bila zna\u010dajnija. Priru\u010dnik za trenere vaterpola \u2013 od teorije do bazena osmi\u0161ljen je kao sveobuhvatan vodi\u010d koji [&hellip;]","og_url":"https:\/\/webknjizara.hr\/proizvod\/prirucnik-za-trenere-vaterpola-od-teorije-do-bazena-crno-bijeli-tisak-neven-kovacevic\/","og_site_name":"Web-knji\u017eara","article_modified_time":"2025-10-09T05:02:27+00:00","og_image":[{"width":1772,"height":2473,"url":"https:\/\/webknjizara.hr\/wp-content\/uploads\/2025\/10\/Neven_Kovacevic_Prirucnik_za_trenere_vaterpola_-_Od_teorije_do_bazena_cb_webknjizara_redak_WEB_1766.jpg","type":"image\/jpeg"}],"twitter_card":"summary_large_image","twitter_misc":{"Est. reading time":"3 minutes"},"schema":{"@context":"https:\/\/schema.org","@graph":[{"@type":"WebPage","@id":"https:\/\/webknjizara.hr\/proizvod\/prirucnik-za-trenere-vaterpola-od-teorije-do-bazena-crno-bijeli-tisak-neven-kovacevic\/","url":"https:\/\/webknjizara.hr\/proizvod\/prirucnik-za-trenere-vaterpola-od-teorije-do-bazena-crno-bijeli-tisak-neven-kovacevic\/","name":"PRIRU\u010cNIK ZA TRENERE VATERPOLA - OD TEORIJE DO BAZENA (CRNO-BIJELI TISAK), Neven Kova\u010devi\u0107 - Web-knji\u017eara","isPartOf":{"@id":"https:\/\/webknjizara.hr\/#website"},"primaryImageOfPage":{"@id":"https:\/\/webknjizara.hr\/proizvod\/prirucnik-za-trenere-vaterpola-od-teorije-do-bazena-crno-bijeli-tisak-neven-kovacevic\/#primaryimage"},"image":{"@id":"https:\/\/webknjizara.hr\/proizvod\/prirucnik-za-trenere-vaterpola-od-teorije-do-bazena-crno-bijeli-tisak-neven-kovacevic\/#primaryimage"},"thumbnailUrl":"https:\/\/webknjizara.hr\/wp-content\/uploads\/2025\/10\/Neven_Kovacevic_Prirucnik_za_trenere_vaterpola_-_Od_teorije_do_bazena_cb_webknjizara_redak_WEB_1766.jpg","datePublished":"2025-10-09T05:02:26+00:00","dateModified":"2025-10-09T05:02:27+00:00","breadcrumb":{"@id":"https:\/\/webknjizara.hr\/proizvod\/prirucnik-za-trenere-vaterpola-od-teorije-do-bazena-crno-bijeli-tisak-neven-kovacevic\/#breadcrumb"},"inLanguage":"en-US","potentialAction":[{"@type":"ReadAction","target":["https:\/\/webknjizara.hr\/proizvod\/prirucnik-za-trenere-vaterpola-od-teorije-do-bazena-crno-bijeli-tisak-neven-kovacevic\/"]}]},{"@type":"ImageObject","inLanguage":"en-US","@id":"https:\/\/webknjizara.hr\/proizvod\/prirucnik-za-trenere-vaterpola-od-teorije-do-bazena-crno-bijeli-tisak-neven-kovacevic\/#primaryimage","url":"https:\/\/webknjizara.hr\/wp-content\/uploads\/2025\/10\/Neven_Kovacevic_Prirucnik_za_trenere_vaterpola_-_Od_teorije_do_bazena_cb_webknjizara_redak_WEB_1766.jpg","contentUrl":"https:\/\/webknjizara.hr\/wp-content\/uploads\/2025\/10\/Neven_Kovacevic_Prirucnik_za_trenere_vaterpola_-_Od_teorije_do_bazena_cb_webknjizara_redak_WEB_1766.jpg","width":1772,"height":2473,"caption":"PRIRU\u010cNIK ZA TRENERE VATERPOLA - OD TEORIJE DO BAZENA (CRNO-BIJELI TISAK), Neven Kova\u010devi\u0107"},{"@type":"BreadcrumbList","@id":"https:\/\/webknjizara.hr\/proizvod\/prirucnik-za-trenere-vaterpola-od-teorije-do-bazena-crno-bijeli-tisak-neven-kovacevic\/#breadcrumb","itemListElement":[{"@type":"ListItem","position":1,"name":"Po\u010detna stranica","item":"https:\/\/webknjizara.hr\/en\/"},{"@type":"ListItem","position":2,"name":"Shop","item":"https:\/\/webknjizara.hr\/shop\/"},{"@type":"ListItem","position":3,"name":"PRIRU\u010cNIK ZA TRENERE VATERPOLA &#8211; OD TEORIJE DO BAZENA (CRNO-BIJELI TISAK), Neven Kova\u010devi\u0107"}]},{"@type":"WebSite","@id":"https:\/\/webknjizara.hr\/#website","url":"https:\/\/webknjizara.hr\/","name":"Web Knji\u017eara","description":"","publisher":{"@id":"https:\/\/webknjizara.hr\/#organization"},"potentialAction":[{"@type":"SearchAction","target":{"@type":"EntryPoint","urlTemplate":"https:\/\/webknjizara.hr\/?s={search_term_string}"},"query-input":{"@type":"PropertyValueSpecification","valueRequired":true,"valueName":"search_term_string"}}],"inLanguage":"en-US"},{"@type":"Organization","@id":"https:\/\/webknjizara.hr\/#organization","name":"REDAK D.O.O.","url":"https:\/\/webknjizara.hr\/","logo":{"@type":"ImageObject","inLanguage":"en-US","@id":"https:\/\/webknjizara.hr\/#\/schema\/logo\/image\/","url":"https:\/\/webknjizara.hr\/wp-content\/uploads\/2023\/01\/web-knjizara-logo.webp","contentUrl":"https:\/\/webknjizara.hr\/wp-content\/uploads\/2023\/01\/web-knjizara-logo.webp","width":324,"height":79,"caption":"REDAK D.O.O."},"image":{"@id":"https:\/\/webknjizara.hr\/#\/schema\/logo\/image\/"}}]}},"_links":{"self":[{"href":"https:\/\/webknjizara.hr\/en\/wp-json\/wp\/v2\/product\/20241","targetHints":{"allow":["GET"]}}],"collection":[{"href":"https:\/\/webknjizara.hr\/en\/wp-json\/wp\/v2\/product"}],"about":[{"href":"https:\/\/webknjizara.hr\/en\/wp-json\/wp\/v2\/types\/product"}],"replies":[{"embeddable":true,"href":"https:\/\/webknjizara.hr\/en\/wp-json\/wp\/v2\/comments?post=20241"}],"wp:featuredmedia":[{"embeddable":true,"href":"https:\/\/webknjizara.hr\/en\/wp-json\/wp\/v2\/media\/20242"}],"wp:attachment":[{"href":"https:\/\/webknjizara.hr\/en\/wp-json\/wp\/v2\/media?parent=20241"}],"wp:term":[{"taxonomy":"product_brand","embeddable":true,"href":"https:\/\/webknjizara.hr\/en\/wp-json\/wp\/v2\/product_brand?post=20241"},{"taxonomy":"product_cat","embeddable":true,"href":"https:\/\/webknjizara.hr\/en\/wp-json\/wp\/v2\/product_cat?post=20241"},{"taxonomy":"product_tag","embeddable":true,"href":"https:\/\/webknjizara.hr\/en\/wp-json\/wp\/v2\/product_tag?post=20241"}],"curies":[{"name":"wp","href":"https:\/\/api.w.org\/{rel}","templated":true}]}}