{"id":20087,"date":"2025-09-18T23:24:34","date_gmt":"2025-09-18T21:24:34","guid":{"rendered":"https:\/\/webknjizara.hr\/?post_type=product&#038;p=20087"},"modified":"2025-09-18T23:24:34","modified_gmt":"2025-09-18T21:24:34","slug":"sablaznjenja-marin-tokic","status":"publish","type":"product","link":"https:\/\/webknjizara.hr\/en\/proizvod\/sablaznjenja-marin-tokic\/","title":{"rendered":"SABLA\u017dNJENJA, Marin Toki\u0107"},"content":{"rendered":"<p>\u201eSabla\u017enjenja\u201c su zbirka pjesama i misli teologa apostate, kategorijski smje\u0161tena izme\u0111u filozofske poezije, mra\u010dne lirike i religijske satire.<br \/>\nTo je zbirka kojoj je ono &#8216;sabla\u017enjivo&#8217; prije svega sredstvo za poticanje \u010ditatelja na razmi\u0161ljanje te za prikazivanje druk\u010dije vizije zbilje &#8211; vjerojatno neugodnije i opskurnije od one koju on poznaje.<\/p>\n<p><strong>Bilje\u0161ka o autoru: <\/strong><\/p>\n<p>Ro\u0111en je 1996. u Splitu. Nakon zavr\u0161ene srednje tehni\u010dke \u0161kole, upisuje filozofsko-teolo\u0161ki studij. Naslov magistra teologije stje\u010de 2020. Kao student je nagra\u0111en Rektorovom nagradom za izvrsnost, a primio je i dva fakultetska priznanja.<\/p>\n<p>Po zanimanju je soboslikar.<\/p>\n<p><strong>Klju\u010dne rije\u010di: <\/strong>Ateologija, mra\u010dna lirika, filozofija, satira, haiku, aforizmi, refleksije, dnevni\u010dka poezija.<\/p>\n<p><strong>Naslov: <\/strong>Sabla\u017enjenja<br \/>\n<strong>Autor:<\/strong> Marin Toki\u0107<br \/>\n<strong>Broj stranica: <\/strong>78<br \/>\n<strong>Nakladnik: <\/strong>REDAK<br \/>\n<strong>Godina izdanja: <\/strong>2025.<strong>.<br \/>\n<\/strong><strong>ISBN:<\/strong> 978-953-395-111-9<br \/>\n<strong>Tisak:<\/strong> digitalni tisak knjiga &#8211; print na zahtjev<\/p>\n","protected":false},"excerpt":{"rendered":"<p>\u201eSabla\u017enjenja\u201c su zbirka pjesama i misli teologa apostate, kategorijski smje\u0161tena izme\u0111u filozofske poezije, mra\u010dne lirike i religijske satire. To je zbirka kojoj je ono &#8216;sabla\u017enjivo&#8217; prije svega sredstvo za poticanje \u010ditatelja na razmi\u0161ljanje te za prikazivanje druk\u010dije vizije zbilje &#8211; vjerojatno neugodnije i opskurnije od one koju on poznaje. Bilje\u0161ka o autoru: Ro\u0111en je 1996. [&hellip;]<\/p>\n","protected":false},"featured_media":20088,"comment_status":"open","ping_status":"closed","template":"","meta":{"_acf_changed":false},"product_brand":[],"product_cat":[2527,1388],"product_tag":[],"class_list":{"0":"post-20087","1":"product","2":"type-product","3":"status-publish","4":"has-post-thumbnail","6":"product_cat-filozofija-svijesti","7":"product_cat-poezija","8":"pa_autor-marin-tokic","9":"pa_nakladnik-redak","11":"first","12":"instock","13":"shipping-taxable","14":"purchasable","15":"product-type-simple"},"acf":[],"yoast_head":"<!-- This site is optimized with the Yoast SEO plugin v27.3 - https:\/\/yoast.com\/product\/yoast-seo-wordpress\/ -->\n<title>SABLA\u017dNJENJA, Marin Toki\u0107 - Web-knji\u017eara<\/title>\n<meta name=\"robots\" content=\"index, follow, max-snippet:-1, max-image-preview:large, max-video-preview:-1\" \/>\n<link rel=\"canonical\" href=\"https:\/\/webknjizara.hr\/proizvod\/sablaznjenja-marin-tokic\/\" \/>\n<meta property=\"og:locale\" content=\"en_US\" \/>\n<meta property=\"og:type\" content=\"article\" \/>\n<meta property=\"og:title\" content=\"SABLA\u017dNJENJA, Marin Toki\u0107 - Web-knji\u017eara\" \/>\n<meta property=\"og:description\" content=\"\u201eSabla\u017enjenja\u201c su zbirka pjesama i misli teologa apostate, kategorijski smje\u0161tena izme\u0111u filozofske poezije, mra\u010dne lirike i religijske satire. To je zbirka kojoj je ono &#8216;sabla\u017enjivo&#8217; prije svega sredstvo za poticanje \u010ditatelja na razmi\u0161ljanje te za prikazivanje druk\u010dije vizije zbilje &#8211; vjerojatno neugodnije i opskurnije od one koju on poznaje. Bilje\u0161ka o autoru: Ro\u0111en je 1996. [&hellip;]\" \/>\n<meta property=\"og:url\" content=\"https:\/\/webknjizara.hr\/proizvod\/sablaznjenja-marin-tokic\/\" \/>\n<meta property=\"og:site_name\" content=\"Web-knji\u017eara\" \/>\n<meta property=\"og:image\" content=\"https:\/\/webknjizara.hr\/wp-content\/uploads\/2025\/09\/Marin_Tokic_Sablaznjenja_webknjizara_redak_WEB_1755.jpg\" \/>\n\t<meta property=\"og:image:width\" content=\"300\" \/>\n\t<meta property=\"og:image:height\" content=\"419\" \/>\n\t<meta property=\"og:image:type\" content=\"image\/jpeg\" \/>\n<meta name=\"twitter:card\" content=\"summary_large_image\" \/>\n<meta name=\"twitter:label1\" content=\"Est. reading time\" \/>\n\t<meta name=\"twitter:data1\" content=\"1 minute\" \/>\n<script type=\"application\/ld+json\" class=\"yoast-schema-graph\">{\"@context\":\"https:\\\/\\\/schema.org\",\"@graph\":[{\"@type\":\"WebPage\",\"@id\":\"https:\\\/\\\/webknjizara.hr\\\/proizvod\\\/sablaznjenja-marin-tokic\\\/\",\"url\":\"https:\\\/\\\/webknjizara.hr\\\/proizvod\\\/sablaznjenja-marin-tokic\\\/\",\"name\":\"SABLA\u017dNJENJA, Marin Toki\u0107 - Web-knji\u017eara\",\"isPartOf\":{\"@id\":\"https:\\\/\\\/webknjizara.hr\\\/#website\"},\"primaryImageOfPage\":{\"@id\":\"https:\\\/\\\/webknjizara.hr\\\/proizvod\\\/sablaznjenja-marin-tokic\\\/#primaryimage\"},\"image\":{\"@id\":\"https:\\\/\\\/webknjizara.hr\\\/proizvod\\\/sablaznjenja-marin-tokic\\\/#primaryimage\"},\"thumbnailUrl\":\"https:\\\/\\\/webknjizara.hr\\\/wp-content\\\/uploads\\\/2025\\\/09\\\/Marin_Tokic_Sablaznjenja_webknjizara_redak_WEB_1755.jpg\",\"datePublished\":\"2025-09-18T21:24:34+00:00\",\"breadcrumb\":{\"@id\":\"https:\\\/\\\/webknjizara.hr\\\/proizvod\\\/sablaznjenja-marin-tokic\\\/#breadcrumb\"},\"inLanguage\":\"en-US\",\"potentialAction\":[{\"@type\":\"ReadAction\",\"target\":[\"https:\\\/\\\/webknjizara.hr\\\/proizvod\\\/sablaznjenja-marin-tokic\\\/\"]}]},{\"@type\":\"ImageObject\",\"inLanguage\":\"en-US\",\"@id\":\"https:\\\/\\\/webknjizara.hr\\\/proizvod\\\/sablaznjenja-marin-tokic\\\/#primaryimage\",\"url\":\"https:\\\/\\\/webknjizara.hr\\\/wp-content\\\/uploads\\\/2025\\\/09\\\/Marin_Tokic_Sablaznjenja_webknjizara_redak_WEB_1755.jpg\",\"contentUrl\":\"https:\\\/\\\/webknjizara.hr\\\/wp-content\\\/uploads\\\/2025\\\/09\\\/Marin_Tokic_Sablaznjenja_webknjizara_redak_WEB_1755.jpg\",\"width\":300,\"height\":419,\"caption\":\"SABLA\u017dNJENJA, Marin Toki\u0107\"},{\"@type\":\"BreadcrumbList\",\"@id\":\"https:\\\/\\\/webknjizara.hr\\\/proizvod\\\/sablaznjenja-marin-tokic\\\/#breadcrumb\",\"itemListElement\":[{\"@type\":\"ListItem\",\"position\":1,\"name\":\"Po\u010detna stranica\",\"item\":\"https:\\\/\\\/webknjizara.hr\\\/en\\\/\"},{\"@type\":\"ListItem\",\"position\":2,\"name\":\"Shop\",\"item\":\"https:\\\/\\\/webknjizara.hr\\\/shop\\\/\"},{\"@type\":\"ListItem\",\"position\":3,\"name\":\"SABLA\u017dNJENJA, Marin Toki\u0107\"}]},{\"@type\":\"WebSite\",\"@id\":\"https:\\\/\\\/webknjizara.hr\\\/#website\",\"url\":\"https:\\\/\\\/webknjizara.hr\\\/\",\"name\":\"Web Knji\u017eara\",\"description\":\"\",\"publisher\":{\"@id\":\"https:\\\/\\\/webknjizara.hr\\\/#organization\"},\"potentialAction\":[{\"@type\":\"SearchAction\",\"target\":{\"@type\":\"EntryPoint\",\"urlTemplate\":\"https:\\\/\\\/webknjizara.hr\\\/?s={search_term_string}\"},\"query-input\":{\"@type\":\"PropertyValueSpecification\",\"valueRequired\":true,\"valueName\":\"search_term_string\"}}],\"inLanguage\":\"en-US\"},{\"@type\":\"Organization\",\"@id\":\"https:\\\/\\\/webknjizara.hr\\\/#organization\",\"name\":\"REDAK D.O.O.\",\"url\":\"https:\\\/\\\/webknjizara.hr\\\/\",\"logo\":{\"@type\":\"ImageObject\",\"inLanguage\":\"en-US\",\"@id\":\"https:\\\/\\\/webknjizara.hr\\\/#\\\/schema\\\/logo\\\/image\\\/\",\"url\":\"https:\\\/\\\/webknjizara.hr\\\/wp-content\\\/uploads\\\/2023\\\/01\\\/web-knjizara-logo.webp\",\"contentUrl\":\"https:\\\/\\\/webknjizara.hr\\\/wp-content\\\/uploads\\\/2023\\\/01\\\/web-knjizara-logo.webp\",\"width\":324,\"height\":79,\"caption\":\"REDAK D.O.O.\"},\"image\":{\"@id\":\"https:\\\/\\\/webknjizara.hr\\\/#\\\/schema\\\/logo\\\/image\\\/\"}}]}<\/script>\n<!-- \/ Yoast SEO plugin. -->","yoast_head_json":{"title":"SABLA\u017dNJENJA, Marin Toki\u0107 - Web-knji\u017eara","robots":{"index":"index","follow":"follow","max-snippet":"max-snippet:-1","max-image-preview":"max-image-preview:large","max-video-preview":"max-video-preview:-1"},"canonical":"https:\/\/webknjizara.hr\/proizvod\/sablaznjenja-marin-tokic\/","og_locale":"en_US","og_type":"article","og_title":"SABLA\u017dNJENJA, Marin Toki\u0107 - Web-knji\u017eara","og_description":"\u201eSabla\u017enjenja\u201c su zbirka pjesama i misli teologa apostate, kategorijski smje\u0161tena izme\u0111u filozofske poezije, mra\u010dne lirike i religijske satire. To je zbirka kojoj je ono &#8216;sabla\u017enjivo&#8217; prije svega sredstvo za poticanje \u010ditatelja na razmi\u0161ljanje te za prikazivanje druk\u010dije vizije zbilje &#8211; vjerojatno neugodnije i opskurnije od one koju on poznaje. Bilje\u0161ka o autoru: Ro\u0111en je 1996. [&hellip;]","og_url":"https:\/\/webknjizara.hr\/proizvod\/sablaznjenja-marin-tokic\/","og_site_name":"Web-knji\u017eara","og_image":[{"width":300,"height":419,"url":"https:\/\/webknjizara.hr\/wp-content\/uploads\/2025\/09\/Marin_Tokic_Sablaznjenja_webknjizara_redak_WEB_1755.jpg","type":"image\/jpeg"}],"twitter_card":"summary_large_image","twitter_misc":{"Est. reading time":"1 minute"},"schema":{"@context":"https:\/\/schema.org","@graph":[{"@type":"WebPage","@id":"https:\/\/webknjizara.hr\/proizvod\/sablaznjenja-marin-tokic\/","url":"https:\/\/webknjizara.hr\/proizvod\/sablaznjenja-marin-tokic\/","name":"SABLA\u017dNJENJA, Marin Toki\u0107 - Web-knji\u017eara","isPartOf":{"@id":"https:\/\/webknjizara.hr\/#website"},"primaryImageOfPage":{"@id":"https:\/\/webknjizara.hr\/proizvod\/sablaznjenja-marin-tokic\/#primaryimage"},"image":{"@id":"https:\/\/webknjizara.hr\/proizvod\/sablaznjenja-marin-tokic\/#primaryimage"},"thumbnailUrl":"https:\/\/webknjizara.hr\/wp-content\/uploads\/2025\/09\/Marin_Tokic_Sablaznjenja_webknjizara_redak_WEB_1755.jpg","datePublished":"2025-09-18T21:24:34+00:00","breadcrumb":{"@id":"https:\/\/webknjizara.hr\/proizvod\/sablaznjenja-marin-tokic\/#breadcrumb"},"inLanguage":"en-US","potentialAction":[{"@type":"ReadAction","target":["https:\/\/webknjizara.hr\/proizvod\/sablaznjenja-marin-tokic\/"]}]},{"@type":"ImageObject","inLanguage":"en-US","@id":"https:\/\/webknjizara.hr\/proizvod\/sablaznjenja-marin-tokic\/#primaryimage","url":"https:\/\/webknjizara.hr\/wp-content\/uploads\/2025\/09\/Marin_Tokic_Sablaznjenja_webknjizara_redak_WEB_1755.jpg","contentUrl":"https:\/\/webknjizara.hr\/wp-content\/uploads\/2025\/09\/Marin_Tokic_Sablaznjenja_webknjizara_redak_WEB_1755.jpg","width":300,"height":419,"caption":"SABLA\u017dNJENJA, Marin Toki\u0107"},{"@type":"BreadcrumbList","@id":"https:\/\/webknjizara.hr\/proizvod\/sablaznjenja-marin-tokic\/#breadcrumb","itemListElement":[{"@type":"ListItem","position":1,"name":"Po\u010detna stranica","item":"https:\/\/webknjizara.hr\/en\/"},{"@type":"ListItem","position":2,"name":"Shop","item":"https:\/\/webknjizara.hr\/shop\/"},{"@type":"ListItem","position":3,"name":"SABLA\u017dNJENJA, Marin Toki\u0107"}]},{"@type":"WebSite","@id":"https:\/\/webknjizara.hr\/#website","url":"https:\/\/webknjizara.hr\/","name":"Web Knji\u017eara","description":"","publisher":{"@id":"https:\/\/webknjizara.hr\/#organization"},"potentialAction":[{"@type":"SearchAction","target":{"@type":"EntryPoint","urlTemplate":"https:\/\/webknjizara.hr\/?s={search_term_string}"},"query-input":{"@type":"PropertyValueSpecification","valueRequired":true,"valueName":"search_term_string"}}],"inLanguage":"en-US"},{"@type":"Organization","@id":"https:\/\/webknjizara.hr\/#organization","name":"REDAK D.O.O.","url":"https:\/\/webknjizara.hr\/","logo":{"@type":"ImageObject","inLanguage":"en-US","@id":"https:\/\/webknjizara.hr\/#\/schema\/logo\/image\/","url":"https:\/\/webknjizara.hr\/wp-content\/uploads\/2023\/01\/web-knjizara-logo.webp","contentUrl":"https:\/\/webknjizara.hr\/wp-content\/uploads\/2023\/01\/web-knjizara-logo.webp","width":324,"height":79,"caption":"REDAK D.O.O."},"image":{"@id":"https:\/\/webknjizara.hr\/#\/schema\/logo\/image\/"}}]}},"_links":{"self":[{"href":"https:\/\/webknjizara.hr\/en\/wp-json\/wp\/v2\/product\/20087","targetHints":{"allow":["GET"]}}],"collection":[{"href":"https:\/\/webknjizara.hr\/en\/wp-json\/wp\/v2\/product"}],"about":[{"href":"https:\/\/webknjizara.hr\/en\/wp-json\/wp\/v2\/types\/product"}],"replies":[{"embeddable":true,"href":"https:\/\/webknjizara.hr\/en\/wp-json\/wp\/v2\/comments?post=20087"}],"wp:featuredmedia":[{"embeddable":true,"href":"https:\/\/webknjizara.hr\/en\/wp-json\/wp\/v2\/media\/20088"}],"wp:attachment":[{"href":"https:\/\/webknjizara.hr\/en\/wp-json\/wp\/v2\/media?parent=20087"}],"wp:term":[{"taxonomy":"product_brand","embeddable":true,"href":"https:\/\/webknjizara.hr\/en\/wp-json\/wp\/v2\/product_brand?post=20087"},{"taxonomy":"product_cat","embeddable":true,"href":"https:\/\/webknjizara.hr\/en\/wp-json\/wp\/v2\/product_cat?post=20087"},{"taxonomy":"product_tag","embeddable":true,"href":"https:\/\/webknjizara.hr\/en\/wp-json\/wp\/v2\/product_tag?post=20087"}],"curies":[{"name":"wp","href":"https:\/\/api.w.org\/{rel}","templated":true}]}}