{"id":20074,"date":"2025-09-17T22:49:21","date_gmt":"2025-09-17T20:49:21","guid":{"rendered":"https:\/\/webknjizara.hr\/?post_type=product&#038;p=20074"},"modified":"2025-09-17T22:49:21","modified_gmt":"2025-09-17T20:49:21","slug":"snjezna-kugla-jasna-popovic-poje","status":"publish","type":"product","link":"https:\/\/webknjizara.hr\/en\/proizvod\/snjezna-kugla-jasna-popovic-poje\/","title":{"rendered":"SNJE\u017dNA KUGLA, Jasna Popovi\u0107 Poje"},"content":{"rendered":"<p><strong><em>Milena Lovri\u0107, urednica bloga Veli\u010danstvena knjiga, napisala je nekoliko rije\u010di o knjizi:<\/em><\/strong><\/p>\n<p><em>Snje\u017ena kugla<\/em> je zbirka proze u stihovima koja \u0107e vas, dragi \u010ditatelji, svojom \u010darolijom provesti kroz sva \u010detiri godi\u0161nja doba.<\/p>\n<p>Ovim stihovima autorica odaje po\u010dast svim onim trenucima koji su tijekom \u017eivota na nju ostavili trag. U moru sje\u0107anja i emocija, otkrivamo jednu bogatu \u017eivotnu riznicu.<\/p>\n<p>No, kada \u017eivot postane presurov i te\u017eak, nastupa veli\u010danstvena predstava staklenih kugli. One su neprocjenjivo blago koje za\u010das otkrivaju magi\u010dan trenutak Bo\u017ei\u0107a, potragu za Uskrsnim pisanicama, vrevu na morskom \u017ealu ili rominjanje jesenske ki\u0161e.<\/p>\n<p>Dovoljno ih je okrenuti i protresti i za tili \u010das pokrene se \u010darolija u kojoj \u0107ete zasigurno i vi u\u017eivati.<\/p>\n<p><em><strong>Kruno \u0160afrani\u0107, urednik stranice Pisci i Knji\u017eevnost, napisao je nekoliko rije\u010di o knjizi:<\/strong><\/em><\/p>\n<p>Ilustratorica je nacrtala premo\u0107nu ilustraciju koja prikazuje \u010detiri kugle, odnosno, \u010detiri godi\u0161nja doba. <em>Snje\u017ena kugla<\/em> je i naslov zbirke. Pomislili bismo da to godi\u0161nje doba najvi\u0161e prevladava u stihovima, ali sva \u010detiri podjednako prevladavaju.<\/p>\n<p>Jasna Popovi\u0107 Poje za \u017eivota je stekla puno \u017eivotnih mudrosti, puno je toga pro\u0161la, osjetila na vlastitoj ko\u017ei, ono dobro i ono lo\u0161e. U <em>Snje\u017enoj kugli<\/em> sro\u010dila je jedan cijeli svoj \u017eivotni ciklus, svoje tragove iz \u017eivota, kako je kora\u010dala kroz \u017eivot, poput vremeplova, malo nazad, malo naprijed&#8230; Sve je to objedinila u pjesmama i povela nas na putovanje kroz pjesmu. \u010citaju\u0107i i putuju\u0107i njezinim vremeplovom, osjetiti \u0107emo na svojoj ko\u017ei kako ki\u0161a pada, kako nas dodiruje, mo\u017eemo \u010duti \u0161u\u0161tanje li\u0161\u0107a&#8230; Toliko je to dobro do\u010darala u stihovima. Osim boje, zvukova i dodira, vje\u0161to barata i dijalektom. Prikaz toga mo\u017eemo prona\u0107i u predivnoj pjesmi <em>K<\/em><em>artolina za moju Iri:<\/em><\/p>\n<p>Iris, ovo ljeto ne\u0107u u Split. <em>\u0160<\/em><em>\u0107eta<\/em>.<\/p>\n<p>Ne\u0107u s tobom \u0161etati <em>skalama<\/em> Firula<\/p>\n<p>niti sun\u010dati se na <em>pr\u017eini<\/em> Ba\u010dvica,<\/p>\n<p>igrati s tobom <em>picigin s balunom<\/em><\/p>\n<p>i gledati zalaske sunca uz kliktaj galeba.<\/p>\n<p>Svi\u0111a mi se kako svaku pjesmu do\u010dara na njezin poseban na\u010din, svojim originalnim stilom pisanja i svakoj pjesmi daje svoj pe\u010dat, svoj potpis. Pjesme ostavljaju tragove, ostaju upam\u0107ene, stihova se mo\u017eemo prisjetiti u mislima i jo\u0161 dugo nakon \u0161to zatvorimo ovu knjigu. Jer ovo su pjesme koje su zbilja posebne, koje svakako preporu\u010dam za \u010ditanje.<\/p>\n<p>Moje iskrene preporuke. Ugodno \u010ditanje!<\/p>\n<p>Preporuka: Kruno \u0160afrani\u0107, urednik stranice Pisci i knji\u017eevnost<\/p>\n<p><strong>Bilje\u0161ka o autorici: <\/strong><\/p>\n<p>Jasna Popovi\u0107 Poje ro\u0111ena je 1958. u <em>\u00a0<\/em>Novskoj,<em>\u00a0 <\/em>gdje je zavr\u0161ila osnovnu \u0161kolu i gimnaziju<strong><em>,<\/em><\/strong> a Pedago\u0161ku akademiju u Petrinji. Kao u\u010diteljica razredne nastave, bila je zaposlena u Osnovnoj \u0161koli Novska, sve do umirovljenja 2020. Kao dugogodi\u0161nja mentorica i spisateljica, prenijela je na svoje u\u010denike ljubav prema knji\u017eevnosti, pa je nekoliko godina ure\u0111ivala emisiju za djecu na Radijskoj postaji Novska <em>Dje\u010dji kutak<\/em>, a potom je tako\u0111er dugi niz godina vodila izvannastavnu aktivnost <em>Mali hai\u0111ini<\/em> s kojima je sudjelovala na me\u0111unarodnim natje\u010dajima i osvajala mnogobrojna\u00a0 priznanja i nagrade. Tako su ona i njezini u\u010denici 2015. osvojili 1. nagradu na me\u0111unarodnom haiku-natje\u010daju <em>Matshuo Basho Award Contest <\/em>u Italiji. Godinama je objavljivala radove u dje\u010djim \u010dasopisima, a njezine pjesme, pri\u010de i igrokazi nalaze se u mnogobrojnim \u010ditankama, po\u010detnicama, vje\u017ebenicama, nastavnim listi\u0107ima i priru\u010dnicima te se objavljuju u e-izdanjima kao digitalni obrazovni sadr\u017eaji. Mnogobrojna priznanja i nagrade dobila je za svoje haiku uratke, ali i pjesme (natje\u010daji <em>Z. Golob, Erato, PIK-Poezija zlatnih stihova<\/em>). Zajedno s u\u010denicima nalazi se u mno\u0161tvu me\u0111unarodnih haiku-antologija, \u010dasopisa i zbornika. Njezine radove objavili su mnogi \u010dasopisi za kulturu, umjetnost i knji\u017eevnost kao primjerice <em>Maruli\u0107, Vijenac, Hrvatsko slovo, Knji\u017eevna revija, Knji\u017eevnost i dijete, Moslava\u010dko zrcalo, Kvaka, Mali Pero <\/em>(internetski \u010dasopis DHKDM), a bila je i dugogodi\u0161nja suradnica <em>\u0160kolskih novina.<\/em> Recenzentica je nekoliko knjiga, a tako\u0111er je napisala nekoliko osvrta na knji\u017eevne tekstove. Otkada je u mirovini, sve vi\u0161e radi tu\u0161-hajge i objavljuje ih na hrvatskim i svjetskim blogovima te u me\u0111unarodnim \u010dasopisima. Ilustratorica je haiku-antologije <em>Vugin pjev<\/em>. U studenom 2024., <em>GK\u010c Ante Jagar<\/em> u Novskoj organizirala joj je izlo\u017ebu crno-bijelih tu\u0161-hajgi kojom je obilje\u017eila 25. godina haiku-stvarala\u0161tva. 2015. primila je pisano Priznanje Grada Novske za knji\u017eevno stvarala\u0161tvo.<\/p>\n<p><strong>\u010clanstvo:\u00a0\u00a0\u00a0\u00a0\u00a0\u00a0\u00a0\u00a0\u00a0\u00a0\u00a0\u00a0\u00a0\u00a0\u00a0\u00a0\u00a0\u00a0\u00a0\u00a0\u00a0\u00a0\u00a0\u00a0\u00a0\u00a0\u00a0\u00a0\u00a0\u00a0\u00a0\u00a0\u00a0\u00a0\u00a0\u00a0\u00a0\u00a0\u00a0\u00a0\u00a0\u00a0\u00a0\u00a0\u00a0\u00a0\u00a0\u00a0\u00a0\u00a0\u00a0\u00a0\u00a0\u00a0\u00a0\u00a0\u00a0\u00a0\u00a0\u00a0\u00a0\u00a0\u00a0\u00a0\u00a0\u00a0\u00a0\u00a0\u00a0\u00a0\u00a0\u00a0\u00a0\u00a0\u00a0\u00a0\u00a0\u00a0\u00a0\u00a0\u00a0\u00a0\u00a0\u00a0\u00a0\u00a0\u00a0\u00a0\u00a0\u00a0\u00a0\u00a0\u00a0\u00a0\u00a0\u00a0\u00a0\u00a0\u00a0\u00a0\u00a0\u00a0\u00a0\u00a0\u00a0\u00a0\u00a0\u00a0\u00a0\u00a0\u00a0\u00a0\u00a0\u00a0\u00a0\u00a0\u00a0\u00a0\u00a0\u00a0\u00a0\u00a0\u00a0\u00a0\u00a0\u00a0\u00a0\u00a0\u00a0\u00a0\u00a0\u00a0\u00a0\u00a0\u00a0\u00a0\u00a0\u00a0\u00a0\u00a0\u00a0\u00a0\u00a0\u00a0\u00a0\u00a0\u00a0\u00a0\u00a0\u00a0\u00a0\u00a0\u00a0\u00a0\u00a0\u00a0\u00a0\u00a0\u00a0\u00a0\u00a0\u00a0\u00a0\u00a0\u00a0\u00a0\u00a0\u00a0\u00a0\u00a0\u00a0\u00a0\u00a0\u00a0\u00a0\u00a0\u00a0\u00a0\u00a0\u00a0\u00a0\u00a0\u00a0\u00a0\u00a0 DHK <\/strong><\/p>\n<p><strong>DHKDM<\/strong><\/p>\n<p><strong>MH &#8211;\u00a0 Ogranak u Novskoj<\/strong><\/p>\n<p><strong>UHTS \u2013 svjetska udruga haiku i tanka pjesnika<em>\u00a0\u00a0\u00a0\u00a0\u00a0\u00a0\u00a0\u00a0\u00a0\u00a0 <\/em><\/strong><\/p>\n<p><strong>ODHKSM\u017d (2019. \u2013 2023.) Ogranak DHK Sisa\u010dko-moslava\u010dke \u017eupanije<\/strong><\/p>\n<p><strong>BIBLIOGRAFIJA\u00a0 <\/strong><\/p>\n<p>* <em>Ljetna nostalgija jedne u\u010diteljice<\/em>, Gradsko poglavarstvo grada Novske, 1996. (pjesme)<br \/>\n* <em>\u010cim \u0161kolski<\/em><em> autobus zaspi<\/em>, Gradska knji\u017enica i \u010ditaonica Ante Jagar, 2000. (pjesme za djecu)<br \/>\n* <em>Tajanini ogrci<\/em>, Ogranak Matice hrvatske Novska, 2004. (ilustrirane pri\u010de za djecu)<br \/>\n* <em>Zubi\u0107 u jabuci<\/em>, Ogranak Matice hrvatske Novska, 2006. (haiku-dnevnik o prva\u0161ima)<br \/>\n* <em>\u0160estar koji nije volio kru\u017enice<\/em>, Ogranak Matice hrvatske Novska, 2006. (kratke pri\u010de za djecu)<br \/>\n* <em>Skok udalj zgr\u010dno<\/em>, Ogranak Matice hrvatske u Novskoj, 2009. (novelete jednog desetogodi\u0161njaka)<br \/>\n* <em>Muha u \u010detvrtom A<\/em><em>,<\/em> Arca d.o.o. Nova Gradi\u0161ka, 2010. (haiku-dnevnik o \u010detvrta\u0161ima)<br \/>\n* <em>Smjehokazi,<\/em> Spiritus\u00a0 Movens Kutina, 2014. (zbirka igrokaza za djecu), 2015.<br \/>\n* <em>Nov\u010di\u0107 u \u201eogrc\u201c fontani,<\/em> Spiritus Movens, Kutina, (zbirka haikua i haibuna), 2015.<br \/>\n*<em>Ba\u0161 ho\u0107u, ba\u0161 ne\u0107u,<\/em> Ogranak Matice hrvatske u Novskoj, 2017. (zbirka pjesama i igrokaza za djecu)<br \/>\n* <em>Izbor poezije i proze za djecu,<\/em> vlastita naklada. 2022.<br \/>\n* <em>U stolici za ljuljanje s okvirom od breze, <\/em>vlastita naklada, 2024. (pjesme)<br \/>\n<em>* Vugin pjev,<\/em> haiku antologija. 2023. (Udruga <em>Tri rijeke<\/em> Otoka Ivani\u0107a) \u2013 ilustratorica<br \/>\n* <em>Smjehokazi 2, <\/em>e-knjiga<em>,<\/em>\u00a0 Book Creator, kreirao Bojan Ili\u010di\u0107, listopad 2024. (digitalna zbirka igrokaza za djecu)<em><strong>\u00a0 \u00a0 \u00a0 \u00a0 \u00a0 \u00a0 \u00a0<\/strong><\/em><strong>\u00a0\u00a0\u00a0\u00a0\u00a0\u00a0\u00a0\u00a0\u00a0\u00a0\u00a0\u00a0\u00a0\u00a0\u00a0\u00a0\u00a0\u00a0\u00a0\u00a0\u00a0\u00a0\u00a0\u00a0\u00a0\u00a0\u00a0\u00a0\u00a0\u00a0\u00a0\u00a0\u00a0\u00a0\u00a0\u00a0\u00a0\u00a0\u00a0\u00a0\u00a0\u00a0\u00a0\u00a0\u00a0\u00a0\u00a0\u00a0\u00a0\u00a0\u00a0\u00a0\u00a0\u00a0\u00a0\u00a0\u00a0\u00a0\u00a0\u00a0\u00a0\u00a0\u00a0\u00a0\u00a0\u00a0\u00a0\u00a0\u00a0\u00a0\u00a0\u00a0\u00a0\u00a0\u00a0\u00a0\u00a0\u00a0\u00a0\u00a0\u00a0\u00a0\u00a0\u00a0\u00a0\u00a0\u00a0\u00a0\u00a0\u00a0<\/strong><br \/>\n* U pripremi: Jasna Popovi\u0107 Poje \u2013 Daniela Vukovi\u0107: <em>Tajana na Lukovu <\/em>(ilustrirane pri\u010de<\/p>\n<p><strong>Klju\u010dne rije\u010di: <\/strong>Jasna Popovi\u0107 Poje, poezija, snje\u017ena, kugla, stihovi<\/p>\n<p><strong>E-mail: <\/strong><a href=\"mailto:jasnapopovicpoje@gmail.com\">Jasna Popovi\u0107 Poje<\/a><\/p>\n<p><strong>Naslov: <\/strong>Snje\u017ena kugla<br \/>\n<strong>Autorica:<\/strong><br \/>\n<strong>Broj stranica: <\/strong>76<br \/>\n<strong>Nakladnik: <\/strong>REDAK<br \/>\n<strong>Godina izdanja: <\/strong>2025.<strong>.<br \/>\n<\/strong><strong>ISBN:<\/strong> 978-953-395-107-2<br \/>\n<strong>Tisak:<\/strong> digitalni tisak knjiga &#8211; print na zahtjev<\/p>\n","protected":false},"excerpt":{"rendered":"<p>Milena Lovri\u0107, urednica bloga Veli\u010danstvena knjiga, napisala je nekoliko rije\u010di o knjizi: Snje\u017ena kugla je zbirka proze u stihovima koja \u0107e vas, dragi \u010ditatelji, svojom \u010darolijom provesti kroz sva \u010detiri godi\u0161nja doba. Ovim stihovima autorica odaje po\u010dast svim onim trenucima koji su tijekom \u017eivota na nju ostavili trag. U moru sje\u0107anja i emocija, otkrivamo jednu [&hellip;]<\/p>\n","protected":false},"featured_media":20075,"comment_status":"open","ping_status":"closed","template":"","meta":{"_acf_changed":false},"product_brand":[],"product_cat":[1388],"product_tag":[],"class_list":{"0":"post-20074","1":"product","2":"type-product","3":"status-publish","4":"has-post-thumbnail","6":"product_cat-poezija","7":"pa_autor-jasna-popovic-poje","8":"pa_nakladnik-redak","10":"first","11":"instock","12":"shipping-taxable","13":"purchasable","14":"product-type-simple"},"acf":[],"yoast_head":"<!-- This site is optimized with the Yoast SEO plugin v27.3 - https:\/\/yoast.com\/product\/yoast-seo-wordpress\/ -->\n<title>SNJE\u017dNA KUGLA, Jasna Popovi\u0107 Poje - Web-knji\u017eara<\/title>\n<meta name=\"robots\" content=\"index, follow, max-snippet:-1, max-image-preview:large, max-video-preview:-1\" \/>\n<link rel=\"canonical\" href=\"https:\/\/webknjizara.hr\/proizvod\/snjezna-kugla-jasna-popovic-poje\/\" \/>\n<meta property=\"og:locale\" content=\"en_US\" \/>\n<meta property=\"og:type\" content=\"article\" \/>\n<meta property=\"og:title\" content=\"SNJE\u017dNA KUGLA, Jasna Popovi\u0107 Poje - Web-knji\u017eara\" \/>\n<meta property=\"og:description\" content=\"Milena Lovri\u0107, urednica bloga Veli\u010danstvena knjiga, napisala je nekoliko rije\u010di o knjizi: Snje\u017ena kugla je zbirka proze u stihovima koja \u0107e vas, dragi \u010ditatelji, svojom \u010darolijom provesti kroz sva \u010detiri godi\u0161nja doba. Ovim stihovima autorica odaje po\u010dast svim onim trenucima koji su tijekom \u017eivota na nju ostavili trag. U moru sje\u0107anja i emocija, otkrivamo jednu [&hellip;]\" \/>\n<meta property=\"og:url\" content=\"https:\/\/webknjizara.hr\/proizvod\/snjezna-kugla-jasna-popovic-poje\/\" \/>\n<meta property=\"og:site_name\" content=\"Web-knji\u017eara\" \/>\n<meta property=\"og:image\" content=\"https:\/\/webknjizara.hr\/wp-content\/uploads\/2025\/09\/Jasna_Popovic_Poje_Snjezna_kugla_webknjizara_redak_WEB_1750.jpg\" \/>\n\t<meta property=\"og:image:width\" content=\"300\" \/>\n\t<meta property=\"og:image:height\" content=\"419\" \/>\n\t<meta property=\"og:image:type\" content=\"image\/jpeg\" \/>\n<meta name=\"twitter:card\" content=\"summary_large_image\" \/>\n<meta name=\"twitter:label1\" content=\"Est. reading time\" \/>\n\t<meta name=\"twitter:data1\" content=\"6 minutes\" \/>\n<script type=\"application\/ld+json\" class=\"yoast-schema-graph\">{\"@context\":\"https:\\\/\\\/schema.org\",\"@graph\":[{\"@type\":\"WebPage\",\"@id\":\"https:\\\/\\\/webknjizara.hr\\\/proizvod\\\/snjezna-kugla-jasna-popovic-poje\\\/\",\"url\":\"https:\\\/\\\/webknjizara.hr\\\/proizvod\\\/snjezna-kugla-jasna-popovic-poje\\\/\",\"name\":\"SNJE\u017dNA KUGLA, Jasna Popovi\u0107 Poje - Web-knji\u017eara\",\"isPartOf\":{\"@id\":\"https:\\\/\\\/webknjizara.hr\\\/#website\"},\"primaryImageOfPage\":{\"@id\":\"https:\\\/\\\/webknjizara.hr\\\/proizvod\\\/snjezna-kugla-jasna-popovic-poje\\\/#primaryimage\"},\"image\":{\"@id\":\"https:\\\/\\\/webknjizara.hr\\\/proizvod\\\/snjezna-kugla-jasna-popovic-poje\\\/#primaryimage\"},\"thumbnailUrl\":\"https:\\\/\\\/webknjizara.hr\\\/wp-content\\\/uploads\\\/2025\\\/09\\\/Jasna_Popovic_Poje_Snjezna_kugla_webknjizara_redak_WEB_1750.jpg\",\"datePublished\":\"2025-09-17T20:49:21+00:00\",\"breadcrumb\":{\"@id\":\"https:\\\/\\\/webknjizara.hr\\\/proizvod\\\/snjezna-kugla-jasna-popovic-poje\\\/#breadcrumb\"},\"inLanguage\":\"en-US\",\"potentialAction\":[{\"@type\":\"ReadAction\",\"target\":[\"https:\\\/\\\/webknjizara.hr\\\/proizvod\\\/snjezna-kugla-jasna-popovic-poje\\\/\"]}]},{\"@type\":\"ImageObject\",\"inLanguage\":\"en-US\",\"@id\":\"https:\\\/\\\/webknjizara.hr\\\/proizvod\\\/snjezna-kugla-jasna-popovic-poje\\\/#primaryimage\",\"url\":\"https:\\\/\\\/webknjizara.hr\\\/wp-content\\\/uploads\\\/2025\\\/09\\\/Jasna_Popovic_Poje_Snjezna_kugla_webknjizara_redak_WEB_1750.jpg\",\"contentUrl\":\"https:\\\/\\\/webknjizara.hr\\\/wp-content\\\/uploads\\\/2025\\\/09\\\/Jasna_Popovic_Poje_Snjezna_kugla_webknjizara_redak_WEB_1750.jpg\",\"width\":300,\"height\":419,\"caption\":\"SNJE\u017dNA KUGLA, Jasna Popovi\u0107 Poje\"},{\"@type\":\"BreadcrumbList\",\"@id\":\"https:\\\/\\\/webknjizara.hr\\\/proizvod\\\/snjezna-kugla-jasna-popovic-poje\\\/#breadcrumb\",\"itemListElement\":[{\"@type\":\"ListItem\",\"position\":1,\"name\":\"Po\u010detna stranica\",\"item\":\"https:\\\/\\\/webknjizara.hr\\\/en\\\/\"},{\"@type\":\"ListItem\",\"position\":2,\"name\":\"Shop\",\"item\":\"https:\\\/\\\/webknjizara.hr\\\/shop\\\/\"},{\"@type\":\"ListItem\",\"position\":3,\"name\":\"SNJE\u017dNA KUGLA, Jasna Popovi\u0107 Poje\"}]},{\"@type\":\"WebSite\",\"@id\":\"https:\\\/\\\/webknjizara.hr\\\/#website\",\"url\":\"https:\\\/\\\/webknjizara.hr\\\/\",\"name\":\"Web Knji\u017eara\",\"description\":\"\",\"publisher\":{\"@id\":\"https:\\\/\\\/webknjizara.hr\\\/#organization\"},\"potentialAction\":[{\"@type\":\"SearchAction\",\"target\":{\"@type\":\"EntryPoint\",\"urlTemplate\":\"https:\\\/\\\/webknjizara.hr\\\/?s={search_term_string}\"},\"query-input\":{\"@type\":\"PropertyValueSpecification\",\"valueRequired\":true,\"valueName\":\"search_term_string\"}}],\"inLanguage\":\"en-US\"},{\"@type\":\"Organization\",\"@id\":\"https:\\\/\\\/webknjizara.hr\\\/#organization\",\"name\":\"REDAK D.O.O.\",\"url\":\"https:\\\/\\\/webknjizara.hr\\\/\",\"logo\":{\"@type\":\"ImageObject\",\"inLanguage\":\"en-US\",\"@id\":\"https:\\\/\\\/webknjizara.hr\\\/#\\\/schema\\\/logo\\\/image\\\/\",\"url\":\"https:\\\/\\\/webknjizara.hr\\\/wp-content\\\/uploads\\\/2023\\\/01\\\/web-knjizara-logo.webp\",\"contentUrl\":\"https:\\\/\\\/webknjizara.hr\\\/wp-content\\\/uploads\\\/2023\\\/01\\\/web-knjizara-logo.webp\",\"width\":324,\"height\":79,\"caption\":\"REDAK D.O.O.\"},\"image\":{\"@id\":\"https:\\\/\\\/webknjizara.hr\\\/#\\\/schema\\\/logo\\\/image\\\/\"}}]}<\/script>\n<!-- \/ Yoast SEO plugin. -->","yoast_head_json":{"title":"SNJE\u017dNA KUGLA, Jasna Popovi\u0107 Poje - Web-knji\u017eara","robots":{"index":"index","follow":"follow","max-snippet":"max-snippet:-1","max-image-preview":"max-image-preview:large","max-video-preview":"max-video-preview:-1"},"canonical":"https:\/\/webknjizara.hr\/proizvod\/snjezna-kugla-jasna-popovic-poje\/","og_locale":"en_US","og_type":"article","og_title":"SNJE\u017dNA KUGLA, Jasna Popovi\u0107 Poje - Web-knji\u017eara","og_description":"Milena Lovri\u0107, urednica bloga Veli\u010danstvena knjiga, napisala je nekoliko rije\u010di o knjizi: Snje\u017ena kugla je zbirka proze u stihovima koja \u0107e vas, dragi \u010ditatelji, svojom \u010darolijom provesti kroz sva \u010detiri godi\u0161nja doba. Ovim stihovima autorica odaje po\u010dast svim onim trenucima koji su tijekom \u017eivota na nju ostavili trag. U moru sje\u0107anja i emocija, otkrivamo jednu [&hellip;]","og_url":"https:\/\/webknjizara.hr\/proizvod\/snjezna-kugla-jasna-popovic-poje\/","og_site_name":"Web-knji\u017eara","og_image":[{"width":300,"height":419,"url":"https:\/\/webknjizara.hr\/wp-content\/uploads\/2025\/09\/Jasna_Popovic_Poje_Snjezna_kugla_webknjizara_redak_WEB_1750.jpg","type":"image\/jpeg"}],"twitter_card":"summary_large_image","twitter_misc":{"Est. reading time":"6 minutes"},"schema":{"@context":"https:\/\/schema.org","@graph":[{"@type":"WebPage","@id":"https:\/\/webknjizara.hr\/proizvod\/snjezna-kugla-jasna-popovic-poje\/","url":"https:\/\/webknjizara.hr\/proizvod\/snjezna-kugla-jasna-popovic-poje\/","name":"SNJE\u017dNA KUGLA, Jasna Popovi\u0107 Poje - Web-knji\u017eara","isPartOf":{"@id":"https:\/\/webknjizara.hr\/#website"},"primaryImageOfPage":{"@id":"https:\/\/webknjizara.hr\/proizvod\/snjezna-kugla-jasna-popovic-poje\/#primaryimage"},"image":{"@id":"https:\/\/webknjizara.hr\/proizvod\/snjezna-kugla-jasna-popovic-poje\/#primaryimage"},"thumbnailUrl":"https:\/\/webknjizara.hr\/wp-content\/uploads\/2025\/09\/Jasna_Popovic_Poje_Snjezna_kugla_webknjizara_redak_WEB_1750.jpg","datePublished":"2025-09-17T20:49:21+00:00","breadcrumb":{"@id":"https:\/\/webknjizara.hr\/proizvod\/snjezna-kugla-jasna-popovic-poje\/#breadcrumb"},"inLanguage":"en-US","potentialAction":[{"@type":"ReadAction","target":["https:\/\/webknjizara.hr\/proizvod\/snjezna-kugla-jasna-popovic-poje\/"]}]},{"@type":"ImageObject","inLanguage":"en-US","@id":"https:\/\/webknjizara.hr\/proizvod\/snjezna-kugla-jasna-popovic-poje\/#primaryimage","url":"https:\/\/webknjizara.hr\/wp-content\/uploads\/2025\/09\/Jasna_Popovic_Poje_Snjezna_kugla_webknjizara_redak_WEB_1750.jpg","contentUrl":"https:\/\/webknjizara.hr\/wp-content\/uploads\/2025\/09\/Jasna_Popovic_Poje_Snjezna_kugla_webknjizara_redak_WEB_1750.jpg","width":300,"height":419,"caption":"SNJE\u017dNA KUGLA, Jasna Popovi\u0107 Poje"},{"@type":"BreadcrumbList","@id":"https:\/\/webknjizara.hr\/proizvod\/snjezna-kugla-jasna-popovic-poje\/#breadcrumb","itemListElement":[{"@type":"ListItem","position":1,"name":"Po\u010detna stranica","item":"https:\/\/webknjizara.hr\/en\/"},{"@type":"ListItem","position":2,"name":"Shop","item":"https:\/\/webknjizara.hr\/shop\/"},{"@type":"ListItem","position":3,"name":"SNJE\u017dNA KUGLA, Jasna Popovi\u0107 Poje"}]},{"@type":"WebSite","@id":"https:\/\/webknjizara.hr\/#website","url":"https:\/\/webknjizara.hr\/","name":"Web Knji\u017eara","description":"","publisher":{"@id":"https:\/\/webknjizara.hr\/#organization"},"potentialAction":[{"@type":"SearchAction","target":{"@type":"EntryPoint","urlTemplate":"https:\/\/webknjizara.hr\/?s={search_term_string}"},"query-input":{"@type":"PropertyValueSpecification","valueRequired":true,"valueName":"search_term_string"}}],"inLanguage":"en-US"},{"@type":"Organization","@id":"https:\/\/webknjizara.hr\/#organization","name":"REDAK D.O.O.","url":"https:\/\/webknjizara.hr\/","logo":{"@type":"ImageObject","inLanguage":"en-US","@id":"https:\/\/webknjizara.hr\/#\/schema\/logo\/image\/","url":"https:\/\/webknjizara.hr\/wp-content\/uploads\/2023\/01\/web-knjizara-logo.webp","contentUrl":"https:\/\/webknjizara.hr\/wp-content\/uploads\/2023\/01\/web-knjizara-logo.webp","width":324,"height":79,"caption":"REDAK D.O.O."},"image":{"@id":"https:\/\/webknjizara.hr\/#\/schema\/logo\/image\/"}}]}},"_links":{"self":[{"href":"https:\/\/webknjizara.hr\/en\/wp-json\/wp\/v2\/product\/20074","targetHints":{"allow":["GET"]}}],"collection":[{"href":"https:\/\/webknjizara.hr\/en\/wp-json\/wp\/v2\/product"}],"about":[{"href":"https:\/\/webknjizara.hr\/en\/wp-json\/wp\/v2\/types\/product"}],"replies":[{"embeddable":true,"href":"https:\/\/webknjizara.hr\/en\/wp-json\/wp\/v2\/comments?post=20074"}],"wp:featuredmedia":[{"embeddable":true,"href":"https:\/\/webknjizara.hr\/en\/wp-json\/wp\/v2\/media\/20075"}],"wp:attachment":[{"href":"https:\/\/webknjizara.hr\/en\/wp-json\/wp\/v2\/media?parent=20074"}],"wp:term":[{"taxonomy":"product_brand","embeddable":true,"href":"https:\/\/webknjizara.hr\/en\/wp-json\/wp\/v2\/product_brand?post=20074"},{"taxonomy":"product_cat","embeddable":true,"href":"https:\/\/webknjizara.hr\/en\/wp-json\/wp\/v2\/product_cat?post=20074"},{"taxonomy":"product_tag","embeddable":true,"href":"https:\/\/webknjizara.hr\/en\/wp-json\/wp\/v2\/product_tag?post=20074"}],"curies":[{"name":"wp","href":"https:\/\/api.w.org\/{rel}","templated":true}]}}