{"id":19907,"date":"2025-09-02T00:12:55","date_gmt":"2025-09-01T22:12:55","guid":{"rendered":"https:\/\/webknjizara.hr\/?post_type=product&#038;p=19907"},"modified":"2025-09-02T00:12:56","modified_gmt":"2025-09-01T22:12:56","slug":"megdan-i-pjesme-su-ljudi-drago-nakir","status":"publish","type":"product","link":"https:\/\/webknjizara.hr\/en\/proizvod\/megdan-i-pjesme-su-ljudi-drago-nakir\/","title":{"rendered":"MEGDAN | I PJESME SU LJUDI, Drago Nakir"},"content":{"rendered":"<p>U srcu dalmatinske stijene, podno mo\u0107ne tvr\u0111ave Klis, odvija se epska borba za slobodu, \u010dast i domovinu. Kli\u0161ki uskoci, vo\u0111eni nepokolebljivom vjerom i hrabro\u0161\u0107u kapetana Petra Kru\u017ei\u0107a, suprotstavljaju se nadiru\u0107im vojskama Osmanskog Carstva. Ova knjiga donosi sna\u017enu pri\u010du o juna\u0161tvu malobrojnih protiv mnogobrojnih, o krvavim bitkama, zavjetima i \u017ertvama koje su oblikovale povijest jednog naroda. Klis nije samo tvr\u0111ava \u2013 to je simbol otpora, upornosti i nepokorene du\u0161e hrvatskoga naroda.<\/p>\n<p>Drugi dio knjige donosi zbirku pjesama duboko ukorijenjenih u dalmatinski kraj, ba\u0161tinu i identitet. Autor kroz stihove evocira povijest Dalmacije, njezin jezik \u2013 osobito \u010dakavski idiom \u2013 te svakodnevicu i ljude ovoga podneblja. Naslovi poput <em>Nema kruva bez motike<\/em>, <em>Dalmacijo, majko od soli<\/em>, <em>El Shatt \u2013 zbijeg u pustinji<\/em>, <em>Ganga<\/em>, <em>Ve\u0161te<\/em>, <em>\u0160perunska pisma<\/em>, <em>Slatinske mlikarice<\/em>, <em>Roko i Cicibela<\/em> i <em>Diocletianus<\/em> svjedo\u010de o bogatstvu tema \u2013 od arhai\u010dnih slika te\u017ea\u010dkog \u017eivota do povijesnih epopeja i splitskih uli\u010dnih pri\u010da.<\/p>\n<p><strong>Bilje\u0161ka o autoru: <\/strong><\/p>\n<p>Drago Nakir,\u00a0 ro\u0111en 1966. godine u Splitu. Diplomirao je filozofiju i sociologiju na Univerzitetu u Sarajevu.<\/p>\n<p>Izdava\u010dka ku\u0107a &#8220;Redak&#8221; do sada je objavila tri romana autora: \u02ddBilo jednom na Balkanu\u02dd (2019), \u02ddKommunalka-iz civiliazcije se ne vra\u0107a&#8221; (2019), \u02ddLeptirova ljubav u doba korone\u02dd (2021).<\/p>\n<p><strong>Klju\u010dne rije\u010di: <\/strong>Tvr\u0111ava Klis, Megdan, Alija Bakota, Milo\u0161 Par\u017eevi\u0107 &#8211;\u00a0 Parizovi\u0107, Sveti\u0161te na Trsatu, Petar kKu\u017ei\u0107,\u00a0 Adel i Mara, Gospa od Prizidnica,\u00a0 Kandijski rat, poezija<\/p>\n<p><strong>Link: <\/strong><br \/>\n<a href=\"https:\/\/www.facebook.com\/groups\/746096025480398?locale=hr_HR\">https:\/\/www.facebook.com\/groups\/746096025480398?locale=hr_HR<\/a><br \/>\n<a href=\"https:\/\/www.facebook.com\/dragonakir66?locale=hr_HR\">https:\/\/www.facebook.com\/dragonakir66?locale=hr_HR<\/a><\/p>\n<p><strong>E-mail:\u00a0<\/strong><a href=\"mailto:dragannakir@gmail.com\">Drago Nakir<\/a><\/p>\n<p><strong>Naslov: <\/strong>Megdan | I pjesme su ljudi<br \/>\n<strong>Autor:<\/strong> Drago Nakir<br \/>\n<strong>Broj stranica: <\/strong>120<br \/>\n<strong>Nakladnik: <\/strong>REDAK<br \/>\n<strong>Godina izdanja: <\/strong>2025.<strong>.<br \/>\n<\/strong><strong>ISBN:<\/strong> 978-953-395-026-6<br \/>\n<strong>Tisak:<\/strong> digitalni tisak knjiga &#8211; print na zahtjev<\/p>\n","protected":false},"excerpt":{"rendered":"<p>U srcu dalmatinske stijene, podno mo\u0107ne tvr\u0111ave Klis, odvija se epska borba za slobodu, \u010dast i domovinu. Kli\u0161ki uskoci, vo\u0111eni nepokolebljivom vjerom i hrabro\u0161\u0107u kapetana Petra Kru\u017ei\u0107a, suprotstavljaju se nadiru\u0107im vojskama Osmanskog Carstva. Ova knjiga donosi sna\u017enu pri\u010du o juna\u0161tvu malobrojnih protiv mnogobrojnih, o krvavim bitkama, zavjetima i \u017ertvama koje su oblikovale povijest jednog naroda. [&hellip;]<\/p>\n","protected":false},"featured_media":19908,"comment_status":"open","ping_status":"closed","template":"","meta":{"_acf_changed":false},"product_brand":[],"product_cat":[1388],"product_tag":[],"class_list":{"0":"post-19907","1":"product","2":"type-product","3":"status-publish","4":"has-post-thumbnail","6":"product_cat-poezija","7":"pa_autor-drago-nakir","8":"pa_nakladnik-redak","10":"first","11":"instock","12":"shipping-taxable","13":"purchasable","14":"product-type-simple"},"acf":[],"yoast_head":"<!-- This site is optimized with the Yoast SEO plugin v27.3 - https:\/\/yoast.com\/product\/yoast-seo-wordpress\/ -->\n<title>MEGDAN | I PJESME SU LJUDI, Drago Nakir - Web-knji\u017eara<\/title>\n<meta name=\"robots\" content=\"index, follow, max-snippet:-1, max-image-preview:large, max-video-preview:-1\" \/>\n<link rel=\"canonical\" href=\"https:\/\/webknjizara.hr\/proizvod\/megdan-i-pjesme-su-ljudi-drago-nakir\/\" \/>\n<meta property=\"og:locale\" content=\"en_US\" \/>\n<meta property=\"og:type\" content=\"article\" \/>\n<meta property=\"og:title\" content=\"MEGDAN | I PJESME SU LJUDI, Drago Nakir - Web-knji\u017eara\" \/>\n<meta property=\"og:description\" content=\"U srcu dalmatinske stijene, podno mo\u0107ne tvr\u0111ave Klis, odvija se epska borba za slobodu, \u010dast i domovinu. Kli\u0161ki uskoci, vo\u0111eni nepokolebljivom vjerom i hrabro\u0161\u0107u kapetana Petra Kru\u017ei\u0107a, suprotstavljaju se nadiru\u0107im vojskama Osmanskog Carstva. Ova knjiga donosi sna\u017enu pri\u010du o juna\u0161tvu malobrojnih protiv mnogobrojnih, o krvavim bitkama, zavjetima i \u017ertvama koje su oblikovale povijest jednog naroda. [&hellip;]\" \/>\n<meta property=\"og:url\" content=\"https:\/\/webknjizara.hr\/proizvod\/megdan-i-pjesme-su-ljudi-drago-nakir\/\" \/>\n<meta property=\"og:site_name\" content=\"Web-knji\u017eara\" \/>\n<meta property=\"article:modified_time\" content=\"2025-09-01T22:12:56+00:00\" \/>\n<meta property=\"og:image\" content=\"https:\/\/webknjizara.hr\/wp-content\/uploads\/2025\/09\/Drago_Nakir_Megdan_I_pjesme_su_ljudi_webknjizara_redak_WEB_1631.jpg\" \/>\n\t<meta property=\"og:image:width\" content=\"300\" \/>\n\t<meta property=\"og:image:height\" content=\"419\" \/>\n\t<meta property=\"og:image:type\" content=\"image\/jpeg\" \/>\n<meta name=\"twitter:card\" content=\"summary_large_image\" \/>\n<meta name=\"twitter:label1\" content=\"Est. reading time\" \/>\n\t<meta name=\"twitter:data1\" content=\"2 minutes\" \/>\n<script type=\"application\/ld+json\" class=\"yoast-schema-graph\">{\"@context\":\"https:\\\/\\\/schema.org\",\"@graph\":[{\"@type\":\"WebPage\",\"@id\":\"https:\\\/\\\/webknjizara.hr\\\/proizvod\\\/megdan-i-pjesme-su-ljudi-drago-nakir\\\/\",\"url\":\"https:\\\/\\\/webknjizara.hr\\\/proizvod\\\/megdan-i-pjesme-su-ljudi-drago-nakir\\\/\",\"name\":\"MEGDAN | I PJESME SU LJUDI, Drago Nakir - Web-knji\u017eara\",\"isPartOf\":{\"@id\":\"https:\\\/\\\/webknjizara.hr\\\/#website\"},\"primaryImageOfPage\":{\"@id\":\"https:\\\/\\\/webknjizara.hr\\\/proizvod\\\/megdan-i-pjesme-su-ljudi-drago-nakir\\\/#primaryimage\"},\"image\":{\"@id\":\"https:\\\/\\\/webknjizara.hr\\\/proizvod\\\/megdan-i-pjesme-su-ljudi-drago-nakir\\\/#primaryimage\"},\"thumbnailUrl\":\"https:\\\/\\\/webknjizara.hr\\\/wp-content\\\/uploads\\\/2025\\\/09\\\/Drago_Nakir_Megdan_I_pjesme_su_ljudi_webknjizara_redak_WEB_1631.jpg\",\"datePublished\":\"2025-09-01T22:12:55+00:00\",\"dateModified\":\"2025-09-01T22:12:56+00:00\",\"breadcrumb\":{\"@id\":\"https:\\\/\\\/webknjizara.hr\\\/proizvod\\\/megdan-i-pjesme-su-ljudi-drago-nakir\\\/#breadcrumb\"},\"inLanguage\":\"en-US\",\"potentialAction\":[{\"@type\":\"ReadAction\",\"target\":[\"https:\\\/\\\/webknjizara.hr\\\/proizvod\\\/megdan-i-pjesme-su-ljudi-drago-nakir\\\/\"]}]},{\"@type\":\"ImageObject\",\"inLanguage\":\"en-US\",\"@id\":\"https:\\\/\\\/webknjizara.hr\\\/proizvod\\\/megdan-i-pjesme-su-ljudi-drago-nakir\\\/#primaryimage\",\"url\":\"https:\\\/\\\/webknjizara.hr\\\/wp-content\\\/uploads\\\/2025\\\/09\\\/Drago_Nakir_Megdan_I_pjesme_su_ljudi_webknjizara_redak_WEB_1631.jpg\",\"contentUrl\":\"https:\\\/\\\/webknjizara.hr\\\/wp-content\\\/uploads\\\/2025\\\/09\\\/Drago_Nakir_Megdan_I_pjesme_su_ljudi_webknjizara_redak_WEB_1631.jpg\",\"width\":300,\"height\":419,\"caption\":\"MEGDAN | I PJESME SU LJUDI, Drago Nakir\"},{\"@type\":\"BreadcrumbList\",\"@id\":\"https:\\\/\\\/webknjizara.hr\\\/proizvod\\\/megdan-i-pjesme-su-ljudi-drago-nakir\\\/#breadcrumb\",\"itemListElement\":[{\"@type\":\"ListItem\",\"position\":1,\"name\":\"Po\u010detna stranica\",\"item\":\"https:\\\/\\\/webknjizara.hr\\\/en\\\/\"},{\"@type\":\"ListItem\",\"position\":2,\"name\":\"Shop\",\"item\":\"https:\\\/\\\/webknjizara.hr\\\/shop\\\/\"},{\"@type\":\"ListItem\",\"position\":3,\"name\":\"MEGDAN | I PJESME SU LJUDI, Drago Nakir\"}]},{\"@type\":\"WebSite\",\"@id\":\"https:\\\/\\\/webknjizara.hr\\\/#website\",\"url\":\"https:\\\/\\\/webknjizara.hr\\\/\",\"name\":\"Web Knji\u017eara\",\"description\":\"\",\"publisher\":{\"@id\":\"https:\\\/\\\/webknjizara.hr\\\/#organization\"},\"potentialAction\":[{\"@type\":\"SearchAction\",\"target\":{\"@type\":\"EntryPoint\",\"urlTemplate\":\"https:\\\/\\\/webknjizara.hr\\\/?s={search_term_string}\"},\"query-input\":{\"@type\":\"PropertyValueSpecification\",\"valueRequired\":true,\"valueName\":\"search_term_string\"}}],\"inLanguage\":\"en-US\"},{\"@type\":\"Organization\",\"@id\":\"https:\\\/\\\/webknjizara.hr\\\/#organization\",\"name\":\"REDAK D.O.O.\",\"url\":\"https:\\\/\\\/webknjizara.hr\\\/\",\"logo\":{\"@type\":\"ImageObject\",\"inLanguage\":\"en-US\",\"@id\":\"https:\\\/\\\/webknjizara.hr\\\/#\\\/schema\\\/logo\\\/image\\\/\",\"url\":\"https:\\\/\\\/webknjizara.hr\\\/wp-content\\\/uploads\\\/2023\\\/01\\\/web-knjizara-logo.webp\",\"contentUrl\":\"https:\\\/\\\/webknjizara.hr\\\/wp-content\\\/uploads\\\/2023\\\/01\\\/web-knjizara-logo.webp\",\"width\":324,\"height\":79,\"caption\":\"REDAK D.O.O.\"},\"image\":{\"@id\":\"https:\\\/\\\/webknjizara.hr\\\/#\\\/schema\\\/logo\\\/image\\\/\"}}]}<\/script>\n<!-- \/ Yoast SEO plugin. -->","yoast_head_json":{"title":"MEGDAN | I PJESME SU LJUDI, Drago Nakir - Web-knji\u017eara","robots":{"index":"index","follow":"follow","max-snippet":"max-snippet:-1","max-image-preview":"max-image-preview:large","max-video-preview":"max-video-preview:-1"},"canonical":"https:\/\/webknjizara.hr\/proizvod\/megdan-i-pjesme-su-ljudi-drago-nakir\/","og_locale":"en_US","og_type":"article","og_title":"MEGDAN | I PJESME SU LJUDI, Drago Nakir - Web-knji\u017eara","og_description":"U srcu dalmatinske stijene, podno mo\u0107ne tvr\u0111ave Klis, odvija se epska borba za slobodu, \u010dast i domovinu. Kli\u0161ki uskoci, vo\u0111eni nepokolebljivom vjerom i hrabro\u0161\u0107u kapetana Petra Kru\u017ei\u0107a, suprotstavljaju se nadiru\u0107im vojskama Osmanskog Carstva. Ova knjiga donosi sna\u017enu pri\u010du o juna\u0161tvu malobrojnih protiv mnogobrojnih, o krvavim bitkama, zavjetima i \u017ertvama koje su oblikovale povijest jednog naroda. [&hellip;]","og_url":"https:\/\/webknjizara.hr\/proizvod\/megdan-i-pjesme-su-ljudi-drago-nakir\/","og_site_name":"Web-knji\u017eara","article_modified_time":"2025-09-01T22:12:56+00:00","og_image":[{"width":300,"height":419,"url":"https:\/\/webknjizara.hr\/wp-content\/uploads\/2025\/09\/Drago_Nakir_Megdan_I_pjesme_su_ljudi_webknjizara_redak_WEB_1631.jpg","type":"image\/jpeg"}],"twitter_card":"summary_large_image","twitter_misc":{"Est. reading time":"2 minutes"},"schema":{"@context":"https:\/\/schema.org","@graph":[{"@type":"WebPage","@id":"https:\/\/webknjizara.hr\/proizvod\/megdan-i-pjesme-su-ljudi-drago-nakir\/","url":"https:\/\/webknjizara.hr\/proizvod\/megdan-i-pjesme-su-ljudi-drago-nakir\/","name":"MEGDAN | I PJESME SU LJUDI, Drago Nakir - Web-knji\u017eara","isPartOf":{"@id":"https:\/\/webknjizara.hr\/#website"},"primaryImageOfPage":{"@id":"https:\/\/webknjizara.hr\/proizvod\/megdan-i-pjesme-su-ljudi-drago-nakir\/#primaryimage"},"image":{"@id":"https:\/\/webknjizara.hr\/proizvod\/megdan-i-pjesme-su-ljudi-drago-nakir\/#primaryimage"},"thumbnailUrl":"https:\/\/webknjizara.hr\/wp-content\/uploads\/2025\/09\/Drago_Nakir_Megdan_I_pjesme_su_ljudi_webknjizara_redak_WEB_1631.jpg","datePublished":"2025-09-01T22:12:55+00:00","dateModified":"2025-09-01T22:12:56+00:00","breadcrumb":{"@id":"https:\/\/webknjizara.hr\/proizvod\/megdan-i-pjesme-su-ljudi-drago-nakir\/#breadcrumb"},"inLanguage":"en-US","potentialAction":[{"@type":"ReadAction","target":["https:\/\/webknjizara.hr\/proizvod\/megdan-i-pjesme-su-ljudi-drago-nakir\/"]}]},{"@type":"ImageObject","inLanguage":"en-US","@id":"https:\/\/webknjizara.hr\/proizvod\/megdan-i-pjesme-su-ljudi-drago-nakir\/#primaryimage","url":"https:\/\/webknjizara.hr\/wp-content\/uploads\/2025\/09\/Drago_Nakir_Megdan_I_pjesme_su_ljudi_webknjizara_redak_WEB_1631.jpg","contentUrl":"https:\/\/webknjizara.hr\/wp-content\/uploads\/2025\/09\/Drago_Nakir_Megdan_I_pjesme_su_ljudi_webknjizara_redak_WEB_1631.jpg","width":300,"height":419,"caption":"MEGDAN | I PJESME SU LJUDI, Drago Nakir"},{"@type":"BreadcrumbList","@id":"https:\/\/webknjizara.hr\/proizvod\/megdan-i-pjesme-su-ljudi-drago-nakir\/#breadcrumb","itemListElement":[{"@type":"ListItem","position":1,"name":"Po\u010detna stranica","item":"https:\/\/webknjizara.hr\/en\/"},{"@type":"ListItem","position":2,"name":"Shop","item":"https:\/\/webknjizara.hr\/shop\/"},{"@type":"ListItem","position":3,"name":"MEGDAN | I PJESME SU LJUDI, Drago Nakir"}]},{"@type":"WebSite","@id":"https:\/\/webknjizara.hr\/#website","url":"https:\/\/webknjizara.hr\/","name":"Web Knji\u017eara","description":"","publisher":{"@id":"https:\/\/webknjizara.hr\/#organization"},"potentialAction":[{"@type":"SearchAction","target":{"@type":"EntryPoint","urlTemplate":"https:\/\/webknjizara.hr\/?s={search_term_string}"},"query-input":{"@type":"PropertyValueSpecification","valueRequired":true,"valueName":"search_term_string"}}],"inLanguage":"en-US"},{"@type":"Organization","@id":"https:\/\/webknjizara.hr\/#organization","name":"REDAK D.O.O.","url":"https:\/\/webknjizara.hr\/","logo":{"@type":"ImageObject","inLanguage":"en-US","@id":"https:\/\/webknjizara.hr\/#\/schema\/logo\/image\/","url":"https:\/\/webknjizara.hr\/wp-content\/uploads\/2023\/01\/web-knjizara-logo.webp","contentUrl":"https:\/\/webknjizara.hr\/wp-content\/uploads\/2023\/01\/web-knjizara-logo.webp","width":324,"height":79,"caption":"REDAK D.O.O."},"image":{"@id":"https:\/\/webknjizara.hr\/#\/schema\/logo\/image\/"}}]}},"_links":{"self":[{"href":"https:\/\/webknjizara.hr\/en\/wp-json\/wp\/v2\/product\/19907","targetHints":{"allow":["GET"]}}],"collection":[{"href":"https:\/\/webknjizara.hr\/en\/wp-json\/wp\/v2\/product"}],"about":[{"href":"https:\/\/webknjizara.hr\/en\/wp-json\/wp\/v2\/types\/product"}],"replies":[{"embeddable":true,"href":"https:\/\/webknjizara.hr\/en\/wp-json\/wp\/v2\/comments?post=19907"}],"wp:featuredmedia":[{"embeddable":true,"href":"https:\/\/webknjizara.hr\/en\/wp-json\/wp\/v2\/media\/19908"}],"wp:attachment":[{"href":"https:\/\/webknjizara.hr\/en\/wp-json\/wp\/v2\/media?parent=19907"}],"wp:term":[{"taxonomy":"product_brand","embeddable":true,"href":"https:\/\/webknjizara.hr\/en\/wp-json\/wp\/v2\/product_brand?post=19907"},{"taxonomy":"product_cat","embeddable":true,"href":"https:\/\/webknjizara.hr\/en\/wp-json\/wp\/v2\/product_cat?post=19907"},{"taxonomy":"product_tag","embeddable":true,"href":"https:\/\/webknjizara.hr\/en\/wp-json\/wp\/v2\/product_tag?post=19907"}],"curies":[{"name":"wp","href":"https:\/\/api.w.org\/{rel}","templated":true}]}}