{"id":19885,"date":"2025-08-30T17:08:19","date_gmt":"2025-08-30T15:08:19","guid":{"rendered":"https:\/\/webknjizara.hr\/?post_type=product&#038;p=19885"},"modified":"2025-08-30T17:08:20","modified_gmt":"2025-08-30T15:08:20","slug":"sjena-iza-ociju-teya","status":"publish","type":"product","link":"https:\/\/webknjizara.hr\/en\/proizvod\/sjena-iza-ociju-teya\/","title":{"rendered":"SJENA IZA O\u010cIJU, Teya"},"content":{"rendered":"<p>\u201eSjena iza o\u010diju\u201c vodi nas kroz intiman pejza\u017e traume i rasta, otkrivaju\u0107i dubinu ljudske snage usred najte\u017eih iskustava. Kroz zbirku autorica isprepli\u0107e pri\u010de o bolnom odrastanju i sazrijevanju, istra\u017euju\u0107i kako nas na\u0161e najdublje rane oblikuju, ali i kako pronalazimo snagu za ozdravljenje. Kroz refleksije na bolne i lijepe odnose, autorica hrabro istra\u017euje granice ljudske emocionalne izdr\u017eljivosti, ostavljaju\u0107i \u010ditatelje da otkriju sjaj svjetla koje se probija kroz sjene.<\/p>\n<p>\u201eSjena iza o\u010diju\u201c kroz svaku stranicu i svaki stih ostavlja dojam svjetionika, koji \u010ditatelja vodi kroz nemirno more emocija i osvjetljava mu put. Sve to \u010dini iskrenom introspekcijom i sna\u017enim pripovijedanjem, nude\u0107i \u010ditateljima dubok uvid u univerzalnu ljudsku potragu za smislom i iscjeljenjem. Ova zbirka nije samo suo\u010davanje s pro\u0161lo\u0161\u0107u, ve\u0107 i svjedo\u010danstvo o nadahnutim trenucima preobra\u017eaja, koje stvara prostor za istinsku povezanost s vlastitim emocijama i iskustvima.<\/p>\n<p><strong>Bilje\u0161ka o autorici: <\/strong><\/p>\n<p>Teya pi\u0161e od rane dobi, ali godinama su rije\u010di ostajale zatvorene, skrivene izme\u0111u stida i straha. Ova zbirka sabire pjesme nastale od 2015. godine do danas \u2013 godine ispunjene potragom za ljubavlju na pogre\u0161nim mjestima, neuspje\u0161nim bjegovima i cikli\u010dnom autodestrukcijom.<\/p>\n<p>Granice boli nisu samo apstraktan pojam u njezinim stihovima; one su svakodnevno istra\u017eivane, pomicane, ponekad i grubo probijene. Poezija postaje mjesto susreta s vlastitim demonima, prostor u kojem su psihi\u010dke bolesti ne samo tema, ve\u0107 i suputnici. Svaka rije\u010d nosi te\u017einu egzistencijalnog umora, ali i tihi vapaj za oslobo\u0111enjem \u2013 od sebe, od pro\u0161losti, od svijeta koji autoru nije ostavio puno izbora osim da pi\u0161e ili nestane.<\/p>\n<p>Godinama je postojala distanca izme\u0111u nje i vlastitih djela, kao da se tu\u0111a bol lak\u0161e priznaje nego vlastita. No sada, nakon dugog skrivanja, rije\u010di izlaze iz ormara zajedno s njom \u2013 nesavr\u0161ene, iskrene, ogoljene.<\/p>\n<p><strong>Klju\u010dne rije\u010di: <\/strong>Teya, poezija, pjesme<\/p>\n<p><strong>E-mail: <\/strong><a href=\"mailto:teat9640@gmail.com\">Teya<\/a><\/p>\n<p><strong>Naslov: <\/strong>Sjena iza o\u010diju<br \/>\n<strong>Autorica:<\/strong> Teya<br \/>\n<strong>Broj stranica: <\/strong>112<br \/>\n<strong>Nakladnik: <\/strong>REDAK<br \/>\n<strong>Godina izdanja: <\/strong>2025.<strong>.<br \/>\n<\/strong><strong>ISBN:<\/strong> 978-953-395-092-1<br \/>\n<strong>Tisak:<\/strong> digitalni tisak knjiga &#8211; print na zahtjev<\/p>\n","protected":false},"excerpt":{"rendered":"<p>\u201eSjena iza o\u010diju\u201c vodi nas kroz intiman pejza\u017e traume i rasta, otkrivaju\u0107i dubinu ljudske snage usred najte\u017eih iskustava. Kroz zbirku autorica isprepli\u0107e pri\u010de o bolnom odrastanju i sazrijevanju, istra\u017euju\u0107i kako nas na\u0161e najdublje rane oblikuju, ali i kako pronalazimo snagu za ozdravljenje. Kroz refleksije na bolne i lijepe odnose, autorica hrabro istra\u017euje granice ljudske emocionalne [&hellip;]<\/p>\n","protected":false},"featured_media":19886,"comment_status":"open","ping_status":"closed","template":"","meta":{"_acf_changed":false},"product_brand":[],"product_cat":[1388],"product_tag":[],"class_list":{"0":"post-19885","1":"product","2":"type-product","3":"status-publish","4":"has-post-thumbnail","6":"product_cat-poezija","7":"pa_autor-teya","8":"pa_nakladnik-redak","10":"first","11":"instock","12":"shipping-taxable","13":"purchasable","14":"product-type-simple"},"acf":[],"yoast_head":"<!-- This site is optimized with the Yoast SEO plugin v27.3 - https:\/\/yoast.com\/product\/yoast-seo-wordpress\/ -->\n<title>SJENA IZA O\u010cIJU, Teya - Web-knji\u017eara<\/title>\n<meta name=\"robots\" content=\"index, follow, max-snippet:-1, max-image-preview:large, max-video-preview:-1\" \/>\n<link rel=\"canonical\" href=\"https:\/\/webknjizara.hr\/proizvod\/sjena-iza-ociju-teya\/\" \/>\n<meta property=\"og:locale\" content=\"en_US\" \/>\n<meta property=\"og:type\" content=\"article\" \/>\n<meta property=\"og:title\" content=\"SJENA IZA O\u010cIJU, Teya - Web-knji\u017eara\" \/>\n<meta property=\"og:description\" content=\"\u201eSjena iza o\u010diju\u201c vodi nas kroz intiman pejza\u017e traume i rasta, otkrivaju\u0107i dubinu ljudske snage usred najte\u017eih iskustava. Kroz zbirku autorica isprepli\u0107e pri\u010de o bolnom odrastanju i sazrijevanju, istra\u017euju\u0107i kako nas na\u0161e najdublje rane oblikuju, ali i kako pronalazimo snagu za ozdravljenje. Kroz refleksije na bolne i lijepe odnose, autorica hrabro istra\u017euje granice ljudske emocionalne [&hellip;]\" \/>\n<meta property=\"og:url\" content=\"https:\/\/webknjizara.hr\/proizvod\/sjena-iza-ociju-teya\/\" \/>\n<meta property=\"og:site_name\" content=\"Web-knji\u017eara\" \/>\n<meta property=\"article:modified_time\" content=\"2025-08-30T15:08:20+00:00\" \/>\n<meta property=\"og:image\" content=\"https:\/\/webknjizara.hr\/wp-content\/uploads\/2025\/08\/Teya_Sjena_iza_ociju_webknjizara_redak_WEB_1741.jpg\" \/>\n\t<meta property=\"og:image:width\" content=\"573\" \/>\n\t<meta property=\"og:image:height\" content=\"800\" \/>\n\t<meta property=\"og:image:type\" content=\"image\/jpeg\" \/>\n<meta name=\"twitter:card\" content=\"summary_large_image\" \/>\n<meta name=\"twitter:label1\" content=\"Est. reading time\" \/>\n\t<meta name=\"twitter:data1\" content=\"2 minutes\" \/>\n<script type=\"application\/ld+json\" class=\"yoast-schema-graph\">{\"@context\":\"https:\\\/\\\/schema.org\",\"@graph\":[{\"@type\":\"WebPage\",\"@id\":\"https:\\\/\\\/webknjizara.hr\\\/proizvod\\\/sjena-iza-ociju-teya\\\/\",\"url\":\"https:\\\/\\\/webknjizara.hr\\\/proizvod\\\/sjena-iza-ociju-teya\\\/\",\"name\":\"SJENA IZA O\u010cIJU, Teya - Web-knji\u017eara\",\"isPartOf\":{\"@id\":\"https:\\\/\\\/webknjizara.hr\\\/#website\"},\"primaryImageOfPage\":{\"@id\":\"https:\\\/\\\/webknjizara.hr\\\/proizvod\\\/sjena-iza-ociju-teya\\\/#primaryimage\"},\"image\":{\"@id\":\"https:\\\/\\\/webknjizara.hr\\\/proizvod\\\/sjena-iza-ociju-teya\\\/#primaryimage\"},\"thumbnailUrl\":\"https:\\\/\\\/webknjizara.hr\\\/wp-content\\\/uploads\\\/2025\\\/08\\\/Teya_Sjena_iza_ociju_webknjizara_redak_WEB_1741.jpg\",\"datePublished\":\"2025-08-30T15:08:19+00:00\",\"dateModified\":\"2025-08-30T15:08:20+00:00\",\"breadcrumb\":{\"@id\":\"https:\\\/\\\/webknjizara.hr\\\/proizvod\\\/sjena-iza-ociju-teya\\\/#breadcrumb\"},\"inLanguage\":\"en-US\",\"potentialAction\":[{\"@type\":\"ReadAction\",\"target\":[\"https:\\\/\\\/webknjizara.hr\\\/proizvod\\\/sjena-iza-ociju-teya\\\/\"]}]},{\"@type\":\"ImageObject\",\"inLanguage\":\"en-US\",\"@id\":\"https:\\\/\\\/webknjizara.hr\\\/proizvod\\\/sjena-iza-ociju-teya\\\/#primaryimage\",\"url\":\"https:\\\/\\\/webknjizara.hr\\\/wp-content\\\/uploads\\\/2025\\\/08\\\/Teya_Sjena_iza_ociju_webknjizara_redak_WEB_1741.jpg\",\"contentUrl\":\"https:\\\/\\\/webknjizara.hr\\\/wp-content\\\/uploads\\\/2025\\\/08\\\/Teya_Sjena_iza_ociju_webknjizara_redak_WEB_1741.jpg\",\"width\":573,\"height\":800,\"caption\":\"SJENA IZA O\u010cIJU, Teya\"},{\"@type\":\"BreadcrumbList\",\"@id\":\"https:\\\/\\\/webknjizara.hr\\\/proizvod\\\/sjena-iza-ociju-teya\\\/#breadcrumb\",\"itemListElement\":[{\"@type\":\"ListItem\",\"position\":1,\"name\":\"Po\u010detna stranica\",\"item\":\"https:\\\/\\\/webknjizara.hr\\\/en\\\/\"},{\"@type\":\"ListItem\",\"position\":2,\"name\":\"Shop\",\"item\":\"https:\\\/\\\/webknjizara.hr\\\/shop\\\/\"},{\"@type\":\"ListItem\",\"position\":3,\"name\":\"SJENA IZA O\u010cIJU, Teya\"}]},{\"@type\":\"WebSite\",\"@id\":\"https:\\\/\\\/webknjizara.hr\\\/#website\",\"url\":\"https:\\\/\\\/webknjizara.hr\\\/\",\"name\":\"Web Knji\u017eara\",\"description\":\"\",\"publisher\":{\"@id\":\"https:\\\/\\\/webknjizara.hr\\\/#organization\"},\"potentialAction\":[{\"@type\":\"SearchAction\",\"target\":{\"@type\":\"EntryPoint\",\"urlTemplate\":\"https:\\\/\\\/webknjizara.hr\\\/?s={search_term_string}\"},\"query-input\":{\"@type\":\"PropertyValueSpecification\",\"valueRequired\":true,\"valueName\":\"search_term_string\"}}],\"inLanguage\":\"en-US\"},{\"@type\":\"Organization\",\"@id\":\"https:\\\/\\\/webknjizara.hr\\\/#organization\",\"name\":\"REDAK D.O.O.\",\"url\":\"https:\\\/\\\/webknjizara.hr\\\/\",\"logo\":{\"@type\":\"ImageObject\",\"inLanguage\":\"en-US\",\"@id\":\"https:\\\/\\\/webknjizara.hr\\\/#\\\/schema\\\/logo\\\/image\\\/\",\"url\":\"https:\\\/\\\/webknjizara.hr\\\/wp-content\\\/uploads\\\/2023\\\/01\\\/web-knjizara-logo.webp\",\"contentUrl\":\"https:\\\/\\\/webknjizara.hr\\\/wp-content\\\/uploads\\\/2023\\\/01\\\/web-knjizara-logo.webp\",\"width\":324,\"height\":79,\"caption\":\"REDAK D.O.O.\"},\"image\":{\"@id\":\"https:\\\/\\\/webknjizara.hr\\\/#\\\/schema\\\/logo\\\/image\\\/\"}}]}<\/script>\n<!-- \/ Yoast SEO plugin. -->","yoast_head_json":{"title":"SJENA IZA O\u010cIJU, Teya - Web-knji\u017eara","robots":{"index":"index","follow":"follow","max-snippet":"max-snippet:-1","max-image-preview":"max-image-preview:large","max-video-preview":"max-video-preview:-1"},"canonical":"https:\/\/webknjizara.hr\/proizvod\/sjena-iza-ociju-teya\/","og_locale":"en_US","og_type":"article","og_title":"SJENA IZA O\u010cIJU, Teya - Web-knji\u017eara","og_description":"\u201eSjena iza o\u010diju\u201c vodi nas kroz intiman pejza\u017e traume i rasta, otkrivaju\u0107i dubinu ljudske snage usred najte\u017eih iskustava. Kroz zbirku autorica isprepli\u0107e pri\u010de o bolnom odrastanju i sazrijevanju, istra\u017euju\u0107i kako nas na\u0161e najdublje rane oblikuju, ali i kako pronalazimo snagu za ozdravljenje. Kroz refleksije na bolne i lijepe odnose, autorica hrabro istra\u017euje granice ljudske emocionalne [&hellip;]","og_url":"https:\/\/webknjizara.hr\/proizvod\/sjena-iza-ociju-teya\/","og_site_name":"Web-knji\u017eara","article_modified_time":"2025-08-30T15:08:20+00:00","og_image":[{"width":573,"height":800,"url":"https:\/\/webknjizara.hr\/wp-content\/uploads\/2025\/08\/Teya_Sjena_iza_ociju_webknjizara_redak_WEB_1741.jpg","type":"image\/jpeg"}],"twitter_card":"summary_large_image","twitter_misc":{"Est. reading time":"2 minutes"},"schema":{"@context":"https:\/\/schema.org","@graph":[{"@type":"WebPage","@id":"https:\/\/webknjizara.hr\/proizvod\/sjena-iza-ociju-teya\/","url":"https:\/\/webknjizara.hr\/proizvod\/sjena-iza-ociju-teya\/","name":"SJENA IZA O\u010cIJU, Teya - Web-knji\u017eara","isPartOf":{"@id":"https:\/\/webknjizara.hr\/#website"},"primaryImageOfPage":{"@id":"https:\/\/webknjizara.hr\/proizvod\/sjena-iza-ociju-teya\/#primaryimage"},"image":{"@id":"https:\/\/webknjizara.hr\/proizvod\/sjena-iza-ociju-teya\/#primaryimage"},"thumbnailUrl":"https:\/\/webknjizara.hr\/wp-content\/uploads\/2025\/08\/Teya_Sjena_iza_ociju_webknjizara_redak_WEB_1741.jpg","datePublished":"2025-08-30T15:08:19+00:00","dateModified":"2025-08-30T15:08:20+00:00","breadcrumb":{"@id":"https:\/\/webknjizara.hr\/proizvod\/sjena-iza-ociju-teya\/#breadcrumb"},"inLanguage":"en-US","potentialAction":[{"@type":"ReadAction","target":["https:\/\/webknjizara.hr\/proizvod\/sjena-iza-ociju-teya\/"]}]},{"@type":"ImageObject","inLanguage":"en-US","@id":"https:\/\/webknjizara.hr\/proizvod\/sjena-iza-ociju-teya\/#primaryimage","url":"https:\/\/webknjizara.hr\/wp-content\/uploads\/2025\/08\/Teya_Sjena_iza_ociju_webknjizara_redak_WEB_1741.jpg","contentUrl":"https:\/\/webknjizara.hr\/wp-content\/uploads\/2025\/08\/Teya_Sjena_iza_ociju_webknjizara_redak_WEB_1741.jpg","width":573,"height":800,"caption":"SJENA IZA O\u010cIJU, Teya"},{"@type":"BreadcrumbList","@id":"https:\/\/webknjizara.hr\/proizvod\/sjena-iza-ociju-teya\/#breadcrumb","itemListElement":[{"@type":"ListItem","position":1,"name":"Po\u010detna stranica","item":"https:\/\/webknjizara.hr\/en\/"},{"@type":"ListItem","position":2,"name":"Shop","item":"https:\/\/webknjizara.hr\/shop\/"},{"@type":"ListItem","position":3,"name":"SJENA IZA O\u010cIJU, Teya"}]},{"@type":"WebSite","@id":"https:\/\/webknjizara.hr\/#website","url":"https:\/\/webknjizara.hr\/","name":"Web Knji\u017eara","description":"","publisher":{"@id":"https:\/\/webknjizara.hr\/#organization"},"potentialAction":[{"@type":"SearchAction","target":{"@type":"EntryPoint","urlTemplate":"https:\/\/webknjizara.hr\/?s={search_term_string}"},"query-input":{"@type":"PropertyValueSpecification","valueRequired":true,"valueName":"search_term_string"}}],"inLanguage":"en-US"},{"@type":"Organization","@id":"https:\/\/webknjizara.hr\/#organization","name":"REDAK D.O.O.","url":"https:\/\/webknjizara.hr\/","logo":{"@type":"ImageObject","inLanguage":"en-US","@id":"https:\/\/webknjizara.hr\/#\/schema\/logo\/image\/","url":"https:\/\/webknjizara.hr\/wp-content\/uploads\/2023\/01\/web-knjizara-logo.webp","contentUrl":"https:\/\/webknjizara.hr\/wp-content\/uploads\/2023\/01\/web-knjizara-logo.webp","width":324,"height":79,"caption":"REDAK D.O.O."},"image":{"@id":"https:\/\/webknjizara.hr\/#\/schema\/logo\/image\/"}}]}},"_links":{"self":[{"href":"https:\/\/webknjizara.hr\/en\/wp-json\/wp\/v2\/product\/19885","targetHints":{"allow":["GET"]}}],"collection":[{"href":"https:\/\/webknjizara.hr\/en\/wp-json\/wp\/v2\/product"}],"about":[{"href":"https:\/\/webknjizara.hr\/en\/wp-json\/wp\/v2\/types\/product"}],"replies":[{"embeddable":true,"href":"https:\/\/webknjizara.hr\/en\/wp-json\/wp\/v2\/comments?post=19885"}],"wp:featuredmedia":[{"embeddable":true,"href":"https:\/\/webknjizara.hr\/en\/wp-json\/wp\/v2\/media\/19886"}],"wp:attachment":[{"href":"https:\/\/webknjizara.hr\/en\/wp-json\/wp\/v2\/media?parent=19885"}],"wp:term":[{"taxonomy":"product_brand","embeddable":true,"href":"https:\/\/webknjizara.hr\/en\/wp-json\/wp\/v2\/product_brand?post=19885"},{"taxonomy":"product_cat","embeddable":true,"href":"https:\/\/webknjizara.hr\/en\/wp-json\/wp\/v2\/product_cat?post=19885"},{"taxonomy":"product_tag","embeddable":true,"href":"https:\/\/webknjizara.hr\/en\/wp-json\/wp\/v2\/product_tag?post=19885"}],"curies":[{"name":"wp","href":"https:\/\/api.w.org\/{rel}","templated":true}]}}