{"id":19742,"date":"2025-08-20T00:37:44","date_gmt":"2025-08-19T22:37:44","guid":{"rendered":"https:\/\/webknjizara.hr\/?post_type=product&#038;p=19742"},"modified":"2025-08-20T00:37:44","modified_gmt":"2025-08-19T22:37:44","slug":"zlatna-vrata-matija-rubic","status":"publish","type":"product","link":"https:\/\/webknjizara.hr\/en\/proizvod\/zlatna-vrata-matija-rubic\/","title":{"rendered":"ZLATNA VRATA, Matija Rubi\u0107"},"content":{"rendered":"<p><strong>Nestala djeca. Grad u panici. <\/strong><strong>Mladi detektiv u utrci s vremenom.<\/strong><\/p>\n<p>U novom nastavku serijala o Roku Mileti\u0107u mladi istra\u017eitelj u prvoj samostalnoj istrazi poku\u0161ava rasplesti mre\u017eu nestanaka djece u Splitu ne znaju\u0107i da \u0107e pritom ogoliti davno zaboravljenu istinu. Svaki novi dan donosi nove izazove koji splitsku policiju gotovo bacaju na koljena. Za to vrijeme njegov nekada\u0161nji mentor, Davor Lovrekovi\u0107, u ti\u0161ini istra\u017euje pukotine slu\u010daja Obojene svjetlosti, a istina koju \u0107e otkriti izazvat \u0107e posljedice neslu\u0107enih razmjera.<\/p>\n<p>Iako ga istraga stavlja na nove ku\u0161nje, Roko ne odustaje ni od istine ni od onih koje \u017eeli za\u0161tititi.<\/p>\n<p>Roman Zlatna vrata nastavlja pratiti mladog detektiva u njegovoj borbi s novim prijetnjama: radnja je br\u017ea, ulog ve\u0107i, a posljedice ozbiljnije. Zbog dinami\u010dnih dijaloga, neizostavnog humora i autenti\u010dnih lokacija opet jasno osje\u0107amo ritam grada podno Marjana. Bilo mu udara sve ja\u010de. A vrijeme istje\u010de.<\/p>\n<p><strong>Bilje\u0161ka o autoru: <\/strong><\/p>\n<p>Matija Rubi\u0107 dvadeset\u0161estogodi\u0161nji je magistar ekonomije iz Splita koji od svojih dje\u010da\u010dkih nogu gaji strast prema knjizi i filmu. U svojim rukopisima trudi se povezati ta dva svijeta i stvoriti fikciju u kojoj se sedma umjetnost prelijeva na papir i tintu.<\/p>\n<p>Zlatna vrata njegov je drugi objavljeni roman iz ciklusa romana o splitskom istra\u017eitelju Roku Mileti\u0107u.<\/p>\n<p><strong>Klju\u010dne rije\u010di: <\/strong>Krimi\u0107, krimi\u0107i u splitu, kriminalisti\u010dki roman, ubojstvo, istraga, Roko Mileti\u0107<\/p>\n<p><strong>Link: <\/strong><a href=\"https:\/\/www.instagram.com\/mr.autor\/\">https:\/\/www.instagram.com\/mr.autor\/<\/a><br \/>\n<strong>E-mail: <\/strong><a href=\"mailto:matijarubic@gmail.com\">Matija Rubi\u0107<\/a><\/p>\n<p><strong>Naslov: <\/strong>Zlatna vrata<br \/>\n<strong>Autor\/autorica:<\/strong> Matija Rubi\u0107<br \/>\n<strong>Broj stranica: <\/strong>306<br \/>\n<strong>Nakladnik: <\/strong>REDAK<br \/>\n<strong>Godina izdanja: <\/strong>2025.<strong>.<br \/>\n<\/strong><strong>ISBN:<\/strong> 978-953-395-103-4<br \/>\n<strong>Tisak:<\/strong> digitalni tisak knjiga &#8211; print na zahtjev<\/p>\n","protected":false},"excerpt":{"rendered":"<p>Nestala djeca. Grad u panici. Mladi detektiv u utrci s vremenom. U novom nastavku serijala o Roku Mileti\u0107u mladi istra\u017eitelj u prvoj samostalnoj istrazi poku\u0161ava rasplesti mre\u017eu nestanaka djece u Splitu ne znaju\u0107i da \u0107e pritom ogoliti davno zaboravljenu istinu. Svaki novi dan donosi nove izazove koji splitsku policiju gotovo bacaju na koljena. Za to [&hellip;]<\/p>\n","protected":false},"featured_media":19743,"comment_status":"open","ping_status":"closed","template":"","meta":{"_acf_changed":false},"product_brand":[],"product_cat":[1605],"product_tag":[],"class_list":{"0":"post-19742","1":"product","2":"type-product","3":"status-publish","4":"has-post-thumbnail","6":"product_cat-roman","7":"pa_autor-matija-rubic","8":"pa_nakladnik-redak","10":"first","11":"instock","12":"shipping-taxable","13":"purchasable","14":"product-type-simple"},"acf":[],"yoast_head":"<!-- This site is optimized with the Yoast SEO plugin v27.3 - https:\/\/yoast.com\/product\/yoast-seo-wordpress\/ -->\n<title>ZLATNA VRATA, Matija Rubi\u0107 - Web-knji\u017eara<\/title>\n<meta name=\"robots\" content=\"index, follow, max-snippet:-1, max-image-preview:large, max-video-preview:-1\" \/>\n<link rel=\"canonical\" href=\"https:\/\/webknjizara.hr\/proizvod\/zlatna-vrata-matija-rubic\/\" \/>\n<meta property=\"og:locale\" content=\"en_US\" \/>\n<meta property=\"og:type\" content=\"article\" \/>\n<meta property=\"og:title\" content=\"ZLATNA VRATA, Matija Rubi\u0107 - Web-knji\u017eara\" \/>\n<meta property=\"og:description\" content=\"Nestala djeca. Grad u panici. Mladi detektiv u utrci s vremenom. U novom nastavku serijala o Roku Mileti\u0107u mladi istra\u017eitelj u prvoj samostalnoj istrazi poku\u0161ava rasplesti mre\u017eu nestanaka djece u Splitu ne znaju\u0107i da \u0107e pritom ogoliti davno zaboravljenu istinu. Svaki novi dan donosi nove izazove koji splitsku policiju gotovo bacaju na koljena. Za to [&hellip;]\" \/>\n<meta property=\"og:url\" content=\"https:\/\/webknjizara.hr\/proizvod\/zlatna-vrata-matija-rubic\/\" \/>\n<meta property=\"og:site_name\" content=\"Web-knji\u017eara\" \/>\n<meta property=\"og:image\" content=\"https:\/\/webknjizara.hr\/wp-content\/uploads\/2025\/08\/Matija_Rubic_Zlatna_vrata_webknjizara_redak_WEB_1749.jpg\" \/>\n\t<meta property=\"og:image:width\" content=\"300\" \/>\n\t<meta property=\"og:image:height\" content=\"419\" \/>\n\t<meta property=\"og:image:type\" content=\"image\/jpeg\" \/>\n<meta name=\"twitter:card\" content=\"summary_large_image\" \/>\n<meta name=\"twitter:label1\" content=\"Est. reading time\" \/>\n\t<meta name=\"twitter:data1\" content=\"2 minutes\" \/>\n<script type=\"application\/ld+json\" class=\"yoast-schema-graph\">{\"@context\":\"https:\\\/\\\/schema.org\",\"@graph\":[{\"@type\":\"WebPage\",\"@id\":\"https:\\\/\\\/webknjizara.hr\\\/proizvod\\\/zlatna-vrata-matija-rubic\\\/\",\"url\":\"https:\\\/\\\/webknjizara.hr\\\/proizvod\\\/zlatna-vrata-matija-rubic\\\/\",\"name\":\"ZLATNA VRATA, Matija Rubi\u0107 - Web-knji\u017eara\",\"isPartOf\":{\"@id\":\"https:\\\/\\\/webknjizara.hr\\\/#website\"},\"primaryImageOfPage\":{\"@id\":\"https:\\\/\\\/webknjizara.hr\\\/proizvod\\\/zlatna-vrata-matija-rubic\\\/#primaryimage\"},\"image\":{\"@id\":\"https:\\\/\\\/webknjizara.hr\\\/proizvod\\\/zlatna-vrata-matija-rubic\\\/#primaryimage\"},\"thumbnailUrl\":\"https:\\\/\\\/webknjizara.hr\\\/wp-content\\\/uploads\\\/2025\\\/08\\\/Matija_Rubic_Zlatna_vrata_webknjizara_redak_WEB_1749.jpg\",\"datePublished\":\"2025-08-19T22:37:44+00:00\",\"breadcrumb\":{\"@id\":\"https:\\\/\\\/webknjizara.hr\\\/proizvod\\\/zlatna-vrata-matija-rubic\\\/#breadcrumb\"},\"inLanguage\":\"en-US\",\"potentialAction\":[{\"@type\":\"ReadAction\",\"target\":[\"https:\\\/\\\/webknjizara.hr\\\/proizvod\\\/zlatna-vrata-matija-rubic\\\/\"]}]},{\"@type\":\"ImageObject\",\"inLanguage\":\"en-US\",\"@id\":\"https:\\\/\\\/webknjizara.hr\\\/proizvod\\\/zlatna-vrata-matija-rubic\\\/#primaryimage\",\"url\":\"https:\\\/\\\/webknjizara.hr\\\/wp-content\\\/uploads\\\/2025\\\/08\\\/Matija_Rubic_Zlatna_vrata_webknjizara_redak_WEB_1749.jpg\",\"contentUrl\":\"https:\\\/\\\/webknjizara.hr\\\/wp-content\\\/uploads\\\/2025\\\/08\\\/Matija_Rubic_Zlatna_vrata_webknjizara_redak_WEB_1749.jpg\",\"width\":300,\"height\":419,\"caption\":\"ZLATNA VRATA, Matija Rubi\u0107\"},{\"@type\":\"BreadcrumbList\",\"@id\":\"https:\\\/\\\/webknjizara.hr\\\/proizvod\\\/zlatna-vrata-matija-rubic\\\/#breadcrumb\",\"itemListElement\":[{\"@type\":\"ListItem\",\"position\":1,\"name\":\"Po\u010detna stranica\",\"item\":\"https:\\\/\\\/webknjizara.hr\\\/en\\\/\"},{\"@type\":\"ListItem\",\"position\":2,\"name\":\"Shop\",\"item\":\"https:\\\/\\\/webknjizara.hr\\\/shop\\\/\"},{\"@type\":\"ListItem\",\"position\":3,\"name\":\"ZLATNA VRATA, Matija Rubi\u0107\"}]},{\"@type\":\"WebSite\",\"@id\":\"https:\\\/\\\/webknjizara.hr\\\/#website\",\"url\":\"https:\\\/\\\/webknjizara.hr\\\/\",\"name\":\"Web Knji\u017eara\",\"description\":\"\",\"publisher\":{\"@id\":\"https:\\\/\\\/webknjizara.hr\\\/#organization\"},\"potentialAction\":[{\"@type\":\"SearchAction\",\"target\":{\"@type\":\"EntryPoint\",\"urlTemplate\":\"https:\\\/\\\/webknjizara.hr\\\/?s={search_term_string}\"},\"query-input\":{\"@type\":\"PropertyValueSpecification\",\"valueRequired\":true,\"valueName\":\"search_term_string\"}}],\"inLanguage\":\"en-US\"},{\"@type\":\"Organization\",\"@id\":\"https:\\\/\\\/webknjizara.hr\\\/#organization\",\"name\":\"REDAK D.O.O.\",\"url\":\"https:\\\/\\\/webknjizara.hr\\\/\",\"logo\":{\"@type\":\"ImageObject\",\"inLanguage\":\"en-US\",\"@id\":\"https:\\\/\\\/webknjizara.hr\\\/#\\\/schema\\\/logo\\\/image\\\/\",\"url\":\"https:\\\/\\\/webknjizara.hr\\\/wp-content\\\/uploads\\\/2023\\\/01\\\/web-knjizara-logo.webp\",\"contentUrl\":\"https:\\\/\\\/webknjizara.hr\\\/wp-content\\\/uploads\\\/2023\\\/01\\\/web-knjizara-logo.webp\",\"width\":324,\"height\":79,\"caption\":\"REDAK D.O.O.\"},\"image\":{\"@id\":\"https:\\\/\\\/webknjizara.hr\\\/#\\\/schema\\\/logo\\\/image\\\/\"}}]}<\/script>\n<!-- \/ Yoast SEO plugin. -->","yoast_head_json":{"title":"ZLATNA VRATA, Matija Rubi\u0107 - Web-knji\u017eara","robots":{"index":"index","follow":"follow","max-snippet":"max-snippet:-1","max-image-preview":"max-image-preview:large","max-video-preview":"max-video-preview:-1"},"canonical":"https:\/\/webknjizara.hr\/proizvod\/zlatna-vrata-matija-rubic\/","og_locale":"en_US","og_type":"article","og_title":"ZLATNA VRATA, Matija Rubi\u0107 - Web-knji\u017eara","og_description":"Nestala djeca. Grad u panici. Mladi detektiv u utrci s vremenom. U novom nastavku serijala o Roku Mileti\u0107u mladi istra\u017eitelj u prvoj samostalnoj istrazi poku\u0161ava rasplesti mre\u017eu nestanaka djece u Splitu ne znaju\u0107i da \u0107e pritom ogoliti davno zaboravljenu istinu. Svaki novi dan donosi nove izazove koji splitsku policiju gotovo bacaju na koljena. Za to [&hellip;]","og_url":"https:\/\/webknjizara.hr\/proizvod\/zlatna-vrata-matija-rubic\/","og_site_name":"Web-knji\u017eara","og_image":[{"width":300,"height":419,"url":"https:\/\/webknjizara.hr\/wp-content\/uploads\/2025\/08\/Matija_Rubic_Zlatna_vrata_webknjizara_redak_WEB_1749.jpg","type":"image\/jpeg"}],"twitter_card":"summary_large_image","twitter_misc":{"Est. reading time":"2 minutes"},"schema":{"@context":"https:\/\/schema.org","@graph":[{"@type":"WebPage","@id":"https:\/\/webknjizara.hr\/proizvod\/zlatna-vrata-matija-rubic\/","url":"https:\/\/webknjizara.hr\/proizvod\/zlatna-vrata-matija-rubic\/","name":"ZLATNA VRATA, Matija Rubi\u0107 - Web-knji\u017eara","isPartOf":{"@id":"https:\/\/webknjizara.hr\/#website"},"primaryImageOfPage":{"@id":"https:\/\/webknjizara.hr\/proizvod\/zlatna-vrata-matija-rubic\/#primaryimage"},"image":{"@id":"https:\/\/webknjizara.hr\/proizvod\/zlatna-vrata-matija-rubic\/#primaryimage"},"thumbnailUrl":"https:\/\/webknjizara.hr\/wp-content\/uploads\/2025\/08\/Matija_Rubic_Zlatna_vrata_webknjizara_redak_WEB_1749.jpg","datePublished":"2025-08-19T22:37:44+00:00","breadcrumb":{"@id":"https:\/\/webknjizara.hr\/proizvod\/zlatna-vrata-matija-rubic\/#breadcrumb"},"inLanguage":"en-US","potentialAction":[{"@type":"ReadAction","target":["https:\/\/webknjizara.hr\/proizvod\/zlatna-vrata-matija-rubic\/"]}]},{"@type":"ImageObject","inLanguage":"en-US","@id":"https:\/\/webknjizara.hr\/proizvod\/zlatna-vrata-matija-rubic\/#primaryimage","url":"https:\/\/webknjizara.hr\/wp-content\/uploads\/2025\/08\/Matija_Rubic_Zlatna_vrata_webknjizara_redak_WEB_1749.jpg","contentUrl":"https:\/\/webknjizara.hr\/wp-content\/uploads\/2025\/08\/Matija_Rubic_Zlatna_vrata_webknjizara_redak_WEB_1749.jpg","width":300,"height":419,"caption":"ZLATNA VRATA, Matija Rubi\u0107"},{"@type":"BreadcrumbList","@id":"https:\/\/webknjizara.hr\/proizvod\/zlatna-vrata-matija-rubic\/#breadcrumb","itemListElement":[{"@type":"ListItem","position":1,"name":"Po\u010detna stranica","item":"https:\/\/webknjizara.hr\/en\/"},{"@type":"ListItem","position":2,"name":"Shop","item":"https:\/\/webknjizara.hr\/shop\/"},{"@type":"ListItem","position":3,"name":"ZLATNA VRATA, Matija Rubi\u0107"}]},{"@type":"WebSite","@id":"https:\/\/webknjizara.hr\/#website","url":"https:\/\/webknjizara.hr\/","name":"Web Knji\u017eara","description":"","publisher":{"@id":"https:\/\/webknjizara.hr\/#organization"},"potentialAction":[{"@type":"SearchAction","target":{"@type":"EntryPoint","urlTemplate":"https:\/\/webknjizara.hr\/?s={search_term_string}"},"query-input":{"@type":"PropertyValueSpecification","valueRequired":true,"valueName":"search_term_string"}}],"inLanguage":"en-US"},{"@type":"Organization","@id":"https:\/\/webknjizara.hr\/#organization","name":"REDAK D.O.O.","url":"https:\/\/webknjizara.hr\/","logo":{"@type":"ImageObject","inLanguage":"en-US","@id":"https:\/\/webknjizara.hr\/#\/schema\/logo\/image\/","url":"https:\/\/webknjizara.hr\/wp-content\/uploads\/2023\/01\/web-knjizara-logo.webp","contentUrl":"https:\/\/webknjizara.hr\/wp-content\/uploads\/2023\/01\/web-knjizara-logo.webp","width":324,"height":79,"caption":"REDAK D.O.O."},"image":{"@id":"https:\/\/webknjizara.hr\/#\/schema\/logo\/image\/"}}]}},"_links":{"self":[{"href":"https:\/\/webknjizara.hr\/en\/wp-json\/wp\/v2\/product\/19742","targetHints":{"allow":["GET"]}}],"collection":[{"href":"https:\/\/webknjizara.hr\/en\/wp-json\/wp\/v2\/product"}],"about":[{"href":"https:\/\/webknjizara.hr\/en\/wp-json\/wp\/v2\/types\/product"}],"replies":[{"embeddable":true,"href":"https:\/\/webknjizara.hr\/en\/wp-json\/wp\/v2\/comments?post=19742"}],"wp:featuredmedia":[{"embeddable":true,"href":"https:\/\/webknjizara.hr\/en\/wp-json\/wp\/v2\/media\/19743"}],"wp:attachment":[{"href":"https:\/\/webknjizara.hr\/en\/wp-json\/wp\/v2\/media?parent=19742"}],"wp:term":[{"taxonomy":"product_brand","embeddable":true,"href":"https:\/\/webknjizara.hr\/en\/wp-json\/wp\/v2\/product_brand?post=19742"},{"taxonomy":"product_cat","embeddable":true,"href":"https:\/\/webknjizara.hr\/en\/wp-json\/wp\/v2\/product_cat?post=19742"},{"taxonomy":"product_tag","embeddable":true,"href":"https:\/\/webknjizara.hr\/en\/wp-json\/wp\/v2\/product_tag?post=19742"}],"curies":[{"name":"wp","href":"https:\/\/api.w.org\/{rel}","templated":true}]}}