{"id":19709,"date":"2025-08-15T01:58:47","date_gmt":"2025-08-14T23:58:47","guid":{"rendered":"https:\/\/webknjizara.hr\/?post_type=product&#038;p=19709"},"modified":"2025-08-15T01:58:48","modified_gmt":"2025-08-14T23:58:48","slug":"dubrovacki-spomenar-ana-basic-4","status":"publish","type":"product","link":"https:\/\/webknjizara.hr\/en\/proizvod\/dubrovacki-spomenar-ana-basic-4\/","title":{"rendered":"DUBROVA\u010cKI SPOMENAR, Ana Ba\u0161i\u0107"},"content":{"rendered":"<p>Zbirka poezije i proze<\/p>\n<p><strong>Bilje\u0161ka o autorima: <\/strong><\/p>\n<p>U ovogodi\u0161njem Dubrova\u010dkom spomenaru predstavilo se dvadeset i jedan autor proze i poezije koji su na neki osobit na\u010din povezani s gradom, bilo ro\u0111enjem, \u017eivljenjem ili jednostavno naklonosti i ljubavi prema gradu.<\/p>\n<p>Svaki autor opisuje na svoj na\u010din svoje emocije uglavnom preko online programe udruge. No iznad svega na prvo mjesto stavljaju ljubav i duboke osje\u0107aje prema odre\u0111enim do\u017eivljajima i doga\u0111ajima koji ih zaokupljaju. Svoju ti\u0161inu razbijaju objavom svojih djela i dijele ih s ljubiteljima literarne rije\u010di. Pisana rije\u010d ukazuje i na \u0161iroku povezanost me\u0111u ljudima, onim koji su s nama i onima koji vi\u0161e nisu, kao i okru\u017eenjem u kojem obitavaju. Neki radovi (poezija) su pisani kratko na dah, dok su se drugi odlu\u010dili ili su skloni naraciji od posve obi\u010dne konstatacije do misaonosti.<\/p>\n<p><strong>Klju\u010dne rije\u010di: <\/strong>dubrova\u010dki spomenar<\/p>\n<p><strong>E-mail:\u00a0<\/strong><a href=\"mailto:abasic377@gmail.com\">Ana Ba\u0161i\u0107<\/a><\/p>\n<p><strong>Naslov: <\/strong>Dubrova\u010dki spomenar<br \/>\n<strong>Autor\/autorica:<\/strong> Ana Ba\u0161i\u0107<br \/>\n<strong>Broj stranica: <\/strong>198<br \/>\n<strong>Nakladnik: <\/strong>UDRUGA SAMOSTALNIH UMJETNIKA DUBROVNIK Ana Ba\u0161i\u0107<br \/>\n<strong>Godina izdanja: <\/strong>2025.<strong><br \/>\n<\/strong><strong>ISBN:<\/strong> ISSN 2991-633X<br \/>\n<strong>Tisak:<\/strong> digitalni tisak knjiga &#8211; print na zahtjev<\/p>\n","protected":false},"excerpt":{"rendered":"<p>Zbirka poezije i proze Bilje\u0161ka o autorima: U ovogodi\u0161njem Dubrova\u010dkom spomenaru predstavilo se dvadeset i jedan autor proze i poezije koji su na neki osobit na\u010din povezani s gradom, bilo ro\u0111enjem, \u017eivljenjem ili jednostavno naklonosti i ljubavi prema gradu. Svaki autor opisuje na svoj na\u010din svoje emocije uglavnom preko online programe udruge. No iznad svega [&hellip;]<\/p>\n","protected":false},"featured_media":19710,"comment_status":"open","ping_status":"closed","template":"","meta":{"_acf_changed":false},"product_brand":[],"product_cat":[1607],"product_tag":[],"class_list":{"0":"post-19709","1":"product","2":"type-product","3":"status-publish","4":"has-post-thumbnail","6":"product_cat-proza","7":"pa_autor-ana-basic","8":"pa_nakladnik-udruga-samostalnih-umjetnika-dubrovnik-ana-basic-2","10":"first","11":"instock","12":"shipping-taxable","13":"purchasable","14":"product-type-simple"},"acf":[],"yoast_head":"<!-- This site is optimized with the Yoast SEO plugin v27.3 - https:\/\/yoast.com\/product\/yoast-seo-wordpress\/ -->\n<title>DUBROVA\u010cKI SPOMENAR, Ana Ba\u0161i\u0107 - Web-knji\u017eara<\/title>\n<meta name=\"robots\" content=\"index, follow, max-snippet:-1, max-image-preview:large, max-video-preview:-1\" \/>\n<link rel=\"canonical\" href=\"https:\/\/webknjizara.hr\/proizvod\/dubrovacki-spomenar-ana-basic-4\/\" \/>\n<meta property=\"og:locale\" content=\"en_US\" \/>\n<meta property=\"og:type\" content=\"article\" \/>\n<meta property=\"og:title\" content=\"DUBROVA\u010cKI SPOMENAR, Ana Ba\u0161i\u0107 - Web-knji\u017eara\" \/>\n<meta property=\"og:description\" content=\"Zbirka poezije i proze Bilje\u0161ka o autorima: U ovogodi\u0161njem Dubrova\u010dkom spomenaru predstavilo se dvadeset i jedan autor proze i poezije koji su na neki osobit na\u010din povezani s gradom, bilo ro\u0111enjem, \u017eivljenjem ili jednostavno naklonosti i ljubavi prema gradu. Svaki autor opisuje na svoj na\u010din svoje emocije uglavnom preko online programe udruge. No iznad svega [&hellip;]\" \/>\n<meta property=\"og:url\" content=\"https:\/\/webknjizara.hr\/proizvod\/dubrovacki-spomenar-ana-basic-4\/\" \/>\n<meta property=\"og:site_name\" content=\"Web-knji\u017eara\" \/>\n<meta property=\"article:modified_time\" content=\"2025-08-14T23:58:48+00:00\" \/>\n<meta property=\"og:image\" content=\"https:\/\/webknjizara.hr\/wp-content\/uploads\/2025\/08\/Ana_Basic_Dubrovacki_spomenar_webknjizara_redak_WEB_1707.jpg\" \/>\n\t<meta property=\"og:image:width\" content=\"300\" \/>\n\t<meta property=\"og:image:height\" content=\"419\" \/>\n\t<meta property=\"og:image:type\" content=\"image\/jpeg\" \/>\n<meta name=\"twitter:card\" content=\"summary_large_image\" \/>\n<meta name=\"twitter:label1\" content=\"Est. reading time\" \/>\n\t<meta name=\"twitter:data1\" content=\"2 minutes\" \/>\n<script type=\"application\/ld+json\" class=\"yoast-schema-graph\">{\"@context\":\"https:\\\/\\\/schema.org\",\"@graph\":[{\"@type\":\"WebPage\",\"@id\":\"https:\\\/\\\/webknjizara.hr\\\/proizvod\\\/dubrovacki-spomenar-ana-basic-4\\\/\",\"url\":\"https:\\\/\\\/webknjizara.hr\\\/proizvod\\\/dubrovacki-spomenar-ana-basic-4\\\/\",\"name\":\"DUBROVA\u010cKI SPOMENAR, Ana Ba\u0161i\u0107 - Web-knji\u017eara\",\"isPartOf\":{\"@id\":\"https:\\\/\\\/webknjizara.hr\\\/#website\"},\"primaryImageOfPage\":{\"@id\":\"https:\\\/\\\/webknjizara.hr\\\/proizvod\\\/dubrovacki-spomenar-ana-basic-4\\\/#primaryimage\"},\"image\":{\"@id\":\"https:\\\/\\\/webknjizara.hr\\\/proizvod\\\/dubrovacki-spomenar-ana-basic-4\\\/#primaryimage\"},\"thumbnailUrl\":\"https:\\\/\\\/webknjizara.hr\\\/wp-content\\\/uploads\\\/2025\\\/08\\\/Ana_Basic_Dubrovacki_spomenar_webknjizara_redak_WEB_1707.jpg\",\"datePublished\":\"2025-08-14T23:58:47+00:00\",\"dateModified\":\"2025-08-14T23:58:48+00:00\",\"breadcrumb\":{\"@id\":\"https:\\\/\\\/webknjizara.hr\\\/proizvod\\\/dubrovacki-spomenar-ana-basic-4\\\/#breadcrumb\"},\"inLanguage\":\"en-US\",\"potentialAction\":[{\"@type\":\"ReadAction\",\"target\":[\"https:\\\/\\\/webknjizara.hr\\\/proizvod\\\/dubrovacki-spomenar-ana-basic-4\\\/\"]}]},{\"@type\":\"ImageObject\",\"inLanguage\":\"en-US\",\"@id\":\"https:\\\/\\\/webknjizara.hr\\\/proizvod\\\/dubrovacki-spomenar-ana-basic-4\\\/#primaryimage\",\"url\":\"https:\\\/\\\/webknjizara.hr\\\/wp-content\\\/uploads\\\/2025\\\/08\\\/Ana_Basic_Dubrovacki_spomenar_webknjizara_redak_WEB_1707.jpg\",\"contentUrl\":\"https:\\\/\\\/webknjizara.hr\\\/wp-content\\\/uploads\\\/2025\\\/08\\\/Ana_Basic_Dubrovacki_spomenar_webknjizara_redak_WEB_1707.jpg\",\"width\":300,\"height\":419,\"caption\":\"DUBROVA\u010cKI SPOMENAR, Ana Ba\u0161i\u0107\"},{\"@type\":\"BreadcrumbList\",\"@id\":\"https:\\\/\\\/webknjizara.hr\\\/proizvod\\\/dubrovacki-spomenar-ana-basic-4\\\/#breadcrumb\",\"itemListElement\":[{\"@type\":\"ListItem\",\"position\":1,\"name\":\"Po\u010detna stranica\",\"item\":\"https:\\\/\\\/webknjizara.hr\\\/en\\\/\"},{\"@type\":\"ListItem\",\"position\":2,\"name\":\"Shop\",\"item\":\"https:\\\/\\\/webknjizara.hr\\\/shop\\\/\"},{\"@type\":\"ListItem\",\"position\":3,\"name\":\"DUBROVA\u010cKI SPOMENAR, Ana Ba\u0161i\u0107\"}]},{\"@type\":\"WebSite\",\"@id\":\"https:\\\/\\\/webknjizara.hr\\\/#website\",\"url\":\"https:\\\/\\\/webknjizara.hr\\\/\",\"name\":\"Web Knji\u017eara\",\"description\":\"\",\"publisher\":{\"@id\":\"https:\\\/\\\/webknjizara.hr\\\/#organization\"},\"potentialAction\":[{\"@type\":\"SearchAction\",\"target\":{\"@type\":\"EntryPoint\",\"urlTemplate\":\"https:\\\/\\\/webknjizara.hr\\\/?s={search_term_string}\"},\"query-input\":{\"@type\":\"PropertyValueSpecification\",\"valueRequired\":true,\"valueName\":\"search_term_string\"}}],\"inLanguage\":\"en-US\"},{\"@type\":\"Organization\",\"@id\":\"https:\\\/\\\/webknjizara.hr\\\/#organization\",\"name\":\"REDAK D.O.O.\",\"url\":\"https:\\\/\\\/webknjizara.hr\\\/\",\"logo\":{\"@type\":\"ImageObject\",\"inLanguage\":\"en-US\",\"@id\":\"https:\\\/\\\/webknjizara.hr\\\/#\\\/schema\\\/logo\\\/image\\\/\",\"url\":\"https:\\\/\\\/webknjizara.hr\\\/wp-content\\\/uploads\\\/2023\\\/01\\\/web-knjizara-logo.webp\",\"contentUrl\":\"https:\\\/\\\/webknjizara.hr\\\/wp-content\\\/uploads\\\/2023\\\/01\\\/web-knjizara-logo.webp\",\"width\":324,\"height\":79,\"caption\":\"REDAK D.O.O.\"},\"image\":{\"@id\":\"https:\\\/\\\/webknjizara.hr\\\/#\\\/schema\\\/logo\\\/image\\\/\"}}]}<\/script>\n<!-- \/ Yoast SEO plugin. -->","yoast_head_json":{"title":"DUBROVA\u010cKI SPOMENAR, Ana Ba\u0161i\u0107 - Web-knji\u017eara","robots":{"index":"index","follow":"follow","max-snippet":"max-snippet:-1","max-image-preview":"max-image-preview:large","max-video-preview":"max-video-preview:-1"},"canonical":"https:\/\/webknjizara.hr\/proizvod\/dubrovacki-spomenar-ana-basic-4\/","og_locale":"en_US","og_type":"article","og_title":"DUBROVA\u010cKI SPOMENAR, Ana Ba\u0161i\u0107 - Web-knji\u017eara","og_description":"Zbirka poezije i proze Bilje\u0161ka o autorima: U ovogodi\u0161njem Dubrova\u010dkom spomenaru predstavilo se dvadeset i jedan autor proze i poezije koji su na neki osobit na\u010din povezani s gradom, bilo ro\u0111enjem, \u017eivljenjem ili jednostavno naklonosti i ljubavi prema gradu. Svaki autor opisuje na svoj na\u010din svoje emocije uglavnom preko online programe udruge. No iznad svega [&hellip;]","og_url":"https:\/\/webknjizara.hr\/proizvod\/dubrovacki-spomenar-ana-basic-4\/","og_site_name":"Web-knji\u017eara","article_modified_time":"2025-08-14T23:58:48+00:00","og_image":[{"width":300,"height":419,"url":"https:\/\/webknjizara.hr\/wp-content\/uploads\/2025\/08\/Ana_Basic_Dubrovacki_spomenar_webknjizara_redak_WEB_1707.jpg","type":"image\/jpeg"}],"twitter_card":"summary_large_image","twitter_misc":{"Est. reading time":"2 minutes"},"schema":{"@context":"https:\/\/schema.org","@graph":[{"@type":"WebPage","@id":"https:\/\/webknjizara.hr\/proizvod\/dubrovacki-spomenar-ana-basic-4\/","url":"https:\/\/webknjizara.hr\/proizvod\/dubrovacki-spomenar-ana-basic-4\/","name":"DUBROVA\u010cKI SPOMENAR, Ana Ba\u0161i\u0107 - Web-knji\u017eara","isPartOf":{"@id":"https:\/\/webknjizara.hr\/#website"},"primaryImageOfPage":{"@id":"https:\/\/webknjizara.hr\/proizvod\/dubrovacki-spomenar-ana-basic-4\/#primaryimage"},"image":{"@id":"https:\/\/webknjizara.hr\/proizvod\/dubrovacki-spomenar-ana-basic-4\/#primaryimage"},"thumbnailUrl":"https:\/\/webknjizara.hr\/wp-content\/uploads\/2025\/08\/Ana_Basic_Dubrovacki_spomenar_webknjizara_redak_WEB_1707.jpg","datePublished":"2025-08-14T23:58:47+00:00","dateModified":"2025-08-14T23:58:48+00:00","breadcrumb":{"@id":"https:\/\/webknjizara.hr\/proizvod\/dubrovacki-spomenar-ana-basic-4\/#breadcrumb"},"inLanguage":"en-US","potentialAction":[{"@type":"ReadAction","target":["https:\/\/webknjizara.hr\/proizvod\/dubrovacki-spomenar-ana-basic-4\/"]}]},{"@type":"ImageObject","inLanguage":"en-US","@id":"https:\/\/webknjizara.hr\/proizvod\/dubrovacki-spomenar-ana-basic-4\/#primaryimage","url":"https:\/\/webknjizara.hr\/wp-content\/uploads\/2025\/08\/Ana_Basic_Dubrovacki_spomenar_webknjizara_redak_WEB_1707.jpg","contentUrl":"https:\/\/webknjizara.hr\/wp-content\/uploads\/2025\/08\/Ana_Basic_Dubrovacki_spomenar_webknjizara_redak_WEB_1707.jpg","width":300,"height":419,"caption":"DUBROVA\u010cKI SPOMENAR, Ana Ba\u0161i\u0107"},{"@type":"BreadcrumbList","@id":"https:\/\/webknjizara.hr\/proizvod\/dubrovacki-spomenar-ana-basic-4\/#breadcrumb","itemListElement":[{"@type":"ListItem","position":1,"name":"Po\u010detna stranica","item":"https:\/\/webknjizara.hr\/en\/"},{"@type":"ListItem","position":2,"name":"Shop","item":"https:\/\/webknjizara.hr\/shop\/"},{"@type":"ListItem","position":3,"name":"DUBROVA\u010cKI SPOMENAR, Ana Ba\u0161i\u0107"}]},{"@type":"WebSite","@id":"https:\/\/webknjizara.hr\/#website","url":"https:\/\/webknjizara.hr\/","name":"Web Knji\u017eara","description":"","publisher":{"@id":"https:\/\/webknjizara.hr\/#organization"},"potentialAction":[{"@type":"SearchAction","target":{"@type":"EntryPoint","urlTemplate":"https:\/\/webknjizara.hr\/?s={search_term_string}"},"query-input":{"@type":"PropertyValueSpecification","valueRequired":true,"valueName":"search_term_string"}}],"inLanguage":"en-US"},{"@type":"Organization","@id":"https:\/\/webknjizara.hr\/#organization","name":"REDAK D.O.O.","url":"https:\/\/webknjizara.hr\/","logo":{"@type":"ImageObject","inLanguage":"en-US","@id":"https:\/\/webknjizara.hr\/#\/schema\/logo\/image\/","url":"https:\/\/webknjizara.hr\/wp-content\/uploads\/2023\/01\/web-knjizara-logo.webp","contentUrl":"https:\/\/webknjizara.hr\/wp-content\/uploads\/2023\/01\/web-knjizara-logo.webp","width":324,"height":79,"caption":"REDAK D.O.O."},"image":{"@id":"https:\/\/webknjizara.hr\/#\/schema\/logo\/image\/"}}]}},"_links":{"self":[{"href":"https:\/\/webknjizara.hr\/en\/wp-json\/wp\/v2\/product\/19709","targetHints":{"allow":["GET"]}}],"collection":[{"href":"https:\/\/webknjizara.hr\/en\/wp-json\/wp\/v2\/product"}],"about":[{"href":"https:\/\/webknjizara.hr\/en\/wp-json\/wp\/v2\/types\/product"}],"replies":[{"embeddable":true,"href":"https:\/\/webknjizara.hr\/en\/wp-json\/wp\/v2\/comments?post=19709"}],"wp:featuredmedia":[{"embeddable":true,"href":"https:\/\/webknjizara.hr\/en\/wp-json\/wp\/v2\/media\/19710"}],"wp:attachment":[{"href":"https:\/\/webknjizara.hr\/en\/wp-json\/wp\/v2\/media?parent=19709"}],"wp:term":[{"taxonomy":"product_brand","embeddable":true,"href":"https:\/\/webknjizara.hr\/en\/wp-json\/wp\/v2\/product_brand?post=19709"},{"taxonomy":"product_cat","embeddable":true,"href":"https:\/\/webknjizara.hr\/en\/wp-json\/wp\/v2\/product_cat?post=19709"},{"taxonomy":"product_tag","embeddable":true,"href":"https:\/\/webknjizara.hr\/en\/wp-json\/wp\/v2\/product_tag?post=19709"}],"curies":[{"name":"wp","href":"https:\/\/api.w.org\/{rel}","templated":true}]}}