{"id":19705,"date":"2025-08-14T03:24:41","date_gmt":"2025-08-14T01:24:41","guid":{"rendered":"https:\/\/webknjizara.hr\/?post_type=product&#038;p=19705"},"modified":"2025-08-14T03:24:42","modified_gmt":"2025-08-14T01:24:42","slug":"otocni-blues-vinko-breskovic","status":"publish","type":"product","link":"https:\/\/webknjizara.hr\/en\/proizvod\/otocni-blues-vinko-breskovic\/","title":{"rendered":"OTO\u010cNI BLUES, Vinko Bre\u0161kovi\u0107"},"content":{"rendered":"<p><strong>Oto\u010dki blues<\/strong>\u00a0je roman koji kroz \u0161aroliku dalmatinsku svakodnevicu prikazuje \u017eivot malog oto\u010dkog mjesta. U sredi\u0161tu su\u00a0<strong>prijateljstva, ljubavi, ambicije, spletke i podmetanja<\/strong>\u00a0me\u0111u likovima koji, iako puni mana, bivaju prikazani s toplinom i razumijevanjem. Kroz opise mora, sunca, galebova, barki i oto\u010dkih \u0107akula, roman stvara autenti\u010dnu atmosferu Mediterana. Radnja je smje\u0161tena u suvremeno doba, a va\u017enu ulogu ima i\u00a0<strong>turizam<\/strong>\u00a0\u2013 tema koja donosi napetosti i pokre\u0107e zaplet, jer turizam istovremeno daje i uzima lokalnoj zajednici. Zavr\u0161etak pri\u010de ostaje otvoren za \u010ditatelja, koji kroz ovaj roman mo\u017ee u\u017eivati u \u017eivopisnom i duhovitom prikazu oto\u010dkog \u017eivota.<\/p>\n<p><strong>Bilje\u0161ka o autoru: <\/strong><\/p>\n<p>Ro\u0111en 1956. u Bolu na Bra\u010du gdje je zavr\u0161io osnovnu \u0161kolu. Srednju \u0161kolu je poha\u0111ao u Splitu, a dalje \u0161kolovanje je nastavio u Beogradu gdje ga je \u017eivot stjecajem okolnosti odveo. Vra\u0107a se u Bol devedesetih gdje i danas \u017eivi. Dosad je objavio dvije knjige, autobiografsku knjigu pod nazivom &#8221;Inventura \u017eivota&#8221;, i &#8221;Moj d\u017eepni svemir&#8221;-zbirku pri\u010da, a redovito objavljuje kolumnu &#8221;Mali bolski razgovori&#8221; na portalu Boljani info (<a href=\"https:\/\/www.boljani.info\/\">https:\/\/www.boljani.info\/<\/a> )<\/p>\n<p><strong>Klju\u010dne rije\u010di: <\/strong>Lokalni izbori, turizam<\/p>\n<p><strong>E-mail:\u00a0<\/strong><a href=\"mailto:breskovicv@gmail.com\">Vinko Bre\u0161kovi\u0107<\/a><\/p>\n<p><strong>Naslov: <\/strong>Oto\u010dni blues<br \/>\n<strong>Autor\/autorica:<\/strong> Vinko Bre\u0161kovi\u0107<br \/>\n<strong>Broj stranica: <\/strong>146<br \/>\n<strong>Nakladnik: <\/strong>REDAK<br \/>\n<strong>Godina izdanja: <\/strong>2025.<strong>.<br \/>\n<\/strong><strong>ISBN:<\/strong> 978-953-395-095-2<br \/>\n<strong>Tisak:<\/strong> digitalni tisak knjiga &#8211; print na zahtjev<\/p>\n","protected":false},"excerpt":{"rendered":"<p>Oto\u010dki blues\u00a0je roman koji kroz \u0161aroliku dalmatinsku svakodnevicu prikazuje \u017eivot malog oto\u010dkog mjesta. U sredi\u0161tu su\u00a0prijateljstva, ljubavi, ambicije, spletke i podmetanja\u00a0me\u0111u likovima koji, iako puni mana, bivaju prikazani s toplinom i razumijevanjem. Kroz opise mora, sunca, galebova, barki i oto\u010dkih \u0107akula, roman stvara autenti\u010dnu atmosferu Mediterana. Radnja je smje\u0161tena u suvremeno doba, a va\u017enu ulogu [&hellip;]<\/p>\n","protected":false},"featured_media":19706,"comment_status":"open","ping_status":"closed","template":"","meta":{"_acf_changed":false},"product_brand":[],"product_cat":[1405],"product_tag":[],"class_list":{"0":"post-19705","1":"product","2":"type-product","3":"status-publish","4":"has-post-thumbnail","6":"product_cat-samopomoc","7":"pa_autor-vinko-breskovic","8":"pa_nakladnik-redak","10":"first","11":"instock","12":"shipping-taxable","13":"purchasable","14":"product-type-simple"},"acf":[],"yoast_head":"<!-- This site is optimized with the Yoast SEO plugin v27.3 - https:\/\/yoast.com\/product\/yoast-seo-wordpress\/ -->\n<title>OTO\u010cNI BLUES, Vinko Bre\u0161kovi\u0107 - Web-knji\u017eara<\/title>\n<meta name=\"robots\" content=\"index, follow, max-snippet:-1, max-image-preview:large, max-video-preview:-1\" \/>\n<link rel=\"canonical\" href=\"https:\/\/webknjizara.hr\/proizvod\/otocni-blues-vinko-breskovic\/\" \/>\n<meta property=\"og:locale\" content=\"en_US\" \/>\n<meta property=\"og:type\" content=\"article\" \/>\n<meta property=\"og:title\" content=\"OTO\u010cNI BLUES, Vinko Bre\u0161kovi\u0107 - Web-knji\u017eara\" \/>\n<meta property=\"og:description\" content=\"Oto\u010dki blues\u00a0je roman koji kroz \u0161aroliku dalmatinsku svakodnevicu prikazuje \u017eivot malog oto\u010dkog mjesta. U sredi\u0161tu su\u00a0prijateljstva, ljubavi, ambicije, spletke i podmetanja\u00a0me\u0111u likovima koji, iako puni mana, bivaju prikazani s toplinom i razumijevanjem. Kroz opise mora, sunca, galebova, barki i oto\u010dkih \u0107akula, roman stvara autenti\u010dnu atmosferu Mediterana. Radnja je smje\u0161tena u suvremeno doba, a va\u017enu ulogu [&hellip;]\" \/>\n<meta property=\"og:url\" content=\"https:\/\/webknjizara.hr\/proizvod\/otocni-blues-vinko-breskovic\/\" \/>\n<meta property=\"og:site_name\" content=\"Web-knji\u017eara\" \/>\n<meta property=\"article:modified_time\" content=\"2025-08-14T01:24:42+00:00\" \/>\n<meta property=\"og:image\" content=\"https:\/\/webknjizara.hr\/wp-content\/uploads\/2025\/08\/Vinko_Breskovic_Otocni_blues_webknjizara_redak_WEB_1737.png\" \/>\n\t<meta property=\"og:image:width\" content=\"850\" \/>\n\t<meta property=\"og:image:height\" content=\"1188\" \/>\n\t<meta property=\"og:image:type\" content=\"image\/png\" \/>\n<meta name=\"twitter:card\" content=\"summary_large_image\" \/>\n<meta name=\"twitter:label1\" content=\"Est. reading time\" \/>\n\t<meta name=\"twitter:data1\" content=\"2 minutes\" \/>\n<script type=\"application\/ld+json\" class=\"yoast-schema-graph\">{\"@context\":\"https:\\\/\\\/schema.org\",\"@graph\":[{\"@type\":\"WebPage\",\"@id\":\"https:\\\/\\\/webknjizara.hr\\\/proizvod\\\/otocni-blues-vinko-breskovic\\\/\",\"url\":\"https:\\\/\\\/webknjizara.hr\\\/proizvod\\\/otocni-blues-vinko-breskovic\\\/\",\"name\":\"OTO\u010cNI BLUES, Vinko Bre\u0161kovi\u0107 - Web-knji\u017eara\",\"isPartOf\":{\"@id\":\"https:\\\/\\\/webknjizara.hr\\\/#website\"},\"primaryImageOfPage\":{\"@id\":\"https:\\\/\\\/webknjizara.hr\\\/proizvod\\\/otocni-blues-vinko-breskovic\\\/#primaryimage\"},\"image\":{\"@id\":\"https:\\\/\\\/webknjizara.hr\\\/proizvod\\\/otocni-blues-vinko-breskovic\\\/#primaryimage\"},\"thumbnailUrl\":\"https:\\\/\\\/webknjizara.hr\\\/wp-content\\\/uploads\\\/2025\\\/08\\\/Vinko_Breskovic_Otocni_blues_webknjizara_redak_WEB_1737.png\",\"datePublished\":\"2025-08-14T01:24:41+00:00\",\"dateModified\":\"2025-08-14T01:24:42+00:00\",\"breadcrumb\":{\"@id\":\"https:\\\/\\\/webknjizara.hr\\\/proizvod\\\/otocni-blues-vinko-breskovic\\\/#breadcrumb\"},\"inLanguage\":\"en-US\",\"potentialAction\":[{\"@type\":\"ReadAction\",\"target\":[\"https:\\\/\\\/webknjizara.hr\\\/proizvod\\\/otocni-blues-vinko-breskovic\\\/\"]}]},{\"@type\":\"ImageObject\",\"inLanguage\":\"en-US\",\"@id\":\"https:\\\/\\\/webknjizara.hr\\\/proizvod\\\/otocni-blues-vinko-breskovic\\\/#primaryimage\",\"url\":\"https:\\\/\\\/webknjizara.hr\\\/wp-content\\\/uploads\\\/2025\\\/08\\\/Vinko_Breskovic_Otocni_blues_webknjizara_redak_WEB_1737.png\",\"contentUrl\":\"https:\\\/\\\/webknjizara.hr\\\/wp-content\\\/uploads\\\/2025\\\/08\\\/Vinko_Breskovic_Otocni_blues_webknjizara_redak_WEB_1737.png\",\"width\":850,\"height\":1188,\"caption\":\"OTO\u010cNI BLUES, Vinko Bre\u0161kovi\u0107\"},{\"@type\":\"BreadcrumbList\",\"@id\":\"https:\\\/\\\/webknjizara.hr\\\/proizvod\\\/otocni-blues-vinko-breskovic\\\/#breadcrumb\",\"itemListElement\":[{\"@type\":\"ListItem\",\"position\":1,\"name\":\"Po\u010detna stranica\",\"item\":\"https:\\\/\\\/webknjizara.hr\\\/en\\\/\"},{\"@type\":\"ListItem\",\"position\":2,\"name\":\"Shop\",\"item\":\"https:\\\/\\\/webknjizara.hr\\\/shop\\\/\"},{\"@type\":\"ListItem\",\"position\":3,\"name\":\"OTO\u010cNI BLUES, Vinko Bre\u0161kovi\u0107\"}]},{\"@type\":\"WebSite\",\"@id\":\"https:\\\/\\\/webknjizara.hr\\\/#website\",\"url\":\"https:\\\/\\\/webknjizara.hr\\\/\",\"name\":\"Web Knji\u017eara\",\"description\":\"\",\"publisher\":{\"@id\":\"https:\\\/\\\/webknjizara.hr\\\/#organization\"},\"potentialAction\":[{\"@type\":\"SearchAction\",\"target\":{\"@type\":\"EntryPoint\",\"urlTemplate\":\"https:\\\/\\\/webknjizara.hr\\\/?s={search_term_string}\"},\"query-input\":{\"@type\":\"PropertyValueSpecification\",\"valueRequired\":true,\"valueName\":\"search_term_string\"}}],\"inLanguage\":\"en-US\"},{\"@type\":\"Organization\",\"@id\":\"https:\\\/\\\/webknjizara.hr\\\/#organization\",\"name\":\"REDAK D.O.O.\",\"url\":\"https:\\\/\\\/webknjizara.hr\\\/\",\"logo\":{\"@type\":\"ImageObject\",\"inLanguage\":\"en-US\",\"@id\":\"https:\\\/\\\/webknjizara.hr\\\/#\\\/schema\\\/logo\\\/image\\\/\",\"url\":\"https:\\\/\\\/webknjizara.hr\\\/wp-content\\\/uploads\\\/2023\\\/01\\\/web-knjizara-logo.webp\",\"contentUrl\":\"https:\\\/\\\/webknjizara.hr\\\/wp-content\\\/uploads\\\/2023\\\/01\\\/web-knjizara-logo.webp\",\"width\":324,\"height\":79,\"caption\":\"REDAK D.O.O.\"},\"image\":{\"@id\":\"https:\\\/\\\/webknjizara.hr\\\/#\\\/schema\\\/logo\\\/image\\\/\"}}]}<\/script>\n<!-- \/ Yoast SEO plugin. -->","yoast_head_json":{"title":"OTO\u010cNI BLUES, Vinko Bre\u0161kovi\u0107 - Web-knji\u017eara","robots":{"index":"index","follow":"follow","max-snippet":"max-snippet:-1","max-image-preview":"max-image-preview:large","max-video-preview":"max-video-preview:-1"},"canonical":"https:\/\/webknjizara.hr\/proizvod\/otocni-blues-vinko-breskovic\/","og_locale":"en_US","og_type":"article","og_title":"OTO\u010cNI BLUES, Vinko Bre\u0161kovi\u0107 - Web-knji\u017eara","og_description":"Oto\u010dki blues\u00a0je roman koji kroz \u0161aroliku dalmatinsku svakodnevicu prikazuje \u017eivot malog oto\u010dkog mjesta. U sredi\u0161tu su\u00a0prijateljstva, ljubavi, ambicije, spletke i podmetanja\u00a0me\u0111u likovima koji, iako puni mana, bivaju prikazani s toplinom i razumijevanjem. Kroz opise mora, sunca, galebova, barki i oto\u010dkih \u0107akula, roman stvara autenti\u010dnu atmosferu Mediterana. Radnja je smje\u0161tena u suvremeno doba, a va\u017enu ulogu [&hellip;]","og_url":"https:\/\/webknjizara.hr\/proizvod\/otocni-blues-vinko-breskovic\/","og_site_name":"Web-knji\u017eara","article_modified_time":"2025-08-14T01:24:42+00:00","og_image":[{"width":850,"height":1188,"url":"https:\/\/webknjizara.hr\/wp-content\/uploads\/2025\/08\/Vinko_Breskovic_Otocni_blues_webknjizara_redak_WEB_1737.png","type":"image\/png"}],"twitter_card":"summary_large_image","twitter_misc":{"Est. reading time":"2 minutes"},"schema":{"@context":"https:\/\/schema.org","@graph":[{"@type":"WebPage","@id":"https:\/\/webknjizara.hr\/proizvod\/otocni-blues-vinko-breskovic\/","url":"https:\/\/webknjizara.hr\/proizvod\/otocni-blues-vinko-breskovic\/","name":"OTO\u010cNI BLUES, Vinko Bre\u0161kovi\u0107 - Web-knji\u017eara","isPartOf":{"@id":"https:\/\/webknjizara.hr\/#website"},"primaryImageOfPage":{"@id":"https:\/\/webknjizara.hr\/proizvod\/otocni-blues-vinko-breskovic\/#primaryimage"},"image":{"@id":"https:\/\/webknjizara.hr\/proizvod\/otocni-blues-vinko-breskovic\/#primaryimage"},"thumbnailUrl":"https:\/\/webknjizara.hr\/wp-content\/uploads\/2025\/08\/Vinko_Breskovic_Otocni_blues_webknjizara_redak_WEB_1737.png","datePublished":"2025-08-14T01:24:41+00:00","dateModified":"2025-08-14T01:24:42+00:00","breadcrumb":{"@id":"https:\/\/webknjizara.hr\/proizvod\/otocni-blues-vinko-breskovic\/#breadcrumb"},"inLanguage":"en-US","potentialAction":[{"@type":"ReadAction","target":["https:\/\/webknjizara.hr\/proizvod\/otocni-blues-vinko-breskovic\/"]}]},{"@type":"ImageObject","inLanguage":"en-US","@id":"https:\/\/webknjizara.hr\/proizvod\/otocni-blues-vinko-breskovic\/#primaryimage","url":"https:\/\/webknjizara.hr\/wp-content\/uploads\/2025\/08\/Vinko_Breskovic_Otocni_blues_webknjizara_redak_WEB_1737.png","contentUrl":"https:\/\/webknjizara.hr\/wp-content\/uploads\/2025\/08\/Vinko_Breskovic_Otocni_blues_webknjizara_redak_WEB_1737.png","width":850,"height":1188,"caption":"OTO\u010cNI BLUES, Vinko Bre\u0161kovi\u0107"},{"@type":"BreadcrumbList","@id":"https:\/\/webknjizara.hr\/proizvod\/otocni-blues-vinko-breskovic\/#breadcrumb","itemListElement":[{"@type":"ListItem","position":1,"name":"Po\u010detna stranica","item":"https:\/\/webknjizara.hr\/en\/"},{"@type":"ListItem","position":2,"name":"Shop","item":"https:\/\/webknjizara.hr\/shop\/"},{"@type":"ListItem","position":3,"name":"OTO\u010cNI BLUES, Vinko Bre\u0161kovi\u0107"}]},{"@type":"WebSite","@id":"https:\/\/webknjizara.hr\/#website","url":"https:\/\/webknjizara.hr\/","name":"Web Knji\u017eara","description":"","publisher":{"@id":"https:\/\/webknjizara.hr\/#organization"},"potentialAction":[{"@type":"SearchAction","target":{"@type":"EntryPoint","urlTemplate":"https:\/\/webknjizara.hr\/?s={search_term_string}"},"query-input":{"@type":"PropertyValueSpecification","valueRequired":true,"valueName":"search_term_string"}}],"inLanguage":"en-US"},{"@type":"Organization","@id":"https:\/\/webknjizara.hr\/#organization","name":"REDAK D.O.O.","url":"https:\/\/webknjizara.hr\/","logo":{"@type":"ImageObject","inLanguage":"en-US","@id":"https:\/\/webknjizara.hr\/#\/schema\/logo\/image\/","url":"https:\/\/webknjizara.hr\/wp-content\/uploads\/2023\/01\/web-knjizara-logo.webp","contentUrl":"https:\/\/webknjizara.hr\/wp-content\/uploads\/2023\/01\/web-knjizara-logo.webp","width":324,"height":79,"caption":"REDAK D.O.O."},"image":{"@id":"https:\/\/webknjizara.hr\/#\/schema\/logo\/image\/"}}]}},"_links":{"self":[{"href":"https:\/\/webknjizara.hr\/en\/wp-json\/wp\/v2\/product\/19705","targetHints":{"allow":["GET"]}}],"collection":[{"href":"https:\/\/webknjizara.hr\/en\/wp-json\/wp\/v2\/product"}],"about":[{"href":"https:\/\/webknjizara.hr\/en\/wp-json\/wp\/v2\/types\/product"}],"replies":[{"embeddable":true,"href":"https:\/\/webknjizara.hr\/en\/wp-json\/wp\/v2\/comments?post=19705"}],"wp:featuredmedia":[{"embeddable":true,"href":"https:\/\/webknjizara.hr\/en\/wp-json\/wp\/v2\/media\/19706"}],"wp:attachment":[{"href":"https:\/\/webknjizara.hr\/en\/wp-json\/wp\/v2\/media?parent=19705"}],"wp:term":[{"taxonomy":"product_brand","embeddable":true,"href":"https:\/\/webknjizara.hr\/en\/wp-json\/wp\/v2\/product_brand?post=19705"},{"taxonomy":"product_cat","embeddable":true,"href":"https:\/\/webknjizara.hr\/en\/wp-json\/wp\/v2\/product_cat?post=19705"},{"taxonomy":"product_tag","embeddable":true,"href":"https:\/\/webknjizara.hr\/en\/wp-json\/wp\/v2\/product_tag?post=19705"}],"curies":[{"name":"wp","href":"https:\/\/api.w.org\/{rel}","templated":true}]}}