{"id":19666,"date":"2025-08-09T04:11:17","date_gmt":"2025-08-09T02:11:17","guid":{"rendered":"https:\/\/webknjizara.hr\/?post_type=product&#038;p=19666"},"modified":"2025-08-09T04:11:17","modified_gmt":"2025-08-09T02:11:17","slug":"kugino-kolo-ana-cerovac","status":"publish","type":"product","link":"https:\/\/webknjizara.hr\/en\/proizvod\/kugino-kolo-ana-cerovac\/","title":{"rendered":"KUGINO KOLO, Ana Cerovac"},"content":{"rendered":"<p>Krsto od Kastva ve\u0107 godinu dana \u017eivi u Senju, nastoje\u0107i prona\u0107i mir daleko od krvavih tragova koje je ostavio u Istri. No kada ga njegov u\u010ditelj pozove da se vrati na krsni\u010dki put, Krsto \u0107e se jo\u0161 jednom uputiti u ratom poharani zavi\u010daj kako bi se ogledao sa zlom na samome njegovu izvoru.<\/p>\n<p>Dok se \u0161panjolska armada pribli\u017eava obalama Jadrana, sukob izme\u0111u austrijskog Orla i mleta\u010dkog Lava prerasta u rat europskih velesila. A za to vrijeme Marija Lazarina uspinje se ljestvicom mo\u0107i u namjeri da razrije\u0161i traumu iz vlastite pro\u0161losti i suo\u010di se s po\u0161asti svoga doba \u2013 Kugom.<\/p>\n<p><strong>Dugo o\u010dekivani zavr\u0161etak trilogije <em>Izme\u0111u Orla i Lava<\/em> odvest \u0107e vas u srce mra\u010dne Istre i sjenovitog Kvarnera te donijeti kona\u010dan rasplet sudbine veprina\u010dkog para koji je osvojio srca \u010ditatelja diljem Hrvatske.<\/strong><\/p>\n<p><strong>Bilje\u0161ka o autorici: <\/strong><\/p>\n<p>Ana Cerovac ro\u0111ena je 21. travnja 1989. godine u Rijeci. Osnovnu \u0161kolu i gimnaziju poha\u0111ala je u Opatiji, a na Filozofskom fakultetu u Zagrebu zavr\u0161ila je ruski jezik i komparativnu knji\u017eevnost, nakon \u010dega se u Opatiji nastavlja baviti radom u turizmu, za\u0161titi prirode i kulturi.<\/p>\n<p>Kao licencirana turisti\u010dka vodi\u010dkinja i certificirana interpretatorica ba\u0161tine u suradnji s \u010dlanovima udruge Kulturni front kreira i provodi <em>storytelling<\/em> ture u svom zavi\u010daju. U svojoj povijesno-fantasti\u010dnoj trilogiji \u201eIzme\u0111u Orla i Lava\u201c tematski obra\u0111uje austrijsko-mleta\u010dki rat na podru\u010dju Istre i Kvarnera. Prvi dio serijala, roman \u201eKrsnik\u201c, pobijedio je na Natje\u010daju za najbolji neobjavljeni povijesni roman Gradske knji\u017enice Ka\u0161tela te je osvojio i nagradu Artefakt za najbolji fantasti\u010dni roman.<\/p>\n<p><strong>Klju\u010dne rije\u010di: <\/strong>Izme\u0111u orla i lava, krsnik, povijesno-fantasti\u010dni roman, povijesna trilogija, Istra, Kvarner, Sjeverni Jadran, mitologija, slavenska mitologija, fantastika, povijesna fantastika, povijesni roman, Ana Cerovac, folkor, \u0161trige, krsnici, kudlaci, uskoci, usko\u010dki rat, krasna zemlja, kugino kolo, kugina ku\u0107a<\/p>\n<p><strong>Link: <\/strong><a href=\"http:\/\/www.terra-incognita.hr\">www.terra-incognita.hr<\/a><\/p>\n<p><strong>E-mail: <\/strong><a href=\"mailto:info@terra-incognita.hr\">Ana Cerovac<\/a><\/p>\n<p><strong>Naslov: <\/strong>Kugino kolo<br \/>\n<strong>Autorica:<\/strong> Ana Cerovac<br \/>\n<strong>Broj stranica: <\/strong>360<br \/>\n<strong>Nakladnik: <\/strong>Terra Incognita<br \/>\n<strong>Godina izdanja: <\/strong>2025.<strong>.<br \/>\n<\/strong><strong>ISBN:<\/strong> 978-953-46422-3-8<br \/>\n<strong>Tisak:<\/strong> digitalni tisak knjiga &#8211; print na zahtjev<\/p>\n","protected":false},"excerpt":{"rendered":"<p>Krsto od Kastva ve\u0107 godinu dana \u017eivi u Senju, nastoje\u0107i prona\u0107i mir daleko od krvavih tragova koje je ostavio u Istri. No kada ga njegov u\u010ditelj pozove da se vrati na krsni\u010dki put, Krsto \u0107e se jo\u0161 jednom uputiti u ratom poharani zavi\u010daj kako bi se ogledao sa zlom na samome njegovu izvoru. Dok se [&hellip;]<\/p>\n","protected":false},"featured_media":19667,"comment_status":"open","ping_status":"closed","template":"","meta":{"_acf_changed":false},"product_brand":[],"product_cat":[1607],"product_tag":[],"class_list":{"0":"post-19666","1":"product","2":"type-product","3":"status-publish","4":"has-post-thumbnail","6":"product_cat-proza","7":"pa_autor-ana-cerovac","8":"pa_nakladnik-terra-incognita","10":"first","11":"instock","12":"shipping-taxable","13":"purchasable","14":"product-type-simple"},"acf":[],"yoast_head":"<!-- This site is optimized with the Yoast SEO plugin v27.3 - https:\/\/yoast.com\/product\/yoast-seo-wordpress\/ -->\n<title>KUGINO KOLO, Ana Cerovac - Web-knji\u017eara<\/title>\n<meta name=\"robots\" content=\"index, follow, max-snippet:-1, max-image-preview:large, max-video-preview:-1\" \/>\n<link rel=\"canonical\" href=\"https:\/\/webknjizara.hr\/proizvod\/kugino-kolo-ana-cerovac\/\" \/>\n<meta property=\"og:locale\" content=\"en_US\" \/>\n<meta property=\"og:type\" content=\"article\" \/>\n<meta property=\"og:title\" content=\"KUGINO KOLO, Ana Cerovac - Web-knji\u017eara\" \/>\n<meta property=\"og:description\" content=\"Krsto od Kastva ve\u0107 godinu dana \u017eivi u Senju, nastoje\u0107i prona\u0107i mir daleko od krvavih tragova koje je ostavio u Istri. No kada ga njegov u\u010ditelj pozove da se vrati na krsni\u010dki put, Krsto \u0107e se jo\u0161 jednom uputiti u ratom poharani zavi\u010daj kako bi se ogledao sa zlom na samome njegovu izvoru. Dok se [&hellip;]\" \/>\n<meta property=\"og:url\" content=\"https:\/\/webknjizara.hr\/proizvod\/kugino-kolo-ana-cerovac\/\" \/>\n<meta property=\"og:site_name\" content=\"Web-knji\u017eara\" \/>\n<meta property=\"og:image\" content=\"https:\/\/webknjizara.hr\/wp-content\/uploads\/2025\/08\/Ana_Cerovac_Kugino_kolo_webknjizara_redak_WEB_1725.jpg\" \/>\n\t<meta property=\"og:image:width\" content=\"300\" \/>\n\t<meta property=\"og:image:height\" content=\"419\" \/>\n\t<meta property=\"og:image:type\" content=\"image\/jpeg\" \/>\n<meta name=\"twitter:card\" content=\"summary_large_image\" \/>\n<meta name=\"twitter:label1\" content=\"Est. reading time\" \/>\n\t<meta name=\"twitter:data1\" content=\"2 minutes\" \/>\n<script type=\"application\/ld+json\" class=\"yoast-schema-graph\">{\"@context\":\"https:\\\/\\\/schema.org\",\"@graph\":[{\"@type\":\"WebPage\",\"@id\":\"https:\\\/\\\/webknjizara.hr\\\/proizvod\\\/kugino-kolo-ana-cerovac\\\/\",\"url\":\"https:\\\/\\\/webknjizara.hr\\\/proizvod\\\/kugino-kolo-ana-cerovac\\\/\",\"name\":\"KUGINO KOLO, Ana Cerovac - Web-knji\u017eara\",\"isPartOf\":{\"@id\":\"https:\\\/\\\/webknjizara.hr\\\/#website\"},\"primaryImageOfPage\":{\"@id\":\"https:\\\/\\\/webknjizara.hr\\\/proizvod\\\/kugino-kolo-ana-cerovac\\\/#primaryimage\"},\"image\":{\"@id\":\"https:\\\/\\\/webknjizara.hr\\\/proizvod\\\/kugino-kolo-ana-cerovac\\\/#primaryimage\"},\"thumbnailUrl\":\"https:\\\/\\\/webknjizara.hr\\\/wp-content\\\/uploads\\\/2025\\\/08\\\/Ana_Cerovac_Kugino_kolo_webknjizara_redak_WEB_1725.jpg\",\"datePublished\":\"2025-08-09T02:11:17+00:00\",\"breadcrumb\":{\"@id\":\"https:\\\/\\\/webknjizara.hr\\\/proizvod\\\/kugino-kolo-ana-cerovac\\\/#breadcrumb\"},\"inLanguage\":\"en-US\",\"potentialAction\":[{\"@type\":\"ReadAction\",\"target\":[\"https:\\\/\\\/webknjizara.hr\\\/proizvod\\\/kugino-kolo-ana-cerovac\\\/\"]}]},{\"@type\":\"ImageObject\",\"inLanguage\":\"en-US\",\"@id\":\"https:\\\/\\\/webknjizara.hr\\\/proizvod\\\/kugino-kolo-ana-cerovac\\\/#primaryimage\",\"url\":\"https:\\\/\\\/webknjizara.hr\\\/wp-content\\\/uploads\\\/2025\\\/08\\\/Ana_Cerovac_Kugino_kolo_webknjizara_redak_WEB_1725.jpg\",\"contentUrl\":\"https:\\\/\\\/webknjizara.hr\\\/wp-content\\\/uploads\\\/2025\\\/08\\\/Ana_Cerovac_Kugino_kolo_webknjizara_redak_WEB_1725.jpg\",\"width\":300,\"height\":419,\"caption\":\"KUGINO KOLO, Ana Cerovac\"},{\"@type\":\"BreadcrumbList\",\"@id\":\"https:\\\/\\\/webknjizara.hr\\\/proizvod\\\/kugino-kolo-ana-cerovac\\\/#breadcrumb\",\"itemListElement\":[{\"@type\":\"ListItem\",\"position\":1,\"name\":\"Po\u010detna stranica\",\"item\":\"https:\\\/\\\/webknjizara.hr\\\/en\\\/\"},{\"@type\":\"ListItem\",\"position\":2,\"name\":\"Shop\",\"item\":\"https:\\\/\\\/webknjizara.hr\\\/shop\\\/\"},{\"@type\":\"ListItem\",\"position\":3,\"name\":\"KUGINO KOLO, Ana Cerovac\"}]},{\"@type\":\"WebSite\",\"@id\":\"https:\\\/\\\/webknjizara.hr\\\/#website\",\"url\":\"https:\\\/\\\/webknjizara.hr\\\/\",\"name\":\"Web Knji\u017eara\",\"description\":\"\",\"publisher\":{\"@id\":\"https:\\\/\\\/webknjizara.hr\\\/#organization\"},\"potentialAction\":[{\"@type\":\"SearchAction\",\"target\":{\"@type\":\"EntryPoint\",\"urlTemplate\":\"https:\\\/\\\/webknjizara.hr\\\/?s={search_term_string}\"},\"query-input\":{\"@type\":\"PropertyValueSpecification\",\"valueRequired\":true,\"valueName\":\"search_term_string\"}}],\"inLanguage\":\"en-US\"},{\"@type\":\"Organization\",\"@id\":\"https:\\\/\\\/webknjizara.hr\\\/#organization\",\"name\":\"REDAK D.O.O.\",\"url\":\"https:\\\/\\\/webknjizara.hr\\\/\",\"logo\":{\"@type\":\"ImageObject\",\"inLanguage\":\"en-US\",\"@id\":\"https:\\\/\\\/webknjizara.hr\\\/#\\\/schema\\\/logo\\\/image\\\/\",\"url\":\"https:\\\/\\\/webknjizara.hr\\\/wp-content\\\/uploads\\\/2023\\\/01\\\/web-knjizara-logo.webp\",\"contentUrl\":\"https:\\\/\\\/webknjizara.hr\\\/wp-content\\\/uploads\\\/2023\\\/01\\\/web-knjizara-logo.webp\",\"width\":324,\"height\":79,\"caption\":\"REDAK D.O.O.\"},\"image\":{\"@id\":\"https:\\\/\\\/webknjizara.hr\\\/#\\\/schema\\\/logo\\\/image\\\/\"}}]}<\/script>\n<!-- \/ Yoast SEO plugin. -->","yoast_head_json":{"title":"KUGINO KOLO, Ana Cerovac - Web-knji\u017eara","robots":{"index":"index","follow":"follow","max-snippet":"max-snippet:-1","max-image-preview":"max-image-preview:large","max-video-preview":"max-video-preview:-1"},"canonical":"https:\/\/webknjizara.hr\/proizvod\/kugino-kolo-ana-cerovac\/","og_locale":"en_US","og_type":"article","og_title":"KUGINO KOLO, Ana Cerovac - Web-knji\u017eara","og_description":"Krsto od Kastva ve\u0107 godinu dana \u017eivi u Senju, nastoje\u0107i prona\u0107i mir daleko od krvavih tragova koje je ostavio u Istri. No kada ga njegov u\u010ditelj pozove da se vrati na krsni\u010dki put, Krsto \u0107e se jo\u0161 jednom uputiti u ratom poharani zavi\u010daj kako bi se ogledao sa zlom na samome njegovu izvoru. Dok se [&hellip;]","og_url":"https:\/\/webknjizara.hr\/proizvod\/kugino-kolo-ana-cerovac\/","og_site_name":"Web-knji\u017eara","og_image":[{"width":300,"height":419,"url":"https:\/\/webknjizara.hr\/wp-content\/uploads\/2025\/08\/Ana_Cerovac_Kugino_kolo_webknjizara_redak_WEB_1725.jpg","type":"image\/jpeg"}],"twitter_card":"summary_large_image","twitter_misc":{"Est. reading time":"2 minutes"},"schema":{"@context":"https:\/\/schema.org","@graph":[{"@type":"WebPage","@id":"https:\/\/webknjizara.hr\/proizvod\/kugino-kolo-ana-cerovac\/","url":"https:\/\/webknjizara.hr\/proizvod\/kugino-kolo-ana-cerovac\/","name":"KUGINO KOLO, Ana Cerovac - Web-knji\u017eara","isPartOf":{"@id":"https:\/\/webknjizara.hr\/#website"},"primaryImageOfPage":{"@id":"https:\/\/webknjizara.hr\/proizvod\/kugino-kolo-ana-cerovac\/#primaryimage"},"image":{"@id":"https:\/\/webknjizara.hr\/proizvod\/kugino-kolo-ana-cerovac\/#primaryimage"},"thumbnailUrl":"https:\/\/webknjizara.hr\/wp-content\/uploads\/2025\/08\/Ana_Cerovac_Kugino_kolo_webknjizara_redak_WEB_1725.jpg","datePublished":"2025-08-09T02:11:17+00:00","breadcrumb":{"@id":"https:\/\/webknjizara.hr\/proizvod\/kugino-kolo-ana-cerovac\/#breadcrumb"},"inLanguage":"en-US","potentialAction":[{"@type":"ReadAction","target":["https:\/\/webknjizara.hr\/proizvod\/kugino-kolo-ana-cerovac\/"]}]},{"@type":"ImageObject","inLanguage":"en-US","@id":"https:\/\/webknjizara.hr\/proizvod\/kugino-kolo-ana-cerovac\/#primaryimage","url":"https:\/\/webknjizara.hr\/wp-content\/uploads\/2025\/08\/Ana_Cerovac_Kugino_kolo_webknjizara_redak_WEB_1725.jpg","contentUrl":"https:\/\/webknjizara.hr\/wp-content\/uploads\/2025\/08\/Ana_Cerovac_Kugino_kolo_webknjizara_redak_WEB_1725.jpg","width":300,"height":419,"caption":"KUGINO KOLO, Ana Cerovac"},{"@type":"BreadcrumbList","@id":"https:\/\/webknjizara.hr\/proizvod\/kugino-kolo-ana-cerovac\/#breadcrumb","itemListElement":[{"@type":"ListItem","position":1,"name":"Po\u010detna stranica","item":"https:\/\/webknjizara.hr\/en\/"},{"@type":"ListItem","position":2,"name":"Shop","item":"https:\/\/webknjizara.hr\/shop\/"},{"@type":"ListItem","position":3,"name":"KUGINO KOLO, Ana Cerovac"}]},{"@type":"WebSite","@id":"https:\/\/webknjizara.hr\/#website","url":"https:\/\/webknjizara.hr\/","name":"Web Knji\u017eara","description":"","publisher":{"@id":"https:\/\/webknjizara.hr\/#organization"},"potentialAction":[{"@type":"SearchAction","target":{"@type":"EntryPoint","urlTemplate":"https:\/\/webknjizara.hr\/?s={search_term_string}"},"query-input":{"@type":"PropertyValueSpecification","valueRequired":true,"valueName":"search_term_string"}}],"inLanguage":"en-US"},{"@type":"Organization","@id":"https:\/\/webknjizara.hr\/#organization","name":"REDAK D.O.O.","url":"https:\/\/webknjizara.hr\/","logo":{"@type":"ImageObject","inLanguage":"en-US","@id":"https:\/\/webknjizara.hr\/#\/schema\/logo\/image\/","url":"https:\/\/webknjizara.hr\/wp-content\/uploads\/2023\/01\/web-knjizara-logo.webp","contentUrl":"https:\/\/webknjizara.hr\/wp-content\/uploads\/2023\/01\/web-knjizara-logo.webp","width":324,"height":79,"caption":"REDAK D.O.O."},"image":{"@id":"https:\/\/webknjizara.hr\/#\/schema\/logo\/image\/"}}]}},"_links":{"self":[{"href":"https:\/\/webknjizara.hr\/en\/wp-json\/wp\/v2\/product\/19666","targetHints":{"allow":["GET"]}}],"collection":[{"href":"https:\/\/webknjizara.hr\/en\/wp-json\/wp\/v2\/product"}],"about":[{"href":"https:\/\/webknjizara.hr\/en\/wp-json\/wp\/v2\/types\/product"}],"replies":[{"embeddable":true,"href":"https:\/\/webknjizara.hr\/en\/wp-json\/wp\/v2\/comments?post=19666"}],"wp:featuredmedia":[{"embeddable":true,"href":"https:\/\/webknjizara.hr\/en\/wp-json\/wp\/v2\/media\/19667"}],"wp:attachment":[{"href":"https:\/\/webknjizara.hr\/en\/wp-json\/wp\/v2\/media?parent=19666"}],"wp:term":[{"taxonomy":"product_brand","embeddable":true,"href":"https:\/\/webknjizara.hr\/en\/wp-json\/wp\/v2\/product_brand?post=19666"},{"taxonomy":"product_cat","embeddable":true,"href":"https:\/\/webknjizara.hr\/en\/wp-json\/wp\/v2\/product_cat?post=19666"},{"taxonomy":"product_tag","embeddable":true,"href":"https:\/\/webknjizara.hr\/en\/wp-json\/wp\/v2\/product_tag?post=19666"}],"curies":[{"name":"wp","href":"https:\/\/api.w.org\/{rel}","templated":true}]}}