{"id":19575,"date":"2025-07-24T23:53:37","date_gmt":"2025-07-24T21:53:37","guid":{"rendered":"https:\/\/webknjizara.hr\/?post_type=product&#038;p=19575"},"modified":"2025-07-24T23:53:37","modified_gmt":"2025-07-24T21:53:37","slug":"svemir-me-nagradio-vlatka-stefanko","status":"publish","type":"product","link":"https:\/\/webknjizara.hr\/en\/proizvod\/svemir-me-nagradio-vlatka-stefanko\/","title":{"rendered":"SveMIR me nagradio, Vlatka \u0160tefanko"},"content":{"rendered":"<p>Ako vjerujete da sitnice grade \u017eivot<\/p>\n<p>\u2013 ovo je knjiga za vas.<\/p>\n<p>Ova knjiga je oda malim stvarima koje nas spa\u0161avaju kad velike ne funkcioniraju \u2013 toploj \u0161alici pun\u010da, slagalici, omiljenoj seriji, su\u0161ilici rublja ili samo osje\u0107aju da nisi sam.<\/p>\n<p>\u201eSveMIR me nagradio\u201c iskrena je, duhovita i dirljiva zbirka pri\u010da mlade \u017eene koja \u017eivot obasjava svjetlom zahvalnosti i sitnih radosti. Kroz 16 svakodnevnih, ali nimalo obi\u010dnih zapisa, Vlatka nas vodi kroz izazove \u017eivota u inozemstvu, potragu za mirom, melankoliju jeseni, veselje Bo\u017ei\u0107a, snagu ljubavi i borbe s (anti)depresijom.<\/p>\n<p>Vlatkin autenti\u010dan glas, britka zapa\u017eanja i nje\u017ena samoironija \u010dine ovu zbirku idealnim suputnikom za sve koji \u017eele prona\u0107i smisao u kaosu svakodnevice.<\/p>\n<p><strong>Bilje\u0161ka o autorici: <\/strong><\/p>\n<p>Vlatka \u0160tefanko ro\u0111ena je u Osijeku u Hrvatskoj kao tre\u0107e dijete u velikoj obitelji sa sedmero djece. Kao tinejd\u017eerica preselila se u Njema\u010dku, gdje je nastavila svoje obrazovanje. Pored svog primarnog posla, radi u Njema\u010dkoj kao docentica hrvatskog jezika, \u0161to ju \u010dini iznimno sretnom jer se time vra\u0107a svojim slavonskim korijenima.<\/p>\n<p>Pisanje knjige nije bilo dio njezinih planova, no u studenom 2022. godine iznenada se rodila ideja koja ju je potaknula na taj korak. \u017delja joj je podijeliti svoja iskustva i misli te inspirirati druge da prona\u0111u snagu u unutarnjem miru. Vlatka je strastvena prema kuhanju i \u010ditanju, a vodi je filozofija da svaka borba zavr\u0161ava zahvalno\u0161\u0107u.<\/p>\n<p>Ve\u0107 gotovo deset godina \u017eivi u Njema\u010dkoj sa svojim partnerom i psom Sammy. Osim toga, opisuje sebe kao \u201estaru du\u0161u\u201c te isti\u010de zahvalnost i empatiju kao svoje najva\u017enije vrline.<\/p>\n<p><strong>Klju\u010dne rije\u010di: <\/strong>\u017eivot, odrastanje, dom, obitelj<\/p>\n<p><strong>E-mail: <\/strong><a href=\"mailto:vlatka.stefanko@gmail.com\">Vlatka \u0160tefanko<\/a><\/p>\n<p><strong>Naslov: <\/strong>SveMIR me nagradio<br \/>\n<strong>Autorica:<\/strong> Vlatka \u0160tefanko<br \/>\n<strong>Broj stranica: <\/strong>76<br \/>\n<strong>Nakladnik: <\/strong>REDAK<br \/>\n<strong>Godina izdanja: <\/strong>2025.<strong>.<br \/>\n<\/strong><strong>ISBN:<\/strong> 978-953-395-086-0<br \/>\n<strong>Tisak:<\/strong> digitalni tisak knjiga &#8211; print na zahtjev<\/p>\n","protected":false},"excerpt":{"rendered":"<p>Ako vjerujete da sitnice grade \u017eivot \u2013 ovo je knjiga za vas. Ova knjiga je oda malim stvarima koje nas spa\u0161avaju kad velike ne funkcioniraju \u2013 toploj \u0161alici pun\u010da, slagalici, omiljenoj seriji, su\u0161ilici rublja ili samo osje\u0107aju da nisi sam. \u201eSveMIR me nagradio\u201c iskrena je, duhovita i dirljiva zbirka pri\u010da mlade \u017eene koja \u017eivot obasjava [&hellip;]<\/p>\n","protected":false},"featured_media":19576,"comment_status":"open","ping_status":"closed","template":"","meta":{"_acf_changed":false},"product_brand":[],"product_cat":[1405],"product_tag":[],"class_list":{"0":"post-19575","1":"product","2":"type-product","3":"status-publish","4":"has-post-thumbnail","6":"product_cat-samopomoc","7":"pa_autor-vlatka-stefanko","8":"pa_nakladnik-redak","10":"first","11":"instock","12":"shipping-taxable","13":"purchasable","14":"product-type-simple"},"acf":[],"yoast_head":"<!-- This site is optimized with the Yoast SEO plugin v27.3 - https:\/\/yoast.com\/product\/yoast-seo-wordpress\/ -->\n<title>SveMIR me nagradio, Vlatka \u0160tefanko - Web-knji\u017eara<\/title>\n<meta name=\"robots\" content=\"index, follow, max-snippet:-1, max-image-preview:large, max-video-preview:-1\" \/>\n<link rel=\"canonical\" href=\"https:\/\/webknjizara.hr\/proizvod\/svemir-me-nagradio-vlatka-stefanko\/\" \/>\n<meta property=\"og:locale\" content=\"en_US\" \/>\n<meta property=\"og:type\" content=\"article\" \/>\n<meta property=\"og:title\" content=\"SveMIR me nagradio, Vlatka \u0160tefanko - Web-knji\u017eara\" \/>\n<meta property=\"og:description\" content=\"Ako vjerujete da sitnice grade \u017eivot \u2013 ovo je knjiga za vas. Ova knjiga je oda malim stvarima koje nas spa\u0161avaju kad velike ne funkcioniraju \u2013 toploj \u0161alici pun\u010da, slagalici, omiljenoj seriji, su\u0161ilici rublja ili samo osje\u0107aju da nisi sam. \u201eSveMIR me nagradio\u201c iskrena je, duhovita i dirljiva zbirka pri\u010da mlade \u017eene koja \u017eivot obasjava [&hellip;]\" \/>\n<meta property=\"og:url\" content=\"https:\/\/webknjizara.hr\/proizvod\/svemir-me-nagradio-vlatka-stefanko\/\" \/>\n<meta property=\"og:site_name\" content=\"Web-knji\u017eara\" \/>\n<meta property=\"og:image\" content=\"https:\/\/webknjizara.hr\/wp-content\/uploads\/2025\/07\/Vlatka_Stefanko_SveMIR_me_nagradio_webknjizara_redak_WEB_1734.jpg\" \/>\n\t<meta property=\"og:image:width\" content=\"300\" \/>\n\t<meta property=\"og:image:height\" content=\"419\" \/>\n\t<meta property=\"og:image:type\" content=\"image\/jpeg\" \/>\n<meta name=\"twitter:card\" content=\"summary_large_image\" \/>\n<meta name=\"twitter:label1\" content=\"Est. reading time\" \/>\n\t<meta name=\"twitter:data1\" content=\"2 minutes\" \/>\n<script type=\"application\/ld+json\" class=\"yoast-schema-graph\">{\"@context\":\"https:\\\/\\\/schema.org\",\"@graph\":[{\"@type\":\"WebPage\",\"@id\":\"https:\\\/\\\/webknjizara.hr\\\/proizvod\\\/svemir-me-nagradio-vlatka-stefanko\\\/\",\"url\":\"https:\\\/\\\/webknjizara.hr\\\/proizvod\\\/svemir-me-nagradio-vlatka-stefanko\\\/\",\"name\":\"SveMIR me nagradio, Vlatka \u0160tefanko - Web-knji\u017eara\",\"isPartOf\":{\"@id\":\"https:\\\/\\\/webknjizara.hr\\\/#website\"},\"primaryImageOfPage\":{\"@id\":\"https:\\\/\\\/webknjizara.hr\\\/proizvod\\\/svemir-me-nagradio-vlatka-stefanko\\\/#primaryimage\"},\"image\":{\"@id\":\"https:\\\/\\\/webknjizara.hr\\\/proizvod\\\/svemir-me-nagradio-vlatka-stefanko\\\/#primaryimage\"},\"thumbnailUrl\":\"https:\\\/\\\/webknjizara.hr\\\/wp-content\\\/uploads\\\/2025\\\/07\\\/Vlatka_Stefanko_SveMIR_me_nagradio_webknjizara_redak_WEB_1734.jpg\",\"datePublished\":\"2025-07-24T21:53:37+00:00\",\"breadcrumb\":{\"@id\":\"https:\\\/\\\/webknjizara.hr\\\/proizvod\\\/svemir-me-nagradio-vlatka-stefanko\\\/#breadcrumb\"},\"inLanguage\":\"en-US\",\"potentialAction\":[{\"@type\":\"ReadAction\",\"target\":[\"https:\\\/\\\/webknjizara.hr\\\/proizvod\\\/svemir-me-nagradio-vlatka-stefanko\\\/\"]}]},{\"@type\":\"ImageObject\",\"inLanguage\":\"en-US\",\"@id\":\"https:\\\/\\\/webknjizara.hr\\\/proizvod\\\/svemir-me-nagradio-vlatka-stefanko\\\/#primaryimage\",\"url\":\"https:\\\/\\\/webknjizara.hr\\\/wp-content\\\/uploads\\\/2025\\\/07\\\/Vlatka_Stefanko_SveMIR_me_nagradio_webknjizara_redak_WEB_1734.jpg\",\"contentUrl\":\"https:\\\/\\\/webknjizara.hr\\\/wp-content\\\/uploads\\\/2025\\\/07\\\/Vlatka_Stefanko_SveMIR_me_nagradio_webknjizara_redak_WEB_1734.jpg\",\"width\":300,\"height\":419,\"caption\":\"SveMIR me nagradio, Vlatka \u0160tefanko\"},{\"@type\":\"BreadcrumbList\",\"@id\":\"https:\\\/\\\/webknjizara.hr\\\/proizvod\\\/svemir-me-nagradio-vlatka-stefanko\\\/#breadcrumb\",\"itemListElement\":[{\"@type\":\"ListItem\",\"position\":1,\"name\":\"Po\u010detna stranica\",\"item\":\"https:\\\/\\\/webknjizara.hr\\\/en\\\/\"},{\"@type\":\"ListItem\",\"position\":2,\"name\":\"Shop\",\"item\":\"https:\\\/\\\/webknjizara.hr\\\/shop\\\/\"},{\"@type\":\"ListItem\",\"position\":3,\"name\":\"SveMIR me nagradio, Vlatka \u0160tefanko\"}]},{\"@type\":\"WebSite\",\"@id\":\"https:\\\/\\\/webknjizara.hr\\\/#website\",\"url\":\"https:\\\/\\\/webknjizara.hr\\\/\",\"name\":\"Web Knji\u017eara\",\"description\":\"\",\"publisher\":{\"@id\":\"https:\\\/\\\/webknjizara.hr\\\/#organization\"},\"potentialAction\":[{\"@type\":\"SearchAction\",\"target\":{\"@type\":\"EntryPoint\",\"urlTemplate\":\"https:\\\/\\\/webknjizara.hr\\\/?s={search_term_string}\"},\"query-input\":{\"@type\":\"PropertyValueSpecification\",\"valueRequired\":true,\"valueName\":\"search_term_string\"}}],\"inLanguage\":\"en-US\"},{\"@type\":\"Organization\",\"@id\":\"https:\\\/\\\/webknjizara.hr\\\/#organization\",\"name\":\"REDAK D.O.O.\",\"url\":\"https:\\\/\\\/webknjizara.hr\\\/\",\"logo\":{\"@type\":\"ImageObject\",\"inLanguage\":\"en-US\",\"@id\":\"https:\\\/\\\/webknjizara.hr\\\/#\\\/schema\\\/logo\\\/image\\\/\",\"url\":\"https:\\\/\\\/webknjizara.hr\\\/wp-content\\\/uploads\\\/2023\\\/01\\\/web-knjizara-logo.webp\",\"contentUrl\":\"https:\\\/\\\/webknjizara.hr\\\/wp-content\\\/uploads\\\/2023\\\/01\\\/web-knjizara-logo.webp\",\"width\":324,\"height\":79,\"caption\":\"REDAK D.O.O.\"},\"image\":{\"@id\":\"https:\\\/\\\/webknjizara.hr\\\/#\\\/schema\\\/logo\\\/image\\\/\"}}]}<\/script>\n<!-- \/ Yoast SEO plugin. -->","yoast_head_json":{"title":"SveMIR me nagradio, Vlatka \u0160tefanko - Web-knji\u017eara","robots":{"index":"index","follow":"follow","max-snippet":"max-snippet:-1","max-image-preview":"max-image-preview:large","max-video-preview":"max-video-preview:-1"},"canonical":"https:\/\/webknjizara.hr\/proizvod\/svemir-me-nagradio-vlatka-stefanko\/","og_locale":"en_US","og_type":"article","og_title":"SveMIR me nagradio, Vlatka \u0160tefanko - Web-knji\u017eara","og_description":"Ako vjerujete da sitnice grade \u017eivot \u2013 ovo je knjiga za vas. Ova knjiga je oda malim stvarima koje nas spa\u0161avaju kad velike ne funkcioniraju \u2013 toploj \u0161alici pun\u010da, slagalici, omiljenoj seriji, su\u0161ilici rublja ili samo osje\u0107aju da nisi sam. \u201eSveMIR me nagradio\u201c iskrena je, duhovita i dirljiva zbirka pri\u010da mlade \u017eene koja \u017eivot obasjava [&hellip;]","og_url":"https:\/\/webknjizara.hr\/proizvod\/svemir-me-nagradio-vlatka-stefanko\/","og_site_name":"Web-knji\u017eara","og_image":[{"width":300,"height":419,"url":"https:\/\/webknjizara.hr\/wp-content\/uploads\/2025\/07\/Vlatka_Stefanko_SveMIR_me_nagradio_webknjizara_redak_WEB_1734.jpg","type":"image\/jpeg"}],"twitter_card":"summary_large_image","twitter_misc":{"Est. reading time":"2 minutes"},"schema":{"@context":"https:\/\/schema.org","@graph":[{"@type":"WebPage","@id":"https:\/\/webknjizara.hr\/proizvod\/svemir-me-nagradio-vlatka-stefanko\/","url":"https:\/\/webknjizara.hr\/proizvod\/svemir-me-nagradio-vlatka-stefanko\/","name":"SveMIR me nagradio, Vlatka \u0160tefanko - Web-knji\u017eara","isPartOf":{"@id":"https:\/\/webknjizara.hr\/#website"},"primaryImageOfPage":{"@id":"https:\/\/webknjizara.hr\/proizvod\/svemir-me-nagradio-vlatka-stefanko\/#primaryimage"},"image":{"@id":"https:\/\/webknjizara.hr\/proizvod\/svemir-me-nagradio-vlatka-stefanko\/#primaryimage"},"thumbnailUrl":"https:\/\/webknjizara.hr\/wp-content\/uploads\/2025\/07\/Vlatka_Stefanko_SveMIR_me_nagradio_webknjizara_redak_WEB_1734.jpg","datePublished":"2025-07-24T21:53:37+00:00","breadcrumb":{"@id":"https:\/\/webknjizara.hr\/proizvod\/svemir-me-nagradio-vlatka-stefanko\/#breadcrumb"},"inLanguage":"en-US","potentialAction":[{"@type":"ReadAction","target":["https:\/\/webknjizara.hr\/proizvod\/svemir-me-nagradio-vlatka-stefanko\/"]}]},{"@type":"ImageObject","inLanguage":"en-US","@id":"https:\/\/webknjizara.hr\/proizvod\/svemir-me-nagradio-vlatka-stefanko\/#primaryimage","url":"https:\/\/webknjizara.hr\/wp-content\/uploads\/2025\/07\/Vlatka_Stefanko_SveMIR_me_nagradio_webknjizara_redak_WEB_1734.jpg","contentUrl":"https:\/\/webknjizara.hr\/wp-content\/uploads\/2025\/07\/Vlatka_Stefanko_SveMIR_me_nagradio_webknjizara_redak_WEB_1734.jpg","width":300,"height":419,"caption":"SveMIR me nagradio, Vlatka \u0160tefanko"},{"@type":"BreadcrumbList","@id":"https:\/\/webknjizara.hr\/proizvod\/svemir-me-nagradio-vlatka-stefanko\/#breadcrumb","itemListElement":[{"@type":"ListItem","position":1,"name":"Po\u010detna stranica","item":"https:\/\/webknjizara.hr\/en\/"},{"@type":"ListItem","position":2,"name":"Shop","item":"https:\/\/webknjizara.hr\/shop\/"},{"@type":"ListItem","position":3,"name":"SveMIR me nagradio, Vlatka \u0160tefanko"}]},{"@type":"WebSite","@id":"https:\/\/webknjizara.hr\/#website","url":"https:\/\/webknjizara.hr\/","name":"Web Knji\u017eara","description":"","publisher":{"@id":"https:\/\/webknjizara.hr\/#organization"},"potentialAction":[{"@type":"SearchAction","target":{"@type":"EntryPoint","urlTemplate":"https:\/\/webknjizara.hr\/?s={search_term_string}"},"query-input":{"@type":"PropertyValueSpecification","valueRequired":true,"valueName":"search_term_string"}}],"inLanguage":"en-US"},{"@type":"Organization","@id":"https:\/\/webknjizara.hr\/#organization","name":"REDAK D.O.O.","url":"https:\/\/webknjizara.hr\/","logo":{"@type":"ImageObject","inLanguage":"en-US","@id":"https:\/\/webknjizara.hr\/#\/schema\/logo\/image\/","url":"https:\/\/webknjizara.hr\/wp-content\/uploads\/2023\/01\/web-knjizara-logo.webp","contentUrl":"https:\/\/webknjizara.hr\/wp-content\/uploads\/2023\/01\/web-knjizara-logo.webp","width":324,"height":79,"caption":"REDAK D.O.O."},"image":{"@id":"https:\/\/webknjizara.hr\/#\/schema\/logo\/image\/"}}]}},"_links":{"self":[{"href":"https:\/\/webknjizara.hr\/en\/wp-json\/wp\/v2\/product\/19575","targetHints":{"allow":["GET"]}}],"collection":[{"href":"https:\/\/webknjizara.hr\/en\/wp-json\/wp\/v2\/product"}],"about":[{"href":"https:\/\/webknjizara.hr\/en\/wp-json\/wp\/v2\/types\/product"}],"replies":[{"embeddable":true,"href":"https:\/\/webknjizara.hr\/en\/wp-json\/wp\/v2\/comments?post=19575"}],"wp:featuredmedia":[{"embeddable":true,"href":"https:\/\/webknjizara.hr\/en\/wp-json\/wp\/v2\/media\/19576"}],"wp:attachment":[{"href":"https:\/\/webknjizara.hr\/en\/wp-json\/wp\/v2\/media?parent=19575"}],"wp:term":[{"taxonomy":"product_brand","embeddable":true,"href":"https:\/\/webknjizara.hr\/en\/wp-json\/wp\/v2\/product_brand?post=19575"},{"taxonomy":"product_cat","embeddable":true,"href":"https:\/\/webknjizara.hr\/en\/wp-json\/wp\/v2\/product_cat?post=19575"},{"taxonomy":"product_tag","embeddable":true,"href":"https:\/\/webknjizara.hr\/en\/wp-json\/wp\/v2\/product_tag?post=19575"}],"curies":[{"name":"wp","href":"https:\/\/api.w.org\/{rel}","templated":true}]}}