{"id":19556,"date":"2025-07-23T02:58:02","date_gmt":"2025-07-23T00:58:02","guid":{"rendered":"https:\/\/webknjizara.hr\/?post_type=product&#038;p=19556"},"modified":"2025-07-23T02:58:03","modified_gmt":"2025-07-23T00:58:03","slug":"pedeset-i-dva-iris-gadzic","status":"publish","type":"product","link":"https:\/\/webknjizara.hr\/en\/proizvod\/pedeset-i-dva-iris-gadzic\/","title":{"rendered":"PEDESET I DVA, Iris Gad\u017ei\u0107"},"content":{"rendered":"<p><em>Pedeset i dva<\/em> zbirka je sastavljena od 52 kratka poetsko-prozna zapisa, simboli\u010dno raspore\u0111ena po jedan za svaku sedmicu u godini. To je oda vremenu koje nam neprimjetno klizi niz prste, dragocjenim trenutcima i va\u017enim ljudima \u010diju pravu vrijednost \u010desto shvatimo tek kad ih vi\u0161e nema. Djelo poziva na unutarnje preispitivanje, osje\u0107ajnu rezonanciju i usporeno, svjesno \u010ditanje. Napisana u ti\u0161ini, ova zbirka \u017eeli ostaviti sna\u017ean, trajan trag na ono \u0161to je u \u017eivotu doista va\u017eno.<\/p>\n<p><strong>Bilje\u0161ka o autorici: <\/strong><\/p>\n<p>Iris Gad\u017ei\u0107 ro\u0111ena je 1995. godine u Dubrovniku. Pi\u0161e otkad zna za sebe. \u017divi i stvara u rodnom gradu, a djeli\u0107 srca ostavila je Splitu gdje je provela \u0161est godina. U\u010diteljica koja to (vi\u0161e) nije, nestru\u010dni stru\u010dnjak za sve i sva\u0161ta i vje\u010dni u\u010denik \u2013 uvijek u potrazi za novim rije\u010dima, smislom i besmislom.<\/p>\n<p><strong>Klju\u010dne rije\u010di: <\/strong>ljubav, tuga, gubitak, maj\u010dinstvo, obitelj, nostalgija, smisao \u017eivota, vrijeme, prolaznost vremena, pedeset i dva, introspektivna proza, \u017eenska knji\u017eevnost, emocionalna proza, poezija u prozi, odnosi, svakodnevica, sje\u0107anja, \u017eivotne pri\u010de, Dubrovnik, Split, suvremena proza, intimna proza, emocionalna povezanost<\/p>\n<p><strong>Link: <\/strong><a href=\"https:\/\/www.facebook.com\/IrisMirosavljevic\">https:\/\/www.facebook.com\/IrisMirosavljevic<\/a><\/p>\n<p><strong>E-mail: <\/strong><a href=\"mailto:iris.mirosavljevic@gmail.com\">Iris Gad\u017ei\u0107<\/a><\/p>\n<p><strong>Naslov: <\/strong>Pedeset i dva<br \/>\n<strong>Autorica:<\/strong> Iris Gad\u017ei\u0107<br \/>\n<strong>Broj stranica: <\/strong>82<br \/>\n<strong>Nakladnik: <\/strong>REDAK<br \/>\n<strong>Godina izdanja: <\/strong>2025.<strong>.<br \/>\n<\/strong><strong>ISBN:<\/strong> 978-953-395-057-0<br \/>\n<strong>Tisak:<\/strong> digitalni tisak knjiga &#8211; print na zahtjev<\/p>\n","protected":false},"excerpt":{"rendered":"<p>Pedeset i dva zbirka je sastavljena od 52 kratka poetsko-prozna zapisa, simboli\u010dno raspore\u0111ena po jedan za svaku sedmicu u godini. To je oda vremenu koje nam neprimjetno klizi niz prste, dragocjenim trenutcima i va\u017enim ljudima \u010diju pravu vrijednost \u010desto shvatimo tek kad ih vi\u0161e nema. Djelo poziva na unutarnje preispitivanje, osje\u0107ajnu rezonanciju i usporeno, svjesno [&hellip;]<\/p>\n","protected":false},"featured_media":19557,"comment_status":"open","ping_status":"closed","template":"","meta":{"_acf_changed":false},"product_brand":[],"product_cat":[2643],"product_tag":[],"class_list":{"0":"post-19556","1":"product","2":"type-product","3":"status-publish","4":"has-post-thumbnail","6":"product_cat-lirska-proza","7":"pa_autor-iris-gadzic","8":"pa_nakladnik-redak","10":"first","11":"instock","12":"shipping-taxable","13":"purchasable","14":"product-type-simple"},"acf":[],"yoast_head":"<!-- This site is optimized with the Yoast SEO plugin v27.3 - https:\/\/yoast.com\/product\/yoast-seo-wordpress\/ -->\n<title>PEDESET I DVA, Iris Gad\u017ei\u0107 - Web-knji\u017eara<\/title>\n<meta name=\"robots\" content=\"index, follow, max-snippet:-1, max-image-preview:large, max-video-preview:-1\" \/>\n<link rel=\"canonical\" href=\"https:\/\/webknjizara.hr\/proizvod\/pedeset-i-dva-iris-gadzic\/\" \/>\n<meta property=\"og:locale\" content=\"en_US\" \/>\n<meta property=\"og:type\" content=\"article\" \/>\n<meta property=\"og:title\" content=\"PEDESET I DVA, Iris Gad\u017ei\u0107 - Web-knji\u017eara\" \/>\n<meta property=\"og:description\" content=\"Pedeset i dva zbirka je sastavljena od 52 kratka poetsko-prozna zapisa, simboli\u010dno raspore\u0111ena po jedan za svaku sedmicu u godini. To je oda vremenu koje nam neprimjetno klizi niz prste, dragocjenim trenutcima i va\u017enim ljudima \u010diju pravu vrijednost \u010desto shvatimo tek kad ih vi\u0161e nema. Djelo poziva na unutarnje preispitivanje, osje\u0107ajnu rezonanciju i usporeno, svjesno [&hellip;]\" \/>\n<meta property=\"og:url\" content=\"https:\/\/webknjizara.hr\/proizvod\/pedeset-i-dva-iris-gadzic\/\" \/>\n<meta property=\"og:site_name\" content=\"Web-knji\u017eara\" \/>\n<meta property=\"article:modified_time\" content=\"2025-07-23T00:58:03+00:00\" \/>\n<meta property=\"og:image\" content=\"https:\/\/webknjizara.hr\/wp-content\/uploads\/2025\/07\/Iris_Gadzic_Pedeset_i_dva__webknjizara_redak_WEB_1700.jpg\" \/>\n\t<meta property=\"og:image:width\" content=\"300\" \/>\n\t<meta property=\"og:image:height\" content=\"419\" \/>\n\t<meta property=\"og:image:type\" content=\"image\/jpeg\" \/>\n<meta name=\"twitter:card\" content=\"summary_large_image\" \/>\n<meta name=\"twitter:label1\" content=\"Est. reading time\" \/>\n\t<meta name=\"twitter:data1\" content=\"2 minutes\" \/>\n<script type=\"application\/ld+json\" class=\"yoast-schema-graph\">{\"@context\":\"https:\\\/\\\/schema.org\",\"@graph\":[{\"@type\":\"WebPage\",\"@id\":\"https:\\\/\\\/webknjizara.hr\\\/proizvod\\\/pedeset-i-dva-iris-gadzic\\\/\",\"url\":\"https:\\\/\\\/webknjizara.hr\\\/proizvod\\\/pedeset-i-dva-iris-gadzic\\\/\",\"name\":\"PEDESET I DVA, Iris Gad\u017ei\u0107 - Web-knji\u017eara\",\"isPartOf\":{\"@id\":\"https:\\\/\\\/webknjizara.hr\\\/#website\"},\"primaryImageOfPage\":{\"@id\":\"https:\\\/\\\/webknjizara.hr\\\/proizvod\\\/pedeset-i-dva-iris-gadzic\\\/#primaryimage\"},\"image\":{\"@id\":\"https:\\\/\\\/webknjizara.hr\\\/proizvod\\\/pedeset-i-dva-iris-gadzic\\\/#primaryimage\"},\"thumbnailUrl\":\"https:\\\/\\\/webknjizara.hr\\\/wp-content\\\/uploads\\\/2025\\\/07\\\/Iris_Gadzic_Pedeset_i_dva__webknjizara_redak_WEB_1700.jpg\",\"datePublished\":\"2025-07-23T00:58:02+00:00\",\"dateModified\":\"2025-07-23T00:58:03+00:00\",\"breadcrumb\":{\"@id\":\"https:\\\/\\\/webknjizara.hr\\\/proizvod\\\/pedeset-i-dva-iris-gadzic\\\/#breadcrumb\"},\"inLanguage\":\"en-US\",\"potentialAction\":[{\"@type\":\"ReadAction\",\"target\":[\"https:\\\/\\\/webknjizara.hr\\\/proizvod\\\/pedeset-i-dva-iris-gadzic\\\/\"]}]},{\"@type\":\"ImageObject\",\"inLanguage\":\"en-US\",\"@id\":\"https:\\\/\\\/webknjizara.hr\\\/proizvod\\\/pedeset-i-dva-iris-gadzic\\\/#primaryimage\",\"url\":\"https:\\\/\\\/webknjizara.hr\\\/wp-content\\\/uploads\\\/2025\\\/07\\\/Iris_Gadzic_Pedeset_i_dva__webknjizara_redak_WEB_1700.jpg\",\"contentUrl\":\"https:\\\/\\\/webknjizara.hr\\\/wp-content\\\/uploads\\\/2025\\\/07\\\/Iris_Gadzic_Pedeset_i_dva__webknjizara_redak_WEB_1700.jpg\",\"width\":300,\"height\":419,\"caption\":\"PEDESET I DVA, Iris Gad\u017ei\u0107\"},{\"@type\":\"BreadcrumbList\",\"@id\":\"https:\\\/\\\/webknjizara.hr\\\/proizvod\\\/pedeset-i-dva-iris-gadzic\\\/#breadcrumb\",\"itemListElement\":[{\"@type\":\"ListItem\",\"position\":1,\"name\":\"Po\u010detna stranica\",\"item\":\"https:\\\/\\\/webknjizara.hr\\\/en\\\/\"},{\"@type\":\"ListItem\",\"position\":2,\"name\":\"Shop\",\"item\":\"https:\\\/\\\/webknjizara.hr\\\/shop\\\/\"},{\"@type\":\"ListItem\",\"position\":3,\"name\":\"PEDESET I DVA, Iris Gad\u017ei\u0107\"}]},{\"@type\":\"WebSite\",\"@id\":\"https:\\\/\\\/webknjizara.hr\\\/#website\",\"url\":\"https:\\\/\\\/webknjizara.hr\\\/\",\"name\":\"Web Knji\u017eara\",\"description\":\"\",\"publisher\":{\"@id\":\"https:\\\/\\\/webknjizara.hr\\\/#organization\"},\"potentialAction\":[{\"@type\":\"SearchAction\",\"target\":{\"@type\":\"EntryPoint\",\"urlTemplate\":\"https:\\\/\\\/webknjizara.hr\\\/?s={search_term_string}\"},\"query-input\":{\"@type\":\"PropertyValueSpecification\",\"valueRequired\":true,\"valueName\":\"search_term_string\"}}],\"inLanguage\":\"en-US\"},{\"@type\":\"Organization\",\"@id\":\"https:\\\/\\\/webknjizara.hr\\\/#organization\",\"name\":\"REDAK D.O.O.\",\"url\":\"https:\\\/\\\/webknjizara.hr\\\/\",\"logo\":{\"@type\":\"ImageObject\",\"inLanguage\":\"en-US\",\"@id\":\"https:\\\/\\\/webknjizara.hr\\\/#\\\/schema\\\/logo\\\/image\\\/\",\"url\":\"https:\\\/\\\/webknjizara.hr\\\/wp-content\\\/uploads\\\/2023\\\/01\\\/web-knjizara-logo.webp\",\"contentUrl\":\"https:\\\/\\\/webknjizara.hr\\\/wp-content\\\/uploads\\\/2023\\\/01\\\/web-knjizara-logo.webp\",\"width\":324,\"height\":79,\"caption\":\"REDAK D.O.O.\"},\"image\":{\"@id\":\"https:\\\/\\\/webknjizara.hr\\\/#\\\/schema\\\/logo\\\/image\\\/\"}}]}<\/script>\n<!-- \/ Yoast SEO plugin. -->","yoast_head_json":{"title":"PEDESET I DVA, Iris Gad\u017ei\u0107 - Web-knji\u017eara","robots":{"index":"index","follow":"follow","max-snippet":"max-snippet:-1","max-image-preview":"max-image-preview:large","max-video-preview":"max-video-preview:-1"},"canonical":"https:\/\/webknjizara.hr\/proizvod\/pedeset-i-dva-iris-gadzic\/","og_locale":"en_US","og_type":"article","og_title":"PEDESET I DVA, Iris Gad\u017ei\u0107 - Web-knji\u017eara","og_description":"Pedeset i dva zbirka je sastavljena od 52 kratka poetsko-prozna zapisa, simboli\u010dno raspore\u0111ena po jedan za svaku sedmicu u godini. To je oda vremenu koje nam neprimjetno klizi niz prste, dragocjenim trenutcima i va\u017enim ljudima \u010diju pravu vrijednost \u010desto shvatimo tek kad ih vi\u0161e nema. Djelo poziva na unutarnje preispitivanje, osje\u0107ajnu rezonanciju i usporeno, svjesno [&hellip;]","og_url":"https:\/\/webknjizara.hr\/proizvod\/pedeset-i-dva-iris-gadzic\/","og_site_name":"Web-knji\u017eara","article_modified_time":"2025-07-23T00:58:03+00:00","og_image":[{"width":300,"height":419,"url":"https:\/\/webknjizara.hr\/wp-content\/uploads\/2025\/07\/Iris_Gadzic_Pedeset_i_dva__webknjizara_redak_WEB_1700.jpg","type":"image\/jpeg"}],"twitter_card":"summary_large_image","twitter_misc":{"Est. reading time":"2 minutes"},"schema":{"@context":"https:\/\/schema.org","@graph":[{"@type":"WebPage","@id":"https:\/\/webknjizara.hr\/proizvod\/pedeset-i-dva-iris-gadzic\/","url":"https:\/\/webknjizara.hr\/proizvod\/pedeset-i-dva-iris-gadzic\/","name":"PEDESET I DVA, Iris Gad\u017ei\u0107 - Web-knji\u017eara","isPartOf":{"@id":"https:\/\/webknjizara.hr\/#website"},"primaryImageOfPage":{"@id":"https:\/\/webknjizara.hr\/proizvod\/pedeset-i-dva-iris-gadzic\/#primaryimage"},"image":{"@id":"https:\/\/webknjizara.hr\/proizvod\/pedeset-i-dva-iris-gadzic\/#primaryimage"},"thumbnailUrl":"https:\/\/webknjizara.hr\/wp-content\/uploads\/2025\/07\/Iris_Gadzic_Pedeset_i_dva__webknjizara_redak_WEB_1700.jpg","datePublished":"2025-07-23T00:58:02+00:00","dateModified":"2025-07-23T00:58:03+00:00","breadcrumb":{"@id":"https:\/\/webknjizara.hr\/proizvod\/pedeset-i-dva-iris-gadzic\/#breadcrumb"},"inLanguage":"en-US","potentialAction":[{"@type":"ReadAction","target":["https:\/\/webknjizara.hr\/proizvod\/pedeset-i-dva-iris-gadzic\/"]}]},{"@type":"ImageObject","inLanguage":"en-US","@id":"https:\/\/webknjizara.hr\/proizvod\/pedeset-i-dva-iris-gadzic\/#primaryimage","url":"https:\/\/webknjizara.hr\/wp-content\/uploads\/2025\/07\/Iris_Gadzic_Pedeset_i_dva__webknjizara_redak_WEB_1700.jpg","contentUrl":"https:\/\/webknjizara.hr\/wp-content\/uploads\/2025\/07\/Iris_Gadzic_Pedeset_i_dva__webknjizara_redak_WEB_1700.jpg","width":300,"height":419,"caption":"PEDESET I DVA, Iris Gad\u017ei\u0107"},{"@type":"BreadcrumbList","@id":"https:\/\/webknjizara.hr\/proizvod\/pedeset-i-dva-iris-gadzic\/#breadcrumb","itemListElement":[{"@type":"ListItem","position":1,"name":"Po\u010detna stranica","item":"https:\/\/webknjizara.hr\/en\/"},{"@type":"ListItem","position":2,"name":"Shop","item":"https:\/\/webknjizara.hr\/shop\/"},{"@type":"ListItem","position":3,"name":"PEDESET I DVA, Iris Gad\u017ei\u0107"}]},{"@type":"WebSite","@id":"https:\/\/webknjizara.hr\/#website","url":"https:\/\/webknjizara.hr\/","name":"Web Knji\u017eara","description":"","publisher":{"@id":"https:\/\/webknjizara.hr\/#organization"},"potentialAction":[{"@type":"SearchAction","target":{"@type":"EntryPoint","urlTemplate":"https:\/\/webknjizara.hr\/?s={search_term_string}"},"query-input":{"@type":"PropertyValueSpecification","valueRequired":true,"valueName":"search_term_string"}}],"inLanguage":"en-US"},{"@type":"Organization","@id":"https:\/\/webknjizara.hr\/#organization","name":"REDAK D.O.O.","url":"https:\/\/webknjizara.hr\/","logo":{"@type":"ImageObject","inLanguage":"en-US","@id":"https:\/\/webknjizara.hr\/#\/schema\/logo\/image\/","url":"https:\/\/webknjizara.hr\/wp-content\/uploads\/2023\/01\/web-knjizara-logo.webp","contentUrl":"https:\/\/webknjizara.hr\/wp-content\/uploads\/2023\/01\/web-knjizara-logo.webp","width":324,"height":79,"caption":"REDAK D.O.O."},"image":{"@id":"https:\/\/webknjizara.hr\/#\/schema\/logo\/image\/"}}]}},"_links":{"self":[{"href":"https:\/\/webknjizara.hr\/en\/wp-json\/wp\/v2\/product\/19556","targetHints":{"allow":["GET"]}}],"collection":[{"href":"https:\/\/webknjizara.hr\/en\/wp-json\/wp\/v2\/product"}],"about":[{"href":"https:\/\/webknjizara.hr\/en\/wp-json\/wp\/v2\/types\/product"}],"replies":[{"embeddable":true,"href":"https:\/\/webknjizara.hr\/en\/wp-json\/wp\/v2\/comments?post=19556"}],"wp:featuredmedia":[{"embeddable":true,"href":"https:\/\/webknjizara.hr\/en\/wp-json\/wp\/v2\/media\/19557"}],"wp:attachment":[{"href":"https:\/\/webknjizara.hr\/en\/wp-json\/wp\/v2\/media?parent=19556"}],"wp:term":[{"taxonomy":"product_brand","embeddable":true,"href":"https:\/\/webknjizara.hr\/en\/wp-json\/wp\/v2\/product_brand?post=19556"},{"taxonomy":"product_cat","embeddable":true,"href":"https:\/\/webknjizara.hr\/en\/wp-json\/wp\/v2\/product_cat?post=19556"},{"taxonomy":"product_tag","embeddable":true,"href":"https:\/\/webknjizara.hr\/en\/wp-json\/wp\/v2\/product_tag?post=19556"}],"curies":[{"name":"wp","href":"https:\/\/api.w.org\/{rel}","templated":true}]}}