{"id":19546,"date":"2025-07-21T23:16:06","date_gmt":"2025-07-21T21:16:06","guid":{"rendered":"https:\/\/webknjizara.hr\/?post_type=product&#038;p=19546"},"modified":"2025-07-21T23:16:07","modified_gmt":"2025-07-21T21:16:07","slug":"grimizna-kutlama-petar-mercep","status":"publish","type":"product","link":"https:\/\/webknjizara.hr\/en\/proizvod\/grimizna-kutlama-petar-mercep\/","title":{"rendered":"GRIMIZNA KUTLAMA, Petar Mer\u010dep"},"content":{"rendered":"<p>O \u010demu govori roman?<\/p>\n<p>Ljubavna pri\u010da dvoje mladih u razdoblju osmanlijske vladavine, geografski smje\u0161tena uz krvavu, nestabilnu granicu radobiljskog kraja gdje su turbulentna vremena ostavila nebrojene o\u017eiljke, u ovome je romanu donesena u sasvim suprotnom ozra\u010dju. Mir je bio glavni cilj oko kojega su podjednako revnovali i osvaja\u010di i hrvatski puk.<\/p>\n<p>Radnja je romana vremenski i prostorno bliska autorovom prethodnom romanu Glagolja\u0161 i ponovno nas, uspje\u0161no pribli\u017eila onodobnim doga\u0111anjima koja su nas, bez obzira na vremenski odmak, itekako, potrebito obogatila. Oslanjaju\u0107i se na povijesna izvori\u0161ta, Petar Mer\u010dep se kao izvrstan poznavatelj povijesnih okolnosti i ovim romanom potvrdio.<\/p>\n<p>Pa, iako je razdoblje osmanlijske vladavine na na\u0161im prostorima ostalo zabilje\u017eeno po nevi\u0111enoj okrutnosti, ova je pri\u010da izuze\u0107e. Ljubav su i plemenitost temeljna odrednica romana koja prati ne samo dvoje mladih, ve\u0107 i mnoge kojima su okru\u017eeni, te jedino tako i biva ostvarena.<\/p>\n<p>Svemu plemenitom nasuprot stoji mr\u017enja koja je u romanu prikazana preko mno\u0161tva spletki, podlih zavjera, zlo\u010dina i svakovrsnog kriminala. Intrige se i izopa\u010denosti isprepli\u0107u s plemenito\u0161\u0107u i ljubavi do samoga kraja, popra\u0107eni herojskim, vite\u0161kim pothvatima.<\/p>\n<p>Autor tako, na vrlo vje\u0161t na\u010din, \u010ditatelja ostavlja u uzbu\u0111enju i neizvjesnosti, a humoristi\u010dni i satiri\u010dni elementi po\u010desto uravnote\u017euju\u00a0 sveprisutne napetosti. Uostalom, cijeli roman baca jedno sasvim novo svjetlo ru\u0161e\u0107i sve stereotipe samo zato \u0161to su plemenitost, \u010destitost, me\u0111usobno uva\u017eavanje i \u010dast izvorni predznaci svakom ljudskom bi\u0107u, Stvoriteljev dar.<\/p>\n<p>Sve ideologije, svi izazovi i pote\u0161ko\u0107e dolaze i prolaze, a jedino ljubav u svojoj iskonskoj ljepoti ostaje univerzalnim ljudskim mjerilom. Ako su novonastala vremena ljubav i svela na ne\u0161to nazadno, iluzorno, bajkovito i neprosperitetno, ona \u0107e ostati kao trajni izazov i\u00a0 \u010dovjekova punina bi\u0107a. Sve je evidentnije da se bez nje uru\u0161ava ono \u0161to bi trebao predstavljati \u010dovjek, te samim time civilizaciju dovodi u krizu i opasnost.<\/p>\n<p>Roman toplo preporu\u010dam za \u010ditanje potkrepljuju\u0107i navedeno rije\u010dima koje su ve\u0107 pri po\u010detnim stranicama: \u201eSve bogatstvo ovoga svijeta ni\u0161ta je u usporedbi s \u010dasnim imenom.\u201c<\/p>\n<p>Knji\u017eevnica Vesna Slobo\u0111an, univ. bacc. croat.<\/p>\n<p><strong>Bilje\u0161ka o autoru: <\/strong><\/p>\n<p>Petar Mer\u010dep ro\u0111en je 15. travnja 1962. godine u Katunima u op\u0107ini Omi\u0161, danas op\u0107ina \u0160estanovac. Osnovnu \u0161kolu zavr\u0161io je u \u0160estanovcu, a nakon toga odlazi na \u0161kolovanje u Split gdje i danas \u017eivi i radi. Hrvatski je knji\u017eevnik i publicist, dragovoljac Domovinskog rata te \u010duvar zavi\u010dajne ba\u0161tine.<\/p>\n<p>Prva njegova objavljena knjiga nosi naziv <em>Prpu\u0161alije<\/em>, zatim je objavio romane <em>Max <\/em>i <em>Glagolja\u0161 <\/em>te zbirku pri\u010da <em>Ratne zgode 1991. \u2013 2021.\u00a0<\/em><\/p>\n<p>Njegov roman <em>U sjeni vremena <\/em>pobijedio je u 2024. godini na sedmom po redu <em>Knji\u017eevnom natje\u010daju za najbolji neobjavljeni hrvatski povijesni roman Knez Trpimir <\/em>koji Gradska knji\u017enica Ka\u0161tela u suradnji s Nakladom Bo\u0161kovi\u0107 raspisuje od 2018. godine.<\/p>\n<p><strong>Klju\u010dne rije\u010di:<\/strong> Povijesni roman, turci, pop glagolja\u0161 Don Juraj Peri\u0161i\u0107, doba osmanlija, \u017eupa Radobilja<\/p>\n<p><strong>E-mail:<\/strong> <a href=\"mailto:petarmercep1@gmail.com\">Petar Mer\u010dep<\/a><\/p>\n<p><strong>Naslov: <\/strong>Grimizna kutlama<br \/>\n<strong>Autor\/autorica:<\/strong> Petar Mer\u010dep<br \/>\n<strong>Broj stranica: <\/strong>344<br \/>\n<strong>Nakladnik: <\/strong>Ogranak Matice hrvatske u Splitu<br \/>\n<strong>Godina izdanja: <\/strong>2025.<strong>.<br \/>\n<\/strong><strong>ISBN:<\/strong> 978-953-8582-01-1<br \/>\n<strong>Tisak:<\/strong> digitalni tisak knjiga &#8211; print na zahtjev<\/p>\n","protected":false},"excerpt":{"rendered":"<p>O \u010demu govori roman? Ljubavna pri\u010da dvoje mladih u razdoblju osmanlijske vladavine, geografski smje\u0161tena uz krvavu, nestabilnu granicu radobiljskog kraja gdje su turbulentna vremena ostavila nebrojene o\u017eiljke, u ovome je romanu donesena u sasvim suprotnom ozra\u010dju. Mir je bio glavni cilj oko kojega su podjednako revnovali i osvaja\u010di i hrvatski puk. Radnja je romana vremenski [&hellip;]<\/p>\n","protected":false},"featured_media":19547,"comment_status":"open","ping_status":"closed","template":"","meta":{"_acf_changed":false},"product_brand":[],"product_cat":[1607],"product_tag":[],"class_list":{"0":"post-19546","1":"product","2":"type-product","3":"status-publish","4":"has-post-thumbnail","6":"product_cat-proza","7":"pa_autor-petar-mercep","8":"pa_nakladnik-redak","10":"first","11":"instock","12":"shipping-taxable","13":"purchasable","14":"product-type-simple"},"acf":[],"yoast_head":"<!-- This site is optimized with the Yoast SEO plugin v27.3 - https:\/\/yoast.com\/product\/yoast-seo-wordpress\/ -->\n<title>GRIMIZNA KUTLAMA, Petar Mer\u010dep - Web-knji\u017eara<\/title>\n<meta name=\"robots\" content=\"index, follow, max-snippet:-1, max-image-preview:large, max-video-preview:-1\" \/>\n<link rel=\"canonical\" href=\"https:\/\/webknjizara.hr\/proizvod\/grimizna-kutlama-petar-mercep\/\" \/>\n<meta property=\"og:locale\" content=\"en_US\" \/>\n<meta property=\"og:type\" content=\"article\" \/>\n<meta property=\"og:title\" content=\"GRIMIZNA KUTLAMA, Petar Mer\u010dep - Web-knji\u017eara\" \/>\n<meta property=\"og:description\" content=\"O \u010demu govori roman? Ljubavna pri\u010da dvoje mladih u razdoblju osmanlijske vladavine, geografski smje\u0161tena uz krvavu, nestabilnu granicu radobiljskog kraja gdje su turbulentna vremena ostavila nebrojene o\u017eiljke, u ovome je romanu donesena u sasvim suprotnom ozra\u010dju. Mir je bio glavni cilj oko kojega su podjednako revnovali i osvaja\u010di i hrvatski puk. Radnja je romana vremenski [&hellip;]\" \/>\n<meta property=\"og:url\" content=\"https:\/\/webknjizara.hr\/proizvod\/grimizna-kutlama-petar-mercep\/\" \/>\n<meta property=\"og:site_name\" content=\"Web-knji\u017eara\" \/>\n<meta property=\"article:modified_time\" content=\"2025-07-21T21:16:07+00:00\" \/>\n<meta property=\"og:image\" content=\"https:\/\/webknjizara.hr\/wp-content\/uploads\/2025\/07\/Petar_Mercep_Grimizna_kutlama_webknjizara_redak_WEB_1709.jpg\" \/>\n\t<meta property=\"og:image:width\" content=\"300\" \/>\n\t<meta property=\"og:image:height\" content=\"419\" \/>\n\t<meta property=\"og:image:type\" content=\"image\/jpeg\" \/>\n<meta name=\"twitter:card\" content=\"summary_large_image\" \/>\n<meta name=\"twitter:label1\" content=\"Est. reading time\" \/>\n\t<meta name=\"twitter:data1\" content=\"3 minutes\" \/>\n<script type=\"application\/ld+json\" class=\"yoast-schema-graph\">{\"@context\":\"https:\\\/\\\/schema.org\",\"@graph\":[{\"@type\":\"WebPage\",\"@id\":\"https:\\\/\\\/webknjizara.hr\\\/proizvod\\\/grimizna-kutlama-petar-mercep\\\/\",\"url\":\"https:\\\/\\\/webknjizara.hr\\\/proizvod\\\/grimizna-kutlama-petar-mercep\\\/\",\"name\":\"GRIMIZNA KUTLAMA, Petar Mer\u010dep - Web-knji\u017eara\",\"isPartOf\":{\"@id\":\"https:\\\/\\\/webknjizara.hr\\\/#website\"},\"primaryImageOfPage\":{\"@id\":\"https:\\\/\\\/webknjizara.hr\\\/proizvod\\\/grimizna-kutlama-petar-mercep\\\/#primaryimage\"},\"image\":{\"@id\":\"https:\\\/\\\/webknjizara.hr\\\/proizvod\\\/grimizna-kutlama-petar-mercep\\\/#primaryimage\"},\"thumbnailUrl\":\"https:\\\/\\\/webknjizara.hr\\\/wp-content\\\/uploads\\\/2025\\\/07\\\/Petar_Mercep_Grimizna_kutlama_webknjizara_redak_WEB_1709.jpg\",\"datePublished\":\"2025-07-21T21:16:06+00:00\",\"dateModified\":\"2025-07-21T21:16:07+00:00\",\"breadcrumb\":{\"@id\":\"https:\\\/\\\/webknjizara.hr\\\/proizvod\\\/grimizna-kutlama-petar-mercep\\\/#breadcrumb\"},\"inLanguage\":\"en-US\",\"potentialAction\":[{\"@type\":\"ReadAction\",\"target\":[\"https:\\\/\\\/webknjizara.hr\\\/proizvod\\\/grimizna-kutlama-petar-mercep\\\/\"]}]},{\"@type\":\"ImageObject\",\"inLanguage\":\"en-US\",\"@id\":\"https:\\\/\\\/webknjizara.hr\\\/proizvod\\\/grimizna-kutlama-petar-mercep\\\/#primaryimage\",\"url\":\"https:\\\/\\\/webknjizara.hr\\\/wp-content\\\/uploads\\\/2025\\\/07\\\/Petar_Mercep_Grimizna_kutlama_webknjizara_redak_WEB_1709.jpg\",\"contentUrl\":\"https:\\\/\\\/webknjizara.hr\\\/wp-content\\\/uploads\\\/2025\\\/07\\\/Petar_Mercep_Grimizna_kutlama_webknjizara_redak_WEB_1709.jpg\",\"width\":300,\"height\":419,\"caption\":\"GRIMIZNA KUTLAMA, Petar Mer\u010dep\"},{\"@type\":\"BreadcrumbList\",\"@id\":\"https:\\\/\\\/webknjizara.hr\\\/proizvod\\\/grimizna-kutlama-petar-mercep\\\/#breadcrumb\",\"itemListElement\":[{\"@type\":\"ListItem\",\"position\":1,\"name\":\"Po\u010detna stranica\",\"item\":\"https:\\\/\\\/webknjizara.hr\\\/en\\\/\"},{\"@type\":\"ListItem\",\"position\":2,\"name\":\"Shop\",\"item\":\"https:\\\/\\\/webknjizara.hr\\\/shop\\\/\"},{\"@type\":\"ListItem\",\"position\":3,\"name\":\"GRIMIZNA KUTLAMA, Petar Mer\u010dep\"}]},{\"@type\":\"WebSite\",\"@id\":\"https:\\\/\\\/webknjizara.hr\\\/#website\",\"url\":\"https:\\\/\\\/webknjizara.hr\\\/\",\"name\":\"Web Knji\u017eara\",\"description\":\"\",\"publisher\":{\"@id\":\"https:\\\/\\\/webknjizara.hr\\\/#organization\"},\"potentialAction\":[{\"@type\":\"SearchAction\",\"target\":{\"@type\":\"EntryPoint\",\"urlTemplate\":\"https:\\\/\\\/webknjizara.hr\\\/?s={search_term_string}\"},\"query-input\":{\"@type\":\"PropertyValueSpecification\",\"valueRequired\":true,\"valueName\":\"search_term_string\"}}],\"inLanguage\":\"en-US\"},{\"@type\":\"Organization\",\"@id\":\"https:\\\/\\\/webknjizara.hr\\\/#organization\",\"name\":\"REDAK D.O.O.\",\"url\":\"https:\\\/\\\/webknjizara.hr\\\/\",\"logo\":{\"@type\":\"ImageObject\",\"inLanguage\":\"en-US\",\"@id\":\"https:\\\/\\\/webknjizara.hr\\\/#\\\/schema\\\/logo\\\/image\\\/\",\"url\":\"https:\\\/\\\/webknjizara.hr\\\/wp-content\\\/uploads\\\/2023\\\/01\\\/web-knjizara-logo.webp\",\"contentUrl\":\"https:\\\/\\\/webknjizara.hr\\\/wp-content\\\/uploads\\\/2023\\\/01\\\/web-knjizara-logo.webp\",\"width\":324,\"height\":79,\"caption\":\"REDAK D.O.O.\"},\"image\":{\"@id\":\"https:\\\/\\\/webknjizara.hr\\\/#\\\/schema\\\/logo\\\/image\\\/\"}}]}<\/script>\n<!-- \/ Yoast SEO plugin. -->","yoast_head_json":{"title":"GRIMIZNA KUTLAMA, Petar Mer\u010dep - Web-knji\u017eara","robots":{"index":"index","follow":"follow","max-snippet":"max-snippet:-1","max-image-preview":"max-image-preview:large","max-video-preview":"max-video-preview:-1"},"canonical":"https:\/\/webknjizara.hr\/proizvod\/grimizna-kutlama-petar-mercep\/","og_locale":"en_US","og_type":"article","og_title":"GRIMIZNA KUTLAMA, Petar Mer\u010dep - Web-knji\u017eara","og_description":"O \u010demu govori roman? Ljubavna pri\u010da dvoje mladih u razdoblju osmanlijske vladavine, geografski smje\u0161tena uz krvavu, nestabilnu granicu radobiljskog kraja gdje su turbulentna vremena ostavila nebrojene o\u017eiljke, u ovome je romanu donesena u sasvim suprotnom ozra\u010dju. Mir je bio glavni cilj oko kojega su podjednako revnovali i osvaja\u010di i hrvatski puk. Radnja je romana vremenski [&hellip;]","og_url":"https:\/\/webknjizara.hr\/proizvod\/grimizna-kutlama-petar-mercep\/","og_site_name":"Web-knji\u017eara","article_modified_time":"2025-07-21T21:16:07+00:00","og_image":[{"width":300,"height":419,"url":"https:\/\/webknjizara.hr\/wp-content\/uploads\/2025\/07\/Petar_Mercep_Grimizna_kutlama_webknjizara_redak_WEB_1709.jpg","type":"image\/jpeg"}],"twitter_card":"summary_large_image","twitter_misc":{"Est. reading time":"3 minutes"},"schema":{"@context":"https:\/\/schema.org","@graph":[{"@type":"WebPage","@id":"https:\/\/webknjizara.hr\/proizvod\/grimizna-kutlama-petar-mercep\/","url":"https:\/\/webknjizara.hr\/proizvod\/grimizna-kutlama-petar-mercep\/","name":"GRIMIZNA KUTLAMA, Petar Mer\u010dep - Web-knji\u017eara","isPartOf":{"@id":"https:\/\/webknjizara.hr\/#website"},"primaryImageOfPage":{"@id":"https:\/\/webknjizara.hr\/proizvod\/grimizna-kutlama-petar-mercep\/#primaryimage"},"image":{"@id":"https:\/\/webknjizara.hr\/proizvod\/grimizna-kutlama-petar-mercep\/#primaryimage"},"thumbnailUrl":"https:\/\/webknjizara.hr\/wp-content\/uploads\/2025\/07\/Petar_Mercep_Grimizna_kutlama_webknjizara_redak_WEB_1709.jpg","datePublished":"2025-07-21T21:16:06+00:00","dateModified":"2025-07-21T21:16:07+00:00","breadcrumb":{"@id":"https:\/\/webknjizara.hr\/proizvod\/grimizna-kutlama-petar-mercep\/#breadcrumb"},"inLanguage":"en-US","potentialAction":[{"@type":"ReadAction","target":["https:\/\/webknjizara.hr\/proizvod\/grimizna-kutlama-petar-mercep\/"]}]},{"@type":"ImageObject","inLanguage":"en-US","@id":"https:\/\/webknjizara.hr\/proizvod\/grimizna-kutlama-petar-mercep\/#primaryimage","url":"https:\/\/webknjizara.hr\/wp-content\/uploads\/2025\/07\/Petar_Mercep_Grimizna_kutlama_webknjizara_redak_WEB_1709.jpg","contentUrl":"https:\/\/webknjizara.hr\/wp-content\/uploads\/2025\/07\/Petar_Mercep_Grimizna_kutlama_webknjizara_redak_WEB_1709.jpg","width":300,"height":419,"caption":"GRIMIZNA KUTLAMA, Petar Mer\u010dep"},{"@type":"BreadcrumbList","@id":"https:\/\/webknjizara.hr\/proizvod\/grimizna-kutlama-petar-mercep\/#breadcrumb","itemListElement":[{"@type":"ListItem","position":1,"name":"Po\u010detna stranica","item":"https:\/\/webknjizara.hr\/en\/"},{"@type":"ListItem","position":2,"name":"Shop","item":"https:\/\/webknjizara.hr\/shop\/"},{"@type":"ListItem","position":3,"name":"GRIMIZNA KUTLAMA, Petar Mer\u010dep"}]},{"@type":"WebSite","@id":"https:\/\/webknjizara.hr\/#website","url":"https:\/\/webknjizara.hr\/","name":"Web Knji\u017eara","description":"","publisher":{"@id":"https:\/\/webknjizara.hr\/#organization"},"potentialAction":[{"@type":"SearchAction","target":{"@type":"EntryPoint","urlTemplate":"https:\/\/webknjizara.hr\/?s={search_term_string}"},"query-input":{"@type":"PropertyValueSpecification","valueRequired":true,"valueName":"search_term_string"}}],"inLanguage":"en-US"},{"@type":"Organization","@id":"https:\/\/webknjizara.hr\/#organization","name":"REDAK D.O.O.","url":"https:\/\/webknjizara.hr\/","logo":{"@type":"ImageObject","inLanguage":"en-US","@id":"https:\/\/webknjizara.hr\/#\/schema\/logo\/image\/","url":"https:\/\/webknjizara.hr\/wp-content\/uploads\/2023\/01\/web-knjizara-logo.webp","contentUrl":"https:\/\/webknjizara.hr\/wp-content\/uploads\/2023\/01\/web-knjizara-logo.webp","width":324,"height":79,"caption":"REDAK D.O.O."},"image":{"@id":"https:\/\/webknjizara.hr\/#\/schema\/logo\/image\/"}}]}},"_links":{"self":[{"href":"https:\/\/webknjizara.hr\/en\/wp-json\/wp\/v2\/product\/19546","targetHints":{"allow":["GET"]}}],"collection":[{"href":"https:\/\/webknjizara.hr\/en\/wp-json\/wp\/v2\/product"}],"about":[{"href":"https:\/\/webknjizara.hr\/en\/wp-json\/wp\/v2\/types\/product"}],"replies":[{"embeddable":true,"href":"https:\/\/webknjizara.hr\/en\/wp-json\/wp\/v2\/comments?post=19546"}],"wp:featuredmedia":[{"embeddable":true,"href":"https:\/\/webknjizara.hr\/en\/wp-json\/wp\/v2\/media\/19547"}],"wp:attachment":[{"href":"https:\/\/webknjizara.hr\/en\/wp-json\/wp\/v2\/media?parent=19546"}],"wp:term":[{"taxonomy":"product_brand","embeddable":true,"href":"https:\/\/webknjizara.hr\/en\/wp-json\/wp\/v2\/product_brand?post=19546"},{"taxonomy":"product_cat","embeddable":true,"href":"https:\/\/webknjizara.hr\/en\/wp-json\/wp\/v2\/product_cat?post=19546"},{"taxonomy":"product_tag","embeddable":true,"href":"https:\/\/webknjizara.hr\/en\/wp-json\/wp\/v2\/product_tag?post=19546"}],"curies":[{"name":"wp","href":"https:\/\/api.w.org\/{rel}","templated":true}]}}