{"id":19521,"date":"2025-07-18T08:43:49","date_gmt":"2025-07-18T06:43:49","guid":{"rendered":"https:\/\/webknjizara.hr\/?post_type=product&#038;p=19521"},"modified":"2025-07-18T08:43:49","modified_gmt":"2025-07-18T06:43:49","slug":"vadan-aglomran-antun-vlasic","status":"publish","type":"product","link":"https:\/\/webknjizara.hr\/en\/proizvod\/vadan-aglomran-antun-vlasic\/","title":{"rendered":"VADAN AGLOMRAN, Antun Vla\u0161i\u0107"},"content":{"rendered":"<p>Vad\u0101n Agl\u014dmr\u0101n, ili jezik Agl\u014dmr\u0101n, stvoren je iz nepoznatih svjetova.<\/p>\n<p>Djeluje \u010dudesno i fantasti\u010dno.<\/p>\n<p>Pro\u010ditajte, prou\u010dite pa se uvjerite da li je moj stvarala\u010dki dojam ispravan.<\/p>\n<p>Nastanak ovog jezika motiviran je istinitim doga\u0111ajem u Hrvatskoj.<\/p>\n<p>Istiniti doga\u0111aj iz kojeg je motiviran taj jezik \u2013<\/p>\n<p>Bliski susret tre\u0107e vrste u autobusu 1998.<\/p>\n<p>Bliski susret tre\u0107e vrste \u2013 incident u no\u0107noj vo\u017enji autobusom sa svojom biv\u0161om ma\u0107ehom<\/p>\n<p>prema Zadru, u no\u0107i u 1 ujutro, 2. srpnja 1998., mjesto Jasenice kod Masleni\u010dkog mosta,<\/p>\n<p>UPOZORENJE!, Po\u0161tovano \u010ditateljstvo, u ovom slu\u010daju \u010ditate stvarni istiniti \u017eivotopis, ovo nije jo\u0161 jedna epizoda Dylan Doga i niste svratili u Cinestar!:Tu ve\u010der ma\u0161tao sam da idem u Afriku na Safari ne bih li \u010dudne \u017eivotinje vidio i govorio ma\u0107ehi kad sam gledao kroz prozor autobusa uspore\u0111uju\u0107i grmove, drve\u0107a i \u017ebunje s egzoti\u010dnim \u017eivotinjama koje u ovom \u017eivotu za tada\u0161nje vrijeme jo\u0161 uvijek vidio nisam:<\/p>\n<p>&#8220;Sonja vidi lavovi, Sonja vidi \u017eirafe, Sonja vidi slonovi, Sonja vidi nosorozi!&#8221;<\/p>\n<p>To bija\u0161e tako prvi nekoliko sati vo\u017enje da bi se nakon prolaska tamo onog velebitskog dijela prema Masleni\u010dkom mostu kroz prozor lijevo od mene, mi smo sjedili na desnoj strani autobusa, to je bio starinski autobus s onim \u017eutim gumiranim tapetama, nije bilo one gornje police za stvari, prvo vidio dvije dvogrbe deve kako stoje i svijetle u mraku, najvjerojatnije figure ili plakati iako ne znam \u0161to bi to slu\u017eilo tamo, a koju minutu nakon s desne strane bijela ku\u0107a katnica, balkon s mramornim stubovima od kojih se sastojala ta ograda, na balkon kroz svjetlosnu izmaglicu izlazi zeleni frogy humanoid, ja upirem prstom i vi\u010dem: &#8220;Sonja, kakav li je ono svemirac?&#8221;, Sonja ne slu\u0161a. Par minuta poslije doista se dogodio safari. Naime, one \u017eute tapete iznad prozora po\u010dele su bubriti i pucati a iz njih izlaziti zelene romboidne glave s licem u obliku kru\u0161ke, onako neka gusta svijetlozelena boja, \u017eute okrugle o\u010di s o\u010dnim zjenicama bez o\u010dnih kapaka, bez nosa i bez u\u0161iju, s zape\u010da\u0107enom roza nasmije\u0161enom usnom,<\/p>\n<p>prije bih rekao da je to roza pigmentacija u obliku nasmije\u0161ene usne, s malim kao udubljenjem, na crnim ljigavim vratovima koji su kao sluzavi, obujma tankih cijevi za kupatilo, ostatak tijela je u tom presijecanju prostora i ne vidi se, glasovanje ne\u0161to kao unjkavo nji\u0161tanje zatvorenih ustiju. Bilo je njih vi\u0161e. Pitao sam Sonju \u0161ta je to upiru\u0107i prsti\u0107em, a Sonja da mi zama\u017ee do\u017eivljaj odgovorila je: &#8220;Sjene, to je samo od velikog mraka pa su na\u0161e sjene tako izbile napolje&#8221;, a mene jo\u0161 vi\u0161e \u010dudi kako sjene preuzimaju takav oblik i one imaju tako\u0111er svoju sjenu, a nedugo nakon toga da je starija gospo\u0111a s viklerskom frizurom koja je sa malom djevoj\u010dicom plave kose sjedila na sjedalima ispred nas dobila s tom glavom \u0161amar u glavu, na \u0161to je odmahnula rukom i rekla: &#8220;O moj Bo\u017ee!&#8221;, a Sonja odmah kako je njoj sjena udarila u glavu. Kasnije, kad smo ve\u0107 izlazili iz autobusa, kad je prispio u Zadar, oni su se po\u010deli povla\u010diti prema unutra a ja sam pitao Sonju mogu li se sjene podragati, a ona kao samo da ja mogu njezinu a ona svoju i lagala me da je zatvoren prozor da se kao ne mo\u017ee, a onda sama i\u0161la rukom po licu tog zelenoglavog neobi\u010dnika pipati. Kako su reagirali putnici ostali? Koliko znam, nije bilo neke uznemirenosti ni vriske, a meni je to \u010dak djelovalo normalno jer bio sam dijete od 5 godina, a logiku stvarnosti i nemogu\u0107eg nau\u010dio sam tek u osnovnoj \u0161koli.<\/p>\n<p>Sa 17 godina po\u010deo sam si to osvje\u0161tavati, slikaju\u0107i ih, izra\u0111uju\u0107i njihove skulpture i poku\u0161avaju\u0107i sam sebi objasniti \u0161to se dogodilo, i tada sam shvatio koliko ljudska bi\u0107a jako malo znaju i koliko je u su\u0161tini ljudska znanost ograni\u010dena.<\/p>\n<p>Motiviran time, po\u010deo sam sastavljati kanaliziraju\u0107i ga kroz poseban oblik meditacije taj jezik koji sam nazvao Malag\u016b V\u0113r\u014dy ili Jezik vanzemaljaca Andromede, a malo poslije i ovaj koji sada \u010ditate \u2013 Vad\u0101n Agl\u014dmr\u0101n.<\/p>\n<p><strong>Klju\u010dne rije\u010di: <\/strong>Vanzemaljci, drevne civilizacije, znanstvena fantastika<\/p>\n<p><strong>E-mail: <\/strong><a href=\"mailto:svevladazslowian@gmail.com\">Antun Vla\u0161i\u0107<\/a><\/p>\n<p><strong>Naslov: <\/strong>Vadan Aglomran<br \/>\n<strong>Autor\/autorica:<\/strong> Antun Vla\u0161i\u0107<br \/>\n<strong>Broj stranica: <\/strong>244<br \/>\n<strong>Nakladnik: <\/strong>Vlastita naklada<br \/>\n<strong>Godina izdanja: <\/strong>2025<strong>.<br \/>\n<\/strong><strong>ISBN:<\/strong> 978-953-50509-6-4<br \/>\n<strong>Tisak:<\/strong> digitalni tisak knjiga &#8211; print na zahtjev<\/p>\n","protected":false},"excerpt":{"rendered":"<p>Vad\u0101n Agl\u014dmr\u0101n, ili jezik Agl\u014dmr\u0101n, stvoren je iz nepoznatih svjetova. Djeluje \u010dudesno i fantasti\u010dno. Pro\u010ditajte, prou\u010dite pa se uvjerite da li je moj stvarala\u010dki dojam ispravan. Nastanak ovog jezika motiviran je istinitim doga\u0111ajem u Hrvatskoj. Istiniti doga\u0111aj iz kojeg je motiviran taj jezik \u2013 Bliski susret tre\u0107e vrste u autobusu 1998. Bliski susret tre\u0107e vrste [&hellip;]<\/p>\n","protected":false},"featured_media":19522,"comment_status":"open","ping_status":"closed","template":"","meta":{"_acf_changed":false},"product_brand":[],"product_cat":[1607],"product_tag":[],"class_list":{"0":"post-19521","1":"product","2":"type-product","3":"status-publish","4":"has-post-thumbnail","6":"product_cat-proza","7":"pa_autor-antun-vlasic","8":"pa_nakladnik-redak","10":"first","11":"instock","12":"shipping-taxable","13":"purchasable","14":"product-type-simple"},"acf":[],"yoast_head":"<!-- This site is optimized with the Yoast SEO plugin v27.3 - https:\/\/yoast.com\/product\/yoast-seo-wordpress\/ -->\n<title>VADAN AGLOMRAN, Antun Vla\u0161i\u0107 - Web-knji\u017eara<\/title>\n<meta name=\"robots\" content=\"index, follow, max-snippet:-1, max-image-preview:large, max-video-preview:-1\" \/>\n<link rel=\"canonical\" href=\"https:\/\/webknjizara.hr\/proizvod\/vadan-aglomran-antun-vlasic\/\" \/>\n<meta property=\"og:locale\" content=\"en_US\" \/>\n<meta property=\"og:type\" content=\"article\" \/>\n<meta property=\"og:title\" content=\"VADAN AGLOMRAN, Antun Vla\u0161i\u0107 - Web-knji\u017eara\" \/>\n<meta property=\"og:description\" content=\"Vad\u0101n Agl\u014dmr\u0101n, ili jezik Agl\u014dmr\u0101n, stvoren je iz nepoznatih svjetova. Djeluje \u010dudesno i fantasti\u010dno. Pro\u010ditajte, prou\u010dite pa se uvjerite da li je moj stvarala\u010dki dojam ispravan. Nastanak ovog jezika motiviran je istinitim doga\u0111ajem u Hrvatskoj. Istiniti doga\u0111aj iz kojeg je motiviran taj jezik \u2013 Bliski susret tre\u0107e vrste u autobusu 1998. Bliski susret tre\u0107e vrste [&hellip;]\" \/>\n<meta property=\"og:url\" content=\"https:\/\/webknjizara.hr\/proizvod\/vadan-aglomran-antun-vlasic\/\" \/>\n<meta property=\"og:site_name\" content=\"Web-knji\u017eara\" \/>\n<meta property=\"og:image\" content=\"https:\/\/webknjizara.hr\/wp-content\/uploads\/2025\/07\/Antun_Vlasic_Vadan_Aglomran_webknjizara_redak_WEB_1718.jpg\" \/>\n\t<meta property=\"og:image:width\" content=\"300\" \/>\n\t<meta property=\"og:image:height\" content=\"419\" \/>\n\t<meta property=\"og:image:type\" content=\"image\/jpeg\" \/>\n<meta name=\"twitter:card\" content=\"summary_large_image\" \/>\n<meta name=\"twitter:label1\" content=\"Est. reading time\" \/>\n\t<meta name=\"twitter:data1\" content=\"4 minutes\" \/>\n<script type=\"application\/ld+json\" class=\"yoast-schema-graph\">{\"@context\":\"https:\\\/\\\/schema.org\",\"@graph\":[{\"@type\":\"WebPage\",\"@id\":\"https:\\\/\\\/webknjizara.hr\\\/proizvod\\\/vadan-aglomran-antun-vlasic\\\/\",\"url\":\"https:\\\/\\\/webknjizara.hr\\\/proizvod\\\/vadan-aglomran-antun-vlasic\\\/\",\"name\":\"VADAN AGLOMRAN, Antun Vla\u0161i\u0107 - Web-knji\u017eara\",\"isPartOf\":{\"@id\":\"https:\\\/\\\/webknjizara.hr\\\/#website\"},\"primaryImageOfPage\":{\"@id\":\"https:\\\/\\\/webknjizara.hr\\\/proizvod\\\/vadan-aglomran-antun-vlasic\\\/#primaryimage\"},\"image\":{\"@id\":\"https:\\\/\\\/webknjizara.hr\\\/proizvod\\\/vadan-aglomran-antun-vlasic\\\/#primaryimage\"},\"thumbnailUrl\":\"https:\\\/\\\/webknjizara.hr\\\/wp-content\\\/uploads\\\/2025\\\/07\\\/Antun_Vlasic_Vadan_Aglomran_webknjizara_redak_WEB_1718.jpg\",\"datePublished\":\"2025-07-18T06:43:49+00:00\",\"breadcrumb\":{\"@id\":\"https:\\\/\\\/webknjizara.hr\\\/proizvod\\\/vadan-aglomran-antun-vlasic\\\/#breadcrumb\"},\"inLanguage\":\"en-US\",\"potentialAction\":[{\"@type\":\"ReadAction\",\"target\":[\"https:\\\/\\\/webknjizara.hr\\\/proizvod\\\/vadan-aglomran-antun-vlasic\\\/\"]}]},{\"@type\":\"ImageObject\",\"inLanguage\":\"en-US\",\"@id\":\"https:\\\/\\\/webknjizara.hr\\\/proizvod\\\/vadan-aglomran-antun-vlasic\\\/#primaryimage\",\"url\":\"https:\\\/\\\/webknjizara.hr\\\/wp-content\\\/uploads\\\/2025\\\/07\\\/Antun_Vlasic_Vadan_Aglomran_webknjizara_redak_WEB_1718.jpg\",\"contentUrl\":\"https:\\\/\\\/webknjizara.hr\\\/wp-content\\\/uploads\\\/2025\\\/07\\\/Antun_Vlasic_Vadan_Aglomran_webknjizara_redak_WEB_1718.jpg\",\"width\":300,\"height\":419,\"caption\":\"VADAN AGLOMRAN, Antun Vla\u0161i\u0107\"},{\"@type\":\"BreadcrumbList\",\"@id\":\"https:\\\/\\\/webknjizara.hr\\\/proizvod\\\/vadan-aglomran-antun-vlasic\\\/#breadcrumb\",\"itemListElement\":[{\"@type\":\"ListItem\",\"position\":1,\"name\":\"Po\u010detna stranica\",\"item\":\"https:\\\/\\\/webknjizara.hr\\\/en\\\/\"},{\"@type\":\"ListItem\",\"position\":2,\"name\":\"Shop\",\"item\":\"https:\\\/\\\/webknjizara.hr\\\/shop\\\/\"},{\"@type\":\"ListItem\",\"position\":3,\"name\":\"VADAN AGLOMRAN, Antun Vla\u0161i\u0107\"}]},{\"@type\":\"WebSite\",\"@id\":\"https:\\\/\\\/webknjizara.hr\\\/#website\",\"url\":\"https:\\\/\\\/webknjizara.hr\\\/\",\"name\":\"Web Knji\u017eara\",\"description\":\"\",\"publisher\":{\"@id\":\"https:\\\/\\\/webknjizara.hr\\\/#organization\"},\"potentialAction\":[{\"@type\":\"SearchAction\",\"target\":{\"@type\":\"EntryPoint\",\"urlTemplate\":\"https:\\\/\\\/webknjizara.hr\\\/?s={search_term_string}\"},\"query-input\":{\"@type\":\"PropertyValueSpecification\",\"valueRequired\":true,\"valueName\":\"search_term_string\"}}],\"inLanguage\":\"en-US\"},{\"@type\":\"Organization\",\"@id\":\"https:\\\/\\\/webknjizara.hr\\\/#organization\",\"name\":\"REDAK D.O.O.\",\"url\":\"https:\\\/\\\/webknjizara.hr\\\/\",\"logo\":{\"@type\":\"ImageObject\",\"inLanguage\":\"en-US\",\"@id\":\"https:\\\/\\\/webknjizara.hr\\\/#\\\/schema\\\/logo\\\/image\\\/\",\"url\":\"https:\\\/\\\/webknjizara.hr\\\/wp-content\\\/uploads\\\/2023\\\/01\\\/web-knjizara-logo.webp\",\"contentUrl\":\"https:\\\/\\\/webknjizara.hr\\\/wp-content\\\/uploads\\\/2023\\\/01\\\/web-knjizara-logo.webp\",\"width\":324,\"height\":79,\"caption\":\"REDAK D.O.O.\"},\"image\":{\"@id\":\"https:\\\/\\\/webknjizara.hr\\\/#\\\/schema\\\/logo\\\/image\\\/\"}}]}<\/script>\n<!-- \/ Yoast SEO plugin. -->","yoast_head_json":{"title":"VADAN AGLOMRAN, Antun Vla\u0161i\u0107 - Web-knji\u017eara","robots":{"index":"index","follow":"follow","max-snippet":"max-snippet:-1","max-image-preview":"max-image-preview:large","max-video-preview":"max-video-preview:-1"},"canonical":"https:\/\/webknjizara.hr\/proizvod\/vadan-aglomran-antun-vlasic\/","og_locale":"en_US","og_type":"article","og_title":"VADAN AGLOMRAN, Antun Vla\u0161i\u0107 - Web-knji\u017eara","og_description":"Vad\u0101n Agl\u014dmr\u0101n, ili jezik Agl\u014dmr\u0101n, stvoren je iz nepoznatih svjetova. Djeluje \u010dudesno i fantasti\u010dno. Pro\u010ditajte, prou\u010dite pa se uvjerite da li je moj stvarala\u010dki dojam ispravan. Nastanak ovog jezika motiviran je istinitim doga\u0111ajem u Hrvatskoj. Istiniti doga\u0111aj iz kojeg je motiviran taj jezik \u2013 Bliski susret tre\u0107e vrste u autobusu 1998. Bliski susret tre\u0107e vrste [&hellip;]","og_url":"https:\/\/webknjizara.hr\/proizvod\/vadan-aglomran-antun-vlasic\/","og_site_name":"Web-knji\u017eara","og_image":[{"width":300,"height":419,"url":"https:\/\/webknjizara.hr\/wp-content\/uploads\/2025\/07\/Antun_Vlasic_Vadan_Aglomran_webknjizara_redak_WEB_1718.jpg","type":"image\/jpeg"}],"twitter_card":"summary_large_image","twitter_misc":{"Est. reading time":"4 minutes"},"schema":{"@context":"https:\/\/schema.org","@graph":[{"@type":"WebPage","@id":"https:\/\/webknjizara.hr\/proizvod\/vadan-aglomran-antun-vlasic\/","url":"https:\/\/webknjizara.hr\/proizvod\/vadan-aglomran-antun-vlasic\/","name":"VADAN AGLOMRAN, Antun Vla\u0161i\u0107 - Web-knji\u017eara","isPartOf":{"@id":"https:\/\/webknjizara.hr\/#website"},"primaryImageOfPage":{"@id":"https:\/\/webknjizara.hr\/proizvod\/vadan-aglomran-antun-vlasic\/#primaryimage"},"image":{"@id":"https:\/\/webknjizara.hr\/proizvod\/vadan-aglomran-antun-vlasic\/#primaryimage"},"thumbnailUrl":"https:\/\/webknjizara.hr\/wp-content\/uploads\/2025\/07\/Antun_Vlasic_Vadan_Aglomran_webknjizara_redak_WEB_1718.jpg","datePublished":"2025-07-18T06:43:49+00:00","breadcrumb":{"@id":"https:\/\/webknjizara.hr\/proizvod\/vadan-aglomran-antun-vlasic\/#breadcrumb"},"inLanguage":"en-US","potentialAction":[{"@type":"ReadAction","target":["https:\/\/webknjizara.hr\/proizvod\/vadan-aglomran-antun-vlasic\/"]}]},{"@type":"ImageObject","inLanguage":"en-US","@id":"https:\/\/webknjizara.hr\/proizvod\/vadan-aglomran-antun-vlasic\/#primaryimage","url":"https:\/\/webknjizara.hr\/wp-content\/uploads\/2025\/07\/Antun_Vlasic_Vadan_Aglomran_webknjizara_redak_WEB_1718.jpg","contentUrl":"https:\/\/webknjizara.hr\/wp-content\/uploads\/2025\/07\/Antun_Vlasic_Vadan_Aglomran_webknjizara_redak_WEB_1718.jpg","width":300,"height":419,"caption":"VADAN AGLOMRAN, Antun Vla\u0161i\u0107"},{"@type":"BreadcrumbList","@id":"https:\/\/webknjizara.hr\/proizvod\/vadan-aglomran-antun-vlasic\/#breadcrumb","itemListElement":[{"@type":"ListItem","position":1,"name":"Po\u010detna stranica","item":"https:\/\/webknjizara.hr\/en\/"},{"@type":"ListItem","position":2,"name":"Shop","item":"https:\/\/webknjizara.hr\/shop\/"},{"@type":"ListItem","position":3,"name":"VADAN AGLOMRAN, Antun Vla\u0161i\u0107"}]},{"@type":"WebSite","@id":"https:\/\/webknjizara.hr\/#website","url":"https:\/\/webknjizara.hr\/","name":"Web Knji\u017eara","description":"","publisher":{"@id":"https:\/\/webknjizara.hr\/#organization"},"potentialAction":[{"@type":"SearchAction","target":{"@type":"EntryPoint","urlTemplate":"https:\/\/webknjizara.hr\/?s={search_term_string}"},"query-input":{"@type":"PropertyValueSpecification","valueRequired":true,"valueName":"search_term_string"}}],"inLanguage":"en-US"},{"@type":"Organization","@id":"https:\/\/webknjizara.hr\/#organization","name":"REDAK D.O.O.","url":"https:\/\/webknjizara.hr\/","logo":{"@type":"ImageObject","inLanguage":"en-US","@id":"https:\/\/webknjizara.hr\/#\/schema\/logo\/image\/","url":"https:\/\/webknjizara.hr\/wp-content\/uploads\/2023\/01\/web-knjizara-logo.webp","contentUrl":"https:\/\/webknjizara.hr\/wp-content\/uploads\/2023\/01\/web-knjizara-logo.webp","width":324,"height":79,"caption":"REDAK D.O.O."},"image":{"@id":"https:\/\/webknjizara.hr\/#\/schema\/logo\/image\/"}}]}},"_links":{"self":[{"href":"https:\/\/webknjizara.hr\/en\/wp-json\/wp\/v2\/product\/19521","targetHints":{"allow":["GET"]}}],"collection":[{"href":"https:\/\/webknjizara.hr\/en\/wp-json\/wp\/v2\/product"}],"about":[{"href":"https:\/\/webknjizara.hr\/en\/wp-json\/wp\/v2\/types\/product"}],"replies":[{"embeddable":true,"href":"https:\/\/webknjizara.hr\/en\/wp-json\/wp\/v2\/comments?post=19521"}],"wp:featuredmedia":[{"embeddable":true,"href":"https:\/\/webknjizara.hr\/en\/wp-json\/wp\/v2\/media\/19522"}],"wp:attachment":[{"href":"https:\/\/webknjizara.hr\/en\/wp-json\/wp\/v2\/media?parent=19521"}],"wp:term":[{"taxonomy":"product_brand","embeddable":true,"href":"https:\/\/webknjizara.hr\/en\/wp-json\/wp\/v2\/product_brand?post=19521"},{"taxonomy":"product_cat","embeddable":true,"href":"https:\/\/webknjizara.hr\/en\/wp-json\/wp\/v2\/product_cat?post=19521"},{"taxonomy":"product_tag","embeddable":true,"href":"https:\/\/webknjizara.hr\/en\/wp-json\/wp\/v2\/product_tag?post=19521"}],"curies":[{"name":"wp","href":"https:\/\/api.w.org\/{rel}","templated":true}]}}