{"id":19387,"date":"2025-06-24T01:41:49","date_gmt":"2025-06-23T23:41:49","guid":{"rendered":"https:\/\/webknjizara.hr\/?post_type=product&#038;p=19387"},"modified":"2025-06-24T10:29:53","modified_gmt":"2025-06-24T08:29:53","slug":"s-one-strane-vrata-majda-fradelic","status":"publish","type":"product","link":"https:\/\/webknjizara.hr\/en\/proizvod\/s-one-strane-vrata-majda-fradelic\/","title":{"rendered":"S ONE STRANE VRATA, Majda Fradeli\u0107"},"content":{"rendered":"<p>Zbirka je izraz odva\u017enog\u00a0 iskoraka pjesnikinje koja je razbila strah od nepoznatog, otvorila vrata i krenula uskom stazom\u00a0 krhkog duhovnog\u00a0 razvoja, posve svjesna da <em>nema koristi od zatvorenih vrata<\/em>,\u00a0 jer kako bi druk\u010dije tuga mogla iza\u0107i, a radost u\u0107i \u2013 ako se vrata ne otvore?! Pomno i odgovorno bira rije\u010di, osloba\u0111a se svega \u0161to bi moglo ote\u017eati njihovo razumijevanje, jer dodiruje ono \u0161to je s druge strane (ne)vida, \u0161to joj je svakim korakom sve jasnije, sve bli\u017ee, ali rije\u010dima te\u017ee obja\u0161njivo, te\u017ee iskazivo.<\/p>\n<p>Ni\u0161ta se ne skriva, ne ukra\u0161ava, ne zamagljuje. Rije\u010di su dovedene na brisani prostor, veoma sklizak, ali nisu pretenciozne, nametljive, njima se tek sugerira, inicira, skicira, kao krokijem na slikarskom\u00a0 papiru.<\/p>\n<p>Naravno, pritom pazi na ritam\u00a0 i unutarnju strukturu pjesmama koje su, zbog svega re\u010denog,\u00a0 po sadr\u017eaju\u00a0 i formi najve\u0107im dijelom lirske minijature. U njima prevladavaju intimni motivi sa \u0161irokim spektrom\u00a0 refleksija i emocionalnih stanja \u2013 od straha, slutnje, bola, \u010du\u0111enja, strepnje, nemira \u2013 do \u010de\u017enje, ushi\u0107enosti, vjere, nostalgije, suosje\u0107anja, nade\u2026I svi se mo\u017eemo prepoznati u nekom od njih jer nastaju\u00a0 u svakodnevnim \u017eivotnim situacijama u kojima lirski subjekt, snagom svoje imaginacije i intuicije, percipira ono \u0161to svi mo\u017eemo osjetiti, do\u017eivjeti, zajedno otkrivaju\u0107i poneki nevidljivi dio sebe. A time i drugih ljudi oko nas.<\/p>\n<p>Izvadak iz recenzije Slavice \u010cila\u0161<\/p>\n<p><strong>Bilje\u0161ka o autorici: <\/strong><\/p>\n<p>Majda Fradeli\u0107 (Split, 1962.) pi\u0161e poeziju i kratku prozu za djecu \u00a0i odrasle na standardnom knji\u017eevnom jeziku i \u010dakav\u0161tini. Objavila je zbirke pjesama: <em>Sa snovima je lak\u0161e<\/em>, 2017;\u00a0 <em>Na listu uha<\/em>, 2018;\u00a0 <em>I biti vjetar (na vrte\u0161ci dlana)<\/em>, 2019; <em>Blue velvet iluzije, <\/em>2021; i zbirku kratke proze i poezije <em>Tebe ima moja Cvita<\/em>, 2025.<\/p>\n<p><strong>Klju\u010dne rije\u010di: <\/strong>Majda Fradeli\u0107, S one strane vrata, poezije<\/p>\n<p><strong>E-mail:\u00a0<\/strong><a href=\"mailto:mfradelic@hotmail.com\">Majda Fradeli\u0107<\/a><\/p>\n<p><strong>Naslov: <\/strong>S one strane vrata<br \/>\n<strong>Autor\/autorica:<\/strong> Majda Fradeli\u0107<br \/>\n<strong>Broj stranica: <\/strong>108<br \/>\n<strong>Nakladnik: <\/strong>REDAK<br \/>\n<strong>Godina izdanja: <\/strong>2025<strong>.<br \/>\n<\/strong><strong>ISBN:<\/strong> 978-953-395-067-9<br \/>\n<strong>Tisak:<\/strong> digitalni tisak knjiga &#8211; print na zahtjev<\/p>\n","protected":false},"excerpt":{"rendered":"<p>Zbirka je izraz odva\u017enog\u00a0 iskoraka pjesnikinje koja je razbila strah od nepoznatog, otvorila vrata i krenula uskom stazom\u00a0 krhkog duhovnog\u00a0 razvoja, posve svjesna da nema koristi od zatvorenih vrata,\u00a0 jer kako bi druk\u010dije tuga mogla iza\u0107i, a radost u\u0107i \u2013 ako se vrata ne otvore?! Pomno i odgovorno bira rije\u010di, osloba\u0111a se svega \u0161to bi [&hellip;]<\/p>\n","protected":false},"featured_media":19388,"comment_status":"open","ping_status":"closed","template":"","meta":{"_acf_changed":false},"product_brand":[],"product_cat":[1388],"product_tag":[],"class_list":{"0":"post-19387","1":"product","2":"type-product","3":"status-publish","4":"has-post-thumbnail","6":"product_cat-poezija","7":"pa_autor-majda-fradelic","8":"pa_nakladnik-redak","10":"first","11":"instock","12":"shipping-taxable","13":"purchasable","14":"product-type-simple"},"acf":[],"yoast_head":"<!-- This site is optimized with the Yoast SEO plugin v27.3 - https:\/\/yoast.com\/product\/yoast-seo-wordpress\/ -->\n<title>S ONE STRANE VRATA, Majda Fradeli\u0107 - Web-knji\u017eara<\/title>\n<meta name=\"robots\" content=\"index, follow, max-snippet:-1, max-image-preview:large, max-video-preview:-1\" \/>\n<link rel=\"canonical\" href=\"https:\/\/webknjizara.hr\/proizvod\/s-one-strane-vrata-majda-fradelic\/\" \/>\n<meta property=\"og:locale\" content=\"en_US\" \/>\n<meta property=\"og:type\" content=\"article\" \/>\n<meta property=\"og:title\" content=\"S ONE STRANE VRATA, Majda Fradeli\u0107 - Web-knji\u017eara\" \/>\n<meta property=\"og:description\" content=\"Zbirka je izraz odva\u017enog\u00a0 iskoraka pjesnikinje koja je razbila strah od nepoznatog, otvorila vrata i krenula uskom stazom\u00a0 krhkog duhovnog\u00a0 razvoja, posve svjesna da nema koristi od zatvorenih vrata,\u00a0 jer kako bi druk\u010dije tuga mogla iza\u0107i, a radost u\u0107i \u2013 ako se vrata ne otvore?! Pomno i odgovorno bira rije\u010di, osloba\u0111a se svega \u0161to bi [&hellip;]\" \/>\n<meta property=\"og:url\" content=\"https:\/\/webknjizara.hr\/proizvod\/s-one-strane-vrata-majda-fradelic\/\" \/>\n<meta property=\"og:site_name\" content=\"Web-knji\u017eara\" \/>\n<meta property=\"article:modified_time\" content=\"2025-06-24T08:29:53+00:00\" \/>\n<meta property=\"og:image\" content=\"https:\/\/webknjizara.hr\/wp-content\/uploads\/2025\/06\/Majda_Fradelic_S_one_strane_vrata_webknjizara_redak_WEB_1684.jpg\" \/>\n\t<meta property=\"og:image:width\" content=\"300\" \/>\n\t<meta property=\"og:image:height\" content=\"493\" \/>\n\t<meta property=\"og:image:type\" content=\"image\/jpeg\" \/>\n<meta name=\"twitter:card\" content=\"summary_large_image\" \/>\n<meta name=\"twitter:label1\" content=\"Est. reading time\" \/>\n\t<meta name=\"twitter:data1\" content=\"2 minutes\" \/>\n<script type=\"application\/ld+json\" class=\"yoast-schema-graph\">{\"@context\":\"https:\\\/\\\/schema.org\",\"@graph\":[{\"@type\":\"WebPage\",\"@id\":\"https:\\\/\\\/webknjizara.hr\\\/proizvod\\\/s-one-strane-vrata-majda-fradelic\\\/\",\"url\":\"https:\\\/\\\/webknjizara.hr\\\/proizvod\\\/s-one-strane-vrata-majda-fradelic\\\/\",\"name\":\"S ONE STRANE VRATA, Majda Fradeli\u0107 - Web-knji\u017eara\",\"isPartOf\":{\"@id\":\"https:\\\/\\\/webknjizara.hr\\\/#website\"},\"primaryImageOfPage\":{\"@id\":\"https:\\\/\\\/webknjizara.hr\\\/proizvod\\\/s-one-strane-vrata-majda-fradelic\\\/#primaryimage\"},\"image\":{\"@id\":\"https:\\\/\\\/webknjizara.hr\\\/proizvod\\\/s-one-strane-vrata-majda-fradelic\\\/#primaryimage\"},\"thumbnailUrl\":\"https:\\\/\\\/webknjizara.hr\\\/wp-content\\\/uploads\\\/2025\\\/06\\\/Majda_Fradelic_S_one_strane_vrata_webknjizara_redak_WEB_1684.jpg\",\"datePublished\":\"2025-06-23T23:41:49+00:00\",\"dateModified\":\"2025-06-24T08:29:53+00:00\",\"breadcrumb\":{\"@id\":\"https:\\\/\\\/webknjizara.hr\\\/proizvod\\\/s-one-strane-vrata-majda-fradelic\\\/#breadcrumb\"},\"inLanguage\":\"en-US\",\"potentialAction\":[{\"@type\":\"ReadAction\",\"target\":[\"https:\\\/\\\/webknjizara.hr\\\/proizvod\\\/s-one-strane-vrata-majda-fradelic\\\/\"]}]},{\"@type\":\"ImageObject\",\"inLanguage\":\"en-US\",\"@id\":\"https:\\\/\\\/webknjizara.hr\\\/proizvod\\\/s-one-strane-vrata-majda-fradelic\\\/#primaryimage\",\"url\":\"https:\\\/\\\/webknjizara.hr\\\/wp-content\\\/uploads\\\/2025\\\/06\\\/Majda_Fradelic_S_one_strane_vrata_webknjizara_redak_WEB_1684.jpg\",\"contentUrl\":\"https:\\\/\\\/webknjizara.hr\\\/wp-content\\\/uploads\\\/2025\\\/06\\\/Majda_Fradelic_S_one_strane_vrata_webknjizara_redak_WEB_1684.jpg\",\"width\":300,\"height\":493,\"caption\":\"S ONE STRANE VRATA, Majda Fradeli\u0107\"},{\"@type\":\"BreadcrumbList\",\"@id\":\"https:\\\/\\\/webknjizara.hr\\\/proizvod\\\/s-one-strane-vrata-majda-fradelic\\\/#breadcrumb\",\"itemListElement\":[{\"@type\":\"ListItem\",\"position\":1,\"name\":\"Po\u010detna stranica\",\"item\":\"https:\\\/\\\/webknjizara.hr\\\/en\\\/\"},{\"@type\":\"ListItem\",\"position\":2,\"name\":\"Shop\",\"item\":\"https:\\\/\\\/webknjizara.hr\\\/shop\\\/\"},{\"@type\":\"ListItem\",\"position\":3,\"name\":\"S ONE STRANE VRATA, Majda Fradeli\u0107\"}]},{\"@type\":\"WebSite\",\"@id\":\"https:\\\/\\\/webknjizara.hr\\\/#website\",\"url\":\"https:\\\/\\\/webknjizara.hr\\\/\",\"name\":\"Web Knji\u017eara\",\"description\":\"\",\"publisher\":{\"@id\":\"https:\\\/\\\/webknjizara.hr\\\/#organization\"},\"potentialAction\":[{\"@type\":\"SearchAction\",\"target\":{\"@type\":\"EntryPoint\",\"urlTemplate\":\"https:\\\/\\\/webknjizara.hr\\\/?s={search_term_string}\"},\"query-input\":{\"@type\":\"PropertyValueSpecification\",\"valueRequired\":true,\"valueName\":\"search_term_string\"}}],\"inLanguage\":\"en-US\"},{\"@type\":\"Organization\",\"@id\":\"https:\\\/\\\/webknjizara.hr\\\/#organization\",\"name\":\"REDAK D.O.O.\",\"url\":\"https:\\\/\\\/webknjizara.hr\\\/\",\"logo\":{\"@type\":\"ImageObject\",\"inLanguage\":\"en-US\",\"@id\":\"https:\\\/\\\/webknjizara.hr\\\/#\\\/schema\\\/logo\\\/image\\\/\",\"url\":\"https:\\\/\\\/webknjizara.hr\\\/wp-content\\\/uploads\\\/2023\\\/01\\\/web-knjizara-logo.webp\",\"contentUrl\":\"https:\\\/\\\/webknjizara.hr\\\/wp-content\\\/uploads\\\/2023\\\/01\\\/web-knjizara-logo.webp\",\"width\":324,\"height\":79,\"caption\":\"REDAK D.O.O.\"},\"image\":{\"@id\":\"https:\\\/\\\/webknjizara.hr\\\/#\\\/schema\\\/logo\\\/image\\\/\"}}]}<\/script>\n<!-- \/ Yoast SEO plugin. -->","yoast_head_json":{"title":"S ONE STRANE VRATA, Majda Fradeli\u0107 - Web-knji\u017eara","robots":{"index":"index","follow":"follow","max-snippet":"max-snippet:-1","max-image-preview":"max-image-preview:large","max-video-preview":"max-video-preview:-1"},"canonical":"https:\/\/webknjizara.hr\/proizvod\/s-one-strane-vrata-majda-fradelic\/","og_locale":"en_US","og_type":"article","og_title":"S ONE STRANE VRATA, Majda Fradeli\u0107 - Web-knji\u017eara","og_description":"Zbirka je izraz odva\u017enog\u00a0 iskoraka pjesnikinje koja je razbila strah od nepoznatog, otvorila vrata i krenula uskom stazom\u00a0 krhkog duhovnog\u00a0 razvoja, posve svjesna da nema koristi od zatvorenih vrata,\u00a0 jer kako bi druk\u010dije tuga mogla iza\u0107i, a radost u\u0107i \u2013 ako se vrata ne otvore?! Pomno i odgovorno bira rije\u010di, osloba\u0111a se svega \u0161to bi [&hellip;]","og_url":"https:\/\/webknjizara.hr\/proizvod\/s-one-strane-vrata-majda-fradelic\/","og_site_name":"Web-knji\u017eara","article_modified_time":"2025-06-24T08:29:53+00:00","og_image":[{"width":300,"height":493,"url":"https:\/\/webknjizara.hr\/wp-content\/uploads\/2025\/06\/Majda_Fradelic_S_one_strane_vrata_webknjizara_redak_WEB_1684.jpg","type":"image\/jpeg"}],"twitter_card":"summary_large_image","twitter_misc":{"Est. reading time":"2 minutes"},"schema":{"@context":"https:\/\/schema.org","@graph":[{"@type":"WebPage","@id":"https:\/\/webknjizara.hr\/proizvod\/s-one-strane-vrata-majda-fradelic\/","url":"https:\/\/webknjizara.hr\/proizvod\/s-one-strane-vrata-majda-fradelic\/","name":"S ONE STRANE VRATA, Majda Fradeli\u0107 - Web-knji\u017eara","isPartOf":{"@id":"https:\/\/webknjizara.hr\/#website"},"primaryImageOfPage":{"@id":"https:\/\/webknjizara.hr\/proizvod\/s-one-strane-vrata-majda-fradelic\/#primaryimage"},"image":{"@id":"https:\/\/webknjizara.hr\/proizvod\/s-one-strane-vrata-majda-fradelic\/#primaryimage"},"thumbnailUrl":"https:\/\/webknjizara.hr\/wp-content\/uploads\/2025\/06\/Majda_Fradelic_S_one_strane_vrata_webknjizara_redak_WEB_1684.jpg","datePublished":"2025-06-23T23:41:49+00:00","dateModified":"2025-06-24T08:29:53+00:00","breadcrumb":{"@id":"https:\/\/webknjizara.hr\/proizvod\/s-one-strane-vrata-majda-fradelic\/#breadcrumb"},"inLanguage":"en-US","potentialAction":[{"@type":"ReadAction","target":["https:\/\/webknjizara.hr\/proizvod\/s-one-strane-vrata-majda-fradelic\/"]}]},{"@type":"ImageObject","inLanguage":"en-US","@id":"https:\/\/webknjizara.hr\/proizvod\/s-one-strane-vrata-majda-fradelic\/#primaryimage","url":"https:\/\/webknjizara.hr\/wp-content\/uploads\/2025\/06\/Majda_Fradelic_S_one_strane_vrata_webknjizara_redak_WEB_1684.jpg","contentUrl":"https:\/\/webknjizara.hr\/wp-content\/uploads\/2025\/06\/Majda_Fradelic_S_one_strane_vrata_webknjizara_redak_WEB_1684.jpg","width":300,"height":493,"caption":"S ONE STRANE VRATA, Majda Fradeli\u0107"},{"@type":"BreadcrumbList","@id":"https:\/\/webknjizara.hr\/proizvod\/s-one-strane-vrata-majda-fradelic\/#breadcrumb","itemListElement":[{"@type":"ListItem","position":1,"name":"Po\u010detna stranica","item":"https:\/\/webknjizara.hr\/en\/"},{"@type":"ListItem","position":2,"name":"Shop","item":"https:\/\/webknjizara.hr\/shop\/"},{"@type":"ListItem","position":3,"name":"S ONE STRANE VRATA, Majda Fradeli\u0107"}]},{"@type":"WebSite","@id":"https:\/\/webknjizara.hr\/#website","url":"https:\/\/webknjizara.hr\/","name":"Web Knji\u017eara","description":"","publisher":{"@id":"https:\/\/webknjizara.hr\/#organization"},"potentialAction":[{"@type":"SearchAction","target":{"@type":"EntryPoint","urlTemplate":"https:\/\/webknjizara.hr\/?s={search_term_string}"},"query-input":{"@type":"PropertyValueSpecification","valueRequired":true,"valueName":"search_term_string"}}],"inLanguage":"en-US"},{"@type":"Organization","@id":"https:\/\/webknjizara.hr\/#organization","name":"REDAK D.O.O.","url":"https:\/\/webknjizara.hr\/","logo":{"@type":"ImageObject","inLanguage":"en-US","@id":"https:\/\/webknjizara.hr\/#\/schema\/logo\/image\/","url":"https:\/\/webknjizara.hr\/wp-content\/uploads\/2023\/01\/web-knjizara-logo.webp","contentUrl":"https:\/\/webknjizara.hr\/wp-content\/uploads\/2023\/01\/web-knjizara-logo.webp","width":324,"height":79,"caption":"REDAK D.O.O."},"image":{"@id":"https:\/\/webknjizara.hr\/#\/schema\/logo\/image\/"}}]}},"_links":{"self":[{"href":"https:\/\/webknjizara.hr\/en\/wp-json\/wp\/v2\/product\/19387","targetHints":{"allow":["GET"]}}],"collection":[{"href":"https:\/\/webknjizara.hr\/en\/wp-json\/wp\/v2\/product"}],"about":[{"href":"https:\/\/webknjizara.hr\/en\/wp-json\/wp\/v2\/types\/product"}],"replies":[{"embeddable":true,"href":"https:\/\/webknjizara.hr\/en\/wp-json\/wp\/v2\/comments?post=19387"}],"wp:featuredmedia":[{"embeddable":true,"href":"https:\/\/webknjizara.hr\/en\/wp-json\/wp\/v2\/media\/19388"}],"wp:attachment":[{"href":"https:\/\/webknjizara.hr\/en\/wp-json\/wp\/v2\/media?parent=19387"}],"wp:term":[{"taxonomy":"product_brand","embeddable":true,"href":"https:\/\/webknjizara.hr\/en\/wp-json\/wp\/v2\/product_brand?post=19387"},{"taxonomy":"product_cat","embeddable":true,"href":"https:\/\/webknjizara.hr\/en\/wp-json\/wp\/v2\/product_cat?post=19387"},{"taxonomy":"product_tag","embeddable":true,"href":"https:\/\/webknjizara.hr\/en\/wp-json\/wp\/v2\/product_tag?post=19387"}],"curies":[{"name":"wp","href":"https:\/\/api.w.org\/{rel}","templated":true}]}}