{"id":19367,"date":"2025-06-19T02:08:22","date_gmt":"2025-06-19T00:08:22","guid":{"rendered":"https:\/\/webknjizara.hr\/?post_type=product&#038;p=19367"},"modified":"2025-06-19T02:08:23","modified_gmt":"2025-06-19T00:08:23","slug":"spasen-karolina-tepsic","status":"publish","type":"product","link":"https:\/\/webknjizara.hr\/en\/proizvod\/spasen-karolina-tepsic\/","title":{"rendered":"SPA\u0160EN, Karolina Tep\u0161i\u0107"},"content":{"rendered":"<p>Zbirka pjesama Spa\u0161en inspirirana je Hasanagi\u010dinom smrtnom tugom, Cesari\u0107evom prolazno\u0161\u0107u, Krle\u017einim ludilom i hororom, Kantovom milosti, Paracelsusovom hrabro\u0161\u0107u, Metamorfozama kao podsjetnik da se sve u \u017eivotu mijenja i ni\u0161ta nije vje\u010dno. Sve je to ostav\u0161tina dvoje ljudi \u010dije su lekcije, misli i dijela ovu zbirku u\u010dinile \u017eivom i stvarnom. Ovo je pri\u010da o djetinjstvu, snovima, \u010de\u017enjama, ljubavi, oprostu i spasu. Jer sva ova ostav\u0161tina je znanje, a znanje je spas.<\/p>\n<p><strong>Bilje\u0161ka o autorici: <\/strong><\/p>\n<p>Karolina Tep\u0161i\u0107 ro\u0111ena je u Zagrebu 21. 5. 1997. gdje \u017eivi i radi nakon zavr\u0161etka obrazovanja.<\/p>\n<p>Ljubav prema poeziji i knji\u017eevnosti kod Karoline se probudila jo\u0161 u ranom djetinjstvu kad su je baka i djed upoznali s knji\u017eevno\u0161\u0107u i potakli njenu ljubav prema Mato\u0161u i Cesari\u0107u koje spominje kao jedne od dra\u017eih autora. \u017delja za stvarala\u0161tvom vodila ju je kroz \u017eivot, i osje\u0107a se u svemu \u0161to voli raditi, stoga ima mnogo interesa koje njeguje jo\u0161 od \u0161kolskih dana.<\/p>\n<p>Za sebe kao umjetni\u010dku du\u0161u voli re\u0107i da je istinski zaljubljenik u \u010ditanje i filozofiju, koji joj poma\u017eu da se odmori od zahtjevnih svakodnevnih obaveza. Zbirka \u201eSpa\u0161en\u201c njezino je prvo knji\u017eevno poetsko ostvarenje.<\/p>\n<p><strong>Klju\u010dne rije\u010di: <\/strong>djetinjstvo, ljubav ,\u010de\u017enja, oprost, spas<\/p>\n<p><strong>E-mail: <\/strong><a href=\"mailto:karolina.tepsic9@gmail.com\">Karolina Tep\u0161i\u0107<\/a><\/p>\n<p><strong>Naslov: <\/strong>Spa\u0161en<br \/>\n<strong>Autorica:<\/strong> Karolina Tep\u0161i\u0107<br \/>\n<strong>Broj stranica: <\/strong>92<br \/>\n<strong>Nakladnik: <\/strong>REDAK<br \/>\n<strong>Godina izdanja: <\/strong>2025.<strong>.<br \/>\n<\/strong><strong>ISBN:<\/strong> 978-953-395-058-7<br \/>\n<strong>Tisak:<\/strong> digitalni tisak knjiga &#8211; print na zahtjev<\/p>\n","protected":false},"excerpt":{"rendered":"<p>Zbirka pjesama Spa\u0161en inspirirana je Hasanagi\u010dinom smrtnom tugom, Cesari\u0107evom prolazno\u0161\u0107u, Krle\u017einim ludilom i hororom, Kantovom milosti, Paracelsusovom hrabro\u0161\u0107u, Metamorfozama kao podsjetnik da se sve u \u017eivotu mijenja i ni\u0161ta nije vje\u010dno. Sve je to ostav\u0161tina dvoje ljudi \u010dije su lekcije, misli i dijela ovu zbirku u\u010dinile \u017eivom i stvarnom. Ovo je pri\u010da o djetinjstvu, snovima, [&hellip;]<\/p>\n","protected":false},"featured_media":19368,"comment_status":"open","ping_status":"closed","template":"","meta":{"_acf_changed":false},"product_brand":[],"product_cat":[1388],"product_tag":[],"class_list":{"0":"post-19367","1":"product","2":"type-product","3":"status-publish","4":"has-post-thumbnail","6":"product_cat-poezija","7":"pa_autor-karolina-tepsic","8":"pa_nakladnik-redak","10":"first","11":"instock","12":"shipping-taxable","13":"purchasable","14":"product-type-simple"},"acf":[],"yoast_head":"<!-- This site is optimized with the Yoast SEO plugin v27.3 - https:\/\/yoast.com\/product\/yoast-seo-wordpress\/ -->\n<title>SPA\u0160EN, Karolina Tep\u0161i\u0107 - Web-knji\u017eara<\/title>\n<meta name=\"robots\" content=\"index, follow, max-snippet:-1, max-image-preview:large, max-video-preview:-1\" \/>\n<link rel=\"canonical\" href=\"https:\/\/webknjizara.hr\/proizvod\/spasen-karolina-tepsic\/\" \/>\n<meta property=\"og:locale\" content=\"en_US\" \/>\n<meta property=\"og:type\" content=\"article\" \/>\n<meta property=\"og:title\" content=\"SPA\u0160EN, Karolina Tep\u0161i\u0107 - Web-knji\u017eara\" \/>\n<meta property=\"og:description\" content=\"Zbirka pjesama Spa\u0161en inspirirana je Hasanagi\u010dinom smrtnom tugom, Cesari\u0107evom prolazno\u0161\u0107u, Krle\u017einim ludilom i hororom, Kantovom milosti, Paracelsusovom hrabro\u0161\u0107u, Metamorfozama kao podsjetnik da se sve u \u017eivotu mijenja i ni\u0161ta nije vje\u010dno. Sve je to ostav\u0161tina dvoje ljudi \u010dije su lekcije, misli i dijela ovu zbirku u\u010dinile \u017eivom i stvarnom. Ovo je pri\u010da o djetinjstvu, snovima, [&hellip;]\" \/>\n<meta property=\"og:url\" content=\"https:\/\/webknjizara.hr\/proizvod\/spasen-karolina-tepsic\/\" \/>\n<meta property=\"og:site_name\" content=\"Web-knji\u017eara\" \/>\n<meta property=\"article:modified_time\" content=\"2025-06-19T00:08:23+00:00\" \/>\n<meta property=\"og:image\" content=\"https:\/\/webknjizara.hr\/wp-content\/uploads\/2025\/06\/Karolina_Tepsic_Spasen_webknjizara_redak_WEB_1706.jpg\" \/>\n\t<meta property=\"og:image:width\" content=\"300\" \/>\n\t<meta property=\"og:image:height\" content=\"419\" \/>\n\t<meta property=\"og:image:type\" content=\"image\/jpeg\" \/>\n<meta name=\"twitter:card\" content=\"summary_large_image\" \/>\n<meta name=\"twitter:label1\" content=\"Est. reading time\" \/>\n\t<meta name=\"twitter:data1\" content=\"2 minutes\" \/>\n<script type=\"application\/ld+json\" class=\"yoast-schema-graph\">{\"@context\":\"https:\\\/\\\/schema.org\",\"@graph\":[{\"@type\":\"WebPage\",\"@id\":\"https:\\\/\\\/webknjizara.hr\\\/proizvod\\\/spasen-karolina-tepsic\\\/\",\"url\":\"https:\\\/\\\/webknjizara.hr\\\/proizvod\\\/spasen-karolina-tepsic\\\/\",\"name\":\"SPA\u0160EN, Karolina Tep\u0161i\u0107 - Web-knji\u017eara\",\"isPartOf\":{\"@id\":\"https:\\\/\\\/webknjizara.hr\\\/#website\"},\"primaryImageOfPage\":{\"@id\":\"https:\\\/\\\/webknjizara.hr\\\/proizvod\\\/spasen-karolina-tepsic\\\/#primaryimage\"},\"image\":{\"@id\":\"https:\\\/\\\/webknjizara.hr\\\/proizvod\\\/spasen-karolina-tepsic\\\/#primaryimage\"},\"thumbnailUrl\":\"https:\\\/\\\/webknjizara.hr\\\/wp-content\\\/uploads\\\/2025\\\/06\\\/Karolina_Tepsic_Spasen_webknjizara_redak_WEB_1706.jpg\",\"datePublished\":\"2025-06-19T00:08:22+00:00\",\"dateModified\":\"2025-06-19T00:08:23+00:00\",\"breadcrumb\":{\"@id\":\"https:\\\/\\\/webknjizara.hr\\\/proizvod\\\/spasen-karolina-tepsic\\\/#breadcrumb\"},\"inLanguage\":\"en-US\",\"potentialAction\":[{\"@type\":\"ReadAction\",\"target\":[\"https:\\\/\\\/webknjizara.hr\\\/proizvod\\\/spasen-karolina-tepsic\\\/\"]}]},{\"@type\":\"ImageObject\",\"inLanguage\":\"en-US\",\"@id\":\"https:\\\/\\\/webknjizara.hr\\\/proizvod\\\/spasen-karolina-tepsic\\\/#primaryimage\",\"url\":\"https:\\\/\\\/webknjizara.hr\\\/wp-content\\\/uploads\\\/2025\\\/06\\\/Karolina_Tepsic_Spasen_webknjizara_redak_WEB_1706.jpg\",\"contentUrl\":\"https:\\\/\\\/webknjizara.hr\\\/wp-content\\\/uploads\\\/2025\\\/06\\\/Karolina_Tepsic_Spasen_webknjizara_redak_WEB_1706.jpg\",\"width\":300,\"height\":419,\"caption\":\"SPA\u0160EN, Karolina Tep\u0161i\u0107\"},{\"@type\":\"BreadcrumbList\",\"@id\":\"https:\\\/\\\/webknjizara.hr\\\/proizvod\\\/spasen-karolina-tepsic\\\/#breadcrumb\",\"itemListElement\":[{\"@type\":\"ListItem\",\"position\":1,\"name\":\"Po\u010detna stranica\",\"item\":\"https:\\\/\\\/webknjizara.hr\\\/en\\\/\"},{\"@type\":\"ListItem\",\"position\":2,\"name\":\"Shop\",\"item\":\"https:\\\/\\\/webknjizara.hr\\\/shop\\\/\"},{\"@type\":\"ListItem\",\"position\":3,\"name\":\"SPA\u0160EN, Karolina Tep\u0161i\u0107\"}]},{\"@type\":\"WebSite\",\"@id\":\"https:\\\/\\\/webknjizara.hr\\\/#website\",\"url\":\"https:\\\/\\\/webknjizara.hr\\\/\",\"name\":\"Web Knji\u017eara\",\"description\":\"\",\"publisher\":{\"@id\":\"https:\\\/\\\/webknjizara.hr\\\/#organization\"},\"potentialAction\":[{\"@type\":\"SearchAction\",\"target\":{\"@type\":\"EntryPoint\",\"urlTemplate\":\"https:\\\/\\\/webknjizara.hr\\\/?s={search_term_string}\"},\"query-input\":{\"@type\":\"PropertyValueSpecification\",\"valueRequired\":true,\"valueName\":\"search_term_string\"}}],\"inLanguage\":\"en-US\"},{\"@type\":\"Organization\",\"@id\":\"https:\\\/\\\/webknjizara.hr\\\/#organization\",\"name\":\"REDAK D.O.O.\",\"url\":\"https:\\\/\\\/webknjizara.hr\\\/\",\"logo\":{\"@type\":\"ImageObject\",\"inLanguage\":\"en-US\",\"@id\":\"https:\\\/\\\/webknjizara.hr\\\/#\\\/schema\\\/logo\\\/image\\\/\",\"url\":\"https:\\\/\\\/webknjizara.hr\\\/wp-content\\\/uploads\\\/2023\\\/01\\\/web-knjizara-logo.webp\",\"contentUrl\":\"https:\\\/\\\/webknjizara.hr\\\/wp-content\\\/uploads\\\/2023\\\/01\\\/web-knjizara-logo.webp\",\"width\":324,\"height\":79,\"caption\":\"REDAK D.O.O.\"},\"image\":{\"@id\":\"https:\\\/\\\/webknjizara.hr\\\/#\\\/schema\\\/logo\\\/image\\\/\"}}]}<\/script>\n<!-- \/ Yoast SEO plugin. -->","yoast_head_json":{"title":"SPA\u0160EN, Karolina Tep\u0161i\u0107 - Web-knji\u017eara","robots":{"index":"index","follow":"follow","max-snippet":"max-snippet:-1","max-image-preview":"max-image-preview:large","max-video-preview":"max-video-preview:-1"},"canonical":"https:\/\/webknjizara.hr\/proizvod\/spasen-karolina-tepsic\/","og_locale":"en_US","og_type":"article","og_title":"SPA\u0160EN, Karolina Tep\u0161i\u0107 - Web-knji\u017eara","og_description":"Zbirka pjesama Spa\u0161en inspirirana je Hasanagi\u010dinom smrtnom tugom, Cesari\u0107evom prolazno\u0161\u0107u, Krle\u017einim ludilom i hororom, Kantovom milosti, Paracelsusovom hrabro\u0161\u0107u, Metamorfozama kao podsjetnik da se sve u \u017eivotu mijenja i ni\u0161ta nije vje\u010dno. Sve je to ostav\u0161tina dvoje ljudi \u010dije su lekcije, misli i dijela ovu zbirku u\u010dinile \u017eivom i stvarnom. Ovo je pri\u010da o djetinjstvu, snovima, [&hellip;]","og_url":"https:\/\/webknjizara.hr\/proizvod\/spasen-karolina-tepsic\/","og_site_name":"Web-knji\u017eara","article_modified_time":"2025-06-19T00:08:23+00:00","og_image":[{"width":300,"height":419,"url":"https:\/\/webknjizara.hr\/wp-content\/uploads\/2025\/06\/Karolina_Tepsic_Spasen_webknjizara_redak_WEB_1706.jpg","type":"image\/jpeg"}],"twitter_card":"summary_large_image","twitter_misc":{"Est. reading time":"2 minutes"},"schema":{"@context":"https:\/\/schema.org","@graph":[{"@type":"WebPage","@id":"https:\/\/webknjizara.hr\/proizvod\/spasen-karolina-tepsic\/","url":"https:\/\/webknjizara.hr\/proizvod\/spasen-karolina-tepsic\/","name":"SPA\u0160EN, Karolina Tep\u0161i\u0107 - Web-knji\u017eara","isPartOf":{"@id":"https:\/\/webknjizara.hr\/#website"},"primaryImageOfPage":{"@id":"https:\/\/webknjizara.hr\/proizvod\/spasen-karolina-tepsic\/#primaryimage"},"image":{"@id":"https:\/\/webknjizara.hr\/proizvod\/spasen-karolina-tepsic\/#primaryimage"},"thumbnailUrl":"https:\/\/webknjizara.hr\/wp-content\/uploads\/2025\/06\/Karolina_Tepsic_Spasen_webknjizara_redak_WEB_1706.jpg","datePublished":"2025-06-19T00:08:22+00:00","dateModified":"2025-06-19T00:08:23+00:00","breadcrumb":{"@id":"https:\/\/webknjizara.hr\/proizvod\/spasen-karolina-tepsic\/#breadcrumb"},"inLanguage":"en-US","potentialAction":[{"@type":"ReadAction","target":["https:\/\/webknjizara.hr\/proizvod\/spasen-karolina-tepsic\/"]}]},{"@type":"ImageObject","inLanguage":"en-US","@id":"https:\/\/webknjizara.hr\/proizvod\/spasen-karolina-tepsic\/#primaryimage","url":"https:\/\/webknjizara.hr\/wp-content\/uploads\/2025\/06\/Karolina_Tepsic_Spasen_webknjizara_redak_WEB_1706.jpg","contentUrl":"https:\/\/webknjizara.hr\/wp-content\/uploads\/2025\/06\/Karolina_Tepsic_Spasen_webknjizara_redak_WEB_1706.jpg","width":300,"height":419,"caption":"SPA\u0160EN, Karolina Tep\u0161i\u0107"},{"@type":"BreadcrumbList","@id":"https:\/\/webknjizara.hr\/proizvod\/spasen-karolina-tepsic\/#breadcrumb","itemListElement":[{"@type":"ListItem","position":1,"name":"Po\u010detna stranica","item":"https:\/\/webknjizara.hr\/en\/"},{"@type":"ListItem","position":2,"name":"Shop","item":"https:\/\/webknjizara.hr\/shop\/"},{"@type":"ListItem","position":3,"name":"SPA\u0160EN, Karolina Tep\u0161i\u0107"}]},{"@type":"WebSite","@id":"https:\/\/webknjizara.hr\/#website","url":"https:\/\/webknjizara.hr\/","name":"Web Knji\u017eara","description":"","publisher":{"@id":"https:\/\/webknjizara.hr\/#organization"},"potentialAction":[{"@type":"SearchAction","target":{"@type":"EntryPoint","urlTemplate":"https:\/\/webknjizara.hr\/?s={search_term_string}"},"query-input":{"@type":"PropertyValueSpecification","valueRequired":true,"valueName":"search_term_string"}}],"inLanguage":"en-US"},{"@type":"Organization","@id":"https:\/\/webknjizara.hr\/#organization","name":"REDAK D.O.O.","url":"https:\/\/webknjizara.hr\/","logo":{"@type":"ImageObject","inLanguage":"en-US","@id":"https:\/\/webknjizara.hr\/#\/schema\/logo\/image\/","url":"https:\/\/webknjizara.hr\/wp-content\/uploads\/2023\/01\/web-knjizara-logo.webp","contentUrl":"https:\/\/webknjizara.hr\/wp-content\/uploads\/2023\/01\/web-knjizara-logo.webp","width":324,"height":79,"caption":"REDAK D.O.O."},"image":{"@id":"https:\/\/webknjizara.hr\/#\/schema\/logo\/image\/"}}]}},"_links":{"self":[{"href":"https:\/\/webknjizara.hr\/en\/wp-json\/wp\/v2\/product\/19367","targetHints":{"allow":["GET"]}}],"collection":[{"href":"https:\/\/webknjizara.hr\/en\/wp-json\/wp\/v2\/product"}],"about":[{"href":"https:\/\/webknjizara.hr\/en\/wp-json\/wp\/v2\/types\/product"}],"replies":[{"embeddable":true,"href":"https:\/\/webknjizara.hr\/en\/wp-json\/wp\/v2\/comments?post=19367"}],"wp:featuredmedia":[{"embeddable":true,"href":"https:\/\/webknjizara.hr\/en\/wp-json\/wp\/v2\/media\/19368"}],"wp:attachment":[{"href":"https:\/\/webknjizara.hr\/en\/wp-json\/wp\/v2\/media?parent=19367"}],"wp:term":[{"taxonomy":"product_brand","embeddable":true,"href":"https:\/\/webknjizara.hr\/en\/wp-json\/wp\/v2\/product_brand?post=19367"},{"taxonomy":"product_cat","embeddable":true,"href":"https:\/\/webknjizara.hr\/en\/wp-json\/wp\/v2\/product_cat?post=19367"},{"taxonomy":"product_tag","embeddable":true,"href":"https:\/\/webknjizara.hr\/en\/wp-json\/wp\/v2\/product_tag?post=19367"}],"curies":[{"name":"wp","href":"https:\/\/api.w.org\/{rel}","templated":true}]}}