{"id":19323,"date":"2025-06-10T23:15:31","date_gmt":"2025-06-10T21:15:31","guid":{"rendered":"https:\/\/webknjizara.hr\/?post_type=product&#038;p=19323"},"modified":"2025-06-10T23:15:31","modified_gmt":"2025-06-10T21:15:31","slug":"selo-duhova-ana-basic","status":"publish","type":"product","link":"https:\/\/webknjizara.hr\/en\/proizvod\/selo-duhova-ana-basic\/","title":{"rendered":"SELO DUHOVA, Ana Ba\u0161i\u0107"},"content":{"rendered":"<p>Selo duhova je roman koji obra\u0111uje temu napu\u0161tenosti sela preko glavnog lika, odnosno njegove ljubavi prema umrloj \u017eeni i mjesta koji je stjecajem okolnosti ostao gotovo pust. Ivo je jedini stanovnik, no on se pona\u0161a u skladu sa svojim godinama i emocijama, te vidi i \u010duje \u0161to u sada\u0161njosti, \u0161to kroz sje\u0107anja svoju obitelj, poginulog sina, prijatelje, rodbinu&#8230; Roman je nabijen emocijama i istinom koja ga boli. Negdje na kraju u njemu se javlja nada da \u0107e selo ipak \u017eivjeti, mo\u017eda ne kao nekada, ali da ne\u0107e postati ru\u0161evina kao mnoga druga mjesta sli\u010dna njegovom\u2026<\/p>\n<p><strong>Bilje\u0161ka o autorici: <\/strong><\/p>\n<p>Ana Ba\u0161i\u0107 ro\u0111ena je u Dubrovniku 1961. Samostalni je umjetnik &#8211;\u00a0 slikar i knji\u017eevnik. Osniva\u010d je i predsjednik dvaju udruga USUD Ana Ba\u0161i\u0107 i ULIPUD. Izgradila je stil koji je nazvan \u0160ok art (fluizam). Iza sebe ima ostvarenih 39 samostalnih i 212 skupnih izlo\u017ebi. Organizator je niza humanitarnih i drugih dru\u0161tveno &#8211; kulturnih doga\u0111aja, te pokreta\u010d godi\u0161njaka zbirke poezije i proze Dubrova\u010dki spomenar.<\/p>\n<p>Do sada je objavila pet slikovnica za djecu, knjigu bajki U dodiru s vjetrom, zbirku poezije Dnevnik samo\u0107e. Poeziju i prozu je objavljivala u pedesetak doma\u0107ih i inozemnih izdanja. Za svoj rad dobitnik je brojnih pohvala, zahvalnica i priznanja.<\/p>\n<p><strong>Klju\u010dne rije\u010di: <\/strong>Selo duhova, Ana Ba\u0161i\u0107<\/p>\n<p><strong>E-mail: <\/strong><a href=\"mailto:abasic377@gmail.com\">Ana Ba\u0161i\u0107<\/a><\/p>\n<p><strong>Naslov: <\/strong>Selo duhova<br \/>\n<strong>Autorica:<\/strong> Ana Ba\u0161i\u0107<br \/>\n<strong>Broj stranica: <\/strong>96<br \/>\n<strong>Nakladnik: <\/strong>UDRUGA SAMOSTALNIH UMJETNIKA DUBROVNIK Ana Ba\u0161i\u0107<br \/>\n<strong>Godina izdanja: <\/strong>2025.<strong>.<br \/>\n<\/strong><strong>ISBN:<\/strong> 978-953-50818-1-4<br \/>\n<strong>Tisak:<\/strong> digitalni tisak knjiga &#8211; print na zahtjev<\/p>\n","protected":false},"excerpt":{"rendered":"<p>Selo duhova je roman koji obra\u0111uje temu napu\u0161tenosti sela preko glavnog lika, odnosno njegove ljubavi prema umrloj \u017eeni i mjesta koji je stjecajem okolnosti ostao gotovo pust. Ivo je jedini stanovnik, no on se pona\u0161a u skladu sa svojim godinama i emocijama, te vidi i \u010duje \u0161to u sada\u0161njosti, \u0161to kroz sje\u0107anja svoju obitelj, poginulog [&hellip;]<\/p>\n","protected":false},"featured_media":19324,"comment_status":"open","ping_status":"closed","template":"","meta":{"_acf_changed":false},"product_brand":[],"product_cat":[1607],"product_tag":[],"class_list":{"0":"post-19323","1":"product","2":"type-product","3":"status-publish","4":"has-post-thumbnail","6":"product_cat-proza","7":"pa_autor-ana-basic","8":"pa_nakladnik-redak","10":"first","11":"instock","12":"shipping-taxable","13":"purchasable","14":"product-type-simple"},"acf":[],"yoast_head":"<!-- This site is optimized with the Yoast SEO plugin v27.3 - https:\/\/yoast.com\/product\/yoast-seo-wordpress\/ -->\n<title>SELO DUHOVA, Ana Ba\u0161i\u0107 - Web-knji\u017eara<\/title>\n<meta name=\"robots\" content=\"index, follow, max-snippet:-1, max-image-preview:large, max-video-preview:-1\" \/>\n<link rel=\"canonical\" href=\"https:\/\/webknjizara.hr\/proizvod\/selo-duhova-ana-basic\/\" \/>\n<meta property=\"og:locale\" content=\"en_US\" \/>\n<meta property=\"og:type\" content=\"article\" \/>\n<meta property=\"og:title\" content=\"SELO DUHOVA, Ana Ba\u0161i\u0107 - Web-knji\u017eara\" \/>\n<meta property=\"og:description\" content=\"Selo duhova je roman koji obra\u0111uje temu napu\u0161tenosti sela preko glavnog lika, odnosno njegove ljubavi prema umrloj \u017eeni i mjesta koji je stjecajem okolnosti ostao gotovo pust. Ivo je jedini stanovnik, no on se pona\u0161a u skladu sa svojim godinama i emocijama, te vidi i \u010duje \u0161to u sada\u0161njosti, \u0161to kroz sje\u0107anja svoju obitelj, poginulog [&hellip;]\" \/>\n<meta property=\"og:url\" content=\"https:\/\/webknjizara.hr\/proizvod\/selo-duhova-ana-basic\/\" \/>\n<meta property=\"og:site_name\" content=\"Web-knji\u017eara\" \/>\n<meta property=\"og:image\" content=\"https:\/\/webknjizara.hr\/wp-content\/uploads\/2025\/06\/Ana_Basic_Selo_duhova_webknjizara_redak_WEB_1691.jpg\" \/>\n\t<meta property=\"og:image:width\" content=\"300\" \/>\n\t<meta property=\"og:image:height\" content=\"419\" \/>\n\t<meta property=\"og:image:type\" content=\"image\/jpeg\" \/>\n<meta name=\"twitter:card\" content=\"summary_large_image\" \/>\n<meta name=\"twitter:label1\" content=\"Est. reading time\" \/>\n\t<meta name=\"twitter:data1\" content=\"2 minutes\" \/>\n<script type=\"application\/ld+json\" class=\"yoast-schema-graph\">{\"@context\":\"https:\\\/\\\/schema.org\",\"@graph\":[{\"@type\":\"WebPage\",\"@id\":\"https:\\\/\\\/webknjizara.hr\\\/proizvod\\\/selo-duhova-ana-basic\\\/\",\"url\":\"https:\\\/\\\/webknjizara.hr\\\/proizvod\\\/selo-duhova-ana-basic\\\/\",\"name\":\"SELO DUHOVA, Ana Ba\u0161i\u0107 - Web-knji\u017eara\",\"isPartOf\":{\"@id\":\"https:\\\/\\\/webknjizara.hr\\\/#website\"},\"primaryImageOfPage\":{\"@id\":\"https:\\\/\\\/webknjizara.hr\\\/proizvod\\\/selo-duhova-ana-basic\\\/#primaryimage\"},\"image\":{\"@id\":\"https:\\\/\\\/webknjizara.hr\\\/proizvod\\\/selo-duhova-ana-basic\\\/#primaryimage\"},\"thumbnailUrl\":\"https:\\\/\\\/webknjizara.hr\\\/wp-content\\\/uploads\\\/2025\\\/06\\\/Ana_Basic_Selo_duhova_webknjizara_redak_WEB_1691.jpg\",\"datePublished\":\"2025-06-10T21:15:31+00:00\",\"breadcrumb\":{\"@id\":\"https:\\\/\\\/webknjizara.hr\\\/proizvod\\\/selo-duhova-ana-basic\\\/#breadcrumb\"},\"inLanguage\":\"en-US\",\"potentialAction\":[{\"@type\":\"ReadAction\",\"target\":[\"https:\\\/\\\/webknjizara.hr\\\/proizvod\\\/selo-duhova-ana-basic\\\/\"]}]},{\"@type\":\"ImageObject\",\"inLanguage\":\"en-US\",\"@id\":\"https:\\\/\\\/webknjizara.hr\\\/proizvod\\\/selo-duhova-ana-basic\\\/#primaryimage\",\"url\":\"https:\\\/\\\/webknjizara.hr\\\/wp-content\\\/uploads\\\/2025\\\/06\\\/Ana_Basic_Selo_duhova_webknjizara_redak_WEB_1691.jpg\",\"contentUrl\":\"https:\\\/\\\/webknjizara.hr\\\/wp-content\\\/uploads\\\/2025\\\/06\\\/Ana_Basic_Selo_duhova_webknjizara_redak_WEB_1691.jpg\",\"width\":300,\"height\":419},{\"@type\":\"BreadcrumbList\",\"@id\":\"https:\\\/\\\/webknjizara.hr\\\/proizvod\\\/selo-duhova-ana-basic\\\/#breadcrumb\",\"itemListElement\":[{\"@type\":\"ListItem\",\"position\":1,\"name\":\"Po\u010detna stranica\",\"item\":\"https:\\\/\\\/webknjizara.hr\\\/en\\\/\"},{\"@type\":\"ListItem\",\"position\":2,\"name\":\"Shop\",\"item\":\"https:\\\/\\\/webknjizara.hr\\\/shop\\\/\"},{\"@type\":\"ListItem\",\"position\":3,\"name\":\"SELO DUHOVA, Ana Ba\u0161i\u0107\"}]},{\"@type\":\"WebSite\",\"@id\":\"https:\\\/\\\/webknjizara.hr\\\/#website\",\"url\":\"https:\\\/\\\/webknjizara.hr\\\/\",\"name\":\"Web Knji\u017eara\",\"description\":\"\",\"publisher\":{\"@id\":\"https:\\\/\\\/webknjizara.hr\\\/#organization\"},\"potentialAction\":[{\"@type\":\"SearchAction\",\"target\":{\"@type\":\"EntryPoint\",\"urlTemplate\":\"https:\\\/\\\/webknjizara.hr\\\/?s={search_term_string}\"},\"query-input\":{\"@type\":\"PropertyValueSpecification\",\"valueRequired\":true,\"valueName\":\"search_term_string\"}}],\"inLanguage\":\"en-US\"},{\"@type\":\"Organization\",\"@id\":\"https:\\\/\\\/webknjizara.hr\\\/#organization\",\"name\":\"REDAK D.O.O.\",\"url\":\"https:\\\/\\\/webknjizara.hr\\\/\",\"logo\":{\"@type\":\"ImageObject\",\"inLanguage\":\"en-US\",\"@id\":\"https:\\\/\\\/webknjizara.hr\\\/#\\\/schema\\\/logo\\\/image\\\/\",\"url\":\"https:\\\/\\\/webknjizara.hr\\\/wp-content\\\/uploads\\\/2023\\\/01\\\/web-knjizara-logo.webp\",\"contentUrl\":\"https:\\\/\\\/webknjizara.hr\\\/wp-content\\\/uploads\\\/2023\\\/01\\\/web-knjizara-logo.webp\",\"width\":324,\"height\":79,\"caption\":\"REDAK D.O.O.\"},\"image\":{\"@id\":\"https:\\\/\\\/webknjizara.hr\\\/#\\\/schema\\\/logo\\\/image\\\/\"}}]}<\/script>\n<!-- \/ Yoast SEO plugin. -->","yoast_head_json":{"title":"SELO DUHOVA, Ana Ba\u0161i\u0107 - Web-knji\u017eara","robots":{"index":"index","follow":"follow","max-snippet":"max-snippet:-1","max-image-preview":"max-image-preview:large","max-video-preview":"max-video-preview:-1"},"canonical":"https:\/\/webknjizara.hr\/proizvod\/selo-duhova-ana-basic\/","og_locale":"en_US","og_type":"article","og_title":"SELO DUHOVA, Ana Ba\u0161i\u0107 - Web-knji\u017eara","og_description":"Selo duhova je roman koji obra\u0111uje temu napu\u0161tenosti sela preko glavnog lika, odnosno njegove ljubavi prema umrloj \u017eeni i mjesta koji je stjecajem okolnosti ostao gotovo pust. Ivo je jedini stanovnik, no on se pona\u0161a u skladu sa svojim godinama i emocijama, te vidi i \u010duje \u0161to u sada\u0161njosti, \u0161to kroz sje\u0107anja svoju obitelj, poginulog [&hellip;]","og_url":"https:\/\/webknjizara.hr\/proizvod\/selo-duhova-ana-basic\/","og_site_name":"Web-knji\u017eara","og_image":[{"width":300,"height":419,"url":"https:\/\/webknjizara.hr\/wp-content\/uploads\/2025\/06\/Ana_Basic_Selo_duhova_webknjizara_redak_WEB_1691.jpg","type":"image\/jpeg"}],"twitter_card":"summary_large_image","twitter_misc":{"Est. reading time":"2 minutes"},"schema":{"@context":"https:\/\/schema.org","@graph":[{"@type":"WebPage","@id":"https:\/\/webknjizara.hr\/proizvod\/selo-duhova-ana-basic\/","url":"https:\/\/webknjizara.hr\/proizvod\/selo-duhova-ana-basic\/","name":"SELO DUHOVA, Ana Ba\u0161i\u0107 - Web-knji\u017eara","isPartOf":{"@id":"https:\/\/webknjizara.hr\/#website"},"primaryImageOfPage":{"@id":"https:\/\/webknjizara.hr\/proizvod\/selo-duhova-ana-basic\/#primaryimage"},"image":{"@id":"https:\/\/webknjizara.hr\/proizvod\/selo-duhova-ana-basic\/#primaryimage"},"thumbnailUrl":"https:\/\/webknjizara.hr\/wp-content\/uploads\/2025\/06\/Ana_Basic_Selo_duhova_webknjizara_redak_WEB_1691.jpg","datePublished":"2025-06-10T21:15:31+00:00","breadcrumb":{"@id":"https:\/\/webknjizara.hr\/proizvod\/selo-duhova-ana-basic\/#breadcrumb"},"inLanguage":"en-US","potentialAction":[{"@type":"ReadAction","target":["https:\/\/webknjizara.hr\/proizvod\/selo-duhova-ana-basic\/"]}]},{"@type":"ImageObject","inLanguage":"en-US","@id":"https:\/\/webknjizara.hr\/proizvod\/selo-duhova-ana-basic\/#primaryimage","url":"https:\/\/webknjizara.hr\/wp-content\/uploads\/2025\/06\/Ana_Basic_Selo_duhova_webknjizara_redak_WEB_1691.jpg","contentUrl":"https:\/\/webknjizara.hr\/wp-content\/uploads\/2025\/06\/Ana_Basic_Selo_duhova_webknjizara_redak_WEB_1691.jpg","width":300,"height":419},{"@type":"BreadcrumbList","@id":"https:\/\/webknjizara.hr\/proizvod\/selo-duhova-ana-basic\/#breadcrumb","itemListElement":[{"@type":"ListItem","position":1,"name":"Po\u010detna stranica","item":"https:\/\/webknjizara.hr\/en\/"},{"@type":"ListItem","position":2,"name":"Shop","item":"https:\/\/webknjizara.hr\/shop\/"},{"@type":"ListItem","position":3,"name":"SELO DUHOVA, Ana Ba\u0161i\u0107"}]},{"@type":"WebSite","@id":"https:\/\/webknjizara.hr\/#website","url":"https:\/\/webknjizara.hr\/","name":"Web Knji\u017eara","description":"","publisher":{"@id":"https:\/\/webknjizara.hr\/#organization"},"potentialAction":[{"@type":"SearchAction","target":{"@type":"EntryPoint","urlTemplate":"https:\/\/webknjizara.hr\/?s={search_term_string}"},"query-input":{"@type":"PropertyValueSpecification","valueRequired":true,"valueName":"search_term_string"}}],"inLanguage":"en-US"},{"@type":"Organization","@id":"https:\/\/webknjizara.hr\/#organization","name":"REDAK D.O.O.","url":"https:\/\/webknjizara.hr\/","logo":{"@type":"ImageObject","inLanguage":"en-US","@id":"https:\/\/webknjizara.hr\/#\/schema\/logo\/image\/","url":"https:\/\/webknjizara.hr\/wp-content\/uploads\/2023\/01\/web-knjizara-logo.webp","contentUrl":"https:\/\/webknjizara.hr\/wp-content\/uploads\/2023\/01\/web-knjizara-logo.webp","width":324,"height":79,"caption":"REDAK D.O.O."},"image":{"@id":"https:\/\/webknjizara.hr\/#\/schema\/logo\/image\/"}}]}},"_links":{"self":[{"href":"https:\/\/webknjizara.hr\/en\/wp-json\/wp\/v2\/product\/19323","targetHints":{"allow":["GET"]}}],"collection":[{"href":"https:\/\/webknjizara.hr\/en\/wp-json\/wp\/v2\/product"}],"about":[{"href":"https:\/\/webknjizara.hr\/en\/wp-json\/wp\/v2\/types\/product"}],"replies":[{"embeddable":true,"href":"https:\/\/webknjizara.hr\/en\/wp-json\/wp\/v2\/comments?post=19323"}],"wp:featuredmedia":[{"embeddable":true,"href":"https:\/\/webknjizara.hr\/en\/wp-json\/wp\/v2\/media\/19324"}],"wp:attachment":[{"href":"https:\/\/webknjizara.hr\/en\/wp-json\/wp\/v2\/media?parent=19323"}],"wp:term":[{"taxonomy":"product_brand","embeddable":true,"href":"https:\/\/webknjizara.hr\/en\/wp-json\/wp\/v2\/product_brand?post=19323"},{"taxonomy":"product_cat","embeddable":true,"href":"https:\/\/webknjizara.hr\/en\/wp-json\/wp\/v2\/product_cat?post=19323"},{"taxonomy":"product_tag","embeddable":true,"href":"https:\/\/webknjizara.hr\/en\/wp-json\/wp\/v2\/product_tag?post=19323"}],"curies":[{"name":"wp","href":"https:\/\/api.w.org\/{rel}","templated":true}]}}