{"id":19260,"date":"2025-05-29T00:11:21","date_gmt":"2025-05-28T22:11:21","guid":{"rendered":"https:\/\/webknjizara.hr\/?post_type=product&#038;p=19260"},"modified":"2025-08-07T10:30:28","modified_gmt":"2025-08-07T08:30:28","slug":"zbirka-djecjih-pjesama-o-vocu-ljepota-ih-vocna-krasi-minja-kuzmanic","status":"publish","type":"product","link":"https:\/\/webknjizara.hr\/en\/proizvod\/zbirka-djecjih-pjesama-o-vocu-ljepota-ih-vocna-krasi-minja-kuzmanic\/","title":{"rendered":"ZBIRKA DJE\u010cJIH PJESAMA O VO\u0106U Ljepota ih vo\u0107na krasi, Minja Kuzmani\u0107, Darko Grappone"},"content":{"rendered":"<p>Pjesme iz zbirke, <em>Ljepota ih vo\u0107na krasi<\/em>, autorice Minje Kuzmani\u0107 kao da su isko\u010dile iz nekog prekrasnog vo\u0107njaka punog so\u010dnih plodova. Iz vo\u0107njaka djetinjstva iz kojeg se \u0161ire radost, zadovoljstvo, svjetlost.<\/p>\n<p>Obra\u0107aju se djeci, sadr\u017eajem i formom. Pisane su jednostavnim stihovima u rimi. Svaka je ve\u0107 i sama po sebi pjevna i melodi\u010dna tako da ih nije bilo te\u0161ko uglazbiti. Minja Kuzmani\u0107 i Darko Grappone su to majstorski napravili. Spojiti dje\u010dje pjesmice i jazz&#8230; Tko bi se tome nadao? Izvedba Darka Grapponea na udaraljkama, Hrvoja Gallera na klaviru i dje\u010djeg zbora glazbene \u0161kole Silvije Bombardelli iz Solina m\u00e2me osmijeh na lice i pokret u tijelo. Stoga ove pjesme svojim sadr\u017eajem govore i odraslim osobama i onom njihovom dijelu koji se i dalje igra i penje po vo\u0107kama. Pozivaju na pomno slu\u0161anje ritmova i prepu\u0161tanju njihovoj igri. One su svje\u017eina u jutru, optimizam u danu.<\/p>\n<p>Svaka je pjesma slika u kojoj mo\u017eemo vidjeti vo\u0107e u svoj njegovoj rasko\u0161i. Svaka je \u017eiva i puna emocija, radnje i razgovora. I svaka poti\u010de na istra\u017eivanje, slu\u0161anje, kontakt. Svaka zove na bu\u0111enje. U pjesmama se \u0161ire osje\u0107aji, od sre\u0107e, radosti, iznena\u0111enja do tuge i ljutnje, koje pozivaju djecu da se s njima upoznaju. Ukazuju i na na\u0161e \u017eelje i na\u010dine na koje ih ponekad mo\u017eemo ostvariti, kao i na trenutke u kojima \u017eelje ne ostvarujemo. Prihva\u0107anje.<\/p>\n<p>Pjesme su o vo\u0107u. A vo\u0107e je najsla\u0111a, najljep\u0161a, najzdravija, najrasko\u0161nija hrana. Tako da su ove pjesme i pjesme o zdravlju.<\/p>\n<p>One nas vode na najrazli\u010ditija mjesta &#8211; od \u0161ume, vo\u0107njaka, dvori\u0161ta, lokve, \u010dak do daleke Kine i Indije. Pa su i poziv djeci i roditeljima na istra\u017eivanje.<\/p>\n<p>Iz njih izvire ljubav prema prirodi, prema otvorenim prostorima, prema kretanju. Djeca su bi\u0107a prirode i bi\u0107a pokreta i ove pjesme svakako poti\u010du na \u0161to vi\u0161e neba, zraka, \u0161ume, vjetra.<\/p>\n<p>Ponajvi\u0161e, Minjine pjesme su te\u017enja nekom boljem svijetu u kojem nas poziva da budemo dobri jedni drugima, svijetu u kojem mogu vladati mir, prijateljstvo i suradnja. I, naravno, pitaju pitanje: \u0160to ja mogu u\u010diniti da ovaj svijet sada bude bolje mjesto &#8211; na\u0161oj obitelji, na\u0161oj djeci, na\u0161im susjedima, prijateljima, u\u010diteljima. Jer, ako ne\u0107u ja &#8211; tko \u0107e?<\/p>\n<p>Timea Maru\u0161i\u0107 Hren, prof. foneti\u010dar<\/p>\n<p><strong>Bilje\u0161ka o autorima:<\/strong><\/p>\n<p><strong>Minja Kuzmani\u0107<\/strong><\/p>\n<p>Diplomirala je glazbenu pedagogiju na Muzi\u010dkoj akademiji u Beogradu (1992.) i dirigiranje u Austriji (1995.) na Universit\u00e4t f\u00fcr Musik und darstellende Kunst u Grazu. Nakon studija djeluje kao zborovo\u0111a i dirigent orkestra u Tirolu, Austrija. Svoje glazbene horizonte zajedno sa suprugom Darkom Grapponeom nastavila je \u0161iriti u Indiji, istra\u017euju\u0107i su\u0161tinu glazbenih formi drugih kulturnih tradicija. 2006. godine se vra\u0107a u rodni Split i podu\u010dava klavir i glazbenu teoriju u privatnoj glazbenoj \u0161koli Boris Papandopulo. Trenutno se bavi pisanjem poezije i glazbe za djecu. Autorica je Klavirske po\u010detnice \u2013 Svaka nota svoje mjesto ima.<\/p>\n<p><strong>Darko Grappone<br \/>\n<\/strong><br \/>\nDiplomirao je jazz udaraljke (1992.) na Universit\u00e4t f\u00fcr Musik und darstellende Kunst u Grazu u klasi profesora Manfreda Josela. Nagra\u0111ivan je na me\u0111unarodnim jazz natjecanjima jo\u0161 u vrijeme studija. Slijede suradnje s istaknutim jazz imenima, ali i vrlo rano paralelno bavljenje glazbenom pedagogijom u Salzburgu, Tirolu, Schwazu i Telfsu. U Split se vra\u0107a 2006. godine i od tada podu\u010dava udaraljke u glazbenoj \u0161koli Josip Hatze. Kao skladatelj i perkusionist, Darko u svojim skladbama otkriva bogatu raznolikost ritmova, a profinjeno\u0161\u0107u izvedbe nudi i sasvim nove zvukovne slojeve. Sa suprugom Minjom je autor i izvo\u0111a\u010d vi\u0161e projekata koji uklju\u010duju glazbene zapise, koncerte i glazbene radionice (Sweet separation, Trio reflection, Kana, My life, Klasi\u010dna hrvatska \u010detvorka).<\/p>\n<p><strong>E-mail:\u00a0<\/strong><a href=\"mailto:minja.kuzmanic@gmail.com\">Minja Kuzmani\u0107<\/a><\/p>\n<p><strong>Naslov: <\/strong>ZBIRKA DJE\u010cJIH PJESAMA O VO\u0106U Ljepota ih vo\u0107na krasi<br \/>\n<strong>Autori:<\/strong> Minja Kuzmani\u0107, Darko Grappone<br \/>\n<strong>Broj stranica: <\/strong>72<br \/>\n<strong>Nakladnik: <\/strong>REDAK<br \/>\n<strong>Godina izdanja: <\/strong>2025.<strong><br \/>\n<\/strong><strong>ISBN:<\/strong> 978-953-395-056-3<br \/>\n<strong>Tisak:<\/strong> digitalni tisak knjiga &#8211; print na zahtjev<\/p>\n","protected":false},"excerpt":{"rendered":"<p>Pjesme iz zbirke, Ljepota ih vo\u0107na krasi, autorice Minje Kuzmani\u0107 kao da su isko\u010dile iz nekog prekrasnog vo\u0107njaka punog so\u010dnih plodova. Iz vo\u0107njaka djetinjstva iz kojeg se \u0161ire radost, zadovoljstvo, svjetlost. Obra\u0107aju se djeci, sadr\u017eajem i formom. Pisane su jednostavnim stihovima u rimi. Svaka je ve\u0107 i sama po sebi pjevna i melodi\u010dna tako da [&hellip;]<\/p>\n","protected":false},"featured_media":19261,"comment_status":"open","ping_status":"closed","template":"","meta":{"_acf_changed":false},"product_brand":[],"product_cat":[1388],"product_tag":[],"class_list":{"0":"post-19260","1":"product","2":"type-product","3":"status-publish","4":"has-post-thumbnail","6":"product_cat-poezija","7":"pa_autor-darko-grappone","8":"pa_autor-minja-kuzmanic","10":"first","11":"instock","12":"shipping-taxable","13":"purchasable","14":"product-type-simple"},"acf":[],"yoast_head":"<!-- This site is optimized with the Yoast SEO plugin v27.3 - https:\/\/yoast.com\/product\/yoast-seo-wordpress\/ -->\n<title>ZBIRKA DJE\u010cJIH PJESAMA O VO\u0106U Ljepota ih vo\u0107na krasi, Minja Kuzmani\u0107, Darko Grappone - Web-knji\u017eara<\/title>\n<meta name=\"robots\" content=\"index, follow, max-snippet:-1, max-image-preview:large, max-video-preview:-1\" \/>\n<link rel=\"canonical\" href=\"https:\/\/webknjizara.hr\/proizvod\/zbirka-djecjih-pjesama-o-vocu-ljepota-ih-vocna-krasi-minja-kuzmanic\/\" \/>\n<meta property=\"og:locale\" content=\"en_US\" \/>\n<meta property=\"og:type\" content=\"article\" \/>\n<meta property=\"og:title\" content=\"ZBIRKA DJE\u010cJIH PJESAMA O VO\u0106U Ljepota ih vo\u0107na krasi, Minja Kuzmani\u0107, Darko Grappone - Web-knji\u017eara\" \/>\n<meta property=\"og:description\" content=\"Pjesme iz zbirke, Ljepota ih vo\u0107na krasi, autorice Minje Kuzmani\u0107 kao da su isko\u010dile iz nekog prekrasnog vo\u0107njaka punog so\u010dnih plodova. Iz vo\u0107njaka djetinjstva iz kojeg se \u0161ire radost, zadovoljstvo, svjetlost. Obra\u0107aju se djeci, sadr\u017eajem i formom. Pisane su jednostavnim stihovima u rimi. Svaka je ve\u0107 i sama po sebi pjevna i melodi\u010dna tako da [&hellip;]\" \/>\n<meta property=\"og:url\" content=\"https:\/\/webknjizara.hr\/proizvod\/zbirka-djecjih-pjesama-o-vocu-ljepota-ih-vocna-krasi-minja-kuzmanic\/\" \/>\n<meta property=\"og:site_name\" content=\"Web-knji\u017eara\" \/>\n<meta property=\"article:modified_time\" content=\"2025-08-07T08:30:28+00:00\" \/>\n<meta property=\"og:image\" content=\"https:\/\/webknjizara.hr\/wp-content\/uploads\/2025\/05\/Minja__Kuzmanic_ZBIRKA_DJECJIH_PJESAMA_O_VOCU_Ljepota_ih_vocna_krasi_webknjizara_redak_WEB_1699.jpg\" \/>\n\t<meta property=\"og:image:width\" content=\"300\" \/>\n\t<meta property=\"og:image:height\" content=\"314\" \/>\n\t<meta property=\"og:image:type\" content=\"image\/jpeg\" \/>\n<meta name=\"twitter:card\" content=\"summary_large_image\" \/>\n<meta name=\"twitter:label1\" content=\"Est. reading time\" \/>\n\t<meta name=\"twitter:data1\" content=\"4 minutes\" \/>\n<script type=\"application\/ld+json\" class=\"yoast-schema-graph\">{\"@context\":\"https:\\\/\\\/schema.org\",\"@graph\":[{\"@type\":\"WebPage\",\"@id\":\"https:\\\/\\\/webknjizara.hr\\\/proizvod\\\/zbirka-djecjih-pjesama-o-vocu-ljepota-ih-vocna-krasi-minja-kuzmanic\\\/\",\"url\":\"https:\\\/\\\/webknjizara.hr\\\/proizvod\\\/zbirka-djecjih-pjesama-o-vocu-ljepota-ih-vocna-krasi-minja-kuzmanic\\\/\",\"name\":\"ZBIRKA DJE\u010cJIH PJESAMA O VO\u0106U Ljepota ih vo\u0107na krasi, Minja Kuzmani\u0107, Darko Grappone - Web-knji\u017eara\",\"isPartOf\":{\"@id\":\"https:\\\/\\\/webknjizara.hr\\\/#website\"},\"primaryImageOfPage\":{\"@id\":\"https:\\\/\\\/webknjizara.hr\\\/proizvod\\\/zbirka-djecjih-pjesama-o-vocu-ljepota-ih-vocna-krasi-minja-kuzmanic\\\/#primaryimage\"},\"image\":{\"@id\":\"https:\\\/\\\/webknjizara.hr\\\/proizvod\\\/zbirka-djecjih-pjesama-o-vocu-ljepota-ih-vocna-krasi-minja-kuzmanic\\\/#primaryimage\"},\"thumbnailUrl\":\"https:\\\/\\\/webknjizara.hr\\\/wp-content\\\/uploads\\\/2025\\\/05\\\/Minja__Kuzmanic_ZBIRKA_DJECJIH_PJESAMA_O_VOCU_Ljepota_ih_vocna_krasi_webknjizara_redak_WEB_1699.jpg\",\"datePublished\":\"2025-05-28T22:11:21+00:00\",\"dateModified\":\"2025-08-07T08:30:28+00:00\",\"breadcrumb\":{\"@id\":\"https:\\\/\\\/webknjizara.hr\\\/proizvod\\\/zbirka-djecjih-pjesama-o-vocu-ljepota-ih-vocna-krasi-minja-kuzmanic\\\/#breadcrumb\"},\"inLanguage\":\"en-US\",\"potentialAction\":[{\"@type\":\"ReadAction\",\"target\":[\"https:\\\/\\\/webknjizara.hr\\\/proizvod\\\/zbirka-djecjih-pjesama-o-vocu-ljepota-ih-vocna-krasi-minja-kuzmanic\\\/\"]}]},{\"@type\":\"ImageObject\",\"inLanguage\":\"en-US\",\"@id\":\"https:\\\/\\\/webknjizara.hr\\\/proizvod\\\/zbirka-djecjih-pjesama-o-vocu-ljepota-ih-vocna-krasi-minja-kuzmanic\\\/#primaryimage\",\"url\":\"https:\\\/\\\/webknjizara.hr\\\/wp-content\\\/uploads\\\/2025\\\/05\\\/Minja__Kuzmanic_ZBIRKA_DJECJIH_PJESAMA_O_VOCU_Ljepota_ih_vocna_krasi_webknjizara_redak_WEB_1699.jpg\",\"contentUrl\":\"https:\\\/\\\/webknjizara.hr\\\/wp-content\\\/uploads\\\/2025\\\/05\\\/Minja__Kuzmanic_ZBIRKA_DJECJIH_PJESAMA_O_VOCU_Ljepota_ih_vocna_krasi_webknjizara_redak_WEB_1699.jpg\",\"width\":300,\"height\":314,\"caption\":\"ZBIRKA DJE\u010cJIH PJESAMA O VO\u0106U Ljepota ih vo\u0107na krasi, Minja Kuzmani\u0107\"},{\"@type\":\"BreadcrumbList\",\"@id\":\"https:\\\/\\\/webknjizara.hr\\\/proizvod\\\/zbirka-djecjih-pjesama-o-vocu-ljepota-ih-vocna-krasi-minja-kuzmanic\\\/#breadcrumb\",\"itemListElement\":[{\"@type\":\"ListItem\",\"position\":1,\"name\":\"Po\u010detna stranica\",\"item\":\"https:\\\/\\\/webknjizara.hr\\\/en\\\/\"},{\"@type\":\"ListItem\",\"position\":2,\"name\":\"Shop\",\"item\":\"https:\\\/\\\/webknjizara.hr\\\/shop\\\/\"},{\"@type\":\"ListItem\",\"position\":3,\"name\":\"ZBIRKA DJE\u010cJIH PJESAMA O VO\u0106U Ljepota ih vo\u0107na krasi, Minja Kuzmani\u0107, Darko Grappone\"}]},{\"@type\":\"WebSite\",\"@id\":\"https:\\\/\\\/webknjizara.hr\\\/#website\",\"url\":\"https:\\\/\\\/webknjizara.hr\\\/\",\"name\":\"Web Knji\u017eara\",\"description\":\"\",\"publisher\":{\"@id\":\"https:\\\/\\\/webknjizara.hr\\\/#organization\"},\"potentialAction\":[{\"@type\":\"SearchAction\",\"target\":{\"@type\":\"EntryPoint\",\"urlTemplate\":\"https:\\\/\\\/webknjizara.hr\\\/?s={search_term_string}\"},\"query-input\":{\"@type\":\"PropertyValueSpecification\",\"valueRequired\":true,\"valueName\":\"search_term_string\"}}],\"inLanguage\":\"en-US\"},{\"@type\":\"Organization\",\"@id\":\"https:\\\/\\\/webknjizara.hr\\\/#organization\",\"name\":\"REDAK D.O.O.\",\"url\":\"https:\\\/\\\/webknjizara.hr\\\/\",\"logo\":{\"@type\":\"ImageObject\",\"inLanguage\":\"en-US\",\"@id\":\"https:\\\/\\\/webknjizara.hr\\\/#\\\/schema\\\/logo\\\/image\\\/\",\"url\":\"https:\\\/\\\/webknjizara.hr\\\/wp-content\\\/uploads\\\/2023\\\/01\\\/web-knjizara-logo.webp\",\"contentUrl\":\"https:\\\/\\\/webknjizara.hr\\\/wp-content\\\/uploads\\\/2023\\\/01\\\/web-knjizara-logo.webp\",\"width\":324,\"height\":79,\"caption\":\"REDAK D.O.O.\"},\"image\":{\"@id\":\"https:\\\/\\\/webknjizara.hr\\\/#\\\/schema\\\/logo\\\/image\\\/\"}}]}<\/script>\n<!-- \/ Yoast SEO plugin. -->","yoast_head_json":{"title":"ZBIRKA DJE\u010cJIH PJESAMA O VO\u0106U Ljepota ih vo\u0107na krasi, Minja Kuzmani\u0107, Darko Grappone - Web-knji\u017eara","robots":{"index":"index","follow":"follow","max-snippet":"max-snippet:-1","max-image-preview":"max-image-preview:large","max-video-preview":"max-video-preview:-1"},"canonical":"https:\/\/webknjizara.hr\/proizvod\/zbirka-djecjih-pjesama-o-vocu-ljepota-ih-vocna-krasi-minja-kuzmanic\/","og_locale":"en_US","og_type":"article","og_title":"ZBIRKA DJE\u010cJIH PJESAMA O VO\u0106U Ljepota ih vo\u0107na krasi, Minja Kuzmani\u0107, Darko Grappone - Web-knji\u017eara","og_description":"Pjesme iz zbirke, Ljepota ih vo\u0107na krasi, autorice Minje Kuzmani\u0107 kao da su isko\u010dile iz nekog prekrasnog vo\u0107njaka punog so\u010dnih plodova. Iz vo\u0107njaka djetinjstva iz kojeg se \u0161ire radost, zadovoljstvo, svjetlost. Obra\u0107aju se djeci, sadr\u017eajem i formom. Pisane su jednostavnim stihovima u rimi. Svaka je ve\u0107 i sama po sebi pjevna i melodi\u010dna tako da [&hellip;]","og_url":"https:\/\/webknjizara.hr\/proizvod\/zbirka-djecjih-pjesama-o-vocu-ljepota-ih-vocna-krasi-minja-kuzmanic\/","og_site_name":"Web-knji\u017eara","article_modified_time":"2025-08-07T08:30:28+00:00","og_image":[{"width":300,"height":314,"url":"https:\/\/webknjizara.hr\/wp-content\/uploads\/2025\/05\/Minja__Kuzmanic_ZBIRKA_DJECJIH_PJESAMA_O_VOCU_Ljepota_ih_vocna_krasi_webknjizara_redak_WEB_1699.jpg","type":"image\/jpeg"}],"twitter_card":"summary_large_image","twitter_misc":{"Est. reading time":"4 minutes"},"schema":{"@context":"https:\/\/schema.org","@graph":[{"@type":"WebPage","@id":"https:\/\/webknjizara.hr\/proizvod\/zbirka-djecjih-pjesama-o-vocu-ljepota-ih-vocna-krasi-minja-kuzmanic\/","url":"https:\/\/webknjizara.hr\/proizvod\/zbirka-djecjih-pjesama-o-vocu-ljepota-ih-vocna-krasi-minja-kuzmanic\/","name":"ZBIRKA DJE\u010cJIH PJESAMA O VO\u0106U Ljepota ih vo\u0107na krasi, Minja Kuzmani\u0107, Darko Grappone - Web-knji\u017eara","isPartOf":{"@id":"https:\/\/webknjizara.hr\/#website"},"primaryImageOfPage":{"@id":"https:\/\/webknjizara.hr\/proizvod\/zbirka-djecjih-pjesama-o-vocu-ljepota-ih-vocna-krasi-minja-kuzmanic\/#primaryimage"},"image":{"@id":"https:\/\/webknjizara.hr\/proizvod\/zbirka-djecjih-pjesama-o-vocu-ljepota-ih-vocna-krasi-minja-kuzmanic\/#primaryimage"},"thumbnailUrl":"https:\/\/webknjizara.hr\/wp-content\/uploads\/2025\/05\/Minja__Kuzmanic_ZBIRKA_DJECJIH_PJESAMA_O_VOCU_Ljepota_ih_vocna_krasi_webknjizara_redak_WEB_1699.jpg","datePublished":"2025-05-28T22:11:21+00:00","dateModified":"2025-08-07T08:30:28+00:00","breadcrumb":{"@id":"https:\/\/webknjizara.hr\/proizvod\/zbirka-djecjih-pjesama-o-vocu-ljepota-ih-vocna-krasi-minja-kuzmanic\/#breadcrumb"},"inLanguage":"en-US","potentialAction":[{"@type":"ReadAction","target":["https:\/\/webknjizara.hr\/proizvod\/zbirka-djecjih-pjesama-o-vocu-ljepota-ih-vocna-krasi-minja-kuzmanic\/"]}]},{"@type":"ImageObject","inLanguage":"en-US","@id":"https:\/\/webknjizara.hr\/proizvod\/zbirka-djecjih-pjesama-o-vocu-ljepota-ih-vocna-krasi-minja-kuzmanic\/#primaryimage","url":"https:\/\/webknjizara.hr\/wp-content\/uploads\/2025\/05\/Minja__Kuzmanic_ZBIRKA_DJECJIH_PJESAMA_O_VOCU_Ljepota_ih_vocna_krasi_webknjizara_redak_WEB_1699.jpg","contentUrl":"https:\/\/webknjizara.hr\/wp-content\/uploads\/2025\/05\/Minja__Kuzmanic_ZBIRKA_DJECJIH_PJESAMA_O_VOCU_Ljepota_ih_vocna_krasi_webknjizara_redak_WEB_1699.jpg","width":300,"height":314,"caption":"ZBIRKA DJE\u010cJIH PJESAMA O VO\u0106U Ljepota ih vo\u0107na krasi, Minja Kuzmani\u0107"},{"@type":"BreadcrumbList","@id":"https:\/\/webknjizara.hr\/proizvod\/zbirka-djecjih-pjesama-o-vocu-ljepota-ih-vocna-krasi-minja-kuzmanic\/#breadcrumb","itemListElement":[{"@type":"ListItem","position":1,"name":"Po\u010detna stranica","item":"https:\/\/webknjizara.hr\/en\/"},{"@type":"ListItem","position":2,"name":"Shop","item":"https:\/\/webknjizara.hr\/shop\/"},{"@type":"ListItem","position":3,"name":"ZBIRKA DJE\u010cJIH PJESAMA O VO\u0106U Ljepota ih vo\u0107na krasi, Minja Kuzmani\u0107, Darko Grappone"}]},{"@type":"WebSite","@id":"https:\/\/webknjizara.hr\/#website","url":"https:\/\/webknjizara.hr\/","name":"Web Knji\u017eara","description":"","publisher":{"@id":"https:\/\/webknjizara.hr\/#organization"},"potentialAction":[{"@type":"SearchAction","target":{"@type":"EntryPoint","urlTemplate":"https:\/\/webknjizara.hr\/?s={search_term_string}"},"query-input":{"@type":"PropertyValueSpecification","valueRequired":true,"valueName":"search_term_string"}}],"inLanguage":"en-US"},{"@type":"Organization","@id":"https:\/\/webknjizara.hr\/#organization","name":"REDAK D.O.O.","url":"https:\/\/webknjizara.hr\/","logo":{"@type":"ImageObject","inLanguage":"en-US","@id":"https:\/\/webknjizara.hr\/#\/schema\/logo\/image\/","url":"https:\/\/webknjizara.hr\/wp-content\/uploads\/2023\/01\/web-knjizara-logo.webp","contentUrl":"https:\/\/webknjizara.hr\/wp-content\/uploads\/2023\/01\/web-knjizara-logo.webp","width":324,"height":79,"caption":"REDAK D.O.O."},"image":{"@id":"https:\/\/webknjizara.hr\/#\/schema\/logo\/image\/"}}]}},"_links":{"self":[{"href":"https:\/\/webknjizara.hr\/en\/wp-json\/wp\/v2\/product\/19260","targetHints":{"allow":["GET"]}}],"collection":[{"href":"https:\/\/webknjizara.hr\/en\/wp-json\/wp\/v2\/product"}],"about":[{"href":"https:\/\/webknjizara.hr\/en\/wp-json\/wp\/v2\/types\/product"}],"replies":[{"embeddable":true,"href":"https:\/\/webknjizara.hr\/en\/wp-json\/wp\/v2\/comments?post=19260"}],"wp:featuredmedia":[{"embeddable":true,"href":"https:\/\/webknjizara.hr\/en\/wp-json\/wp\/v2\/media\/19261"}],"wp:attachment":[{"href":"https:\/\/webknjizara.hr\/en\/wp-json\/wp\/v2\/media?parent=19260"}],"wp:term":[{"taxonomy":"product_brand","embeddable":true,"href":"https:\/\/webknjizara.hr\/en\/wp-json\/wp\/v2\/product_brand?post=19260"},{"taxonomy":"product_cat","embeddable":true,"href":"https:\/\/webknjizara.hr\/en\/wp-json\/wp\/v2\/product_cat?post=19260"},{"taxonomy":"product_tag","embeddable":true,"href":"https:\/\/webknjizara.hr\/en\/wp-json\/wp\/v2\/product_tag?post=19260"}],"curies":[{"name":"wp","href":"https:\/\/api.w.org\/{rel}","templated":true}]}}