{"id":19207,"date":"2025-05-15T00:17:00","date_gmt":"2025-05-14T22:17:00","guid":{"rendered":"https:\/\/webknjizara.hr\/?post_type=product&#038;p=19207"},"modified":"2025-05-15T00:19:57","modified_gmt":"2025-05-14T22:19:57","slug":"iza-proznih-vrata-carobno-putovanje-7-dio-grupa-autora","status":"publish","type":"product","link":"https:\/\/webknjizara.hr\/en\/proizvod\/iza-proznih-vrata-carobno-putovanje-7-dio-grupa-autora\/","title":{"rendered":"IZA PROZNIH VRATA: \u010cAROBNO PUTOVANJE, 7. DIO, Grupa autora"},"content":{"rendered":"<p>Ella Hasel, urednica blogova Knji\u0161ki recenzeRAJ i SvojaITo\u010dka, napisala je nekoliko rije\u010di o knjizi:<\/p>\n<p>Put do samospoznaje nije uvijek lak. Tra\u017eiti se mo\u017eemo u mnogim stvarima, a oni koji se prona\u0111u u pisanju \u2013 ljudi su koji misle i osje\u0107aju!<\/p>\n<p><em>Iza proznih vrata: \u010carobno putovanje, 7. dio<\/em>, zbirka je kratkih pri\u010da, odlomaka iz neobjavljenih romana i misaonih tekstova, ljudi koji su kroz pisanje do\u0161li do samospoznaje. Toliko su vje\u0161to u svojim tekstovima iznosili emocije i misli, da i mi kao \u010ditatelji osjetimo introspekciju. Introspekcija je tihi, ali mo\u0107ni susret sa samim sobom, svjetionik koji nas vodi kroz oluje vlastitih misli, omogu\u0107uju\u0107i nam da razumijemo dubine du\u0161e i prona\u0111emo mir u kaosu unutarnjih svjetova.<\/p>\n<p>Svaki nas tekst u ovoj zbirci, svaka re\u010denica \u2013 na svoj poseban, specifi\u010dan na\u010din, <em>grli i razumije<\/em>. Jer, takva je pisana rije\u010d. Prodorna. Sna\u017ena. Odva\u017ena. Zapamtite, pisana \u0107e vam rije\u010d uvijek biti najbolji prijatelj. Bili vi pisci ili \u010ditatelji. Ona vas uvijek najbolje razumije. A, kroz misaone tekstove u zbirci <em>Iza proznih vrata<\/em> \u2013 saznajte i za\u0161to!<\/p>\n<p><strong>Bilje\u0161ka o autorima: <\/strong><\/p>\n<p>Tekstovi su nastali u razdoblju od 16. sije\u010dnja 2025. do 14. velja\u010de 2025. godine, a autori su \u010dlanovi Facebook grupe Pisci i Knji\u017eevnost, PiK kutak \u2013 Knji\u017eevnost koja se \u010dita i pamti te Facebook stranice Pisci i Knji\u017eevnost \u2013 Writers and Literature.<\/p>\n<p>Pobjednici i pohvaljeni autori 19. me\u0111unarodnog PiK natje\u010daja za kratke pri\u010de, za odlomke iz neobjavljenih romana i za misaone tekstove za nagradu su zastupljeni u ovoj zbirci.<\/p>\n<p>Autori su slali tekstove na dva natje\u010daja i tim redoslijedom su tekstovi poredani u zbirci.<\/p>\n<p>Prva kategorija:<br \/>\nPri\u010de<br \/>\nOdlomci iz neobjavljenih romana<br \/>\nMisaoni tekstovi<\/p>\n<p>Druga kategorija:<br \/>\nMisaoni tekstovi<\/p>\n<p>Tvorci ovih tekstova pi\u0161u nam iz Hrvatske, Bosne i Hercegovine, Srbije, Makedonije, \u0160vedske, \u0160vicarske, Njema\u010dke, Francuske i Australije.<\/p>\n<p>Adela Tokali\u0107 \u2013 Jusupovi\u0107, Advija Herenda, Aida Sefer, Aleksandra Koskoska, Aleksandra Mi\u0161i\u0107, Aleksandra Pa\u010dari\u0107, Alen Bjelopetrovi\u0107 Dax, Ana Dedova, Andrea Bogovi\u0107, Angela Agati\u0107, Angela Durbi\u0107, Anica Bukovec, Anica Ivi\u0107, Ankica Anchie, Anna Cirujd, Ante Kartelo, Anja Bo\u017ei\u0107, Azra Be\u0161i\u0107, Bla\u017eenka Cvitkovi\u0107, Bojan Brukner, Bojana Ognjenovi\u0107 Novakovi\u0107, Brigita Lukina, Danijela \u0106uk, Darija Serti\u0107, Dario Fabijanac, Darko \u017digrovi\u0107, Dorina Vojinovi\u0107, Dragan Stojanovi\u0107, Du\u0161ica Stankovi\u0107 \u2013 \u0110uki\u0107, D\u017eenina Boji\u0107-Su\u0161a, Edita \u0160ari\u0107 \u2013 Bukva, Elena Brajkovi\u0107, Enida Ali\u0107, Esma \u0160abanovi\u0107, Fehim Kurtovi\u0107, Frosina Tasevska, Glorija &#8211; B. Lukina, Ismeta \u0160krijelj, Ivana Mimica, Ivanka Ro\u017ei\u0107, Jasminka \u0160imac, Jovanka Martinovi\u0107, Katarina Jovanovi\u0107, Katarina Pahljina, Lejla La\u010devi\u0107-Mizdrak, Lorena Maru\u0161i\u0107, Ljiljana Stani\u0107 Ivi\u0107evi\u0107, Ljubica Hrani\u0107, Maja Markovi\u0107 MayaM, Margareta Per\u0161i\u0107, Marica Balen, Marija Drkulec, Marija Golubi\u0107, Marija Pokupec Bahun, Marijana Balog-Parazajda, Marijana Milo\u0161evi\u0107, Marina Para\u0107 Maras, Matej Ivi\u010di\u0107, Milkica Crkvenac, Milkica Ursa, Minela Islam\u010devi\u0107, Mira Orli\u0107, Mirela Deli\u0107, Mirjana Rinkovec, Nikola Nadla\u010dki, Nur Sadia, Petar Stani\u0107, Radmila Stojadinovi\u0107, Romana Duvnjak, Ru\u017ea Dabi\u0107-Bu\u010dak, Sandra Kopi\u0107, Sandra Krsti\u0107, Sandra \u017di\u017ei\u0107, Seadeta Osmani, Senka Bradari\u0107, Sini\u0161a Karaba\u0161evi\u0107, Sla\u0111ana Milenkovi\u0107, Slavica Bak\u0161aj, Slavko Mali, Stjepan Crni\u0107, Susan Day, Svetlana Strini\u0107, Tatjana Vojinovi\u0107, Tea Kapelari, Zorica Krajinovi\u0107-Marini\u0107, \u017deljka Kova\u010devi\u0107, \u017deljko Dropuli\u0107 i \u017deljko Perovi\u0107.<\/p>\n<p><strong>Ilustracija naslovnice:<\/strong> Megi Horak Orli\u0107<\/p>\n<p><strong>E-mail:\u00a0<\/strong><a href=\"mailto:krunosafranic28@gmail.com\">Pisci i knji\u017eevnost<\/a><\/p>\n<p><strong>Naslov: <\/strong>Iza proznih vrata: \u010carobno putovanje, 7. dio<br \/>\n<strong>Autor\/autorica:<\/strong> Grupa autora<br \/>\n<strong>Broj stranica: <\/strong>182<br \/>\n<strong>Nakladnik: <\/strong>REDAK<br \/>\n<strong>Godina izdanja: <\/strong>2025.<strong>.<br \/>\n<\/strong><strong>ISBN:<\/strong> 978-953-395-070-9<br \/>\n<strong>Tisak:<\/strong> digitalni tisak knjiga &#8211; print na zahtjev<\/p>\n","protected":false},"excerpt":{"rendered":"<p>Ella Hasel, urednica blogova Knji\u0161ki recenzeRAJ i SvojaITo\u010dka, napisala je nekoliko rije\u010di o knjizi: Put do samospoznaje nije uvijek lak. Tra\u017eiti se mo\u017eemo u mnogim stvarima, a oni koji se prona\u0111u u pisanju \u2013 ljudi su koji misle i osje\u0107aju! Iza proznih vrata: \u010carobno putovanje, 7. dio, zbirka je kratkih pri\u010da, odlomaka iz neobjavljenih romana [&hellip;]<\/p>\n","protected":false},"featured_media":19208,"comment_status":"open","ping_status":"closed","template":"","meta":{"_acf_changed":false},"product_brand":[],"product_cat":[1607],"product_tag":[],"class_list":{"0":"post-19207","1":"product","2":"type-product","3":"status-publish","4":"has-post-thumbnail","6":"product_cat-proza","7":"pa_autor-pisci-i-knjizevnost-grupa-autora","9":"first","10":"instock","11":"shipping-taxable","12":"purchasable","13":"product-type-simple"},"acf":[],"yoast_head":"<!-- This site is optimized with the Yoast SEO plugin v27.3 - https:\/\/yoast.com\/product\/yoast-seo-wordpress\/ -->\n<title>IZA PROZNIH VRATA: \u010cAROBNO PUTOVANJE, 7. DIO, Grupa autora - Web-knji\u017eara<\/title>\n<meta name=\"robots\" content=\"index, follow, max-snippet:-1, max-image-preview:large, max-video-preview:-1\" \/>\n<link rel=\"canonical\" href=\"https:\/\/webknjizara.hr\/proizvod\/iza-proznih-vrata-carobno-putovanje-7-dio-grupa-autora\/\" \/>\n<meta property=\"og:locale\" content=\"en_US\" \/>\n<meta property=\"og:type\" content=\"article\" \/>\n<meta property=\"og:title\" content=\"IZA PROZNIH VRATA: \u010cAROBNO PUTOVANJE, 7. DIO, Grupa autora - Web-knji\u017eara\" \/>\n<meta property=\"og:description\" content=\"Ella Hasel, urednica blogova Knji\u0161ki recenzeRAJ i SvojaITo\u010dka, napisala je nekoliko rije\u010di o knjizi: Put do samospoznaje nije uvijek lak. Tra\u017eiti se mo\u017eemo u mnogim stvarima, a oni koji se prona\u0111u u pisanju \u2013 ljudi su koji misle i osje\u0107aju! Iza proznih vrata: \u010carobno putovanje, 7. dio, zbirka je kratkih pri\u010da, odlomaka iz neobjavljenih romana [&hellip;]\" \/>\n<meta property=\"og:url\" content=\"https:\/\/webknjizara.hr\/proizvod\/iza-proznih-vrata-carobno-putovanje-7-dio-grupa-autora\/\" \/>\n<meta property=\"og:site_name\" content=\"Web-knji\u017eara\" \/>\n<meta property=\"article:modified_time\" content=\"2025-05-14T22:19:57+00:00\" \/>\n<meta property=\"og:image\" content=\"https:\/\/webknjizara.hr\/wp-content\/uploads\/2025\/05\/Grupa_autora_Iza_proznih_vrata_Carobno_putovanje_7_dio_webknjizara_redak_WEB_1686.jpg\" \/>\n\t<meta property=\"og:image:width\" content=\"300\" \/>\n\t<meta property=\"og:image:height\" content=\"419\" \/>\n\t<meta property=\"og:image:type\" content=\"image\/jpeg\" \/>\n<meta name=\"twitter:card\" content=\"summary_large_image\" \/>\n<meta name=\"twitter:label1\" content=\"Est. reading time\" \/>\n\t<meta name=\"twitter:data1\" content=\"3 minutes\" \/>\n<script type=\"application\/ld+json\" class=\"yoast-schema-graph\">{\"@context\":\"https:\\\/\\\/schema.org\",\"@graph\":[{\"@type\":\"WebPage\",\"@id\":\"https:\\\/\\\/webknjizara.hr\\\/proizvod\\\/iza-proznih-vrata-carobno-putovanje-7-dio-grupa-autora\\\/\",\"url\":\"https:\\\/\\\/webknjizara.hr\\\/proizvod\\\/iza-proznih-vrata-carobno-putovanje-7-dio-grupa-autora\\\/\",\"name\":\"IZA PROZNIH VRATA: \u010cAROBNO PUTOVANJE, 7. DIO, Grupa autora - Web-knji\u017eara\",\"isPartOf\":{\"@id\":\"https:\\\/\\\/webknjizara.hr\\\/#website\"},\"primaryImageOfPage\":{\"@id\":\"https:\\\/\\\/webknjizara.hr\\\/proizvod\\\/iza-proznih-vrata-carobno-putovanje-7-dio-grupa-autora\\\/#primaryimage\"},\"image\":{\"@id\":\"https:\\\/\\\/webknjizara.hr\\\/proizvod\\\/iza-proznih-vrata-carobno-putovanje-7-dio-grupa-autora\\\/#primaryimage\"},\"thumbnailUrl\":\"https:\\\/\\\/webknjizara.hr\\\/wp-content\\\/uploads\\\/2025\\\/05\\\/Grupa_autora_Iza_proznih_vrata_Carobno_putovanje_7_dio_webknjizara_redak_WEB_1686.jpg\",\"datePublished\":\"2025-05-14T22:17:00+00:00\",\"dateModified\":\"2025-05-14T22:19:57+00:00\",\"breadcrumb\":{\"@id\":\"https:\\\/\\\/webknjizara.hr\\\/proizvod\\\/iza-proznih-vrata-carobno-putovanje-7-dio-grupa-autora\\\/#breadcrumb\"},\"inLanguage\":\"en-US\",\"potentialAction\":[{\"@type\":\"ReadAction\",\"target\":[\"https:\\\/\\\/webknjizara.hr\\\/proizvod\\\/iza-proznih-vrata-carobno-putovanje-7-dio-grupa-autora\\\/\"]}]},{\"@type\":\"ImageObject\",\"inLanguage\":\"en-US\",\"@id\":\"https:\\\/\\\/webknjizara.hr\\\/proizvod\\\/iza-proznih-vrata-carobno-putovanje-7-dio-grupa-autora\\\/#primaryimage\",\"url\":\"https:\\\/\\\/webknjizara.hr\\\/wp-content\\\/uploads\\\/2025\\\/05\\\/Grupa_autora_Iza_proznih_vrata_Carobno_putovanje_7_dio_webknjizara_redak_WEB_1686.jpg\",\"contentUrl\":\"https:\\\/\\\/webknjizara.hr\\\/wp-content\\\/uploads\\\/2025\\\/05\\\/Grupa_autora_Iza_proznih_vrata_Carobno_putovanje_7_dio_webknjizara_redak_WEB_1686.jpg\",\"width\":300,\"height\":419,\"caption\":\"IZA PROZNIH VRATA: \u010cAROBNO PUTOVANJE, 7. DIO, Grupa autora\"},{\"@type\":\"BreadcrumbList\",\"@id\":\"https:\\\/\\\/webknjizara.hr\\\/proizvod\\\/iza-proznih-vrata-carobno-putovanje-7-dio-grupa-autora\\\/#breadcrumb\",\"itemListElement\":[{\"@type\":\"ListItem\",\"position\":1,\"name\":\"Po\u010detna stranica\",\"item\":\"https:\\\/\\\/webknjizara.hr\\\/en\\\/\"},{\"@type\":\"ListItem\",\"position\":2,\"name\":\"Shop\",\"item\":\"https:\\\/\\\/webknjizara.hr\\\/shop\\\/\"},{\"@type\":\"ListItem\",\"position\":3,\"name\":\"IZA PROZNIH VRATA: \u010cAROBNO PUTOVANJE, 7. DIO, Grupa autora\"}]},{\"@type\":\"WebSite\",\"@id\":\"https:\\\/\\\/webknjizara.hr\\\/#website\",\"url\":\"https:\\\/\\\/webknjizara.hr\\\/\",\"name\":\"Web Knji\u017eara\",\"description\":\"\",\"publisher\":{\"@id\":\"https:\\\/\\\/webknjizara.hr\\\/#organization\"},\"potentialAction\":[{\"@type\":\"SearchAction\",\"target\":{\"@type\":\"EntryPoint\",\"urlTemplate\":\"https:\\\/\\\/webknjizara.hr\\\/?s={search_term_string}\"},\"query-input\":{\"@type\":\"PropertyValueSpecification\",\"valueRequired\":true,\"valueName\":\"search_term_string\"}}],\"inLanguage\":\"en-US\"},{\"@type\":\"Organization\",\"@id\":\"https:\\\/\\\/webknjizara.hr\\\/#organization\",\"name\":\"REDAK D.O.O.\",\"url\":\"https:\\\/\\\/webknjizara.hr\\\/\",\"logo\":{\"@type\":\"ImageObject\",\"inLanguage\":\"en-US\",\"@id\":\"https:\\\/\\\/webknjizara.hr\\\/#\\\/schema\\\/logo\\\/image\\\/\",\"url\":\"https:\\\/\\\/webknjizara.hr\\\/wp-content\\\/uploads\\\/2023\\\/01\\\/web-knjizara-logo.webp\",\"contentUrl\":\"https:\\\/\\\/webknjizara.hr\\\/wp-content\\\/uploads\\\/2023\\\/01\\\/web-knjizara-logo.webp\",\"width\":324,\"height\":79,\"caption\":\"REDAK D.O.O.\"},\"image\":{\"@id\":\"https:\\\/\\\/webknjizara.hr\\\/#\\\/schema\\\/logo\\\/image\\\/\"}}]}<\/script>\n<!-- \/ Yoast SEO plugin. -->","yoast_head_json":{"title":"IZA PROZNIH VRATA: \u010cAROBNO PUTOVANJE, 7. DIO, Grupa autora - Web-knji\u017eara","robots":{"index":"index","follow":"follow","max-snippet":"max-snippet:-1","max-image-preview":"max-image-preview:large","max-video-preview":"max-video-preview:-1"},"canonical":"https:\/\/webknjizara.hr\/proizvod\/iza-proznih-vrata-carobno-putovanje-7-dio-grupa-autora\/","og_locale":"en_US","og_type":"article","og_title":"IZA PROZNIH VRATA: \u010cAROBNO PUTOVANJE, 7. DIO, Grupa autora - Web-knji\u017eara","og_description":"Ella Hasel, urednica blogova Knji\u0161ki recenzeRAJ i SvojaITo\u010dka, napisala je nekoliko rije\u010di o knjizi: Put do samospoznaje nije uvijek lak. Tra\u017eiti se mo\u017eemo u mnogim stvarima, a oni koji se prona\u0111u u pisanju \u2013 ljudi su koji misle i osje\u0107aju! Iza proznih vrata: \u010carobno putovanje, 7. dio, zbirka je kratkih pri\u010da, odlomaka iz neobjavljenih romana [&hellip;]","og_url":"https:\/\/webknjizara.hr\/proizvod\/iza-proznih-vrata-carobno-putovanje-7-dio-grupa-autora\/","og_site_name":"Web-knji\u017eara","article_modified_time":"2025-05-14T22:19:57+00:00","og_image":[{"width":300,"height":419,"url":"https:\/\/webknjizara.hr\/wp-content\/uploads\/2025\/05\/Grupa_autora_Iza_proznih_vrata_Carobno_putovanje_7_dio_webknjizara_redak_WEB_1686.jpg","type":"image\/jpeg"}],"twitter_card":"summary_large_image","twitter_misc":{"Est. reading time":"3 minutes"},"schema":{"@context":"https:\/\/schema.org","@graph":[{"@type":"WebPage","@id":"https:\/\/webknjizara.hr\/proizvod\/iza-proznih-vrata-carobno-putovanje-7-dio-grupa-autora\/","url":"https:\/\/webknjizara.hr\/proizvod\/iza-proznih-vrata-carobno-putovanje-7-dio-grupa-autora\/","name":"IZA PROZNIH VRATA: \u010cAROBNO PUTOVANJE, 7. DIO, Grupa autora - Web-knji\u017eara","isPartOf":{"@id":"https:\/\/webknjizara.hr\/#website"},"primaryImageOfPage":{"@id":"https:\/\/webknjizara.hr\/proizvod\/iza-proznih-vrata-carobno-putovanje-7-dio-grupa-autora\/#primaryimage"},"image":{"@id":"https:\/\/webknjizara.hr\/proizvod\/iza-proznih-vrata-carobno-putovanje-7-dio-grupa-autora\/#primaryimage"},"thumbnailUrl":"https:\/\/webknjizara.hr\/wp-content\/uploads\/2025\/05\/Grupa_autora_Iza_proznih_vrata_Carobno_putovanje_7_dio_webknjizara_redak_WEB_1686.jpg","datePublished":"2025-05-14T22:17:00+00:00","dateModified":"2025-05-14T22:19:57+00:00","breadcrumb":{"@id":"https:\/\/webknjizara.hr\/proizvod\/iza-proznih-vrata-carobno-putovanje-7-dio-grupa-autora\/#breadcrumb"},"inLanguage":"en-US","potentialAction":[{"@type":"ReadAction","target":["https:\/\/webknjizara.hr\/proizvod\/iza-proznih-vrata-carobno-putovanje-7-dio-grupa-autora\/"]}]},{"@type":"ImageObject","inLanguage":"en-US","@id":"https:\/\/webknjizara.hr\/proizvod\/iza-proznih-vrata-carobno-putovanje-7-dio-grupa-autora\/#primaryimage","url":"https:\/\/webknjizara.hr\/wp-content\/uploads\/2025\/05\/Grupa_autora_Iza_proznih_vrata_Carobno_putovanje_7_dio_webknjizara_redak_WEB_1686.jpg","contentUrl":"https:\/\/webknjizara.hr\/wp-content\/uploads\/2025\/05\/Grupa_autora_Iza_proznih_vrata_Carobno_putovanje_7_dio_webknjizara_redak_WEB_1686.jpg","width":300,"height":419,"caption":"IZA PROZNIH VRATA: \u010cAROBNO PUTOVANJE, 7. DIO, Grupa autora"},{"@type":"BreadcrumbList","@id":"https:\/\/webknjizara.hr\/proizvod\/iza-proznih-vrata-carobno-putovanje-7-dio-grupa-autora\/#breadcrumb","itemListElement":[{"@type":"ListItem","position":1,"name":"Po\u010detna stranica","item":"https:\/\/webknjizara.hr\/en\/"},{"@type":"ListItem","position":2,"name":"Shop","item":"https:\/\/webknjizara.hr\/shop\/"},{"@type":"ListItem","position":3,"name":"IZA PROZNIH VRATA: \u010cAROBNO PUTOVANJE, 7. DIO, Grupa autora"}]},{"@type":"WebSite","@id":"https:\/\/webknjizara.hr\/#website","url":"https:\/\/webknjizara.hr\/","name":"Web Knji\u017eara","description":"","publisher":{"@id":"https:\/\/webknjizara.hr\/#organization"},"potentialAction":[{"@type":"SearchAction","target":{"@type":"EntryPoint","urlTemplate":"https:\/\/webknjizara.hr\/?s={search_term_string}"},"query-input":{"@type":"PropertyValueSpecification","valueRequired":true,"valueName":"search_term_string"}}],"inLanguage":"en-US"},{"@type":"Organization","@id":"https:\/\/webknjizara.hr\/#organization","name":"REDAK D.O.O.","url":"https:\/\/webknjizara.hr\/","logo":{"@type":"ImageObject","inLanguage":"en-US","@id":"https:\/\/webknjizara.hr\/#\/schema\/logo\/image\/","url":"https:\/\/webknjizara.hr\/wp-content\/uploads\/2023\/01\/web-knjizara-logo.webp","contentUrl":"https:\/\/webknjizara.hr\/wp-content\/uploads\/2023\/01\/web-knjizara-logo.webp","width":324,"height":79,"caption":"REDAK D.O.O."},"image":{"@id":"https:\/\/webknjizara.hr\/#\/schema\/logo\/image\/"}}]}},"_links":{"self":[{"href":"https:\/\/webknjizara.hr\/en\/wp-json\/wp\/v2\/product\/19207","targetHints":{"allow":["GET"]}}],"collection":[{"href":"https:\/\/webknjizara.hr\/en\/wp-json\/wp\/v2\/product"}],"about":[{"href":"https:\/\/webknjizara.hr\/en\/wp-json\/wp\/v2\/types\/product"}],"replies":[{"embeddable":true,"href":"https:\/\/webknjizara.hr\/en\/wp-json\/wp\/v2\/comments?post=19207"}],"wp:featuredmedia":[{"embeddable":true,"href":"https:\/\/webknjizara.hr\/en\/wp-json\/wp\/v2\/media\/19208"}],"wp:attachment":[{"href":"https:\/\/webknjizara.hr\/en\/wp-json\/wp\/v2\/media?parent=19207"}],"wp:term":[{"taxonomy":"product_brand","embeddable":true,"href":"https:\/\/webknjizara.hr\/en\/wp-json\/wp\/v2\/product_brand?post=19207"},{"taxonomy":"product_cat","embeddable":true,"href":"https:\/\/webknjizara.hr\/en\/wp-json\/wp\/v2\/product_cat?post=19207"},{"taxonomy":"product_tag","embeddable":true,"href":"https:\/\/webknjizara.hr\/en\/wp-json\/wp\/v2\/product_tag?post=19207"}],"curies":[{"name":"wp","href":"https:\/\/api.w.org\/{rel}","templated":true}]}}