{"id":19115,"date":"2025-04-26T00:53:18","date_gmt":"2025-04-25T22:53:18","guid":{"rendered":"https:\/\/webknjizara.hr\/?post_type=product&#038;p=19115"},"modified":"2025-07-24T05:14:24","modified_gmt":"2025-07-24T03:14:24","slug":"prirucnik-za-nadzor-transfernih-cijena-4d-2025-davor-buric-marijana-radusin-liposinovic-i-danijela-srepfler","status":"publish","type":"product","link":"https:\/\/webknjizara.hr\/en\/proizvod\/prirucnik-za-nadzor-transfernih-cijena-4d-2025-davor-buric-marijana-radusin-liposinovic-i-danijela-srepfler\/","title":{"rendered":"PRIRU\u010cNIK ZA NADZOR TRANSFERNIH CIJENA (4D\/2025), Davor Buri\u0107, Marijana Radusin Lipo\u0161inovi\u0107 i Danijela \u0160repfler"},"content":{"rendered":"<p>U ovom priru\u010dniku predstavit \u0107e se revidirane Smjernice OECD-a o transfernim cijenama za multinacionalna trgova\u010dka dru\u0161tva i porezne uprave, koje su objavljene 20. sije\u010dnja 2022., tako da \u0107e se predstaviti revidirana poglavlja i prakti\u010dni primjeri koji su njihov sastavni dio, a koji se odnose na transakcijsku metodu podjele dobiti, pristup nematerijalnoj imovini \u010diju je vrijednost te\u0161ko procijeniti i financijske transakcije.<\/p>\n<p>Priru\u010dnik tako\u0111er sadr\u017ei osnovne korake analize primjene na\u010dela nepristrane transakcije s prakti\u010dnim primjerima koji mogu poslu\u017eiti za bolje razumijevanje ove slo\u017eene materije. Tako\u0111er sadr\u017ei i na\u010din kori\u0161tenja baza podataka za analizu usporedivosti, primjere poreznog nadzora transfernih cijena iz prakse kao i pregled presuda Suda EU-a i ostalih svjetskih sudova iz podru\u010dja transfernih cijena.<\/p>\n<p><strong>Klju\u010dne rije\u010di: <\/strong>transferne cijene<\/p>\n<p><strong>E-mail: <\/strong><a href=\"mailto:martina.fabris@ijf.hr\">Kontakt autora<\/a><\/p>\n<p><strong>Naslov: <\/strong>Priru\u010dnik za nadzor transfernih cijena (4d\/2025)<br \/>\n<strong>Autor\/autorica:<\/strong> Davor Buri\u0107, Marijana Radusin Lipo\u0161inovi\u0107 i Danijela \u0160repfler<br \/>\n<strong>Broj stranica: <\/strong>398<br \/>\n<strong>Nakladnik: <\/strong>Institut za javne financije, Zagreb<br \/>\n<strong>Godina izdanja: <\/strong>2025<strong>.<br \/>\n<\/strong><strong>ISBN:<\/strong> 157&#215;220 mm<br \/>\n<strong>Tisak:<\/strong> digitalni tisak knjiga &#8211; print na zahtjev<\/p>\n","protected":false},"excerpt":{"rendered":"<p>U ovom priru\u010dniku predstavit \u0107e se revidirane Smjernice OECD-a o transfernim cijenama za multinacionalna trgova\u010dka dru\u0161tva i porezne uprave, koje su objavljene 20. sije\u010dnja 2022., tako da \u0107e se predstaviti revidirana poglavlja i prakti\u010dni primjeri koji su njihov sastavni dio, a koji se odnose na transakcijsku metodu podjele dobiti, pristup nematerijalnoj imovini \u010diju je vrijednost [&hellip;]<\/p>\n","protected":false},"featured_media":19116,"comment_status":"open","ping_status":"closed","template":"","meta":{"_acf_changed":false},"product_brand":[],"product_cat":[2508,2425,1384],"product_tag":[],"class_list":{"0":"post-19115","1":"product","2":"type-product","3":"status-publish","4":"has-post-thumbnail","6":"product_cat-institut-za-javne-financije","7":"product_cat-znanstveno-strucne-publikacije","8":"product_cat-ekonomija","9":"pa_autor-danijela-srepfler","10":"pa_autor-davor-buric","11":"pa_autor-marijana-radusin-liposinovic","12":"pa_nakladnik-institut-za-javne-financije-zagreb","14":"first","15":"instock","16":"shipping-taxable","17":"purchasable","18":"product-type-simple"},"acf":[],"yoast_head":"<!-- This site is optimized with the Yoast SEO plugin v27.3 - https:\/\/yoast.com\/product\/yoast-seo-wordpress\/ -->\n<title>PRIRU\u010cNIK ZA NADZOR TRANSFERNIH CIJENA (4D\/2025), Davor Buri\u0107, Marijana Radusin Lipo\u0161inovi\u0107 i Danijela \u0160repfler - Web-knji\u017eara<\/title>\n<meta name=\"description\" content=\"U ovom priru\u010dniku predstavit \u0107e se revidirane Smjernice OECD-a o transfernim cijenama za multinacionalna trgova\u010dka dru\u0161tva i porezne uprave, koje su objavljene 20. sije\u010dnja 2022.\" \/>\n<meta name=\"robots\" content=\"index, follow, max-snippet:-1, max-image-preview:large, max-video-preview:-1\" \/>\n<link rel=\"canonical\" href=\"https:\/\/webknjizara.hr\/proizvod\/prirucnik-za-nadzor-transfernih-cijena-4d-2025-davor-buric-marijana-radusin-liposinovic-i-danijela-srepfler\/\" \/>\n<meta property=\"og:locale\" content=\"en_US\" \/>\n<meta property=\"og:type\" content=\"article\" \/>\n<meta property=\"og:title\" content=\"PRIRU\u010cNIK ZA NADZOR TRANSFERNIH CIJENA (4D\/2025), Davor Buri\u0107, Marijana Radusin Lipo\u0161inovi\u0107 i Danijela \u0160repfler - Web-knji\u017eara\" \/>\n<meta property=\"og:description\" content=\"U ovom priru\u010dniku predstavit \u0107e se revidirane Smjernice OECD-a o transfernim cijenama za multinacionalna trgova\u010dka dru\u0161tva i porezne uprave, koje su objavljene 20. sije\u010dnja 2022.\" \/>\n<meta property=\"og:url\" content=\"https:\/\/webknjizara.hr\/proizvod\/prirucnik-za-nadzor-transfernih-cijena-4d-2025-davor-buric-marijana-radusin-liposinovic-i-danijela-srepfler\/\" \/>\n<meta property=\"og:site_name\" content=\"Web-knji\u017eara\" \/>\n<meta property=\"article:modified_time\" content=\"2025-07-24T03:14:24+00:00\" \/>\n<meta property=\"og:image\" content=\"https:\/\/webknjizara.hr\/wp-content\/uploads\/2025\/04\/Davor_Buric_Marijana_Radusin_Liposinovic_i_Danijela_Srepfler_Prirucnik_za_nadzor_transfernih_cijena_webknjizara_redak_WEB_1683.jpg\" \/>\n\t<meta property=\"og:image:width\" content=\"300\" \/>\n\t<meta property=\"og:image:height\" content=\"419\" \/>\n\t<meta property=\"og:image:type\" content=\"image\/jpeg\" \/>\n<meta name=\"twitter:card\" content=\"summary_large_image\" \/>\n<meta name=\"twitter:label1\" content=\"Est. reading time\" \/>\n\t<meta name=\"twitter:data1\" content=\"2 minutes\" \/>\n<script type=\"application\/ld+json\" class=\"yoast-schema-graph\">{\"@context\":\"https:\\\/\\\/schema.org\",\"@graph\":[{\"@type\":\"WebPage\",\"@id\":\"https:\\\/\\\/webknjizara.hr\\\/proizvod\\\/prirucnik-za-nadzor-transfernih-cijena-4d-2025-davor-buric-marijana-radusin-liposinovic-i-danijela-srepfler\\\/\",\"url\":\"https:\\\/\\\/webknjizara.hr\\\/proizvod\\\/prirucnik-za-nadzor-transfernih-cijena-4d-2025-davor-buric-marijana-radusin-liposinovic-i-danijela-srepfler\\\/\",\"name\":\"PRIRU\u010cNIK ZA NADZOR TRANSFERNIH CIJENA (4D\\\/2025), Davor Buri\u0107, Marijana Radusin Lipo\u0161inovi\u0107 i Danijela \u0160repfler - Web-knji\u017eara\",\"isPartOf\":{\"@id\":\"https:\\\/\\\/webknjizara.hr\\\/#website\"},\"primaryImageOfPage\":{\"@id\":\"https:\\\/\\\/webknjizara.hr\\\/proizvod\\\/prirucnik-za-nadzor-transfernih-cijena-4d-2025-davor-buric-marijana-radusin-liposinovic-i-danijela-srepfler\\\/#primaryimage\"},\"image\":{\"@id\":\"https:\\\/\\\/webknjizara.hr\\\/proizvod\\\/prirucnik-za-nadzor-transfernih-cijena-4d-2025-davor-buric-marijana-radusin-liposinovic-i-danijela-srepfler\\\/#primaryimage\"},\"thumbnailUrl\":\"https:\\\/\\\/webknjizara.hr\\\/wp-content\\\/uploads\\\/2025\\\/04\\\/Davor_Buric_Marijana_Radusin_Liposinovic_i_Danijela_Srepfler_Prirucnik_za_nadzor_transfernih_cijena_webknjizara_redak_WEB_1683.jpg\",\"datePublished\":\"2025-04-25T22:53:18+00:00\",\"dateModified\":\"2025-07-24T03:14:24+00:00\",\"description\":\"U ovom priru\u010dniku predstavit \u0107e se revidirane Smjernice OECD-a o transfernim cijenama za multinacionalna trgova\u010dka dru\u0161tva i porezne uprave, koje su objavljene 20. sije\u010dnja 2022.\",\"breadcrumb\":{\"@id\":\"https:\\\/\\\/webknjizara.hr\\\/proizvod\\\/prirucnik-za-nadzor-transfernih-cijena-4d-2025-davor-buric-marijana-radusin-liposinovic-i-danijela-srepfler\\\/#breadcrumb\"},\"inLanguage\":\"en-US\",\"potentialAction\":[{\"@type\":\"ReadAction\",\"target\":[\"https:\\\/\\\/webknjizara.hr\\\/proizvod\\\/prirucnik-za-nadzor-transfernih-cijena-4d-2025-davor-buric-marijana-radusin-liposinovic-i-danijela-srepfler\\\/\"]}]},{\"@type\":\"ImageObject\",\"inLanguage\":\"en-US\",\"@id\":\"https:\\\/\\\/webknjizara.hr\\\/proizvod\\\/prirucnik-za-nadzor-transfernih-cijena-4d-2025-davor-buric-marijana-radusin-liposinovic-i-danijela-srepfler\\\/#primaryimage\",\"url\":\"https:\\\/\\\/webknjizara.hr\\\/wp-content\\\/uploads\\\/2025\\\/04\\\/Davor_Buric_Marijana_Radusin_Liposinovic_i_Danijela_Srepfler_Prirucnik_za_nadzor_transfernih_cijena_webknjizara_redak_WEB_1683.jpg\",\"contentUrl\":\"https:\\\/\\\/webknjizara.hr\\\/wp-content\\\/uploads\\\/2025\\\/04\\\/Davor_Buric_Marijana_Radusin_Liposinovic_i_Danijela_Srepfler_Prirucnik_za_nadzor_transfernih_cijena_webknjizara_redak_WEB_1683.jpg\",\"width\":300,\"height\":419},{\"@type\":\"BreadcrumbList\",\"@id\":\"https:\\\/\\\/webknjizara.hr\\\/proizvod\\\/prirucnik-za-nadzor-transfernih-cijena-4d-2025-davor-buric-marijana-radusin-liposinovic-i-danijela-srepfler\\\/#breadcrumb\",\"itemListElement\":[{\"@type\":\"ListItem\",\"position\":1,\"name\":\"Po\u010detna stranica\",\"item\":\"https:\\\/\\\/webknjizara.hr\\\/en\\\/\"},{\"@type\":\"ListItem\",\"position\":2,\"name\":\"Shop\",\"item\":\"https:\\\/\\\/webknjizara.hr\\\/shop\\\/\"},{\"@type\":\"ListItem\",\"position\":3,\"name\":\"PRIRU\u010cNIK ZA NADZOR TRANSFERNIH CIJENA (4D\\\/2025), Davor Buri\u0107, Marijana Radusin Lipo\u0161inovi\u0107 i Danijela \u0160repfler\"}]},{\"@type\":\"WebSite\",\"@id\":\"https:\\\/\\\/webknjizara.hr\\\/#website\",\"url\":\"https:\\\/\\\/webknjizara.hr\\\/\",\"name\":\"Web Knji\u017eara\",\"description\":\"\",\"publisher\":{\"@id\":\"https:\\\/\\\/webknjizara.hr\\\/#organization\"},\"potentialAction\":[{\"@type\":\"SearchAction\",\"target\":{\"@type\":\"EntryPoint\",\"urlTemplate\":\"https:\\\/\\\/webknjizara.hr\\\/?s={search_term_string}\"},\"query-input\":{\"@type\":\"PropertyValueSpecification\",\"valueRequired\":true,\"valueName\":\"search_term_string\"}}],\"inLanguage\":\"en-US\"},{\"@type\":\"Organization\",\"@id\":\"https:\\\/\\\/webknjizara.hr\\\/#organization\",\"name\":\"REDAK D.O.O.\",\"url\":\"https:\\\/\\\/webknjizara.hr\\\/\",\"logo\":{\"@type\":\"ImageObject\",\"inLanguage\":\"en-US\",\"@id\":\"https:\\\/\\\/webknjizara.hr\\\/#\\\/schema\\\/logo\\\/image\\\/\",\"url\":\"https:\\\/\\\/webknjizara.hr\\\/wp-content\\\/uploads\\\/2023\\\/01\\\/web-knjizara-logo.webp\",\"contentUrl\":\"https:\\\/\\\/webknjizara.hr\\\/wp-content\\\/uploads\\\/2023\\\/01\\\/web-knjizara-logo.webp\",\"width\":324,\"height\":79,\"caption\":\"REDAK D.O.O.\"},\"image\":{\"@id\":\"https:\\\/\\\/webknjizara.hr\\\/#\\\/schema\\\/logo\\\/image\\\/\"}}]}<\/script>\n<!-- \/ Yoast SEO plugin. -->","yoast_head_json":{"title":"PRIRU\u010cNIK ZA NADZOR TRANSFERNIH CIJENA (4D\/2025), Davor Buri\u0107, Marijana Radusin Lipo\u0161inovi\u0107 i Danijela \u0160repfler - Web-knji\u017eara","description":"U ovom priru\u010dniku predstavit \u0107e se revidirane Smjernice OECD-a o transfernim cijenama za multinacionalna trgova\u010dka dru\u0161tva i porezne uprave, koje su objavljene 20. sije\u010dnja 2022.","robots":{"index":"index","follow":"follow","max-snippet":"max-snippet:-1","max-image-preview":"max-image-preview:large","max-video-preview":"max-video-preview:-1"},"canonical":"https:\/\/webknjizara.hr\/proizvod\/prirucnik-za-nadzor-transfernih-cijena-4d-2025-davor-buric-marijana-radusin-liposinovic-i-danijela-srepfler\/","og_locale":"en_US","og_type":"article","og_title":"PRIRU\u010cNIK ZA NADZOR TRANSFERNIH CIJENA (4D\/2025), Davor Buri\u0107, Marijana Radusin Lipo\u0161inovi\u0107 i Danijela \u0160repfler - Web-knji\u017eara","og_description":"U ovom priru\u010dniku predstavit \u0107e se revidirane Smjernice OECD-a o transfernim cijenama za multinacionalna trgova\u010dka dru\u0161tva i porezne uprave, koje su objavljene 20. sije\u010dnja 2022.","og_url":"https:\/\/webknjizara.hr\/proizvod\/prirucnik-za-nadzor-transfernih-cijena-4d-2025-davor-buric-marijana-radusin-liposinovic-i-danijela-srepfler\/","og_site_name":"Web-knji\u017eara","article_modified_time":"2025-07-24T03:14:24+00:00","og_image":[{"width":300,"height":419,"url":"https:\/\/webknjizara.hr\/wp-content\/uploads\/2025\/04\/Davor_Buric_Marijana_Radusin_Liposinovic_i_Danijela_Srepfler_Prirucnik_za_nadzor_transfernih_cijena_webknjizara_redak_WEB_1683.jpg","type":"image\/jpeg"}],"twitter_card":"summary_large_image","twitter_misc":{"Est. reading time":"2 minutes"},"schema":{"@context":"https:\/\/schema.org","@graph":[{"@type":"WebPage","@id":"https:\/\/webknjizara.hr\/proizvod\/prirucnik-za-nadzor-transfernih-cijena-4d-2025-davor-buric-marijana-radusin-liposinovic-i-danijela-srepfler\/","url":"https:\/\/webknjizara.hr\/proizvod\/prirucnik-za-nadzor-transfernih-cijena-4d-2025-davor-buric-marijana-radusin-liposinovic-i-danijela-srepfler\/","name":"PRIRU\u010cNIK ZA NADZOR TRANSFERNIH CIJENA (4D\/2025), Davor Buri\u0107, Marijana Radusin Lipo\u0161inovi\u0107 i Danijela \u0160repfler - Web-knji\u017eara","isPartOf":{"@id":"https:\/\/webknjizara.hr\/#website"},"primaryImageOfPage":{"@id":"https:\/\/webknjizara.hr\/proizvod\/prirucnik-za-nadzor-transfernih-cijena-4d-2025-davor-buric-marijana-radusin-liposinovic-i-danijela-srepfler\/#primaryimage"},"image":{"@id":"https:\/\/webknjizara.hr\/proizvod\/prirucnik-za-nadzor-transfernih-cijena-4d-2025-davor-buric-marijana-radusin-liposinovic-i-danijela-srepfler\/#primaryimage"},"thumbnailUrl":"https:\/\/webknjizara.hr\/wp-content\/uploads\/2025\/04\/Davor_Buric_Marijana_Radusin_Liposinovic_i_Danijela_Srepfler_Prirucnik_za_nadzor_transfernih_cijena_webknjizara_redak_WEB_1683.jpg","datePublished":"2025-04-25T22:53:18+00:00","dateModified":"2025-07-24T03:14:24+00:00","description":"U ovom priru\u010dniku predstavit \u0107e se revidirane Smjernice OECD-a o transfernim cijenama za multinacionalna trgova\u010dka dru\u0161tva i porezne uprave, koje su objavljene 20. sije\u010dnja 2022.","breadcrumb":{"@id":"https:\/\/webknjizara.hr\/proizvod\/prirucnik-za-nadzor-transfernih-cijena-4d-2025-davor-buric-marijana-radusin-liposinovic-i-danijela-srepfler\/#breadcrumb"},"inLanguage":"en-US","potentialAction":[{"@type":"ReadAction","target":["https:\/\/webknjizara.hr\/proizvod\/prirucnik-za-nadzor-transfernih-cijena-4d-2025-davor-buric-marijana-radusin-liposinovic-i-danijela-srepfler\/"]}]},{"@type":"ImageObject","inLanguage":"en-US","@id":"https:\/\/webknjizara.hr\/proizvod\/prirucnik-za-nadzor-transfernih-cijena-4d-2025-davor-buric-marijana-radusin-liposinovic-i-danijela-srepfler\/#primaryimage","url":"https:\/\/webknjizara.hr\/wp-content\/uploads\/2025\/04\/Davor_Buric_Marijana_Radusin_Liposinovic_i_Danijela_Srepfler_Prirucnik_za_nadzor_transfernih_cijena_webknjizara_redak_WEB_1683.jpg","contentUrl":"https:\/\/webknjizara.hr\/wp-content\/uploads\/2025\/04\/Davor_Buric_Marijana_Radusin_Liposinovic_i_Danijela_Srepfler_Prirucnik_za_nadzor_transfernih_cijena_webknjizara_redak_WEB_1683.jpg","width":300,"height":419},{"@type":"BreadcrumbList","@id":"https:\/\/webknjizara.hr\/proizvod\/prirucnik-za-nadzor-transfernih-cijena-4d-2025-davor-buric-marijana-radusin-liposinovic-i-danijela-srepfler\/#breadcrumb","itemListElement":[{"@type":"ListItem","position":1,"name":"Po\u010detna stranica","item":"https:\/\/webknjizara.hr\/en\/"},{"@type":"ListItem","position":2,"name":"Shop","item":"https:\/\/webknjizara.hr\/shop\/"},{"@type":"ListItem","position":3,"name":"PRIRU\u010cNIK ZA NADZOR TRANSFERNIH CIJENA (4D\/2025), Davor Buri\u0107, Marijana Radusin Lipo\u0161inovi\u0107 i Danijela \u0160repfler"}]},{"@type":"WebSite","@id":"https:\/\/webknjizara.hr\/#website","url":"https:\/\/webknjizara.hr\/","name":"Web Knji\u017eara","description":"","publisher":{"@id":"https:\/\/webknjizara.hr\/#organization"},"potentialAction":[{"@type":"SearchAction","target":{"@type":"EntryPoint","urlTemplate":"https:\/\/webknjizara.hr\/?s={search_term_string}"},"query-input":{"@type":"PropertyValueSpecification","valueRequired":true,"valueName":"search_term_string"}}],"inLanguage":"en-US"},{"@type":"Organization","@id":"https:\/\/webknjizara.hr\/#organization","name":"REDAK D.O.O.","url":"https:\/\/webknjizara.hr\/","logo":{"@type":"ImageObject","inLanguage":"en-US","@id":"https:\/\/webknjizara.hr\/#\/schema\/logo\/image\/","url":"https:\/\/webknjizara.hr\/wp-content\/uploads\/2023\/01\/web-knjizara-logo.webp","contentUrl":"https:\/\/webknjizara.hr\/wp-content\/uploads\/2023\/01\/web-knjizara-logo.webp","width":324,"height":79,"caption":"REDAK D.O.O."},"image":{"@id":"https:\/\/webknjizara.hr\/#\/schema\/logo\/image\/"}}]}},"_links":{"self":[{"href":"https:\/\/webknjizara.hr\/en\/wp-json\/wp\/v2\/product\/19115","targetHints":{"allow":["GET"]}}],"collection":[{"href":"https:\/\/webknjizara.hr\/en\/wp-json\/wp\/v2\/product"}],"about":[{"href":"https:\/\/webknjizara.hr\/en\/wp-json\/wp\/v2\/types\/product"}],"replies":[{"embeddable":true,"href":"https:\/\/webknjizara.hr\/en\/wp-json\/wp\/v2\/comments?post=19115"}],"wp:featuredmedia":[{"embeddable":true,"href":"https:\/\/webknjizara.hr\/en\/wp-json\/wp\/v2\/media\/19116"}],"wp:attachment":[{"href":"https:\/\/webknjizara.hr\/en\/wp-json\/wp\/v2\/media?parent=19115"}],"wp:term":[{"taxonomy":"product_brand","embeddable":true,"href":"https:\/\/webknjizara.hr\/en\/wp-json\/wp\/v2\/product_brand?post=19115"},{"taxonomy":"product_cat","embeddable":true,"href":"https:\/\/webknjizara.hr\/en\/wp-json\/wp\/v2\/product_cat?post=19115"},{"taxonomy":"product_tag","embeddable":true,"href":"https:\/\/webknjizara.hr\/en\/wp-json\/wp\/v2\/product_tag?post=19115"}],"curies":[{"name":"wp","href":"https:\/\/api.w.org\/{rel}","templated":true}]}}