{"id":19051,"date":"2025-04-11T23:59:31","date_gmt":"2025-04-11T21:59:31","guid":{"rendered":"https:\/\/webknjizara.hr\/?post_type=product&#038;p=19051"},"modified":"2025-04-12T00:09:41","modified_gmt":"2025-04-11T22:09:41","slug":"zaljubio-sam-se-ajme-meni-senka-bradaric","status":"publish","type":"product","link":"https:\/\/webknjizara.hr\/en\/proizvod\/zaljubio-sam-se-ajme-meni-senka-bradaric\/","title":{"rendered":"ZALJUBIO SAM SE, AJME MENI, Senka Bradari\u0107"},"content":{"rendered":"<p>Ella Hasel, urednica blogova Knji\u0161ki recenzeRAJ i SvojaITo\u010dka, napisala je nekoliko rije\u010di o knjizi:<\/p>\n<p>Djeca u\u010de po modelu. A tinejd\u017eeri? Tinejd\u017eeri u\u010de \u010ditaju\u0107i knjige, listaju\u0107i \u010dasopise i pronalaze\u0107i uzore u serijama, filmovima, knjigama i dru\u0161tvenim mre\u017eama. No, najbolji na\u010din na koji su mladi spremni nau\u010diti jest kroz lik u knjizi ili filmu koji je njima sli\u010dan. Iz tog je razloga autorica Senka Bradari\u0107 pripremila roman za mlade koji govori o odrastanju i ljubavnim jadima jednoga sasvim tipi\u010dnog tinejd\u017eera, u kojemu \u0107e se mo\u0107i prona\u0107i svi \u010ditatelji!<\/p>\n<p>Zaljubio sam se, ajme meni! jedan je od onih romana u kojemu bi mladi mogli pone\u0161to nau\u010diti, a starije se generacije ugodno nasmijati! Autorica Senka Bradari\u0107 ovaj je ljubavni roman nastojala prilagoditi za sve dobi, no on je ponajvi\u0161e namijenjen tinejd\u017eerima, odnosno onima koji bi ove ljubavne jade najbolje razumjeli. Niko je mladi\u0107 koji primje\u0107uje promjene na sebi, u svojoj okolini i na svojim prijateljima. A sasvim nova situacija s kojom se nitko od njegovih vr\u0161njaka jo\u0161 nije susreo je \u2013 ljubav! Kako su se Niko i njegovi prijatelji sna\u0161li u zaljubljenosti, je li ljubav stra\u0161na i kako je to biti zaljubljen \u2013 samo su neka pitanja na kojima \u0107emo dobiti odgovor u ovoj knjizi!<\/p>\n<p>Ovaj je roman jedva do\u010dekao ugledati svjetlo dana i spreman je odu\u0161eviti sve mlade ljude koji su ga voljni pro\u010ditati i upoznati predivnu, zanimljivu, simpati\u010dnu i pou\u010dnu pri\u010du o zaljubljivanju, odrastanju, prijateljstvu i ljubavnim jadima jednog tinejd\u017eera, koju nam je autorica Bradari\u0107 servirala.<\/p>\n<p>Kruno \u0160afrani\u0107, urednik stranice Pisci i Knji\u017eevnost, napisao je nekoliko rije\u010di o knjizi:<\/p>\n<p>Ovo je roman za mlade koji me, odmah nakon \u010ditanja prvih par re\u010denica, zainteresirao do te mjere da me zanimalo \u0161to \u0107e se dalje doga\u0111ati. Senka Bradari\u0107 barata toliko vje\u0161to s re\u010denicama kao da je vrhunski \u017eongler, kao da je to ne\u0161to \u0161to radi svaki dan. Prikaz toga na\u0107i \u0107emo u odlomku:<\/p>\n<p><em>Zatim se s desna otkloni, pa zakloni zimsko Sunce i istrese mno\u0161tvo snje\u017enih\u00a0 pahulja, koje mi lagano klize niz lice. \u010cim pahuljice zagolicaju vrh moga nosa, osmijeh se navu\u010de preko cijelog lica. Odmah pomislim kako je svaka pahuljica jedinstvena kao \u0161to smo i mi ljudi. \u010cak i ako trilijuni pahulja padaju s neba u isto vrijeme, ni jedna nije kao druga.<\/em><\/p>\n<p>Jo\u0161 jedna posebnost ovoga romana je dijalog izme\u0111u likova. Kao da je u\u0161la u glavu svakoga lika i to\u010dno prikazala kako se koji od njih osje\u0107a. Dala im je karakter, mane i svakom posvetila dio pa\u017enje, kako bi ih bolje upoznali. Njezini likovi odrastaju, po prvi put se zaljubljuju, imaju svoje simpatije. I mi \u010ditatelji se mo\u017eemo prepoznati u tim situacijama, jer smo svi to u mladena\u010dkim danima pro\u0161li. I ba\u0161 zato je njezina pri\u010da simpati\u010dna, zabavna, zna nas nasmijati, ali i naljutiti. Za prikaz, izdvojio sam jedan odlomak:<\/p>\n<p><em>Bijesnim! Tresem se kao \u0161iba. Eksplodiram pa ka\u017eem.<\/em><\/p>\n<p><em>\u2013 Ne\u0107u obu\u0107i taj ru\u017eni kaput!<\/em><\/p>\n<p><em>\u2013 Ali ovaj kaput je moderan, topao i udoban. Ne mora nu\u017eno biti i lijep. U nedostatku boljega, obuci ga \u2013 toplim me glasom moli.<\/em><\/p>\n<p><em>\u2013 Dobro da si to rekla, jer ovo nije ni blizu pojmu lijepo. <\/em><em>Joj mene, mene joj! Ne\u0107u ga odjenuti!<\/em><\/p>\n<p><em>\u2013 E moj sine, dobro razmisli i odlu\u010di. Ho\u0107e\u0161 li u\u017eivati na snijegu ili \u0107e\u0161\u00a0 pahuljice gledati kroz prozor? Ne duri se. Vrati se u stvarnost. Nisi klinac od pet godina. Pomislio bi \u010dovjek da ti nudim lu\u0111a\u010dku ko\u0161ulju, a ne moderan novi kaput. I \u0161to \u0107e\u0161 u\u010diniti? \u2013 upita.<br \/>\nOdmahnem glavom.<\/em><\/p>\n<p><em>\u2013 Ah, ovaj&#8230; \u2013 budu\u0107i da danima \u010dekam snijeg, ne\u0107u dvojiti. \u2013 Poslu\u0161at \u0107u te.<\/em><\/p>\n<p>Povrh svega re\u010denog, svidjelo mi se \u0161to je dio romana smje\u0161ten zimi, a drugi dio ljeti. Mo\u017eemo probuditi ma\u0161tu u oba godi\u0161nja doba i otputovati zajedno s likovima u njihove anegdote. Svakako preporuka.<\/p>\n<p>Ugodno \u010ditanje!<\/p>\n<p>Biserka Pir\u0161lin, urednica stranice Knjige u srcu, napisala je nekoliko rije\u010di o knjizi:<\/p>\n<p>Zaljubio sam se, nije mi dobro uzbudljiva je pri\u010da koja prati zgode i nezgode\u00a0 tinejd\u017eera Nike koji \u017eivi sasvim uobi\u010dajen mladena\u010dki \u017eivot. U\u017eiva u svemu \u0161to vole mladi u tim osjetljivim godinama i po prvi put se zaljubljuje.<\/p>\n<p>\u201eKad se jednom zaljubi\u0161, lako pamet izgubi\u0161\u201d savr\u0161en je opis autorice Senke Bradari\u0107 o mladena\u010dkoj zaljubljenosti i zbrku emocija koje donosi.<\/p>\n<p>Svi pone\u0161to mo\u017eemo nau\u010diti iz ove pri\u010de. Mi stariji mo\u017eemo se prisjetiti kako je nama bilo u tim godinama kad su nas vodili zbunjenost i sram, a mladi mogu nau\u010diti kako se lak\u0161e nositi kroz ovaj zbunjuju\u0107i period kad njima vladaju uzbunjeni hormoni, i da trebaju u\u017eivati u tim prvim nje\u017enim osje\u0107ajima.<\/p>\n<p>Vjerujte mi kad ka\u017eem da je ova knjiga nezaobilazno \u0161tivo za svakoga tko voli dobru\u00a0 pri\u010du. Stoga samo naprijed, zgrabite primjerak i pripremite se da vas o\u010dara \u010darolija\u00a0 mladena\u010dke ljubavi.<\/p>\n<p><span style=\"font-family: Arial, sans-serif;\"><span lang=\"hr-HR\"><b>Bilje\u0161ka o autorici: <\/b><\/span><\/span><\/p>\n<p>Senka Bradari\u0107 ro\u0111ena je 1953. u Trogiru. Odrasla je u Ka\u0161telima i \u0161kolovala se u Ka\u0161tel Novom, Trogiru, Zagrebu i Splitu. Poha\u0111ala je gimnaziju i studirala na Pravnom fakultetu. U slobodno vrijeme bavi se slikarstvom i \u017eivi u Osijeku. Zadnjih godina sve manje crta, a sve vi\u0161e pi\u0161e.<\/p>\n<p>Napisala je dje\u010dju knjigu \u201eLicem u lice ispred Fijolice\u201c, koju je ujedno i ilustrirala, u izdanju Naklade Bo\u0161kovi\u0107 iz Splita 2019. godine.<\/p>\n<p>Poeziju pi\u0161e od 2019., a pjesme su joj dosad objavljene u vi\u0161e od pedeset zajedni\u010dkih zbirki, zbornika i antologija u izdanjima Kulture Snova (Zagreb), Kreativne radionice Balkan (Beograd), Nove Svjetlosti (Sarajevo), Instituta INAKU (Skoplje), Lipina Cvijeta (Gornja Stubica), Dru\u0161tva albanskih umjetnika Dea (Sisak), Zlatnog Pera (Knja\u017eevac), Diligo Libera (Zagreb), Udru\u017eenja Divan (Skoplje) i drugih.<\/p>\n<p>Pjesme su joj tako\u0111er objavljene i u <em>online<\/em> izdanjima, odnosno u raznim<\/p>\n<p lang=\"hr-HR\">e-zbornicima, kao \u0161to su Miri\u0161e Lipa (Gornji Mihaljevac), Zvezdani Kolodvor (Beograd), \u010dasopis Kvaka (Velika Gorica) te \u010dasopis Nekazano 4 (Bar).<\/p>\n<p><strong>Klju\u010dne rije\u010di: <\/strong>Pisci i Knji\u017eevnost, Senka Bradari\u0107, Zaljubio sam se, ajme meni, roman, proza<\/p>\n<p><strong><span style=\"font-family: Arial, sans-serif;\"><span lang=\"hr-HR\">Naslov:<\/span><\/span><\/strong> <span style=\"font-family: Arial, sans-serif;\">Zaljubio sam se, ajme meni<\/span><span style=\"font-family: Arial, sans-serif;\"><span lang=\"hr-HR\"><br \/>\n<\/span><\/span><strong><span style=\"font-family: Arial, sans-serif;\"><span lang=\"hr-HR\">Autor\/autorica:<\/span><\/span><\/strong> <span style=\"font-family: Arial, sans-serif;\">Senka Bradari\u0107<\/span><span style=\"font-family: Arial, sans-serif;\"><span lang=\"hr-HR\"><br \/>\n<\/span><\/span><strong><span style=\"font-family: Arial, sans-serif;\"><span lang=\"hr-HR\">Broj stranica: <\/span><\/span><\/strong><span style=\"font-family: Arial, sans-serif;\"><span lang=\"\">120<\/span><\/span><span style=\"font-family: Arial, sans-serif;\"><span lang=\"hr-HR\"><br \/>\n<\/span><\/span><strong><span style=\"font-family: Arial, sans-serif;\"><span lang=\"hr-HR\">Nakladnik: <\/span><\/span><\/strong><span style=\"font-family: Arial, sans-serif;\">REDAK<\/span><span style=\"font-family: Arial, sans-serif;\"><span lang=\"hr-HR\"><br \/>\n<\/span><\/span><strong><span style=\"font-family: Arial, sans-serif;\"><span lang=\"hr-HR\">Godina izdanja:<\/span><\/span><\/strong> <span style=\"font-family: Arial, sans-serif;\">2025<\/span><span style=\"font-family: Arial, sans-serif;\"><span lang=\"hr-HR\">.<\/span><\/span><strong><span style=\"font-family: Arial, sans-serif;\"><span lang=\"hr-HR\"><br \/>\n<\/span><\/span><\/strong><strong><span style=\"font-family: Arial, sans-serif;\">ISBN:<\/span><\/strong><span style=\"font-family: Arial, sans-serif;\"> 978-953-395-061-7<br \/>\n<\/span><strong><span style=\"font-family: Arial, sans-serif;\">Tisak:<\/span><\/strong><span style=\"font-family: Arial, sans-serif;\"> digitalni tisak knjiga &#8211; print na zahtjev<\/span><\/p>\n","protected":false},"excerpt":{"rendered":"<p>Ella Hasel, urednica blogova Knji\u0161ki recenzeRAJ i SvojaITo\u010dka, napisala je nekoliko rije\u010di o knjizi: Djeca u\u010de po modelu. A tinejd\u017eeri? Tinejd\u017eeri u\u010de \u010ditaju\u0107i knjige, listaju\u0107i \u010dasopise i pronalaze\u0107i uzore u serijama, filmovima, knjigama i dru\u0161tvenim mre\u017eama. No, najbolji na\u010din na koji su mladi spremni nau\u010diti jest kroz lik u knjizi ili filmu koji je njima [&hellip;]<\/p>\n","protected":false},"featured_media":19052,"comment_status":"open","ping_status":"closed","template":"","meta":{"_acf_changed":false},"product_brand":[],"product_cat":[1607],"product_tag":[],"class_list":{"0":"post-19051","1":"product","2":"type-product","3":"status-publish","4":"has-post-thumbnail","6":"product_cat-proza","7":"pa_autor-senka-bradaric","8":"pa_nakladnik-redak","10":"first","11":"instock","12":"shipping-taxable","13":"purchasable","14":"product-type-simple"},"acf":[],"yoast_head":"<!-- This site is optimized with the Yoast SEO plugin v27.3 - https:\/\/yoast.com\/product\/yoast-seo-wordpress\/ -->\n<title>ZALJUBIO SAM SE, AJME MENI, Senka Bradari\u0107 - Web-knji\u017eara<\/title>\n<meta name=\"robots\" content=\"index, follow, max-snippet:-1, max-image-preview:large, max-video-preview:-1\" \/>\n<link rel=\"canonical\" href=\"https:\/\/webknjizara.hr\/proizvod\/zaljubio-sam-se-ajme-meni-senka-bradaric\/\" \/>\n<meta property=\"og:locale\" content=\"en_US\" \/>\n<meta property=\"og:type\" content=\"article\" \/>\n<meta property=\"og:title\" content=\"ZALJUBIO SAM SE, AJME MENI, Senka Bradari\u0107 - Web-knji\u017eara\" \/>\n<meta property=\"og:description\" content=\"Ella Hasel, urednica blogova Knji\u0161ki recenzeRAJ i SvojaITo\u010dka, napisala je nekoliko rije\u010di o knjizi: Djeca u\u010de po modelu. A tinejd\u017eeri? Tinejd\u017eeri u\u010de \u010ditaju\u0107i knjige, listaju\u0107i \u010dasopise i pronalaze\u0107i uzore u serijama, filmovima, knjigama i dru\u0161tvenim mre\u017eama. No, najbolji na\u010din na koji su mladi spremni nau\u010diti jest kroz lik u knjizi ili filmu koji je njima [&hellip;]\" \/>\n<meta property=\"og:url\" content=\"https:\/\/webknjizara.hr\/proizvod\/zaljubio-sam-se-ajme-meni-senka-bradaric\/\" \/>\n<meta property=\"og:site_name\" content=\"Web-knji\u017eara\" \/>\n<meta property=\"article:modified_time\" content=\"2025-04-11T22:09:41+00:00\" \/>\n<meta property=\"og:image\" content=\"https:\/\/webknjizara.hr\/wp-content\/uploads\/2025\/04\/Senka_Bradaric_Zaljubio_sam_se_ajme_meni__webknjizara_redak_WEB_1676.jpg\" \/>\n\t<meta property=\"og:image:width\" content=\"300\" \/>\n\t<meta property=\"og:image:height\" content=\"419\" \/>\n\t<meta property=\"og:image:type\" content=\"image\/jpeg\" \/>\n<meta name=\"twitter:card\" content=\"summary_large_image\" \/>\n<meta name=\"twitter:label1\" content=\"Est. reading time\" \/>\n\t<meta name=\"twitter:data1\" content=\"6 minutes\" \/>\n<script type=\"application\/ld+json\" class=\"yoast-schema-graph\">{\"@context\":\"https:\\\/\\\/schema.org\",\"@graph\":[{\"@type\":\"WebPage\",\"@id\":\"https:\\\/\\\/webknjizara.hr\\\/proizvod\\\/zaljubio-sam-se-ajme-meni-senka-bradaric\\\/\",\"url\":\"https:\\\/\\\/webknjizara.hr\\\/proizvod\\\/zaljubio-sam-se-ajme-meni-senka-bradaric\\\/\",\"name\":\"ZALJUBIO SAM SE, AJME MENI, Senka Bradari\u0107 - Web-knji\u017eara\",\"isPartOf\":{\"@id\":\"https:\\\/\\\/webknjizara.hr\\\/#website\"},\"primaryImageOfPage\":{\"@id\":\"https:\\\/\\\/webknjizara.hr\\\/proizvod\\\/zaljubio-sam-se-ajme-meni-senka-bradaric\\\/#primaryimage\"},\"image\":{\"@id\":\"https:\\\/\\\/webknjizara.hr\\\/proizvod\\\/zaljubio-sam-se-ajme-meni-senka-bradaric\\\/#primaryimage\"},\"thumbnailUrl\":\"https:\\\/\\\/webknjizara.hr\\\/wp-content\\\/uploads\\\/2025\\\/04\\\/Senka_Bradaric_Zaljubio_sam_se_ajme_meni__webknjizara_redak_WEB_1676.jpg\",\"datePublished\":\"2025-04-11T21:59:31+00:00\",\"dateModified\":\"2025-04-11T22:09:41+00:00\",\"breadcrumb\":{\"@id\":\"https:\\\/\\\/webknjizara.hr\\\/proizvod\\\/zaljubio-sam-se-ajme-meni-senka-bradaric\\\/#breadcrumb\"},\"inLanguage\":\"en-US\",\"potentialAction\":[{\"@type\":\"ReadAction\",\"target\":[\"https:\\\/\\\/webknjizara.hr\\\/proizvod\\\/zaljubio-sam-se-ajme-meni-senka-bradaric\\\/\"]}]},{\"@type\":\"ImageObject\",\"inLanguage\":\"en-US\",\"@id\":\"https:\\\/\\\/webknjizara.hr\\\/proizvod\\\/zaljubio-sam-se-ajme-meni-senka-bradaric\\\/#primaryimage\",\"url\":\"https:\\\/\\\/webknjizara.hr\\\/wp-content\\\/uploads\\\/2025\\\/04\\\/Senka_Bradaric_Zaljubio_sam_se_ajme_meni__webknjizara_redak_WEB_1676.jpg\",\"contentUrl\":\"https:\\\/\\\/webknjizara.hr\\\/wp-content\\\/uploads\\\/2025\\\/04\\\/Senka_Bradaric_Zaljubio_sam_se_ajme_meni__webknjizara_redak_WEB_1676.jpg\",\"width\":300,\"height\":419,\"caption\":\"Zaljubio sam se, ajme meni, Senka Bradari\u0107\"},{\"@type\":\"BreadcrumbList\",\"@id\":\"https:\\\/\\\/webknjizara.hr\\\/proizvod\\\/zaljubio-sam-se-ajme-meni-senka-bradaric\\\/#breadcrumb\",\"itemListElement\":[{\"@type\":\"ListItem\",\"position\":1,\"name\":\"Po\u010detna stranica\",\"item\":\"https:\\\/\\\/webknjizara.hr\\\/en\\\/\"},{\"@type\":\"ListItem\",\"position\":2,\"name\":\"Shop\",\"item\":\"https:\\\/\\\/webknjizara.hr\\\/shop\\\/\"},{\"@type\":\"ListItem\",\"position\":3,\"name\":\"ZALJUBIO SAM SE, AJME MENI, Senka Bradari\u0107\"}]},{\"@type\":\"WebSite\",\"@id\":\"https:\\\/\\\/webknjizara.hr\\\/#website\",\"url\":\"https:\\\/\\\/webknjizara.hr\\\/\",\"name\":\"Web Knji\u017eara\",\"description\":\"\",\"publisher\":{\"@id\":\"https:\\\/\\\/webknjizara.hr\\\/#organization\"},\"potentialAction\":[{\"@type\":\"SearchAction\",\"target\":{\"@type\":\"EntryPoint\",\"urlTemplate\":\"https:\\\/\\\/webknjizara.hr\\\/?s={search_term_string}\"},\"query-input\":{\"@type\":\"PropertyValueSpecification\",\"valueRequired\":true,\"valueName\":\"search_term_string\"}}],\"inLanguage\":\"en-US\"},{\"@type\":\"Organization\",\"@id\":\"https:\\\/\\\/webknjizara.hr\\\/#organization\",\"name\":\"REDAK D.O.O.\",\"url\":\"https:\\\/\\\/webknjizara.hr\\\/\",\"logo\":{\"@type\":\"ImageObject\",\"inLanguage\":\"en-US\",\"@id\":\"https:\\\/\\\/webknjizara.hr\\\/#\\\/schema\\\/logo\\\/image\\\/\",\"url\":\"https:\\\/\\\/webknjizara.hr\\\/wp-content\\\/uploads\\\/2023\\\/01\\\/web-knjizara-logo.webp\",\"contentUrl\":\"https:\\\/\\\/webknjizara.hr\\\/wp-content\\\/uploads\\\/2023\\\/01\\\/web-knjizara-logo.webp\",\"width\":324,\"height\":79,\"caption\":\"REDAK D.O.O.\"},\"image\":{\"@id\":\"https:\\\/\\\/webknjizara.hr\\\/#\\\/schema\\\/logo\\\/image\\\/\"}}]}<\/script>\n<!-- \/ Yoast SEO plugin. -->","yoast_head_json":{"title":"ZALJUBIO SAM SE, AJME MENI, Senka Bradari\u0107 - Web-knji\u017eara","robots":{"index":"index","follow":"follow","max-snippet":"max-snippet:-1","max-image-preview":"max-image-preview:large","max-video-preview":"max-video-preview:-1"},"canonical":"https:\/\/webknjizara.hr\/proizvod\/zaljubio-sam-se-ajme-meni-senka-bradaric\/","og_locale":"en_US","og_type":"article","og_title":"ZALJUBIO SAM SE, AJME MENI, Senka Bradari\u0107 - Web-knji\u017eara","og_description":"Ella Hasel, urednica blogova Knji\u0161ki recenzeRAJ i SvojaITo\u010dka, napisala je nekoliko rije\u010di o knjizi: Djeca u\u010de po modelu. A tinejd\u017eeri? Tinejd\u017eeri u\u010de \u010ditaju\u0107i knjige, listaju\u0107i \u010dasopise i pronalaze\u0107i uzore u serijama, filmovima, knjigama i dru\u0161tvenim mre\u017eama. No, najbolji na\u010din na koji su mladi spremni nau\u010diti jest kroz lik u knjizi ili filmu koji je njima [&hellip;]","og_url":"https:\/\/webknjizara.hr\/proizvod\/zaljubio-sam-se-ajme-meni-senka-bradaric\/","og_site_name":"Web-knji\u017eara","article_modified_time":"2025-04-11T22:09:41+00:00","og_image":[{"width":300,"height":419,"url":"https:\/\/webknjizara.hr\/wp-content\/uploads\/2025\/04\/Senka_Bradaric_Zaljubio_sam_se_ajme_meni__webknjizara_redak_WEB_1676.jpg","type":"image\/jpeg"}],"twitter_card":"summary_large_image","twitter_misc":{"Est. reading time":"6 minutes"},"schema":{"@context":"https:\/\/schema.org","@graph":[{"@type":"WebPage","@id":"https:\/\/webknjizara.hr\/proizvod\/zaljubio-sam-se-ajme-meni-senka-bradaric\/","url":"https:\/\/webknjizara.hr\/proizvod\/zaljubio-sam-se-ajme-meni-senka-bradaric\/","name":"ZALJUBIO SAM SE, AJME MENI, Senka Bradari\u0107 - Web-knji\u017eara","isPartOf":{"@id":"https:\/\/webknjizara.hr\/#website"},"primaryImageOfPage":{"@id":"https:\/\/webknjizara.hr\/proizvod\/zaljubio-sam-se-ajme-meni-senka-bradaric\/#primaryimage"},"image":{"@id":"https:\/\/webknjizara.hr\/proizvod\/zaljubio-sam-se-ajme-meni-senka-bradaric\/#primaryimage"},"thumbnailUrl":"https:\/\/webknjizara.hr\/wp-content\/uploads\/2025\/04\/Senka_Bradaric_Zaljubio_sam_se_ajme_meni__webknjizara_redak_WEB_1676.jpg","datePublished":"2025-04-11T21:59:31+00:00","dateModified":"2025-04-11T22:09:41+00:00","breadcrumb":{"@id":"https:\/\/webknjizara.hr\/proizvod\/zaljubio-sam-se-ajme-meni-senka-bradaric\/#breadcrumb"},"inLanguage":"en-US","potentialAction":[{"@type":"ReadAction","target":["https:\/\/webknjizara.hr\/proizvod\/zaljubio-sam-se-ajme-meni-senka-bradaric\/"]}]},{"@type":"ImageObject","inLanguage":"en-US","@id":"https:\/\/webknjizara.hr\/proizvod\/zaljubio-sam-se-ajme-meni-senka-bradaric\/#primaryimage","url":"https:\/\/webknjizara.hr\/wp-content\/uploads\/2025\/04\/Senka_Bradaric_Zaljubio_sam_se_ajme_meni__webknjizara_redak_WEB_1676.jpg","contentUrl":"https:\/\/webknjizara.hr\/wp-content\/uploads\/2025\/04\/Senka_Bradaric_Zaljubio_sam_se_ajme_meni__webknjizara_redak_WEB_1676.jpg","width":300,"height":419,"caption":"Zaljubio sam se, ajme meni, Senka Bradari\u0107"},{"@type":"BreadcrumbList","@id":"https:\/\/webknjizara.hr\/proizvod\/zaljubio-sam-se-ajme-meni-senka-bradaric\/#breadcrumb","itemListElement":[{"@type":"ListItem","position":1,"name":"Po\u010detna stranica","item":"https:\/\/webknjizara.hr\/en\/"},{"@type":"ListItem","position":2,"name":"Shop","item":"https:\/\/webknjizara.hr\/shop\/"},{"@type":"ListItem","position":3,"name":"ZALJUBIO SAM SE, AJME MENI, Senka Bradari\u0107"}]},{"@type":"WebSite","@id":"https:\/\/webknjizara.hr\/#website","url":"https:\/\/webknjizara.hr\/","name":"Web Knji\u017eara","description":"","publisher":{"@id":"https:\/\/webknjizara.hr\/#organization"},"potentialAction":[{"@type":"SearchAction","target":{"@type":"EntryPoint","urlTemplate":"https:\/\/webknjizara.hr\/?s={search_term_string}"},"query-input":{"@type":"PropertyValueSpecification","valueRequired":true,"valueName":"search_term_string"}}],"inLanguage":"en-US"},{"@type":"Organization","@id":"https:\/\/webknjizara.hr\/#organization","name":"REDAK D.O.O.","url":"https:\/\/webknjizara.hr\/","logo":{"@type":"ImageObject","inLanguage":"en-US","@id":"https:\/\/webknjizara.hr\/#\/schema\/logo\/image\/","url":"https:\/\/webknjizara.hr\/wp-content\/uploads\/2023\/01\/web-knjizara-logo.webp","contentUrl":"https:\/\/webknjizara.hr\/wp-content\/uploads\/2023\/01\/web-knjizara-logo.webp","width":324,"height":79,"caption":"REDAK D.O.O."},"image":{"@id":"https:\/\/webknjizara.hr\/#\/schema\/logo\/image\/"}}]}},"_links":{"self":[{"href":"https:\/\/webknjizara.hr\/en\/wp-json\/wp\/v2\/product\/19051","targetHints":{"allow":["GET"]}}],"collection":[{"href":"https:\/\/webknjizara.hr\/en\/wp-json\/wp\/v2\/product"}],"about":[{"href":"https:\/\/webknjizara.hr\/en\/wp-json\/wp\/v2\/types\/product"}],"replies":[{"embeddable":true,"href":"https:\/\/webknjizara.hr\/en\/wp-json\/wp\/v2\/comments?post=19051"}],"wp:featuredmedia":[{"embeddable":true,"href":"https:\/\/webknjizara.hr\/en\/wp-json\/wp\/v2\/media\/19052"}],"wp:attachment":[{"href":"https:\/\/webknjizara.hr\/en\/wp-json\/wp\/v2\/media?parent=19051"}],"wp:term":[{"taxonomy":"product_brand","embeddable":true,"href":"https:\/\/webknjizara.hr\/en\/wp-json\/wp\/v2\/product_brand?post=19051"},{"taxonomy":"product_cat","embeddable":true,"href":"https:\/\/webknjizara.hr\/en\/wp-json\/wp\/v2\/product_cat?post=19051"},{"taxonomy":"product_tag","embeddable":true,"href":"https:\/\/webknjizara.hr\/en\/wp-json\/wp\/v2\/product_tag?post=19051"}],"curies":[{"name":"wp","href":"https:\/\/api.w.org\/{rel}","templated":true}]}}