{"id":18916,"date":"2025-03-17T16:10:22","date_gmt":"2025-03-17T15:10:22","guid":{"rendered":"https:\/\/webknjizara.hr\/?post_type=product&#038;p=18916"},"modified":"2025-03-17T16:10:22","modified_gmt":"2025-03-17T15:10:22","slug":"carinska-vrijednost-prirucnik-grupa-autora","status":"publish","type":"product","link":"https:\/\/webknjizara.hr\/en\/proizvod\/carinska-vrijednost-prirucnik-grupa-autora\/","title":{"rendered":"CARINSKA VRIJEDNOST &#8211; PRIRU\u010cNIK, Grupa autora"},"content":{"rendered":"<p>Carinska vrijednost jedan je od temeljnih i najva\u017enijih instituta carinskog sustava, a njezin zna\u010daj proizlazi iz \u010dinjenice da se mehanizam carinske za\u0161tite temelji na carinskoj vrijednosti i stopama carine kao najva\u017enijim elementima utvr\u0111ivanja za\u0161tite. Kada se primjenjuje na\u010delo <em>ad valorem<\/em> carine, tj. carina prema vrijednosti robe, carinska vrijednost osnova je za pla\u0107anje carinskih i poreznih davanja. Ako se ne utvrdi pravilno, izazvat \u0107e dvojak utjecaj pa uvoznik pla\u0107a manje ili vi\u0161e davanja, a carina ubire manje ili vi\u0161e prihoda dr\u017eavi, \u0161to uzrokuje nezadovoljavaju\u0107u carinsku za\u0161titu.<\/p>\n<p>Priru\u010dnik na jednom mjestu sistematizira pravila utvr\u0111ivanja carinske vrijednosti robe te usmjerava na ostalu dostupnu literaturu za daljnje prou\u010davanje i rje\u0161avanje slo\u017eenijih situacija. Prvenstveno mo\u017ee poslu\u017eiti novim carinskim slu\u017ebenicima, ali i biti vrijedan alat gospodarskim subjektima koji se bave uvozom robe i carinskim otpremnicima u boljem razumijevanju slo\u017eene problematike utvr\u0111ivanja carinske vrijednosti. Kona\u010dno, Priru\u010dnik pru\u017ea opse\u017ean vodi\u010d za pravilno utvr\u0111ivanje carinske vrijednosti, \u010dime se osigurava transparentnost, pravednost i pravna sigurnost u me\u0111unarodnoj trgovini.<\/p>\n<p><span style=\"font-family: Arial, sans-serif;\"><span lang=\"hr-HR\"><b>E-mail: <\/b><\/span><\/span><a href=\"http:\/\/MAILTO:martina.fabris@ijf.hr\" target=\"_blank\" rel=\"noopener\"><span style=\"color: #000000;\">Kontakt autora<\/span><\/a><\/p>\n<p>&nbsp;<\/p>\n<p><strong><span style=\"font-family: Arial, sans-serif;\"><span lang=\"hr-HR\">Naslov: <\/span><\/span><\/strong><strong><span style=\"font-family: Arial, sans-serif;\">Carinska vrijednost \u2013 priru\u010dnik<\/span><\/strong><span style=\"font-family: Arial, sans-serif;\"><span lang=\"hr-HR\"><br \/>\n<\/span><\/span><strong><span style=\"font-family: Arial, sans-serif;\"><span lang=\"hr-HR\">Autor\/autorica:<\/span><\/span><\/strong> <span style=\"font-family: Arial, sans-serif;\">Branka Tu\u0111en, Irena \u0160\u0107ulac, Dubravka Balja, Anita Cvitan<\/span><span style=\"font-family: Arial, sans-serif;\"><span lang=\"hr-HR\"><br \/>\n<\/span><\/span><strong><span style=\"font-family: Arial, sans-serif;\"><span lang=\"hr-HR\">Broj stranica: <\/span><\/span><\/strong><span style=\"font-family: Arial, sans-serif;\"><span lang=\"\">506<\/span><\/span><span style=\"font-family: Arial, sans-serif;\"><span lang=\"hr-HR\"><br \/>\n<\/span><\/span><strong><span style=\"font-family: Arial, sans-serif;\"><span lang=\"hr-HR\">Nakladnik: <\/span><\/span><\/strong><strong><span style=\"font-family: Arial, sans-serif;\">Institut za javne financije, Zagreb<\/span><\/strong><span style=\"font-family: Arial, sans-serif;\"><span lang=\"hr-HR\"><br \/>\n<\/span><\/span><strong><span style=\"font-family: Arial, sans-serif;\"><span lang=\"hr-HR\">Godina izdanja: <\/span><\/span><\/strong><strong><span style=\"font-family: Arial, sans-serif;\">2024.<\/span><\/strong><strong><span style=\"font-family: Arial, sans-serif;\"><span lang=\"hr-HR\"><br \/>\n<\/span><\/span><\/strong><strong><span style=\"font-family: Arial, sans-serif;\">ISBN:<\/span><\/strong><span style=\"font-family: Arial, sans-serif;\"> ISSN 1333-073X<br \/>\n<\/span><strong><span style=\"font-family: Arial, sans-serif;\">Tisak:<\/span><\/strong><span style=\"font-family: Arial, sans-serif;\"> digitalni tisak knjiga &#8211; print na zahtjev<\/span><\/p>\n","protected":false},"excerpt":{"rendered":"<p>Carinska vrijednost jedan je od temeljnih i najva\u017enijih instituta carinskog sustava, a njezin zna\u010daj proizlazi iz \u010dinjenice da se mehanizam carinske za\u0161tite temelji na carinskoj vrijednosti i stopama carine kao najva\u017enijim elementima utvr\u0111ivanja za\u0161tite. Kada se primjenjuje na\u010delo ad valorem carine, tj. carina prema vrijednosti robe, carinska vrijednost osnova je za pla\u0107anje carinskih i poreznih [&hellip;]<\/p>\n","protected":false},"featured_media":18918,"comment_status":"open","ping_status":"closed","template":"","meta":{"_acf_changed":false},"product_brand":[],"product_cat":[2425,1384],"product_tag":[],"class_list":{"0":"post-18916","1":"product","2":"type-product","3":"status-publish","4":"has-post-thumbnail","6":"product_cat-znanstveno-strucne-publikacije","7":"product_cat-ekonomija","8":"pa_autor-anita-cvitan","9":"pa_autor-branka-tuden","10":"pa_autor-dubravka-balja","11":"pa_autor-irena-sculac","12":"pa_nakladnik-institut-za-javne-financije-zagreb","14":"first","15":"instock","16":"shipping-taxable","17":"purchasable","18":"product-type-simple"},"acf":[],"yoast_head":"<!-- This site is optimized with the Yoast SEO plugin v27.3 - https:\/\/yoast.com\/product\/yoast-seo-wordpress\/ -->\n<title>CARINSKA VRIJEDNOST - PRIRU\u010cNIK, Grupa autora - Web-knji\u017eara<\/title>\n<meta name=\"robots\" content=\"index, follow, max-snippet:-1, max-image-preview:large, max-video-preview:-1\" \/>\n<link rel=\"canonical\" href=\"https:\/\/webknjizara.hr\/proizvod\/carinska-vrijednost-prirucnik-grupa-autora\/\" \/>\n<meta property=\"og:locale\" content=\"en_US\" \/>\n<meta property=\"og:type\" content=\"article\" \/>\n<meta property=\"og:title\" content=\"CARINSKA VRIJEDNOST - PRIRU\u010cNIK, Grupa autora - Web-knji\u017eara\" \/>\n<meta property=\"og:description\" content=\"Carinska vrijednost jedan je od temeljnih i najva\u017enijih instituta carinskog sustava, a njezin zna\u010daj proizlazi iz \u010dinjenice da se mehanizam carinske za\u0161tite temelji na carinskoj vrijednosti i stopama carine kao najva\u017enijim elementima utvr\u0111ivanja za\u0161tite. Kada se primjenjuje na\u010delo ad valorem carine, tj. carina prema vrijednosti robe, carinska vrijednost osnova je za pla\u0107anje carinskih i poreznih [&hellip;]\" \/>\n<meta property=\"og:url\" content=\"https:\/\/webknjizara.hr\/proizvod\/carinska-vrijednost-prirucnik-grupa-autora\/\" \/>\n<meta property=\"og:site_name\" content=\"Web-knji\u017eara\" \/>\n<meta property=\"og:image\" content=\"https:\/\/webknjizara.hr\/wp-content\/uploads\/2025\/03\/Branka_Tuden_Irena_Sculac_Dubravka_Balja_Anita_Cvitan_Carinska_vrijednost_\u2013_prirucnik_webknjizara_redak_WEB_1646.jpg\" \/>\n\t<meta property=\"og:image:width\" content=\"300\" \/>\n\t<meta property=\"og:image:height\" content=\"419\" \/>\n\t<meta property=\"og:image:type\" content=\"image\/jpeg\" \/>\n<meta name=\"twitter:card\" content=\"summary_large_image\" \/>\n<meta name=\"twitter:label1\" content=\"Est. reading time\" \/>\n\t<meta name=\"twitter:data1\" content=\"2 minutes\" \/>\n<script type=\"application\/ld+json\" class=\"yoast-schema-graph\">{\"@context\":\"https:\\\/\\\/schema.org\",\"@graph\":[{\"@type\":\"WebPage\",\"@id\":\"https:\\\/\\\/webknjizara.hr\\\/proizvod\\\/carinska-vrijednost-prirucnik-grupa-autora\\\/\",\"url\":\"https:\\\/\\\/webknjizara.hr\\\/proizvod\\\/carinska-vrijednost-prirucnik-grupa-autora\\\/\",\"name\":\"CARINSKA VRIJEDNOST - PRIRU\u010cNIK, Grupa autora - Web-knji\u017eara\",\"isPartOf\":{\"@id\":\"https:\\\/\\\/webknjizara.hr\\\/#website\"},\"primaryImageOfPage\":{\"@id\":\"https:\\\/\\\/webknjizara.hr\\\/proizvod\\\/carinska-vrijednost-prirucnik-grupa-autora\\\/#primaryimage\"},\"image\":{\"@id\":\"https:\\\/\\\/webknjizara.hr\\\/proizvod\\\/carinska-vrijednost-prirucnik-grupa-autora\\\/#primaryimage\"},\"thumbnailUrl\":\"https:\\\/\\\/webknjizara.hr\\\/wp-content\\\/uploads\\\/2025\\\/03\\\/Branka_Tuden_Irena_Sculac_Dubravka_Balja_Anita_Cvitan_Carinska_vrijednost_\u2013_prirucnik_webknjizara_redak_WEB_1646.jpg\",\"datePublished\":\"2025-03-17T15:10:22+00:00\",\"breadcrumb\":{\"@id\":\"https:\\\/\\\/webknjizara.hr\\\/proizvod\\\/carinska-vrijednost-prirucnik-grupa-autora\\\/#breadcrumb\"},\"inLanguage\":\"en-US\",\"potentialAction\":[{\"@type\":\"ReadAction\",\"target\":[\"https:\\\/\\\/webknjizara.hr\\\/proizvod\\\/carinska-vrijednost-prirucnik-grupa-autora\\\/\"]}]},{\"@type\":\"ImageObject\",\"inLanguage\":\"en-US\",\"@id\":\"https:\\\/\\\/webknjizara.hr\\\/proizvod\\\/carinska-vrijednost-prirucnik-grupa-autora\\\/#primaryimage\",\"url\":\"https:\\\/\\\/webknjizara.hr\\\/wp-content\\\/uploads\\\/2025\\\/03\\\/Branka_Tuden_Irena_Sculac_Dubravka_Balja_Anita_Cvitan_Carinska_vrijednost_\u2013_prirucnik_webknjizara_redak_WEB_1646.jpg\",\"contentUrl\":\"https:\\\/\\\/webknjizara.hr\\\/wp-content\\\/uploads\\\/2025\\\/03\\\/Branka_Tuden_Irena_Sculac_Dubravka_Balja_Anita_Cvitan_Carinska_vrijednost_\u2013_prirucnik_webknjizara_redak_WEB_1646.jpg\",\"width\":300,\"height\":419},{\"@type\":\"BreadcrumbList\",\"@id\":\"https:\\\/\\\/webknjizara.hr\\\/proizvod\\\/carinska-vrijednost-prirucnik-grupa-autora\\\/#breadcrumb\",\"itemListElement\":[{\"@type\":\"ListItem\",\"position\":1,\"name\":\"Po\u010detna stranica\",\"item\":\"https:\\\/\\\/webknjizara.hr\\\/en\\\/\"},{\"@type\":\"ListItem\",\"position\":2,\"name\":\"Shop\",\"item\":\"https:\\\/\\\/webknjizara.hr\\\/shop\\\/\"},{\"@type\":\"ListItem\",\"position\":3,\"name\":\"CARINSKA VRIJEDNOST &#8211; PRIRU\u010cNIK, Grupa autora\"}]},{\"@type\":\"WebSite\",\"@id\":\"https:\\\/\\\/webknjizara.hr\\\/#website\",\"url\":\"https:\\\/\\\/webknjizara.hr\\\/\",\"name\":\"Web Knji\u017eara\",\"description\":\"\",\"publisher\":{\"@id\":\"https:\\\/\\\/webknjizara.hr\\\/#organization\"},\"potentialAction\":[{\"@type\":\"SearchAction\",\"target\":{\"@type\":\"EntryPoint\",\"urlTemplate\":\"https:\\\/\\\/webknjizara.hr\\\/?s={search_term_string}\"},\"query-input\":{\"@type\":\"PropertyValueSpecification\",\"valueRequired\":true,\"valueName\":\"search_term_string\"}}],\"inLanguage\":\"en-US\"},{\"@type\":\"Organization\",\"@id\":\"https:\\\/\\\/webknjizara.hr\\\/#organization\",\"name\":\"REDAK D.O.O.\",\"url\":\"https:\\\/\\\/webknjizara.hr\\\/\",\"logo\":{\"@type\":\"ImageObject\",\"inLanguage\":\"en-US\",\"@id\":\"https:\\\/\\\/webknjizara.hr\\\/#\\\/schema\\\/logo\\\/image\\\/\",\"url\":\"https:\\\/\\\/webknjizara.hr\\\/wp-content\\\/uploads\\\/2023\\\/01\\\/web-knjizara-logo.webp\",\"contentUrl\":\"https:\\\/\\\/webknjizara.hr\\\/wp-content\\\/uploads\\\/2023\\\/01\\\/web-knjizara-logo.webp\",\"width\":324,\"height\":79,\"caption\":\"REDAK D.O.O.\"},\"image\":{\"@id\":\"https:\\\/\\\/webknjizara.hr\\\/#\\\/schema\\\/logo\\\/image\\\/\"}}]}<\/script>\n<!-- \/ Yoast SEO plugin. -->","yoast_head_json":{"title":"CARINSKA VRIJEDNOST - PRIRU\u010cNIK, Grupa autora - Web-knji\u017eara","robots":{"index":"index","follow":"follow","max-snippet":"max-snippet:-1","max-image-preview":"max-image-preview:large","max-video-preview":"max-video-preview:-1"},"canonical":"https:\/\/webknjizara.hr\/proizvod\/carinska-vrijednost-prirucnik-grupa-autora\/","og_locale":"en_US","og_type":"article","og_title":"CARINSKA VRIJEDNOST - PRIRU\u010cNIK, Grupa autora - Web-knji\u017eara","og_description":"Carinska vrijednost jedan je od temeljnih i najva\u017enijih instituta carinskog sustava, a njezin zna\u010daj proizlazi iz \u010dinjenice da se mehanizam carinske za\u0161tite temelji na carinskoj vrijednosti i stopama carine kao najva\u017enijim elementima utvr\u0111ivanja za\u0161tite. Kada se primjenjuje na\u010delo ad valorem carine, tj. carina prema vrijednosti robe, carinska vrijednost osnova je za pla\u0107anje carinskih i poreznih [&hellip;]","og_url":"https:\/\/webknjizara.hr\/proizvod\/carinska-vrijednost-prirucnik-grupa-autora\/","og_site_name":"Web-knji\u017eara","og_image":[{"width":300,"height":419,"url":"https:\/\/webknjizara.hr\/wp-content\/uploads\/2025\/03\/Branka_Tuden_Irena_Sculac_Dubravka_Balja_Anita_Cvitan_Carinska_vrijednost_\u2013_prirucnik_webknjizara_redak_WEB_1646.jpg","type":"image\/jpeg"}],"twitter_card":"summary_large_image","twitter_misc":{"Est. reading time":"2 minutes"},"schema":{"@context":"https:\/\/schema.org","@graph":[{"@type":"WebPage","@id":"https:\/\/webknjizara.hr\/proizvod\/carinska-vrijednost-prirucnik-grupa-autora\/","url":"https:\/\/webknjizara.hr\/proizvod\/carinska-vrijednost-prirucnik-grupa-autora\/","name":"CARINSKA VRIJEDNOST - PRIRU\u010cNIK, Grupa autora - Web-knji\u017eara","isPartOf":{"@id":"https:\/\/webknjizara.hr\/#website"},"primaryImageOfPage":{"@id":"https:\/\/webknjizara.hr\/proizvod\/carinska-vrijednost-prirucnik-grupa-autora\/#primaryimage"},"image":{"@id":"https:\/\/webknjizara.hr\/proizvod\/carinska-vrijednost-prirucnik-grupa-autora\/#primaryimage"},"thumbnailUrl":"https:\/\/webknjizara.hr\/wp-content\/uploads\/2025\/03\/Branka_Tuden_Irena_Sculac_Dubravka_Balja_Anita_Cvitan_Carinska_vrijednost_\u2013_prirucnik_webknjizara_redak_WEB_1646.jpg","datePublished":"2025-03-17T15:10:22+00:00","breadcrumb":{"@id":"https:\/\/webknjizara.hr\/proizvod\/carinska-vrijednost-prirucnik-grupa-autora\/#breadcrumb"},"inLanguage":"en-US","potentialAction":[{"@type":"ReadAction","target":["https:\/\/webknjizara.hr\/proizvod\/carinska-vrijednost-prirucnik-grupa-autora\/"]}]},{"@type":"ImageObject","inLanguage":"en-US","@id":"https:\/\/webknjizara.hr\/proizvod\/carinska-vrijednost-prirucnik-grupa-autora\/#primaryimage","url":"https:\/\/webknjizara.hr\/wp-content\/uploads\/2025\/03\/Branka_Tuden_Irena_Sculac_Dubravka_Balja_Anita_Cvitan_Carinska_vrijednost_\u2013_prirucnik_webknjizara_redak_WEB_1646.jpg","contentUrl":"https:\/\/webknjizara.hr\/wp-content\/uploads\/2025\/03\/Branka_Tuden_Irena_Sculac_Dubravka_Balja_Anita_Cvitan_Carinska_vrijednost_\u2013_prirucnik_webknjizara_redak_WEB_1646.jpg","width":300,"height":419},{"@type":"BreadcrumbList","@id":"https:\/\/webknjizara.hr\/proizvod\/carinska-vrijednost-prirucnik-grupa-autora\/#breadcrumb","itemListElement":[{"@type":"ListItem","position":1,"name":"Po\u010detna stranica","item":"https:\/\/webknjizara.hr\/en\/"},{"@type":"ListItem","position":2,"name":"Shop","item":"https:\/\/webknjizara.hr\/shop\/"},{"@type":"ListItem","position":3,"name":"CARINSKA VRIJEDNOST &#8211; PRIRU\u010cNIK, Grupa autora"}]},{"@type":"WebSite","@id":"https:\/\/webknjizara.hr\/#website","url":"https:\/\/webknjizara.hr\/","name":"Web Knji\u017eara","description":"","publisher":{"@id":"https:\/\/webknjizara.hr\/#organization"},"potentialAction":[{"@type":"SearchAction","target":{"@type":"EntryPoint","urlTemplate":"https:\/\/webknjizara.hr\/?s={search_term_string}"},"query-input":{"@type":"PropertyValueSpecification","valueRequired":true,"valueName":"search_term_string"}}],"inLanguage":"en-US"},{"@type":"Organization","@id":"https:\/\/webknjizara.hr\/#organization","name":"REDAK D.O.O.","url":"https:\/\/webknjizara.hr\/","logo":{"@type":"ImageObject","inLanguage":"en-US","@id":"https:\/\/webknjizara.hr\/#\/schema\/logo\/image\/","url":"https:\/\/webknjizara.hr\/wp-content\/uploads\/2023\/01\/web-knjizara-logo.webp","contentUrl":"https:\/\/webknjizara.hr\/wp-content\/uploads\/2023\/01\/web-knjizara-logo.webp","width":324,"height":79,"caption":"REDAK D.O.O."},"image":{"@id":"https:\/\/webknjizara.hr\/#\/schema\/logo\/image\/"}}]}},"_links":{"self":[{"href":"https:\/\/webknjizara.hr\/en\/wp-json\/wp\/v2\/product\/18916","targetHints":{"allow":["GET"]}}],"collection":[{"href":"https:\/\/webknjizara.hr\/en\/wp-json\/wp\/v2\/product"}],"about":[{"href":"https:\/\/webknjizara.hr\/en\/wp-json\/wp\/v2\/types\/product"}],"replies":[{"embeddable":true,"href":"https:\/\/webknjizara.hr\/en\/wp-json\/wp\/v2\/comments?post=18916"}],"wp:featuredmedia":[{"embeddable":true,"href":"https:\/\/webknjizara.hr\/en\/wp-json\/wp\/v2\/media\/18918"}],"wp:attachment":[{"href":"https:\/\/webknjizara.hr\/en\/wp-json\/wp\/v2\/media?parent=18916"}],"wp:term":[{"taxonomy":"product_brand","embeddable":true,"href":"https:\/\/webknjizara.hr\/en\/wp-json\/wp\/v2\/product_brand?post=18916"},{"taxonomy":"product_cat","embeddable":true,"href":"https:\/\/webknjizara.hr\/en\/wp-json\/wp\/v2\/product_cat?post=18916"},{"taxonomy":"product_tag","embeddable":true,"href":"https:\/\/webknjizara.hr\/en\/wp-json\/wp\/v2\/product_tag?post=18916"}],"curies":[{"name":"wp","href":"https:\/\/api.w.org\/{rel}","templated":true}]}}