{"id":18900,"date":"2025-03-14T13:11:01","date_gmt":"2025-03-14T12:11:01","guid":{"rendered":"https:\/\/webknjizara.hr\/?post_type=product&#038;p=18900"},"modified":"2025-03-14T13:11:43","modified_gmt":"2025-03-14T12:11:43","slug":"nakon-nistavila-nikolina-sirotic","status":"publish","type":"product","link":"https:\/\/webknjizara.hr\/en\/proizvod\/nakon-nistavila-nikolina-sirotic\/","title":{"rendered":"NAKON NI\u0160TAVILA, Nikolina Siroti\u0107"},"content":{"rendered":"<p><span style=\"font-family: Arial, sans-serif;\"><span lang=\"hr-HR\"><b>Bilje\u0161ka o autorici: <\/b><\/span><\/span><\/p>\n<p><span style=\"font-size: medium;\"><span lang=\"es-ES\">Nikolina Siroti\u0107 je ro\u0111ena 2. rujna 1998. godine u Rijeci. <\/span><\/span><span style=\"font-size: medium;\"><span lang=\"it-IT\">\u017divi i stvara u Pazinu. Prvu knjigu \u201eSnaga ljubavi\u201c objavila je 2018. godine, a sljede\u0107u \u201eMudrosti mladosti\u201c 2021. godine. <\/span><\/span><\/p>\n<p>&nbsp;<\/p>\n<p><strong><span style=\"font-family: Arial, sans-serif;\"><span lang=\"hr-HR\">Naslov: <\/span><\/span><\/strong><strong><span style=\"font-family: Arial, sans-serif;\">Nakon ni\u0161tavila<\/span><\/strong><span style=\"font-family: Arial, sans-serif;\"><span lang=\"hr-HR\"><br \/>\n<\/span><\/span><strong><span style=\"font-family: Arial, sans-serif;\"><span lang=\"hr-HR\">Autorica:<\/span><\/span><\/strong> <span style=\"font-family: Arial, sans-serif;\">Nikolina Siroti\u0107<\/span><span style=\"font-family: Arial, sans-serif;\"><span lang=\"hr-HR\"><br \/>\n<\/span><\/span><strong><span style=\"font-family: Arial, sans-serif;\"><span lang=\"hr-HR\">Broj stranica: <\/span><\/span><\/strong><span style=\"font-family: Arial, sans-serif;\"><span lang=\"\">88<\/span><\/span><span style=\"font-family: Arial, sans-serif;\"><span lang=\"hr-HR\"><br \/>\n<\/span><\/span><strong><span style=\"font-family: Arial, sans-serif;\"><span lang=\"hr-HR\">Nakladnik: <\/span><\/span><\/strong><strong><span style=\"font-family: Arial, sans-serif;\">REDAK<\/span><\/strong><span style=\"font-family: Arial, sans-serif;\"><span lang=\"hr-HR\"><br \/>\n<\/span><\/span><strong><span style=\"font-family: Arial, sans-serif;\"><span lang=\"hr-HR\">Godina izdanja: <\/span><\/span><\/strong><strong><span style=\"font-family: Arial, sans-serif;\">2025.<\/span><\/strong><strong><span style=\"font-family: Arial, sans-serif;\"><span lang=\"hr-HR\"><br \/>\n<\/span><\/span><\/strong><strong><span style=\"font-family: Arial, sans-serif;\"><span lang=\"hr-HR\">ISBN:<\/span><\/span><\/strong> <span style=\"font-family: Arial, sans-serif;\">978-953-395-055-6<\/span><span style=\"font-family: Arial, sans-serif;\"><span lang=\"hr-HR\"><br \/>\n<\/span><\/span><strong><span style=\"font-family: Arial, sans-serif;\"><span lang=\"hr-HR\">Tisak:<\/span><\/span><\/strong><span style=\"font-family: Arial, sans-serif;\"><span lang=\"hr-HR\"> digitalni tisak knjiga &#8211; print na zahtjev<\/span><\/span><\/p>\n","protected":false},"excerpt":{"rendered":"<p>Bilje\u0161ka o autorici: Nikolina Siroti\u0107 je ro\u0111ena 2. rujna 1998. godine u Rijeci. \u017divi i stvara u Pazinu. Prvu knjigu \u201eSnaga ljubavi\u201c objavila je 2018. godine, a sljede\u0107u \u201eMudrosti mladosti\u201c 2021. godine. &nbsp; Naslov: Nakon ni\u0161tavila Autorica: Nikolina Siroti\u0107 Broj stranica: 88 Nakladnik: REDAK Godina izdanja: 2025. ISBN: 978-953-395-055-6 Tisak: digitalni tisak knjiga &#8211; print [&hellip;]<\/p>\n","protected":false},"featured_media":18901,"comment_status":"open","ping_status":"closed","template":"","meta":{"_acf_changed":false},"product_brand":[],"product_cat":[2601,1607],"product_tag":[],"class_list":{"0":"post-18900","1":"product","2":"type-product","3":"status-publish","4":"has-post-thumbnail","6":"product_cat-kratke-price","7":"product_cat-proza","8":"pa_autor-nikolina-sirotic","9":"pa_nakladnik-redak","11":"first","12":"instock","13":"shipping-taxable","14":"purchasable","15":"product-type-simple"},"acf":[],"yoast_head":"<!-- This site is optimized with the Yoast SEO plugin v27.3 - https:\/\/yoast.com\/product\/yoast-seo-wordpress\/ -->\n<title>NAKON NI\u0160TAVILA, Nikolina Siroti\u0107 - Web-knji\u017eara<\/title>\n<meta name=\"robots\" content=\"index, follow, max-snippet:-1, max-image-preview:large, max-video-preview:-1\" \/>\n<link rel=\"canonical\" href=\"https:\/\/webknjizara.hr\/proizvod\/nakon-nistavila-nikolina-sirotic\/\" \/>\n<meta property=\"og:locale\" content=\"en_US\" \/>\n<meta property=\"og:type\" content=\"article\" \/>\n<meta property=\"og:title\" content=\"NAKON NI\u0160TAVILA, Nikolina Siroti\u0107 - Web-knji\u017eara\" \/>\n<meta property=\"og:description\" content=\"Bilje\u0161ka o autorici: Nikolina Siroti\u0107 je ro\u0111ena 2. rujna 1998. godine u Rijeci. \u017divi i stvara u Pazinu. Prvu knjigu \u201eSnaga ljubavi\u201c objavila je 2018. godine, a sljede\u0107u \u201eMudrosti mladosti\u201c 2021. godine. &nbsp; Naslov: Nakon ni\u0161tavila Autorica: Nikolina Siroti\u0107 Broj stranica: 88 Nakladnik: REDAK Godina izdanja: 2025. ISBN: 978-953-395-055-6 Tisak: digitalni tisak knjiga &#8211; print [&hellip;]\" \/>\n<meta property=\"og:url\" content=\"https:\/\/webknjizara.hr\/proizvod\/nakon-nistavila-nikolina-sirotic\/\" \/>\n<meta property=\"og:site_name\" content=\"Web-knji\u017eara\" \/>\n<meta property=\"article:modified_time\" content=\"2025-03-14T12:11:43+00:00\" \/>\n<meta property=\"og:image\" content=\"https:\/\/webknjizara.hr\/wp-content\/uploads\/2025\/03\/Nikolina_Sirotic_Nakon_nistavila_webknjizara_redak_WEB_1665.jpg\" \/>\n\t<meta property=\"og:image:width\" content=\"300\" \/>\n\t<meta property=\"og:image:height\" content=\"419\" \/>\n\t<meta property=\"og:image:type\" content=\"image\/jpeg\" \/>\n<meta name=\"twitter:card\" content=\"summary_large_image\" \/>\n<meta name=\"twitter:label1\" content=\"Est. reading time\" \/>\n\t<meta name=\"twitter:data1\" content=\"1 minute\" \/>\n<script type=\"application\/ld+json\" class=\"yoast-schema-graph\">{\"@context\":\"https:\\\/\\\/schema.org\",\"@graph\":[{\"@type\":\"WebPage\",\"@id\":\"https:\\\/\\\/webknjizara.hr\\\/proizvod\\\/nakon-nistavila-nikolina-sirotic\\\/\",\"url\":\"https:\\\/\\\/webknjizara.hr\\\/proizvod\\\/nakon-nistavila-nikolina-sirotic\\\/\",\"name\":\"NAKON NI\u0160TAVILA, Nikolina Siroti\u0107 - Web-knji\u017eara\",\"isPartOf\":{\"@id\":\"https:\\\/\\\/webknjizara.hr\\\/#website\"},\"primaryImageOfPage\":{\"@id\":\"https:\\\/\\\/webknjizara.hr\\\/proizvod\\\/nakon-nistavila-nikolina-sirotic\\\/#primaryimage\"},\"image\":{\"@id\":\"https:\\\/\\\/webknjizara.hr\\\/proizvod\\\/nakon-nistavila-nikolina-sirotic\\\/#primaryimage\"},\"thumbnailUrl\":\"https:\\\/\\\/webknjizara.hr\\\/wp-content\\\/uploads\\\/2025\\\/03\\\/Nikolina_Sirotic_Nakon_nistavila_webknjizara_redak_WEB_1665.jpg\",\"datePublished\":\"2025-03-14T12:11:01+00:00\",\"dateModified\":\"2025-03-14T12:11:43+00:00\",\"breadcrumb\":{\"@id\":\"https:\\\/\\\/webknjizara.hr\\\/proizvod\\\/nakon-nistavila-nikolina-sirotic\\\/#breadcrumb\"},\"inLanguage\":\"en-US\",\"potentialAction\":[{\"@type\":\"ReadAction\",\"target\":[\"https:\\\/\\\/webknjizara.hr\\\/proizvod\\\/nakon-nistavila-nikolina-sirotic\\\/\"]}]},{\"@type\":\"ImageObject\",\"inLanguage\":\"en-US\",\"@id\":\"https:\\\/\\\/webknjizara.hr\\\/proizvod\\\/nakon-nistavila-nikolina-sirotic\\\/#primaryimage\",\"url\":\"https:\\\/\\\/webknjizara.hr\\\/wp-content\\\/uploads\\\/2025\\\/03\\\/Nikolina_Sirotic_Nakon_nistavila_webknjizara_redak_WEB_1665.jpg\",\"contentUrl\":\"https:\\\/\\\/webknjizara.hr\\\/wp-content\\\/uploads\\\/2025\\\/03\\\/Nikolina_Sirotic_Nakon_nistavila_webknjizara_redak_WEB_1665.jpg\",\"width\":300,\"height\":419},{\"@type\":\"BreadcrumbList\",\"@id\":\"https:\\\/\\\/webknjizara.hr\\\/proizvod\\\/nakon-nistavila-nikolina-sirotic\\\/#breadcrumb\",\"itemListElement\":[{\"@type\":\"ListItem\",\"position\":1,\"name\":\"Po\u010detna stranica\",\"item\":\"https:\\\/\\\/webknjizara.hr\\\/en\\\/\"},{\"@type\":\"ListItem\",\"position\":2,\"name\":\"Shop\",\"item\":\"https:\\\/\\\/webknjizara.hr\\\/shop\\\/\"},{\"@type\":\"ListItem\",\"position\":3,\"name\":\"NAKON NI\u0160TAVILA, Nikolina Siroti\u0107\"}]},{\"@type\":\"WebSite\",\"@id\":\"https:\\\/\\\/webknjizara.hr\\\/#website\",\"url\":\"https:\\\/\\\/webknjizara.hr\\\/\",\"name\":\"Web Knji\u017eara\",\"description\":\"\",\"publisher\":{\"@id\":\"https:\\\/\\\/webknjizara.hr\\\/#organization\"},\"potentialAction\":[{\"@type\":\"SearchAction\",\"target\":{\"@type\":\"EntryPoint\",\"urlTemplate\":\"https:\\\/\\\/webknjizara.hr\\\/?s={search_term_string}\"},\"query-input\":{\"@type\":\"PropertyValueSpecification\",\"valueRequired\":true,\"valueName\":\"search_term_string\"}}],\"inLanguage\":\"en-US\"},{\"@type\":\"Organization\",\"@id\":\"https:\\\/\\\/webknjizara.hr\\\/#organization\",\"name\":\"REDAK D.O.O.\",\"url\":\"https:\\\/\\\/webknjizara.hr\\\/\",\"logo\":{\"@type\":\"ImageObject\",\"inLanguage\":\"en-US\",\"@id\":\"https:\\\/\\\/webknjizara.hr\\\/#\\\/schema\\\/logo\\\/image\\\/\",\"url\":\"https:\\\/\\\/webknjizara.hr\\\/wp-content\\\/uploads\\\/2023\\\/01\\\/web-knjizara-logo.webp\",\"contentUrl\":\"https:\\\/\\\/webknjizara.hr\\\/wp-content\\\/uploads\\\/2023\\\/01\\\/web-knjizara-logo.webp\",\"width\":324,\"height\":79,\"caption\":\"REDAK D.O.O.\"},\"image\":{\"@id\":\"https:\\\/\\\/webknjizara.hr\\\/#\\\/schema\\\/logo\\\/image\\\/\"}}]}<\/script>\n<!-- \/ Yoast SEO plugin. -->","yoast_head_json":{"title":"NAKON NI\u0160TAVILA, Nikolina Siroti\u0107 - Web-knji\u017eara","robots":{"index":"index","follow":"follow","max-snippet":"max-snippet:-1","max-image-preview":"max-image-preview:large","max-video-preview":"max-video-preview:-1"},"canonical":"https:\/\/webknjizara.hr\/proizvod\/nakon-nistavila-nikolina-sirotic\/","og_locale":"en_US","og_type":"article","og_title":"NAKON NI\u0160TAVILA, Nikolina Siroti\u0107 - Web-knji\u017eara","og_description":"Bilje\u0161ka o autorici: Nikolina Siroti\u0107 je ro\u0111ena 2. rujna 1998. godine u Rijeci. \u017divi i stvara u Pazinu. Prvu knjigu \u201eSnaga ljubavi\u201c objavila je 2018. godine, a sljede\u0107u \u201eMudrosti mladosti\u201c 2021. godine. &nbsp; Naslov: Nakon ni\u0161tavila Autorica: Nikolina Siroti\u0107 Broj stranica: 88 Nakladnik: REDAK Godina izdanja: 2025. ISBN: 978-953-395-055-6 Tisak: digitalni tisak knjiga &#8211; print [&hellip;]","og_url":"https:\/\/webknjizara.hr\/proizvod\/nakon-nistavila-nikolina-sirotic\/","og_site_name":"Web-knji\u017eara","article_modified_time":"2025-03-14T12:11:43+00:00","og_image":[{"width":300,"height":419,"url":"https:\/\/webknjizara.hr\/wp-content\/uploads\/2025\/03\/Nikolina_Sirotic_Nakon_nistavila_webknjizara_redak_WEB_1665.jpg","type":"image\/jpeg"}],"twitter_card":"summary_large_image","twitter_misc":{"Est. reading time":"1 minute"},"schema":{"@context":"https:\/\/schema.org","@graph":[{"@type":"WebPage","@id":"https:\/\/webknjizara.hr\/proizvod\/nakon-nistavila-nikolina-sirotic\/","url":"https:\/\/webknjizara.hr\/proizvod\/nakon-nistavila-nikolina-sirotic\/","name":"NAKON NI\u0160TAVILA, Nikolina Siroti\u0107 - Web-knji\u017eara","isPartOf":{"@id":"https:\/\/webknjizara.hr\/#website"},"primaryImageOfPage":{"@id":"https:\/\/webknjizara.hr\/proizvod\/nakon-nistavila-nikolina-sirotic\/#primaryimage"},"image":{"@id":"https:\/\/webknjizara.hr\/proizvod\/nakon-nistavila-nikolina-sirotic\/#primaryimage"},"thumbnailUrl":"https:\/\/webknjizara.hr\/wp-content\/uploads\/2025\/03\/Nikolina_Sirotic_Nakon_nistavila_webknjizara_redak_WEB_1665.jpg","datePublished":"2025-03-14T12:11:01+00:00","dateModified":"2025-03-14T12:11:43+00:00","breadcrumb":{"@id":"https:\/\/webknjizara.hr\/proizvod\/nakon-nistavila-nikolina-sirotic\/#breadcrumb"},"inLanguage":"en-US","potentialAction":[{"@type":"ReadAction","target":["https:\/\/webknjizara.hr\/proizvod\/nakon-nistavila-nikolina-sirotic\/"]}]},{"@type":"ImageObject","inLanguage":"en-US","@id":"https:\/\/webknjizara.hr\/proizvod\/nakon-nistavila-nikolina-sirotic\/#primaryimage","url":"https:\/\/webknjizara.hr\/wp-content\/uploads\/2025\/03\/Nikolina_Sirotic_Nakon_nistavila_webknjizara_redak_WEB_1665.jpg","contentUrl":"https:\/\/webknjizara.hr\/wp-content\/uploads\/2025\/03\/Nikolina_Sirotic_Nakon_nistavila_webknjizara_redak_WEB_1665.jpg","width":300,"height":419},{"@type":"BreadcrumbList","@id":"https:\/\/webknjizara.hr\/proizvod\/nakon-nistavila-nikolina-sirotic\/#breadcrumb","itemListElement":[{"@type":"ListItem","position":1,"name":"Po\u010detna stranica","item":"https:\/\/webknjizara.hr\/en\/"},{"@type":"ListItem","position":2,"name":"Shop","item":"https:\/\/webknjizara.hr\/shop\/"},{"@type":"ListItem","position":3,"name":"NAKON NI\u0160TAVILA, Nikolina Siroti\u0107"}]},{"@type":"WebSite","@id":"https:\/\/webknjizara.hr\/#website","url":"https:\/\/webknjizara.hr\/","name":"Web Knji\u017eara","description":"","publisher":{"@id":"https:\/\/webknjizara.hr\/#organization"},"potentialAction":[{"@type":"SearchAction","target":{"@type":"EntryPoint","urlTemplate":"https:\/\/webknjizara.hr\/?s={search_term_string}"},"query-input":{"@type":"PropertyValueSpecification","valueRequired":true,"valueName":"search_term_string"}}],"inLanguage":"en-US"},{"@type":"Organization","@id":"https:\/\/webknjizara.hr\/#organization","name":"REDAK D.O.O.","url":"https:\/\/webknjizara.hr\/","logo":{"@type":"ImageObject","inLanguage":"en-US","@id":"https:\/\/webknjizara.hr\/#\/schema\/logo\/image\/","url":"https:\/\/webknjizara.hr\/wp-content\/uploads\/2023\/01\/web-knjizara-logo.webp","contentUrl":"https:\/\/webknjizara.hr\/wp-content\/uploads\/2023\/01\/web-knjizara-logo.webp","width":324,"height":79,"caption":"REDAK D.O.O."},"image":{"@id":"https:\/\/webknjizara.hr\/#\/schema\/logo\/image\/"}}]}},"_links":{"self":[{"href":"https:\/\/webknjizara.hr\/en\/wp-json\/wp\/v2\/product\/18900","targetHints":{"allow":["GET"]}}],"collection":[{"href":"https:\/\/webknjizara.hr\/en\/wp-json\/wp\/v2\/product"}],"about":[{"href":"https:\/\/webknjizara.hr\/en\/wp-json\/wp\/v2\/types\/product"}],"replies":[{"embeddable":true,"href":"https:\/\/webknjizara.hr\/en\/wp-json\/wp\/v2\/comments?post=18900"}],"wp:featuredmedia":[{"embeddable":true,"href":"https:\/\/webknjizara.hr\/en\/wp-json\/wp\/v2\/media\/18901"}],"wp:attachment":[{"href":"https:\/\/webknjizara.hr\/en\/wp-json\/wp\/v2\/media?parent=18900"}],"wp:term":[{"taxonomy":"product_brand","embeddable":true,"href":"https:\/\/webknjizara.hr\/en\/wp-json\/wp\/v2\/product_brand?post=18900"},{"taxonomy":"product_cat","embeddable":true,"href":"https:\/\/webknjizara.hr\/en\/wp-json\/wp\/v2\/product_cat?post=18900"},{"taxonomy":"product_tag","embeddable":true,"href":"https:\/\/webknjizara.hr\/en\/wp-json\/wp\/v2\/product_tag?post=18900"}],"curies":[{"name":"wp","href":"https:\/\/api.w.org\/{rel}","templated":true}]}}