{"id":18874,"date":"2025-03-11T14:24:27","date_gmt":"2025-03-11T13:24:27","guid":{"rendered":"https:\/\/webknjizara.hr\/?post_type=product&#038;p=18874"},"modified":"2025-03-11T14:24:27","modified_gmt":"2025-03-11T13:24:27","slug":"primjena-operacijskih-istrazivanja-u-pomorstvu-tatjana-stanivuk-i-goran-kovacevic","status":"publish","type":"product","link":"https:\/\/webknjizara.hr\/en\/proizvod\/primjena-operacijskih-istrazivanja-u-pomorstvu-tatjana-stanivuk-i-goran-kovacevic\/","title":{"rendered":"PRIMJENA OPERACIJSKIH ISTRA\u017dIVANJA U POMORSTVU, Tatjana Stanivuk i Goran Kova\u010devi\u0107"},"content":{"rendered":"<p lang=\"hr-HR\"><span style=\"color: #000000;\">Iako je ovaj ud\u017ebenik prvenstveno namijenjen studentima pomorskih fakulteta i obuhva\u0107a kompletan program predmeta Operacijska istra\u017eivanja, njegov sadr\u017eaj mo\u017ee biti od velike koristi i studentima drugih fakulteta te svima koji su zainteresirani za linearno programiranje i operacijska istra\u017eivanja. Poseban naglasak stavljen je na primjenu metoda u pomorstvu, \u0161to ga \u010dini jedinstvenim i dragocjenim resursom za sve koji se bave ili \u017eele baviti ovom strukom.<\/span><\/p>\n<p><span style=\"color: #000000;\"><span lang=\"hr-HR\">Svaka cjelina ud\u017ebenika zapo\u010dinje jasnim definiranjem osnovnih pojmova i najva\u017enijih \u010dinjenica, \u010dime se olak\u0161ava razumijevanje i rje\u0161avanje zadataka. Teorijski dio od velike je va\u017enosti za shva\u0107anje cjelina kao \u0161to su: <\/span><\/span><span style=\"color: #000000;\"><span lang=\"hr-HR\"><i>Vektori<\/i><\/span><\/span><span style=\"color: #000000;\"><span lang=\"hr-HR\">, <\/span><\/span><span style=\"color: #000000;\"><span lang=\"hr-HR\"><i>Bazna rje\u0161enja sustava linearnih jednad\u017ebi<\/i><\/span><\/span><span style=\"color: #000000;\"><span lang=\"hr-HR\">, <\/span><\/span><span style=\"color: #000000;\"><span lang=\"hr-HR\"><i>Osnove linearnog programiranja<\/i><\/span><\/span><span style=\"color: #000000;\"><span lang=\"hr-HR\">, <\/span><\/span><span style=\"color: #000000;\"><span lang=\"hr-HR\"><i>Simpleks metoda<\/i><\/span><\/span><span style=\"color: #000000;\"><span lang=\"hr-HR\">, <\/span><\/span><span style=\"color: #000000;\"><span lang=\"hr-HR\"><i>Problem transporta i distribucije<\/i><\/span><\/span><span style=\"color: #000000;\"><span lang=\"hr-HR\">, <\/span><\/span><span style=\"color: #000000;\"><span lang=\"hr-HR\"><i>Problem optimalne asignacije<\/i><\/span><\/span><span style=\"color: #000000;\"><span lang=\"hr-HR\"> i <\/span><\/span><span style=\"color: #000000;\"><span lang=\"hr-HR\"><i>Problem trgova\u010dkog putnika<\/i><\/span><\/span><span style=\"color: #000000;\"><span lang=\"hr-HR\">. Grafovi su pa\u017eljivo izra\u0111eni u Geogebri, dok su metode rje\u0161avanja problema detaljno opisane u brojnim rije\u0161enim primjerima. Na taj na\u010din \u010ditatelji mogu korak po korak pratiti postupak rje\u0161avanja i ste\u0107i duboko razumijevanje materije.<\/span><\/span><\/p>\n<p>&nbsp;<\/p>\n<p><span style=\"font-family: Arial, sans-serif;\"><span lang=\"hr-HR\"><b>Bilje\u0161ka o autorima: <\/b><\/span><\/span><\/p>\n<p><span style=\"color: #000000;\"><span lang=\"hr-HR\"><b>Prof. dr. sc. Tatjana Stanivuk<\/b><\/span><\/span><span style=\"color: #000000;\"><span lang=\"hr-HR\"> (MB znanstvenice 324390.) ro\u0111ena je u Splitu, Hrvatska, 22. 6. 1970., gdje je zavr\u0161ila osnovnu i srednju \u0161kolu \u201eMIOC\u201c, smjer matemati\u010dar \u2013 informati\u010dar. Sveu\u010dili\u0161te u Zagrebu PMF &#8211; Matemati\u010dki odjel (2001.) priznaje potpunu istovrijednost diplomi \u201eprof. matematike\u201c koju je stekla na PMF-u u Novom Sadu, Srbija. Akademski stupanj magistar znanosti (2009.) polje ekonomije, znanstvene grane kvantitativna ekonomija, a potom akademski stupanj doktor znanosti (2012.), polje ekonomije, grana ekonomska matematika i statistika stekla je na Ekonomskom fakultetu Sveu\u010dili\u0161ta u Splitu. U znanstveno-nastavno zvanje i na radno mjesto docent (2014.), pa izvanredni profesor (2018.), a zatim redoviti profesor (2023.), znanstveno podru\u010dje tehni\u010dkih znanosti, polje tehnologija prometa i transporta, izabrana je na Pomorskom fakultetu Sveu\u010dili\u0161ta u Splitu gdje i danas radi kao nositeljica kolegija: Matematika 1, Matematika 2, Matematika 3, Primijenjena matematika, Operacijska istra\u017eivanja, Statistika i Statisti\u010dke metode (na preddiplomskim i diplomskim razinama svih \u0161est studija). Ista je nositeljica kolegija Matemati\u010dke metode u pomorstvu na Poslijediplomskom sveu\u010dili\u0161nom studiju Tehnologije u pomorstvu na Pomorskom fakultetu Sveu\u010dili\u0161ta u Splitu. Profesorica Stanivuk je nositeljica kolegija Matematika pri Odjelu za studije mora Sveu\u010dili\u0161ta u Splitu. Vi\u0161e desetaka puta bila je mentorica studentima na diplomskim ili zavr\u0161nim radovima, objavila je vi\u0161e radova u koautorstvu sa studentima koji su pod njenim mentorstvom obranili zavr\u0161ni ili diplomski rad, te bila komentor doktorandu na doktorskom studiju Tehnologije u pomorstvu Pomorskog fakulteta Sveu\u010dili\u0161ta u Splitu. \u010clanica je Hrvatskog znanstvenog dru\u0161tva za promet (HZDP) od kojega je dobila vi\u0161e zahvalnica za vi\u0161egodi\u0161nji doprinos razvitku istoga te Hrvatskog dru\u0161tva za operacijska istra\u017eivanja (HDOI) i Hrvatskog matemati\u010dkog dru\u0161tva, a 2011. nominirana je od strane studenata, te ujedno i izabrana kao jedna od trinaest NajProfesora Sveu\u010dili\u0161ta u Splitu. Na Pomorskom fakultetu Sveu\u010dili\u0161ta u Splitu, ista je voditeljica Istra\u017eiva\u010dke skupina za primjenu matematike u multidisciplinarnoj pomorskoj znanosti.<\/span><\/span><\/p>\n<p><span style=\"color: #000000;\"><span lang=\"hr-HR\">Znanstveni interes prof. dr. sc. Tatjane Stanivuk usmjeren je na operacijska istra\u017eivanja te primjenu kvantitativnih i numeri\u010dkih metoda u modeliranju, optimiranju i simulacijama u podru\u010dju tehni\u010dkih znanosti, posebice prometnih sustava. Znanstvena prepoznatljivost iste ogleda se u izvornosti istra\u017eiva\u010dkog pristupa, aktualnosti istra\u017eivanih tematika te kriti\u010dnosti u analizi postoje\u0107ih znanstvenih i prakti\u010dnih spoznaja. Zahvaljuju\u0107i matemati\u010dkim, ekonomskim i tehni\u010dkim znanjima te kombiniraju\u0107i primjenljive znanstvene metode ista dolazi do va\u017enih zaklju\u010daka u tehnologiji prometa i transporta, posebice u pomorstvu i brodarstvu. Prof. Tatjana Stanivuk sudjelovala na vi\u0161e od 50 me\u0111unarodnih znanstvenih konferencija (na mnogima odr\u017eala pozvana predavanja, bila predsjedavaju\u0107a, a ujedno je i istaknuti \u010dlan mnogih programskih i znanstvenih odbora), objavila oko 100 znanstvenih radova (aktivni je \u010dlan mnogih me\u0111unarodnih znanstvenih \u010dasopisa) , sudjelovala je u razli\u010ditim projektima, a u koautorstvu dva sveu\u010dili\u0161na ud\u017ebenika, recenzirala je vi\u0161e \u010dlanaka u znanstvenim \u010dasopisima ili zbornicima radova sa znanstvenih skupova, te je aktivni sudionik u vi\u0161e znanstveno istra\u017eiva\u010dkih projekata. Ista je lokalni CEEPUS koordinator me\u0111usveu\u010dili\u0161ne suradnje unutar mre\u017ee &#8220;Research, Development and Education in Precision Machining &#8211; CIII-RS-0507&#8221; od 2018. pa do danas, a u okviru Erasmus+ programa za mobilnost nastavnog osoblja boravila je na mnogim Sveu\u010dili\u0161tima unutar i izvan Europske unije.<\/span><\/span><\/p>\n<p><span style=\"color: #000000;\"><span lang=\"hr-HR\"><b>Goran Kova\u010devi\u0107<\/b><\/span><\/span><span style=\"color: #000000;\"><span lang=\"hr-HR\"> ro\u0111en je u Splitu 1975. godine. Diplomirao je matematiku i fiziku na PMF-u u Splitu 2000. godine. Kratko vrijeme bio je zaposlen u splitskim osnovnim \u0161kolama Lu\u010dac i Mertojak te u \u0161koli Bol kao profesor matematike. Dulji period, od svibnja do studenog 2001. godine, je radio u srednjoj obrtni\u010dkoj \u0161koli u Splitu kao profesor fizike, optike i opti\u010dkih instrumenata. 2002. godine je polo\u017eio stru\u010dni ispit. <\/span><\/span><\/p>\n<p><span style=\"color: #000000;\"><span lang=\"hr-HR\">Od prosinca 2001. do rujna 2005. radio je kao vanjski suradnik-asistent prof. Toma\u0161evi\u0107a na kolegijima Matematika I, II i III na Visokoj pomorskoj \u0161koli u Splitu. U tom razdoblju dvije godine radio je i kao vanjski suradnik-asistent prof. Pa\u017eanina na kolegiju Matematika I na Kemijsko-tehnolo\u0161kom fakultetu u Splitu.<\/span><\/span><\/p>\n<p lang=\"hr-HR\"><span style=\"color: #000000;\">U rujnu 2005. primljen je na radno mjesto asistenta iz matematike na Pomorskom fakultetu u Splitu. Dr\u017eao je vje\u017ebe na kolegijima: Matematika I, II, III, IV, Statistika i Operacijska istra\u017eivanja. U srpnju 2011. zaposlen je kao predava\u010d na Pomorskom fakultetu u Splitu.<\/span><\/p>\n<p><span style=\"color: #000000;\"><span lang=\"hr-HR\">U zvanju predava\u010da na Pomorskom fakultetu je predavao preddiplomske kolegije Matematika I i II i diplomski kolegij Operacijska istra\u017eivanja. Dr\u017eao je i vje\u017ebe iz svih navedenih kolegija.<\/span><\/span><\/p>\n<p lang=\"hr-HR\"><span style=\"color: #000000;\">Od ak. godine 2015.\/16. do ak. godine 2019.\/20. predavao je preddiplomski kolegij Primijenjena matematika u navigaciji. Od ak. godine 2020.\/21. dr\u017ei vje\u017ebe na diplomskom kolegiju Primijenjena matematika. <\/span><\/p>\n<p lang=\"hr-HR\"><span style=\"color: #000000;\">U koautorstvu ili sam objavio je vi\u0161e znanstvenih ili stru\u010dnih radova.<\/span><\/p>\n<p><span style=\"color: #000000;\"><span lang=\"hr-HR\">Na platformu Merlin postavio je i uredno poslagao nastavne materijale za sve kolegije koje predaje. U nastavi i u nastavnim materijalima koristi aplikacije napravljene u Geogebri, Excelu (VBA programiranje) i MATLAB-u koje je sam izradio. Izradio je nastavne planove i programe za sve kolegije koje predaje. Vi\u0161e puta je bio mentor zavr\u0161nog rada i \u010dlan u Povjerenstvima za ocjenu i obranu zavr\u0161nih i diplomskih radova na Pomorskom fakultetu u Splitu.<\/span><\/span><\/p>\n<p lang=\"hr-HR\"><span style=\"color: #000000;\">2019. i 2024. je aktivno sudjelovao na Festivalu znanosti te na Europskoj no\u0107i istra\u017eiva\u010da 2023. godine.<\/span><\/p>\n<p><span style=\"color: #000000;\"><span lang=\"hr-HR\">Sudjelovao je i na nekoliko edukacija koje su se bavile nastavom u visokom \u0161kolstvu. <\/span><\/span><\/p>\n<p lang=\"hr-HR\"><span style=\"color: #000000;\">U radu na projektu &#8221;Maremathics \u2013 Innovative Approach in Mathematical Education for Maritime Students&#8221; sudjelovao je u izradi inovativnih nastavnih materijala s primjenom matematike u pomorstvu te recenzirao nastavne materijale profesora s drugih sveu\u010dili\u0161ta.<\/span><\/p>\n<p><span style=\"font-family: Arial, sans-serif;\"><span lang=\"hr-HR\"><b>E-mail: <\/b><\/span><\/span><a href=\"http:\/\/MAILTO:tstanivu@pfst.hr\" target=\"_blank\" rel=\"noopener\"><span style=\"color: #000000;\"><span lang=\"it-IT\"><span style=\"font-family: Arial, sans-serif;\"><span lang=\"hr-HR\">Tatjana Stanivuk<\/span><\/span><\/span><\/span><\/a><span style=\"color: #000000;\"><span lang=\"hr-HR\"> i\u00a0<\/span><\/span><a href=\"http:\/\/MAILTO:gkovacev@pfst.hr\" target=\"_blank\" rel=\"noopener\"><span style=\"color: #000000;\"><span style=\"font-family: Arial, sans-serif;\"><span lang=\"hr-HR\">Goran Kova\u010devi\u0107<\/span><\/span><\/span><\/a><\/p>\n<p>&nbsp;<\/p>\n<p><strong><span style=\"font-family: Arial, sans-serif;\"><span lang=\"hr-HR\">Naslov: <\/span><\/span><\/strong><strong><span style=\"font-family: Arial, sans-serif;\"><span lang=\"hr-HR\">Primjena operacijskih istra\u017eivanja u pomorstvu<\/span><\/span><\/strong><span style=\"font-family: Arial, sans-serif;\"><span lang=\"hr-HR\"><br \/>\n<\/span><\/span><strong><span style=\"font-family: Arial, sans-serif;\"><span lang=\"hr-HR\">Autori:<\/span><\/span><\/strong><span style=\"font-family: Arial, sans-serif;\"><span lang=\"hr-HR\"> Tatjana Stanivuk, Goran Kova\u010devi\u0107<br \/>\n<\/span><\/span><strong><span style=\"font-family: Arial, sans-serif;\"><span lang=\"hr-HR\">Broj stranica: <\/span><\/span><\/strong><span style=\"font-family: Arial, sans-serif;\"><span lang=\"hr-HR\">146<\/span><\/span><span style=\"font-family: Arial, sans-serif;\"><span lang=\"hr-HR\"><br \/>\n<\/span><\/span><strong><span style=\"font-family: Arial, sans-serif;\"><span lang=\"hr-HR\">Nakladnik: <\/span><\/span><\/strong><strong><span style=\"font-family: Arial, sans-serif;\"><span lang=\"hr-HR\">pomorski<\/span><\/span><\/strong><span style=\"font-family: Arial, sans-serif;\"><span lang=\"hr-HR\"><br \/>\n<\/span><\/span><strong><span style=\"font-family: Arial, sans-serif;\"><span lang=\"hr-HR\">Godina izdanja: 2025<\/span><\/span><\/strong><strong><span style=\"font-family: Arial, sans-serif;\"><span lang=\"hr-HR\">.<br \/>\n<\/span><\/span><\/strong><strong><span style=\"font-family: Arial, sans-serif;\"><span lang=\"hr-HR\">ISBN:<\/span><\/span><\/strong><span style=\"font-family: Arial, sans-serif;\"><span lang=\"hr-HR\"> 157&#215;220 mm<br \/>\n<\/span><\/span><strong><span style=\"font-family: Arial, sans-serif;\"><span lang=\"hr-HR\">Tisak:<\/span><\/span><\/strong><span style=\"font-family: Arial, sans-serif;\"><span lang=\"hr-HR\"> digitalni tisak knjiga &#8211; print na zahtjev<\/span><\/span><\/p>\n","protected":false},"excerpt":{"rendered":"<p>Iako je ovaj ud\u017ebenik prvenstveno namijenjen studentima pomorskih fakulteta i obuhva\u0107a kompletan program predmeta Operacijska istra\u017eivanja, njegov sadr\u017eaj mo\u017ee biti od velike koristi i studentima drugih fakulteta te svima koji su zainteresirani za linearno programiranje i operacijska istra\u017eivanja. Poseban naglasak stavljen je na primjenu metoda u pomorstvu, \u0161to ga \u010dini jedinstvenim i dragocjenim resursom za [&hellip;]<\/p>\n","protected":false},"featured_media":18875,"comment_status":"open","ping_status":"closed","template":"","meta":{"_acf_changed":false},"product_brand":[],"product_cat":[1527],"product_tag":[],"class_list":{"0":"post-18874","1":"product","2":"type-product","3":"status-publish","4":"has-post-thumbnail","6":"product_cat-sveucilisni-udzbenici","7":"pa_autor-goran-kovacevic","8":"pa_autor-tatjana-stanivuk","9":"pa_nakladnik-pomorski-fakultet-u-splitu","11":"first","12":"instock","13":"shipping-taxable","14":"purchasable","15":"product-type-simple"},"acf":[],"yoast_head":"<!-- This site is optimized with the Yoast SEO plugin v27.3 - https:\/\/yoast.com\/product\/yoast-seo-wordpress\/ -->\n<title>PRIMJENA OPERACIJSKIH ISTRA\u017dIVANJA U POMORSTVU, Tatjana Stanivuk i Goran Kova\u010devi\u0107 - Web-knji\u017eara<\/title>\n<meta name=\"robots\" content=\"index, follow, max-snippet:-1, max-image-preview:large, max-video-preview:-1\" \/>\n<link rel=\"canonical\" href=\"https:\/\/webknjizara.hr\/proizvod\/primjena-operacijskih-istrazivanja-u-pomorstvu-tatjana-stanivuk-i-goran-kovacevic\/\" \/>\n<meta property=\"og:locale\" content=\"en_US\" \/>\n<meta property=\"og:type\" content=\"article\" \/>\n<meta property=\"og:title\" content=\"PRIMJENA OPERACIJSKIH ISTRA\u017dIVANJA U POMORSTVU, Tatjana Stanivuk i Goran Kova\u010devi\u0107 - Web-knji\u017eara\" \/>\n<meta property=\"og:description\" content=\"Iako je ovaj ud\u017ebenik prvenstveno namijenjen studentima pomorskih fakulteta i obuhva\u0107a kompletan program predmeta Operacijska istra\u017eivanja, njegov sadr\u017eaj mo\u017ee biti od velike koristi i studentima drugih fakulteta te svima koji su zainteresirani za linearno programiranje i operacijska istra\u017eivanja. Poseban naglasak stavljen je na primjenu metoda u pomorstvu, \u0161to ga \u010dini jedinstvenim i dragocjenim resursom za [&hellip;]\" \/>\n<meta property=\"og:url\" content=\"https:\/\/webknjizara.hr\/proizvod\/primjena-operacijskih-istrazivanja-u-pomorstvu-tatjana-stanivuk-i-goran-kovacevic\/\" \/>\n<meta property=\"og:site_name\" content=\"Web-knji\u017eara\" \/>\n<meta property=\"og:image\" content=\"https:\/\/webknjizara.hr\/wp-content\/uploads\/2025\/03\/Tatjana_Stanivuk_Primjena_operacijskih_istrazivanja_u_pomorstvu_webknjizara_redak_WEB_1650.jpg\" \/>\n\t<meta property=\"og:image:width\" content=\"300\" \/>\n\t<meta property=\"og:image:height\" content=\"419\" \/>\n\t<meta property=\"og:image:type\" content=\"image\/jpeg\" \/>\n<meta name=\"twitter:card\" content=\"summary_large_image\" \/>\n<meta name=\"twitter:label1\" content=\"Est. reading time\" \/>\n\t<meta name=\"twitter:data1\" content=\"6 minutes\" \/>\n<script type=\"application\/ld+json\" class=\"yoast-schema-graph\">{\"@context\":\"https:\\\/\\\/schema.org\",\"@graph\":[{\"@type\":\"WebPage\",\"@id\":\"https:\\\/\\\/webknjizara.hr\\\/proizvod\\\/primjena-operacijskih-istrazivanja-u-pomorstvu-tatjana-stanivuk-i-goran-kovacevic\\\/\",\"url\":\"https:\\\/\\\/webknjizara.hr\\\/proizvod\\\/primjena-operacijskih-istrazivanja-u-pomorstvu-tatjana-stanivuk-i-goran-kovacevic\\\/\",\"name\":\"PRIMJENA OPERACIJSKIH ISTRA\u017dIVANJA U POMORSTVU, Tatjana Stanivuk i Goran Kova\u010devi\u0107 - Web-knji\u017eara\",\"isPartOf\":{\"@id\":\"https:\\\/\\\/webknjizara.hr\\\/#website\"},\"primaryImageOfPage\":{\"@id\":\"https:\\\/\\\/webknjizara.hr\\\/proizvod\\\/primjena-operacijskih-istrazivanja-u-pomorstvu-tatjana-stanivuk-i-goran-kovacevic\\\/#primaryimage\"},\"image\":{\"@id\":\"https:\\\/\\\/webknjizara.hr\\\/proizvod\\\/primjena-operacijskih-istrazivanja-u-pomorstvu-tatjana-stanivuk-i-goran-kovacevic\\\/#primaryimage\"},\"thumbnailUrl\":\"https:\\\/\\\/webknjizara.hr\\\/wp-content\\\/uploads\\\/2025\\\/03\\\/Tatjana_Stanivuk_Primjena_operacijskih_istrazivanja_u_pomorstvu_webknjizara_redak_WEB_1650.jpg\",\"datePublished\":\"2025-03-11T13:24:27+00:00\",\"breadcrumb\":{\"@id\":\"https:\\\/\\\/webknjizara.hr\\\/proizvod\\\/primjena-operacijskih-istrazivanja-u-pomorstvu-tatjana-stanivuk-i-goran-kovacevic\\\/#breadcrumb\"},\"inLanguage\":\"en-US\",\"potentialAction\":[{\"@type\":\"ReadAction\",\"target\":[\"https:\\\/\\\/webknjizara.hr\\\/proizvod\\\/primjena-operacijskih-istrazivanja-u-pomorstvu-tatjana-stanivuk-i-goran-kovacevic\\\/\"]}]},{\"@type\":\"ImageObject\",\"inLanguage\":\"en-US\",\"@id\":\"https:\\\/\\\/webknjizara.hr\\\/proizvod\\\/primjena-operacijskih-istrazivanja-u-pomorstvu-tatjana-stanivuk-i-goran-kovacevic\\\/#primaryimage\",\"url\":\"https:\\\/\\\/webknjizara.hr\\\/wp-content\\\/uploads\\\/2025\\\/03\\\/Tatjana_Stanivuk_Primjena_operacijskih_istrazivanja_u_pomorstvu_webknjizara_redak_WEB_1650.jpg\",\"contentUrl\":\"https:\\\/\\\/webknjizara.hr\\\/wp-content\\\/uploads\\\/2025\\\/03\\\/Tatjana_Stanivuk_Primjena_operacijskih_istrazivanja_u_pomorstvu_webknjizara_redak_WEB_1650.jpg\",\"width\":300,\"height\":419},{\"@type\":\"BreadcrumbList\",\"@id\":\"https:\\\/\\\/webknjizara.hr\\\/proizvod\\\/primjena-operacijskih-istrazivanja-u-pomorstvu-tatjana-stanivuk-i-goran-kovacevic\\\/#breadcrumb\",\"itemListElement\":[{\"@type\":\"ListItem\",\"position\":1,\"name\":\"Po\u010detna stranica\",\"item\":\"https:\\\/\\\/webknjizara.hr\\\/en\\\/\"},{\"@type\":\"ListItem\",\"position\":2,\"name\":\"Shop\",\"item\":\"https:\\\/\\\/webknjizara.hr\\\/shop\\\/\"},{\"@type\":\"ListItem\",\"position\":3,\"name\":\"PRIMJENA OPERACIJSKIH ISTRA\u017dIVANJA U POMORSTVU, Tatjana Stanivuk i Goran Kova\u010devi\u0107\"}]},{\"@type\":\"WebSite\",\"@id\":\"https:\\\/\\\/webknjizara.hr\\\/#website\",\"url\":\"https:\\\/\\\/webknjizara.hr\\\/\",\"name\":\"Web Knji\u017eara\",\"description\":\"\",\"publisher\":{\"@id\":\"https:\\\/\\\/webknjizara.hr\\\/#organization\"},\"potentialAction\":[{\"@type\":\"SearchAction\",\"target\":{\"@type\":\"EntryPoint\",\"urlTemplate\":\"https:\\\/\\\/webknjizara.hr\\\/?s={search_term_string}\"},\"query-input\":{\"@type\":\"PropertyValueSpecification\",\"valueRequired\":true,\"valueName\":\"search_term_string\"}}],\"inLanguage\":\"en-US\"},{\"@type\":\"Organization\",\"@id\":\"https:\\\/\\\/webknjizara.hr\\\/#organization\",\"name\":\"REDAK D.O.O.\",\"url\":\"https:\\\/\\\/webknjizara.hr\\\/\",\"logo\":{\"@type\":\"ImageObject\",\"inLanguage\":\"en-US\",\"@id\":\"https:\\\/\\\/webknjizara.hr\\\/#\\\/schema\\\/logo\\\/image\\\/\",\"url\":\"https:\\\/\\\/webknjizara.hr\\\/wp-content\\\/uploads\\\/2023\\\/01\\\/web-knjizara-logo.webp\",\"contentUrl\":\"https:\\\/\\\/webknjizara.hr\\\/wp-content\\\/uploads\\\/2023\\\/01\\\/web-knjizara-logo.webp\",\"width\":324,\"height\":79,\"caption\":\"REDAK D.O.O.\"},\"image\":{\"@id\":\"https:\\\/\\\/webknjizara.hr\\\/#\\\/schema\\\/logo\\\/image\\\/\"}}]}<\/script>\n<!-- \/ Yoast SEO plugin. -->","yoast_head_json":{"title":"PRIMJENA OPERACIJSKIH ISTRA\u017dIVANJA U POMORSTVU, Tatjana Stanivuk i Goran Kova\u010devi\u0107 - Web-knji\u017eara","robots":{"index":"index","follow":"follow","max-snippet":"max-snippet:-1","max-image-preview":"max-image-preview:large","max-video-preview":"max-video-preview:-1"},"canonical":"https:\/\/webknjizara.hr\/proizvod\/primjena-operacijskih-istrazivanja-u-pomorstvu-tatjana-stanivuk-i-goran-kovacevic\/","og_locale":"en_US","og_type":"article","og_title":"PRIMJENA OPERACIJSKIH ISTRA\u017dIVANJA U POMORSTVU, Tatjana Stanivuk i Goran Kova\u010devi\u0107 - Web-knji\u017eara","og_description":"Iako je ovaj ud\u017ebenik prvenstveno namijenjen studentima pomorskih fakulteta i obuhva\u0107a kompletan program predmeta Operacijska istra\u017eivanja, njegov sadr\u017eaj mo\u017ee biti od velike koristi i studentima drugih fakulteta te svima koji su zainteresirani za linearno programiranje i operacijska istra\u017eivanja. Poseban naglasak stavljen je na primjenu metoda u pomorstvu, \u0161to ga \u010dini jedinstvenim i dragocjenim resursom za [&hellip;]","og_url":"https:\/\/webknjizara.hr\/proizvod\/primjena-operacijskih-istrazivanja-u-pomorstvu-tatjana-stanivuk-i-goran-kovacevic\/","og_site_name":"Web-knji\u017eara","og_image":[{"width":300,"height":419,"url":"https:\/\/webknjizara.hr\/wp-content\/uploads\/2025\/03\/Tatjana_Stanivuk_Primjena_operacijskih_istrazivanja_u_pomorstvu_webknjizara_redak_WEB_1650.jpg","type":"image\/jpeg"}],"twitter_card":"summary_large_image","twitter_misc":{"Est. reading time":"6 minutes"},"schema":{"@context":"https:\/\/schema.org","@graph":[{"@type":"WebPage","@id":"https:\/\/webknjizara.hr\/proizvod\/primjena-operacijskih-istrazivanja-u-pomorstvu-tatjana-stanivuk-i-goran-kovacevic\/","url":"https:\/\/webknjizara.hr\/proizvod\/primjena-operacijskih-istrazivanja-u-pomorstvu-tatjana-stanivuk-i-goran-kovacevic\/","name":"PRIMJENA OPERACIJSKIH ISTRA\u017dIVANJA U POMORSTVU, Tatjana Stanivuk i Goran Kova\u010devi\u0107 - Web-knji\u017eara","isPartOf":{"@id":"https:\/\/webknjizara.hr\/#website"},"primaryImageOfPage":{"@id":"https:\/\/webknjizara.hr\/proizvod\/primjena-operacijskih-istrazivanja-u-pomorstvu-tatjana-stanivuk-i-goran-kovacevic\/#primaryimage"},"image":{"@id":"https:\/\/webknjizara.hr\/proizvod\/primjena-operacijskih-istrazivanja-u-pomorstvu-tatjana-stanivuk-i-goran-kovacevic\/#primaryimage"},"thumbnailUrl":"https:\/\/webknjizara.hr\/wp-content\/uploads\/2025\/03\/Tatjana_Stanivuk_Primjena_operacijskih_istrazivanja_u_pomorstvu_webknjizara_redak_WEB_1650.jpg","datePublished":"2025-03-11T13:24:27+00:00","breadcrumb":{"@id":"https:\/\/webknjizara.hr\/proizvod\/primjena-operacijskih-istrazivanja-u-pomorstvu-tatjana-stanivuk-i-goran-kovacevic\/#breadcrumb"},"inLanguage":"en-US","potentialAction":[{"@type":"ReadAction","target":["https:\/\/webknjizara.hr\/proizvod\/primjena-operacijskih-istrazivanja-u-pomorstvu-tatjana-stanivuk-i-goran-kovacevic\/"]}]},{"@type":"ImageObject","inLanguage":"en-US","@id":"https:\/\/webknjizara.hr\/proizvod\/primjena-operacijskih-istrazivanja-u-pomorstvu-tatjana-stanivuk-i-goran-kovacevic\/#primaryimage","url":"https:\/\/webknjizara.hr\/wp-content\/uploads\/2025\/03\/Tatjana_Stanivuk_Primjena_operacijskih_istrazivanja_u_pomorstvu_webknjizara_redak_WEB_1650.jpg","contentUrl":"https:\/\/webknjizara.hr\/wp-content\/uploads\/2025\/03\/Tatjana_Stanivuk_Primjena_operacijskih_istrazivanja_u_pomorstvu_webknjizara_redak_WEB_1650.jpg","width":300,"height":419},{"@type":"BreadcrumbList","@id":"https:\/\/webknjizara.hr\/proizvod\/primjena-operacijskih-istrazivanja-u-pomorstvu-tatjana-stanivuk-i-goran-kovacevic\/#breadcrumb","itemListElement":[{"@type":"ListItem","position":1,"name":"Po\u010detna stranica","item":"https:\/\/webknjizara.hr\/en\/"},{"@type":"ListItem","position":2,"name":"Shop","item":"https:\/\/webknjizara.hr\/shop\/"},{"@type":"ListItem","position":3,"name":"PRIMJENA OPERACIJSKIH ISTRA\u017dIVANJA U POMORSTVU, Tatjana Stanivuk i Goran Kova\u010devi\u0107"}]},{"@type":"WebSite","@id":"https:\/\/webknjizara.hr\/#website","url":"https:\/\/webknjizara.hr\/","name":"Web Knji\u017eara","description":"","publisher":{"@id":"https:\/\/webknjizara.hr\/#organization"},"potentialAction":[{"@type":"SearchAction","target":{"@type":"EntryPoint","urlTemplate":"https:\/\/webknjizara.hr\/?s={search_term_string}"},"query-input":{"@type":"PropertyValueSpecification","valueRequired":true,"valueName":"search_term_string"}}],"inLanguage":"en-US"},{"@type":"Organization","@id":"https:\/\/webknjizara.hr\/#organization","name":"REDAK D.O.O.","url":"https:\/\/webknjizara.hr\/","logo":{"@type":"ImageObject","inLanguage":"en-US","@id":"https:\/\/webknjizara.hr\/#\/schema\/logo\/image\/","url":"https:\/\/webknjizara.hr\/wp-content\/uploads\/2023\/01\/web-knjizara-logo.webp","contentUrl":"https:\/\/webknjizara.hr\/wp-content\/uploads\/2023\/01\/web-knjizara-logo.webp","width":324,"height":79,"caption":"REDAK D.O.O."},"image":{"@id":"https:\/\/webknjizara.hr\/#\/schema\/logo\/image\/"}}]}},"_links":{"self":[{"href":"https:\/\/webknjizara.hr\/en\/wp-json\/wp\/v2\/product\/18874","targetHints":{"allow":["GET"]}}],"collection":[{"href":"https:\/\/webknjizara.hr\/en\/wp-json\/wp\/v2\/product"}],"about":[{"href":"https:\/\/webknjizara.hr\/en\/wp-json\/wp\/v2\/types\/product"}],"replies":[{"embeddable":true,"href":"https:\/\/webknjizara.hr\/en\/wp-json\/wp\/v2\/comments?post=18874"}],"wp:featuredmedia":[{"embeddable":true,"href":"https:\/\/webknjizara.hr\/en\/wp-json\/wp\/v2\/media\/18875"}],"wp:attachment":[{"href":"https:\/\/webknjizara.hr\/en\/wp-json\/wp\/v2\/media?parent=18874"}],"wp:term":[{"taxonomy":"product_brand","embeddable":true,"href":"https:\/\/webknjizara.hr\/en\/wp-json\/wp\/v2\/product_brand?post=18874"},{"taxonomy":"product_cat","embeddable":true,"href":"https:\/\/webknjizara.hr\/en\/wp-json\/wp\/v2\/product_cat?post=18874"},{"taxonomy":"product_tag","embeddable":true,"href":"https:\/\/webknjizara.hr\/en\/wp-json\/wp\/v2\/product_tag?post=18874"}],"curies":[{"name":"wp","href":"https:\/\/api.w.org\/{rel}","templated":true}]}}