{"id":18848,"date":"2025-03-07T12:38:42","date_gmt":"2025-03-07T11:38:42","guid":{"rendered":"https:\/\/webknjizara.hr\/?post_type=product&#038;p=18848"},"modified":"2025-03-07T12:38:42","modified_gmt":"2025-03-07T11:38:42","slug":"moc-tisine-jelena-bencic","status":"publish","type":"product","link":"https:\/\/webknjizara.hr\/en\/proizvod\/moc-tisine-jelena-bencic\/","title":{"rendered":"MO\u0106 TI\u0160INE, Jelena Ben\u010di\u0107"},"content":{"rendered":"<p>Ella Hasel, urednica blogova Knji\u0161ki recenzeRAJ i SvojaITo\u010dka, napisala je nekoliko rije\u010di o knjizi:<\/p>\n<p>Znate&#8230; za \u017eivot, ili barem pre\u017eivljavanje, potrebna nam je svrha ili motiv, za kojim tragamo cijeloga \u017eivota. Ljudi, poput Vas koji ovo \u010ditate, prona\u0161li su je u knjigama, zbirkama pjesama i \u010ditanju. A prona\u0161la ju je i Jelena Ben\u010di\u0107, pi\u0161u\u0107i zbirku pjesama koju dr\u017eite u rukama.<\/p>\n<p>Mo\u0107 ti\u0161ine nije sasvim obi\u010dna zbirka pjesama. Nije tek jedna od onih koju uzmete, pro\u010ditate, ostavite na polici i vjerojatno zaboravite na nju. Zbirka Jelene Ben\u010di\u0107, zaista je posebno \u0161tivo koje mo\u017ee dotaknuti sve \u010ditatelje. Obra\u0111uju\u0107i razli\u010dite teme te pi\u0161u\u0107i pjesme svih vrsta, Jelena uspje\u0161no dopire do svakog svojeg \u010ditatelja. Probudit \u0107e vam sje\u0107anja, mo\u017eda otvoriti pokoju staru ranu, na trenutke vam natjerati suze na o\u010di, ali i izmamiti osmijeh na lice. Zbirci pristupite otvorenoga srca, jer ovo nije tek jedna od zbirki koja se pro\u010dita. Ovo je zbirka koja se \u017eivi. Ne pre\u017eivljava.<\/p>\n<p>Jer, ako mislite kako do sada niste prona\u0161li svrhu u svojemu \u017eivotu, kako \u010ditanje ili pisanje mo\u017eda nije jedan od Va\u0161ih motiva u \u017eivotu, budite spremni na to da \u0107e Vam ova knjiga izokrenuti sav svijet koji do sada poznajete i stvoriti neke nove temelje, postojanije i \u010dvr\u0161\u0107e od pro\u0161lih i postoje\u0107ih.<\/p>\n<p>Preporuka: Kruno \u0160afrani\u0107, urednik stranice Pisci i Knji\u017eevnost<\/p>\n<p>I u ovoj zbirci poezije uo\u010dit \u0107emo predivan i prepoznatljiv li\u010dki govor kojim se Jelena Ben\u010di\u0107 koristi. Taj govor i izri\u010daj, daju ovoj zbirci pjesama poseban \u0161arm i autenti\u010dnost. Jelena je cijeloga \u017eivota skupljala \u017eivotna iskustva i mudrosti. Prisjetila se i djetinjstva, opisala sela, krajolike. Ljubav prema njenom rodnom kraju, sve \u0107ete to na\u0107i u njenoj zbirci Mo\u0107 ti\u0161ine. Prikaz toga mo\u017eemo prona\u0107i u pjesmi <em>Mali gnjurac<\/em>:<\/p>\n<p><em>&#8220;Ja sam mali gnjurac<\/em><\/p>\n<p><em>uz obalu rijeke Gacke<\/em><\/p>\n<p><em>na kamenu u\u017eivam<\/em><\/p>\n<p><em>u ti\u0161inu magle se skrivam&#8221;<\/em><\/p>\n<p>Njene misli odvode nas na putovanje na koje smo pozvani da u\u017eivamo \u010ditaju\u0107i stihove, koji kao da ple\u0161u, imaju du\u0161u, imaju ono ne\u0161to u sebi, \u0161to nas tjera da knjigu ne ispustimo iz ruke. Jako lijep primjer toga mo\u017eemo prona\u0107i u pjesmi <em>U zanosu plesa<\/em>:<\/p>\n<p><em>&#8220;Slijedila sam tvoje korake<\/em><\/p>\n<p><em>predala se nevidljivoj strasti<\/em><\/p>\n<p><em>ovo je samo na\u0161a no\u0107<\/em><\/p>\n<p><em>ne\u0107e nam je nitko ukrasti.&#8221;<\/em><\/p>\n<p>U njenim motivima ostali pisci mogu prona\u0107i nadahnu\u0107e za svoje pisanje. Odli\u010dan je primjer kako izgraditi \u010dvrste temelje sa i bez rime, s puno i malo opisa, \u017eonglirati predivnim izri\u010dajem, napraviti predah i nastaviti niz stihova koji nam pri\u010daju svoju pri\u010du.<\/p>\n<p>Mo\u0107 ti\u0161ine zbirka je pjesama koju mogu \u010ditati svi uzrasti, dopire do \u010ditatelja i ostavlja trag. Moje iskrene preporuke.<\/p>\n<p>Ugodno \u010ditanje!<\/p>\n<p>&nbsp;<\/p>\n<p><span style=\"font-family: Arial, sans-serif;\"><span lang=\"hr-HR\"><b>Bilje\u0161ka o autorici: <\/b><\/span><\/span><\/p>\n<p>Jelena Ben\u010di\u0107 (r.Barkovi\u0107) ro\u0111ena je 27. velja\u010de 1964. godine u Oto\u010dcu. Osnovnu \u0161kolu zavr\u0161ila je u Lipovlju i \u0160vici, a srednju ekonomsku u Oto\u010dcu. Obavlja poslove ra\u010dunovodstva i financija u privatnoj ustanovi u Oto\u010dcu, a radi i u vlastitom obrtu za vo\u0111enje knjigovodstva. Volontira u nekoliko kulturnih i humanitarnih udruga na podru\u010dju grada Oto\u010dca. Jedna je od inicijatorica i najaktivnijih \u010dlanica Kulturne udruge za ba\u0161tinu i stvarala\u0161tvo Ba\u0161tinica sa sjedi\u0161tem u Oto\u010dcu. Udana je i majka dvoje odrasle djece. \u017divi sa suprugom u Prozoru.<\/p>\n<p>Od \u0161kolskih dana pi\u0161e kra\u0107u prozu i poeziju, ljubavnu, pejza\u017enu, domoljubnu i duhovnu. Svoje pjesme objavljuje redovito u godi\u0161njaku \u017eupe Oto\u010dac, <em>Vrilo<\/em>, potom i u \u010dasopisu gospi\u0107kog Ogranka Matice hrvatske <em>Li\u010dka revija<\/em>.<\/p>\n<p>Prve pri\u010de, ukupno 10, objavljuje s jo\u0161 devetero autora u zborniku <em>Oto\u010dki dekameron<\/em> u nakladi Katedre \u010cakavskog sabora pokrajine Gacke (2 sveska 2016. i 2017.) Tako\u0111er, svoje dvije pri\u010de objavljuje u zbirci pri\u010da grupe autora Zimske pri\u010de (Redak, Split, svibanj 2019.) To su <em>Miki\u010dina ljubav <\/em>i<em> \u017dandarska posla<\/em>, u Projektu iza proznih vrata, Tragovi u snijegu 2. dio, s kojom pri\u010dom je osvojila 2. mjesto.<\/p>\n<p>Izdala je samostalno dvije zbirke pjesama Cesta mog zavi\u010daja, nakladnik Redak, Split 2016. i druga zbirka pjesama Mom zavi\u010daju, u travnju 2020. nakladnik Redak, Split. Izdala je zbirku pri\u010da Pri\u010de iz Gacke u nakladni\u0161tvu KUBS Ba\u0161tinica iz Oto\u010dca.<\/p>\n<p>Sudjeluje u gotovo svim me\u0111unarodnim natje\u010dajima koje organizira FB grupa Pisci i Knji\u017eevnost i objavljuje svoje pjesme u zajedni\u010dkim zbirkama. Za te je pjesme Jelena pokupila mnoge pohvale i osvojila brojna priznanja. Projekt Gradovi od stihova: Ti\u0161ina pahulja, 2. dio, 2022., osvojila je drugo mjesto za pjesmu <em>Jedna suza<\/em>, Projekt Gradovi od stihova: Mo\u017eemo ma\u0161tati, 3. dio, drugo mjesto za pjesmu <em>U mjese\u010devu zagrljaju<\/em>, 27. srpnja 2022. Poezija zlatnih stihova: Ljetna \u010darolija, 6. dio, osvojila je 4. mjesto za pjesmu <em>Ljetna \u010darolija<\/em>, a u projektu Poezija zlatnih stihova: Zimska \u010darolija u gradu, 7.dio, 19. studenoga 2023. s pjesmom <em>Bo\u017ei\u0107 dolazi<\/em>, Jelena osvaja 1. mjesto za najbolju pjesmu s porukom.<\/p>\n<p>U dosada\u0161njem knji\u017eevnom opusu autorica se uglavnom opredjeljuje za zavi\u010dajnu tematiku. Negdje na marginama, na periferiji, obitava to zavi\u010dajno pjesni\u0161tvo, ali \u017eilavo i tvrdokorno. Podcijenjeno u startu, ne o\u010dekuju se od njega veliki poetski dosezi. No, Jelena je jedna od onih koji dose\u017eu do ciljane publike. Ona se ne razme\u0107e ni s \u010dime, ali pokazuje kako u poeziji tako i u prozi da dobro zna \u0161to pi\u0161e i za koga pi\u0161e.<\/p>\n<p>&nbsp;<\/p>\n<p><strong><span style=\"font-family: Arial, sans-serif;\"><span lang=\"hr-HR\">Naslov: <\/span><\/span><\/strong><strong><span style=\"font-family: Arial, sans-serif;\">Mo\u0107 ti\u0161ine<\/span><\/strong><span style=\"font-family: Arial, sans-serif;\"><span lang=\"hr-HR\"><br \/>\n<\/span><\/span><strong><span style=\"font-family: Arial, sans-serif;\"><span lang=\"hr-HR\">Autorica:<\/span><\/span><\/strong> <span style=\"font-family: Arial, sans-serif;\">Jelena Ben\u010di\u0107<\/span><span style=\"font-family: Arial, sans-serif;\"><span lang=\"hr-HR\"><br \/>\n<\/span><\/span><strong><span style=\"font-family: Arial, sans-serif;\"><span lang=\"hr-HR\">Broj stranica: <\/span><\/span><\/strong><span style=\"font-family: Arial, sans-serif;\"><span lang=\"\">76<\/span><\/span><span style=\"font-family: Arial, sans-serif;\"><span lang=\"hr-HR\"><br \/>\n<\/span><\/span><strong><span style=\"font-family: Arial, sans-serif;\"><span lang=\"hr-HR\">Nakladnik: <\/span><\/span><\/strong><strong><span style=\"font-family: Arial, sans-serif;\">REDAK<\/span><\/strong><span style=\"font-family: Arial, sans-serif;\"><span lang=\"hr-HR\"><br \/>\n<\/span><\/span><strong><span style=\"font-family: Arial, sans-serif;\"><span lang=\"hr-HR\">Godina izdanja: <\/span><\/span><\/strong><strong><span style=\"font-family: Arial, sans-serif;\">2025.<\/span><\/strong><strong><span style=\"font-family: Arial, sans-serif;\"><span lang=\"hr-HR\"><br \/>\n<\/span><\/span><\/strong><strong><span style=\"font-family: Arial, sans-serif;\"><span lang=\"hr-HR\">ISBN:<\/span><\/span><\/strong> <span style=\"font-family: Arial, sans-serif;\">978-953-395-051-8<\/span><span style=\"font-family: Arial, sans-serif;\"><span lang=\"hr-HR\"><br \/>\n<\/span><\/span><strong><span style=\"font-family: Arial, sans-serif;\"><span lang=\"hr-HR\">Tisak:<\/span><\/span><\/strong><span style=\"font-family: Arial, sans-serif;\"><span lang=\"hr-HR\"> digitalni tisak knjiga &#8211; print na zahtjev<\/span><\/span><\/p>\n","protected":false},"excerpt":{"rendered":"<p>Ella Hasel, urednica blogova Knji\u0161ki recenzeRAJ i SvojaITo\u010dka, napisala je nekoliko rije\u010di o knjizi: Znate&#8230; za \u017eivot, ili barem pre\u017eivljavanje, potrebna nam je svrha ili motiv, za kojim tragamo cijeloga \u017eivota. Ljudi, poput Vas koji ovo \u010ditate, prona\u0161li su je u knjigama, zbirkama pjesama i \u010ditanju. A prona\u0161la ju je i Jelena Ben\u010di\u0107, pi\u0161u\u0107i zbirku [&hellip;]<\/p>\n","protected":false},"featured_media":18849,"comment_status":"open","ping_status":"closed","template":"","meta":{"_acf_changed":false},"product_brand":[],"product_cat":[1388],"product_tag":[],"class_list":{"0":"post-18848","1":"product","2":"type-product","3":"status-publish","4":"has-post-thumbnail","6":"product_cat-poezija","7":"pa_autor-jelena-bencic","8":"pa_nakladnik-redak","10":"first","11":"instock","12":"shipping-taxable","13":"purchasable","14":"product-type-simple"},"acf":[],"yoast_head":"<!-- This site is optimized with the Yoast SEO plugin v27.3 - https:\/\/yoast.com\/product\/yoast-seo-wordpress\/ -->\n<title>MO\u0106 TI\u0160INE, Jelena Ben\u010di\u0107 - Web-knji\u017eara<\/title>\n<meta name=\"robots\" content=\"index, follow, max-snippet:-1, max-image-preview:large, max-video-preview:-1\" \/>\n<link rel=\"canonical\" href=\"https:\/\/webknjizara.hr\/proizvod\/moc-tisine-jelena-bencic\/\" \/>\n<meta property=\"og:locale\" content=\"en_US\" \/>\n<meta property=\"og:type\" content=\"article\" \/>\n<meta property=\"og:title\" content=\"MO\u0106 TI\u0160INE, Jelena Ben\u010di\u0107 - Web-knji\u017eara\" \/>\n<meta property=\"og:description\" content=\"Ella Hasel, urednica blogova Knji\u0161ki recenzeRAJ i SvojaITo\u010dka, napisala je nekoliko rije\u010di o knjizi: Znate&#8230; za \u017eivot, ili barem pre\u017eivljavanje, potrebna nam je svrha ili motiv, za kojim tragamo cijeloga \u017eivota. Ljudi, poput Vas koji ovo \u010ditate, prona\u0161li su je u knjigama, zbirkama pjesama i \u010ditanju. A prona\u0161la ju je i Jelena Ben\u010di\u0107, pi\u0161u\u0107i zbirku [&hellip;]\" \/>\n<meta property=\"og:url\" content=\"https:\/\/webknjizara.hr\/proizvod\/moc-tisine-jelena-bencic\/\" \/>\n<meta property=\"og:site_name\" content=\"Web-knji\u017eara\" \/>\n<meta property=\"og:image\" content=\"https:\/\/webknjizara.hr\/wp-content\/uploads\/2025\/03\/Jelena_Bencic_Moc_tisine_webknjizara_redak_WEB_1662.jpg\" \/>\n\t<meta property=\"og:image:width\" content=\"300\" \/>\n\t<meta property=\"og:image:height\" content=\"419\" \/>\n\t<meta property=\"og:image:type\" content=\"image\/jpeg\" \/>\n<meta name=\"twitter:card\" content=\"summary_large_image\" \/>\n<meta name=\"twitter:label1\" content=\"Est. reading time\" \/>\n\t<meta name=\"twitter:data1\" content=\"5 minutes\" \/>\n<script type=\"application\/ld+json\" class=\"yoast-schema-graph\">{\"@context\":\"https:\\\/\\\/schema.org\",\"@graph\":[{\"@type\":\"WebPage\",\"@id\":\"https:\\\/\\\/webknjizara.hr\\\/proizvod\\\/moc-tisine-jelena-bencic\\\/\",\"url\":\"https:\\\/\\\/webknjizara.hr\\\/proizvod\\\/moc-tisine-jelena-bencic\\\/\",\"name\":\"MO\u0106 TI\u0160INE, Jelena Ben\u010di\u0107 - Web-knji\u017eara\",\"isPartOf\":{\"@id\":\"https:\\\/\\\/webknjizara.hr\\\/#website\"},\"primaryImageOfPage\":{\"@id\":\"https:\\\/\\\/webknjizara.hr\\\/proizvod\\\/moc-tisine-jelena-bencic\\\/#primaryimage\"},\"image\":{\"@id\":\"https:\\\/\\\/webknjizara.hr\\\/proizvod\\\/moc-tisine-jelena-bencic\\\/#primaryimage\"},\"thumbnailUrl\":\"https:\\\/\\\/webknjizara.hr\\\/wp-content\\\/uploads\\\/2025\\\/03\\\/Jelena_Bencic_Moc_tisine_webknjizara_redak_WEB_1662.jpg\",\"datePublished\":\"2025-03-07T11:38:42+00:00\",\"breadcrumb\":{\"@id\":\"https:\\\/\\\/webknjizara.hr\\\/proizvod\\\/moc-tisine-jelena-bencic\\\/#breadcrumb\"},\"inLanguage\":\"en-US\",\"potentialAction\":[{\"@type\":\"ReadAction\",\"target\":[\"https:\\\/\\\/webknjizara.hr\\\/proizvod\\\/moc-tisine-jelena-bencic\\\/\"]}]},{\"@type\":\"ImageObject\",\"inLanguage\":\"en-US\",\"@id\":\"https:\\\/\\\/webknjizara.hr\\\/proizvod\\\/moc-tisine-jelena-bencic\\\/#primaryimage\",\"url\":\"https:\\\/\\\/webknjizara.hr\\\/wp-content\\\/uploads\\\/2025\\\/03\\\/Jelena_Bencic_Moc_tisine_webknjizara_redak_WEB_1662.jpg\",\"contentUrl\":\"https:\\\/\\\/webknjizara.hr\\\/wp-content\\\/uploads\\\/2025\\\/03\\\/Jelena_Bencic_Moc_tisine_webknjizara_redak_WEB_1662.jpg\",\"width\":300,\"height\":419},{\"@type\":\"BreadcrumbList\",\"@id\":\"https:\\\/\\\/webknjizara.hr\\\/proizvod\\\/moc-tisine-jelena-bencic\\\/#breadcrumb\",\"itemListElement\":[{\"@type\":\"ListItem\",\"position\":1,\"name\":\"Po\u010detna stranica\",\"item\":\"https:\\\/\\\/webknjizara.hr\\\/en\\\/\"},{\"@type\":\"ListItem\",\"position\":2,\"name\":\"Shop\",\"item\":\"https:\\\/\\\/webknjizara.hr\\\/shop\\\/\"},{\"@type\":\"ListItem\",\"position\":3,\"name\":\"MO\u0106 TI\u0160INE, Jelena Ben\u010di\u0107\"}]},{\"@type\":\"WebSite\",\"@id\":\"https:\\\/\\\/webknjizara.hr\\\/#website\",\"url\":\"https:\\\/\\\/webknjizara.hr\\\/\",\"name\":\"Web Knji\u017eara\",\"description\":\"\",\"publisher\":{\"@id\":\"https:\\\/\\\/webknjizara.hr\\\/#organization\"},\"potentialAction\":[{\"@type\":\"SearchAction\",\"target\":{\"@type\":\"EntryPoint\",\"urlTemplate\":\"https:\\\/\\\/webknjizara.hr\\\/?s={search_term_string}\"},\"query-input\":{\"@type\":\"PropertyValueSpecification\",\"valueRequired\":true,\"valueName\":\"search_term_string\"}}],\"inLanguage\":\"en-US\"},{\"@type\":\"Organization\",\"@id\":\"https:\\\/\\\/webknjizara.hr\\\/#organization\",\"name\":\"REDAK D.O.O.\",\"url\":\"https:\\\/\\\/webknjizara.hr\\\/\",\"logo\":{\"@type\":\"ImageObject\",\"inLanguage\":\"en-US\",\"@id\":\"https:\\\/\\\/webknjizara.hr\\\/#\\\/schema\\\/logo\\\/image\\\/\",\"url\":\"https:\\\/\\\/webknjizara.hr\\\/wp-content\\\/uploads\\\/2023\\\/01\\\/web-knjizara-logo.webp\",\"contentUrl\":\"https:\\\/\\\/webknjizara.hr\\\/wp-content\\\/uploads\\\/2023\\\/01\\\/web-knjizara-logo.webp\",\"width\":324,\"height\":79,\"caption\":\"REDAK D.O.O.\"},\"image\":{\"@id\":\"https:\\\/\\\/webknjizara.hr\\\/#\\\/schema\\\/logo\\\/image\\\/\"}}]}<\/script>\n<!-- \/ Yoast SEO plugin. -->","yoast_head_json":{"title":"MO\u0106 TI\u0160INE, Jelena Ben\u010di\u0107 - Web-knji\u017eara","robots":{"index":"index","follow":"follow","max-snippet":"max-snippet:-1","max-image-preview":"max-image-preview:large","max-video-preview":"max-video-preview:-1"},"canonical":"https:\/\/webknjizara.hr\/proizvod\/moc-tisine-jelena-bencic\/","og_locale":"en_US","og_type":"article","og_title":"MO\u0106 TI\u0160INE, Jelena Ben\u010di\u0107 - Web-knji\u017eara","og_description":"Ella Hasel, urednica blogova Knji\u0161ki recenzeRAJ i SvojaITo\u010dka, napisala je nekoliko rije\u010di o knjizi: Znate&#8230; za \u017eivot, ili barem pre\u017eivljavanje, potrebna nam je svrha ili motiv, za kojim tragamo cijeloga \u017eivota. Ljudi, poput Vas koji ovo \u010ditate, prona\u0161li su je u knjigama, zbirkama pjesama i \u010ditanju. A prona\u0161la ju je i Jelena Ben\u010di\u0107, pi\u0161u\u0107i zbirku [&hellip;]","og_url":"https:\/\/webknjizara.hr\/proizvod\/moc-tisine-jelena-bencic\/","og_site_name":"Web-knji\u017eara","og_image":[{"width":300,"height":419,"url":"https:\/\/webknjizara.hr\/wp-content\/uploads\/2025\/03\/Jelena_Bencic_Moc_tisine_webknjizara_redak_WEB_1662.jpg","type":"image\/jpeg"}],"twitter_card":"summary_large_image","twitter_misc":{"Est. reading time":"5 minutes"},"schema":{"@context":"https:\/\/schema.org","@graph":[{"@type":"WebPage","@id":"https:\/\/webknjizara.hr\/proizvod\/moc-tisine-jelena-bencic\/","url":"https:\/\/webknjizara.hr\/proizvod\/moc-tisine-jelena-bencic\/","name":"MO\u0106 TI\u0160INE, Jelena Ben\u010di\u0107 - Web-knji\u017eara","isPartOf":{"@id":"https:\/\/webknjizara.hr\/#website"},"primaryImageOfPage":{"@id":"https:\/\/webknjizara.hr\/proizvod\/moc-tisine-jelena-bencic\/#primaryimage"},"image":{"@id":"https:\/\/webknjizara.hr\/proizvod\/moc-tisine-jelena-bencic\/#primaryimage"},"thumbnailUrl":"https:\/\/webknjizara.hr\/wp-content\/uploads\/2025\/03\/Jelena_Bencic_Moc_tisine_webknjizara_redak_WEB_1662.jpg","datePublished":"2025-03-07T11:38:42+00:00","breadcrumb":{"@id":"https:\/\/webknjizara.hr\/proizvod\/moc-tisine-jelena-bencic\/#breadcrumb"},"inLanguage":"en-US","potentialAction":[{"@type":"ReadAction","target":["https:\/\/webknjizara.hr\/proizvod\/moc-tisine-jelena-bencic\/"]}]},{"@type":"ImageObject","inLanguage":"en-US","@id":"https:\/\/webknjizara.hr\/proizvod\/moc-tisine-jelena-bencic\/#primaryimage","url":"https:\/\/webknjizara.hr\/wp-content\/uploads\/2025\/03\/Jelena_Bencic_Moc_tisine_webknjizara_redak_WEB_1662.jpg","contentUrl":"https:\/\/webknjizara.hr\/wp-content\/uploads\/2025\/03\/Jelena_Bencic_Moc_tisine_webknjizara_redak_WEB_1662.jpg","width":300,"height":419},{"@type":"BreadcrumbList","@id":"https:\/\/webknjizara.hr\/proizvod\/moc-tisine-jelena-bencic\/#breadcrumb","itemListElement":[{"@type":"ListItem","position":1,"name":"Po\u010detna stranica","item":"https:\/\/webknjizara.hr\/en\/"},{"@type":"ListItem","position":2,"name":"Shop","item":"https:\/\/webknjizara.hr\/shop\/"},{"@type":"ListItem","position":3,"name":"MO\u0106 TI\u0160INE, Jelena Ben\u010di\u0107"}]},{"@type":"WebSite","@id":"https:\/\/webknjizara.hr\/#website","url":"https:\/\/webknjizara.hr\/","name":"Web Knji\u017eara","description":"","publisher":{"@id":"https:\/\/webknjizara.hr\/#organization"},"potentialAction":[{"@type":"SearchAction","target":{"@type":"EntryPoint","urlTemplate":"https:\/\/webknjizara.hr\/?s={search_term_string}"},"query-input":{"@type":"PropertyValueSpecification","valueRequired":true,"valueName":"search_term_string"}}],"inLanguage":"en-US"},{"@type":"Organization","@id":"https:\/\/webknjizara.hr\/#organization","name":"REDAK D.O.O.","url":"https:\/\/webknjizara.hr\/","logo":{"@type":"ImageObject","inLanguage":"en-US","@id":"https:\/\/webknjizara.hr\/#\/schema\/logo\/image\/","url":"https:\/\/webknjizara.hr\/wp-content\/uploads\/2023\/01\/web-knjizara-logo.webp","contentUrl":"https:\/\/webknjizara.hr\/wp-content\/uploads\/2023\/01\/web-knjizara-logo.webp","width":324,"height":79,"caption":"REDAK D.O.O."},"image":{"@id":"https:\/\/webknjizara.hr\/#\/schema\/logo\/image\/"}}]}},"_links":{"self":[{"href":"https:\/\/webknjizara.hr\/en\/wp-json\/wp\/v2\/product\/18848","targetHints":{"allow":["GET"]}}],"collection":[{"href":"https:\/\/webknjizara.hr\/en\/wp-json\/wp\/v2\/product"}],"about":[{"href":"https:\/\/webknjizara.hr\/en\/wp-json\/wp\/v2\/types\/product"}],"replies":[{"embeddable":true,"href":"https:\/\/webknjizara.hr\/en\/wp-json\/wp\/v2\/comments?post=18848"}],"wp:featuredmedia":[{"embeddable":true,"href":"https:\/\/webknjizara.hr\/en\/wp-json\/wp\/v2\/media\/18849"}],"wp:attachment":[{"href":"https:\/\/webknjizara.hr\/en\/wp-json\/wp\/v2\/media?parent=18848"}],"wp:term":[{"taxonomy":"product_brand","embeddable":true,"href":"https:\/\/webknjizara.hr\/en\/wp-json\/wp\/v2\/product_brand?post=18848"},{"taxonomy":"product_cat","embeddable":true,"href":"https:\/\/webknjizara.hr\/en\/wp-json\/wp\/v2\/product_cat?post=18848"},{"taxonomy":"product_tag","embeddable":true,"href":"https:\/\/webknjizara.hr\/en\/wp-json\/wp\/v2\/product_tag?post=18848"}],"curies":[{"name":"wp","href":"https:\/\/api.w.org\/{rel}","templated":true}]}}