{"id":18835,"date":"2025-03-06T15:58:27","date_gmt":"2025-03-06T14:58:27","guid":{"rendered":"https:\/\/webknjizara.hr\/?post_type=product&#038;p=18835"},"modified":"2025-03-06T15:59:52","modified_gmt":"2025-03-06T14:59:52","slug":"tragovima-duse-nikica-anic","status":"publish","type":"product","link":"https:\/\/webknjizara.hr\/en\/proizvod\/tragovima-duse-nikica-anic\/","title":{"rendered":"TRAGOVIMA DU\u0160E, Nikica Ani\u0107"},"content":{"rendered":"<p align=\"JUSTIFY\"><span lang=\"hr-HR\"><b>KO\u010cIJA RIJE\u010cI \u0160TO PUTUJE KROZ NO\u0106<\/b><\/span><\/p>\n<p align=\"JUSTIFY\"><span lang=\"hr-HR\">Tekstovi Nikice Ani\u0107 vi\u0161estruko su zadani kontekstom unutar kojeg tiho di\u0161e sveobuhvatna metafora \u017eenstva, sa svom svojom pri\u010dom o oslobo\u0111enju, kozmi\u010dkom povjerenju, vra\u0107anju na ishodi\u0161te svega, povratku na vrutke ljubavi. Njen umjetni\u010dki senzibilitet sastoji se u sposobnosti uo\u010davanja i mapiranja onih sitnih detalja svakodnevnog \u017eivota, nekih davno izgovorenih rije\u010di, zaboravljenih dodira i mirisa, studentskih ulica, \u010dine\u0107i od prostora svojih zapisa poseban svijet, prebogat zna\u010denjima, zaokru\u017een, autenti\u010dan i mo\u0107an u svom knji\u017eevnom solilokviju. Ispod vanjskog okvira pjesme ili pri\u010de autorica uvijek donosi natruhe svoje osobne ispovijesti, bilo u obliku refleksivne balade ili razaraju\u0107e himni\u010dne granate, ba\u010dene odjednom i sna\u017eno na granicu koja dijeli stvarno i snovito, realno i distopijsko, tu\u017eno i radosno, <\/span><span lang=\"hr-HR\"><i>dok pohlepno ispija svaku minutu iz posude u koju je nato\u010den dan.<\/i><\/span><\/p>\n<p align=\"JUSTIFY\"><span lang=\"hr-HR\">U vremenima kad su nje\u017enost, naivnost i idealizam postali predmet svakodnevne poruge, kad su predrasude postale razlog zatomljivanju osje\u0107aja, kad je sveukupnost me\u0111uljudskih odnosa svedena na lajkove i emotikone, Nikica Ani\u0107 kao neka neposredna, srda\u010dna susjeda koja te uporno svaki dan zove na kavu, resetira i rastvara taj i takav svijet, svodi ga na to\u010dkasti osje\u0107aj bivstovanja, na me\u0111usobno povezani niz sugestivnih slika, donose\u0107i male pri\u010de o ljudskoj strasti i krhkosti. Donosi <\/span><span lang=\"hr-HR\"><i>ti\u0161inu neizvjesnosti, ovla\u0161ne dodire i onaj tren kad oko zaiskri, a pogled valja skrenuti u stranu.<\/i><\/span><\/p>\n<p align=\"JUSTIFY\"><span lang=\"hr-HR\">Knjiga Nikice Ani\u0107 nosi naziv &#8216;Tragovima du\u0161e&#8217; i sadr\u017ei dvadeset pjesama i \u010detiri prozna teksta. U njima Nikica nadahnuto progovara o pitanjima koja su duboko ukopana u \u017eivot na\u0161 svagda\u0161nji, o sudaru cijelog niza svjetova koji pro\u017eimaju jedan ljudski vijek, o \u017eenama u dominantno mu\u0161kom svijetu, o maj\u010dinstvu, pjesni\u0161tvu, odrastanju, pandemijama, ratovima. U tematskom smislu i vi\u0161e je nego jasno da je ova knjiga hommage ljepoti, \u010darobna posveta ljubavi. Ljubavi koja se ne uzvisuje, koja je senzualna, zaigrana i za\u010du\u0111ena, ona ukradena ljubav koja <\/span><span lang=\"hr-HR\"><i>sobu ko&#8217; mirisnu bundevu, pretvara u ko\u010diju \u0161to putuje kroz no\u0107.<\/i><\/span><\/p>\n<p align=\"JUSTIFY\"><span lang=\"hr-HR\">Snagom svog izbru\u0161enog autorskog izraza spisateljica te\u017ei otklonu od grube stvarnosti, sve one te\u017eine postojanja koja s vremenom mijenja \u010dovjekovu svijest, uporno tra\u017ee\u0107i ravnote\u017eu duha, biraju\u0107i zbli\u017eavanje umjesto otu\u0111enja. Sve ove motive Nikica transcendira u nadahnute introspektivne re\u010denice svoje tihe i melankoli\u010dne poezije, pretvara u svoj poseban i vrijedan prozni izraz. Pritom bri\u017eno pazi da ne izgubi sebe, svoj prebogati svijet snova i ideala koji su rezervirani <\/span><span lang=\"hr-HR\"><i>samo za hrabre, koji slijede neutabane pute, za one koji se ne boje, na nepravde ne \u0161ute.<\/i><\/span><\/p>\n<p align=\"JUSTIFY\"><span lang=\"hr-HR\">Stihove i prozu Nikice Ani\u0107 karakterizira meko\u0107a izraza, ispovjedna narativnost, lirska kratko\u0107a, prirodna ritmi\u010dnost govorne fraze i jasan jezik. Njene re\u010denice posjeduju svoju unutarnju dinamiku, svoju vlastitu metri\u010dku shemu i logi\u010dki slijed. Njen knji\u017eevni subjekt je sjetan, ali i vitalan, zvu\u010dan i postojan. Njen do\u017eivljaj svijeta, okupan nepatvorenim literarnim talentom (ali i onim sun\u010danim listopadskim banjama na \u010duvenoj dubrova\u010dkoj hotelskoj pla\u017ei), ovom knjigom pretvoren je u poseban i dojmljiv umjetni\u010dki izraz. Nikica Ani\u0107 je onaj ekvilibrist iz pjesme Arsena Dedi\u0107a, koji <\/span><span lang=\"hr-HR\"><i>\u017eivi od ravnote\u017ee i radi bez za\u0161titne mre\u017ee,<\/i><\/span> <span lang=\"hr-HR\"><i>bez novca i bez slave, oduvijek na toj skliskoj pisti, izme\u0111u sna i jave.<\/i><\/span><span lang=\"hr-HR\"> Jer za Nikicu je \u017eivot, a tako i knji\u017eevnost, prije svega pitanje \u010dasti.<\/span><\/p>\n<p lang=\"it-IT\" align=\"JUSTIFY\"><b>prof. Pavo Jan\u010di\u0107<\/b><\/p>\n<p>&nbsp;<\/p>\n<p><span style=\"font-family: Arial, sans-serif;\"><span lang=\"hr-HR\"><b>Bilje\u0161ka o autorici: <\/b><\/span><\/span><\/p>\n<p><span style=\"color: #000000;\"><span lang=\"hr-HR\">Ro\u0111ena u Dubrovniku gdje je zavr\u0161ila osnovnu i srednju \u0161kolu. Diplomirala na Filozofskom fakultetu u Zagrebu engleski i talijanski jezik i knji\u017eevnost. Radila u Zagrebu na sveu\u010dili\u0161tu VERN, a trenuta\u010dno je zaposlena kao profesorica engleskog i talijanskog jezika u Gimnaziji Dubrovnik.<\/span><\/span><\/p>\n<p><span style=\"color: #000000;\"><span lang=\"hr-HR\">Pisanjem se bavi ve\u0107i dio \u017eivota jer kako one ka\u017ee: \u201eRije\u010d je moj medij.\u201c Do sada je objavljivala na svojoj Facebook stranici \u201eNina&#8217;s chest \u2013 \u0161krinja\u201c.<\/span><\/span><\/p>\n<p>&nbsp;<\/p>\n<p><strong><span style=\"font-family: Arial, sans-serif;\"><span lang=\"hr-HR\">Naslov: <\/span><\/span><\/strong><strong><span style=\"font-family: Arial, sans-serif;\">Tragovima du\u0161e<\/span><\/strong><span style=\"font-family: Arial, sans-serif;\"><span lang=\"hr-HR\"><br \/>\n<\/span><\/span><strong><span style=\"font-family: Arial, sans-serif;\"><span lang=\"hr-HR\">Autor\/autorica:<\/span><\/span><\/strong> <span style=\"font-family: Arial, sans-serif;\">Nikica Ani\u0107<\/span><span style=\"font-family: Arial, sans-serif;\"><span lang=\"hr-HR\"><br \/>\n<\/span><\/span><strong><span style=\"font-family: Arial, sans-serif;\"><span lang=\"hr-HR\">Broj stranica: <\/span><\/span><\/strong><span style=\"font-family: Arial, sans-serif;\"><span lang=\"\">44<\/span><\/span><span style=\"font-family: Arial, sans-serif;\"><span lang=\"hr-HR\"><br \/>\n<\/span><\/span><strong><span style=\"font-family: Arial, sans-serif;\"><span lang=\"hr-HR\">Nakladnik: <\/span><\/span><\/strong><strong><span style=\"font-family: Arial, sans-serif;\">REDAK<\/span><\/strong><span style=\"font-family: Arial, sans-serif;\"><span lang=\"hr-HR\"><br \/>\n<\/span><\/span><strong><span style=\"font-family: Arial, sans-serif;\"><span lang=\"hr-HR\">Godina izdanja: <\/span><\/span><\/strong><strong><span style=\"font-family: Arial, sans-serif;\">2025.<\/span><\/strong><strong><span style=\"font-family: Arial, sans-serif;\"><span lang=\"hr-HR\"><br \/>\n<\/span><\/span><\/strong><strong><span style=\"font-family: Arial, sans-serif;\">ISBN:<\/span><\/strong><span style=\"font-family: Arial, sans-serif;\"> 978-953-395-046-4<br \/>\n<\/span><strong><span style=\"font-family: Arial, sans-serif;\">Tisak:<\/span><\/strong><span style=\"font-family: Arial, sans-serif;\"> digitalni tisak knjiga &#8211; print na zahtjev<\/span><\/p>\n","protected":false},"excerpt":{"rendered":"<p>KO\u010cIJA RIJE\u010cI \u0160TO PUTUJE KROZ NO\u0106 Tekstovi Nikice Ani\u0107 vi\u0161estruko su zadani kontekstom unutar kojeg tiho di\u0161e sveobuhvatna metafora \u017eenstva, sa svom svojom pri\u010dom o oslobo\u0111enju, kozmi\u010dkom povjerenju, vra\u0107anju na ishodi\u0161te svega, povratku na vrutke ljubavi. Njen umjetni\u010dki senzibilitet sastoji se u sposobnosti uo\u010davanja i mapiranja onih sitnih detalja svakodnevnog \u017eivota, nekih davno izgovorenih rije\u010di, [&hellip;]<\/p>\n","protected":false},"featured_media":18836,"comment_status":"open","ping_status":"closed","template":"","meta":{"_acf_changed":false},"product_brand":[],"product_cat":[1388],"product_tag":[],"class_list":{"0":"post-18835","1":"product","2":"type-product","3":"status-publish","4":"has-post-thumbnail","6":"product_cat-poezija","7":"pa_autor-nikica-anic","8":"pa_nakladnik-redak","10":"first","11":"instock","12":"shipping-taxable","13":"purchasable","14":"product-type-simple"},"acf":[],"yoast_head":"<!-- This site is optimized with the Yoast SEO plugin v27.3 - https:\/\/yoast.com\/product\/yoast-seo-wordpress\/ -->\n<title>TRAGOVIMA DU\u0160E, Nikica Ani\u0107 - Web-knji\u017eara<\/title>\n<meta name=\"robots\" content=\"index, follow, max-snippet:-1, max-image-preview:large, max-video-preview:-1\" \/>\n<link rel=\"canonical\" href=\"https:\/\/webknjizara.hr\/proizvod\/tragovima-duse-nikica-anic\/\" \/>\n<meta property=\"og:locale\" content=\"en_US\" \/>\n<meta property=\"og:type\" content=\"article\" \/>\n<meta property=\"og:title\" content=\"TRAGOVIMA DU\u0160E, Nikica Ani\u0107 - Web-knji\u017eara\" \/>\n<meta property=\"og:description\" content=\"KO\u010cIJA RIJE\u010cI \u0160TO PUTUJE KROZ NO\u0106 Tekstovi Nikice Ani\u0107 vi\u0161estruko su zadani kontekstom unutar kojeg tiho di\u0161e sveobuhvatna metafora \u017eenstva, sa svom svojom pri\u010dom o oslobo\u0111enju, kozmi\u010dkom povjerenju, vra\u0107anju na ishodi\u0161te svega, povratku na vrutke ljubavi. Njen umjetni\u010dki senzibilitet sastoji se u sposobnosti uo\u010davanja i mapiranja onih sitnih detalja svakodnevnog \u017eivota, nekih davno izgovorenih rije\u010di, [&hellip;]\" \/>\n<meta property=\"og:url\" content=\"https:\/\/webknjizara.hr\/proizvod\/tragovima-duse-nikica-anic\/\" \/>\n<meta property=\"og:site_name\" content=\"Web-knji\u017eara\" \/>\n<meta property=\"article:modified_time\" content=\"2025-03-06T14:59:52+00:00\" \/>\n<meta property=\"og:image\" content=\"https:\/\/webknjizara.hr\/wp-content\/uploads\/2025\/03\/Nikica_Anic_Tragovima_duse_webknjizara_redak_WEB_1657.jpg\" \/>\n\t<meta property=\"og:image:width\" content=\"300\" \/>\n\t<meta property=\"og:image:height\" content=\"419\" \/>\n\t<meta property=\"og:image:type\" content=\"image\/jpeg\" \/>\n<meta name=\"twitter:card\" content=\"summary_large_image\" \/>\n<meta name=\"twitter:label1\" content=\"Est. reading time\" \/>\n\t<meta name=\"twitter:data1\" content=\"4 minutes\" \/>\n<script type=\"application\/ld+json\" class=\"yoast-schema-graph\">{\"@context\":\"https:\\\/\\\/schema.org\",\"@graph\":[{\"@type\":\"WebPage\",\"@id\":\"https:\\\/\\\/webknjizara.hr\\\/proizvod\\\/tragovima-duse-nikica-anic\\\/\",\"url\":\"https:\\\/\\\/webknjizara.hr\\\/proizvod\\\/tragovima-duse-nikica-anic\\\/\",\"name\":\"TRAGOVIMA DU\u0160E, Nikica Ani\u0107 - Web-knji\u017eara\",\"isPartOf\":{\"@id\":\"https:\\\/\\\/webknjizara.hr\\\/#website\"},\"primaryImageOfPage\":{\"@id\":\"https:\\\/\\\/webknjizara.hr\\\/proizvod\\\/tragovima-duse-nikica-anic\\\/#primaryimage\"},\"image\":{\"@id\":\"https:\\\/\\\/webknjizara.hr\\\/proizvod\\\/tragovima-duse-nikica-anic\\\/#primaryimage\"},\"thumbnailUrl\":\"https:\\\/\\\/webknjizara.hr\\\/wp-content\\\/uploads\\\/2025\\\/03\\\/Nikica_Anic_Tragovima_duse_webknjizara_redak_WEB_1657.jpg\",\"datePublished\":\"2025-03-06T14:58:27+00:00\",\"dateModified\":\"2025-03-06T14:59:52+00:00\",\"breadcrumb\":{\"@id\":\"https:\\\/\\\/webknjizara.hr\\\/proizvod\\\/tragovima-duse-nikica-anic\\\/#breadcrumb\"},\"inLanguage\":\"en-US\",\"potentialAction\":[{\"@type\":\"ReadAction\",\"target\":[\"https:\\\/\\\/webknjizara.hr\\\/proizvod\\\/tragovima-duse-nikica-anic\\\/\"]}]},{\"@type\":\"ImageObject\",\"inLanguage\":\"en-US\",\"@id\":\"https:\\\/\\\/webknjizara.hr\\\/proizvod\\\/tragovima-duse-nikica-anic\\\/#primaryimage\",\"url\":\"https:\\\/\\\/webknjizara.hr\\\/wp-content\\\/uploads\\\/2025\\\/03\\\/Nikica_Anic_Tragovima_duse_webknjizara_redak_WEB_1657.jpg\",\"contentUrl\":\"https:\\\/\\\/webknjizara.hr\\\/wp-content\\\/uploads\\\/2025\\\/03\\\/Nikica_Anic_Tragovima_duse_webknjizara_redak_WEB_1657.jpg\",\"width\":300,\"height\":419},{\"@type\":\"BreadcrumbList\",\"@id\":\"https:\\\/\\\/webknjizara.hr\\\/proizvod\\\/tragovima-duse-nikica-anic\\\/#breadcrumb\",\"itemListElement\":[{\"@type\":\"ListItem\",\"position\":1,\"name\":\"Po\u010detna stranica\",\"item\":\"https:\\\/\\\/webknjizara.hr\\\/en\\\/\"},{\"@type\":\"ListItem\",\"position\":2,\"name\":\"Shop\",\"item\":\"https:\\\/\\\/webknjizara.hr\\\/shop\\\/\"},{\"@type\":\"ListItem\",\"position\":3,\"name\":\"TRAGOVIMA DU\u0160E, Nikica Ani\u0107\"}]},{\"@type\":\"WebSite\",\"@id\":\"https:\\\/\\\/webknjizara.hr\\\/#website\",\"url\":\"https:\\\/\\\/webknjizara.hr\\\/\",\"name\":\"Web Knji\u017eara\",\"description\":\"\",\"publisher\":{\"@id\":\"https:\\\/\\\/webknjizara.hr\\\/#organization\"},\"potentialAction\":[{\"@type\":\"SearchAction\",\"target\":{\"@type\":\"EntryPoint\",\"urlTemplate\":\"https:\\\/\\\/webknjizara.hr\\\/?s={search_term_string}\"},\"query-input\":{\"@type\":\"PropertyValueSpecification\",\"valueRequired\":true,\"valueName\":\"search_term_string\"}}],\"inLanguage\":\"en-US\"},{\"@type\":\"Organization\",\"@id\":\"https:\\\/\\\/webknjizara.hr\\\/#organization\",\"name\":\"REDAK D.O.O.\",\"url\":\"https:\\\/\\\/webknjizara.hr\\\/\",\"logo\":{\"@type\":\"ImageObject\",\"inLanguage\":\"en-US\",\"@id\":\"https:\\\/\\\/webknjizara.hr\\\/#\\\/schema\\\/logo\\\/image\\\/\",\"url\":\"https:\\\/\\\/webknjizara.hr\\\/wp-content\\\/uploads\\\/2023\\\/01\\\/web-knjizara-logo.webp\",\"contentUrl\":\"https:\\\/\\\/webknjizara.hr\\\/wp-content\\\/uploads\\\/2023\\\/01\\\/web-knjizara-logo.webp\",\"width\":324,\"height\":79,\"caption\":\"REDAK D.O.O.\"},\"image\":{\"@id\":\"https:\\\/\\\/webknjizara.hr\\\/#\\\/schema\\\/logo\\\/image\\\/\"}}]}<\/script>\n<!-- \/ Yoast SEO plugin. -->","yoast_head_json":{"title":"TRAGOVIMA DU\u0160E, Nikica Ani\u0107 - Web-knji\u017eara","robots":{"index":"index","follow":"follow","max-snippet":"max-snippet:-1","max-image-preview":"max-image-preview:large","max-video-preview":"max-video-preview:-1"},"canonical":"https:\/\/webknjizara.hr\/proizvod\/tragovima-duse-nikica-anic\/","og_locale":"en_US","og_type":"article","og_title":"TRAGOVIMA DU\u0160E, Nikica Ani\u0107 - Web-knji\u017eara","og_description":"KO\u010cIJA RIJE\u010cI \u0160TO PUTUJE KROZ NO\u0106 Tekstovi Nikice Ani\u0107 vi\u0161estruko su zadani kontekstom unutar kojeg tiho di\u0161e sveobuhvatna metafora \u017eenstva, sa svom svojom pri\u010dom o oslobo\u0111enju, kozmi\u010dkom povjerenju, vra\u0107anju na ishodi\u0161te svega, povratku na vrutke ljubavi. Njen umjetni\u010dki senzibilitet sastoji se u sposobnosti uo\u010davanja i mapiranja onih sitnih detalja svakodnevnog \u017eivota, nekih davno izgovorenih rije\u010di, [&hellip;]","og_url":"https:\/\/webknjizara.hr\/proizvod\/tragovima-duse-nikica-anic\/","og_site_name":"Web-knji\u017eara","article_modified_time":"2025-03-06T14:59:52+00:00","og_image":[{"width":300,"height":419,"url":"https:\/\/webknjizara.hr\/wp-content\/uploads\/2025\/03\/Nikica_Anic_Tragovima_duse_webknjizara_redak_WEB_1657.jpg","type":"image\/jpeg"}],"twitter_card":"summary_large_image","twitter_misc":{"Est. reading time":"4 minutes"},"schema":{"@context":"https:\/\/schema.org","@graph":[{"@type":"WebPage","@id":"https:\/\/webknjizara.hr\/proizvod\/tragovima-duse-nikica-anic\/","url":"https:\/\/webknjizara.hr\/proizvod\/tragovima-duse-nikica-anic\/","name":"TRAGOVIMA DU\u0160E, Nikica Ani\u0107 - Web-knji\u017eara","isPartOf":{"@id":"https:\/\/webknjizara.hr\/#website"},"primaryImageOfPage":{"@id":"https:\/\/webknjizara.hr\/proizvod\/tragovima-duse-nikica-anic\/#primaryimage"},"image":{"@id":"https:\/\/webknjizara.hr\/proizvod\/tragovima-duse-nikica-anic\/#primaryimage"},"thumbnailUrl":"https:\/\/webknjizara.hr\/wp-content\/uploads\/2025\/03\/Nikica_Anic_Tragovima_duse_webknjizara_redak_WEB_1657.jpg","datePublished":"2025-03-06T14:58:27+00:00","dateModified":"2025-03-06T14:59:52+00:00","breadcrumb":{"@id":"https:\/\/webknjizara.hr\/proizvod\/tragovima-duse-nikica-anic\/#breadcrumb"},"inLanguage":"en-US","potentialAction":[{"@type":"ReadAction","target":["https:\/\/webknjizara.hr\/proizvod\/tragovima-duse-nikica-anic\/"]}]},{"@type":"ImageObject","inLanguage":"en-US","@id":"https:\/\/webknjizara.hr\/proizvod\/tragovima-duse-nikica-anic\/#primaryimage","url":"https:\/\/webknjizara.hr\/wp-content\/uploads\/2025\/03\/Nikica_Anic_Tragovima_duse_webknjizara_redak_WEB_1657.jpg","contentUrl":"https:\/\/webknjizara.hr\/wp-content\/uploads\/2025\/03\/Nikica_Anic_Tragovima_duse_webknjizara_redak_WEB_1657.jpg","width":300,"height":419},{"@type":"BreadcrumbList","@id":"https:\/\/webknjizara.hr\/proizvod\/tragovima-duse-nikica-anic\/#breadcrumb","itemListElement":[{"@type":"ListItem","position":1,"name":"Po\u010detna stranica","item":"https:\/\/webknjizara.hr\/en\/"},{"@type":"ListItem","position":2,"name":"Shop","item":"https:\/\/webknjizara.hr\/shop\/"},{"@type":"ListItem","position":3,"name":"TRAGOVIMA DU\u0160E, Nikica Ani\u0107"}]},{"@type":"WebSite","@id":"https:\/\/webknjizara.hr\/#website","url":"https:\/\/webknjizara.hr\/","name":"Web Knji\u017eara","description":"","publisher":{"@id":"https:\/\/webknjizara.hr\/#organization"},"potentialAction":[{"@type":"SearchAction","target":{"@type":"EntryPoint","urlTemplate":"https:\/\/webknjizara.hr\/?s={search_term_string}"},"query-input":{"@type":"PropertyValueSpecification","valueRequired":true,"valueName":"search_term_string"}}],"inLanguage":"en-US"},{"@type":"Organization","@id":"https:\/\/webknjizara.hr\/#organization","name":"REDAK D.O.O.","url":"https:\/\/webknjizara.hr\/","logo":{"@type":"ImageObject","inLanguage":"en-US","@id":"https:\/\/webknjizara.hr\/#\/schema\/logo\/image\/","url":"https:\/\/webknjizara.hr\/wp-content\/uploads\/2023\/01\/web-knjizara-logo.webp","contentUrl":"https:\/\/webknjizara.hr\/wp-content\/uploads\/2023\/01\/web-knjizara-logo.webp","width":324,"height":79,"caption":"REDAK D.O.O."},"image":{"@id":"https:\/\/webknjizara.hr\/#\/schema\/logo\/image\/"}}]}},"_links":{"self":[{"href":"https:\/\/webknjizara.hr\/en\/wp-json\/wp\/v2\/product\/18835","targetHints":{"allow":["GET"]}}],"collection":[{"href":"https:\/\/webknjizara.hr\/en\/wp-json\/wp\/v2\/product"}],"about":[{"href":"https:\/\/webknjizara.hr\/en\/wp-json\/wp\/v2\/types\/product"}],"replies":[{"embeddable":true,"href":"https:\/\/webknjizara.hr\/en\/wp-json\/wp\/v2\/comments?post=18835"}],"wp:featuredmedia":[{"embeddable":true,"href":"https:\/\/webknjizara.hr\/en\/wp-json\/wp\/v2\/media\/18836"}],"wp:attachment":[{"href":"https:\/\/webknjizara.hr\/en\/wp-json\/wp\/v2\/media?parent=18835"}],"wp:term":[{"taxonomy":"product_brand","embeddable":true,"href":"https:\/\/webknjizara.hr\/en\/wp-json\/wp\/v2\/product_brand?post=18835"},{"taxonomy":"product_cat","embeddable":true,"href":"https:\/\/webknjizara.hr\/en\/wp-json\/wp\/v2\/product_cat?post=18835"},{"taxonomy":"product_tag","embeddable":true,"href":"https:\/\/webknjizara.hr\/en\/wp-json\/wp\/v2\/product_tag?post=18835"}],"curies":[{"name":"wp","href":"https:\/\/api.w.org\/{rel}","templated":true}]}}