{"id":18700,"date":"2025-02-13T16:06:38","date_gmt":"2025-02-13T15:06:38","guid":{"rendered":"https:\/\/webknjizara.hr\/?post_type=product&#038;p=18700"},"modified":"2025-02-13T16:06:39","modified_gmt":"2025-02-13T15:06:39","slug":"pomorsko-pravo-za-zapovjednika-broda-ranka-petrinovic-nikola-mandic","status":"publish","type":"product","link":"https:\/\/webknjizara.hr\/en\/proizvod\/pomorsko-pravo-za-zapovjednika-broda-ranka-petrinovic-nikola-mandic\/","title":{"rendered":"POMORSKO PRAVO ZA ZAPOVJEDNIKA BRODA, Ranka Petrinovi\u0107, Nikola Mandi\u0107"},"content":{"rendered":"<p><span style=\"color: #000000;\"><span lang=\"hr-HR\">Ovaj ud\u017ebenik nastao je s ciljem da se sustavno na jednom mjestu obrade svi instituti pomorskog prava koji su potrebni pomorcu za stjecanje \u010dasni\u010dkih zvanja sukladno nacionalnoj i me\u0111unarodnoj regulativi. Sadr\u017eaj ovog ud\u017ebenika u potpunosti je prilago\u0111en sadr\u017eaju kolegija Pomorsko pravo, koji se izvodi na Pomorskom fakultetu u Splitu na prijediplomskim studijima Pomorska nautika i Brodostrojarstvo. U ovom su ud\u017ebeniku cjelovito i sistematski prikazani i obja\u0161njeni najva\u017eniji klasi\u010dni instituti pomorskog prava, njegovo suvremeno pravno stanje i fenomeni prakti\u010dne primjene. Okosnicu ove knjige \u010dini Pomorski zakonik iz 2004., kako je izmijenjen i dopunjen, kao i drugi nacionalni propisi, ali i me\u0111unarodni propisi te pravna ste\u010devina Europske unije. Zapovjednik broda prema pomorskopravnim propisima i posebno prema sustavu za sigurno upravljanje brodom (ISM Pravilniku) ima glavnu ovlast i odgovornost na brodu. U knjizi je prikazan i poja\u0161njen poseban polo\u017eaj zapovjednika broda, s obzirom na njegove obveze i odgovornosti povezane s razli\u010ditim aspektima sigurnosti plovidbe, radnih odnosa pomoraca, pomorskih prijevoza tereta i putnika morem, pomorskih nesre\u0107a i pomorskog osiguranja.<\/span><\/span><\/p>\n<p>&nbsp;<\/p>\n<p><span style=\"font-family: Arial, sans-serif;\"><span lang=\"hr-HR\"><b>Bilje\u0161ka o autorima: <\/b><\/span><\/span><\/p>\n<p><span style=\"color: #000000;\"><span lang=\"hr-HR\">Dr. sc. Ranka Petrinovi\u0107 je redovita profesorica u trajnom izboru na Pomorskom fakultetu u Splitu. Od 2002. izvodi nastavu iz razli\u010ditih pomorsko-pravnih predmeta. Do sada je objavila preko 50 znanstvenih radova, bila koautorica na5 knjiga i ud\u017ebenika te u svojstvu istra\u017eiva\u010da odnosno \u010dlana projektnog tima sudjelovala na 4 znanstvena i stru\u010dna projekta.<\/span><\/span><\/p>\n<p><span style=\"color: #000000;\"><span lang=\"hr-HR\">Dr. sc. Nikola Mandi\u0107 je izvanredni profesor na Pomorskom fakultetu u Splitu. Od 2008. izvodi nastavu iz razli\u010ditih pomorsko-pravnih predmeta. Do sada je objavio preko 40 znanstvenih radova, bio koautor na 4 knjige i ud\u017ebenika te u svojstvu istra\u017eiva\u010da odnosno \u010dlana projektnog tima sudjelovao na3 znanstvena i stru\u010dna projekta.<\/span><\/span><\/p>\n<p><span style=\"font-family: Arial, sans-serif;\"><span lang=\"hr-HR\"><b>E-mail: <\/b><\/span><\/span><a href=\"http:\/\/MAILTO:kbrekalo@pfst.hr\" target=\"_blank\" rel=\"noopener\"><span style=\"color: #000000;\">Kontakt autora<\/span><\/a><\/p>\n<p>&nbsp;<\/p>\n<p><strong><span style=\"font-family: Arial, sans-serif;\"><span lang=\"hr-HR\">Naslov: <\/span><\/span><\/strong><strong><span style=\"font-family: Arial, sans-serif;\">Pomorsko pravo za zapovjednika broda<\/span><\/strong><span style=\"font-family: Arial, sans-serif;\"><span lang=\"hr-HR\"><br \/>\n<\/span><\/span><strong><span style=\"font-family: Arial, sans-serif;\"><span lang=\"hr-HR\">Autori:<\/span><\/span><\/strong> <span style=\"font-family: Arial, sans-serif;\">Ranka Petrinovi\u0107, Nikola Mandi\u0107<\/span><span style=\"font-family: Arial, sans-serif;\"><span lang=\"hr-HR\"><br \/>\n<\/span><\/span><strong><span style=\"font-family: Arial, sans-serif;\"><span lang=\"hr-HR\">Broj stranica: <\/span><\/span><\/strong><span style=\"font-family: Arial, sans-serif;\"><span lang=\"\">636<\/span><\/span><span style=\"font-family: Arial, sans-serif;\"><span lang=\"hr-HR\"><br \/>\n<\/span><\/span><strong><span style=\"font-family: Arial, sans-serif;\"><span lang=\"hr-HR\">Nakladnik: <\/span><\/span><\/strong><strong><span style=\"font-family: Arial, sans-serif;\">Pomorski fakultet u Splitu<\/span><\/strong><span style=\"font-family: Arial, sans-serif;\"><span lang=\"hr-HR\"><br \/>\n<\/span><\/span><strong><span style=\"font-family: Arial, sans-serif;\"><span lang=\"hr-HR\">Godina izdanja: <\/span><\/span><\/strong><strong><span style=\"font-family: Arial, sans-serif;\">2025.<\/span><\/strong><strong><span style=\"font-family: Arial, sans-serif;\"><span lang=\"hr-HR\"><br \/>\n<\/span><\/span><\/strong><strong><span style=\"font-family: Arial, sans-serif;\"><span lang=\"hr-HR\">ISBN:<\/span><\/span><\/strong> <span style=\"font-family: Arial, sans-serif;\">978-953-6655-86-1<\/span><span style=\"font-family: Arial, sans-serif;\"><span lang=\"hr-HR\"><br \/>\n<\/span><\/span><strong><span style=\"font-family: Arial, sans-serif;\"><span lang=\"hr-HR\">Tisak:<\/span><\/span><\/strong><span style=\"font-family: Arial, sans-serif;\"><span lang=\"hr-HR\"> digitalni tisak knjiga &#8211; print na zahtjev<\/span><\/span><\/p>\n","protected":false},"excerpt":{"rendered":"<p>Ovaj ud\u017ebenik nastao je s ciljem da se sustavno na jednom mjestu obrade svi instituti pomorskog prava koji su potrebni pomorcu za stjecanje \u010dasni\u010dkih zvanja sukladno nacionalnoj i me\u0111unarodnoj regulativi. Sadr\u017eaj ovog ud\u017ebenika u potpunosti je prilago\u0111en sadr\u017eaju kolegija Pomorsko pravo, koji se izvodi na Pomorskom fakultetu u Splitu na prijediplomskim studijima Pomorska nautika i [&hellip;]<\/p>\n","protected":false},"featured_media":18701,"comment_status":"open","ping_status":"closed","template":"","meta":{"_acf_changed":false},"product_brand":[],"product_cat":[1527],"product_tag":[],"class_list":{"0":"post-18700","1":"product","2":"type-product","3":"status-publish","4":"has-post-thumbnail","6":"product_cat-sveucilisni-udzbenici","7":"pa_autor-nikola-mandic","8":"pa_autor-ranka-petrinovic","9":"pa_nakladnik-pomorski-fakultet-u-splitu","11":"first","12":"instock","13":"shipping-taxable","14":"purchasable","15":"product-type-simple"},"acf":[],"yoast_head":"<!-- This site is optimized with the Yoast SEO plugin v27.3 - https:\/\/yoast.com\/product\/yoast-seo-wordpress\/ -->\n<title>POMORSKO PRAVO ZA ZAPOVJEDNIKA BRODA, Ranka Petrinovi\u0107, Nikola Mandi\u0107 - Web-knji\u017eara<\/title>\n<meta name=\"robots\" content=\"index, follow, max-snippet:-1, max-image-preview:large, max-video-preview:-1\" \/>\n<link rel=\"canonical\" href=\"https:\/\/webknjizara.hr\/proizvod\/pomorsko-pravo-za-zapovjednika-broda-ranka-petrinovic-nikola-mandic\/\" \/>\n<meta property=\"og:locale\" content=\"en_US\" \/>\n<meta property=\"og:type\" content=\"article\" \/>\n<meta property=\"og:title\" content=\"POMORSKO PRAVO ZA ZAPOVJEDNIKA BRODA, Ranka Petrinovi\u0107, Nikola Mandi\u0107 - Web-knji\u017eara\" \/>\n<meta property=\"og:description\" content=\"Ovaj ud\u017ebenik nastao je s ciljem da se sustavno na jednom mjestu obrade svi instituti pomorskog prava koji su potrebni pomorcu za stjecanje \u010dasni\u010dkih zvanja sukladno nacionalnoj i me\u0111unarodnoj regulativi. Sadr\u017eaj ovog ud\u017ebenika u potpunosti je prilago\u0111en sadr\u017eaju kolegija Pomorsko pravo, koji se izvodi na Pomorskom fakultetu u Splitu na prijediplomskim studijima Pomorska nautika i [&hellip;]\" \/>\n<meta property=\"og:url\" content=\"https:\/\/webknjizara.hr\/proizvod\/pomorsko-pravo-za-zapovjednika-broda-ranka-petrinovic-nikola-mandic\/\" \/>\n<meta property=\"og:site_name\" content=\"Web-knji\u017eara\" \/>\n<meta property=\"article:modified_time\" content=\"2025-02-13T15:06:39+00:00\" \/>\n<meta property=\"og:image\" content=\"https:\/\/webknjizara.hr\/wp-content\/uploads\/2025\/02\/Ranka_Petrinovic_Nikola_Mandic_Pomorsko_pravo_za_zapovjednika_broda_webknjizara_redak_WEB_1632.jpg\" \/>\n\t<meta property=\"og:image:width\" content=\"300\" \/>\n\t<meta property=\"og:image:height\" content=\"419\" \/>\n\t<meta property=\"og:image:type\" content=\"image\/jpeg\" \/>\n<meta name=\"twitter:card\" content=\"summary_large_image\" \/>\n<meta name=\"twitter:label1\" content=\"Est. reading time\" \/>\n\t<meta name=\"twitter:data1\" content=\"2 minutes\" \/>\n<script type=\"application\/ld+json\" class=\"yoast-schema-graph\">{\"@context\":\"https:\\\/\\\/schema.org\",\"@graph\":[{\"@type\":\"WebPage\",\"@id\":\"https:\\\/\\\/webknjizara.hr\\\/proizvod\\\/pomorsko-pravo-za-zapovjednika-broda-ranka-petrinovic-nikola-mandic\\\/\",\"url\":\"https:\\\/\\\/webknjizara.hr\\\/proizvod\\\/pomorsko-pravo-za-zapovjednika-broda-ranka-petrinovic-nikola-mandic\\\/\",\"name\":\"POMORSKO PRAVO ZA ZAPOVJEDNIKA BRODA, Ranka Petrinovi\u0107, Nikola Mandi\u0107 - Web-knji\u017eara\",\"isPartOf\":{\"@id\":\"https:\\\/\\\/webknjizara.hr\\\/#website\"},\"primaryImageOfPage\":{\"@id\":\"https:\\\/\\\/webknjizara.hr\\\/proizvod\\\/pomorsko-pravo-za-zapovjednika-broda-ranka-petrinovic-nikola-mandic\\\/#primaryimage\"},\"image\":{\"@id\":\"https:\\\/\\\/webknjizara.hr\\\/proizvod\\\/pomorsko-pravo-za-zapovjednika-broda-ranka-petrinovic-nikola-mandic\\\/#primaryimage\"},\"thumbnailUrl\":\"https:\\\/\\\/webknjizara.hr\\\/wp-content\\\/uploads\\\/2025\\\/02\\\/Ranka_Petrinovic_Nikola_Mandic_Pomorsko_pravo_za_zapovjednika_broda_webknjizara_redak_WEB_1632.jpg\",\"datePublished\":\"2025-02-13T15:06:38+00:00\",\"dateModified\":\"2025-02-13T15:06:39+00:00\",\"breadcrumb\":{\"@id\":\"https:\\\/\\\/webknjizara.hr\\\/proizvod\\\/pomorsko-pravo-za-zapovjednika-broda-ranka-petrinovic-nikola-mandic\\\/#breadcrumb\"},\"inLanguage\":\"en-US\",\"potentialAction\":[{\"@type\":\"ReadAction\",\"target\":[\"https:\\\/\\\/webknjizara.hr\\\/proizvod\\\/pomorsko-pravo-za-zapovjednika-broda-ranka-petrinovic-nikola-mandic\\\/\"]}]},{\"@type\":\"ImageObject\",\"inLanguage\":\"en-US\",\"@id\":\"https:\\\/\\\/webknjizara.hr\\\/proizvod\\\/pomorsko-pravo-za-zapovjednika-broda-ranka-petrinovic-nikola-mandic\\\/#primaryimage\",\"url\":\"https:\\\/\\\/webknjizara.hr\\\/wp-content\\\/uploads\\\/2025\\\/02\\\/Ranka_Petrinovic_Nikola_Mandic_Pomorsko_pravo_za_zapovjednika_broda_webknjizara_redak_WEB_1632.jpg\",\"contentUrl\":\"https:\\\/\\\/webknjizara.hr\\\/wp-content\\\/uploads\\\/2025\\\/02\\\/Ranka_Petrinovic_Nikola_Mandic_Pomorsko_pravo_za_zapovjednika_broda_webknjizara_redak_WEB_1632.jpg\",\"width\":300,\"height\":419},{\"@type\":\"BreadcrumbList\",\"@id\":\"https:\\\/\\\/webknjizara.hr\\\/proizvod\\\/pomorsko-pravo-za-zapovjednika-broda-ranka-petrinovic-nikola-mandic\\\/#breadcrumb\",\"itemListElement\":[{\"@type\":\"ListItem\",\"position\":1,\"name\":\"Po\u010detna stranica\",\"item\":\"https:\\\/\\\/webknjizara.hr\\\/en\\\/\"},{\"@type\":\"ListItem\",\"position\":2,\"name\":\"Shop\",\"item\":\"https:\\\/\\\/webknjizara.hr\\\/shop\\\/\"},{\"@type\":\"ListItem\",\"position\":3,\"name\":\"POMORSKO PRAVO ZA ZAPOVJEDNIKA BRODA, Ranka Petrinovi\u0107, Nikola Mandi\u0107\"}]},{\"@type\":\"WebSite\",\"@id\":\"https:\\\/\\\/webknjizara.hr\\\/#website\",\"url\":\"https:\\\/\\\/webknjizara.hr\\\/\",\"name\":\"Web Knji\u017eara\",\"description\":\"\",\"publisher\":{\"@id\":\"https:\\\/\\\/webknjizara.hr\\\/#organization\"},\"potentialAction\":[{\"@type\":\"SearchAction\",\"target\":{\"@type\":\"EntryPoint\",\"urlTemplate\":\"https:\\\/\\\/webknjizara.hr\\\/?s={search_term_string}\"},\"query-input\":{\"@type\":\"PropertyValueSpecification\",\"valueRequired\":true,\"valueName\":\"search_term_string\"}}],\"inLanguage\":\"en-US\"},{\"@type\":\"Organization\",\"@id\":\"https:\\\/\\\/webknjizara.hr\\\/#organization\",\"name\":\"REDAK D.O.O.\",\"url\":\"https:\\\/\\\/webknjizara.hr\\\/\",\"logo\":{\"@type\":\"ImageObject\",\"inLanguage\":\"en-US\",\"@id\":\"https:\\\/\\\/webknjizara.hr\\\/#\\\/schema\\\/logo\\\/image\\\/\",\"url\":\"https:\\\/\\\/webknjizara.hr\\\/wp-content\\\/uploads\\\/2023\\\/01\\\/web-knjizara-logo.webp\",\"contentUrl\":\"https:\\\/\\\/webknjizara.hr\\\/wp-content\\\/uploads\\\/2023\\\/01\\\/web-knjizara-logo.webp\",\"width\":324,\"height\":79,\"caption\":\"REDAK D.O.O.\"},\"image\":{\"@id\":\"https:\\\/\\\/webknjizara.hr\\\/#\\\/schema\\\/logo\\\/image\\\/\"}}]}<\/script>\n<!-- \/ Yoast SEO plugin. -->","yoast_head_json":{"title":"POMORSKO PRAVO ZA ZAPOVJEDNIKA BRODA, Ranka Petrinovi\u0107, Nikola Mandi\u0107 - Web-knji\u017eara","robots":{"index":"index","follow":"follow","max-snippet":"max-snippet:-1","max-image-preview":"max-image-preview:large","max-video-preview":"max-video-preview:-1"},"canonical":"https:\/\/webknjizara.hr\/proizvod\/pomorsko-pravo-za-zapovjednika-broda-ranka-petrinovic-nikola-mandic\/","og_locale":"en_US","og_type":"article","og_title":"POMORSKO PRAVO ZA ZAPOVJEDNIKA BRODA, Ranka Petrinovi\u0107, Nikola Mandi\u0107 - Web-knji\u017eara","og_description":"Ovaj ud\u017ebenik nastao je s ciljem da se sustavno na jednom mjestu obrade svi instituti pomorskog prava koji su potrebni pomorcu za stjecanje \u010dasni\u010dkih zvanja sukladno nacionalnoj i me\u0111unarodnoj regulativi. Sadr\u017eaj ovog ud\u017ebenika u potpunosti je prilago\u0111en sadr\u017eaju kolegija Pomorsko pravo, koji se izvodi na Pomorskom fakultetu u Splitu na prijediplomskim studijima Pomorska nautika i [&hellip;]","og_url":"https:\/\/webknjizara.hr\/proizvod\/pomorsko-pravo-za-zapovjednika-broda-ranka-petrinovic-nikola-mandic\/","og_site_name":"Web-knji\u017eara","article_modified_time":"2025-02-13T15:06:39+00:00","og_image":[{"width":300,"height":419,"url":"https:\/\/webknjizara.hr\/wp-content\/uploads\/2025\/02\/Ranka_Petrinovic_Nikola_Mandic_Pomorsko_pravo_za_zapovjednika_broda_webknjizara_redak_WEB_1632.jpg","type":"image\/jpeg"}],"twitter_card":"summary_large_image","twitter_misc":{"Est. reading time":"2 minutes"},"schema":{"@context":"https:\/\/schema.org","@graph":[{"@type":"WebPage","@id":"https:\/\/webknjizara.hr\/proizvod\/pomorsko-pravo-za-zapovjednika-broda-ranka-petrinovic-nikola-mandic\/","url":"https:\/\/webknjizara.hr\/proizvod\/pomorsko-pravo-za-zapovjednika-broda-ranka-petrinovic-nikola-mandic\/","name":"POMORSKO PRAVO ZA ZAPOVJEDNIKA BRODA, Ranka Petrinovi\u0107, Nikola Mandi\u0107 - Web-knji\u017eara","isPartOf":{"@id":"https:\/\/webknjizara.hr\/#website"},"primaryImageOfPage":{"@id":"https:\/\/webknjizara.hr\/proizvod\/pomorsko-pravo-za-zapovjednika-broda-ranka-petrinovic-nikola-mandic\/#primaryimage"},"image":{"@id":"https:\/\/webknjizara.hr\/proizvod\/pomorsko-pravo-za-zapovjednika-broda-ranka-petrinovic-nikola-mandic\/#primaryimage"},"thumbnailUrl":"https:\/\/webknjizara.hr\/wp-content\/uploads\/2025\/02\/Ranka_Petrinovic_Nikola_Mandic_Pomorsko_pravo_za_zapovjednika_broda_webknjizara_redak_WEB_1632.jpg","datePublished":"2025-02-13T15:06:38+00:00","dateModified":"2025-02-13T15:06:39+00:00","breadcrumb":{"@id":"https:\/\/webknjizara.hr\/proizvod\/pomorsko-pravo-za-zapovjednika-broda-ranka-petrinovic-nikola-mandic\/#breadcrumb"},"inLanguage":"en-US","potentialAction":[{"@type":"ReadAction","target":["https:\/\/webknjizara.hr\/proizvod\/pomorsko-pravo-za-zapovjednika-broda-ranka-petrinovic-nikola-mandic\/"]}]},{"@type":"ImageObject","inLanguage":"en-US","@id":"https:\/\/webknjizara.hr\/proizvod\/pomorsko-pravo-za-zapovjednika-broda-ranka-petrinovic-nikola-mandic\/#primaryimage","url":"https:\/\/webknjizara.hr\/wp-content\/uploads\/2025\/02\/Ranka_Petrinovic_Nikola_Mandic_Pomorsko_pravo_za_zapovjednika_broda_webknjizara_redak_WEB_1632.jpg","contentUrl":"https:\/\/webknjizara.hr\/wp-content\/uploads\/2025\/02\/Ranka_Petrinovic_Nikola_Mandic_Pomorsko_pravo_za_zapovjednika_broda_webknjizara_redak_WEB_1632.jpg","width":300,"height":419},{"@type":"BreadcrumbList","@id":"https:\/\/webknjizara.hr\/proizvod\/pomorsko-pravo-za-zapovjednika-broda-ranka-petrinovic-nikola-mandic\/#breadcrumb","itemListElement":[{"@type":"ListItem","position":1,"name":"Po\u010detna stranica","item":"https:\/\/webknjizara.hr\/en\/"},{"@type":"ListItem","position":2,"name":"Shop","item":"https:\/\/webknjizara.hr\/shop\/"},{"@type":"ListItem","position":3,"name":"POMORSKO PRAVO ZA ZAPOVJEDNIKA BRODA, Ranka Petrinovi\u0107, Nikola Mandi\u0107"}]},{"@type":"WebSite","@id":"https:\/\/webknjizara.hr\/#website","url":"https:\/\/webknjizara.hr\/","name":"Web Knji\u017eara","description":"","publisher":{"@id":"https:\/\/webknjizara.hr\/#organization"},"potentialAction":[{"@type":"SearchAction","target":{"@type":"EntryPoint","urlTemplate":"https:\/\/webknjizara.hr\/?s={search_term_string}"},"query-input":{"@type":"PropertyValueSpecification","valueRequired":true,"valueName":"search_term_string"}}],"inLanguage":"en-US"},{"@type":"Organization","@id":"https:\/\/webknjizara.hr\/#organization","name":"REDAK D.O.O.","url":"https:\/\/webknjizara.hr\/","logo":{"@type":"ImageObject","inLanguage":"en-US","@id":"https:\/\/webknjizara.hr\/#\/schema\/logo\/image\/","url":"https:\/\/webknjizara.hr\/wp-content\/uploads\/2023\/01\/web-knjizara-logo.webp","contentUrl":"https:\/\/webknjizara.hr\/wp-content\/uploads\/2023\/01\/web-knjizara-logo.webp","width":324,"height":79,"caption":"REDAK D.O.O."},"image":{"@id":"https:\/\/webknjizara.hr\/#\/schema\/logo\/image\/"}}]}},"_links":{"self":[{"href":"https:\/\/webknjizara.hr\/en\/wp-json\/wp\/v2\/product\/18700","targetHints":{"allow":["GET"]}}],"collection":[{"href":"https:\/\/webknjizara.hr\/en\/wp-json\/wp\/v2\/product"}],"about":[{"href":"https:\/\/webknjizara.hr\/en\/wp-json\/wp\/v2\/types\/product"}],"replies":[{"embeddable":true,"href":"https:\/\/webknjizara.hr\/en\/wp-json\/wp\/v2\/comments?post=18700"}],"wp:featuredmedia":[{"embeddable":true,"href":"https:\/\/webknjizara.hr\/en\/wp-json\/wp\/v2\/media\/18701"}],"wp:attachment":[{"href":"https:\/\/webknjizara.hr\/en\/wp-json\/wp\/v2\/media?parent=18700"}],"wp:term":[{"taxonomy":"product_brand","embeddable":true,"href":"https:\/\/webknjizara.hr\/en\/wp-json\/wp\/v2\/product_brand?post=18700"},{"taxonomy":"product_cat","embeddable":true,"href":"https:\/\/webknjizara.hr\/en\/wp-json\/wp\/v2\/product_cat?post=18700"},{"taxonomy":"product_tag","embeddable":true,"href":"https:\/\/webknjizara.hr\/en\/wp-json\/wp\/v2\/product_tag?post=18700"}],"curies":[{"name":"wp","href":"https:\/\/api.w.org\/{rel}","templated":true}]}}