{"id":18619,"date":"2025-01-30T14:29:17","date_gmt":"2025-01-30T13:29:17","guid":{"rendered":"https:\/\/webknjizara.hr\/?post_type=product&#038;p=18619"},"modified":"2025-01-30T14:31:11","modified_gmt":"2025-01-30T13:31:11","slug":"voidom-zyra-neven-krapec","status":"publish","type":"product","link":"https:\/\/webknjizara.hr\/en\/proizvod\/voidom-zyra-neven-krapec\/","title":{"rendered":"VOIDOOM ZYRA, Neven Krapec"},"content":{"rendered":"<p><span style=\"color: #000000;\"><span lang=\"hr-HR\">Voidoom Zyra mrzi \u017eivot. Mrzi postojanje i svemir koji prkosi Ni\u0161tavilu. U svijetu prepunom boli, licemjerja i besmisla, Voidoom \u017eeli samo jedno: ugasiti svemir, ugasiti patnju \u2013 jednom zauvijek. <\/span><\/span><span style=\"color: #000000;\"><span lang=\"it-IT\">No, da bi ostvario taj cilj, mora dose\u0107i apsolutnu mo\u0107 i postati bog iznad bogova.<\/span><\/span><\/p>\n<p lang=\"it-IT\"><span style=\"color: #000000;\">Od brutalnog djetinjstva i mu\u010dne svakodnevice do samoubojstva koje ga nije oslobodilo, Voidoomova pri\u010da vodi nas u vrtlog tame, bijesa i apsurda. Nakon smrti budi se s neobi\u010dnim saveznikom \u2013 lebde\u0107om kuglom zvanom S1_v0, entitetom s istom \u017eeljom za kona\u010dnim Ni\u0161tavilom. Zajedno kre\u0107u na put koji prkosi zakonima svemira, postojanja i same stvarnosti.<\/span><\/p>\n<p><span style=\"color: #000000;\"><span lang=\"it-IT\">Uronite u provokativnu, mra\u010dnu i beskompromisnu pri\u010du o nihilizmu, mo\u0107i i patnji, koja preispituje granice ljudske svijesti, smisao \u017eivota \u2013 i smisao njegova uni\u0161tenja.<\/span><\/span><\/p>\n<p lang=\"it-IT\"><span style=\"color: #000000;\">Voidoomova potraga za Ni\u0161tavilom nije knjiga za one slabog srca, ve\u0107 za one koji se usu\u0111uju suo\u010diti s najdubljim ponorima ljudske psihe.<\/span><\/p>\n<p><span style=\"color: #000000;\"><span lang=\"it-IT\">Ho\u0107e li patnja svemira doista prestati \u2013 ili \u0107e Voidoom zauvijek ostati zarobljen u vlastitoj beskona\u010dnoj borbi?<\/span><\/span><\/p>\n<p>&nbsp;<\/p>\n<p><span style=\"font-family: Arial, sans-serif;\"><span lang=\"hr-HR\"><b>Bilje\u0161ka o autoru: <\/b><\/span><\/span><\/p>\n<p><span style=\"color: #000000;\"><span lang=\"hr-HR\">Neven Krapec ro\u0111en je u Zagrebu 10. svibnja 1993. Zavr\u0161io je srednju \u0161kolu za prodava\u010da, a radi kao po\u0161tar u Donjoj Zelini. Novi hobi mu je \u010ditanje i pisanje knjiga te slu\u0161anje glazbe, pogotovo kad ide u \u0161etnju. <\/span><\/span><span style=\"color: #000000;\"><span lang=\"it-IT\">Najvi\u0161e vremena provodi slu\u0161aju\u0107i glazbu i u prirodi. Bavi se i marketingom za sebe i svoje knjige. Objavio je knjigu Ni\u0161tavilo na hrvatskom i engleskom jeziku koje su dostupne u izdanju nakladnika Redak i na Amazonu.<\/span><\/span><\/p>\n<p><span style=\"font-family: Arial, sans-serif;\"><span lang=\"hr-HR\"><b>E-mail: <\/b><\/span><\/span><a href=\"http:\/\/MAILTO:Neven.krapec@gmail.com\" target=\"_blank\" rel=\"noopener\"><span style=\"color: #000000;\"><span style=\"font-family: Arial, sans-serif;\">Neven Krapec<\/span><\/span><\/a><\/p>\n<p>&nbsp;<\/p>\n<p><strong><span style=\"font-family: Arial, sans-serif;\"><span lang=\"hr-HR\">Naslov: <\/span><\/span><\/strong><strong><span style=\"font-family: Arial, sans-serif;\">Voidom Zyra<\/span><\/strong><span style=\"font-family: Arial, sans-serif;\"><span lang=\"hr-HR\"><br \/>\n<\/span><\/span><strong><span style=\"font-family: Arial, sans-serif;\"><span lang=\"hr-HR\">Autor\/autorica:<\/span><\/span><\/strong> <span style=\"font-family: Arial, sans-serif;\">Neven Krapec<\/span><span style=\"font-family: Arial, sans-serif;\"><span lang=\"hr-HR\"><br \/>\n<\/span><\/span><strong><span style=\"font-family: Arial, sans-serif;\"><span lang=\"hr-HR\">Broj stranica: <\/span><\/span><\/strong><span style=\"font-family: Arial, sans-serif;\"><span lang=\"\">70<\/span><\/span><span style=\"font-family: Arial, sans-serif;\"><span lang=\"hr-HR\"><br \/>\n<\/span><\/span><strong><span style=\"font-family: Arial, sans-serif;\"><span lang=\"hr-HR\">Nakladnik: <\/span><\/span><\/strong><strong><span style=\"font-family: Arial, sans-serif;\">REDAK<\/span><\/strong><span style=\"font-family: Arial, sans-serif;\"><span lang=\"hr-HR\"><br \/>\n<\/span><\/span><strong><span style=\"font-family: Arial, sans-serif;\"><span lang=\"hr-HR\">Godina izdanja: <\/span><\/span><\/strong><strong><span style=\"font-family: Arial, sans-serif;\">2025.<\/span><\/strong><strong><span style=\"font-family: Arial, sans-serif;\"><span lang=\"hr-HR\"><br \/>\n<\/span><\/span><\/strong><strong><span style=\"font-family: Arial, sans-serif;\">ISBN:<\/span><\/strong><span style=\"font-family: Arial, sans-serif;\"> 978-953-395-035-8<br \/>\n<\/span><strong><span style=\"font-family: Arial, sans-serif;\">Tisak:<\/span><\/strong><span style=\"font-family: Arial, sans-serif;\"> digitalni tisak knjiga &#8211; print na zahtjev<\/span><\/p>\n","protected":false},"excerpt":{"rendered":"<p>Voidoom Zyra mrzi \u017eivot. Mrzi postojanje i svemir koji prkosi Ni\u0161tavilu. U svijetu prepunom boli, licemjerja i besmisla, Voidoom \u017eeli samo jedno: ugasiti svemir, ugasiti patnju \u2013 jednom zauvijek. No, da bi ostvario taj cilj, mora dose\u0107i apsolutnu mo\u0107 i postati bog iznad bogova. Od brutalnog djetinjstva i mu\u010dne svakodnevice do samoubojstva koje ga nije [&hellip;]<\/p>\n","protected":false},"featured_media":18620,"comment_status":"open","ping_status":"closed","template":"","meta":{"_acf_changed":false},"product_brand":[],"product_cat":[1605,1385],"product_tag":[],"class_list":{"0":"post-18619","1":"product","2":"type-product","3":"status-publish","4":"has-post-thumbnail","6":"product_cat-roman","7":"product_cat-knjizevnost","8":"pa_autor-neven-krapec","9":"pa_nakladnik-redak","11":"first","12":"instock","13":"shipping-taxable","14":"purchasable","15":"product-type-simple"},"acf":[],"yoast_head":"<!-- This site is optimized with the Yoast SEO plugin v27.3 - https:\/\/yoast.com\/product\/yoast-seo-wordpress\/ -->\n<title>VOIDOOM ZYRA, Neven Krapec - Web-knji\u017eara<\/title>\n<meta name=\"robots\" content=\"index, follow, max-snippet:-1, max-image-preview:large, max-video-preview:-1\" \/>\n<link rel=\"canonical\" href=\"https:\/\/webknjizara.hr\/proizvod\/voidom-zyra-neven-krapec\/\" \/>\n<meta property=\"og:locale\" content=\"en_US\" \/>\n<meta property=\"og:type\" content=\"article\" \/>\n<meta property=\"og:title\" content=\"VOIDOOM ZYRA, Neven Krapec - Web-knji\u017eara\" \/>\n<meta property=\"og:description\" content=\"Voidoom Zyra mrzi \u017eivot. Mrzi postojanje i svemir koji prkosi Ni\u0161tavilu. U svijetu prepunom boli, licemjerja i besmisla, Voidoom \u017eeli samo jedno: ugasiti svemir, ugasiti patnju \u2013 jednom zauvijek. No, da bi ostvario taj cilj, mora dose\u0107i apsolutnu mo\u0107 i postati bog iznad bogova. Od brutalnog djetinjstva i mu\u010dne svakodnevice do samoubojstva koje ga nije [&hellip;]\" \/>\n<meta property=\"og:url\" content=\"https:\/\/webknjizara.hr\/proizvod\/voidom-zyra-neven-krapec\/\" \/>\n<meta property=\"og:site_name\" content=\"Web-knji\u017eara\" \/>\n<meta property=\"article:modified_time\" content=\"2025-01-30T13:31:11+00:00\" \/>\n<meta property=\"og:image\" content=\"https:\/\/webknjizara.hr\/wp-content\/uploads\/2025\/01\/Neven_Krapec_Voidom_Zyra_webknjizara_redak_WEB_1648.jpg\" \/>\n\t<meta property=\"og:image:width\" content=\"300\" \/>\n\t<meta property=\"og:image:height\" content=\"419\" \/>\n\t<meta property=\"og:image:type\" content=\"image\/jpeg\" \/>\n<meta name=\"twitter:card\" content=\"summary_large_image\" \/>\n<meta name=\"twitter:label1\" content=\"Est. reading time\" \/>\n\t<meta name=\"twitter:data1\" content=\"2 minutes\" \/>\n<script type=\"application\/ld+json\" class=\"yoast-schema-graph\">{\"@context\":\"https:\\\/\\\/schema.org\",\"@graph\":[{\"@type\":\"WebPage\",\"@id\":\"https:\\\/\\\/webknjizara.hr\\\/proizvod\\\/voidom-zyra-neven-krapec\\\/\",\"url\":\"https:\\\/\\\/webknjizara.hr\\\/proizvod\\\/voidom-zyra-neven-krapec\\\/\",\"name\":\"VOIDOOM ZYRA, Neven Krapec - Web-knji\u017eara\",\"isPartOf\":{\"@id\":\"https:\\\/\\\/webknjizara.hr\\\/#website\"},\"primaryImageOfPage\":{\"@id\":\"https:\\\/\\\/webknjizara.hr\\\/proizvod\\\/voidom-zyra-neven-krapec\\\/#primaryimage\"},\"image\":{\"@id\":\"https:\\\/\\\/webknjizara.hr\\\/proizvod\\\/voidom-zyra-neven-krapec\\\/#primaryimage\"},\"thumbnailUrl\":\"https:\\\/\\\/webknjizara.hr\\\/wp-content\\\/uploads\\\/2025\\\/01\\\/Neven_Krapec_Voidom_Zyra_webknjizara_redak_WEB_1648.jpg\",\"datePublished\":\"2025-01-30T13:29:17+00:00\",\"dateModified\":\"2025-01-30T13:31:11+00:00\",\"breadcrumb\":{\"@id\":\"https:\\\/\\\/webknjizara.hr\\\/proizvod\\\/voidom-zyra-neven-krapec\\\/#breadcrumb\"},\"inLanguage\":\"en-US\",\"potentialAction\":[{\"@type\":\"ReadAction\",\"target\":[\"https:\\\/\\\/webknjizara.hr\\\/proizvod\\\/voidom-zyra-neven-krapec\\\/\"]}]},{\"@type\":\"ImageObject\",\"inLanguage\":\"en-US\",\"@id\":\"https:\\\/\\\/webknjizara.hr\\\/proizvod\\\/voidom-zyra-neven-krapec\\\/#primaryimage\",\"url\":\"https:\\\/\\\/webknjizara.hr\\\/wp-content\\\/uploads\\\/2025\\\/01\\\/Neven_Krapec_Voidom_Zyra_webknjizara_redak_WEB_1648.jpg\",\"contentUrl\":\"https:\\\/\\\/webknjizara.hr\\\/wp-content\\\/uploads\\\/2025\\\/01\\\/Neven_Krapec_Voidom_Zyra_webknjizara_redak_WEB_1648.jpg\",\"width\":300,\"height\":419},{\"@type\":\"BreadcrumbList\",\"@id\":\"https:\\\/\\\/webknjizara.hr\\\/proizvod\\\/voidom-zyra-neven-krapec\\\/#breadcrumb\",\"itemListElement\":[{\"@type\":\"ListItem\",\"position\":1,\"name\":\"Po\u010detna stranica\",\"item\":\"https:\\\/\\\/webknjizara.hr\\\/en\\\/\"},{\"@type\":\"ListItem\",\"position\":2,\"name\":\"Shop\",\"item\":\"https:\\\/\\\/webknjizara.hr\\\/shop\\\/\"},{\"@type\":\"ListItem\",\"position\":3,\"name\":\"VOIDOOM ZYRA, Neven Krapec\"}]},{\"@type\":\"WebSite\",\"@id\":\"https:\\\/\\\/webknjizara.hr\\\/#website\",\"url\":\"https:\\\/\\\/webknjizara.hr\\\/\",\"name\":\"Web Knji\u017eara\",\"description\":\"\",\"publisher\":{\"@id\":\"https:\\\/\\\/webknjizara.hr\\\/#organization\"},\"potentialAction\":[{\"@type\":\"SearchAction\",\"target\":{\"@type\":\"EntryPoint\",\"urlTemplate\":\"https:\\\/\\\/webknjizara.hr\\\/?s={search_term_string}\"},\"query-input\":{\"@type\":\"PropertyValueSpecification\",\"valueRequired\":true,\"valueName\":\"search_term_string\"}}],\"inLanguage\":\"en-US\"},{\"@type\":\"Organization\",\"@id\":\"https:\\\/\\\/webknjizara.hr\\\/#organization\",\"name\":\"REDAK D.O.O.\",\"url\":\"https:\\\/\\\/webknjizara.hr\\\/\",\"logo\":{\"@type\":\"ImageObject\",\"inLanguage\":\"en-US\",\"@id\":\"https:\\\/\\\/webknjizara.hr\\\/#\\\/schema\\\/logo\\\/image\\\/\",\"url\":\"https:\\\/\\\/webknjizara.hr\\\/wp-content\\\/uploads\\\/2023\\\/01\\\/web-knjizara-logo.webp\",\"contentUrl\":\"https:\\\/\\\/webknjizara.hr\\\/wp-content\\\/uploads\\\/2023\\\/01\\\/web-knjizara-logo.webp\",\"width\":324,\"height\":79,\"caption\":\"REDAK D.O.O.\"},\"image\":{\"@id\":\"https:\\\/\\\/webknjizara.hr\\\/#\\\/schema\\\/logo\\\/image\\\/\"}}]}<\/script>\n<!-- \/ Yoast SEO plugin. -->","yoast_head_json":{"title":"VOIDOOM ZYRA, Neven Krapec - Web-knji\u017eara","robots":{"index":"index","follow":"follow","max-snippet":"max-snippet:-1","max-image-preview":"max-image-preview:large","max-video-preview":"max-video-preview:-1"},"canonical":"https:\/\/webknjizara.hr\/proizvod\/voidom-zyra-neven-krapec\/","og_locale":"en_US","og_type":"article","og_title":"VOIDOOM ZYRA, Neven Krapec - Web-knji\u017eara","og_description":"Voidoom Zyra mrzi \u017eivot. Mrzi postojanje i svemir koji prkosi Ni\u0161tavilu. U svijetu prepunom boli, licemjerja i besmisla, Voidoom \u017eeli samo jedno: ugasiti svemir, ugasiti patnju \u2013 jednom zauvijek. No, da bi ostvario taj cilj, mora dose\u0107i apsolutnu mo\u0107 i postati bog iznad bogova. Od brutalnog djetinjstva i mu\u010dne svakodnevice do samoubojstva koje ga nije [&hellip;]","og_url":"https:\/\/webknjizara.hr\/proizvod\/voidom-zyra-neven-krapec\/","og_site_name":"Web-knji\u017eara","article_modified_time":"2025-01-30T13:31:11+00:00","og_image":[{"width":300,"height":419,"url":"https:\/\/webknjizara.hr\/wp-content\/uploads\/2025\/01\/Neven_Krapec_Voidom_Zyra_webknjizara_redak_WEB_1648.jpg","type":"image\/jpeg"}],"twitter_card":"summary_large_image","twitter_misc":{"Est. reading time":"2 minutes"},"schema":{"@context":"https:\/\/schema.org","@graph":[{"@type":"WebPage","@id":"https:\/\/webknjizara.hr\/proizvod\/voidom-zyra-neven-krapec\/","url":"https:\/\/webknjizara.hr\/proizvod\/voidom-zyra-neven-krapec\/","name":"VOIDOOM ZYRA, Neven Krapec - Web-knji\u017eara","isPartOf":{"@id":"https:\/\/webknjizara.hr\/#website"},"primaryImageOfPage":{"@id":"https:\/\/webknjizara.hr\/proizvod\/voidom-zyra-neven-krapec\/#primaryimage"},"image":{"@id":"https:\/\/webknjizara.hr\/proizvod\/voidom-zyra-neven-krapec\/#primaryimage"},"thumbnailUrl":"https:\/\/webknjizara.hr\/wp-content\/uploads\/2025\/01\/Neven_Krapec_Voidom_Zyra_webknjizara_redak_WEB_1648.jpg","datePublished":"2025-01-30T13:29:17+00:00","dateModified":"2025-01-30T13:31:11+00:00","breadcrumb":{"@id":"https:\/\/webknjizara.hr\/proizvod\/voidom-zyra-neven-krapec\/#breadcrumb"},"inLanguage":"en-US","potentialAction":[{"@type":"ReadAction","target":["https:\/\/webknjizara.hr\/proizvod\/voidom-zyra-neven-krapec\/"]}]},{"@type":"ImageObject","inLanguage":"en-US","@id":"https:\/\/webknjizara.hr\/proizvod\/voidom-zyra-neven-krapec\/#primaryimage","url":"https:\/\/webknjizara.hr\/wp-content\/uploads\/2025\/01\/Neven_Krapec_Voidom_Zyra_webknjizara_redak_WEB_1648.jpg","contentUrl":"https:\/\/webknjizara.hr\/wp-content\/uploads\/2025\/01\/Neven_Krapec_Voidom_Zyra_webknjizara_redak_WEB_1648.jpg","width":300,"height":419},{"@type":"BreadcrumbList","@id":"https:\/\/webknjizara.hr\/proizvod\/voidom-zyra-neven-krapec\/#breadcrumb","itemListElement":[{"@type":"ListItem","position":1,"name":"Po\u010detna stranica","item":"https:\/\/webknjizara.hr\/en\/"},{"@type":"ListItem","position":2,"name":"Shop","item":"https:\/\/webknjizara.hr\/shop\/"},{"@type":"ListItem","position":3,"name":"VOIDOOM ZYRA, Neven Krapec"}]},{"@type":"WebSite","@id":"https:\/\/webknjizara.hr\/#website","url":"https:\/\/webknjizara.hr\/","name":"Web Knji\u017eara","description":"","publisher":{"@id":"https:\/\/webknjizara.hr\/#organization"},"potentialAction":[{"@type":"SearchAction","target":{"@type":"EntryPoint","urlTemplate":"https:\/\/webknjizara.hr\/?s={search_term_string}"},"query-input":{"@type":"PropertyValueSpecification","valueRequired":true,"valueName":"search_term_string"}}],"inLanguage":"en-US"},{"@type":"Organization","@id":"https:\/\/webknjizara.hr\/#organization","name":"REDAK D.O.O.","url":"https:\/\/webknjizara.hr\/","logo":{"@type":"ImageObject","inLanguage":"en-US","@id":"https:\/\/webknjizara.hr\/#\/schema\/logo\/image\/","url":"https:\/\/webknjizara.hr\/wp-content\/uploads\/2023\/01\/web-knjizara-logo.webp","contentUrl":"https:\/\/webknjizara.hr\/wp-content\/uploads\/2023\/01\/web-knjizara-logo.webp","width":324,"height":79,"caption":"REDAK D.O.O."},"image":{"@id":"https:\/\/webknjizara.hr\/#\/schema\/logo\/image\/"}}]}},"_links":{"self":[{"href":"https:\/\/webknjizara.hr\/en\/wp-json\/wp\/v2\/product\/18619","targetHints":{"allow":["GET"]}}],"collection":[{"href":"https:\/\/webknjizara.hr\/en\/wp-json\/wp\/v2\/product"}],"about":[{"href":"https:\/\/webknjizara.hr\/en\/wp-json\/wp\/v2\/types\/product"}],"replies":[{"embeddable":true,"href":"https:\/\/webknjizara.hr\/en\/wp-json\/wp\/v2\/comments?post=18619"}],"wp:featuredmedia":[{"embeddable":true,"href":"https:\/\/webknjizara.hr\/en\/wp-json\/wp\/v2\/media\/18620"}],"wp:attachment":[{"href":"https:\/\/webknjizara.hr\/en\/wp-json\/wp\/v2\/media?parent=18619"}],"wp:term":[{"taxonomy":"product_brand","embeddable":true,"href":"https:\/\/webknjizara.hr\/en\/wp-json\/wp\/v2\/product_brand?post=18619"},{"taxonomy":"product_cat","embeddable":true,"href":"https:\/\/webknjizara.hr\/en\/wp-json\/wp\/v2\/product_cat?post=18619"},{"taxonomy":"product_tag","embeddable":true,"href":"https:\/\/webknjizara.hr\/en\/wp-json\/wp\/v2\/product_tag?post=18619"}],"curies":[{"name":"wp","href":"https:\/\/api.w.org\/{rel}","templated":true}]}}