{"id":18541,"date":"2025-01-15T14:24:57","date_gmt":"2025-01-15T13:24:57","guid":{"rendered":"https:\/\/webknjizara.hr\/?post_type=product&#038;p=18541"},"modified":"2025-01-15T14:25:01","modified_gmt":"2025-01-15T13:25:01","slug":"skola-u-tanzaniji-ivan-zganec","status":"publish","type":"product","link":"https:\/\/webknjizara.hr\/en\/proizvod\/skola-u-tanzaniji-ivan-zganec\/","title":{"rendered":"\u0160KOLA U TANZANIJI, Ivan \u017dganec"},"content":{"rendered":"<p><span style=\"color: #000000;\"><span lang=\"hr-HR\">Slikovnica prikazuje \u017eivot u Tanzaniji i \u0161kolu u gradu Arushi. Kako funkcionira \u0161kola i volonterski rad u jednoj \u0161koli u Tanzaniji mo\u017ee se vidjeti kroz prikaz fotografije i pri\u010du jednog \u0161kolskog dana.<\/span><\/span><\/p>\n<p>&nbsp;<\/p>\n<p><span style=\"font-family: Arial, sans-serif;\"><span lang=\"hr-HR\"><b>Bilje\u0161ka o autoru\/autorici: <\/b><\/span><\/span><\/p>\n<p><span style=\"color: #000000;\"><span lang=\"hr-HR\">Ivan \u017dganec ro\u0111en je 17. 3. 1984. u Koprivnici. Autor je nekoliko knjiga, a osobno iskustvo volontiranja u Tanzaniji u \u0161koli, prenio je u slikovnici \u201e\u0160kola u Tanzaniji\u201c<\/span><\/span><\/p>\n<p>&nbsp;<\/p>\n<p><strong><span style=\"font-family: Arial, sans-serif;\"><span lang=\"hr-HR\">Naslov: <\/span><\/span><\/strong><strong><span style=\"font-family: Arial, sans-serif;\">\u0160kola u Tanzaniji<\/span><\/strong><span style=\"font-family: Arial, sans-serif;\"><span lang=\"hr-HR\"><br \/>\n<\/span><\/span><strong><span style=\"font-family: Arial, sans-serif;\"><span lang=\"hr-HR\">Autor\/autorica:<\/span><\/span><\/strong> <span style=\"font-family: Arial, sans-serif;\">Ivan \u017dganec<\/span><span style=\"font-family: Arial, sans-serif;\"><span lang=\"hr-HR\"><br \/>\n<\/span><\/span><strong><span style=\"font-family: Arial, sans-serif;\"><span lang=\"hr-HR\">Broj stranica: <\/span><\/span><\/strong><span style=\"font-family: Arial, sans-serif;\"><span lang=\"\">40<\/span><\/span><span style=\"font-family: Arial, sans-serif;\"><span lang=\"hr-HR\"><br \/>\n<\/span><\/span><strong><span style=\"font-family: Arial, sans-serif;\"><span lang=\"hr-HR\">Nakladnik: <\/span><\/span><\/strong><strong><span style=\"font-family: Arial, sans-serif;\">REDAK<\/span><\/strong><span style=\"font-family: Arial, sans-serif;\"><span lang=\"hr-HR\"><br \/>\n<\/span><\/span><strong><span style=\"font-family: Arial, sans-serif;\"><span lang=\"hr-HR\">Godina izdanja: <\/span><\/span><\/strong><strong><span style=\"font-family: Arial, sans-serif;\">2024.<\/span><\/strong><strong><span style=\"font-family: Arial, sans-serif;\"><span lang=\"hr-HR\">.<br \/>\n<\/span><\/span><\/strong><strong><span style=\"font-family: Arial, sans-serif;\">ISBN:<\/span><\/strong><span style=\"font-family: Arial, sans-serif;\"> 978-953-395-024-2<br \/>\n<\/span><strong><span style=\"font-family: Arial, sans-serif;\">Tisak:<\/span><\/strong><span style=\"font-family: Arial, sans-serif;\"> digitalni tisak knjiga &#8211; print na zahtjev<\/span><\/p>\n","protected":false},"excerpt":{"rendered":"<p>Slikovnica prikazuje \u017eivot u Tanzaniji i \u0161kolu u gradu Arushi. Kako funkcionira \u0161kola i volonterski rad u jednoj \u0161koli u Tanzaniji mo\u017ee se vidjeti kroz prikaz fotografije i pri\u010du jednog \u0161kolskog dana. &nbsp; Bilje\u0161ka o autoru\/autorici: Ivan \u017dganec ro\u0111en je 17. 3. 1984. u Koprivnici. Autor je nekoliko knjiga, a osobno iskustvo volontiranja u Tanzaniji [&hellip;]<\/p>\n","protected":false},"featured_media":18543,"comment_status":"open","ping_status":"closed","template":"","meta":{"_acf_changed":false},"product_brand":[],"product_cat":[2583,2362],"product_tag":[],"class_list":{"0":"post-18541","1":"product","2":"type-product","3":"status-publish","4":"has-post-thumbnail","6":"product_cat-djecja-knjiga","7":"product_cat-slikovnica","8":"pa_autor-ivan-zganec","9":"pa_nakladnik-redak","11":"first","12":"instock","13":"shipping-taxable","14":"purchasable","15":"product-type-simple"},"acf":[],"yoast_head":"<!-- This site is optimized with the Yoast SEO plugin v27.3 - https:\/\/yoast.com\/product\/yoast-seo-wordpress\/ -->\n<title>\u0160KOLA U TANZANIJI, Ivan \u017dganec - Web-knji\u017eara<\/title>\n<meta name=\"robots\" content=\"index, follow, max-snippet:-1, max-image-preview:large, max-video-preview:-1\" \/>\n<link rel=\"canonical\" href=\"https:\/\/webknjizara.hr\/proizvod\/skola-u-tanzaniji-ivan-zganec\/\" \/>\n<meta property=\"og:locale\" content=\"en_US\" \/>\n<meta property=\"og:type\" content=\"article\" \/>\n<meta property=\"og:title\" content=\"\u0160KOLA U TANZANIJI, Ivan \u017dganec - Web-knji\u017eara\" \/>\n<meta property=\"og:description\" content=\"Slikovnica prikazuje \u017eivot u Tanzaniji i \u0161kolu u gradu Arushi. Kako funkcionira \u0161kola i volonterski rad u jednoj \u0161koli u Tanzaniji mo\u017ee se vidjeti kroz prikaz fotografije i pri\u010du jednog \u0161kolskog dana. &nbsp; Bilje\u0161ka o autoru\/autorici: Ivan \u017dganec ro\u0111en je 17. 3. 1984. u Koprivnici. Autor je nekoliko knjiga, a osobno iskustvo volontiranja u Tanzaniji [&hellip;]\" \/>\n<meta property=\"og:url\" content=\"https:\/\/webknjizara.hr\/proizvod\/skola-u-tanzaniji-ivan-zganec\/\" \/>\n<meta property=\"og:site_name\" content=\"Web-knji\u017eara\" \/>\n<meta property=\"article:modified_time\" content=\"2025-01-15T13:25:01+00:00\" \/>\n<meta property=\"og:image\" content=\"https:\/\/webknjizara.hr\/wp-content\/uploads\/2025\/01\/Ivan_Zganec_Skola_u_Tanzaniji_webknjizara_redak_WEB_1619.jpg\" \/>\n\t<meta property=\"og:image:width\" content=\"419\" \/>\n\t<meta property=\"og:image:height\" content=\"300\" \/>\n\t<meta property=\"og:image:type\" content=\"image\/jpeg\" \/>\n<meta name=\"twitter:card\" content=\"summary_large_image\" \/>\n<meta name=\"twitter:label1\" content=\"Est. reading time\" \/>\n\t<meta name=\"twitter:data1\" content=\"1 minute\" \/>\n<script type=\"application\/ld+json\" class=\"yoast-schema-graph\">{\"@context\":\"https:\\\/\\\/schema.org\",\"@graph\":[{\"@type\":\"WebPage\",\"@id\":\"https:\\\/\\\/webknjizara.hr\\\/proizvod\\\/skola-u-tanzaniji-ivan-zganec\\\/\",\"url\":\"https:\\\/\\\/webknjizara.hr\\\/proizvod\\\/skola-u-tanzaniji-ivan-zganec\\\/\",\"name\":\"\u0160KOLA U TANZANIJI, Ivan \u017dganec - Web-knji\u017eara\",\"isPartOf\":{\"@id\":\"https:\\\/\\\/webknjizara.hr\\\/#website\"},\"primaryImageOfPage\":{\"@id\":\"https:\\\/\\\/webknjizara.hr\\\/proizvod\\\/skola-u-tanzaniji-ivan-zganec\\\/#primaryimage\"},\"image\":{\"@id\":\"https:\\\/\\\/webknjizara.hr\\\/proizvod\\\/skola-u-tanzaniji-ivan-zganec\\\/#primaryimage\"},\"thumbnailUrl\":\"https:\\\/\\\/webknjizara.hr\\\/wp-content\\\/uploads\\\/2025\\\/01\\\/Ivan_Zganec_Skola_u_Tanzaniji_webknjizara_redak_WEB_1619.jpg\",\"datePublished\":\"2025-01-15T13:24:57+00:00\",\"dateModified\":\"2025-01-15T13:25:01+00:00\",\"breadcrumb\":{\"@id\":\"https:\\\/\\\/webknjizara.hr\\\/proizvod\\\/skola-u-tanzaniji-ivan-zganec\\\/#breadcrumb\"},\"inLanguage\":\"en-US\",\"potentialAction\":[{\"@type\":\"ReadAction\",\"target\":[\"https:\\\/\\\/webknjizara.hr\\\/proizvod\\\/skola-u-tanzaniji-ivan-zganec\\\/\"]}]},{\"@type\":\"ImageObject\",\"inLanguage\":\"en-US\",\"@id\":\"https:\\\/\\\/webknjizara.hr\\\/proizvod\\\/skola-u-tanzaniji-ivan-zganec\\\/#primaryimage\",\"url\":\"https:\\\/\\\/webknjizara.hr\\\/wp-content\\\/uploads\\\/2025\\\/01\\\/Ivan_Zganec_Skola_u_Tanzaniji_webknjizara_redak_WEB_1619.jpg\",\"contentUrl\":\"https:\\\/\\\/webknjizara.hr\\\/wp-content\\\/uploads\\\/2025\\\/01\\\/Ivan_Zganec_Skola_u_Tanzaniji_webknjizara_redak_WEB_1619.jpg\",\"width\":419,\"height\":300},{\"@type\":\"BreadcrumbList\",\"@id\":\"https:\\\/\\\/webknjizara.hr\\\/proizvod\\\/skola-u-tanzaniji-ivan-zganec\\\/#breadcrumb\",\"itemListElement\":[{\"@type\":\"ListItem\",\"position\":1,\"name\":\"Po\u010detna stranica\",\"item\":\"https:\\\/\\\/webknjizara.hr\\\/en\\\/\"},{\"@type\":\"ListItem\",\"position\":2,\"name\":\"Shop\",\"item\":\"https:\\\/\\\/webknjizara.hr\\\/shop\\\/\"},{\"@type\":\"ListItem\",\"position\":3,\"name\":\"\u0160KOLA U TANZANIJI, Ivan \u017dganec\"}]},{\"@type\":\"WebSite\",\"@id\":\"https:\\\/\\\/webknjizara.hr\\\/#website\",\"url\":\"https:\\\/\\\/webknjizara.hr\\\/\",\"name\":\"Web Knji\u017eara\",\"description\":\"\",\"publisher\":{\"@id\":\"https:\\\/\\\/webknjizara.hr\\\/#organization\"},\"potentialAction\":[{\"@type\":\"SearchAction\",\"target\":{\"@type\":\"EntryPoint\",\"urlTemplate\":\"https:\\\/\\\/webknjizara.hr\\\/?s={search_term_string}\"},\"query-input\":{\"@type\":\"PropertyValueSpecification\",\"valueRequired\":true,\"valueName\":\"search_term_string\"}}],\"inLanguage\":\"en-US\"},{\"@type\":\"Organization\",\"@id\":\"https:\\\/\\\/webknjizara.hr\\\/#organization\",\"name\":\"REDAK D.O.O.\",\"url\":\"https:\\\/\\\/webknjizara.hr\\\/\",\"logo\":{\"@type\":\"ImageObject\",\"inLanguage\":\"en-US\",\"@id\":\"https:\\\/\\\/webknjizara.hr\\\/#\\\/schema\\\/logo\\\/image\\\/\",\"url\":\"https:\\\/\\\/webknjizara.hr\\\/wp-content\\\/uploads\\\/2023\\\/01\\\/web-knjizara-logo.webp\",\"contentUrl\":\"https:\\\/\\\/webknjizara.hr\\\/wp-content\\\/uploads\\\/2023\\\/01\\\/web-knjizara-logo.webp\",\"width\":324,\"height\":79,\"caption\":\"REDAK D.O.O.\"},\"image\":{\"@id\":\"https:\\\/\\\/webknjizara.hr\\\/#\\\/schema\\\/logo\\\/image\\\/\"}}]}<\/script>\n<!-- \/ Yoast SEO plugin. -->","yoast_head_json":{"title":"\u0160KOLA U TANZANIJI, Ivan \u017dganec - Web-knji\u017eara","robots":{"index":"index","follow":"follow","max-snippet":"max-snippet:-1","max-image-preview":"max-image-preview:large","max-video-preview":"max-video-preview:-1"},"canonical":"https:\/\/webknjizara.hr\/proizvod\/skola-u-tanzaniji-ivan-zganec\/","og_locale":"en_US","og_type":"article","og_title":"\u0160KOLA U TANZANIJI, Ivan \u017dganec - Web-knji\u017eara","og_description":"Slikovnica prikazuje \u017eivot u Tanzaniji i \u0161kolu u gradu Arushi. Kako funkcionira \u0161kola i volonterski rad u jednoj \u0161koli u Tanzaniji mo\u017ee se vidjeti kroz prikaz fotografije i pri\u010du jednog \u0161kolskog dana. &nbsp; Bilje\u0161ka o autoru\/autorici: Ivan \u017dganec ro\u0111en je 17. 3. 1984. u Koprivnici. Autor je nekoliko knjiga, a osobno iskustvo volontiranja u Tanzaniji [&hellip;]","og_url":"https:\/\/webknjizara.hr\/proizvod\/skola-u-tanzaniji-ivan-zganec\/","og_site_name":"Web-knji\u017eara","article_modified_time":"2025-01-15T13:25:01+00:00","og_image":[{"width":419,"height":300,"url":"https:\/\/webknjizara.hr\/wp-content\/uploads\/2025\/01\/Ivan_Zganec_Skola_u_Tanzaniji_webknjizara_redak_WEB_1619.jpg","type":"image\/jpeg"}],"twitter_card":"summary_large_image","twitter_misc":{"Est. reading time":"1 minute"},"schema":{"@context":"https:\/\/schema.org","@graph":[{"@type":"WebPage","@id":"https:\/\/webknjizara.hr\/proizvod\/skola-u-tanzaniji-ivan-zganec\/","url":"https:\/\/webknjizara.hr\/proizvod\/skola-u-tanzaniji-ivan-zganec\/","name":"\u0160KOLA U TANZANIJI, Ivan \u017dganec - Web-knji\u017eara","isPartOf":{"@id":"https:\/\/webknjizara.hr\/#website"},"primaryImageOfPage":{"@id":"https:\/\/webknjizara.hr\/proizvod\/skola-u-tanzaniji-ivan-zganec\/#primaryimage"},"image":{"@id":"https:\/\/webknjizara.hr\/proizvod\/skola-u-tanzaniji-ivan-zganec\/#primaryimage"},"thumbnailUrl":"https:\/\/webknjizara.hr\/wp-content\/uploads\/2025\/01\/Ivan_Zganec_Skola_u_Tanzaniji_webknjizara_redak_WEB_1619.jpg","datePublished":"2025-01-15T13:24:57+00:00","dateModified":"2025-01-15T13:25:01+00:00","breadcrumb":{"@id":"https:\/\/webknjizara.hr\/proizvod\/skola-u-tanzaniji-ivan-zganec\/#breadcrumb"},"inLanguage":"en-US","potentialAction":[{"@type":"ReadAction","target":["https:\/\/webknjizara.hr\/proizvod\/skola-u-tanzaniji-ivan-zganec\/"]}]},{"@type":"ImageObject","inLanguage":"en-US","@id":"https:\/\/webknjizara.hr\/proizvod\/skola-u-tanzaniji-ivan-zganec\/#primaryimage","url":"https:\/\/webknjizara.hr\/wp-content\/uploads\/2025\/01\/Ivan_Zganec_Skola_u_Tanzaniji_webknjizara_redak_WEB_1619.jpg","contentUrl":"https:\/\/webknjizara.hr\/wp-content\/uploads\/2025\/01\/Ivan_Zganec_Skola_u_Tanzaniji_webknjizara_redak_WEB_1619.jpg","width":419,"height":300},{"@type":"BreadcrumbList","@id":"https:\/\/webknjizara.hr\/proizvod\/skola-u-tanzaniji-ivan-zganec\/#breadcrumb","itemListElement":[{"@type":"ListItem","position":1,"name":"Po\u010detna stranica","item":"https:\/\/webknjizara.hr\/en\/"},{"@type":"ListItem","position":2,"name":"Shop","item":"https:\/\/webknjizara.hr\/shop\/"},{"@type":"ListItem","position":3,"name":"\u0160KOLA U TANZANIJI, Ivan \u017dganec"}]},{"@type":"WebSite","@id":"https:\/\/webknjizara.hr\/#website","url":"https:\/\/webknjizara.hr\/","name":"Web Knji\u017eara","description":"","publisher":{"@id":"https:\/\/webknjizara.hr\/#organization"},"potentialAction":[{"@type":"SearchAction","target":{"@type":"EntryPoint","urlTemplate":"https:\/\/webknjizara.hr\/?s={search_term_string}"},"query-input":{"@type":"PropertyValueSpecification","valueRequired":true,"valueName":"search_term_string"}}],"inLanguage":"en-US"},{"@type":"Organization","@id":"https:\/\/webknjizara.hr\/#organization","name":"REDAK D.O.O.","url":"https:\/\/webknjizara.hr\/","logo":{"@type":"ImageObject","inLanguage":"en-US","@id":"https:\/\/webknjizara.hr\/#\/schema\/logo\/image\/","url":"https:\/\/webknjizara.hr\/wp-content\/uploads\/2023\/01\/web-knjizara-logo.webp","contentUrl":"https:\/\/webknjizara.hr\/wp-content\/uploads\/2023\/01\/web-knjizara-logo.webp","width":324,"height":79,"caption":"REDAK D.O.O."},"image":{"@id":"https:\/\/webknjizara.hr\/#\/schema\/logo\/image\/"}}]}},"_links":{"self":[{"href":"https:\/\/webknjizara.hr\/en\/wp-json\/wp\/v2\/product\/18541","targetHints":{"allow":["GET"]}}],"collection":[{"href":"https:\/\/webknjizara.hr\/en\/wp-json\/wp\/v2\/product"}],"about":[{"href":"https:\/\/webknjizara.hr\/en\/wp-json\/wp\/v2\/types\/product"}],"replies":[{"embeddable":true,"href":"https:\/\/webknjizara.hr\/en\/wp-json\/wp\/v2\/comments?post=18541"}],"wp:featuredmedia":[{"embeddable":true,"href":"https:\/\/webknjizara.hr\/en\/wp-json\/wp\/v2\/media\/18543"}],"wp:attachment":[{"href":"https:\/\/webknjizara.hr\/en\/wp-json\/wp\/v2\/media?parent=18541"}],"wp:term":[{"taxonomy":"product_brand","embeddable":true,"href":"https:\/\/webknjizara.hr\/en\/wp-json\/wp\/v2\/product_brand?post=18541"},{"taxonomy":"product_cat","embeddable":true,"href":"https:\/\/webknjizara.hr\/en\/wp-json\/wp\/v2\/product_cat?post=18541"},{"taxonomy":"product_tag","embeddable":true,"href":"https:\/\/webknjizara.hr\/en\/wp-json\/wp\/v2\/product_tag?post=18541"}],"curies":[{"name":"wp","href":"https:\/\/api.w.org\/{rel}","templated":true}]}}