{"id":18229,"date":"2024-11-28T11:56:39","date_gmt":"2024-11-28T10:56:39","guid":{"rendered":"https:\/\/webknjizara.hr\/?post_type=product&#038;p=18229"},"modified":"2024-11-28T11:56:40","modified_gmt":"2024-11-28T10:56:40","slug":"odrzavanje-broda-korozija-i-zastita-materijala-r-ivce-r-mohovic-d-zorovic-d-mohovic-i-a-blazina","status":"publish","type":"product","link":"https:\/\/webknjizara.hr\/en\/proizvod\/odrzavanje-broda-korozija-i-zastita-materijala-r-ivce-r-mohovic-d-zorovic-d-mohovic-i-a-blazina\/","title":{"rendered":"ODR\u017dAVANJE BRODA KOROZIJA I ZA\u0160TITA MATERIJALA, R. Iv\u010de, R. Mohovi\u0107, D. Zorovi\u0107, \u00d0. Mohovi\u0107 i A. Bla\u017eina"},"content":{"rendered":"<p><span lang=\"hr-HR\">Trgova\u010dki brodovi predvi\u0111eni za prijevozu putnika i tereta u obavljanju svojih djelatnosti slijede ekonomske zakonitosti te postavljene zahtjeve sigurnosti. Stoga je jedan od osnovnih ciljeva odr\u017eavanja brodskih sustava omogu\u0107iti sposobnost broda za plovidbu te sposobnost broda za namjenom predvi\u0111enu tehnolo\u0161ku funkciju. Morsko brodarstvo je jedna od najzahtjevnijih i najizazovnijih grana prometa, s brodovima koji su izlo\u017eeni agresivnom okoli\u0161u koji pospje\u0161uje koroziju i ostale procese degradacije materijala. Stoga je osnovni cilj ovog znanstvenog dijela razmatranje korozije kao najzna\u010dajnijeg oblika degradacije materijala i njenog u\u010dinka na strukturalne elementa broda te razlo\u017eiti sustavne mjere prevencije i za\u0161tite od korozije. <\/span><\/p>\n<p><span lang=\"hr-HR\">U uvodnom dijelu ud\u017ebenika su autori sagledali pristupe odr\u017eavanja i njihov utjecaj na tro\u0161kove broda. Degradacija materijala i njen naju\u010destaliji pojavni oblik na brodu, korozija, su obra\u0111eni s aspekta utjecaja na brodsku strukturu. Pritom je sagledana korozija obzirom na kinetiku procesa, oblici pojavnosti korozije te rasprostranjenost korozije obzirom na mediji u kojem se pojavljuje. Poznavanje korozijskih svojstava tehni\u010dkih materijala sagledano je prvenstveno s aspekta primjene u pomorstvu i mogu\u0107nosti poduzimanja u\u010dinkovite za\u0161tite. Trup broda kao osnovni strukturni segment broda razmatran je s gledi\u0161ta primjene odre\u0111enih sustava odr\u017eavanja.<\/span><\/p>\n<p>&nbsp;<\/p>\n<p><span style=\"font-family: Arial, sans-serif;\"><span lang=\"hr-HR\"><b>Bilje\u0161ka o autorima: <\/b><\/span><\/span><\/p>\n<p><span style=\"color: #000000;\"><span lang=\"it-IT\">dr. sc. Renato Iv\u010de redoviti profesor, kapetan duge plovidbe; dr. sc. Robert Mohovi\u0107 redoviti profesor u trajnom zvanju, kapetan duge plovidbe; dr. sc. Dinko Zorovi\u0107 umirovljeni profesor, kapetan duge plovidbe; dr. sc. \u0110ani Mohovi\u0107 redoviti profesor, kapetan duge plovidbe; Antonio Bla\u017eina mag. <\/span><\/span><span style=\"color: #000000;\">Ing. Nautike, kapetan duge plovidbe<\/span><\/p>\n<p>&nbsp;<\/p>\n<p><strong><span style=\"font-family: Arial, sans-serif;\"><span lang=\"hr-HR\">Naslov: <\/span><\/span><\/strong><strong><span style=\"font-family: Arial, sans-serif;\">ODR\u017dAVANJE BRODA KOROZIJA I ZA\u0160TITA MATERIJALA<\/span><\/strong><span style=\"font-family: Arial, sans-serif;\"><span lang=\"hr-HR\"><br \/>\n<\/span><\/span><strong><span style=\"font-family: Arial, sans-serif;\"><span lang=\"hr-HR\">Autor\/autori:<\/span><\/span><\/strong> <span style=\"font-family: Arial, sans-serif;\">R. Iv\u010de, R. Mohovi\u0107, D. Zorovi\u0107, \u00d0. Mohovi\u0107 i A. Bla\u017eina<\/span><span style=\"font-family: Arial, sans-serif;\"><span lang=\"hr-HR\"><br \/>\n<\/span><\/span><strong><span style=\"font-family: Arial, sans-serif;\"><span lang=\"hr-HR\">Broj stranica: <\/span><\/span><\/strong><span style=\"font-family: Arial, sans-serif;\"><span lang=\"\">160<\/span><\/span><span style=\"font-family: Arial, sans-serif;\"><span lang=\"hr-HR\"><br \/>\n<\/span><\/span><strong><span style=\"font-family: Arial, sans-serif;\"><span lang=\"hr-HR\">Nakladnik: <\/span><\/span><\/strong><strong><span style=\"font-family: Arial, sans-serif;\">Pomorski fakultet u Rijeci<\/span><\/strong><span style=\"font-family: Arial, sans-serif;\"><span lang=\"hr-HR\"><br \/>\n<\/span><\/span><strong><span style=\"font-family: Arial, sans-serif;\"><span lang=\"hr-HR\">Godina izdanja: <\/span><\/span><\/strong><strong><span style=\"font-family: Arial, sans-serif;\">2024.<\/span><\/strong><strong><span style=\"font-family: Arial, sans-serif;\"><span lang=\"hr-HR\">.<br \/>\n<\/span><\/span><\/strong><strong><span style=\"font-family: Arial, sans-serif;\"><span lang=\"hr-HR\">ISBN:<\/span><\/span><\/strong> <span style=\"font-family: Arial, sans-serif;\">978-953-165-143-1<\/span><span style=\"font-family: Arial, sans-serif;\"><span lang=\"hr-HR\"><br \/>\n<\/span><\/span><strong><span style=\"font-family: Arial, sans-serif;\"><span lang=\"hr-HR\">Tisak:<\/span><\/span><\/strong><span style=\"font-family: Arial, sans-serif;\"><span lang=\"hr-HR\"> digitalni tisak knjiga &#8211; print na zahtjev<\/span><\/span><\/p>\n","protected":false},"excerpt":{"rendered":"<p>Trgova\u010dki brodovi predvi\u0111eni za prijevozu putnika i tereta u obavljanju svojih djelatnosti slijede ekonomske zakonitosti te postavljene zahtjeve sigurnosti. Stoga je jedan od osnovnih ciljeva odr\u017eavanja brodskih sustava omogu\u0107iti sposobnost broda za plovidbu te sposobnost broda za namjenom predvi\u0111enu tehnolo\u0161ku funkciju. Morsko brodarstvo je jedna od najzahtjevnijih i najizazovnijih grana prometa, s brodovima koji su [&hellip;]<\/p>\n","protected":false},"featured_media":18230,"comment_status":"open","ping_status":"closed","template":"","meta":{"_acf_changed":false},"product_brand":[],"product_cat":[1527],"product_tag":[],"class_list":{"0":"post-18229","1":"product","2":"type-product","3":"status-publish","4":"has-post-thumbnail","6":"product_cat-sveucilisni-udzbenici","7":"pa_autor-a-blazina","8":"pa_autor-d-zorovic","9":"pa_autor-d-mohovic","10":"pa_autor-r-ivce","11":"pa_autor-r-mohovic","12":"pa_nakladnik-pomorski-fakultet-u-rijeci","14":"first","15":"instock","16":"shipping-taxable","17":"purchasable","18":"product-type-simple"},"acf":[],"yoast_head":"<!-- This site is optimized with the Yoast SEO plugin v27.3 - https:\/\/yoast.com\/product\/yoast-seo-wordpress\/ -->\n<title>ODR\u017dAVANJE BRODA KOROZIJA I ZA\u0160TITA MATERIJALA, R. Iv\u010de, R. Mohovi\u0107, D. Zorovi\u0107, \u00d0. Mohovi\u0107 i A. Bla\u017eina - Web-knji\u017eara<\/title>\n<meta name=\"robots\" content=\"index, follow, max-snippet:-1, max-image-preview:large, max-video-preview:-1\" \/>\n<link rel=\"canonical\" href=\"https:\/\/webknjizara.hr\/proizvod\/odrzavanje-broda-korozija-i-zastita-materijala-r-ivce-r-mohovic-d-zorovic-d-mohovic-i-a-blazina\/\" \/>\n<meta property=\"og:locale\" content=\"en_US\" \/>\n<meta property=\"og:type\" content=\"article\" \/>\n<meta property=\"og:title\" content=\"ODR\u017dAVANJE BRODA KOROZIJA I ZA\u0160TITA MATERIJALA, R. Iv\u010de, R. Mohovi\u0107, D. Zorovi\u0107, \u00d0. Mohovi\u0107 i A. Bla\u017eina - Web-knji\u017eara\" \/>\n<meta property=\"og:description\" content=\"Trgova\u010dki brodovi predvi\u0111eni za prijevozu putnika i tereta u obavljanju svojih djelatnosti slijede ekonomske zakonitosti te postavljene zahtjeve sigurnosti. Stoga je jedan od osnovnih ciljeva odr\u017eavanja brodskih sustava omogu\u0107iti sposobnost broda za plovidbu te sposobnost broda za namjenom predvi\u0111enu tehnolo\u0161ku funkciju. Morsko brodarstvo je jedna od najzahtjevnijih i najizazovnijih grana prometa, s brodovima koji su [&hellip;]\" \/>\n<meta property=\"og:url\" content=\"https:\/\/webknjizara.hr\/proizvod\/odrzavanje-broda-korozija-i-zastita-materijala-r-ivce-r-mohovic-d-zorovic-d-mohovic-i-a-blazina\/\" \/>\n<meta property=\"og:site_name\" content=\"Web-knji\u017eara\" \/>\n<meta property=\"article:modified_time\" content=\"2024-11-28T10:56:40+00:00\" \/>\n<meta property=\"og:image\" content=\"https:\/\/webknjizara.hr\/wp-content\/uploads\/2024\/11\/R._Ivce_R._Mohovic_D._Zorovic_D._Mohovic_i_A._Blazina_ODRZAVANJE_BRODA_KOROZIJA_I_ZASTITA_MATERIJALA_webknjizara_redak_WEB_1579.jpg\" \/>\n\t<meta property=\"og:image:width\" content=\"300\" \/>\n\t<meta property=\"og:image:height\" content=\"419\" \/>\n\t<meta property=\"og:image:type\" content=\"image\/jpeg\" \/>\n<meta name=\"twitter:card\" content=\"summary_large_image\" \/>\n<meta name=\"twitter:label1\" content=\"Est. reading time\" \/>\n\t<meta name=\"twitter:data1\" content=\"2 minutes\" \/>\n<script type=\"application\/ld+json\" class=\"yoast-schema-graph\">{\"@context\":\"https:\\\/\\\/schema.org\",\"@graph\":[{\"@type\":\"WebPage\",\"@id\":\"https:\\\/\\\/webknjizara.hr\\\/proizvod\\\/odrzavanje-broda-korozija-i-zastita-materijala-r-ivce-r-mohovic-d-zorovic-d-mohovic-i-a-blazina\\\/\",\"url\":\"https:\\\/\\\/webknjizara.hr\\\/proizvod\\\/odrzavanje-broda-korozija-i-zastita-materijala-r-ivce-r-mohovic-d-zorovic-d-mohovic-i-a-blazina\\\/\",\"name\":\"ODR\u017dAVANJE BRODA KOROZIJA I ZA\u0160TITA MATERIJALA, R. Iv\u010de, R. Mohovi\u0107, D. Zorovi\u0107, \u00d0. Mohovi\u0107 i A. Bla\u017eina - Web-knji\u017eara\",\"isPartOf\":{\"@id\":\"https:\\\/\\\/webknjizara.hr\\\/#website\"},\"primaryImageOfPage\":{\"@id\":\"https:\\\/\\\/webknjizara.hr\\\/proizvod\\\/odrzavanje-broda-korozija-i-zastita-materijala-r-ivce-r-mohovic-d-zorovic-d-mohovic-i-a-blazina\\\/#primaryimage\"},\"image\":{\"@id\":\"https:\\\/\\\/webknjizara.hr\\\/proizvod\\\/odrzavanje-broda-korozija-i-zastita-materijala-r-ivce-r-mohovic-d-zorovic-d-mohovic-i-a-blazina\\\/#primaryimage\"},\"thumbnailUrl\":\"https:\\\/\\\/webknjizara.hr\\\/wp-content\\\/uploads\\\/2024\\\/11\\\/R._Ivce_R._Mohovic_D._Zorovic_D._Mohovic_i_A._Blazina_ODRZAVANJE_BRODA_KOROZIJA_I_ZASTITA_MATERIJALA_webknjizara_redak_WEB_1579.jpg\",\"datePublished\":\"2024-11-28T10:56:39+00:00\",\"dateModified\":\"2024-11-28T10:56:40+00:00\",\"breadcrumb\":{\"@id\":\"https:\\\/\\\/webknjizara.hr\\\/proizvod\\\/odrzavanje-broda-korozija-i-zastita-materijala-r-ivce-r-mohovic-d-zorovic-d-mohovic-i-a-blazina\\\/#breadcrumb\"},\"inLanguage\":\"en-US\",\"potentialAction\":[{\"@type\":\"ReadAction\",\"target\":[\"https:\\\/\\\/webknjizara.hr\\\/proizvod\\\/odrzavanje-broda-korozija-i-zastita-materijala-r-ivce-r-mohovic-d-zorovic-d-mohovic-i-a-blazina\\\/\"]}]},{\"@type\":\"ImageObject\",\"inLanguage\":\"en-US\",\"@id\":\"https:\\\/\\\/webknjizara.hr\\\/proizvod\\\/odrzavanje-broda-korozija-i-zastita-materijala-r-ivce-r-mohovic-d-zorovic-d-mohovic-i-a-blazina\\\/#primaryimage\",\"url\":\"https:\\\/\\\/webknjizara.hr\\\/wp-content\\\/uploads\\\/2024\\\/11\\\/R._Ivce_R._Mohovic_D._Zorovic_D._Mohovic_i_A._Blazina_ODRZAVANJE_BRODA_KOROZIJA_I_ZASTITA_MATERIJALA_webknjizara_redak_WEB_1579.jpg\",\"contentUrl\":\"https:\\\/\\\/webknjizara.hr\\\/wp-content\\\/uploads\\\/2024\\\/11\\\/R._Ivce_R._Mohovic_D._Zorovic_D._Mohovic_i_A._Blazina_ODRZAVANJE_BRODA_KOROZIJA_I_ZASTITA_MATERIJALA_webknjizara_redak_WEB_1579.jpg\",\"width\":300,\"height\":419},{\"@type\":\"BreadcrumbList\",\"@id\":\"https:\\\/\\\/webknjizara.hr\\\/proizvod\\\/odrzavanje-broda-korozija-i-zastita-materijala-r-ivce-r-mohovic-d-zorovic-d-mohovic-i-a-blazina\\\/#breadcrumb\",\"itemListElement\":[{\"@type\":\"ListItem\",\"position\":1,\"name\":\"Po\u010detna stranica\",\"item\":\"https:\\\/\\\/webknjizara.hr\\\/en\\\/\"},{\"@type\":\"ListItem\",\"position\":2,\"name\":\"Shop\",\"item\":\"https:\\\/\\\/webknjizara.hr\\\/shop\\\/\"},{\"@type\":\"ListItem\",\"position\":3,\"name\":\"ODR\u017dAVANJE BRODA KOROZIJA I ZA\u0160TITA MATERIJALA, R. Iv\u010de, R. Mohovi\u0107, D. Zorovi\u0107, \u00d0. Mohovi\u0107 i A. Bla\u017eina\"}]},{\"@type\":\"WebSite\",\"@id\":\"https:\\\/\\\/webknjizara.hr\\\/#website\",\"url\":\"https:\\\/\\\/webknjizara.hr\\\/\",\"name\":\"Web Knji\u017eara\",\"description\":\"\",\"publisher\":{\"@id\":\"https:\\\/\\\/webknjizara.hr\\\/#organization\"},\"potentialAction\":[{\"@type\":\"SearchAction\",\"target\":{\"@type\":\"EntryPoint\",\"urlTemplate\":\"https:\\\/\\\/webknjizara.hr\\\/?s={search_term_string}\"},\"query-input\":{\"@type\":\"PropertyValueSpecification\",\"valueRequired\":true,\"valueName\":\"search_term_string\"}}],\"inLanguage\":\"en-US\"},{\"@type\":\"Organization\",\"@id\":\"https:\\\/\\\/webknjizara.hr\\\/#organization\",\"name\":\"REDAK D.O.O.\",\"url\":\"https:\\\/\\\/webknjizara.hr\\\/\",\"logo\":{\"@type\":\"ImageObject\",\"inLanguage\":\"en-US\",\"@id\":\"https:\\\/\\\/webknjizara.hr\\\/#\\\/schema\\\/logo\\\/image\\\/\",\"url\":\"https:\\\/\\\/webknjizara.hr\\\/wp-content\\\/uploads\\\/2023\\\/01\\\/web-knjizara-logo.webp\",\"contentUrl\":\"https:\\\/\\\/webknjizara.hr\\\/wp-content\\\/uploads\\\/2023\\\/01\\\/web-knjizara-logo.webp\",\"width\":324,\"height\":79,\"caption\":\"REDAK D.O.O.\"},\"image\":{\"@id\":\"https:\\\/\\\/webknjizara.hr\\\/#\\\/schema\\\/logo\\\/image\\\/\"}}]}<\/script>\n<!-- \/ Yoast SEO plugin. -->","yoast_head_json":{"title":"ODR\u017dAVANJE BRODA KOROZIJA I ZA\u0160TITA MATERIJALA, R. Iv\u010de, R. Mohovi\u0107, D. Zorovi\u0107, \u00d0. Mohovi\u0107 i A. Bla\u017eina - Web-knji\u017eara","robots":{"index":"index","follow":"follow","max-snippet":"max-snippet:-1","max-image-preview":"max-image-preview:large","max-video-preview":"max-video-preview:-1"},"canonical":"https:\/\/webknjizara.hr\/proizvod\/odrzavanje-broda-korozija-i-zastita-materijala-r-ivce-r-mohovic-d-zorovic-d-mohovic-i-a-blazina\/","og_locale":"en_US","og_type":"article","og_title":"ODR\u017dAVANJE BRODA KOROZIJA I ZA\u0160TITA MATERIJALA, R. Iv\u010de, R. Mohovi\u0107, D. Zorovi\u0107, \u00d0. Mohovi\u0107 i A. Bla\u017eina - Web-knji\u017eara","og_description":"Trgova\u010dki brodovi predvi\u0111eni za prijevozu putnika i tereta u obavljanju svojih djelatnosti slijede ekonomske zakonitosti te postavljene zahtjeve sigurnosti. Stoga je jedan od osnovnih ciljeva odr\u017eavanja brodskih sustava omogu\u0107iti sposobnost broda za plovidbu te sposobnost broda za namjenom predvi\u0111enu tehnolo\u0161ku funkciju. Morsko brodarstvo je jedna od najzahtjevnijih i najizazovnijih grana prometa, s brodovima koji su [&hellip;]","og_url":"https:\/\/webknjizara.hr\/proizvod\/odrzavanje-broda-korozija-i-zastita-materijala-r-ivce-r-mohovic-d-zorovic-d-mohovic-i-a-blazina\/","og_site_name":"Web-knji\u017eara","article_modified_time":"2024-11-28T10:56:40+00:00","og_image":[{"width":300,"height":419,"url":"https:\/\/webknjizara.hr\/wp-content\/uploads\/2024\/11\/R._Ivce_R._Mohovic_D._Zorovic_D._Mohovic_i_A._Blazina_ODRZAVANJE_BRODA_KOROZIJA_I_ZASTITA_MATERIJALA_webknjizara_redak_WEB_1579.jpg","type":"image\/jpeg"}],"twitter_card":"summary_large_image","twitter_misc":{"Est. reading time":"2 minutes"},"schema":{"@context":"https:\/\/schema.org","@graph":[{"@type":"WebPage","@id":"https:\/\/webknjizara.hr\/proizvod\/odrzavanje-broda-korozija-i-zastita-materijala-r-ivce-r-mohovic-d-zorovic-d-mohovic-i-a-blazina\/","url":"https:\/\/webknjizara.hr\/proizvod\/odrzavanje-broda-korozija-i-zastita-materijala-r-ivce-r-mohovic-d-zorovic-d-mohovic-i-a-blazina\/","name":"ODR\u017dAVANJE BRODA KOROZIJA I ZA\u0160TITA MATERIJALA, R. Iv\u010de, R. Mohovi\u0107, D. Zorovi\u0107, \u00d0. Mohovi\u0107 i A. Bla\u017eina - Web-knji\u017eara","isPartOf":{"@id":"https:\/\/webknjizara.hr\/#website"},"primaryImageOfPage":{"@id":"https:\/\/webknjizara.hr\/proizvod\/odrzavanje-broda-korozija-i-zastita-materijala-r-ivce-r-mohovic-d-zorovic-d-mohovic-i-a-blazina\/#primaryimage"},"image":{"@id":"https:\/\/webknjizara.hr\/proizvod\/odrzavanje-broda-korozija-i-zastita-materijala-r-ivce-r-mohovic-d-zorovic-d-mohovic-i-a-blazina\/#primaryimage"},"thumbnailUrl":"https:\/\/webknjizara.hr\/wp-content\/uploads\/2024\/11\/R._Ivce_R._Mohovic_D._Zorovic_D._Mohovic_i_A._Blazina_ODRZAVANJE_BRODA_KOROZIJA_I_ZASTITA_MATERIJALA_webknjizara_redak_WEB_1579.jpg","datePublished":"2024-11-28T10:56:39+00:00","dateModified":"2024-11-28T10:56:40+00:00","breadcrumb":{"@id":"https:\/\/webknjizara.hr\/proizvod\/odrzavanje-broda-korozija-i-zastita-materijala-r-ivce-r-mohovic-d-zorovic-d-mohovic-i-a-blazina\/#breadcrumb"},"inLanguage":"en-US","potentialAction":[{"@type":"ReadAction","target":["https:\/\/webknjizara.hr\/proizvod\/odrzavanje-broda-korozija-i-zastita-materijala-r-ivce-r-mohovic-d-zorovic-d-mohovic-i-a-blazina\/"]}]},{"@type":"ImageObject","inLanguage":"en-US","@id":"https:\/\/webknjizara.hr\/proizvod\/odrzavanje-broda-korozija-i-zastita-materijala-r-ivce-r-mohovic-d-zorovic-d-mohovic-i-a-blazina\/#primaryimage","url":"https:\/\/webknjizara.hr\/wp-content\/uploads\/2024\/11\/R._Ivce_R._Mohovic_D._Zorovic_D._Mohovic_i_A._Blazina_ODRZAVANJE_BRODA_KOROZIJA_I_ZASTITA_MATERIJALA_webknjizara_redak_WEB_1579.jpg","contentUrl":"https:\/\/webknjizara.hr\/wp-content\/uploads\/2024\/11\/R._Ivce_R._Mohovic_D._Zorovic_D._Mohovic_i_A._Blazina_ODRZAVANJE_BRODA_KOROZIJA_I_ZASTITA_MATERIJALA_webknjizara_redak_WEB_1579.jpg","width":300,"height":419},{"@type":"BreadcrumbList","@id":"https:\/\/webknjizara.hr\/proizvod\/odrzavanje-broda-korozija-i-zastita-materijala-r-ivce-r-mohovic-d-zorovic-d-mohovic-i-a-blazina\/#breadcrumb","itemListElement":[{"@type":"ListItem","position":1,"name":"Po\u010detna stranica","item":"https:\/\/webknjizara.hr\/en\/"},{"@type":"ListItem","position":2,"name":"Shop","item":"https:\/\/webknjizara.hr\/shop\/"},{"@type":"ListItem","position":3,"name":"ODR\u017dAVANJE BRODA KOROZIJA I ZA\u0160TITA MATERIJALA, R. Iv\u010de, R. Mohovi\u0107, D. Zorovi\u0107, \u00d0. Mohovi\u0107 i A. Bla\u017eina"}]},{"@type":"WebSite","@id":"https:\/\/webknjizara.hr\/#website","url":"https:\/\/webknjizara.hr\/","name":"Web Knji\u017eara","description":"","publisher":{"@id":"https:\/\/webknjizara.hr\/#organization"},"potentialAction":[{"@type":"SearchAction","target":{"@type":"EntryPoint","urlTemplate":"https:\/\/webknjizara.hr\/?s={search_term_string}"},"query-input":{"@type":"PropertyValueSpecification","valueRequired":true,"valueName":"search_term_string"}}],"inLanguage":"en-US"},{"@type":"Organization","@id":"https:\/\/webknjizara.hr\/#organization","name":"REDAK D.O.O.","url":"https:\/\/webknjizara.hr\/","logo":{"@type":"ImageObject","inLanguage":"en-US","@id":"https:\/\/webknjizara.hr\/#\/schema\/logo\/image\/","url":"https:\/\/webknjizara.hr\/wp-content\/uploads\/2023\/01\/web-knjizara-logo.webp","contentUrl":"https:\/\/webknjizara.hr\/wp-content\/uploads\/2023\/01\/web-knjizara-logo.webp","width":324,"height":79,"caption":"REDAK D.O.O."},"image":{"@id":"https:\/\/webknjizara.hr\/#\/schema\/logo\/image\/"}}]}},"_links":{"self":[{"href":"https:\/\/webknjizara.hr\/en\/wp-json\/wp\/v2\/product\/18229","targetHints":{"allow":["GET"]}}],"collection":[{"href":"https:\/\/webknjizara.hr\/en\/wp-json\/wp\/v2\/product"}],"about":[{"href":"https:\/\/webknjizara.hr\/en\/wp-json\/wp\/v2\/types\/product"}],"replies":[{"embeddable":true,"href":"https:\/\/webknjizara.hr\/en\/wp-json\/wp\/v2\/comments?post=18229"}],"wp:featuredmedia":[{"embeddable":true,"href":"https:\/\/webknjizara.hr\/en\/wp-json\/wp\/v2\/media\/18230"}],"wp:attachment":[{"href":"https:\/\/webknjizara.hr\/en\/wp-json\/wp\/v2\/media?parent=18229"}],"wp:term":[{"taxonomy":"product_brand","embeddable":true,"href":"https:\/\/webknjizara.hr\/en\/wp-json\/wp\/v2\/product_brand?post=18229"},{"taxonomy":"product_cat","embeddable":true,"href":"https:\/\/webknjizara.hr\/en\/wp-json\/wp\/v2\/product_cat?post=18229"},{"taxonomy":"product_tag","embeddable":true,"href":"https:\/\/webknjizara.hr\/en\/wp-json\/wp\/v2\/product_tag?post=18229"}],"curies":[{"name":"wp","href":"https:\/\/api.w.org\/{rel}","templated":true}]}}