{"id":18222,"date":"2024-11-27T11:33:07","date_gmt":"2024-11-27T10:33:07","guid":{"rendered":"https:\/\/webknjizara.hr\/?post_type=product&#038;p=18222"},"modified":"2024-11-27T11:43:38","modified_gmt":"2024-11-27T10:43:38","slug":"velo-grobje-u-sarcu-mi-je-osatlo-marija-juric","status":"publish","type":"product","link":"https:\/\/webknjizara.hr\/en\/proizvod\/velo-grobje-u-sarcu-mi-je-osatlo-marija-juric\/","title":{"rendered":"VELO GROBJE U SARCU MI JE OSTALO, Marija Juri\u0107"},"content":{"rendered":"<p><span style=\"font-family: Arial, sans-serif;\"><span lang=\"hr-HR\"><b>Bilje\u0161ka o autorici: <\/b><\/span><\/span><\/p>\n<p><span style=\"color: #000000;\"><span lang=\"es-ES\">Marija Juri\u0107 ro\u0111ena Petri\u0107 1940. godine u selu Velom Grablju. Od 1969. \u017eivi u gradu Hvaru ali je neraskidivo vezana za rodno mjesto, kako govori i naslov knjige. U Velo Grablje \u010desto odlazi, a rade\u0107i u polju nastale su i ove pjesme.<\/span><\/span><\/p>\n<p>&nbsp;<\/p>\n<p><strong><span style=\"font-family: Arial, sans-serif;\"><span lang=\"hr-HR\">Naslov: <\/span><\/span><\/strong><strong><span style=\"font-family: Arial, sans-serif;\">Velo Grobje u sarcu mi je ostalo<\/span><\/strong><span style=\"font-family: Arial, sans-serif;\"><span lang=\"hr-HR\"><br \/>\n<\/span><\/span><strong><span style=\"font-family: Arial, sans-serif;\"><span lang=\"hr-HR\">Autor\/autorica:<\/span><\/span><\/strong> <span style=\"font-family: Arial, sans-serif;\">Marija Juri\u0107<\/span><span style=\"font-family: Arial, sans-serif;\"><span lang=\"hr-HR\"><br \/>\n<\/span><\/span><strong><span style=\"font-family: Arial, sans-serif;\"><span lang=\"hr-HR\">Broj stranica: <\/span><\/span><\/strong><span style=\"font-family: Arial, sans-serif;\"><span lang=\"\">62<\/span><\/span><span style=\"font-family: Arial, sans-serif;\"><span lang=\"hr-HR\"><br \/>\n<\/span><\/span><strong><span style=\"font-family: Arial, sans-serif;\"><span lang=\"hr-HR\">Nakladnik: <\/span><\/span><\/strong><strong><span style=\"font-family: Arial, sans-serif;\">REDAK<\/span><\/strong><span style=\"font-family: Arial, sans-serif;\"><span lang=\"hr-HR\"><br \/>\n<\/span><\/span><strong><span style=\"font-family: Arial, sans-serif;\"><span lang=\"hr-HR\">Godina izdanja: <\/span><\/span><\/strong><strong><span style=\"font-family: Arial, sans-serif;\">2024.<\/span><\/strong><strong><span style=\"font-family: Arial, sans-serif;\"><span lang=\"hr-HR\">.<br \/>\n<\/span><\/span><\/strong><strong><span style=\"font-family: Arial, sans-serif;\">ISBN:<\/span><\/strong><span style=\"font-family: Arial, sans-serif;\"> 978-953-395-013-6<br \/>\n<\/span><strong><span style=\"font-family: Arial, sans-serif;\">Tisak:<\/span><\/strong><span style=\"font-family: Arial, sans-serif;\"> digitalni tisak knjiga &#8211; print na zahtjev<\/span><\/p>\n","protected":false},"excerpt":{"rendered":"<p>Bilje\u0161ka o autorici: Marija Juri\u0107 ro\u0111ena Petri\u0107 1940. godine u selu Velom Grablju. Od 1969. \u017eivi u gradu Hvaru ali je neraskidivo vezana za rodno mjesto, kako govori i naslov knjige. U Velo Grablje \u010desto odlazi, a rade\u0107i u polju nastale su i ove pjesme. &nbsp; Naslov: Velo Grobje u sarcu mi je ostalo Autor\/autorica: [&hellip;]<\/p>\n","protected":false},"featured_media":18223,"comment_status":"open","ping_status":"closed","template":"","meta":{"_acf_changed":false},"product_brand":[],"product_cat":[1388],"product_tag":[],"class_list":{"0":"post-18222","1":"product","2":"type-product","3":"status-publish","4":"has-post-thumbnail","6":"product_cat-poezija","7":"pa_autor-marija-juric","8":"pa_nakladnik-redak","10":"first","11":"instock","12":"shipping-taxable","13":"purchasable","14":"product-type-simple"},"acf":[],"yoast_head":"<!-- This site is optimized with the Yoast SEO plugin v27.3 - https:\/\/yoast.com\/product\/yoast-seo-wordpress\/ -->\n<title>VELO GROBJE U SARCU MI JE OSTALO, Marija Juri\u0107 - Web-knji\u017eara<\/title>\n<meta name=\"robots\" content=\"index, follow, max-snippet:-1, max-image-preview:large, max-video-preview:-1\" \/>\n<link rel=\"canonical\" href=\"https:\/\/webknjizara.hr\/proizvod\/velo-grobje-u-sarcu-mi-je-osatlo-marija-juric\/\" \/>\n<meta property=\"og:locale\" content=\"en_US\" \/>\n<meta property=\"og:type\" content=\"article\" \/>\n<meta property=\"og:title\" content=\"VELO GROBJE U SARCU MI JE OSTALO, Marija Juri\u0107 - Web-knji\u017eara\" \/>\n<meta property=\"og:description\" content=\"Bilje\u0161ka o autorici: Marija Juri\u0107 ro\u0111ena Petri\u0107 1940. godine u selu Velom Grablju. Od 1969. \u017eivi u gradu Hvaru ali je neraskidivo vezana za rodno mjesto, kako govori i naslov knjige. U Velo Grablje \u010desto odlazi, a rade\u0107i u polju nastale su i ove pjesme. &nbsp; Naslov: Velo Grobje u sarcu mi je ostalo Autor\/autorica: [&hellip;]\" \/>\n<meta property=\"og:url\" content=\"https:\/\/webknjizara.hr\/proizvod\/velo-grobje-u-sarcu-mi-je-osatlo-marija-juric\/\" \/>\n<meta property=\"og:site_name\" content=\"Web-knji\u017eara\" \/>\n<meta property=\"article:modified_time\" content=\"2024-11-27T10:43:38+00:00\" \/>\n<meta property=\"og:image\" content=\"https:\/\/webknjizara.hr\/wp-content\/uploads\/2024\/11\/Marija_Juric_Velo_Grobje_u_sarcu_mi_je_ostalo_webknjizara_redak_WEB_1601.jpg\" \/>\n\t<meta property=\"og:image:width\" content=\"300\" \/>\n\t<meta property=\"og:image:height\" content=\"419\" \/>\n\t<meta property=\"og:image:type\" content=\"image\/jpeg\" \/>\n<meta name=\"twitter:card\" content=\"summary_large_image\" \/>\n<meta name=\"twitter:label1\" content=\"Est. reading time\" \/>\n\t<meta name=\"twitter:data1\" content=\"1 minute\" \/>\n<script type=\"application\/ld+json\" class=\"yoast-schema-graph\">{\"@context\":\"https:\\\/\\\/schema.org\",\"@graph\":[{\"@type\":\"WebPage\",\"@id\":\"https:\\\/\\\/webknjizara.hr\\\/proizvod\\\/velo-grobje-u-sarcu-mi-je-osatlo-marija-juric\\\/\",\"url\":\"https:\\\/\\\/webknjizara.hr\\\/proizvod\\\/velo-grobje-u-sarcu-mi-je-osatlo-marija-juric\\\/\",\"name\":\"VELO GROBJE U SARCU MI JE OSTALO, Marija Juri\u0107 - Web-knji\u017eara\",\"isPartOf\":{\"@id\":\"https:\\\/\\\/webknjizara.hr\\\/#website\"},\"primaryImageOfPage\":{\"@id\":\"https:\\\/\\\/webknjizara.hr\\\/proizvod\\\/velo-grobje-u-sarcu-mi-je-osatlo-marija-juric\\\/#primaryimage\"},\"image\":{\"@id\":\"https:\\\/\\\/webknjizara.hr\\\/proizvod\\\/velo-grobje-u-sarcu-mi-je-osatlo-marija-juric\\\/#primaryimage\"},\"thumbnailUrl\":\"https:\\\/\\\/webknjizara.hr\\\/wp-content\\\/uploads\\\/2024\\\/11\\\/Marija_Juric_Velo_Grobje_u_sarcu_mi_je_ostalo_webknjizara_redak_WEB_1601.jpg\",\"datePublished\":\"2024-11-27T10:33:07+00:00\",\"dateModified\":\"2024-11-27T10:43:38+00:00\",\"breadcrumb\":{\"@id\":\"https:\\\/\\\/webknjizara.hr\\\/proizvod\\\/velo-grobje-u-sarcu-mi-je-osatlo-marija-juric\\\/#breadcrumb\"},\"inLanguage\":\"en-US\",\"potentialAction\":[{\"@type\":\"ReadAction\",\"target\":[\"https:\\\/\\\/webknjizara.hr\\\/proizvod\\\/velo-grobje-u-sarcu-mi-je-osatlo-marija-juric\\\/\"]}]},{\"@type\":\"ImageObject\",\"inLanguage\":\"en-US\",\"@id\":\"https:\\\/\\\/webknjizara.hr\\\/proizvod\\\/velo-grobje-u-sarcu-mi-je-osatlo-marija-juric\\\/#primaryimage\",\"url\":\"https:\\\/\\\/webknjizara.hr\\\/wp-content\\\/uploads\\\/2024\\\/11\\\/Marija_Juric_Velo_Grobje_u_sarcu_mi_je_ostalo_webknjizara_redak_WEB_1601.jpg\",\"contentUrl\":\"https:\\\/\\\/webknjizara.hr\\\/wp-content\\\/uploads\\\/2024\\\/11\\\/Marija_Juric_Velo_Grobje_u_sarcu_mi_je_ostalo_webknjizara_redak_WEB_1601.jpg\",\"width\":300,\"height\":419},{\"@type\":\"BreadcrumbList\",\"@id\":\"https:\\\/\\\/webknjizara.hr\\\/proizvod\\\/velo-grobje-u-sarcu-mi-je-osatlo-marija-juric\\\/#breadcrumb\",\"itemListElement\":[{\"@type\":\"ListItem\",\"position\":1,\"name\":\"Po\u010detna stranica\",\"item\":\"https:\\\/\\\/webknjizara.hr\\\/en\\\/\"},{\"@type\":\"ListItem\",\"position\":2,\"name\":\"Shop\",\"item\":\"https:\\\/\\\/webknjizara.hr\\\/shop\\\/\"},{\"@type\":\"ListItem\",\"position\":3,\"name\":\"VELO GROBJE U SARCU MI JE OSTALO, Marija Juri\u0107\"}]},{\"@type\":\"WebSite\",\"@id\":\"https:\\\/\\\/webknjizara.hr\\\/#website\",\"url\":\"https:\\\/\\\/webknjizara.hr\\\/\",\"name\":\"Web Knji\u017eara\",\"description\":\"\",\"publisher\":{\"@id\":\"https:\\\/\\\/webknjizara.hr\\\/#organization\"},\"potentialAction\":[{\"@type\":\"SearchAction\",\"target\":{\"@type\":\"EntryPoint\",\"urlTemplate\":\"https:\\\/\\\/webknjizara.hr\\\/?s={search_term_string}\"},\"query-input\":{\"@type\":\"PropertyValueSpecification\",\"valueRequired\":true,\"valueName\":\"search_term_string\"}}],\"inLanguage\":\"en-US\"},{\"@type\":\"Organization\",\"@id\":\"https:\\\/\\\/webknjizara.hr\\\/#organization\",\"name\":\"REDAK D.O.O.\",\"url\":\"https:\\\/\\\/webknjizara.hr\\\/\",\"logo\":{\"@type\":\"ImageObject\",\"inLanguage\":\"en-US\",\"@id\":\"https:\\\/\\\/webknjizara.hr\\\/#\\\/schema\\\/logo\\\/image\\\/\",\"url\":\"https:\\\/\\\/webknjizara.hr\\\/wp-content\\\/uploads\\\/2023\\\/01\\\/web-knjizara-logo.webp\",\"contentUrl\":\"https:\\\/\\\/webknjizara.hr\\\/wp-content\\\/uploads\\\/2023\\\/01\\\/web-knjizara-logo.webp\",\"width\":324,\"height\":79,\"caption\":\"REDAK D.O.O.\"},\"image\":{\"@id\":\"https:\\\/\\\/webknjizara.hr\\\/#\\\/schema\\\/logo\\\/image\\\/\"}}]}<\/script>\n<!-- \/ Yoast SEO plugin. -->","yoast_head_json":{"title":"VELO GROBJE U SARCU MI JE OSTALO, Marija Juri\u0107 - Web-knji\u017eara","robots":{"index":"index","follow":"follow","max-snippet":"max-snippet:-1","max-image-preview":"max-image-preview:large","max-video-preview":"max-video-preview:-1"},"canonical":"https:\/\/webknjizara.hr\/proizvod\/velo-grobje-u-sarcu-mi-je-osatlo-marija-juric\/","og_locale":"en_US","og_type":"article","og_title":"VELO GROBJE U SARCU MI JE OSTALO, Marija Juri\u0107 - Web-knji\u017eara","og_description":"Bilje\u0161ka o autorici: Marija Juri\u0107 ro\u0111ena Petri\u0107 1940. godine u selu Velom Grablju. Od 1969. \u017eivi u gradu Hvaru ali je neraskidivo vezana za rodno mjesto, kako govori i naslov knjige. U Velo Grablje \u010desto odlazi, a rade\u0107i u polju nastale su i ove pjesme. &nbsp; Naslov: Velo Grobje u sarcu mi je ostalo Autor\/autorica: [&hellip;]","og_url":"https:\/\/webknjizara.hr\/proizvod\/velo-grobje-u-sarcu-mi-je-osatlo-marija-juric\/","og_site_name":"Web-knji\u017eara","article_modified_time":"2024-11-27T10:43:38+00:00","og_image":[{"width":300,"height":419,"url":"https:\/\/webknjizara.hr\/wp-content\/uploads\/2024\/11\/Marija_Juric_Velo_Grobje_u_sarcu_mi_je_ostalo_webknjizara_redak_WEB_1601.jpg","type":"image\/jpeg"}],"twitter_card":"summary_large_image","twitter_misc":{"Est. reading time":"1 minute"},"schema":{"@context":"https:\/\/schema.org","@graph":[{"@type":"WebPage","@id":"https:\/\/webknjizara.hr\/proizvod\/velo-grobje-u-sarcu-mi-je-osatlo-marija-juric\/","url":"https:\/\/webknjizara.hr\/proizvod\/velo-grobje-u-sarcu-mi-je-osatlo-marija-juric\/","name":"VELO GROBJE U SARCU MI JE OSTALO, Marija Juri\u0107 - Web-knji\u017eara","isPartOf":{"@id":"https:\/\/webknjizara.hr\/#website"},"primaryImageOfPage":{"@id":"https:\/\/webknjizara.hr\/proizvod\/velo-grobje-u-sarcu-mi-je-osatlo-marija-juric\/#primaryimage"},"image":{"@id":"https:\/\/webknjizara.hr\/proizvod\/velo-grobje-u-sarcu-mi-je-osatlo-marija-juric\/#primaryimage"},"thumbnailUrl":"https:\/\/webknjizara.hr\/wp-content\/uploads\/2024\/11\/Marija_Juric_Velo_Grobje_u_sarcu_mi_je_ostalo_webknjizara_redak_WEB_1601.jpg","datePublished":"2024-11-27T10:33:07+00:00","dateModified":"2024-11-27T10:43:38+00:00","breadcrumb":{"@id":"https:\/\/webknjizara.hr\/proizvod\/velo-grobje-u-sarcu-mi-je-osatlo-marija-juric\/#breadcrumb"},"inLanguage":"en-US","potentialAction":[{"@type":"ReadAction","target":["https:\/\/webknjizara.hr\/proizvod\/velo-grobje-u-sarcu-mi-je-osatlo-marija-juric\/"]}]},{"@type":"ImageObject","inLanguage":"en-US","@id":"https:\/\/webknjizara.hr\/proizvod\/velo-grobje-u-sarcu-mi-je-osatlo-marija-juric\/#primaryimage","url":"https:\/\/webknjizara.hr\/wp-content\/uploads\/2024\/11\/Marija_Juric_Velo_Grobje_u_sarcu_mi_je_ostalo_webknjizara_redak_WEB_1601.jpg","contentUrl":"https:\/\/webknjizara.hr\/wp-content\/uploads\/2024\/11\/Marija_Juric_Velo_Grobje_u_sarcu_mi_je_ostalo_webknjizara_redak_WEB_1601.jpg","width":300,"height":419},{"@type":"BreadcrumbList","@id":"https:\/\/webknjizara.hr\/proizvod\/velo-grobje-u-sarcu-mi-je-osatlo-marija-juric\/#breadcrumb","itemListElement":[{"@type":"ListItem","position":1,"name":"Po\u010detna stranica","item":"https:\/\/webknjizara.hr\/en\/"},{"@type":"ListItem","position":2,"name":"Shop","item":"https:\/\/webknjizara.hr\/shop\/"},{"@type":"ListItem","position":3,"name":"VELO GROBJE U SARCU MI JE OSTALO, Marija Juri\u0107"}]},{"@type":"WebSite","@id":"https:\/\/webknjizara.hr\/#website","url":"https:\/\/webknjizara.hr\/","name":"Web Knji\u017eara","description":"","publisher":{"@id":"https:\/\/webknjizara.hr\/#organization"},"potentialAction":[{"@type":"SearchAction","target":{"@type":"EntryPoint","urlTemplate":"https:\/\/webknjizara.hr\/?s={search_term_string}"},"query-input":{"@type":"PropertyValueSpecification","valueRequired":true,"valueName":"search_term_string"}}],"inLanguage":"en-US"},{"@type":"Organization","@id":"https:\/\/webknjizara.hr\/#organization","name":"REDAK D.O.O.","url":"https:\/\/webknjizara.hr\/","logo":{"@type":"ImageObject","inLanguage":"en-US","@id":"https:\/\/webknjizara.hr\/#\/schema\/logo\/image\/","url":"https:\/\/webknjizara.hr\/wp-content\/uploads\/2023\/01\/web-knjizara-logo.webp","contentUrl":"https:\/\/webknjizara.hr\/wp-content\/uploads\/2023\/01\/web-knjizara-logo.webp","width":324,"height":79,"caption":"REDAK D.O.O."},"image":{"@id":"https:\/\/webknjizara.hr\/#\/schema\/logo\/image\/"}}]}},"_links":{"self":[{"href":"https:\/\/webknjizara.hr\/en\/wp-json\/wp\/v2\/product\/18222","targetHints":{"allow":["GET"]}}],"collection":[{"href":"https:\/\/webknjizara.hr\/en\/wp-json\/wp\/v2\/product"}],"about":[{"href":"https:\/\/webknjizara.hr\/en\/wp-json\/wp\/v2\/types\/product"}],"replies":[{"embeddable":true,"href":"https:\/\/webknjizara.hr\/en\/wp-json\/wp\/v2\/comments?post=18222"}],"wp:featuredmedia":[{"embeddable":true,"href":"https:\/\/webknjizara.hr\/en\/wp-json\/wp\/v2\/media\/18223"}],"wp:attachment":[{"href":"https:\/\/webknjizara.hr\/en\/wp-json\/wp\/v2\/media?parent=18222"}],"wp:term":[{"taxonomy":"product_brand","embeddable":true,"href":"https:\/\/webknjizara.hr\/en\/wp-json\/wp\/v2\/product_brand?post=18222"},{"taxonomy":"product_cat","embeddable":true,"href":"https:\/\/webknjizara.hr\/en\/wp-json\/wp\/v2\/product_cat?post=18222"},{"taxonomy":"product_tag","embeddable":true,"href":"https:\/\/webknjizara.hr\/en\/wp-json\/wp\/v2\/product_tag?post=18222"}],"curies":[{"name":"wp","href":"https:\/\/api.w.org\/{rel}","templated":true}]}}