{"id":18080,"date":"2024-11-08T12:01:11","date_gmt":"2024-11-08T11:01:11","guid":{"rendered":"https:\/\/webknjizara.hr\/?post_type=product&#038;p=18080"},"modified":"2025-08-07T10:18:35","modified_gmt":"2025-08-07T08:18:35","slug":"zbirka-klavirskih-skladbi-za-djecu-svaka-nota-svoje-mjesto-ima-2-minja-kuzmanic","status":"publish","type":"product","link":"https:\/\/webknjizara.hr\/en\/proizvod\/zbirka-klavirskih-skladbi-za-djecu-svaka-nota-svoje-mjesto-ima-2-minja-kuzmanic\/","title":{"rendered":"ZBIRKA KLAVIRSKIH SKLADBI ZA DJECU  Svaka nota svoje mjesto ima 2, Minja  Kuzmani\u0107"},"content":{"rendered":"<p>Pred nama je nastavak prve autori\u010dine knjige, Klavirska po\u010detnica. Skladateljica se kre\u0107e u glazbenom jeziku dura i mola te poznatim glazbenim elementima, razumljivima djeci, stvara kompozicije koje plijene svje\u017einom i originalno\u0161\u0107u. Ona je sadr\u017eajno i konceptualno nastavak prvog dijela u kojem note, tipke klavira i prvi glazbeni izrazi izrastaju iz slikovnice. U drugoj knjizi notni tekst preuzima mjesto ilustracija, ali ma\u0161ta koja se krije iza originalnih naslova i dalje ostaje glavni izvor inspiracije. Slike i atmosferu u\u010denik postepeno po\u010dinje realizirati prstima \u2013 razli\u010ditom artikulacijom i na\u010dinom udara, a ponajprije jasnom predod\u017ebom o sadr\u017eaju kompozicije.<\/p>\n<p>Svaka skladba ima naslov koji neposredno nagovje\u0161\u0107uje njezin karakter. Neke ocrtavaju sli\u010dice iz dje\u010djeg svijeta (Poni i ja, Pahuljin ples, Djetli\u0107 \u2013 \u0161umski bubnjar). Neke poti\u010du na ma\u0161tanje (Svjetionik na nemirnom moru, Na krilima vjetra, Galebov let, Harfino sanjarenje). A neke su naslovljene ve\u0107 uhodanim glazbenim imenima (Balada, Rondo, Sonatina, Largo). Tako razotkrivamo prvu i mo\u017eda najva\u017eniju didakti\u010dku namjenu ove zbirke: svaka izvedba mora biti inspirirana i pro\u017eeta odre\u0111enim karakterom kojeg je neophodno pou\u010davati i njegovati od najranijih po\u010detaka.<\/p>\n<p>Svaka skladba u sebi sadr\u017ei karakteristi\u010dnu ritmi\u010dku figuru koja odre\u0111uje njen karakter i koja u sebi nosi poseban tehni\u010dki zadatak. Autorica znala\u010dki posti\u017ee ravnote\u017eu izme\u0111u tehni\u010dkih i glazbenih zahtjeva. Tijekom u\u010denja posebno je va\u017eno obratiti pozornost na pravilno izvo\u0111enje glavnog motiva.<\/p>\n<p>Uvjerena sam da \u0107e zbirka klavirskih komada za djecu, Svaka nota svoje mjesto ima prona\u0107i svoje mjesto u repertoaru u\u010denika klavira, kako u privatnoj nastavi tako i u glazbenim \u0161kolama.<\/p>\n<p>&nbsp;<\/p>\n<p><strong>Vesna Podrug Kossjanenko<\/strong><\/p>\n<p>izvanredna profesorica klavira na Umjetni\u010dkoj akademiji Sveu\u010dili\u0161ta u Splitu<\/p>\n<p>&nbsp;<\/p>\n<p><span style=\"font-family: Arial, sans-serif;\"><span lang=\"hr-HR\"><b>Bilje\u0161ka o autorici: <\/b><\/span><\/span><\/p>\n<p lang=\"hr-HR\"><span style=\"color: #000000;\">Minja Kuzmani\u0107<\/span><\/p>\n<p><span style=\"color: #000000;\"><span lang=\"hr-HR\">Klavirsko glazbeno obrazovanje je zapo\u010dela u rodnom gradu Splitu, nastavila na odjelu glazbene pedagogije Fakulteta muzi\u010dke umjetnosti u Beogradu kojeg je produbila sa studijem dirigiranja na Univerzitetu za glazbu i scensku umjetnost u Grazu.<\/span><\/span><\/p>\n<p lang=\"hr-HR\"><span style=\"color: #000000;\">Glazbene horizonte, zajedno sa suprugom (Darko Grappone), nastavlja \u0161iriti u Indiji, istra\u017euju\u0107i su\u0161tinu glazbenih formi drugih kulturnih tradicija.<\/span><\/p>\n<p><span style=\"color: #000000;\"><span lang=\"hr-HR\">2006. god. se vra\u0107a u rodni Split gdje podu\u010dava klavir i solfeggio u glazbenoj \u0161koli Borisa Papandopula, a od 2022.god djeluje u glazbenoj \u0161koli \u201cSilvije Bombardelli\u201d u Solinu.<\/span><\/span><\/p>\n<p lang=\"hr-HR\"><span style=\"color: #000000;\">Inspirirana radom s djecom pred\u0161kolske dobi pi\u0161e poeziju i glazbu za najmla\u0111e.<\/span><\/p>\n<p lang=\"hr-HR\"><span style=\"color: #000000;\">Minja Kuzmani\u0107 autor je knjiga Glazbena slu\u0161anka, bojanka i vje\u017ebanka \u201eSvaka nota svoje mjesto ima\u201c, \u201eGlazbala nas pjesmom zovu\u201c te Klavirske po\u010detnice koja nalazi svoju primjenu u glazbenim \u0161kolama i koja je u klavirskoj pedagogiji novost u svira\u010dko-tehni\u010dkom i umjetni\u010dkom smislu.<\/span><\/p>\n<p><span style=\"font-family: Arial, sans-serif;\"><span lang=\"hr-HR\"><b>E-mail: <\/b><\/span><\/span><span style=\"font-family: Arial, sans-serif;\"><span style=\"color: #000000;\"><a href=\"http:\/\/MAILTO:minja.kuzmanic@gmail.com\" target=\"_blank\" rel=\"noopener\">Minja Kuzmani\u0107<\/a><\/span><\/span><\/p>\n<p>&nbsp;<\/p>\n<p><span style=\"font-family: Arial, sans-serif;\"><strong><span lang=\"hr-HR\">Naslov: <\/span><\/strong><\/span><span style=\"font-family: Arial, sans-serif;\"><strong>ZBIRKA KLAVIRSKIH SKLADBI ZA DJECU Svaka nota svoje mjesto ima 2<\/strong><\/span><span style=\"font-family: Arial, sans-serif;\"><span lang=\"hr-HR\"><br \/>\n<\/span><\/span><span style=\"font-family: Arial, sans-serif;\"><span lang=\"hr-HR\"><strong>Autorica:<\/strong><\/span><\/span> <span style=\"font-family: Arial, sans-serif;\">Minja Kuzmani\u0107<\/span><span style=\"font-family: Arial, sans-serif;\"><span lang=\"hr-HR\"><br \/>\n<\/span><\/span><span style=\"font-family: Arial, sans-serif;\"><span lang=\"hr-HR\"><strong>Broj stranica: <\/strong><\/span><\/span><span style=\"font-family: Arial, sans-serif;\"><span lang=\"\">88<\/span><\/span><span style=\"font-family: Arial, sans-serif;\"><span lang=\"hr-HR\"><br \/>\n<\/span><\/span><span style=\"font-family: Arial, sans-serif;\"><span lang=\"hr-HR\"><strong>Nakladnik: <\/strong><\/span><\/span><span style=\"font-family: Arial, sans-serif;\"><strong>REDAK<\/strong><\/span><span style=\"font-family: Arial, sans-serif;\"><span lang=\"hr-HR\"><br \/>\n<\/span><\/span><span style=\"font-family: Arial, sans-serif;\"><span lang=\"hr-HR\"><strong>Godina izdanja: <\/strong><\/span><\/span><span style=\"font-family: Arial, sans-serif;\"><strong>2024.<\/strong><\/span><span style=\"font-family: Arial, sans-serif;\"><strong><span lang=\"hr-HR\">.<br \/>\n<\/span><\/strong><\/span><span style=\"font-family: Arial, sans-serif;\"><strong><span lang=\"hr-HR\">ISBN:<\/span><\/strong><\/span> <span style=\"font-family: Arial, sans-serif;\">978-953-395-025-9<\/span><span style=\"font-family: Arial, sans-serif;\"><span lang=\"hr-HR\"><br \/>\n<\/span><\/span><span style=\"font-family: Arial, sans-serif;\"><span lang=\"hr-HR\"><strong>Tisak:<\/strong><\/span><\/span><span style=\"font-family: Arial, sans-serif;\"><span lang=\"hr-HR\"> digitalni tisak knjiga &#8211; print na zahtjev<\/span><\/span><\/p>\n","protected":false},"excerpt":{"rendered":"<p>Pred nama je nastavak prve autori\u010dine knjige, Klavirska po\u010detnica. Skladateljica se kre\u0107e u glazbenom jeziku dura i mola te poznatim glazbenim elementima, razumljivima djeci, stvara kompozicije koje plijene svje\u017einom i originalno\u0161\u0107u. Ona je sadr\u017eajno i konceptualno nastavak prvog dijela u kojem note, tipke klavira i prvi glazbeni izrazi izrastaju iz slikovnice. U drugoj knjizi notni [&hellip;]<\/p>\n","protected":false},"featured_media":18082,"comment_status":"open","ping_status":"closed","template":"","meta":{"_acf_changed":false},"product_brand":[],"product_cat":[1517],"product_tag":[],"class_list":{"0":"post-18080","1":"product","2":"type-product","3":"status-publish","4":"has-post-thumbnail","6":"product_cat-strucna-literatura","7":"pa_autor-minja-kuzmanic","8":"pa_nakladnik-redak","10":"first","11":"instock","12":"shipping-taxable","13":"purchasable","14":"product-type-simple"},"acf":[],"yoast_head":"<!-- This site is optimized with the Yoast SEO plugin v27.3 - https:\/\/yoast.com\/product\/yoast-seo-wordpress\/ -->\n<title>ZBIRKA KLAVIRSKIH SKLADBI ZA DJECU Svaka nota svoje mjesto ima 2, Minja Kuzmani\u0107 - Web-knji\u017eara<\/title>\n<meta name=\"robots\" content=\"index, follow, max-snippet:-1, max-image-preview:large, max-video-preview:-1\" \/>\n<link rel=\"canonical\" href=\"https:\/\/webknjizara.hr\/proizvod\/zbirka-klavirskih-skladbi-za-djecu-svaka-nota-svoje-mjesto-ima-2-minja-kuzmanic\/\" \/>\n<meta property=\"og:locale\" content=\"en_US\" \/>\n<meta property=\"og:type\" content=\"article\" \/>\n<meta property=\"og:title\" content=\"ZBIRKA KLAVIRSKIH SKLADBI ZA DJECU Svaka nota svoje mjesto ima 2, Minja Kuzmani\u0107 - Web-knji\u017eara\" \/>\n<meta property=\"og:description\" content=\"Pred nama je nastavak prve autori\u010dine knjige, Klavirska po\u010detnica. Skladateljica se kre\u0107e u glazbenom jeziku dura i mola te poznatim glazbenim elementima, razumljivima djeci, stvara kompozicije koje plijene svje\u017einom i originalno\u0161\u0107u. Ona je sadr\u017eajno i konceptualno nastavak prvog dijela u kojem note, tipke klavira i prvi glazbeni izrazi izrastaju iz slikovnice. U drugoj knjizi notni [&hellip;]\" \/>\n<meta property=\"og:url\" content=\"https:\/\/webknjizara.hr\/proizvod\/zbirka-klavirskih-skladbi-za-djecu-svaka-nota-svoje-mjesto-ima-2-minja-kuzmanic\/\" \/>\n<meta property=\"og:site_name\" content=\"Web-knji\u017eara\" \/>\n<meta property=\"article:modified_time\" content=\"2025-08-07T08:18:35+00:00\" \/>\n<meta property=\"og:image\" content=\"https:\/\/webknjizara.hr\/wp-content\/uploads\/2024\/11\/MG90RE_8.jpg\" \/>\n\t<meta property=\"og:image:width\" content=\"300\" \/>\n\t<meta property=\"og:image:height\" content=\"419\" \/>\n\t<meta property=\"og:image:type\" content=\"image\/jpeg\" \/>\n<meta name=\"twitter:card\" content=\"summary_large_image\" \/>\n<meta name=\"twitter:label1\" content=\"Est. reading time\" \/>\n\t<meta name=\"twitter:data1\" content=\"3 minutes\" \/>\n<script type=\"application\/ld+json\" class=\"yoast-schema-graph\">{\"@context\":\"https:\\\/\\\/schema.org\",\"@graph\":[{\"@type\":\"WebPage\",\"@id\":\"https:\\\/\\\/webknjizara.hr\\\/proizvod\\\/zbirka-klavirskih-skladbi-za-djecu-svaka-nota-svoje-mjesto-ima-2-minja-kuzmanic\\\/\",\"url\":\"https:\\\/\\\/webknjizara.hr\\\/proizvod\\\/zbirka-klavirskih-skladbi-za-djecu-svaka-nota-svoje-mjesto-ima-2-minja-kuzmanic\\\/\",\"name\":\"ZBIRKA KLAVIRSKIH SKLADBI ZA DJECU Svaka nota svoje mjesto ima 2, Minja Kuzmani\u0107 - Web-knji\u017eara\",\"isPartOf\":{\"@id\":\"https:\\\/\\\/webknjizara.hr\\\/#website\"},\"primaryImageOfPage\":{\"@id\":\"https:\\\/\\\/webknjizara.hr\\\/proizvod\\\/zbirka-klavirskih-skladbi-za-djecu-svaka-nota-svoje-mjesto-ima-2-minja-kuzmanic\\\/#primaryimage\"},\"image\":{\"@id\":\"https:\\\/\\\/webknjizara.hr\\\/proizvod\\\/zbirka-klavirskih-skladbi-za-djecu-svaka-nota-svoje-mjesto-ima-2-minja-kuzmanic\\\/#primaryimage\"},\"thumbnailUrl\":\"https:\\\/\\\/webknjizara.hr\\\/wp-content\\\/uploads\\\/2024\\\/11\\\/MG90RE_8.jpg\",\"datePublished\":\"2024-11-08T11:01:11+00:00\",\"dateModified\":\"2025-08-07T08:18:35+00:00\",\"breadcrumb\":{\"@id\":\"https:\\\/\\\/webknjizara.hr\\\/proizvod\\\/zbirka-klavirskih-skladbi-za-djecu-svaka-nota-svoje-mjesto-ima-2-minja-kuzmanic\\\/#breadcrumb\"},\"inLanguage\":\"en-US\",\"potentialAction\":[{\"@type\":\"ReadAction\",\"target\":[\"https:\\\/\\\/webknjizara.hr\\\/proizvod\\\/zbirka-klavirskih-skladbi-za-djecu-svaka-nota-svoje-mjesto-ima-2-minja-kuzmanic\\\/\"]}]},{\"@type\":\"ImageObject\",\"inLanguage\":\"en-US\",\"@id\":\"https:\\\/\\\/webknjizara.hr\\\/proizvod\\\/zbirka-klavirskih-skladbi-za-djecu-svaka-nota-svoje-mjesto-ima-2-minja-kuzmanic\\\/#primaryimage\",\"url\":\"https:\\\/\\\/webknjizara.hr\\\/wp-content\\\/uploads\\\/2024\\\/11\\\/MG90RE_8.jpg\",\"contentUrl\":\"https:\\\/\\\/webknjizara.hr\\\/wp-content\\\/uploads\\\/2024\\\/11\\\/MG90RE_8.jpg\",\"width\":300,\"height\":419},{\"@type\":\"BreadcrumbList\",\"@id\":\"https:\\\/\\\/webknjizara.hr\\\/proizvod\\\/zbirka-klavirskih-skladbi-za-djecu-svaka-nota-svoje-mjesto-ima-2-minja-kuzmanic\\\/#breadcrumb\",\"itemListElement\":[{\"@type\":\"ListItem\",\"position\":1,\"name\":\"Po\u010detna stranica\",\"item\":\"https:\\\/\\\/webknjizara.hr\\\/en\\\/\"},{\"@type\":\"ListItem\",\"position\":2,\"name\":\"Shop\",\"item\":\"https:\\\/\\\/webknjizara.hr\\\/shop\\\/\"},{\"@type\":\"ListItem\",\"position\":3,\"name\":\"ZBIRKA KLAVIRSKIH SKLADBI ZA DJECU Svaka nota svoje mjesto ima 2, Minja Kuzmani\u0107\"}]},{\"@type\":\"WebSite\",\"@id\":\"https:\\\/\\\/webknjizara.hr\\\/#website\",\"url\":\"https:\\\/\\\/webknjizara.hr\\\/\",\"name\":\"Web Knji\u017eara\",\"description\":\"\",\"publisher\":{\"@id\":\"https:\\\/\\\/webknjizara.hr\\\/#organization\"},\"potentialAction\":[{\"@type\":\"SearchAction\",\"target\":{\"@type\":\"EntryPoint\",\"urlTemplate\":\"https:\\\/\\\/webknjizara.hr\\\/?s={search_term_string}\"},\"query-input\":{\"@type\":\"PropertyValueSpecification\",\"valueRequired\":true,\"valueName\":\"search_term_string\"}}],\"inLanguage\":\"en-US\"},{\"@type\":\"Organization\",\"@id\":\"https:\\\/\\\/webknjizara.hr\\\/#organization\",\"name\":\"REDAK D.O.O.\",\"url\":\"https:\\\/\\\/webknjizara.hr\\\/\",\"logo\":{\"@type\":\"ImageObject\",\"inLanguage\":\"en-US\",\"@id\":\"https:\\\/\\\/webknjizara.hr\\\/#\\\/schema\\\/logo\\\/image\\\/\",\"url\":\"https:\\\/\\\/webknjizara.hr\\\/wp-content\\\/uploads\\\/2023\\\/01\\\/web-knjizara-logo.webp\",\"contentUrl\":\"https:\\\/\\\/webknjizara.hr\\\/wp-content\\\/uploads\\\/2023\\\/01\\\/web-knjizara-logo.webp\",\"width\":324,\"height\":79,\"caption\":\"REDAK D.O.O.\"},\"image\":{\"@id\":\"https:\\\/\\\/webknjizara.hr\\\/#\\\/schema\\\/logo\\\/image\\\/\"}}]}<\/script>\n<!-- \/ Yoast SEO plugin. -->","yoast_head_json":{"title":"ZBIRKA KLAVIRSKIH SKLADBI ZA DJECU Svaka nota svoje mjesto ima 2, Minja Kuzmani\u0107 - Web-knji\u017eara","robots":{"index":"index","follow":"follow","max-snippet":"max-snippet:-1","max-image-preview":"max-image-preview:large","max-video-preview":"max-video-preview:-1"},"canonical":"https:\/\/webknjizara.hr\/proizvod\/zbirka-klavirskih-skladbi-za-djecu-svaka-nota-svoje-mjesto-ima-2-minja-kuzmanic\/","og_locale":"en_US","og_type":"article","og_title":"ZBIRKA KLAVIRSKIH SKLADBI ZA DJECU Svaka nota svoje mjesto ima 2, Minja Kuzmani\u0107 - Web-knji\u017eara","og_description":"Pred nama je nastavak prve autori\u010dine knjige, Klavirska po\u010detnica. Skladateljica se kre\u0107e u glazbenom jeziku dura i mola te poznatim glazbenim elementima, razumljivima djeci, stvara kompozicije koje plijene svje\u017einom i originalno\u0161\u0107u. Ona je sadr\u017eajno i konceptualno nastavak prvog dijela u kojem note, tipke klavira i prvi glazbeni izrazi izrastaju iz slikovnice. U drugoj knjizi notni [&hellip;]","og_url":"https:\/\/webknjizara.hr\/proizvod\/zbirka-klavirskih-skladbi-za-djecu-svaka-nota-svoje-mjesto-ima-2-minja-kuzmanic\/","og_site_name":"Web-knji\u017eara","article_modified_time":"2025-08-07T08:18:35+00:00","og_image":[{"width":300,"height":419,"url":"https:\/\/webknjizara.hr\/wp-content\/uploads\/2024\/11\/MG90RE_8.jpg","type":"image\/jpeg"}],"twitter_card":"summary_large_image","twitter_misc":{"Est. reading time":"3 minutes"},"schema":{"@context":"https:\/\/schema.org","@graph":[{"@type":"WebPage","@id":"https:\/\/webknjizara.hr\/proizvod\/zbirka-klavirskih-skladbi-za-djecu-svaka-nota-svoje-mjesto-ima-2-minja-kuzmanic\/","url":"https:\/\/webknjizara.hr\/proizvod\/zbirka-klavirskih-skladbi-za-djecu-svaka-nota-svoje-mjesto-ima-2-minja-kuzmanic\/","name":"ZBIRKA KLAVIRSKIH SKLADBI ZA DJECU Svaka nota svoje mjesto ima 2, Minja Kuzmani\u0107 - Web-knji\u017eara","isPartOf":{"@id":"https:\/\/webknjizara.hr\/#website"},"primaryImageOfPage":{"@id":"https:\/\/webknjizara.hr\/proizvod\/zbirka-klavirskih-skladbi-za-djecu-svaka-nota-svoje-mjesto-ima-2-minja-kuzmanic\/#primaryimage"},"image":{"@id":"https:\/\/webknjizara.hr\/proizvod\/zbirka-klavirskih-skladbi-za-djecu-svaka-nota-svoje-mjesto-ima-2-minja-kuzmanic\/#primaryimage"},"thumbnailUrl":"https:\/\/webknjizara.hr\/wp-content\/uploads\/2024\/11\/MG90RE_8.jpg","datePublished":"2024-11-08T11:01:11+00:00","dateModified":"2025-08-07T08:18:35+00:00","breadcrumb":{"@id":"https:\/\/webknjizara.hr\/proizvod\/zbirka-klavirskih-skladbi-za-djecu-svaka-nota-svoje-mjesto-ima-2-minja-kuzmanic\/#breadcrumb"},"inLanguage":"en-US","potentialAction":[{"@type":"ReadAction","target":["https:\/\/webknjizara.hr\/proizvod\/zbirka-klavirskih-skladbi-za-djecu-svaka-nota-svoje-mjesto-ima-2-minja-kuzmanic\/"]}]},{"@type":"ImageObject","inLanguage":"en-US","@id":"https:\/\/webknjizara.hr\/proizvod\/zbirka-klavirskih-skladbi-za-djecu-svaka-nota-svoje-mjesto-ima-2-minja-kuzmanic\/#primaryimage","url":"https:\/\/webknjizara.hr\/wp-content\/uploads\/2024\/11\/MG90RE_8.jpg","contentUrl":"https:\/\/webknjizara.hr\/wp-content\/uploads\/2024\/11\/MG90RE_8.jpg","width":300,"height":419},{"@type":"BreadcrumbList","@id":"https:\/\/webknjizara.hr\/proizvod\/zbirka-klavirskih-skladbi-za-djecu-svaka-nota-svoje-mjesto-ima-2-minja-kuzmanic\/#breadcrumb","itemListElement":[{"@type":"ListItem","position":1,"name":"Po\u010detna stranica","item":"https:\/\/webknjizara.hr\/en\/"},{"@type":"ListItem","position":2,"name":"Shop","item":"https:\/\/webknjizara.hr\/shop\/"},{"@type":"ListItem","position":3,"name":"ZBIRKA KLAVIRSKIH SKLADBI ZA DJECU Svaka nota svoje mjesto ima 2, Minja Kuzmani\u0107"}]},{"@type":"WebSite","@id":"https:\/\/webknjizara.hr\/#website","url":"https:\/\/webknjizara.hr\/","name":"Web Knji\u017eara","description":"","publisher":{"@id":"https:\/\/webknjizara.hr\/#organization"},"potentialAction":[{"@type":"SearchAction","target":{"@type":"EntryPoint","urlTemplate":"https:\/\/webknjizara.hr\/?s={search_term_string}"},"query-input":{"@type":"PropertyValueSpecification","valueRequired":true,"valueName":"search_term_string"}}],"inLanguage":"en-US"},{"@type":"Organization","@id":"https:\/\/webknjizara.hr\/#organization","name":"REDAK D.O.O.","url":"https:\/\/webknjizara.hr\/","logo":{"@type":"ImageObject","inLanguage":"en-US","@id":"https:\/\/webknjizara.hr\/#\/schema\/logo\/image\/","url":"https:\/\/webknjizara.hr\/wp-content\/uploads\/2023\/01\/web-knjizara-logo.webp","contentUrl":"https:\/\/webknjizara.hr\/wp-content\/uploads\/2023\/01\/web-knjizara-logo.webp","width":324,"height":79,"caption":"REDAK D.O.O."},"image":{"@id":"https:\/\/webknjizara.hr\/#\/schema\/logo\/image\/"}}]}},"_links":{"self":[{"href":"https:\/\/webknjizara.hr\/en\/wp-json\/wp\/v2\/product\/18080","targetHints":{"allow":["GET"]}}],"collection":[{"href":"https:\/\/webknjizara.hr\/en\/wp-json\/wp\/v2\/product"}],"about":[{"href":"https:\/\/webknjizara.hr\/en\/wp-json\/wp\/v2\/types\/product"}],"replies":[{"embeddable":true,"href":"https:\/\/webknjizara.hr\/en\/wp-json\/wp\/v2\/comments?post=18080"}],"wp:featuredmedia":[{"embeddable":true,"href":"https:\/\/webknjizara.hr\/en\/wp-json\/wp\/v2\/media\/18082"}],"wp:attachment":[{"href":"https:\/\/webknjizara.hr\/en\/wp-json\/wp\/v2\/media?parent=18080"}],"wp:term":[{"taxonomy":"product_brand","embeddable":true,"href":"https:\/\/webknjizara.hr\/en\/wp-json\/wp\/v2\/product_brand?post=18080"},{"taxonomy":"product_cat","embeddable":true,"href":"https:\/\/webknjizara.hr\/en\/wp-json\/wp\/v2\/product_cat?post=18080"},{"taxonomy":"product_tag","embeddable":true,"href":"https:\/\/webknjizara.hr\/en\/wp-json\/wp\/v2\/product_tag?post=18080"}],"curies":[{"name":"wp","href":"https:\/\/api.w.org\/{rel}","templated":true}]}}