{"id":18059,"date":"2024-11-06T11:56:37","date_gmt":"2024-11-06T10:56:37","guid":{"rendered":"https:\/\/webknjizara.hr\/?post_type=product&#038;p=18059"},"modified":"2024-11-06T11:56:37","modified_gmt":"2024-11-06T10:56:37","slug":"cuvar-martina-gluhan","status":"publish","type":"product","link":"https:\/\/webknjizara.hr\/en\/proizvod\/cuvar-martina-gluhan\/","title":{"rendered":"\u010cUVAR, Martina Gluhan"},"content":{"rendered":"<p lang=\"hr-HR\"><span style=\"font-family: Arial, sans-serif;\"><span style=\"font-size: medium;\">Ella Hasel, urednica blogova Knji\u0161ki recenzeRAJ i SvojaITo\u010dka, napisala je nekoliko rije\u010di o knjizi: <\/span><\/span><\/p>\n<p lang=\"hr-HR\"><span style=\"font-family: Arial, sans-serif;\"><span style=\"font-size: medium;\">Mo\u0107ni ljudi u \u017eivotu rade mo\u0107ne stvari.<\/span><\/span><\/p>\n<p lang=\"hr-HR\"><span style=\"font-family: Arial, sans-serif;\"><span style=\"font-size: medium;\">Dobri ljudi u \u017eivotu rade dobre stvari.<\/span><\/span><\/p>\n<p><span style=\"font-family: Arial, sans-serif;\"><span style=\"font-size: medium;\"><span lang=\"it-IT\">Neustra\u0161ivi ljudi u \u017eivotu rade neustra\u0161ive stvari.<\/span><\/span><\/span><\/p>\n<p lang=\"it-IT\"><span style=\"font-family: Arial, sans-serif;\"><span style=\"font-size: medium;\">Kreativni kreativne stvari, odva\u017eni odva\u017ene, hrabri hrabre\u2026<\/span><\/span><\/p>\n<p lang=\"it-IT\"><span style=\"font-family: Arial, sans-serif;\"><span style=\"font-size: medium;\">A pravi pisci u \u017eivotu pi\u0161u najbolja i najljep\u0161a djela.<\/span><\/span><\/p>\n<p><span style=\"font-family: Arial, sans-serif;\"><span style=\"font-size: medium;\"><span lang=\"it-IT\">Martina Gluhan bila<\/span><\/span><\/span><span style=\"font-family: Arial, sans-serif;\"><span style=\"font-size: medium;\"><span lang=\"hr-HR\"> je<\/span><\/span><\/span><span style=\"font-family: Arial, sans-serif;\"><span style=\"font-size: medium;\"><span lang=\"it-IT\"> sve navedeno i jo\u0161 mnogo vi\u0161e. Hrabra, odlu\u010dna, autenti\u010dna, ambiciozna, savr\u0161ena, a najvi\u0161e od svega \u2013 kvalitetan, uzorit i hvale vrijedan pisac. <\/span><\/span><\/span><span style=\"font-family: Arial, sans-serif;\"><span style=\"font-size: medium;\"><span lang=\"hr-HR\">Na k<\/span><\/span><\/span><span style=\"font-family: Arial, sans-serif;\"><span style=\"font-size: medium;\"><span lang=\"it-IT\">nji\u017eevn<\/span><\/span><\/span><span style=\"font-family: Arial, sans-serif;\"><span style=\"font-size: medium;\"><span lang=\"hr-HR\">u<\/span><\/span><\/span><span style=\"font-family: Arial, sans-serif;\"><span style=\"font-size: medium;\"><span lang=\"it-IT\"> je scen<\/span><\/span><\/span><span style=\"font-family: Arial, sans-serif;\"><span style=\"font-size: medium;\"><span lang=\"hr-HR\">u<\/span><\/span><\/span> <span style=\"font-family: Arial, sans-serif;\"><span style=\"font-size: medium;\"><span lang=\"hr-HR\">stupila <\/span><\/span><\/span><span style=\"font-family: Arial, sans-serif;\"><span style=\"font-size: medium;\"><span lang=\"it-IT\">romanom <\/span><\/span><\/span><span style=\"font-family: Arial, sans-serif;\"><span style=\"font-size: medium;\"><span lang=\"it-IT\"><i>Lov na slobodu<\/i><\/span><\/span><\/span><span style=\"font-family: Arial, sans-serif;\"><span style=\"font-size: medium;\"><span lang=\"it-IT\">, a romanom <\/span><\/span><\/span><span style=\"font-family: Arial, sans-serif;\"><span style=\"font-size: medium;\"><span lang=\"it-IT\"><i>\u010cuvar<\/i><\/span><\/span><\/span><span style=\"font-family: Arial, sans-serif;\"><span style=\"font-size: medium;\"><span lang=\"it-IT\"> \u017eeli ukazati na sve ono \u0161to je u \u017eivotu vrijedno \u010duvanja te <\/span><\/span><\/span><span style=\"font-family: Arial, sans-serif;\"><span style=\"font-size: medium;\"><span lang=\"hr-HR\">na <\/span><\/span><\/span><span style=\"font-family: Arial, sans-serif;\"><span style=\"font-size: medium;\"><span lang=\"it-IT\">ljud<\/span><\/span><\/span><span style=\"font-family: Arial, sans-serif;\"><span style=\"font-size: medium;\"><span lang=\"hr-HR\">e<\/span><\/span><\/span><span style=\"font-family: Arial, sans-serif;\"><span style=\"font-size: medium;\"><span lang=\"it-IT\">, \u010duvar<\/span><\/span><\/span><span style=\"font-family: Arial, sans-serif;\"><span style=\"font-size: medium;\"><span lang=\"hr-HR\">e<\/span><\/span><\/span><span style=\"font-family: Arial, sans-serif;\"><span style=\"font-size: medium;\"><span lang=\"it-IT\">, koje je potrebno, prije svega, iskreno voljeti. <\/span><\/span><\/span><\/p>\n<p><span style=\"font-family: Arial, sans-serif;\"><span style=\"font-size: medium;\"><span lang=\"it-IT\">Svaka njezina rije\u010d i re\u010denica posebna je vrsta nadahnu\u0107a<\/span><\/span><\/span> <span style=\"font-family: Arial, sans-serif;\"><span style=\"font-size: medium;\"><span lang=\"it-IT\">koja svakog \u010ditatelja pretvori u mo\u0107niju, bolju, kreativniju i hrabriju osobu. Zato se<\/span><\/span><\/span><span style=\"font-family: Arial, sans-serif;\"><span style=\"font-size: medium;\"><span lang=\"hr-HR\"> uz<\/span><\/span><\/span><span style=\"font-family: Arial, sans-serif;\"><span style=\"font-size: medium;\"><span lang=\"it-IT\"> ov<\/span><\/span><\/span><span style=\"font-family: Arial, sans-serif;\"><span style=\"font-size: medium;\"><span lang=\"hr-HR\">aj<\/span><\/span><\/span><span style=\"font-family: Arial, sans-serif;\"><span style=\"font-size: medium;\"><span lang=\"it-IT\"> roman usudite \u010duvati. Biti \u010duvar. Samoga sebe, ljudi koji vas vole i ljudi koje vi volite <\/span><\/span><\/span><span style=\"font-family: Arial, sans-serif;\"><span style=\"font-size: medium;\"><span lang=\"hr-HR\">j<\/span><\/span><\/span><span style=\"font-family: Arial, sans-serif;\"><span style=\"font-size: medium;\"><span lang=\"it-IT\">er, koliko god veliki i odrasli bili<\/span><\/span><\/span><span style=\"font-family: Arial, sans-serif;\"><span style=\"font-size: medium;\"><span lang=\"hr-HR\">,<\/span><\/span><\/span><span style=\"font-family: Arial, sans-serif;\"><span style=\"font-size: medium;\"><span lang=\"it-IT\"> uvijek trebamo oslonac u \u017eivotu, vje\u010dnoga \u010duvara. S nebesa i s ovozemaljskoga svijeta.<\/span><\/span><\/span><\/p>\n<p lang=\"hr-HR\"><span style=\"color: #00000a;\"><span style=\"font-family: Liberation Serif, Times New Roman, serif;\"><span style=\"font-size: medium;\"><span style=\"font-family: Arial, sans-serif;\">Kruno \u0160afrani\u0107, urednik stranice Pisci i Knji\u017eevnost, napisao je nekoliko rije\u010di o knjizi:<\/span><\/span><\/span><\/span><\/p>\n<p><span style=\"font-family: Arial, sans-serif;\"><span style=\"font-size: medium;\"><span lang=\"es-ES\">Roman <\/span><\/span><\/span><span style=\"font-family: Arial, sans-serif;\"><span style=\"font-size: medium;\"><span lang=\"es-ES\"><i>\u010cuvar<\/i><\/span><\/span><\/span><span style=\"font-family: Arial, sans-serif;\"><span style=\"font-size: medium;\"><span lang=\"es-ES\"> koji se \u010dita u jednom dahu<\/span><\/span><\/span><i> <\/i><\/p>\n<p><span style=\"font-family: Arial, sans-serif;\"><span style=\"font-size: medium;\"><span lang=\"es-ES\">S pisanjem Martine Gluhan susreo sam se kada je slala odlomke iz svojih neobjavljenih romana na natje\u010daje koje organizira Pisci i Knji\u017eevnost za me\u0111unarodnu zbirku. Od svih pristiglih rukopisa na natje\u010daj, Martinini rukopisi odudarali su od svih ostalih. Odmah sam primijetio da je autorica iznimno talentirana, s takvom lako\u0107om u dijalogu zadobije pa\u017enju \u010ditatelja, a radnja je jednako zanimljiva kao da je tekst pisao Daniel Andrew Wells, ameri\u010dki pisac horora i znanstvene fantastike. <\/span><\/span><\/span><\/p>\n<p lang=\"es-ES\"><span style=\"font-family: Arial, sans-serif;\"><span style=\"font-size: medium;\">Zanimljivi dijalog dr\u017ei pozornost \u010ditatelja do samog kraja. Do\u010darala je likove s karakterima koje im je dodijelila. Kao da je u\u0161la u du\u0161u svakog lika i prezentirala ga na najbolji mogu\u0107i na\u010din. <\/span><\/span><\/p>\n<p lang=\"it-IT\"><span style=\"font-family: Arial, sans-serif;\"><span style=\"font-size: medium;\">\u0160to se ti\u010de radnje, vrlo je originalna i pou\u010dna. Prije svega, da moramo \u010duvati osobe koje volimo, da je to ne\u0161to najvrjednije, najmo\u0107nije, ne\u0161to za \u0161to se vrijedi boriti i dati cijeloga sebe. Mo\u017eemo postati bolje osobe, trebamo \u010duvati jedni druge. <\/span><\/span><\/p>\n<p><span style=\"font-family: Arial, sans-serif;\"><span style=\"font-size: medium;\"><span lang=\"it-IT\">Jo\u0161 jedna posebnost ovog romana su zanimljiva imena poglavlja. Posebno mi se svi\u0111a dijalog u petom poglavlju <\/span><\/span><\/span><span style=\"font-family: Arial, sans-serif;\"><span style=\"font-size: medium;\"><span lang=\"it-IT\"><i>Kad bih te mogla ponovo ubit&#8217; u\u010dinila bih to. <\/i><\/span><\/span><\/span><\/p>\n<p lang=\"it-IT\"><span style=\"font-family: Arial, sans-serif;\"><span style=\"font-size: medium;\"><i>Ivana je veselo mahala nogama u zraku dok je \u010ditala svoju najdra\u017eu rubriku, dok je Antonija poku\u0161avala shvatiti \u0161to je tu toliko veselo. Zanimljivo jest, ali nije toliko veselo. Nekad pri\u010de znaju biti stvarno potresne.<\/i><\/span><\/span><\/p>\n<p>\u2013 <span style=\"font-family: Arial, sans-serif;\"><span style=\"font-size: medium;\"><span lang=\"it-IT\"><i>Je li to Mali princ? <\/i><\/span><\/span><\/span><span style=\"font-family: Arial, sans-serif;\"><span style=\"font-size: medium;\"><span lang=\"hr-HR\"><i>\u2013<\/i><\/span><\/span><\/span><span style=\"font-family: Arial, sans-serif;\"><span style=\"font-size: medium;\"><span lang=\"it-IT\"><i> Ivana je pokazala tankim prsti\u0107em na knjigu koja se nalazila na polici povi\u0161e radnog stola.<\/i><\/span><\/span><\/span><\/p>\n<p lang=\"it-IT\"><span style=\"font-family: Arial, sans-serif;\"><span style=\"font-size: medium;\"><i>Antoniji je Mali princ bila najdra\u017ea knjiga iz djetinjstva koju joj je baka \u010ditala tijekom rata.<\/i><\/span><\/span><\/p>\n<p>\u2013 <span style=\"font-family: Arial, sans-serif;\"><span style=\"font-size: medium;\"><span lang=\"it-IT\"><i>Jest.<\/i><\/span><\/span><\/span><\/p>\n<p>\u2013 <span style=\"font-family: Arial, sans-serif;\"><span style=\"font-size: medium;\"><span lang=\"it-IT\"><i>Meni su je medicinske sestre \u010ditale dok sam bila u bolnici. <\/i><\/span><\/span><\/span><span style=\"font-family: Arial, sans-serif;\"><span style=\"font-size: medium;\"><i>Kasnije nisam imala prilike do\u0107&#8217; do nje.<\/i><\/span><\/span><\/p>\n<p><span style=\"font-family: Arial, sans-serif;\"><span style=\"font-size: medium;\"><span lang=\"it-IT\"><i>\u010cuvar<\/i><\/span><\/span><\/span><span style=\"font-family: Arial, sans-serif;\"><span style=\"font-size: medium;\"><span lang=\"it-IT\"> je roman koji bi definitivno trebalo ekranizirati, bila bi to prava filmska poslastica za mlade i odrasle. <\/span><\/span><\/span><span style=\"font-family: Arial, sans-serif;\"><span style=\"font-size: medium;\">Knji\u0161ka poslastica ve\u0107 je. <\/span><\/span><\/p>\n<p><span style=\"font-family: Arial, sans-serif;\"><span style=\"font-size: medium;\">Ugodno \u010ditanje!<\/span><\/span><\/p>\n<p>&nbsp;<\/p>\n<p><span style=\"font-family: Arial, sans-serif;\"><span lang=\"hr-HR\"><b>Bilje\u0161ka o autorici: <\/b><\/span><\/span><\/p>\n<p><span style=\"font-family: Arial, sans-serif;\"><span style=\"font-size: medium;\"><span lang=\"hr-HR\">Martina Gluhan<br \/>\n(1991. &#8211; 2022.)<\/p>\n<p>Ro\u0111ena je u Dubrovniku, gdje je zavr\u0161ila srednju Medicinsku \u0161kolu i akvakulturu na Sveu\u010dili\u0161tu u Dubrovniku. Bila je aktivna u administraciji i vodstvu mno\u0161tva projekata za mlade, bila je jedna od pokreta\u010da novog vala Udruge inovatora Dubrova\u010dko-neretvanske \u017eupanije. Pisala je aktivno za portal mimladi. <\/span><\/span><\/span><\/p>\n<p><span style=\"font-family: Arial, sans-serif;\"><span style=\"font-size: medium;\"><span lang=\"hr-HR\">Na natje\u010daju za najbolji neobjavljeni odlomak iz romana u Grupi Pisci i Knji\u017eevnost 2022. osvojila je 1. mjesto sa znanstvenom fantastikom Djeca posljednje civilizacije.<\/p>\n<p>Lov na slobodu njezin je prvi objavljeni roman.<\/p>\n<p>Martina je tragi\u010dno preminula u automobilskoj nesre\u0107i u ljeto 2022., tek nekoliko mjeseci prije objave prve knjige.<\/p>\n<p><\/span><\/span><\/span><span style=\"font-family: Arial, sans-serif;\"><span style=\"font-size: medium;\">Roman \u010cuvar, njezina je druga objavljena knjiga. <\/span><\/span><\/p>\n<p><span style=\"font-family: Arial, sans-serif;\"><span lang=\"hr-HR\"><b>E-mail: <\/b><\/span><\/span><a href=\"http:\/\/MAILTO:j.gluhan@gmail.com\" target=\"_blank\" rel=\"noopener\"><span style=\"color: #000000;\"><span style=\"font-family: Arial, sans-serif;\">Martina Gluhan<\/span><\/span><\/a><\/p>\n<p>&nbsp;<\/p>\n<p><strong><span style=\"font-family: Arial, sans-serif;\"><span lang=\"hr-HR\">Naslov: <\/span><\/span><\/strong><strong><span style=\"font-family: Arial, sans-serif;\">\u010cuvar<\/span><\/strong><span style=\"font-family: Arial, sans-serif;\"><span lang=\"hr-HR\"><br \/>\n<\/span><\/span><strong><span style=\"font-family: Arial, sans-serif;\"><span lang=\"hr-HR\">Autor\/autorica:<\/span><\/span><\/strong> <span style=\"font-family: Arial, sans-serif;\">Martina Gluhan<\/span><span style=\"font-family: Arial, sans-serif;\"><span lang=\"hr-HR\"><br \/>\n<\/span><\/span><strong><span style=\"font-family: Arial, sans-serif;\"><span lang=\"hr-HR\">Broj stranica: <\/span><\/span><\/strong><span style=\"font-family: Arial, sans-serif;\"><span lang=\"\">234<\/span><\/span><span style=\"font-family: Arial, sans-serif;\"><span lang=\"hr-HR\"><br \/>\n<\/span><\/span><strong><span style=\"font-family: Arial, sans-serif;\"><span lang=\"hr-HR\">Nakladnik: <\/span><\/span><\/strong><strong><span style=\"font-family: Arial, sans-serif;\">REDAK<\/span><\/strong><span style=\"font-family: Arial, sans-serif;\"><span lang=\"hr-HR\"><br \/>\n<\/span><\/span><strong><span style=\"font-family: Arial, sans-serif;\"><span lang=\"hr-HR\">Godina izdanja: <\/span><\/span><\/strong><strong><span style=\"font-family: Arial, sans-serif;\">2024.<\/span><\/strong><strong><span style=\"font-family: Arial, sans-serif;\"><span lang=\"hr-HR\">.<br \/>\n<\/span><\/span><\/strong><strong><span style=\"font-family: Arial, sans-serif;\"><span lang=\"hr-HR\">ISBN:<\/span><\/span><\/strong> <span style=\"font-family: Arial, sans-serif;\">978-953-395-020-4<\/span><span style=\"font-family: Arial, sans-serif;\"><span lang=\"hr-HR\"><br \/>\n<\/span><\/span><strong><span style=\"font-family: Arial, sans-serif;\"><span lang=\"hr-HR\">Tisak:<\/span><\/span><\/strong><span style=\"font-family: Arial, sans-serif;\"><span lang=\"hr-HR\"> digitalni tisak knjiga &#8211; print na zahtjev<\/span><\/span><\/p>\n","protected":false},"excerpt":{"rendered":"<p>Ella Hasel, urednica blogova Knji\u0161ki recenzeRAJ i SvojaITo\u010dka, napisala je nekoliko rije\u010di o knjizi: Mo\u0107ni ljudi u \u017eivotu rade mo\u0107ne stvari. Dobri ljudi u \u017eivotu rade dobre stvari. Neustra\u0161ivi ljudi u \u017eivotu rade neustra\u0161ive stvari. Kreativni kreativne stvari, odva\u017eni odva\u017ene, hrabri hrabre\u2026 A pravi pisci u \u017eivotu pi\u0161u najbolja i najljep\u0161a djela. Martina Gluhan bila [&hellip;]<\/p>\n","protected":false},"featured_media":18060,"comment_status":"open","ping_status":"closed","template":"","meta":{"_acf_changed":false},"product_brand":[],"product_cat":[1605],"product_tag":[],"class_list":{"0":"post-18059","1":"product","2":"type-product","3":"status-publish","4":"has-post-thumbnail","6":"product_cat-roman","7":"pa_autor-martina-gluhan","8":"pa_nakladnik-redak","10":"first","11":"instock","12":"shipping-taxable","13":"purchasable","14":"product-type-simple"},"acf":[],"yoast_head":"<!-- This site is optimized with the Yoast SEO plugin v27.3 - https:\/\/yoast.com\/product\/yoast-seo-wordpress\/ -->\n<title>\u010cUVAR, Martina Gluhan - Web-knji\u017eara<\/title>\n<meta name=\"robots\" content=\"index, follow, max-snippet:-1, max-image-preview:large, max-video-preview:-1\" \/>\n<link rel=\"canonical\" href=\"https:\/\/webknjizara.hr\/proizvod\/cuvar-martina-gluhan\/\" \/>\n<meta property=\"og:locale\" content=\"en_US\" \/>\n<meta property=\"og:type\" content=\"article\" \/>\n<meta property=\"og:title\" content=\"\u010cUVAR, Martina Gluhan - Web-knji\u017eara\" \/>\n<meta property=\"og:description\" content=\"Ella Hasel, urednica blogova Knji\u0161ki recenzeRAJ i SvojaITo\u010dka, napisala je nekoliko rije\u010di o knjizi: Mo\u0107ni ljudi u \u017eivotu rade mo\u0107ne stvari. Dobri ljudi u \u017eivotu rade dobre stvari. Neustra\u0161ivi ljudi u \u017eivotu rade neustra\u0161ive stvari. Kreativni kreativne stvari, odva\u017eni odva\u017ene, hrabri hrabre\u2026 A pravi pisci u \u017eivotu pi\u0161u najbolja i najljep\u0161a djela. Martina Gluhan bila [&hellip;]\" \/>\n<meta property=\"og:url\" content=\"https:\/\/webknjizara.hr\/proizvod\/cuvar-martina-gluhan\/\" \/>\n<meta property=\"og:site_name\" content=\"Web-knji\u017eara\" \/>\n<meta property=\"og:image\" content=\"https:\/\/webknjizara.hr\/wp-content\/uploads\/2024\/11\/Martina_Gluhan_Cuvar_webknjizara_redak_WEB_1615.jpg\" \/>\n\t<meta property=\"og:image:width\" content=\"300\" \/>\n\t<meta property=\"og:image:height\" content=\"419\" \/>\n\t<meta property=\"og:image:type\" content=\"image\/jpeg\" \/>\n<meta name=\"twitter:card\" content=\"summary_large_image\" \/>\n<meta name=\"twitter:label1\" content=\"Est. reading time\" \/>\n\t<meta name=\"twitter:data1\" content=\"4 minutes\" \/>\n<script type=\"application\/ld+json\" class=\"yoast-schema-graph\">{\"@context\":\"https:\\\/\\\/schema.org\",\"@graph\":[{\"@type\":\"WebPage\",\"@id\":\"https:\\\/\\\/webknjizara.hr\\\/proizvod\\\/cuvar-martina-gluhan\\\/\",\"url\":\"https:\\\/\\\/webknjizara.hr\\\/proizvod\\\/cuvar-martina-gluhan\\\/\",\"name\":\"\u010cUVAR, Martina Gluhan - Web-knji\u017eara\",\"isPartOf\":{\"@id\":\"https:\\\/\\\/webknjizara.hr\\\/#website\"},\"primaryImageOfPage\":{\"@id\":\"https:\\\/\\\/webknjizara.hr\\\/proizvod\\\/cuvar-martina-gluhan\\\/#primaryimage\"},\"image\":{\"@id\":\"https:\\\/\\\/webknjizara.hr\\\/proizvod\\\/cuvar-martina-gluhan\\\/#primaryimage\"},\"thumbnailUrl\":\"https:\\\/\\\/webknjizara.hr\\\/wp-content\\\/uploads\\\/2024\\\/11\\\/Martina_Gluhan_Cuvar_webknjizara_redak_WEB_1615.jpg\",\"datePublished\":\"2024-11-06T10:56:37+00:00\",\"breadcrumb\":{\"@id\":\"https:\\\/\\\/webknjizara.hr\\\/proizvod\\\/cuvar-martina-gluhan\\\/#breadcrumb\"},\"inLanguage\":\"en-US\",\"potentialAction\":[{\"@type\":\"ReadAction\",\"target\":[\"https:\\\/\\\/webknjizara.hr\\\/proizvod\\\/cuvar-martina-gluhan\\\/\"]}]},{\"@type\":\"ImageObject\",\"inLanguage\":\"en-US\",\"@id\":\"https:\\\/\\\/webknjizara.hr\\\/proizvod\\\/cuvar-martina-gluhan\\\/#primaryimage\",\"url\":\"https:\\\/\\\/webknjizara.hr\\\/wp-content\\\/uploads\\\/2024\\\/11\\\/Martina_Gluhan_Cuvar_webknjizara_redak_WEB_1615.jpg\",\"contentUrl\":\"https:\\\/\\\/webknjizara.hr\\\/wp-content\\\/uploads\\\/2024\\\/11\\\/Martina_Gluhan_Cuvar_webknjizara_redak_WEB_1615.jpg\",\"width\":300,\"height\":419},{\"@type\":\"BreadcrumbList\",\"@id\":\"https:\\\/\\\/webknjizara.hr\\\/proizvod\\\/cuvar-martina-gluhan\\\/#breadcrumb\",\"itemListElement\":[{\"@type\":\"ListItem\",\"position\":1,\"name\":\"Po\u010detna stranica\",\"item\":\"https:\\\/\\\/webknjizara.hr\\\/en\\\/\"},{\"@type\":\"ListItem\",\"position\":2,\"name\":\"Shop\",\"item\":\"https:\\\/\\\/webknjizara.hr\\\/shop\\\/\"},{\"@type\":\"ListItem\",\"position\":3,\"name\":\"\u010cUVAR, Martina Gluhan\"}]},{\"@type\":\"WebSite\",\"@id\":\"https:\\\/\\\/webknjizara.hr\\\/#website\",\"url\":\"https:\\\/\\\/webknjizara.hr\\\/\",\"name\":\"Web Knji\u017eara\",\"description\":\"\",\"publisher\":{\"@id\":\"https:\\\/\\\/webknjizara.hr\\\/#organization\"},\"potentialAction\":[{\"@type\":\"SearchAction\",\"target\":{\"@type\":\"EntryPoint\",\"urlTemplate\":\"https:\\\/\\\/webknjizara.hr\\\/?s={search_term_string}\"},\"query-input\":{\"@type\":\"PropertyValueSpecification\",\"valueRequired\":true,\"valueName\":\"search_term_string\"}}],\"inLanguage\":\"en-US\"},{\"@type\":\"Organization\",\"@id\":\"https:\\\/\\\/webknjizara.hr\\\/#organization\",\"name\":\"REDAK D.O.O.\",\"url\":\"https:\\\/\\\/webknjizara.hr\\\/\",\"logo\":{\"@type\":\"ImageObject\",\"inLanguage\":\"en-US\",\"@id\":\"https:\\\/\\\/webknjizara.hr\\\/#\\\/schema\\\/logo\\\/image\\\/\",\"url\":\"https:\\\/\\\/webknjizara.hr\\\/wp-content\\\/uploads\\\/2023\\\/01\\\/web-knjizara-logo.webp\",\"contentUrl\":\"https:\\\/\\\/webknjizara.hr\\\/wp-content\\\/uploads\\\/2023\\\/01\\\/web-knjizara-logo.webp\",\"width\":324,\"height\":79,\"caption\":\"REDAK D.O.O.\"},\"image\":{\"@id\":\"https:\\\/\\\/webknjizara.hr\\\/#\\\/schema\\\/logo\\\/image\\\/\"}}]}<\/script>\n<!-- \/ Yoast SEO plugin. -->","yoast_head_json":{"title":"\u010cUVAR, Martina Gluhan - Web-knji\u017eara","robots":{"index":"index","follow":"follow","max-snippet":"max-snippet:-1","max-image-preview":"max-image-preview:large","max-video-preview":"max-video-preview:-1"},"canonical":"https:\/\/webknjizara.hr\/proizvod\/cuvar-martina-gluhan\/","og_locale":"en_US","og_type":"article","og_title":"\u010cUVAR, Martina Gluhan - Web-knji\u017eara","og_description":"Ella Hasel, urednica blogova Knji\u0161ki recenzeRAJ i SvojaITo\u010dka, napisala je nekoliko rije\u010di o knjizi: Mo\u0107ni ljudi u \u017eivotu rade mo\u0107ne stvari. Dobri ljudi u \u017eivotu rade dobre stvari. Neustra\u0161ivi ljudi u \u017eivotu rade neustra\u0161ive stvari. Kreativni kreativne stvari, odva\u017eni odva\u017ene, hrabri hrabre\u2026 A pravi pisci u \u017eivotu pi\u0161u najbolja i najljep\u0161a djela. Martina Gluhan bila [&hellip;]","og_url":"https:\/\/webknjizara.hr\/proizvod\/cuvar-martina-gluhan\/","og_site_name":"Web-knji\u017eara","og_image":[{"width":300,"height":419,"url":"https:\/\/webknjizara.hr\/wp-content\/uploads\/2024\/11\/Martina_Gluhan_Cuvar_webknjizara_redak_WEB_1615.jpg","type":"image\/jpeg"}],"twitter_card":"summary_large_image","twitter_misc":{"Est. reading time":"4 minutes"},"schema":{"@context":"https:\/\/schema.org","@graph":[{"@type":"WebPage","@id":"https:\/\/webknjizara.hr\/proizvod\/cuvar-martina-gluhan\/","url":"https:\/\/webknjizara.hr\/proizvod\/cuvar-martina-gluhan\/","name":"\u010cUVAR, Martina Gluhan - Web-knji\u017eara","isPartOf":{"@id":"https:\/\/webknjizara.hr\/#website"},"primaryImageOfPage":{"@id":"https:\/\/webknjizara.hr\/proizvod\/cuvar-martina-gluhan\/#primaryimage"},"image":{"@id":"https:\/\/webknjizara.hr\/proizvod\/cuvar-martina-gluhan\/#primaryimage"},"thumbnailUrl":"https:\/\/webknjizara.hr\/wp-content\/uploads\/2024\/11\/Martina_Gluhan_Cuvar_webknjizara_redak_WEB_1615.jpg","datePublished":"2024-11-06T10:56:37+00:00","breadcrumb":{"@id":"https:\/\/webknjizara.hr\/proizvod\/cuvar-martina-gluhan\/#breadcrumb"},"inLanguage":"en-US","potentialAction":[{"@type":"ReadAction","target":["https:\/\/webknjizara.hr\/proizvod\/cuvar-martina-gluhan\/"]}]},{"@type":"ImageObject","inLanguage":"en-US","@id":"https:\/\/webknjizara.hr\/proizvod\/cuvar-martina-gluhan\/#primaryimage","url":"https:\/\/webknjizara.hr\/wp-content\/uploads\/2024\/11\/Martina_Gluhan_Cuvar_webknjizara_redak_WEB_1615.jpg","contentUrl":"https:\/\/webknjizara.hr\/wp-content\/uploads\/2024\/11\/Martina_Gluhan_Cuvar_webknjizara_redak_WEB_1615.jpg","width":300,"height":419},{"@type":"BreadcrumbList","@id":"https:\/\/webknjizara.hr\/proizvod\/cuvar-martina-gluhan\/#breadcrumb","itemListElement":[{"@type":"ListItem","position":1,"name":"Po\u010detna stranica","item":"https:\/\/webknjizara.hr\/en\/"},{"@type":"ListItem","position":2,"name":"Shop","item":"https:\/\/webknjizara.hr\/shop\/"},{"@type":"ListItem","position":3,"name":"\u010cUVAR, Martina Gluhan"}]},{"@type":"WebSite","@id":"https:\/\/webknjizara.hr\/#website","url":"https:\/\/webknjizara.hr\/","name":"Web Knji\u017eara","description":"","publisher":{"@id":"https:\/\/webknjizara.hr\/#organization"},"potentialAction":[{"@type":"SearchAction","target":{"@type":"EntryPoint","urlTemplate":"https:\/\/webknjizara.hr\/?s={search_term_string}"},"query-input":{"@type":"PropertyValueSpecification","valueRequired":true,"valueName":"search_term_string"}}],"inLanguage":"en-US"},{"@type":"Organization","@id":"https:\/\/webknjizara.hr\/#organization","name":"REDAK D.O.O.","url":"https:\/\/webknjizara.hr\/","logo":{"@type":"ImageObject","inLanguage":"en-US","@id":"https:\/\/webknjizara.hr\/#\/schema\/logo\/image\/","url":"https:\/\/webknjizara.hr\/wp-content\/uploads\/2023\/01\/web-knjizara-logo.webp","contentUrl":"https:\/\/webknjizara.hr\/wp-content\/uploads\/2023\/01\/web-knjizara-logo.webp","width":324,"height":79,"caption":"REDAK D.O.O."},"image":{"@id":"https:\/\/webknjizara.hr\/#\/schema\/logo\/image\/"}}]}},"_links":{"self":[{"href":"https:\/\/webknjizara.hr\/en\/wp-json\/wp\/v2\/product\/18059","targetHints":{"allow":["GET"]}}],"collection":[{"href":"https:\/\/webknjizara.hr\/en\/wp-json\/wp\/v2\/product"}],"about":[{"href":"https:\/\/webknjizara.hr\/en\/wp-json\/wp\/v2\/types\/product"}],"replies":[{"embeddable":true,"href":"https:\/\/webknjizara.hr\/en\/wp-json\/wp\/v2\/comments?post=18059"}],"wp:featuredmedia":[{"embeddable":true,"href":"https:\/\/webknjizara.hr\/en\/wp-json\/wp\/v2\/media\/18060"}],"wp:attachment":[{"href":"https:\/\/webknjizara.hr\/en\/wp-json\/wp\/v2\/media?parent=18059"}],"wp:term":[{"taxonomy":"product_brand","embeddable":true,"href":"https:\/\/webknjizara.hr\/en\/wp-json\/wp\/v2\/product_brand?post=18059"},{"taxonomy":"product_cat","embeddable":true,"href":"https:\/\/webknjizara.hr\/en\/wp-json\/wp\/v2\/product_cat?post=18059"},{"taxonomy":"product_tag","embeddable":true,"href":"https:\/\/webknjizara.hr\/en\/wp-json\/wp\/v2\/product_tag?post=18059"}],"curies":[{"name":"wp","href":"https:\/\/api.w.org\/{rel}","templated":true}]}}