{"id":18029,"date":"2024-10-31T12:12:36","date_gmt":"2024-10-31T11:12:36","guid":{"rendered":"https:\/\/webknjizara.hr\/?post_type=product&#038;p=18029"},"modified":"2024-11-07T16:33:46","modified_gmt":"2024-11-07T15:33:46","slug":"virovticka-verdinija-drazen-bunjevac","status":"publish","type":"product","link":"https:\/\/webknjizara.hr\/en\/proizvod\/virovticka-verdinija-drazen-bunjevac\/","title":{"rendered":"VIROV&#8217;TI\u010cKA VER\u0110INIJA, Dra\u017een Bunjevac"},"content":{"rendered":"<p><span style=\"color: #000000;\"><span lang=\"hr-HR\">Autobiografske pri\u010de od polovice sedamdesetih pro\u0161log stolje\u0107a do domovinskog rata s uvodima na mike\u0161kom dijalektu.<br \/>\n<\/span><\/span><em>Knjiga se sastoji od trideset pri\u010da razli\u010dite tematike i\u00a0zanimljivih\u00a0naslova: Jason na\u0161ih dana, Ki\u0161tra u kojoj su ljudi, Fantovi i ro\u0111endani, Na bazenu, Po\u010dasni\u00a0krugovi, \u010caskom i poletno po Polet, Babin Kuk, Curino cvi\u0107e, Stadion\u00a0koji to nije ili Nele,ba!, U kazali\u0161\u0107e\u00a0po darove, Pijanisti, Cicamace i visibabe, Viktor Bumba Kisiseko&#8230; koje bi se mogle svesti na zajedni\u010dki nazivnik spomenar odrastanju<strong>\u00a0<\/strong>jer je<strong>\u00a0<\/strong>autor<strong>\u00a0<\/strong>ve\u0107inu pri\u010da posvetio najljep\u0161em dijelu \u010dovjekova \u017eivota, a \u010dini mi se i najte\u017eem &#8211; odrastanju i tra\u017eenju sebe.<\/em><\/p>\n<p style=\"font-weight: 400;\"><em>Pri\u010de su ispri\u010dane u 1. osobi (licu). Autor ih je vje\u0161to gradio na sje\u0107anjima svojim, nekog poznanika ili prijatelja, a mnoge su dio i svih nas.\u00a0U njima \u017eive uspomene na drage ljude, doga\u0111aje iz Mike\u0161landa\u00a0ali i \u0161ire te tako prepoznatljive svima koji su do\u017eivjeli i pro\u017eivjeli opisano vrijeme. Ukori\u010dene u ovoj knjizi nad\u017eivjet \u0107e na\u0161a sje\u0107anja i postati povijest zavi\u010daja, \u010dovjekova svakida\u0161njica zabilje\u017eena perom promatra\u010da, \u010desto i glavnih aktera podneblja u kojem su nastali i stasali njezini junaci, koji se polako gube, \u0161to je op\u0107e poznata \u010dinjenica jer svi smo prepu\u0161teni neumitnom hodu vremena u kojemu neke druge igrice u zatvorenom prostoru na ekranima ili s malenim ure\u0111ajima u rukama zamjenjuju prirodu, vanjsku okolinu i dru\u017eenja.\u00a0Likovi su iz razli\u010ditih dru\u0161tvenih miljea. Susre\u0107emo ih na radnom mjestu, na ulici, na utakmicama, te\u0161kim radnim zadacima, ali i na mjestima opu\u0161tanja, u gostionicama, na sportskim terenima, kupali\u0161tu, u kinu ili u \u0161koli. Me\u0111u\u00a0njima ima i mno\u0161tvo poznatih\u00a0osoba\u00a0iz toga vremena kojih se autor dotakao ili opisao. Ova knjiga nije crno-bijela fotografija, ona pr\u0161ti s pregr\u0161t \u017eivotnih boja i nijansi a re\u010denice su nabijene emocijama i\u00a0vrve mladena\u010dkim \u017eargonizmima s mno\u0161tvom detalja i ponekom psovkom\u00a0koja jo\u0161 uvjerljivije potvr\u0111uje prisutnost mladog \u010dovjeka neoptere\u0107enog uskim \u017eivotnim stegama&#8230;<\/em>\u00a0Zorica Varga, recenzentica.<\/p>\n<p>&nbsp;<\/p>\n<p><span style=\"font-family: Arial, sans-serif;\"><span lang=\"hr-HR\"><b>Bilje\u0161ka o autoru: <\/b><\/span><\/span><\/p>\n<p lang=\"hr-HR\"><span style=\"color: #000000;\">Ro\u0111enjem Viroviti\u010danin iz stare mike\u0161ke obitelji starosjedilaca koji se svojim spisateljskim radovima bavi na o\u010duvanju i njegovanju doma\u0107eg dijalekta. Kao \u010dlan Matice hrvatske 2013. godine pokre\u0107e, ure\u0111uje i vodi &#8221;Mike\u0161ke divane&#8221; za koje pi\u0161e pri\u010de \u010duvaju\u0107i tako i promi\u010du\u0107i govor te ba\u0161tinu rodnoga grada. Zahvaljuju\u0107i spomenutom, 2015. postaje kolumnist &#8221;Viroviti\u010dkog lista&#8221; objavljuju\u0107i svojevrsnu tjednu, gradsku kroniku pod nazivom &#8221;Iz mike\u0161kog kuta&#8221;. U zagreba\u010dkom \u010dasopisu za kulturu &#8221;Hrvatsko slovo&#8221; 2016. objavljuje svoju prvu pri\u010du ratne tematike\u00a0<i>Za\u0161to nikome ne idem na kavu,<\/i>\u00a0a ubrzo ostvaruje suradnju dobiv\u0161i rubriku &#8221;Viroviti\u010dke kulturne vizure&#8221;. Iste godine prema njegovoj ideji i uredni\u010dkoj realizaciji izlazi prva viroviti\u010dka, trodijelna knjiga sastavljena od putopisa i pjesama na mike\u0161kom govoru te fotografija pod nazivom\u00a0<i>Ul&#8217;cama i mostovima sje\u0107anja, tragovima zavi\u010daja<\/i>\u00a0s njegovim proznim uratkom\u00a0<i>O\u0111eni\u010dki hodopis<\/i>. Povodom sto dvadesete obljetnice novinstva u Virovitici, 2019. godine spomenute kolumne su ukori\u010dene zajedno s prvim Rje\u010dnikom mike\u0161kog govora.\u00a02023. godine objavljuje knjigu\u00a0<i>Braniteljska trantika\u00a0<\/i>kojom se prisje\u0107a vremena Domovinskog rata i s njim vezanih razli\u010ditih dogodov\u0161tina.\u00a0Unatrag desetak godina objavljivao je \u010dlanke o kulturi i radu viroviti\u010dkog Ogranka Matice hrvatske za \u010dasopis &#8221;Vijenac&#8221; i \u017eupanijski &#8221;Zavi\u010daj&#8221;. Kao svestrani kroni\u010dar rodnoga grada autor je i urednik tri izlo\u017ebe fotografija muzejske, pandemijske i ratne tematike.\u00a0Mnoge pri\u010de, osvrti, eseji i kritike objavljivane su na nekoliko razli\u010ditih portala.\u00a0Ova knjiga je prvi dio virov&#8217;ti\u010dke,\u00a0mike\u0161ke ali i puno \u0161ire, svehrvatske trilogije u nastajanju.<\/span><\/p>\n<p><span style=\"font-family: Arial, sans-serif;\"><span lang=\"hr-HR\"><b>E-mail: <\/b><\/span><\/span><a href=\"http:\/\/MAILTO:bunjevacdrazen8@gmail.com\" target=\"_blank\" rel=\"noopener\"><span style=\"color: #000000;\"><span style=\"font-family: Arial, sans-serif;\">Dra\u017een Bunjevac<\/span><\/span><\/a><\/p>\n<p>&nbsp;<\/p>\n<p><strong><span style=\"font-family: Arial, sans-serif;\"><span lang=\"hr-HR\">Naslov: <\/span><\/span><\/strong><strong><span style=\"font-family: Arial, sans-serif;\">Virov&#8217;ti\u010dka Ver\u0111inija<\/span><\/strong><span style=\"font-family: Arial, sans-serif;\"><span lang=\"hr-HR\"><br \/>\n<\/span><\/span><strong><span style=\"font-family: Arial, sans-serif;\"><span lang=\"hr-HR\">Autor\/autorica:<\/span><\/span><\/strong> <span style=\"font-family: Arial, sans-serif;\">Dra\u017een Bunjevac<\/span><span style=\"font-family: Arial, sans-serif;\"><span lang=\"hr-HR\"><br \/>\n<\/span><\/span><strong><span style=\"font-family: Arial, sans-serif;\"><span lang=\"hr-HR\">Broj stranica: <\/span><\/span><\/strong><span style=\"font-family: Arial, sans-serif;\"><span lang=\"\">398<\/span><\/span><span style=\"font-family: Arial, sans-serif;\"><span lang=\"hr-HR\"><br \/>\n<\/span><\/span><strong><span style=\"font-family: Arial, sans-serif;\"><span lang=\"hr-HR\">Nakladnik: <\/span><\/span><\/strong><strong><span style=\"font-family: Arial, sans-serif;\">REDAK<\/span><\/strong><span style=\"font-family: Arial, sans-serif;\"><span lang=\"hr-HR\"><br \/>\n<\/span><\/span><strong><span style=\"font-family: Arial, sans-serif;\"><span lang=\"hr-HR\">Godina izdanja: <\/span><\/span><\/strong><strong><span style=\"font-family: Arial, sans-serif;\">2024.<\/span><\/strong><strong><span style=\"font-family: Arial, sans-serif;\"><span lang=\"hr-HR\">.<br \/>\n<\/span><\/span><\/strong><strong><span style=\"font-family: Arial, sans-serif;\">ISBN:<\/span><\/strong><span style=\"font-family: Arial, sans-serif;\"> 978-953-395-017-4<br \/>\n<\/span><strong><span style=\"font-family: Arial, sans-serif;\">Tisak:<\/span><\/strong><span style=\"font-family: Arial, sans-serif;\"> digitalni tisak knjiga &#8211; print na zahtjev<\/span><\/p>\n","protected":false},"excerpt":{"rendered":"<p>Autobiografske pri\u010de od polovice sedamdesetih pro\u0161log stolje\u0107a do domovinskog rata s uvodima na mike\u0161kom dijalektu. Knjiga se sastoji od trideset pri\u010da razli\u010dite tematike i\u00a0zanimljivih\u00a0naslova: Jason na\u0161ih dana, Ki\u0161tra u kojoj su ljudi, Fantovi i ro\u0111endani, Na bazenu, Po\u010dasni\u00a0krugovi, \u010caskom i poletno po Polet, Babin Kuk, Curino cvi\u0107e, Stadion\u00a0koji to nije ili Nele,ba!, U kazali\u0161\u0107e\u00a0po darove, [&hellip;]<\/p>\n","protected":false},"featured_media":18030,"comment_status":"open","ping_status":"closed","template":"","meta":{"_acf_changed":false},"product_brand":[],"product_cat":[1607],"product_tag":[],"class_list":{"0":"post-18029","1":"product","2":"type-product","3":"status-publish","4":"has-post-thumbnail","6":"product_cat-proza","7":"pa_autor-drazen-bunjevac","8":"pa_nakladnik-redak","10":"first","11":"instock","12":"shipping-taxable","13":"purchasable","14":"product-type-simple"},"acf":[],"yoast_head":"<!-- This site is optimized with the Yoast SEO plugin v27.3 - https:\/\/yoast.com\/product\/yoast-seo-wordpress\/ -->\n<title>VIROV&#039;TI\u010cKA VER\u0110INIJA, Dra\u017een Bunjevac - Web-knji\u017eara<\/title>\n<meta name=\"robots\" content=\"index, follow, max-snippet:-1, max-image-preview:large, max-video-preview:-1\" \/>\n<link rel=\"canonical\" href=\"https:\/\/webknjizara.hr\/proizvod\/virovticka-verdinija-drazen-bunjevac\/\" \/>\n<meta property=\"og:locale\" content=\"en_US\" \/>\n<meta property=\"og:type\" content=\"article\" \/>\n<meta property=\"og:title\" content=\"VIROV&#039;TI\u010cKA VER\u0110INIJA, Dra\u017een Bunjevac - Web-knji\u017eara\" \/>\n<meta property=\"og:description\" content=\"Autobiografske pri\u010de od polovice sedamdesetih pro\u0161log stolje\u0107a do domovinskog rata s uvodima na mike\u0161kom dijalektu. Knjiga se sastoji od trideset pri\u010da razli\u010dite tematike i\u00a0zanimljivih\u00a0naslova: Jason na\u0161ih dana, Ki\u0161tra u kojoj su ljudi, Fantovi i ro\u0111endani, Na bazenu, Po\u010dasni\u00a0krugovi, \u010caskom i poletno po Polet, Babin Kuk, Curino cvi\u0107e, Stadion\u00a0koji to nije ili Nele,ba!, U kazali\u0161\u0107e\u00a0po darove, [&hellip;]\" \/>\n<meta property=\"og:url\" content=\"https:\/\/webknjizara.hr\/proizvod\/virovticka-verdinija-drazen-bunjevac\/\" \/>\n<meta property=\"og:site_name\" content=\"Web-knji\u017eara\" \/>\n<meta property=\"article:modified_time\" content=\"2024-11-07T15:33:46+00:00\" \/>\n<meta property=\"og:image\" content=\"https:\/\/webknjizara.hr\/wp-content\/uploads\/2024\/10\/DrazenBunjevac_Virovticka_Verdinija_webknjizara_redak_WEB_1605.jpg\" \/>\n\t<meta property=\"og:image:width\" content=\"300\" \/>\n\t<meta property=\"og:image:height\" content=\"419\" \/>\n\t<meta property=\"og:image:type\" content=\"image\/jpeg\" \/>\n<meta name=\"twitter:card\" content=\"summary_large_image\" \/>\n<meta name=\"twitter:label1\" content=\"Est. reading time\" \/>\n\t<meta name=\"twitter:data1\" content=\"4 minutes\" \/>\n<script type=\"application\/ld+json\" class=\"yoast-schema-graph\">{\"@context\":\"https:\\\/\\\/schema.org\",\"@graph\":[{\"@type\":\"WebPage\",\"@id\":\"https:\\\/\\\/webknjizara.hr\\\/proizvod\\\/virovticka-verdinija-drazen-bunjevac\\\/\",\"url\":\"https:\\\/\\\/webknjizara.hr\\\/proizvod\\\/virovticka-verdinija-drazen-bunjevac\\\/\",\"name\":\"VIROV'TI\u010cKA VER\u0110INIJA, Dra\u017een Bunjevac - Web-knji\u017eara\",\"isPartOf\":{\"@id\":\"https:\\\/\\\/webknjizara.hr\\\/#website\"},\"primaryImageOfPage\":{\"@id\":\"https:\\\/\\\/webknjizara.hr\\\/proizvod\\\/virovticka-verdinija-drazen-bunjevac\\\/#primaryimage\"},\"image\":{\"@id\":\"https:\\\/\\\/webknjizara.hr\\\/proizvod\\\/virovticka-verdinija-drazen-bunjevac\\\/#primaryimage\"},\"thumbnailUrl\":\"https:\\\/\\\/webknjizara.hr\\\/wp-content\\\/uploads\\\/2024\\\/10\\\/DrazenBunjevac_Virovticka_Verdinija_webknjizara_redak_WEB_1605.jpg\",\"datePublished\":\"2024-10-31T11:12:36+00:00\",\"dateModified\":\"2024-11-07T15:33:46+00:00\",\"breadcrumb\":{\"@id\":\"https:\\\/\\\/webknjizara.hr\\\/proizvod\\\/virovticka-verdinija-drazen-bunjevac\\\/#breadcrumb\"},\"inLanguage\":\"en-US\",\"potentialAction\":[{\"@type\":\"ReadAction\",\"target\":[\"https:\\\/\\\/webknjizara.hr\\\/proizvod\\\/virovticka-verdinija-drazen-bunjevac\\\/\"]}]},{\"@type\":\"ImageObject\",\"inLanguage\":\"en-US\",\"@id\":\"https:\\\/\\\/webknjizara.hr\\\/proizvod\\\/virovticka-verdinija-drazen-bunjevac\\\/#primaryimage\",\"url\":\"https:\\\/\\\/webknjizara.hr\\\/wp-content\\\/uploads\\\/2024\\\/10\\\/DrazenBunjevac_Virovticka_Verdinija_webknjizara_redak_WEB_1605.jpg\",\"contentUrl\":\"https:\\\/\\\/webknjizara.hr\\\/wp-content\\\/uploads\\\/2024\\\/10\\\/DrazenBunjevac_Virovticka_Verdinija_webknjizara_redak_WEB_1605.jpg\",\"width\":300,\"height\":419},{\"@type\":\"BreadcrumbList\",\"@id\":\"https:\\\/\\\/webknjizara.hr\\\/proizvod\\\/virovticka-verdinija-drazen-bunjevac\\\/#breadcrumb\",\"itemListElement\":[{\"@type\":\"ListItem\",\"position\":1,\"name\":\"Po\u010detna stranica\",\"item\":\"https:\\\/\\\/webknjizara.hr\\\/en\\\/\"},{\"@type\":\"ListItem\",\"position\":2,\"name\":\"Shop\",\"item\":\"https:\\\/\\\/webknjizara.hr\\\/shop\\\/\"},{\"@type\":\"ListItem\",\"position\":3,\"name\":\"VIROV&#8217;TI\u010cKA VER\u0110INIJA, Dra\u017een Bunjevac\"}]},{\"@type\":\"WebSite\",\"@id\":\"https:\\\/\\\/webknjizara.hr\\\/#website\",\"url\":\"https:\\\/\\\/webknjizara.hr\\\/\",\"name\":\"Web Knji\u017eara\",\"description\":\"\",\"publisher\":{\"@id\":\"https:\\\/\\\/webknjizara.hr\\\/#organization\"},\"potentialAction\":[{\"@type\":\"SearchAction\",\"target\":{\"@type\":\"EntryPoint\",\"urlTemplate\":\"https:\\\/\\\/webknjizara.hr\\\/?s={search_term_string}\"},\"query-input\":{\"@type\":\"PropertyValueSpecification\",\"valueRequired\":true,\"valueName\":\"search_term_string\"}}],\"inLanguage\":\"en-US\"},{\"@type\":\"Organization\",\"@id\":\"https:\\\/\\\/webknjizara.hr\\\/#organization\",\"name\":\"REDAK D.O.O.\",\"url\":\"https:\\\/\\\/webknjizara.hr\\\/\",\"logo\":{\"@type\":\"ImageObject\",\"inLanguage\":\"en-US\",\"@id\":\"https:\\\/\\\/webknjizara.hr\\\/#\\\/schema\\\/logo\\\/image\\\/\",\"url\":\"https:\\\/\\\/webknjizara.hr\\\/wp-content\\\/uploads\\\/2023\\\/01\\\/web-knjizara-logo.webp\",\"contentUrl\":\"https:\\\/\\\/webknjizara.hr\\\/wp-content\\\/uploads\\\/2023\\\/01\\\/web-knjizara-logo.webp\",\"width\":324,\"height\":79,\"caption\":\"REDAK D.O.O.\"},\"image\":{\"@id\":\"https:\\\/\\\/webknjizara.hr\\\/#\\\/schema\\\/logo\\\/image\\\/\"}}]}<\/script>\n<!-- \/ Yoast SEO plugin. -->","yoast_head_json":{"title":"VIROV'TI\u010cKA VER\u0110INIJA, Dra\u017een Bunjevac - Web-knji\u017eara","robots":{"index":"index","follow":"follow","max-snippet":"max-snippet:-1","max-image-preview":"max-image-preview:large","max-video-preview":"max-video-preview:-1"},"canonical":"https:\/\/webknjizara.hr\/proizvod\/virovticka-verdinija-drazen-bunjevac\/","og_locale":"en_US","og_type":"article","og_title":"VIROV'TI\u010cKA VER\u0110INIJA, Dra\u017een Bunjevac - Web-knji\u017eara","og_description":"Autobiografske pri\u010de od polovice sedamdesetih pro\u0161log stolje\u0107a do domovinskog rata s uvodima na mike\u0161kom dijalektu. Knjiga se sastoji od trideset pri\u010da razli\u010dite tematike i\u00a0zanimljivih\u00a0naslova: Jason na\u0161ih dana, Ki\u0161tra u kojoj su ljudi, Fantovi i ro\u0111endani, Na bazenu, Po\u010dasni\u00a0krugovi, \u010caskom i poletno po Polet, Babin Kuk, Curino cvi\u0107e, Stadion\u00a0koji to nije ili Nele,ba!, U kazali\u0161\u0107e\u00a0po darove, [&hellip;]","og_url":"https:\/\/webknjizara.hr\/proizvod\/virovticka-verdinija-drazen-bunjevac\/","og_site_name":"Web-knji\u017eara","article_modified_time":"2024-11-07T15:33:46+00:00","og_image":[{"width":300,"height":419,"url":"https:\/\/webknjizara.hr\/wp-content\/uploads\/2024\/10\/DrazenBunjevac_Virovticka_Verdinija_webknjizara_redak_WEB_1605.jpg","type":"image\/jpeg"}],"twitter_card":"summary_large_image","twitter_misc":{"Est. reading time":"4 minutes"},"schema":{"@context":"https:\/\/schema.org","@graph":[{"@type":"WebPage","@id":"https:\/\/webknjizara.hr\/proizvod\/virovticka-verdinija-drazen-bunjevac\/","url":"https:\/\/webknjizara.hr\/proizvod\/virovticka-verdinija-drazen-bunjevac\/","name":"VIROV'TI\u010cKA VER\u0110INIJA, Dra\u017een Bunjevac - Web-knji\u017eara","isPartOf":{"@id":"https:\/\/webknjizara.hr\/#website"},"primaryImageOfPage":{"@id":"https:\/\/webknjizara.hr\/proizvod\/virovticka-verdinija-drazen-bunjevac\/#primaryimage"},"image":{"@id":"https:\/\/webknjizara.hr\/proizvod\/virovticka-verdinija-drazen-bunjevac\/#primaryimage"},"thumbnailUrl":"https:\/\/webknjizara.hr\/wp-content\/uploads\/2024\/10\/DrazenBunjevac_Virovticka_Verdinija_webknjizara_redak_WEB_1605.jpg","datePublished":"2024-10-31T11:12:36+00:00","dateModified":"2024-11-07T15:33:46+00:00","breadcrumb":{"@id":"https:\/\/webknjizara.hr\/proizvod\/virovticka-verdinija-drazen-bunjevac\/#breadcrumb"},"inLanguage":"en-US","potentialAction":[{"@type":"ReadAction","target":["https:\/\/webknjizara.hr\/proizvod\/virovticka-verdinija-drazen-bunjevac\/"]}]},{"@type":"ImageObject","inLanguage":"en-US","@id":"https:\/\/webknjizara.hr\/proizvod\/virovticka-verdinija-drazen-bunjevac\/#primaryimage","url":"https:\/\/webknjizara.hr\/wp-content\/uploads\/2024\/10\/DrazenBunjevac_Virovticka_Verdinija_webknjizara_redak_WEB_1605.jpg","contentUrl":"https:\/\/webknjizara.hr\/wp-content\/uploads\/2024\/10\/DrazenBunjevac_Virovticka_Verdinija_webknjizara_redak_WEB_1605.jpg","width":300,"height":419},{"@type":"BreadcrumbList","@id":"https:\/\/webknjizara.hr\/proizvod\/virovticka-verdinija-drazen-bunjevac\/#breadcrumb","itemListElement":[{"@type":"ListItem","position":1,"name":"Po\u010detna stranica","item":"https:\/\/webknjizara.hr\/en\/"},{"@type":"ListItem","position":2,"name":"Shop","item":"https:\/\/webknjizara.hr\/shop\/"},{"@type":"ListItem","position":3,"name":"VIROV&#8217;TI\u010cKA VER\u0110INIJA, Dra\u017een Bunjevac"}]},{"@type":"WebSite","@id":"https:\/\/webknjizara.hr\/#website","url":"https:\/\/webknjizara.hr\/","name":"Web Knji\u017eara","description":"","publisher":{"@id":"https:\/\/webknjizara.hr\/#organization"},"potentialAction":[{"@type":"SearchAction","target":{"@type":"EntryPoint","urlTemplate":"https:\/\/webknjizara.hr\/?s={search_term_string}"},"query-input":{"@type":"PropertyValueSpecification","valueRequired":true,"valueName":"search_term_string"}}],"inLanguage":"en-US"},{"@type":"Organization","@id":"https:\/\/webknjizara.hr\/#organization","name":"REDAK D.O.O.","url":"https:\/\/webknjizara.hr\/","logo":{"@type":"ImageObject","inLanguage":"en-US","@id":"https:\/\/webknjizara.hr\/#\/schema\/logo\/image\/","url":"https:\/\/webknjizara.hr\/wp-content\/uploads\/2023\/01\/web-knjizara-logo.webp","contentUrl":"https:\/\/webknjizara.hr\/wp-content\/uploads\/2023\/01\/web-knjizara-logo.webp","width":324,"height":79,"caption":"REDAK D.O.O."},"image":{"@id":"https:\/\/webknjizara.hr\/#\/schema\/logo\/image\/"}}]}},"_links":{"self":[{"href":"https:\/\/webknjizara.hr\/en\/wp-json\/wp\/v2\/product\/18029","targetHints":{"allow":["GET"]}}],"collection":[{"href":"https:\/\/webknjizara.hr\/en\/wp-json\/wp\/v2\/product"}],"about":[{"href":"https:\/\/webknjizara.hr\/en\/wp-json\/wp\/v2\/types\/product"}],"replies":[{"embeddable":true,"href":"https:\/\/webknjizara.hr\/en\/wp-json\/wp\/v2\/comments?post=18029"}],"wp:featuredmedia":[{"embeddable":true,"href":"https:\/\/webknjizara.hr\/en\/wp-json\/wp\/v2\/media\/18030"}],"wp:attachment":[{"href":"https:\/\/webknjizara.hr\/en\/wp-json\/wp\/v2\/media?parent=18029"}],"wp:term":[{"taxonomy":"product_brand","embeddable":true,"href":"https:\/\/webknjizara.hr\/en\/wp-json\/wp\/v2\/product_brand?post=18029"},{"taxonomy":"product_cat","embeddable":true,"href":"https:\/\/webknjizara.hr\/en\/wp-json\/wp\/v2\/product_cat?post=18029"},{"taxonomy":"product_tag","embeddable":true,"href":"https:\/\/webknjizara.hr\/en\/wp-json\/wp\/v2\/product_tag?post=18029"}],"curies":[{"name":"wp","href":"https:\/\/api.w.org\/{rel}","templated":true}]}}