{"id":18008,"date":"2024-10-28T13:42:29","date_gmt":"2024-10-28T12:42:29","guid":{"rendered":"https:\/\/webknjizara.hr\/?post_type=product&#038;p=18008"},"modified":"2024-10-30T12:09:16","modified_gmt":"2024-10-30T11:09:16","slug":"menadzment-nautickog-turizma-tisak-u-boji-ivan-peronja-tihomir-lukovic-eli-marusic","status":"publish","type":"product","link":"https:\/\/webknjizara.hr\/en\/proizvod\/menadzment-nautickog-turizma-tisak-u-boji-ivan-peronja-tihomir-lukovic-eli-marusic\/","title":{"rendered":"MENAD\u017dMENT NAUTI\u010cKOG TURIZMA (TISAK U BOJI), Ivan Peronja, Tihomir Lukovi\u0107, Eli Maru\u0161i\u0107"},"content":{"rendered":"<p><span style=\"color: #000000;\"><span lang=\"hr-HR\">Nauti\u010dki turizam, u sve tri njegove podvrste, luke nauti\u010dkog turizma, \u010darter i <\/span><\/span><span style=\"color: #000000;\"><span lang=\"hr-HR\"><i>cruising,<\/i><\/span><\/span><span style=\"color: #000000;\"><span lang=\"hr-HR\"> va\u017ena je selektivna vrsta hrvatskog turizma, a posebno gospodarstva u priobalnom i oto\u010dkom dijelu Hrvatske. Njegov je razvoj po\u010deo prije Domovinskog rata, ali sna\u017ean razvoj privatnog poduzetni\u010dkog sektora nauti\u010dki turizam do\u017eivio je u Hrvatskoj nakon rata. Procesi upravljanja, a zatim menad\u017ementa u nauti\u010dkom turizmu novost su, kao i za cijelo hrvatsko gospodarstvo. Razvoj menad\u017ementa potrebno je promatrati kroz njegove tri razvojne generacije, a \u0161to je u ovoj knjizi aplicirano na primjeru nauti\u010dkog turizma. Autori su se potrudili obrazlo\u017eiti osnovne karakteristike menad\u017ementa u svakoj od tri podvrste nauti\u010dkog turizma, isti\u010du\u0107i specifi\u010dnosti menad\u017ementa u svakoj od njih. Poveznica upravljanja, odnosno odnosa vlasnika i menad\u017ementa dotaknuta je u ovoj knjizi, uz poseban osvrt na primjer dobre prakse na kraju ove knjige. <\/span><\/span><\/p>\n<p><span style=\"color: #000000;\"><span lang=\"hr-HR\">Knjiga ima za cilj poslu\u017eiti kao ud\u017ebenik na pomorskim ali i ekonomskim fakultetima koji u nastavi obra\u0111uju problematiku nauti\u010dkog turizma Hrvatske. Tako\u0111er, knjiga je preporu\u010dljiva svima koji se u Hrvatskoj bave nauti\u010dkim turizmom, od sada\u0161njih i budu\u0107ih vlasnika pa do menad\u017eera, i svih drugih koji istra\u017euju karakteristike i razvoj nauti\u010dkog turizma Hrvatske.<\/span><\/span><\/p>\n<p><span style=\"font-family: Arial, sans-serif;\"><span lang=\"hr-HR\"><b>Bilje\u0161ka o autorima:<\/b><\/span><\/span><\/p>\n<p>&nbsp;<\/p>\n<p><span style=\"font-size: medium;\"><span lang=\"hr-HR\"><b>Ivan Peronja<\/b><\/span><\/span><span style=\"font-size: medium;\"><span lang=\"hr-HR\">, izvanredni je profesor na Pomorskom fakultetu u Splitu. Njegovo podru\u010dje interesa su organizacija, menad\u017ement i financije u poslovnim organizacijama \u010dija je djelatnost vezana za pomorsko gospodarstvo. Zajedni\u010dki poslijediplomski doktorski studij Sveu\u010dili\u0161ta u Splitu i Sveu\u010dili\u0161ta u Mostaru zavr\u0161io je 2014. godine s temom doktorske disertacije Utjecaj promjena poslovnih procesa na organizacijske performanse velikih poduze\u0107a. Tijekom svog radnog iskustva obavljao je razli\u010dite poslove u sustavu visokog obrazovanja. Od 2007. godine do danas objavio je preko 60 znanstvenih i stru\u010dnih \u010dlanaka, tri fakultetska ud\u017ebenika, poglavlje u Sveu\u010dili\u0161nom ud\u017ebeniku i poglavlje u interfakultetskom ud\u017ebeniku. \u010clan je organizacijskih i programskih odbora vi\u0161e znanstvenih konferencija. Dobitnik je nagrade za znanost Sveu\u010dili\u0161ta u Splitu za 2023. godinu. <\/span><\/span><\/p>\n<p><span style=\"font-size: medium;\"><span lang=\"hr-HR\"><b>Tihomir Lukovi\u0107<\/b><\/span><\/span><span style=\"font-size: medium;\"><span lang=\"hr-HR\">, znanstveni je savjetnik, revizor i biv\u0161i vlasnik revizorskih tvrtki u Hrvatskoj i BiH. Radio je kao direktor u poduze\u0107ima, a zatim kao na\u010delnik u Komitetu za privredu u Skup\u0161tini Op\u0107ine Splita. \u017divio je u Londonu, a zatim u Nurnbergu, gdje je i radio. Od 2006. do 2017. bio je profesor na Sveu\u010dili\u0161tu u Dubrovniku. Preko programa ERASMUS odr\u017eao je brojna predavanja na sveu\u010dili\u0161tima u mnogim dr\u017eavama EU. Godinama je bio anga\u017eiran na sveu\u010dili\u0161tu Gdynia Maritime University u Poljskoj. Jedan je od osniva\u010da Cruise Research Society (CRS). Od 2006. objavio je 140 znanstvenih radova i 40 knjiga na hrvatskom, engleskom i njema\u010dkom jeziku, a posebno je va\u017ean ud\u017ebenik \u201eNautical Tourism\u201c u Oxfordu. Nakon umirovljenja radi na Veleu\u010dili\u0161tu ASPIRA Split, kao i kao mentor na doktorskim studijima na sveu\u010dili\u0161tima. Podru\u010dja istra\u017eivanja: nauti\u010dki turizam, menad\u017ement (controlling i planning), makronacionalni sustavi.<\/span><\/span><\/p>\n<p><span style=\"font-size: medium;\"><span lang=\"hr-HR\"><b>Eli Maru\u0161i\u0107<\/b><\/span><\/span><span style=\"font-size: medium;\"><span lang=\"hr-HR\">, izvanredna je profesorica na Pomorskom fakultetu i Kineziolo\u0161kom fakultetu Sveu\u010dili\u0161ta u Splitu gdje vodi kolegije u podru\u010dju organizacije i menad\u017ementa u pomorstvu i sportu, uklju\u010duju\u0107i menad\u017ement marina i nauti\u010dkog turizma, na hrvatskom i engleskom jeziku. Aktivno sura\u0111uje na znanstvenim i stru\u010dnim projektima, programima me\u0111unarodne mobilnosti i popularizacije znanosti, te u izvo\u0111enju nastave na stranim sveu\u010dili\u0161tima. Sudjeluje u razvoju me\u0111unarodnih studijskih programa u podru\u010dju odr\u017eivog razvoja plave ekonomije. Voditeljica je studija Pomorske tehnologije jahta i marina, te \u010dlanica Uredni\u0161tva me\u0111unarodnog znanstvenog \u010dasopisa Transactions on Maritime Science \u2013 ToMS. Objavila je niz znanstvenih i stru\u010dnih radova, te poglavlja u knjigama. Certificirana je trenerica istra\u017eiva\u010dkog integriteta &#8211; VIRT2UE, The Embacy of Good Science. \u010clanica je ekspertnog tima na Projektu SEA-EU, European University of the Seas. Educira i savjetuje poduzetnike, te sura\u0111uje sa stru\u010dnjacima iz pomorske i sportske industrije na nacionalnoj i me\u0111unarodnoj razini <\/span><\/span><\/p>\n<p><span style=\"font-family: Arial, sans-serif;\"><span lang=\"hr-HR\"><b>E-mail: <\/b><\/span><\/span><a href=\"http:\/\/MAILTO:aborzic@pfst.hr\" target=\"_blank\" rel=\"noopener\"><span style=\"color: #000000;\">Kontakt autora<\/span><\/a><\/p>\n<p>&nbsp;<\/p>\n<p><strong><span style=\"font-family: Arial, sans-serif;\"><span lang=\"hr-HR\">Naslov: <\/span><\/span><\/strong><strong><span style=\"font-family: Arial, sans-serif;\">Menad\u017ement nauti\u010dkog turizma (tisak u boji)<\/span><\/strong><span style=\"font-family: Arial, sans-serif;\"><span lang=\"hr-HR\"><br \/>\n<\/span><\/span><strong><span style=\"font-family: Arial, sans-serif;\"><span lang=\"hr-HR\">Autori:<\/span><\/span><\/strong> <span style=\"font-family: Arial, sans-serif;\">Ivan Peronja, Tihomir Lukovi\u0107, Eli Maru\u0161i\u0107,<\/span><span style=\"font-family: Arial, sans-serif;\"><span lang=\"hr-HR\"><br \/>\n<\/span><\/span><strong><span style=\"font-family: Arial, sans-serif;\"><span lang=\"hr-HR\">Broj stranica: <\/span><\/span><\/strong><span style=\"font-family: Arial, sans-serif;\"><span lang=\"\">340<\/span><\/span><span style=\"font-family: Arial, sans-serif;\"><span lang=\"hr-HR\"><br \/>\n<\/span><\/span><strong><span style=\"font-family: Arial, sans-serif;\"><span lang=\"hr-HR\">Nakladnik: <\/span><\/span><\/strong><strong><span style=\"font-family: Arial, sans-serif;\">Pomorski fakultet u Splitu<\/span><\/strong><span style=\"font-family: Arial, sans-serif;\"><span lang=\"hr-HR\"><br \/>\n<\/span><\/span><strong><span style=\"font-family: Arial, sans-serif;\"><span lang=\"hr-HR\">Godina izdanja: <\/span><\/span><\/strong><strong><span style=\"font-family: Arial, sans-serif;\">2024<\/span><\/strong><strong><span style=\"font-family: Arial, sans-serif;\"><span lang=\"hr-HR\">.<br \/>\n<\/span><\/span><\/strong><strong><span style=\"font-family: Arial, sans-serif;\"><span lang=\"hr-HR\">ISBN:<\/span><\/span><\/strong> <span style=\"font-family: Arial, sans-serif;\">978-953-6655-85-4<\/span><span style=\"font-family: Arial, sans-serif;\"><span lang=\"hr-HR\"><br \/>\n<\/span><\/span><strong><span style=\"font-family: Arial, sans-serif;\"><span lang=\"hr-HR\">Tisak:<\/span><\/span><\/strong><span style=\"font-family: Arial, sans-serif;\"><span lang=\"hr-HR\"> digitalni tisak knjiga &#8211; print na zahtjev<\/span><\/span><\/p>\n","protected":false},"excerpt":{"rendered":"<p>Nauti\u010dki turizam, u sve tri njegove podvrste, luke nauti\u010dkog turizma, \u010darter i cruising, va\u017ena je selektivna vrsta hrvatskog turizma, a posebno gospodarstva u priobalnom i oto\u010dkom dijelu Hrvatske. Njegov je razvoj po\u010deo prije Domovinskog rata, ali sna\u017ean razvoj privatnog poduzetni\u010dkog sektora nauti\u010dki turizam do\u017eivio je u Hrvatskoj nakon rata. Procesi upravljanja, a zatim menad\u017ementa u [&hellip;]<\/p>\n","protected":false},"featured_media":18024,"comment_status":"open","ping_status":"closed","template":"","meta":{"_acf_changed":false},"product_brand":[],"product_cat":[1527],"product_tag":[],"class_list":{"0":"post-18008","1":"product","2":"type-product","3":"status-publish","4":"has-post-thumbnail","6":"product_cat-sveucilisni-udzbenici","7":"pa_autor-eli-marusic","8":"pa_autor-ivan-peronja","9":"pa_autor-tihomir-lukovic","10":"pa_nakladnik-pomorski-fakultet-u-splitu","12":"first","13":"instock","14":"shipping-taxable","15":"purchasable","16":"product-type-simple"},"acf":[],"yoast_head":"<!-- This site is optimized with the Yoast SEO plugin v27.3 - https:\/\/yoast.com\/product\/yoast-seo-wordpress\/ -->\n<title>MENAD\u017dMENT NAUTI\u010cKOG TURIZMA (TISAK U BOJI), Ivan Peronja, Tihomir Lukovi\u0107, Eli Maru\u0161i\u0107 - Web-knji\u017eara<\/title>\n<meta name=\"robots\" content=\"index, follow, max-snippet:-1, max-image-preview:large, max-video-preview:-1\" \/>\n<link rel=\"canonical\" href=\"https:\/\/webknjizara.hr\/proizvod\/menadzment-nautickog-turizma-tisak-u-boji-ivan-peronja-tihomir-lukovic-eli-marusic\/\" \/>\n<meta property=\"og:locale\" content=\"en_US\" \/>\n<meta property=\"og:type\" content=\"article\" \/>\n<meta property=\"og:title\" content=\"MENAD\u017dMENT NAUTI\u010cKOG TURIZMA (TISAK U BOJI), Ivan Peronja, Tihomir Lukovi\u0107, Eli Maru\u0161i\u0107 - Web-knji\u017eara\" \/>\n<meta property=\"og:description\" content=\"Nauti\u010dki turizam, u sve tri njegove podvrste, luke nauti\u010dkog turizma, \u010darter i cruising, va\u017ena je selektivna vrsta hrvatskog turizma, a posebno gospodarstva u priobalnom i oto\u010dkom dijelu Hrvatske. Njegov je razvoj po\u010deo prije Domovinskog rata, ali sna\u017ean razvoj privatnog poduzetni\u010dkog sektora nauti\u010dki turizam do\u017eivio je u Hrvatskoj nakon rata. Procesi upravljanja, a zatim menad\u017ementa u [&hellip;]\" \/>\n<meta property=\"og:url\" content=\"https:\/\/webknjizara.hr\/proizvod\/menadzment-nautickog-turizma-tisak-u-boji-ivan-peronja-tihomir-lukovic-eli-marusic\/\" \/>\n<meta property=\"og:site_name\" content=\"Web-knji\u017eara\" \/>\n<meta property=\"article:modified_time\" content=\"2024-10-30T11:09:16+00:00\" \/>\n<meta property=\"og:image\" content=\"https:\/\/webknjizara.hr\/wp-content\/uploads\/2024\/10\/U-BOJI_Ivan_Peronja_Tihomir_Lukovic_Eli_Marusic_Menadzment_nautickog_turizma_webknjizara_redak_WEB_1546.jpg\" \/>\n\t<meta property=\"og:image:width\" content=\"300\" \/>\n\t<meta property=\"og:image:height\" content=\"419\" \/>\n\t<meta property=\"og:image:type\" content=\"image\/jpeg\" \/>\n<meta name=\"twitter:card\" content=\"summary_large_image\" \/>\n<meta name=\"twitter:label1\" content=\"Est. reading time\" \/>\n\t<meta name=\"twitter:data1\" content=\"4 minutes\" \/>\n<script type=\"application\/ld+json\" class=\"yoast-schema-graph\">{\"@context\":\"https:\\\/\\\/schema.org\",\"@graph\":[{\"@type\":\"WebPage\",\"@id\":\"https:\\\/\\\/webknjizara.hr\\\/proizvod\\\/menadzment-nautickog-turizma-tisak-u-boji-ivan-peronja-tihomir-lukovic-eli-marusic\\\/\",\"url\":\"https:\\\/\\\/webknjizara.hr\\\/proizvod\\\/menadzment-nautickog-turizma-tisak-u-boji-ivan-peronja-tihomir-lukovic-eli-marusic\\\/\",\"name\":\"MENAD\u017dMENT NAUTI\u010cKOG TURIZMA (TISAK U BOJI), Ivan Peronja, Tihomir Lukovi\u0107, Eli Maru\u0161i\u0107 - Web-knji\u017eara\",\"isPartOf\":{\"@id\":\"https:\\\/\\\/webknjizara.hr\\\/#website\"},\"primaryImageOfPage\":{\"@id\":\"https:\\\/\\\/webknjizara.hr\\\/proizvod\\\/menadzment-nautickog-turizma-tisak-u-boji-ivan-peronja-tihomir-lukovic-eli-marusic\\\/#primaryimage\"},\"image\":{\"@id\":\"https:\\\/\\\/webknjizara.hr\\\/proizvod\\\/menadzment-nautickog-turizma-tisak-u-boji-ivan-peronja-tihomir-lukovic-eli-marusic\\\/#primaryimage\"},\"thumbnailUrl\":\"https:\\\/\\\/webknjizara.hr\\\/wp-content\\\/uploads\\\/2024\\\/10\\\/U-BOJI_Ivan_Peronja_Tihomir_Lukovic_Eli_Marusic_Menadzment_nautickog_turizma_webknjizara_redak_WEB_1546.jpg\",\"datePublished\":\"2024-10-28T12:42:29+00:00\",\"dateModified\":\"2024-10-30T11:09:16+00:00\",\"breadcrumb\":{\"@id\":\"https:\\\/\\\/webknjizara.hr\\\/proizvod\\\/menadzment-nautickog-turizma-tisak-u-boji-ivan-peronja-tihomir-lukovic-eli-marusic\\\/#breadcrumb\"},\"inLanguage\":\"en-US\",\"potentialAction\":[{\"@type\":\"ReadAction\",\"target\":[\"https:\\\/\\\/webknjizara.hr\\\/proizvod\\\/menadzment-nautickog-turizma-tisak-u-boji-ivan-peronja-tihomir-lukovic-eli-marusic\\\/\"]}]},{\"@type\":\"ImageObject\",\"inLanguage\":\"en-US\",\"@id\":\"https:\\\/\\\/webknjizara.hr\\\/proizvod\\\/menadzment-nautickog-turizma-tisak-u-boji-ivan-peronja-tihomir-lukovic-eli-marusic\\\/#primaryimage\",\"url\":\"https:\\\/\\\/webknjizara.hr\\\/wp-content\\\/uploads\\\/2024\\\/10\\\/U-BOJI_Ivan_Peronja_Tihomir_Lukovic_Eli_Marusic_Menadzment_nautickog_turizma_webknjizara_redak_WEB_1546.jpg\",\"contentUrl\":\"https:\\\/\\\/webknjizara.hr\\\/wp-content\\\/uploads\\\/2024\\\/10\\\/U-BOJI_Ivan_Peronja_Tihomir_Lukovic_Eli_Marusic_Menadzment_nautickog_turizma_webknjizara_redak_WEB_1546.jpg\",\"width\":300,\"height\":419},{\"@type\":\"BreadcrumbList\",\"@id\":\"https:\\\/\\\/webknjizara.hr\\\/proizvod\\\/menadzment-nautickog-turizma-tisak-u-boji-ivan-peronja-tihomir-lukovic-eli-marusic\\\/#breadcrumb\",\"itemListElement\":[{\"@type\":\"ListItem\",\"position\":1,\"name\":\"Po\u010detna stranica\",\"item\":\"https:\\\/\\\/webknjizara.hr\\\/en\\\/\"},{\"@type\":\"ListItem\",\"position\":2,\"name\":\"Shop\",\"item\":\"https:\\\/\\\/webknjizara.hr\\\/shop\\\/\"},{\"@type\":\"ListItem\",\"position\":3,\"name\":\"MENAD\u017dMENT NAUTI\u010cKOG TURIZMA (TISAK U BOJI), Ivan Peronja, Tihomir Lukovi\u0107, Eli Maru\u0161i\u0107\"}]},{\"@type\":\"WebSite\",\"@id\":\"https:\\\/\\\/webknjizara.hr\\\/#website\",\"url\":\"https:\\\/\\\/webknjizara.hr\\\/\",\"name\":\"Web Knji\u017eara\",\"description\":\"\",\"publisher\":{\"@id\":\"https:\\\/\\\/webknjizara.hr\\\/#organization\"},\"potentialAction\":[{\"@type\":\"SearchAction\",\"target\":{\"@type\":\"EntryPoint\",\"urlTemplate\":\"https:\\\/\\\/webknjizara.hr\\\/?s={search_term_string}\"},\"query-input\":{\"@type\":\"PropertyValueSpecification\",\"valueRequired\":true,\"valueName\":\"search_term_string\"}}],\"inLanguage\":\"en-US\"},{\"@type\":\"Organization\",\"@id\":\"https:\\\/\\\/webknjizara.hr\\\/#organization\",\"name\":\"REDAK D.O.O.\",\"url\":\"https:\\\/\\\/webknjizara.hr\\\/\",\"logo\":{\"@type\":\"ImageObject\",\"inLanguage\":\"en-US\",\"@id\":\"https:\\\/\\\/webknjizara.hr\\\/#\\\/schema\\\/logo\\\/image\\\/\",\"url\":\"https:\\\/\\\/webknjizara.hr\\\/wp-content\\\/uploads\\\/2023\\\/01\\\/web-knjizara-logo.webp\",\"contentUrl\":\"https:\\\/\\\/webknjizara.hr\\\/wp-content\\\/uploads\\\/2023\\\/01\\\/web-knjizara-logo.webp\",\"width\":324,\"height\":79,\"caption\":\"REDAK D.O.O.\"},\"image\":{\"@id\":\"https:\\\/\\\/webknjizara.hr\\\/#\\\/schema\\\/logo\\\/image\\\/\"}}]}<\/script>\n<!-- \/ Yoast SEO plugin. -->","yoast_head_json":{"title":"MENAD\u017dMENT NAUTI\u010cKOG TURIZMA (TISAK U BOJI), Ivan Peronja, Tihomir Lukovi\u0107, Eli Maru\u0161i\u0107 - Web-knji\u017eara","robots":{"index":"index","follow":"follow","max-snippet":"max-snippet:-1","max-image-preview":"max-image-preview:large","max-video-preview":"max-video-preview:-1"},"canonical":"https:\/\/webknjizara.hr\/proizvod\/menadzment-nautickog-turizma-tisak-u-boji-ivan-peronja-tihomir-lukovic-eli-marusic\/","og_locale":"en_US","og_type":"article","og_title":"MENAD\u017dMENT NAUTI\u010cKOG TURIZMA (TISAK U BOJI), Ivan Peronja, Tihomir Lukovi\u0107, Eli Maru\u0161i\u0107 - Web-knji\u017eara","og_description":"Nauti\u010dki turizam, u sve tri njegove podvrste, luke nauti\u010dkog turizma, \u010darter i cruising, va\u017ena je selektivna vrsta hrvatskog turizma, a posebno gospodarstva u priobalnom i oto\u010dkom dijelu Hrvatske. Njegov je razvoj po\u010deo prije Domovinskog rata, ali sna\u017ean razvoj privatnog poduzetni\u010dkog sektora nauti\u010dki turizam do\u017eivio je u Hrvatskoj nakon rata. Procesi upravljanja, a zatim menad\u017ementa u [&hellip;]","og_url":"https:\/\/webknjizara.hr\/proizvod\/menadzment-nautickog-turizma-tisak-u-boji-ivan-peronja-tihomir-lukovic-eli-marusic\/","og_site_name":"Web-knji\u017eara","article_modified_time":"2024-10-30T11:09:16+00:00","og_image":[{"width":300,"height":419,"url":"https:\/\/webknjizara.hr\/wp-content\/uploads\/2024\/10\/U-BOJI_Ivan_Peronja_Tihomir_Lukovic_Eli_Marusic_Menadzment_nautickog_turizma_webknjizara_redak_WEB_1546.jpg","type":"image\/jpeg"}],"twitter_card":"summary_large_image","twitter_misc":{"Est. reading time":"4 minutes"},"schema":{"@context":"https:\/\/schema.org","@graph":[{"@type":"WebPage","@id":"https:\/\/webknjizara.hr\/proizvod\/menadzment-nautickog-turizma-tisak-u-boji-ivan-peronja-tihomir-lukovic-eli-marusic\/","url":"https:\/\/webknjizara.hr\/proizvod\/menadzment-nautickog-turizma-tisak-u-boji-ivan-peronja-tihomir-lukovic-eli-marusic\/","name":"MENAD\u017dMENT NAUTI\u010cKOG TURIZMA (TISAK U BOJI), Ivan Peronja, Tihomir Lukovi\u0107, Eli Maru\u0161i\u0107 - Web-knji\u017eara","isPartOf":{"@id":"https:\/\/webknjizara.hr\/#website"},"primaryImageOfPage":{"@id":"https:\/\/webknjizara.hr\/proizvod\/menadzment-nautickog-turizma-tisak-u-boji-ivan-peronja-tihomir-lukovic-eli-marusic\/#primaryimage"},"image":{"@id":"https:\/\/webknjizara.hr\/proizvod\/menadzment-nautickog-turizma-tisak-u-boji-ivan-peronja-tihomir-lukovic-eli-marusic\/#primaryimage"},"thumbnailUrl":"https:\/\/webknjizara.hr\/wp-content\/uploads\/2024\/10\/U-BOJI_Ivan_Peronja_Tihomir_Lukovic_Eli_Marusic_Menadzment_nautickog_turizma_webknjizara_redak_WEB_1546.jpg","datePublished":"2024-10-28T12:42:29+00:00","dateModified":"2024-10-30T11:09:16+00:00","breadcrumb":{"@id":"https:\/\/webknjizara.hr\/proizvod\/menadzment-nautickog-turizma-tisak-u-boji-ivan-peronja-tihomir-lukovic-eli-marusic\/#breadcrumb"},"inLanguage":"en-US","potentialAction":[{"@type":"ReadAction","target":["https:\/\/webknjizara.hr\/proizvod\/menadzment-nautickog-turizma-tisak-u-boji-ivan-peronja-tihomir-lukovic-eli-marusic\/"]}]},{"@type":"ImageObject","inLanguage":"en-US","@id":"https:\/\/webknjizara.hr\/proizvod\/menadzment-nautickog-turizma-tisak-u-boji-ivan-peronja-tihomir-lukovic-eli-marusic\/#primaryimage","url":"https:\/\/webknjizara.hr\/wp-content\/uploads\/2024\/10\/U-BOJI_Ivan_Peronja_Tihomir_Lukovic_Eli_Marusic_Menadzment_nautickog_turizma_webknjizara_redak_WEB_1546.jpg","contentUrl":"https:\/\/webknjizara.hr\/wp-content\/uploads\/2024\/10\/U-BOJI_Ivan_Peronja_Tihomir_Lukovic_Eli_Marusic_Menadzment_nautickog_turizma_webknjizara_redak_WEB_1546.jpg","width":300,"height":419},{"@type":"BreadcrumbList","@id":"https:\/\/webknjizara.hr\/proizvod\/menadzment-nautickog-turizma-tisak-u-boji-ivan-peronja-tihomir-lukovic-eli-marusic\/#breadcrumb","itemListElement":[{"@type":"ListItem","position":1,"name":"Po\u010detna stranica","item":"https:\/\/webknjizara.hr\/en\/"},{"@type":"ListItem","position":2,"name":"Shop","item":"https:\/\/webknjizara.hr\/shop\/"},{"@type":"ListItem","position":3,"name":"MENAD\u017dMENT NAUTI\u010cKOG TURIZMA (TISAK U BOJI), Ivan Peronja, Tihomir Lukovi\u0107, Eli Maru\u0161i\u0107"}]},{"@type":"WebSite","@id":"https:\/\/webknjizara.hr\/#website","url":"https:\/\/webknjizara.hr\/","name":"Web Knji\u017eara","description":"","publisher":{"@id":"https:\/\/webknjizara.hr\/#organization"},"potentialAction":[{"@type":"SearchAction","target":{"@type":"EntryPoint","urlTemplate":"https:\/\/webknjizara.hr\/?s={search_term_string}"},"query-input":{"@type":"PropertyValueSpecification","valueRequired":true,"valueName":"search_term_string"}}],"inLanguage":"en-US"},{"@type":"Organization","@id":"https:\/\/webknjizara.hr\/#organization","name":"REDAK D.O.O.","url":"https:\/\/webknjizara.hr\/","logo":{"@type":"ImageObject","inLanguage":"en-US","@id":"https:\/\/webknjizara.hr\/#\/schema\/logo\/image\/","url":"https:\/\/webknjizara.hr\/wp-content\/uploads\/2023\/01\/web-knjizara-logo.webp","contentUrl":"https:\/\/webknjizara.hr\/wp-content\/uploads\/2023\/01\/web-knjizara-logo.webp","width":324,"height":79,"caption":"REDAK D.O.O."},"image":{"@id":"https:\/\/webknjizara.hr\/#\/schema\/logo\/image\/"}}]}},"_links":{"self":[{"href":"https:\/\/webknjizara.hr\/en\/wp-json\/wp\/v2\/product\/18008","targetHints":{"allow":["GET"]}}],"collection":[{"href":"https:\/\/webknjizara.hr\/en\/wp-json\/wp\/v2\/product"}],"about":[{"href":"https:\/\/webknjizara.hr\/en\/wp-json\/wp\/v2\/types\/product"}],"replies":[{"embeddable":true,"href":"https:\/\/webknjizara.hr\/en\/wp-json\/wp\/v2\/comments?post=18008"}],"wp:featuredmedia":[{"embeddable":true,"href":"https:\/\/webknjizara.hr\/en\/wp-json\/wp\/v2\/media\/18024"}],"wp:attachment":[{"href":"https:\/\/webknjizara.hr\/en\/wp-json\/wp\/v2\/media?parent=18008"}],"wp:term":[{"taxonomy":"product_brand","embeddable":true,"href":"https:\/\/webknjizara.hr\/en\/wp-json\/wp\/v2\/product_brand?post=18008"},{"taxonomy":"product_cat","embeddable":true,"href":"https:\/\/webknjizara.hr\/en\/wp-json\/wp\/v2\/product_cat?post=18008"},{"taxonomy":"product_tag","embeddable":true,"href":"https:\/\/webknjizara.hr\/en\/wp-json\/wp\/v2\/product_tag?post=18008"}],"curies":[{"name":"wp","href":"https:\/\/api.w.org\/{rel}","templated":true}]}}