{"id":17931,"date":"2024-10-17T12:48:41","date_gmt":"2024-10-17T10:48:41","guid":{"rendered":"https:\/\/webknjizara.hr\/?post_type=product&#038;p=17931"},"modified":"2024-10-17T12:48:42","modified_gmt":"2024-10-17T10:48:42","slug":"sudske-presude-iz-podrucja-poreznog-prava-10c-2024-igor-jagnic-maja-pokorni-i-marijana-zlatar-gulan","status":"publish","type":"product","link":"https:\/\/webknjizara.hr\/en\/proizvod\/sudske-presude-iz-podrucja-poreznog-prava-10c-2024-igor-jagnic-maja-pokorni-i-marijana-zlatar-gulan\/","title":{"rendered":"SUDSKE PRESUDE IZ PODRU\u010cJA POREZNOG PRAVA (10C\/2024), Igor Jagni\u0107, Maja Pokorni i Marijana Zlatar Gulan"},"content":{"rendered":"<p><span lang=\"hr-HR\">Cilj je ovog priru\u010dnika na jednom mjestu obuhvatiti prvenstveno pitanja provedbe Op\u0107ega poreznog zakona (OPZ), \u010dime se nu\u017eno zadire i u druge porezne oblike, ali u mjeri u kojoj je to potrebno da bi se prikazalo neko procesno pitanje. Poznato je da je OPZ op\u0107i propis na podru\u010dju poreznog prava, koji se primjenjuje ako nekim posebnim propisom nije ure\u0111eno druk\u010dije. Izdvojena podru\u010dja ne prate nu\u017eno arhitekturu OPZ-a, ve\u0107 su proiza\u0161la iz sudskih odluka koje mogu obuhva\u0107ati vi\u0161e poreza i vi\u0161e porezno-procesnih problema. Tako\u0111er je interesantno vidjeti kroz obrazlo\u017eenja odluka je li \u0161ira stru\u010dna javnost i sudstvo shvatilo odredbu na isti na\u010din kao i zakonodavac kada je donosio odredbu.<\/span><\/p>\n<p><span style=\"font-family: Arial, sans-serif;\"><span lang=\"hr-HR\"><b>E-mail: <\/b><\/span><\/span><a href=\"http:\/\/MAILTO:martina.fabris@ijf.hr\" target=\"_blank\" rel=\"noopener\"><span style=\"color: #000000;\">Kontakt autora<\/span><\/a><\/p>\n<p>&nbsp;<\/p>\n<p><strong><span style=\"font-family: Arial, sans-serif;\"><span lang=\"hr-HR\">Naslov: <\/span><\/span><\/strong><strong><span style=\"font-family: Arial, sans-serif;\">Sudske presude iz podru\u010dja poreznog prava (10c\/2024)<\/span><\/strong><span style=\"font-family: Arial, sans-serif;\"><span lang=\"hr-HR\"><br \/>\n<\/span><\/span><strong><span style=\"font-family: Arial, sans-serif;\"><span lang=\"hr-HR\">Autor\/autorica:<\/span><\/span><\/strong> <span style=\"font-family: Arial, sans-serif;\">Igor Jagni\u0107, Maja Pokorni i Marijana Zlatar Gulan<\/span><span style=\"font-family: Arial, sans-serif;\"><span lang=\"hr-HR\"><br \/>\n<\/span><\/span><strong><span style=\"font-family: Arial, sans-serif;\"><span lang=\"hr-HR\">Broj stranica: <\/span><\/span><\/strong><span style=\"font-family: Arial, sans-serif;\"><span lang=\"\">508<\/span><\/span><span style=\"font-family: Arial, sans-serif;\"><span lang=\"hr-HR\"><br \/>\n<\/span><\/span><strong><span style=\"font-family: Arial, sans-serif;\"><span lang=\"hr-HR\">Nakladnik: <\/span><\/span><\/strong><strong><span style=\"font-family: Arial, sans-serif;\">Institut za javne financije, Zagreb<\/span><\/strong><span style=\"font-family: Arial, sans-serif;\"><span lang=\"hr-HR\"><br \/>\n<\/span><\/span><strong><span style=\"font-family: Arial, sans-serif;\"><span lang=\"hr-HR\">Godina izdanja: <\/span><\/span><\/strong><strong><span style=\"font-family: Arial, sans-serif;\">2024.<\/span><\/strong><strong><span style=\"font-family: Arial, sans-serif;\"><span lang=\"hr-HR\">.<br \/>\n<\/span><\/span><\/strong><strong><span style=\"font-family: Arial, sans-serif;\">ISBN:<\/span><\/strong><span style=\"font-family: Arial, sans-serif;\"> ISSN 1333-073X<br \/>\n<\/span><strong><span style=\"font-family: Arial, sans-serif;\">Tisak:<\/span><\/strong><span style=\"font-family: Arial, sans-serif;\"> digitalni tisak knjiga &#8211; print na zahtjev<\/span><\/p>\n","protected":false},"excerpt":{"rendered":"<p>Cilj je ovog priru\u010dnika na jednom mjestu obuhvatiti prvenstveno pitanja provedbe Op\u0107ega poreznog zakona (OPZ), \u010dime se nu\u017eno zadire i u druge porezne oblike, ali u mjeri u kojoj je to potrebno da bi se prikazalo neko procesno pitanje. Poznato je da je OPZ op\u0107i propis na podru\u010dju poreznog prava, koji se primjenjuje ako nekim [&hellip;]<\/p>\n","protected":false},"featured_media":17932,"comment_status":"open","ping_status":"closed","template":"","meta":{"_acf_changed":false},"product_brand":[],"product_cat":[2508,2425,1384],"product_tag":[],"class_list":{"0":"post-17931","1":"product","2":"type-product","3":"status-publish","4":"has-post-thumbnail","6":"product_cat-institut-za-javne-financije","7":"product_cat-znanstveno-strucne-publikacije","8":"product_cat-ekonomija","9":"pa_autor-igor-jagnic","10":"pa_autor-maja-pokorni","11":"pa_autor-marijana-zlatar-gulan","12":"pa_nakladnik-institut-za-javne-financije-zagreb","14":"first","15":"instock","16":"shipping-taxable","17":"purchasable","18":"product-type-simple"},"acf":[],"yoast_head":"<!-- This site is optimized with the Yoast SEO plugin v27.3 - https:\/\/yoast.com\/product\/yoast-seo-wordpress\/ -->\n<title>SUDSKE PRESUDE IZ PODRU\u010cJA POREZNOG PRAVA (10C\/2024), Igor Jagni\u0107, Maja Pokorni i Marijana Zlatar Gulan - Web-knji\u017eara<\/title>\n<meta name=\"robots\" content=\"index, follow, max-snippet:-1, max-image-preview:large, max-video-preview:-1\" \/>\n<link rel=\"canonical\" href=\"https:\/\/webknjizara.hr\/proizvod\/sudske-presude-iz-podrucja-poreznog-prava-10c-2024-igor-jagnic-maja-pokorni-i-marijana-zlatar-gulan\/\" \/>\n<meta property=\"og:locale\" content=\"en_US\" \/>\n<meta property=\"og:type\" content=\"article\" \/>\n<meta property=\"og:title\" content=\"SUDSKE PRESUDE IZ PODRU\u010cJA POREZNOG PRAVA (10C\/2024), Igor Jagni\u0107, Maja Pokorni i Marijana Zlatar Gulan - Web-knji\u017eara\" \/>\n<meta property=\"og:description\" content=\"Cilj je ovog priru\u010dnika na jednom mjestu obuhvatiti prvenstveno pitanja provedbe Op\u0107ega poreznog zakona (OPZ), \u010dime se nu\u017eno zadire i u druge porezne oblike, ali u mjeri u kojoj je to potrebno da bi se prikazalo neko procesno pitanje. Poznato je da je OPZ op\u0107i propis na podru\u010dju poreznog prava, koji se primjenjuje ako nekim [&hellip;]\" \/>\n<meta property=\"og:url\" content=\"https:\/\/webknjizara.hr\/proizvod\/sudske-presude-iz-podrucja-poreznog-prava-10c-2024-igor-jagnic-maja-pokorni-i-marijana-zlatar-gulan\/\" \/>\n<meta property=\"og:site_name\" content=\"Web-knji\u017eara\" \/>\n<meta property=\"article:modified_time\" content=\"2024-10-17T10:48:42+00:00\" \/>\n<meta property=\"og:image\" content=\"https:\/\/webknjizara.hr\/wp-content\/uploads\/2024\/10\/JagnicPokorniGulan_Sudske_presude_iz_podrucja_poreznog_prava__webknjizara_redak_WEB_1622.jpg\" \/>\n\t<meta property=\"og:image:width\" content=\"573\" \/>\n\t<meta property=\"og:image:height\" content=\"800\" \/>\n\t<meta property=\"og:image:type\" content=\"image\/jpeg\" \/>\n<meta name=\"twitter:card\" content=\"summary_large_image\" \/>\n<meta name=\"twitter:label1\" content=\"Est. reading time\" \/>\n\t<meta name=\"twitter:data1\" content=\"1 minute\" \/>\n<script type=\"application\/ld+json\" class=\"yoast-schema-graph\">{\"@context\":\"https:\\\/\\\/schema.org\",\"@graph\":[{\"@type\":\"WebPage\",\"@id\":\"https:\\\/\\\/webknjizara.hr\\\/proizvod\\\/sudske-presude-iz-podrucja-poreznog-prava-10c-2024-igor-jagnic-maja-pokorni-i-marijana-zlatar-gulan\\\/\",\"url\":\"https:\\\/\\\/webknjizara.hr\\\/proizvod\\\/sudske-presude-iz-podrucja-poreznog-prava-10c-2024-igor-jagnic-maja-pokorni-i-marijana-zlatar-gulan\\\/\",\"name\":\"SUDSKE PRESUDE IZ PODRU\u010cJA POREZNOG PRAVA (10C\\\/2024), Igor Jagni\u0107, Maja Pokorni i Marijana Zlatar Gulan - Web-knji\u017eara\",\"isPartOf\":{\"@id\":\"https:\\\/\\\/webknjizara.hr\\\/#website\"},\"primaryImageOfPage\":{\"@id\":\"https:\\\/\\\/webknjizara.hr\\\/proizvod\\\/sudske-presude-iz-podrucja-poreznog-prava-10c-2024-igor-jagnic-maja-pokorni-i-marijana-zlatar-gulan\\\/#primaryimage\"},\"image\":{\"@id\":\"https:\\\/\\\/webknjizara.hr\\\/proizvod\\\/sudske-presude-iz-podrucja-poreznog-prava-10c-2024-igor-jagnic-maja-pokorni-i-marijana-zlatar-gulan\\\/#primaryimage\"},\"thumbnailUrl\":\"https:\\\/\\\/webknjizara.hr\\\/wp-content\\\/uploads\\\/2024\\\/10\\\/JagnicPokorniGulan_Sudske_presude_iz_podrucja_poreznog_prava__webknjizara_redak_WEB_1622.jpg\",\"datePublished\":\"2024-10-17T10:48:41+00:00\",\"dateModified\":\"2024-10-17T10:48:42+00:00\",\"breadcrumb\":{\"@id\":\"https:\\\/\\\/webknjizara.hr\\\/proizvod\\\/sudske-presude-iz-podrucja-poreznog-prava-10c-2024-igor-jagnic-maja-pokorni-i-marijana-zlatar-gulan\\\/#breadcrumb\"},\"inLanguage\":\"en-US\",\"potentialAction\":[{\"@type\":\"ReadAction\",\"target\":[\"https:\\\/\\\/webknjizara.hr\\\/proizvod\\\/sudske-presude-iz-podrucja-poreznog-prava-10c-2024-igor-jagnic-maja-pokorni-i-marijana-zlatar-gulan\\\/\"]}]},{\"@type\":\"ImageObject\",\"inLanguage\":\"en-US\",\"@id\":\"https:\\\/\\\/webknjizara.hr\\\/proizvod\\\/sudske-presude-iz-podrucja-poreznog-prava-10c-2024-igor-jagnic-maja-pokorni-i-marijana-zlatar-gulan\\\/#primaryimage\",\"url\":\"https:\\\/\\\/webknjizara.hr\\\/wp-content\\\/uploads\\\/2024\\\/10\\\/JagnicPokorniGulan_Sudske_presude_iz_podrucja_poreznog_prava__webknjizara_redak_WEB_1622.jpg\",\"contentUrl\":\"https:\\\/\\\/webknjizara.hr\\\/wp-content\\\/uploads\\\/2024\\\/10\\\/JagnicPokorniGulan_Sudske_presude_iz_podrucja_poreznog_prava__webknjizara_redak_WEB_1622.jpg\",\"width\":573,\"height\":800},{\"@type\":\"BreadcrumbList\",\"@id\":\"https:\\\/\\\/webknjizara.hr\\\/proizvod\\\/sudske-presude-iz-podrucja-poreznog-prava-10c-2024-igor-jagnic-maja-pokorni-i-marijana-zlatar-gulan\\\/#breadcrumb\",\"itemListElement\":[{\"@type\":\"ListItem\",\"position\":1,\"name\":\"Po\u010detna stranica\",\"item\":\"https:\\\/\\\/webknjizara.hr\\\/en\\\/\"},{\"@type\":\"ListItem\",\"position\":2,\"name\":\"Shop\",\"item\":\"https:\\\/\\\/webknjizara.hr\\\/shop\\\/\"},{\"@type\":\"ListItem\",\"position\":3,\"name\":\"SUDSKE PRESUDE IZ PODRU\u010cJA POREZNOG PRAVA (10C\\\/2024), Igor Jagni\u0107, Maja Pokorni i Marijana Zlatar Gulan\"}]},{\"@type\":\"WebSite\",\"@id\":\"https:\\\/\\\/webknjizara.hr\\\/#website\",\"url\":\"https:\\\/\\\/webknjizara.hr\\\/\",\"name\":\"Web Knji\u017eara\",\"description\":\"\",\"publisher\":{\"@id\":\"https:\\\/\\\/webknjizara.hr\\\/#organization\"},\"potentialAction\":[{\"@type\":\"SearchAction\",\"target\":{\"@type\":\"EntryPoint\",\"urlTemplate\":\"https:\\\/\\\/webknjizara.hr\\\/?s={search_term_string}\"},\"query-input\":{\"@type\":\"PropertyValueSpecification\",\"valueRequired\":true,\"valueName\":\"search_term_string\"}}],\"inLanguage\":\"en-US\"},{\"@type\":\"Organization\",\"@id\":\"https:\\\/\\\/webknjizara.hr\\\/#organization\",\"name\":\"REDAK D.O.O.\",\"url\":\"https:\\\/\\\/webknjizara.hr\\\/\",\"logo\":{\"@type\":\"ImageObject\",\"inLanguage\":\"en-US\",\"@id\":\"https:\\\/\\\/webknjizara.hr\\\/#\\\/schema\\\/logo\\\/image\\\/\",\"url\":\"https:\\\/\\\/webknjizara.hr\\\/wp-content\\\/uploads\\\/2023\\\/01\\\/web-knjizara-logo.webp\",\"contentUrl\":\"https:\\\/\\\/webknjizara.hr\\\/wp-content\\\/uploads\\\/2023\\\/01\\\/web-knjizara-logo.webp\",\"width\":324,\"height\":79,\"caption\":\"REDAK D.O.O.\"},\"image\":{\"@id\":\"https:\\\/\\\/webknjizara.hr\\\/#\\\/schema\\\/logo\\\/image\\\/\"}}]}<\/script>\n<!-- \/ Yoast SEO plugin. -->","yoast_head_json":{"title":"SUDSKE PRESUDE IZ PODRU\u010cJA POREZNOG PRAVA (10C\/2024), Igor Jagni\u0107, Maja Pokorni i Marijana Zlatar Gulan - Web-knji\u017eara","robots":{"index":"index","follow":"follow","max-snippet":"max-snippet:-1","max-image-preview":"max-image-preview:large","max-video-preview":"max-video-preview:-1"},"canonical":"https:\/\/webknjizara.hr\/proizvod\/sudske-presude-iz-podrucja-poreznog-prava-10c-2024-igor-jagnic-maja-pokorni-i-marijana-zlatar-gulan\/","og_locale":"en_US","og_type":"article","og_title":"SUDSKE PRESUDE IZ PODRU\u010cJA POREZNOG PRAVA (10C\/2024), Igor Jagni\u0107, Maja Pokorni i Marijana Zlatar Gulan - Web-knji\u017eara","og_description":"Cilj je ovog priru\u010dnika na jednom mjestu obuhvatiti prvenstveno pitanja provedbe Op\u0107ega poreznog zakona (OPZ), \u010dime se nu\u017eno zadire i u druge porezne oblike, ali u mjeri u kojoj je to potrebno da bi se prikazalo neko procesno pitanje. Poznato je da je OPZ op\u0107i propis na podru\u010dju poreznog prava, koji se primjenjuje ako nekim [&hellip;]","og_url":"https:\/\/webknjizara.hr\/proizvod\/sudske-presude-iz-podrucja-poreznog-prava-10c-2024-igor-jagnic-maja-pokorni-i-marijana-zlatar-gulan\/","og_site_name":"Web-knji\u017eara","article_modified_time":"2024-10-17T10:48:42+00:00","og_image":[{"width":573,"height":800,"url":"https:\/\/webknjizara.hr\/wp-content\/uploads\/2024\/10\/JagnicPokorniGulan_Sudske_presude_iz_podrucja_poreznog_prava__webknjizara_redak_WEB_1622.jpg","type":"image\/jpeg"}],"twitter_card":"summary_large_image","twitter_misc":{"Est. reading time":"1 minute"},"schema":{"@context":"https:\/\/schema.org","@graph":[{"@type":"WebPage","@id":"https:\/\/webknjizara.hr\/proizvod\/sudske-presude-iz-podrucja-poreznog-prava-10c-2024-igor-jagnic-maja-pokorni-i-marijana-zlatar-gulan\/","url":"https:\/\/webknjizara.hr\/proizvod\/sudske-presude-iz-podrucja-poreznog-prava-10c-2024-igor-jagnic-maja-pokorni-i-marijana-zlatar-gulan\/","name":"SUDSKE PRESUDE IZ PODRU\u010cJA POREZNOG PRAVA (10C\/2024), Igor Jagni\u0107, Maja Pokorni i Marijana Zlatar Gulan - Web-knji\u017eara","isPartOf":{"@id":"https:\/\/webknjizara.hr\/#website"},"primaryImageOfPage":{"@id":"https:\/\/webknjizara.hr\/proizvod\/sudske-presude-iz-podrucja-poreznog-prava-10c-2024-igor-jagnic-maja-pokorni-i-marijana-zlatar-gulan\/#primaryimage"},"image":{"@id":"https:\/\/webknjizara.hr\/proizvod\/sudske-presude-iz-podrucja-poreznog-prava-10c-2024-igor-jagnic-maja-pokorni-i-marijana-zlatar-gulan\/#primaryimage"},"thumbnailUrl":"https:\/\/webknjizara.hr\/wp-content\/uploads\/2024\/10\/JagnicPokorniGulan_Sudske_presude_iz_podrucja_poreznog_prava__webknjizara_redak_WEB_1622.jpg","datePublished":"2024-10-17T10:48:41+00:00","dateModified":"2024-10-17T10:48:42+00:00","breadcrumb":{"@id":"https:\/\/webknjizara.hr\/proizvod\/sudske-presude-iz-podrucja-poreznog-prava-10c-2024-igor-jagnic-maja-pokorni-i-marijana-zlatar-gulan\/#breadcrumb"},"inLanguage":"en-US","potentialAction":[{"@type":"ReadAction","target":["https:\/\/webknjizara.hr\/proizvod\/sudske-presude-iz-podrucja-poreznog-prava-10c-2024-igor-jagnic-maja-pokorni-i-marijana-zlatar-gulan\/"]}]},{"@type":"ImageObject","inLanguage":"en-US","@id":"https:\/\/webknjizara.hr\/proizvod\/sudske-presude-iz-podrucja-poreznog-prava-10c-2024-igor-jagnic-maja-pokorni-i-marijana-zlatar-gulan\/#primaryimage","url":"https:\/\/webknjizara.hr\/wp-content\/uploads\/2024\/10\/JagnicPokorniGulan_Sudske_presude_iz_podrucja_poreznog_prava__webknjizara_redak_WEB_1622.jpg","contentUrl":"https:\/\/webknjizara.hr\/wp-content\/uploads\/2024\/10\/JagnicPokorniGulan_Sudske_presude_iz_podrucja_poreznog_prava__webknjizara_redak_WEB_1622.jpg","width":573,"height":800},{"@type":"BreadcrumbList","@id":"https:\/\/webknjizara.hr\/proizvod\/sudske-presude-iz-podrucja-poreznog-prava-10c-2024-igor-jagnic-maja-pokorni-i-marijana-zlatar-gulan\/#breadcrumb","itemListElement":[{"@type":"ListItem","position":1,"name":"Po\u010detna stranica","item":"https:\/\/webknjizara.hr\/en\/"},{"@type":"ListItem","position":2,"name":"Shop","item":"https:\/\/webknjizara.hr\/shop\/"},{"@type":"ListItem","position":3,"name":"SUDSKE PRESUDE IZ PODRU\u010cJA POREZNOG PRAVA (10C\/2024), Igor Jagni\u0107, Maja Pokorni i Marijana Zlatar Gulan"}]},{"@type":"WebSite","@id":"https:\/\/webknjizara.hr\/#website","url":"https:\/\/webknjizara.hr\/","name":"Web Knji\u017eara","description":"","publisher":{"@id":"https:\/\/webknjizara.hr\/#organization"},"potentialAction":[{"@type":"SearchAction","target":{"@type":"EntryPoint","urlTemplate":"https:\/\/webknjizara.hr\/?s={search_term_string}"},"query-input":{"@type":"PropertyValueSpecification","valueRequired":true,"valueName":"search_term_string"}}],"inLanguage":"en-US"},{"@type":"Organization","@id":"https:\/\/webknjizara.hr\/#organization","name":"REDAK D.O.O.","url":"https:\/\/webknjizara.hr\/","logo":{"@type":"ImageObject","inLanguage":"en-US","@id":"https:\/\/webknjizara.hr\/#\/schema\/logo\/image\/","url":"https:\/\/webknjizara.hr\/wp-content\/uploads\/2023\/01\/web-knjizara-logo.webp","contentUrl":"https:\/\/webknjizara.hr\/wp-content\/uploads\/2023\/01\/web-knjizara-logo.webp","width":324,"height":79,"caption":"REDAK D.O.O."},"image":{"@id":"https:\/\/webknjizara.hr\/#\/schema\/logo\/image\/"}}]}},"_links":{"self":[{"href":"https:\/\/webknjizara.hr\/en\/wp-json\/wp\/v2\/product\/17931","targetHints":{"allow":["GET"]}}],"collection":[{"href":"https:\/\/webknjizara.hr\/en\/wp-json\/wp\/v2\/product"}],"about":[{"href":"https:\/\/webknjizara.hr\/en\/wp-json\/wp\/v2\/types\/product"}],"replies":[{"embeddable":true,"href":"https:\/\/webknjizara.hr\/en\/wp-json\/wp\/v2\/comments?post=17931"}],"wp:featuredmedia":[{"embeddable":true,"href":"https:\/\/webknjizara.hr\/en\/wp-json\/wp\/v2\/media\/17932"}],"wp:attachment":[{"href":"https:\/\/webknjizara.hr\/en\/wp-json\/wp\/v2\/media?parent=17931"}],"wp:term":[{"taxonomy":"product_brand","embeddable":true,"href":"https:\/\/webknjizara.hr\/en\/wp-json\/wp\/v2\/product_brand?post=17931"},{"taxonomy":"product_cat","embeddable":true,"href":"https:\/\/webknjizara.hr\/en\/wp-json\/wp\/v2\/product_cat?post=17931"},{"taxonomy":"product_tag","embeddable":true,"href":"https:\/\/webknjizara.hr\/en\/wp-json\/wp\/v2\/product_tag?post=17931"}],"curies":[{"name":"wp","href":"https:\/\/api.w.org\/{rel}","templated":true}]}}