{"id":17875,"date":"2024-10-10T17:20:43","date_gmt":"2024-10-10T15:20:43","guid":{"rendered":"https:\/\/webknjizara.hr\/?post_type=product&#038;p=17875"},"modified":"2024-10-10T17:21:30","modified_gmt":"2024-10-10T15:21:30","slug":"primjena-ugovora-o-izbjegavanju-dvostrukog-oporezivanja-prilikom-oporezivanja-dohotka-ostvarenog-u-inozemstvu-10a-2024-dalibor-legac-i-andreja-sertic-tomicek","status":"publish","type":"product","link":"https:\/\/webknjizara.hr\/en\/proizvod\/primjena-ugovora-o-izbjegavanju-dvostrukog-oporezivanja-prilikom-oporezivanja-dohotka-ostvarenog-u-inozemstvu-10a-2024-dalibor-legac-i-andreja-sertic-tomicek\/","title":{"rendered":"PRIMJENA UGOVORA O IZBJEGAVANJU DVOSTRUKOG OPOREZIVANJA PRILIKOM OPOREZIVANJA DOHOTKA OSTVARENOG U INOZEMSTVU (10A\/2024), Dalibor Legac i Andreja Serti\u0107 Tomi\u010dek"},"content":{"rendered":"<p><span lang=\"hr-HR\">Svrha je ovog priru\u010dnika omogu\u0107iti poreznim obveznicima, znanstvenoj javnosti i djelatnicima Porezne uprave (PU) \u0161to jednostavnije i u\u010dinkovitije primjenjivanje odredbi me\u0111unarodnih ugovora o izbjegavanju dvostrukog oporezivanja koje je Republika Hrvatska (RH) sklopila s drugim dr\u017eavama, prilikom oporezivanja fizi\u010dkih osoba \u2013 rezidenata i nerezidenata.<\/span><\/p>\n<p><span lang=\"hr-HR\">Priru\u010dniku je cilj olak\u0161ati razumijevanje, tuma\u010denje i primjenu odredbi primjenjivih ugovora o izbjegavanju dvostrukog oporezivanja RH, prvenstveno djelatnicima PU-a, me\u0111utim i poreznim prakti\u010darima i poreznim obveznicima koji se u svom poslovanju ali i u svakodnevnom \u017eivotu s njima susre\u0107u.<\/span><\/p>\n<p><span style=\"font-family: Arial, sans-serif;\"><span lang=\"hr-HR\"><b>E-mail: <\/b><\/span><\/span><a href=\"http:\/\/MAILTO:martina.fabris@ijf.hr\" target=\"_blank\" rel=\"noopener\"><span style=\"color: #000000;\">Kontakt autora<\/span><\/a><\/p>\n<p>&nbsp;<\/p>\n<p><strong><span style=\"font-family: Arial, sans-serif;\"><span lang=\"hr-HR\">Naslov: <\/span><\/span><\/strong><strong><span style=\"font-family: Arial, sans-serif;\">Primjena ugovora o izbjegavanju dvostrukog oporezivanja prilikom oporezivanja dohotka ostvarenog u inozemstvu (10a\/2024)<\/span><\/strong><span style=\"font-family: Arial, sans-serif;\"><span lang=\"hr-HR\"><br \/>\n<\/span><\/span><strong><span style=\"font-family: Arial, sans-serif;\"><span lang=\"hr-HR\">Autor\/autorica:<\/span><\/span><\/strong> <span style=\"font-family: Arial, sans-serif;\">Dalibor Legac i Andreja Serti\u0107 Tomi\u010dek<\/span><span style=\"font-family: Arial, sans-serif;\"><span lang=\"hr-HR\"><br \/>\n<\/span><\/span><strong><span style=\"font-family: Arial, sans-serif;\"><span lang=\"hr-HR\">Broj stranica: <\/span><\/span><\/strong><span style=\"font-family: Arial, sans-serif;\"><span lang=\"\">524<\/span><\/span><span style=\"font-family: Arial, sans-serif;\"><span lang=\"hr-HR\"><br \/>\n<\/span><\/span><strong><span style=\"font-family: Arial, sans-serif;\"><span lang=\"hr-HR\">Nakladnik: <\/span><\/span><\/strong><strong><span style=\"font-family: Arial, sans-serif;\">Institut za javne financije, Zagreb<\/span><\/strong><span style=\"font-family: Arial, sans-serif;\"><span lang=\"hr-HR\"><br \/>\n<\/span><\/span><strong><span style=\"font-family: Arial, sans-serif;\"><span lang=\"hr-HR\">Godina izdanja: <\/span><\/span><\/strong><strong><span style=\"font-family: Arial, sans-serif;\">2024.<\/span><\/strong><strong><span style=\"font-family: Arial, sans-serif;\"><span lang=\"hr-HR\"><br \/>\n<\/span><\/span><\/strong><strong><span style=\"font-family: Arial, sans-serif;\">ISBN:<\/span><\/strong><span style=\"font-family: Arial, sans-serif;\"> ISSN 1333-073X<br \/>\n<\/span><strong><span style=\"font-family: Arial, sans-serif;\">Tisak:<\/span><\/strong><span style=\"font-family: Arial, sans-serif;\"> digitalni tisak knjiga &#8211; print na zahtjev<\/span><\/p>\n","protected":false},"excerpt":{"rendered":"<p>Svrha je ovog priru\u010dnika omogu\u0107iti poreznim obveznicima, znanstvenoj javnosti i djelatnicima Porezne uprave (PU) \u0161to jednostavnije i u\u010dinkovitije primjenjivanje odredbi me\u0111unarodnih ugovora o izbjegavanju dvostrukog oporezivanja koje je Republika Hrvatska (RH) sklopila s drugim dr\u017eavama, prilikom oporezivanja fizi\u010dkih osoba \u2013 rezidenata i nerezidenata. Priru\u010dniku je cilj olak\u0161ati razumijevanje, tuma\u010denje i primjenu odredbi primjenjivih ugovora o [&hellip;]<\/p>\n","protected":false},"featured_media":17876,"comment_status":"open","ping_status":"closed","template":"","meta":{"_acf_changed":false},"product_brand":[],"product_cat":[2508,2425,1384],"product_tag":[],"class_list":{"0":"post-17875","1":"product","2":"type-product","3":"status-publish","4":"has-post-thumbnail","6":"product_cat-institut-za-javne-financije","7":"product_cat-znanstveno-strucne-publikacije","8":"product_cat-ekonomija","9":"pa_autor-andreja-sertic-tomicek","10":"pa_autor-dalibor-legac","11":"pa_nakladnik-institut-za-javne-financije-zagreb","13":"first","14":"instock","15":"shipping-taxable","16":"purchasable","17":"product-type-simple"},"acf":[],"yoast_head":"<!-- This site is optimized with the Yoast SEO plugin v27.3 - https:\/\/yoast.com\/product\/yoast-seo-wordpress\/ -->\n<title>PRIMJENA UGOVORA O IZBJEGAVANJU DVOSTRUKOG OPOREZIVANJA PRILIKOM OPOREZIVANJA DOHOTKA OSTVARENOG U INOZEMSTVU (10A\/2024), Dalibor Legac i Andreja Serti\u0107 Tomi\u010dek - Web-knji\u017eara<\/title>\n<meta name=\"robots\" content=\"index, follow, max-snippet:-1, max-image-preview:large, max-video-preview:-1\" \/>\n<link rel=\"canonical\" href=\"https:\/\/webknjizara.hr\/proizvod\/primjena-ugovora-o-izbjegavanju-dvostrukog-oporezivanja-prilikom-oporezivanja-dohotka-ostvarenog-u-inozemstvu-10a-2024-dalibor-legac-i-andreja-sertic-tomicek\/\" \/>\n<meta property=\"og:locale\" content=\"en_US\" \/>\n<meta property=\"og:type\" content=\"article\" \/>\n<meta property=\"og:title\" content=\"PRIMJENA UGOVORA O IZBJEGAVANJU DVOSTRUKOG OPOREZIVANJA PRILIKOM OPOREZIVANJA DOHOTKA OSTVARENOG U INOZEMSTVU (10A\/2024), Dalibor Legac i Andreja Serti\u0107 Tomi\u010dek - Web-knji\u017eara\" \/>\n<meta property=\"og:description\" content=\"Svrha je ovog priru\u010dnika omogu\u0107iti poreznim obveznicima, znanstvenoj javnosti i djelatnicima Porezne uprave (PU) \u0161to jednostavnije i u\u010dinkovitije primjenjivanje odredbi me\u0111unarodnih ugovora o izbjegavanju dvostrukog oporezivanja koje je Republika Hrvatska (RH) sklopila s drugim dr\u017eavama, prilikom oporezivanja fizi\u010dkih osoba \u2013 rezidenata i nerezidenata. Priru\u010dniku je cilj olak\u0161ati razumijevanje, tuma\u010denje i primjenu odredbi primjenjivih ugovora o [&hellip;]\" \/>\n<meta property=\"og:url\" content=\"https:\/\/webknjizara.hr\/proizvod\/primjena-ugovora-o-izbjegavanju-dvostrukog-oporezivanja-prilikom-oporezivanja-dohotka-ostvarenog-u-inozemstvu-10a-2024-dalibor-legac-i-andreja-sertic-tomicek\/\" \/>\n<meta property=\"og:site_name\" content=\"Web-knji\u017eara\" \/>\n<meta property=\"article:modified_time\" content=\"2024-10-10T15:21:30+00:00\" \/>\n<meta property=\"og:image\" content=\"https:\/\/webknjizara.hr\/wp-content\/uploads\/2024\/10\/L1149N_R.jpg\" \/>\n\t<meta property=\"og:image:width\" content=\"573\" \/>\n\t<meta property=\"og:image:height\" content=\"800\" \/>\n\t<meta property=\"og:image:type\" content=\"image\/jpeg\" \/>\n<meta name=\"twitter:card\" content=\"summary_large_image\" \/>\n<meta name=\"twitter:label1\" content=\"Est. reading time\" \/>\n\t<meta name=\"twitter:data1\" content=\"1 minute\" \/>\n<script type=\"application\/ld+json\" class=\"yoast-schema-graph\">{\"@context\":\"https:\\\/\\\/schema.org\",\"@graph\":[{\"@type\":\"WebPage\",\"@id\":\"https:\\\/\\\/webknjizara.hr\\\/proizvod\\\/primjena-ugovora-o-izbjegavanju-dvostrukog-oporezivanja-prilikom-oporezivanja-dohotka-ostvarenog-u-inozemstvu-10a-2024-dalibor-legac-i-andreja-sertic-tomicek\\\/\",\"url\":\"https:\\\/\\\/webknjizara.hr\\\/proizvod\\\/primjena-ugovora-o-izbjegavanju-dvostrukog-oporezivanja-prilikom-oporezivanja-dohotka-ostvarenog-u-inozemstvu-10a-2024-dalibor-legac-i-andreja-sertic-tomicek\\\/\",\"name\":\"PRIMJENA UGOVORA O IZBJEGAVANJU DVOSTRUKOG OPOREZIVANJA PRILIKOM OPOREZIVANJA DOHOTKA OSTVARENOG U INOZEMSTVU (10A\\\/2024), Dalibor Legac i Andreja Serti\u0107 Tomi\u010dek - Web-knji\u017eara\",\"isPartOf\":{\"@id\":\"https:\\\/\\\/webknjizara.hr\\\/#website\"},\"primaryImageOfPage\":{\"@id\":\"https:\\\/\\\/webknjizara.hr\\\/proizvod\\\/primjena-ugovora-o-izbjegavanju-dvostrukog-oporezivanja-prilikom-oporezivanja-dohotka-ostvarenog-u-inozemstvu-10a-2024-dalibor-legac-i-andreja-sertic-tomicek\\\/#primaryimage\"},\"image\":{\"@id\":\"https:\\\/\\\/webknjizara.hr\\\/proizvod\\\/primjena-ugovora-o-izbjegavanju-dvostrukog-oporezivanja-prilikom-oporezivanja-dohotka-ostvarenog-u-inozemstvu-10a-2024-dalibor-legac-i-andreja-sertic-tomicek\\\/#primaryimage\"},\"thumbnailUrl\":\"https:\\\/\\\/webknjizara.hr\\\/wp-content\\\/uploads\\\/2024\\\/10\\\/L1149N_R.jpg\",\"datePublished\":\"2024-10-10T15:20:43+00:00\",\"dateModified\":\"2024-10-10T15:21:30+00:00\",\"breadcrumb\":{\"@id\":\"https:\\\/\\\/webknjizara.hr\\\/proizvod\\\/primjena-ugovora-o-izbjegavanju-dvostrukog-oporezivanja-prilikom-oporezivanja-dohotka-ostvarenog-u-inozemstvu-10a-2024-dalibor-legac-i-andreja-sertic-tomicek\\\/#breadcrumb\"},\"inLanguage\":\"en-US\",\"potentialAction\":[{\"@type\":\"ReadAction\",\"target\":[\"https:\\\/\\\/webknjizara.hr\\\/proizvod\\\/primjena-ugovora-o-izbjegavanju-dvostrukog-oporezivanja-prilikom-oporezivanja-dohotka-ostvarenog-u-inozemstvu-10a-2024-dalibor-legac-i-andreja-sertic-tomicek\\\/\"]}]},{\"@type\":\"ImageObject\",\"inLanguage\":\"en-US\",\"@id\":\"https:\\\/\\\/webknjizara.hr\\\/proizvod\\\/primjena-ugovora-o-izbjegavanju-dvostrukog-oporezivanja-prilikom-oporezivanja-dohotka-ostvarenog-u-inozemstvu-10a-2024-dalibor-legac-i-andreja-sertic-tomicek\\\/#primaryimage\",\"url\":\"https:\\\/\\\/webknjizara.hr\\\/wp-content\\\/uploads\\\/2024\\\/10\\\/L1149N_R.jpg\",\"contentUrl\":\"https:\\\/\\\/webknjizara.hr\\\/wp-content\\\/uploads\\\/2024\\\/10\\\/L1149N_R.jpg\",\"width\":573,\"height\":800},{\"@type\":\"BreadcrumbList\",\"@id\":\"https:\\\/\\\/webknjizara.hr\\\/proizvod\\\/primjena-ugovora-o-izbjegavanju-dvostrukog-oporezivanja-prilikom-oporezivanja-dohotka-ostvarenog-u-inozemstvu-10a-2024-dalibor-legac-i-andreja-sertic-tomicek\\\/#breadcrumb\",\"itemListElement\":[{\"@type\":\"ListItem\",\"position\":1,\"name\":\"Po\u010detna stranica\",\"item\":\"https:\\\/\\\/webknjizara.hr\\\/en\\\/\"},{\"@type\":\"ListItem\",\"position\":2,\"name\":\"Shop\",\"item\":\"https:\\\/\\\/webknjizara.hr\\\/shop\\\/\"},{\"@type\":\"ListItem\",\"position\":3,\"name\":\"PRIMJENA UGOVORA O IZBJEGAVANJU DVOSTRUKOG OPOREZIVANJA PRILIKOM OPOREZIVANJA DOHOTKA OSTVARENOG U INOZEMSTVU (10A\\\/2024), Dalibor Legac i Andreja Serti\u0107 Tomi\u010dek\"}]},{\"@type\":\"WebSite\",\"@id\":\"https:\\\/\\\/webknjizara.hr\\\/#website\",\"url\":\"https:\\\/\\\/webknjizara.hr\\\/\",\"name\":\"Web Knji\u017eara\",\"description\":\"\",\"publisher\":{\"@id\":\"https:\\\/\\\/webknjizara.hr\\\/#organization\"},\"potentialAction\":[{\"@type\":\"SearchAction\",\"target\":{\"@type\":\"EntryPoint\",\"urlTemplate\":\"https:\\\/\\\/webknjizara.hr\\\/?s={search_term_string}\"},\"query-input\":{\"@type\":\"PropertyValueSpecification\",\"valueRequired\":true,\"valueName\":\"search_term_string\"}}],\"inLanguage\":\"en-US\"},{\"@type\":\"Organization\",\"@id\":\"https:\\\/\\\/webknjizara.hr\\\/#organization\",\"name\":\"REDAK D.O.O.\",\"url\":\"https:\\\/\\\/webknjizara.hr\\\/\",\"logo\":{\"@type\":\"ImageObject\",\"inLanguage\":\"en-US\",\"@id\":\"https:\\\/\\\/webknjizara.hr\\\/#\\\/schema\\\/logo\\\/image\\\/\",\"url\":\"https:\\\/\\\/webknjizara.hr\\\/wp-content\\\/uploads\\\/2023\\\/01\\\/web-knjizara-logo.webp\",\"contentUrl\":\"https:\\\/\\\/webknjizara.hr\\\/wp-content\\\/uploads\\\/2023\\\/01\\\/web-knjizara-logo.webp\",\"width\":324,\"height\":79,\"caption\":\"REDAK D.O.O.\"},\"image\":{\"@id\":\"https:\\\/\\\/webknjizara.hr\\\/#\\\/schema\\\/logo\\\/image\\\/\"}}]}<\/script>\n<!-- \/ Yoast SEO plugin. -->","yoast_head_json":{"title":"PRIMJENA UGOVORA O IZBJEGAVANJU DVOSTRUKOG OPOREZIVANJA PRILIKOM OPOREZIVANJA DOHOTKA OSTVARENOG U INOZEMSTVU (10A\/2024), Dalibor Legac i Andreja Serti\u0107 Tomi\u010dek - Web-knji\u017eara","robots":{"index":"index","follow":"follow","max-snippet":"max-snippet:-1","max-image-preview":"max-image-preview:large","max-video-preview":"max-video-preview:-1"},"canonical":"https:\/\/webknjizara.hr\/proizvod\/primjena-ugovora-o-izbjegavanju-dvostrukog-oporezivanja-prilikom-oporezivanja-dohotka-ostvarenog-u-inozemstvu-10a-2024-dalibor-legac-i-andreja-sertic-tomicek\/","og_locale":"en_US","og_type":"article","og_title":"PRIMJENA UGOVORA O IZBJEGAVANJU DVOSTRUKOG OPOREZIVANJA PRILIKOM OPOREZIVANJA DOHOTKA OSTVARENOG U INOZEMSTVU (10A\/2024), Dalibor Legac i Andreja Serti\u0107 Tomi\u010dek - Web-knji\u017eara","og_description":"Svrha je ovog priru\u010dnika omogu\u0107iti poreznim obveznicima, znanstvenoj javnosti i djelatnicima Porezne uprave (PU) \u0161to jednostavnije i u\u010dinkovitije primjenjivanje odredbi me\u0111unarodnih ugovora o izbjegavanju dvostrukog oporezivanja koje je Republika Hrvatska (RH) sklopila s drugim dr\u017eavama, prilikom oporezivanja fizi\u010dkih osoba \u2013 rezidenata i nerezidenata. Priru\u010dniku je cilj olak\u0161ati razumijevanje, tuma\u010denje i primjenu odredbi primjenjivih ugovora o [&hellip;]","og_url":"https:\/\/webknjizara.hr\/proizvod\/primjena-ugovora-o-izbjegavanju-dvostrukog-oporezivanja-prilikom-oporezivanja-dohotka-ostvarenog-u-inozemstvu-10a-2024-dalibor-legac-i-andreja-sertic-tomicek\/","og_site_name":"Web-knji\u017eara","article_modified_time":"2024-10-10T15:21:30+00:00","og_image":[{"width":573,"height":800,"url":"https:\/\/webknjizara.hr\/wp-content\/uploads\/2024\/10\/L1149N_R.jpg","type":"image\/jpeg"}],"twitter_card":"summary_large_image","twitter_misc":{"Est. reading time":"1 minute"},"schema":{"@context":"https:\/\/schema.org","@graph":[{"@type":"WebPage","@id":"https:\/\/webknjizara.hr\/proizvod\/primjena-ugovora-o-izbjegavanju-dvostrukog-oporezivanja-prilikom-oporezivanja-dohotka-ostvarenog-u-inozemstvu-10a-2024-dalibor-legac-i-andreja-sertic-tomicek\/","url":"https:\/\/webknjizara.hr\/proizvod\/primjena-ugovora-o-izbjegavanju-dvostrukog-oporezivanja-prilikom-oporezivanja-dohotka-ostvarenog-u-inozemstvu-10a-2024-dalibor-legac-i-andreja-sertic-tomicek\/","name":"PRIMJENA UGOVORA O IZBJEGAVANJU DVOSTRUKOG OPOREZIVANJA PRILIKOM OPOREZIVANJA DOHOTKA OSTVARENOG U INOZEMSTVU (10A\/2024), Dalibor Legac i Andreja Serti\u0107 Tomi\u010dek - Web-knji\u017eara","isPartOf":{"@id":"https:\/\/webknjizara.hr\/#website"},"primaryImageOfPage":{"@id":"https:\/\/webknjizara.hr\/proizvod\/primjena-ugovora-o-izbjegavanju-dvostrukog-oporezivanja-prilikom-oporezivanja-dohotka-ostvarenog-u-inozemstvu-10a-2024-dalibor-legac-i-andreja-sertic-tomicek\/#primaryimage"},"image":{"@id":"https:\/\/webknjizara.hr\/proizvod\/primjena-ugovora-o-izbjegavanju-dvostrukog-oporezivanja-prilikom-oporezivanja-dohotka-ostvarenog-u-inozemstvu-10a-2024-dalibor-legac-i-andreja-sertic-tomicek\/#primaryimage"},"thumbnailUrl":"https:\/\/webknjizara.hr\/wp-content\/uploads\/2024\/10\/L1149N_R.jpg","datePublished":"2024-10-10T15:20:43+00:00","dateModified":"2024-10-10T15:21:30+00:00","breadcrumb":{"@id":"https:\/\/webknjizara.hr\/proizvod\/primjena-ugovora-o-izbjegavanju-dvostrukog-oporezivanja-prilikom-oporezivanja-dohotka-ostvarenog-u-inozemstvu-10a-2024-dalibor-legac-i-andreja-sertic-tomicek\/#breadcrumb"},"inLanguage":"en-US","potentialAction":[{"@type":"ReadAction","target":["https:\/\/webknjizara.hr\/proizvod\/primjena-ugovora-o-izbjegavanju-dvostrukog-oporezivanja-prilikom-oporezivanja-dohotka-ostvarenog-u-inozemstvu-10a-2024-dalibor-legac-i-andreja-sertic-tomicek\/"]}]},{"@type":"ImageObject","inLanguage":"en-US","@id":"https:\/\/webknjizara.hr\/proizvod\/primjena-ugovora-o-izbjegavanju-dvostrukog-oporezivanja-prilikom-oporezivanja-dohotka-ostvarenog-u-inozemstvu-10a-2024-dalibor-legac-i-andreja-sertic-tomicek\/#primaryimage","url":"https:\/\/webknjizara.hr\/wp-content\/uploads\/2024\/10\/L1149N_R.jpg","contentUrl":"https:\/\/webknjizara.hr\/wp-content\/uploads\/2024\/10\/L1149N_R.jpg","width":573,"height":800},{"@type":"BreadcrumbList","@id":"https:\/\/webknjizara.hr\/proizvod\/primjena-ugovora-o-izbjegavanju-dvostrukog-oporezivanja-prilikom-oporezivanja-dohotka-ostvarenog-u-inozemstvu-10a-2024-dalibor-legac-i-andreja-sertic-tomicek\/#breadcrumb","itemListElement":[{"@type":"ListItem","position":1,"name":"Po\u010detna stranica","item":"https:\/\/webknjizara.hr\/en\/"},{"@type":"ListItem","position":2,"name":"Shop","item":"https:\/\/webknjizara.hr\/shop\/"},{"@type":"ListItem","position":3,"name":"PRIMJENA UGOVORA O IZBJEGAVANJU DVOSTRUKOG OPOREZIVANJA PRILIKOM OPOREZIVANJA DOHOTKA OSTVARENOG U INOZEMSTVU (10A\/2024), Dalibor Legac i Andreja Serti\u0107 Tomi\u010dek"}]},{"@type":"WebSite","@id":"https:\/\/webknjizara.hr\/#website","url":"https:\/\/webknjizara.hr\/","name":"Web Knji\u017eara","description":"","publisher":{"@id":"https:\/\/webknjizara.hr\/#organization"},"potentialAction":[{"@type":"SearchAction","target":{"@type":"EntryPoint","urlTemplate":"https:\/\/webknjizara.hr\/?s={search_term_string}"},"query-input":{"@type":"PropertyValueSpecification","valueRequired":true,"valueName":"search_term_string"}}],"inLanguage":"en-US"},{"@type":"Organization","@id":"https:\/\/webknjizara.hr\/#organization","name":"REDAK D.O.O.","url":"https:\/\/webknjizara.hr\/","logo":{"@type":"ImageObject","inLanguage":"en-US","@id":"https:\/\/webknjizara.hr\/#\/schema\/logo\/image\/","url":"https:\/\/webknjizara.hr\/wp-content\/uploads\/2023\/01\/web-knjizara-logo.webp","contentUrl":"https:\/\/webknjizara.hr\/wp-content\/uploads\/2023\/01\/web-knjizara-logo.webp","width":324,"height":79,"caption":"REDAK D.O.O."},"image":{"@id":"https:\/\/webknjizara.hr\/#\/schema\/logo\/image\/"}}]}},"_links":{"self":[{"href":"https:\/\/webknjizara.hr\/en\/wp-json\/wp\/v2\/product\/17875","targetHints":{"allow":["GET"]}}],"collection":[{"href":"https:\/\/webknjizara.hr\/en\/wp-json\/wp\/v2\/product"}],"about":[{"href":"https:\/\/webknjizara.hr\/en\/wp-json\/wp\/v2\/types\/product"}],"replies":[{"embeddable":true,"href":"https:\/\/webknjizara.hr\/en\/wp-json\/wp\/v2\/comments?post=17875"}],"wp:featuredmedia":[{"embeddable":true,"href":"https:\/\/webknjizara.hr\/en\/wp-json\/wp\/v2\/media\/17876"}],"wp:attachment":[{"href":"https:\/\/webknjizara.hr\/en\/wp-json\/wp\/v2\/media?parent=17875"}],"wp:term":[{"taxonomy":"product_brand","embeddable":true,"href":"https:\/\/webknjizara.hr\/en\/wp-json\/wp\/v2\/product_brand?post=17875"},{"taxonomy":"product_cat","embeddable":true,"href":"https:\/\/webknjizara.hr\/en\/wp-json\/wp\/v2\/product_cat?post=17875"},{"taxonomy":"product_tag","embeddable":true,"href":"https:\/\/webknjizara.hr\/en\/wp-json\/wp\/v2\/product_tag?post=17875"}],"curies":[{"name":"wp","href":"https:\/\/api.w.org\/{rel}","templated":true}]}}